{"id":3396,"date":"2021-01-07T10:43:37","date_gmt":"2021-01-07T10:43:37","guid":{"rendered":"https:\/\/mumablue.com\/blog\/?page_id=3396"},"modified":"2025-06-03T08:28:49","modified_gmt":"2025-06-03T08:28:49","slug":"adivinanza-con-rimas-para-ninos-seres-fantasticos","status":"publish","type":"page","link":"https:\/\/www.mumablue.com\/blog\/adivinanza-con-rimas-para-ninos-seres-fantasticos\/","title":{"rendered":"Adivinanza con rimas para ni\u00f1os de seres fant\u00e1sticos"},"content":{"rendered":"<p><img decoding=\"async\" loading=\"lazy\" class=\"alignnone wp-image-3397 size-full\" src=\"https:\/\/www.mumablue.com\/blog\/wp-content\/uploads\/2021\/01\/Adivinanza-de-fantas\u00eda.jpg\" alt=\"Adivinanza con rimas para ni\u00f1os\" width=\"500\" height=\"500\" srcset=\"https:\/\/www.mumablue.com\/blog\/wp-content\/uploads\/2021\/01\/Adivinanza-de-fantas\u00eda.jpg 500w, https:\/\/www.mumablue.com\/blog\/wp-content\/uploads\/2021\/01\/Adivinanza-de-fantas\u00eda-300x300.jpg 300w, https:\/\/www.mumablue.com\/blog\/wp-content\/uploads\/2021\/01\/Adivinanza-de-fantas\u00eda-150x150.jpg 150w\" sizes=\"(max-width: 500px) 100vw, 500px\" \/><\/p>\n<p>Esta adivinanza con rimas para ni\u00f1os no s\u00f3lo supone un reto para los m\u00e1s peque\u00f1os y re\u00fane el atractivo del verso, sino que adem\u00e1s se centra en esos seres de fantas\u00eda que despiertan la imaginaci\u00f3n de los m\u00e1s peque\u00f1os. \u00abAdivinanza fant\u00e1stica\u00bb <strong>no es una \u00fanica adivinanza: es una concatenaci\u00f3n de acertijos<\/strong> donde ni\u00f1os y ni\u00f1as jugar\u00e1n a descubrir hadas, gnomos, unicornios, duendes, brujas, sirenas, dragones&#8230; \u00a1e, incluso, ogros!<\/p>\n<p>Se trata de un poema de arte menor, compuesto por cuartetas, donde <strong>cada respuesta rima con uno de los versos del acertijo<\/strong>, lo que hace mas sencillo resolver cada una de estas adivinanzas independientes que, adem\u00e1s, conforman una historia. \u00bfOs atrev\u00e9is, peque\u00f1os? \u00a1Ser\u00e1 divertido y educativo!<\/p>\n<h2 style=\"text-align: center;\">Adivinanza fant\u00e1stica<\/h2>\n<p style=\"text-align: center;\">Te pido que me acompa\u00f1es<br \/>\na un mundo de fantas\u00eda<br \/>\ndonde seres misteriosos<br \/>\nnos acechan noche y d\u00eda.<\/p>\n<p style=\"text-align: center;\">Escondidos en las sombras,<br \/>\nen pantanos o cavernas&#8230;<br \/>\n\u00bfNos ayudas a encontrarlos?<br \/>\nTen, enciende esta linterna.<\/p>\n<p style=\"text-align: center;\">Son las reinas de los bosques,<br \/>\nde gr\u00e1cil figura, aladas.<br \/>\nHechizan con polvos m\u00e1gicos<br \/>\ny algunas son muy malvadas.<\/p>\n<p style=\"text-align: center;\">\u00bfQui\u00e9n se esconde entre las flores?<br \/>\n\u00a1Seguro que son\u2026 LAS HADAS!<\/p>\n<p style=\"text-align: center;\">Con orejas puntiagudas,<br \/>\nbromistas y muy alegres,<br \/>\nte esconden cosas en casa y<br \/>\nsi los descubres\u2026 \u00a1se ofenden!<\/p>\n<p style=\"text-align: center;\">\u00bfQui\u00e9n se oculta en los desvanes?<br \/>\n\u00a1Seguro que son\u2026 LOS DUENDES!<\/p>\n<p style=\"text-align: center;\">Es feo, grande y peludo,<br \/>\ncobardica, un poco tonto&#8230;<br \/>\nDicen que se come ni\u00f1os<br \/>\ny que siempre quiere otro.<\/p>\n<p style=\"text-align: center;\">\u00bfQui\u00e9n se esconde en el castillo?<br \/>\n\u00a1Seguro que es\u2026 EL OGRO!<\/p>\n<p style=\"text-align: center;\">Habitan bajo los mares<br \/>\ncon delfines y ballenas,<br \/>\ntienen una voz preciosa y<br \/>\nbellas y largas melenas<\/p>\n<p style=\"text-align: center;\">\u00bfQui\u00e9n se oculta entre las olas?<br \/>\n\u00a1Seguro que son\u2026 SIRENAS!<\/p>\n<p style=\"text-align: center;\">Usa escoba aunque no barre.<br \/>\nSi encuentra un ni\u00f1o, lo estruja.<br \/>\nPrepara una poci\u00f3n m\u00e1gica<br \/>\nmaloliente y con burbujas.<\/p>\n<p style=\"text-align: center;\">\u00bfQui\u00e9n se refugia en los bosques?<br \/>\n\u00a1Seguro que son\u2026 LAS BRUJAS!<\/p>\n<p style=\"text-align: center;\">Son blancos como la nieve,<br \/>\nsalvajes y silenciosos.<br \/>\nLucen cuernos en la frente<br \/>\ncon poderes prodigiosos.<\/p>\n<p style=\"text-align: center;\">\u00bfQui\u00e9n hay tras el arco iris?<br \/>\n\u00a1Seguro que son\u2026 UNICORNIOS!<\/p>\n<p style=\"text-align: center;\">Es un ser muy solitario,<br \/>\n\u00a1Su tesoro es su obsesi\u00f3n!<br \/>\nSi se enfada escupe fuego<br \/>\ny tiene fama de trag\u00f3n.<\/p>\n<p style=\"text-align: center;\">\u00bfQui\u00e9n se refugia en la cueva?<br \/>\n\u00a1Seguro que es\u2026 UN DRAG\u00d3N!<\/p>\n<p style=\"text-align: center;\">Visten gorros de colores<br \/>\npuntiagudos como conos.<br \/>\nSon amigos de los zorros,<br \/>\ncabalgan sobre sus lomos.<\/p>\n<p style=\"text-align: center;\">\u00bfQui\u00e9n se esconde entre ra\u00edces?<br \/>\n\u00a1Seguro que son\u2026 LOS GNOMOS!<\/p>\n<p style=\"text-align: center;\">Si no has encontrado a todos,<br \/>\nbusca bien, no desesperes&#8230;<br \/>\n\u00a1No resulta muy sencillo<br \/>\nencontrar m\u00e1gicos seres!<\/p>\n<h2>Adivinanza con rimas para ni\u00f1os para escuchar<\/h2>\n<p>\u00bfQuer\u00e9is ir un paso m\u00e1s all\u00e1? En <a href=\"https:\/\/www.mumablue.com\/?utm_source=blog&amp;utm_medium=link&amp;utm_campaign=p\u00e1ginas-audiocuentos&amp;utm_content=adivinanza-rimas\"><span style=\"color: #3366ff;\">Mumablue<\/span><\/a> os proponemos escuchar \u00abAdivinanza fant\u00e1stica\u00bb en su versi\u00f3n de audio, una adivinanza con rimas para ni\u00f1os donde <strong>se aporta una pista m\u00e1s en cada uno de los acertijos que la componen: un efecto sonoro<\/strong> relacionado con cada uno de los seres fant\u00e1sticos que os proponemos adivinar. \u00a1Adem\u00e1s lleva de fondo una bonita m\u00fasica! Eso s\u00ed, los peques deben de ser r\u00e1pidos adivinando, porque la respuesta se ofrece inmediatamente despu\u00e9s de cada acertijo, como parte del conjunto del poema. \u00bfAceptan el reto?<\/p>\n<h6><script src=\"https:\/\/www.buzzsprout.com\/937792\/6216697-adivinanza-fantastica.js?container_id=buzzsprout-player-6216697&#038;player=small\" type=\"text\/javascript\" charset=\"utf-8\"><\/script>M\u00fasica: CC0 <span style=\"color: #3366ff;\"><a style=\"color: #3366ff;\" href=\"https:\/\/freepd.com\/scoring.php\" target=\"_blank\" rel=\"noopener noreferrer\">Magic in the garden<\/a><\/span>, por Rafael Krux<\/h6>\n<h2>Esta adivinanza con rimas para ni\u00f1os no es la \u00fanica<\/h2>\n<p>Si os hab\u00e9is divertido con nuestra adivinanza con rimas para ni\u00f1os, no pod\u00e9is perderos el resto de <strong>nuestras propuestas: \u00abAdivina, adivinanza\u00bb y \u00abAcertijo animal\u00bb. <\/strong><\/p>\n<p>En \u00abAdivina, adivinanza\u00bb<strong> proponemos, adicionalmente, un gran acertijo final<\/strong>, ya que, adem\u00e1s de tener que ir adivinando alimentos, a lo largo de la adivinanza habr\u00e1n cocinado, sin darse cuenta, un plato que gusta mucho a los peque\u00f1os. \u00abAcertijo animal\u00bb es una adivinanza de animales salvajes \u00a1Los peques lo pasan de miedo tratando de adivinar qu\u00e9 animal se esconde en cada verso! Ah, y en su versi\u00f3n para escuchar hemos incluido, adem\u00e1s, <strong>los sonidos de los distintos animales para ayudar a los m\u00e1s peque\u00f1os<\/strong> a encontrar la respuesta. \u00a1Echa un vistazo a todas nuestras <span style=\"color: #3366ff;\"><a style=\"color: #3366ff;\" href=\"https:\/\/www.mumablue.com\/blog\/adivinanzas-infantiles-graciosas-verso-respuesta\/\">adivinanzas con rimas para ni\u00f1os<\/a><\/span>! Son gratis y se pueden o leer o escuchar.<\/p>\n<div style='text-align:left' class='yasr-auto-insert-visitor'><\/div>","protected":false},"excerpt":{"rendered":"<p>Esta adivinanza con rimas para ni\u00f1os no s\u00f3lo supone un reto para los m\u00e1s peque\u00f1os y re\u00fane el atractivo del verso, sino que adem\u00e1s se centra en esos seres de fantas\u00eda que despiertan la imaginaci\u00f3n de los m\u00e1s peque\u00f1os. \u00abAdivinanza fant\u00e1stica\u00bb no es una \u00fanica adivinanza: es una concatenaci\u00f3n de acertijos donde ni\u00f1os y ni\u00f1as [&hellip;]<\/p>\n","protected":false},"author":6,"featured_media":0,"parent":0,"menu_order":0,"comment_status":"closed","ping_status":"closed","template":"","meta":{"yasr_overall_rating":0,"yasr_post_is_review":"","yasr_auto_insert_disabled":"","yasr_review_type":""},"yasr_visitor_votes":{"number_of_votes":1,"sum_votes":5,"stars_attributes":{"read_only":false,"span_bottom":false}},"yoast_head":"<!-- This site is optimized with the Yoast SEO plugin v14.5 - https:\/\/yoast.com\/wordpress\/plugins\/seo\/ -->\n<meta name=\"description\" content=\"\u00a1La adivinanza con rimas para ni\u00f1os m\u00e1s m\u00e1gica y misteriosa! Contiene hadas, brujas, duendes, dragones, unicornios... \u00a1Y mucha poes\u00eda! \u00bfAcepta el reto?\" \/>\n<meta name=\"robots\" content=\"index, follow\" \/>\n<meta name=\"googlebot\" content=\"index, follow, max-snippet:-1, max-image-preview:large, max-video-preview:-1\" \/>\n<meta name=\"bingbot\" content=\"index, follow, max-snippet:-1, max-image-preview:large, max-video-preview:-1\" \/>\n<link rel=\"canonical\" href=\"https:\/\/www.mumablue.com\/blog\/adivinanza-con-rimas-para-ninos-seres-fantasticos\/\" \/>\n<meta property=\"og:locale\" content=\"es_ES\" \/>\n<meta property=\"og:type\" content=\"article\" \/>\n<meta property=\"og:title\" content=\"Adivinanza con rimas para ni\u00f1os de seres fant\u00e1sticos - Blog Mumablue\" \/>\n<meta property=\"og:description\" content=\"\u00a1La adivinanza con rimas para ni\u00f1os m\u00e1s m\u00e1gica y misteriosa! Contiene hadas, brujas, duendes, dragones, unicornios... \u00a1Y mucha poes\u00eda! \u00bfAcepta el reto?\" \/>\n<meta property=\"og:url\" content=\"https:\/\/www.mumablue.com\/blog\/adivinanza-con-rimas-para-ninos-seres-fantasticos\/\" \/>\n<meta property=\"og:site_name\" content=\"Blog Mumablue\" \/>\n<meta property=\"article:publisher\" content=\"https:\/\/www.facebook.com\/mumablue\/\" \/>\n<meta property=\"article:modified_time\" content=\"2025-06-03T08:28:49+00:00\" \/>\n<meta property=\"og:image\" content=\"https:\/\/www.mumablue.com\/blog\/wp-content\/uploads\/2021\/01\/Adivinanza-de-fantas\u00eda.jpg\" \/>\n<meta name=\"twitter:card\" content=\"summary_large_image\" \/>\n<script type=\"application\/ld+json\" class=\"yoast-schema-graph\">{\"@context\":\"https:\/\/schema.org\",\"@graph\":[{\"@type\":\"Organization\",\"@id\":\"https:\/\/www.mumablue.com\/blog\/#organization\",\"name\":\"Mumablue\",\"url\":\"https:\/\/www.mumablue.com\/blog\/\",\"sameAs\":[\"https:\/\/www.facebook.com\/mumablue\/\",\"https:\/\/www.instagram.com\/mumablue\/?hl=es\"],\"logo\":{\"@type\":\"ImageObject\",\"@id\":\"https:\/\/www.mumablue.com\/blog\/#logo\",\"inLanguage\":\"es\",\"url\":\"https:\/\/www.mumablue.com\/blog\/wp-content\/uploads\/2020\/05\/Blog-Mumablue.png\",\"width\":749,\"height\":269,\"caption\":\"Mumablue\"},\"image\":{\"@id\":\"https:\/\/www.mumablue.com\/blog\/#logo\"}},{\"@type\":\"WebSite\",\"@id\":\"https:\/\/www.mumablue.com\/blog\/#website\",\"url\":\"https:\/\/www.mumablue.com\/blog\/\",\"name\":\"Blog Mumablue\",\"description\":\"Un blog de cuentos y audiocuentos gratis para ni\\u00f1os.\",\"publisher\":{\"@id\":\"https:\/\/www.mumablue.com\/blog\/#organization\"},\"potentialAction\":[{\"@type\":\"SearchAction\",\"target\":\"https:\/\/www.mumablue.com\/blog\/?s={search_term_string}\",\"query-input\":\"required name=search_term_string\"}],\"inLanguage\":\"es\"},{\"@type\":\"ImageObject\",\"@id\":\"https:\/\/www.mumablue.com\/blog\/adivinanza-con-rimas-para-ninos-seres-fantasticos\/#primaryimage\",\"inLanguage\":\"es\",\"url\":\"https:\/\/www.mumablue.com\/blog\/wp-content\/uploads\/2021\/01\/Adivinanza-de-fantas\\u00eda.jpg\",\"width\":500,\"height\":500},{\"@type\":\"WebPage\",\"@id\":\"https:\/\/www.mumablue.com\/blog\/adivinanza-con-rimas-para-ninos-seres-fantasticos\/#webpage\",\"url\":\"https:\/\/www.mumablue.com\/blog\/adivinanza-con-rimas-para-ninos-seres-fantasticos\/\",\"name\":\"Adivinanza con rimas para ni\\u00f1os de seres fant\\u00e1sticos - Blog Mumablue\",\"isPartOf\":{\"@id\":\"https:\/\/www.mumablue.com\/blog\/#website\"},\"primaryImageOfPage\":{\"@id\":\"https:\/\/www.mumablue.com\/blog\/adivinanza-con-rimas-para-ninos-seres-fantasticos\/#primaryimage\"},\"datePublished\":\"2021-01-07T10:43:37+00:00\",\"dateModified\":\"2025-06-03T08:28:49+00:00\",\"description\":\"\\u00a1La adivinanza con rimas para ni\\u00f1os m\\u00e1s m\\u00e1gica y misteriosa! Contiene hadas, brujas, duendes, dragones, unicornios... \\u00a1Y mucha poes\\u00eda! \\u00bfAcepta el reto?\",\"inLanguage\":\"es\",\"potentialAction\":[{\"@type\":\"ReadAction\",\"target\":[\"https:\/\/www.mumablue.com\/blog\/adivinanza-con-rimas-para-ninos-seres-fantasticos\/\"]}]}]}<\/script>\n<!-- \/ Yoast SEO plugin. -->","_links":{"self":[{"href":"https:\/\/www.mumablue.com\/blog\/wp-json\/wp\/v2\/pages\/3396"}],"collection":[{"href":"https:\/\/www.mumablue.com\/blog\/wp-json\/wp\/v2\/pages"}],"about":[{"href":"https:\/\/www.mumablue.com\/blog\/wp-json\/wp\/v2\/types\/page"}],"author":[{"embeddable":true,"href":"https:\/\/www.mumablue.com\/blog\/wp-json\/wp\/v2\/users\/6"}],"replies":[{"embeddable":true,"href":"https:\/\/www.mumablue.com\/blog\/wp-json\/wp\/v2\/comments?post=3396"}],"version-history":[{"count":4,"href":"https:\/\/www.mumablue.com\/blog\/wp-json\/wp\/v2\/pages\/3396\/revisions"}],"predecessor-version":[{"id":7654,"href":"https:\/\/www.mumablue.com\/blog\/wp-json\/wp\/v2\/pages\/3396\/revisions\/7654"}],"wp:attachment":[{"href":"https:\/\/www.mumablue.com\/blog\/wp-json\/wp\/v2\/media?parent=3396"}],"curies":[{"name":"wp","href":"https:\/\/api.w.org\/{rel}","templated":true}]}}