{"id":3395,"date":"2021-01-07T12:09:36","date_gmt":"2021-01-07T12:09:36","guid":{"rendered":"https:\/\/mumablue.com\/blog\/?page_id=3395"},"modified":"2021-01-07T12:21:09","modified_gmt":"2021-01-07T12:21:09","slug":"adivinanzas-infantiles-graciosas-verso-respuesta","status":"publish","type":"page","link":"https:\/\/www.mumablue.com\/blog\/adivinanzas-infantiles-graciosas-verso-respuesta\/","title":{"rendered":"Adivinanzas infantiles graciosas en verso con respuesta"},"content":{"rendered":"<p><img decoding=\"async\" loading=\"lazy\" class=\"alignnone wp-image-3407 size-full\" src=\"https:\/\/www.mumablue.com\/blog\/wp-content\/uploads\/2021\/01\/Adivinanzas-divertidas-ni\u00f1os.jpg\" alt=\"Adivinanzas infantiles graciosas\" width=\"500\" height=\"500\" srcset=\"https:\/\/www.mumablue.com\/blog\/wp-content\/uploads\/2021\/01\/Adivinanzas-divertidas-ni\u00f1os.jpg 500w, https:\/\/www.mumablue.com\/blog\/wp-content\/uploads\/2021\/01\/Adivinanzas-divertidas-ni\u00f1os-300x300.jpg 300w, https:\/\/www.mumablue.com\/blog\/wp-content\/uploads\/2021\/01\/Adivinanzas-divertidas-ni\u00f1os-150x150.jpg 150w\" sizes=\"(max-width: 500px) 100vw, 500px\" \/><\/p>\n<p>En Mumablue hemos preparado una selecci\u00f3n de <strong>adivinanzas infantiles graciosas para que ni\u00f1os y ni\u00f1as se diviertan al mismo tiempo que aprenden<\/strong> sobre animales, alimentos, seres de fantas\u00eda&#8230; \u00a1y poes\u00eda! Porque nuestras adivinanzas son en verso, lo que las hace musicales y mucho m\u00e1s atractivas a los o\u00eddos de los peques. \u00bfOs atrev\u00e9is con ellas?<\/p>\n<h2>Adivinanzas infantiles graciosas para jugar con los peques<\/h2>\n<p><span style=\"color: #3366ff;\"><a style=\"color: #3366ff;\" href=\"https:\/\/www.mumablue.com\/blog\/adivinanza-para-ninos-con-respuesta\/\">\ud83c\udf54 Adivina, adivinanza<\/a><\/span><\/p>\n<p>Se trata de <strong>una propuesta l\u00fadica que va m\u00e1s all\u00e1 de la adivinanza tradicional<\/strong>, ya que es muchas adivinanzas en una con un tema en com\u00fan: los alimentos. En cada una de sus seis estrofas los peques encontrar\u00e1n un acertijo&#8230; \u00a1Pero hay una sorpresa final! <strong>\u00a1La \u00faltima estrofa esconde la gran adivinanza!<\/strong> Un delicioso plato que hemos cocinado juntando todos los ingredientes que se han ido desvelando previamente. \u00a1Sin duda es un juego mucho m\u00e1s elaborado y divertido! \u00bfSer\u00e1 tu peque capaz de adivina cada uno de los seis ingredientes que se esconden en \u00abAdivina, adivinanza\u00bb, m\u00e1s el plato del gran acertijo final? \u00a1Seguro que s\u00ed! <span style=\"color: #3366ff;\"><a style=\"color: #3366ff;\" href=\"https:\/\/www.mumablue.com\/blog\/adivinanza-para-ninos-con-respuesta\/\">Ir a la adivinanza.<\/a><\/span><\/p>\n<p><a href=\"https:\/\/www.mumablue.com\/blog\/adivinanza-para-ninos-de-animales\/\"><span style=\"color: #3366ff;\">\ud83d\udc38 Acertijo animal\u00a0<\/span><\/a><\/p>\n<p>Os dejamos una adivinanza de animales salvajes que a los peques les encanta. Entre ellos se encuentra, adem\u00e1s, un animal que tambi\u00e9n puede ser dom\u00e9stico. \u00abAcertijo animal\u00bb es una propuesta educativa, en verso, en la que los m\u00e1s peque\u00f1os pueden poner a prueba sus capacidades deductivas gracias a que <strong>utiliza como <em>leit motiv<\/em> a los animales, una de las primeras categor\u00edas que se aprenden en la infancia.<\/strong> \u00a1Qu\u00e9 divertido es aprender!<span style=\"color: #3366ff;\"> <a style=\"color: #3366ff;\" href=\"https:\/\/www.mumablue.com\/blog\/adivinanza-para-ninos-de-animales\/\">Ir a la adivinanza.<\/a><\/span><\/p>\n<p><a href=\"https:\/\/www.mumablue.com\/blog\/adivinanza-con-rimas-para-ninos-seres-fantasticos\/\"><span style=\"color: #3366ff;\">\ud83e\udd84 Adivinanza fant\u00e1stica<\/span><\/a><\/p>\n<p>\u00a1Este acertijo lo tiene todo! No s\u00f3lo propone ocho enigmas diferentes, sino que se centra en el mundo de fantas\u00eda. As\u00ed, jugar y so\u00f1ar se convierte en una \u00fanica cosa. Entre los versos de esta adivinanza con rima para ni\u00f1os <strong>se ocultan maravillosos seres como las hadas, los duendes, los gnomos,<\/strong> las brujas, los ogros, los dragones, los unicornios y las sirenas. \u00a1Adentraos con nosotros en este mundo m\u00e1gico. <span style=\"color: #3366ff;\"><a style=\"color: #3366ff;\" href=\"https:\/\/www.mumablue.com\/blog\/adivinanza-con-rimas-para-ninos-seres-fantasticos\/\">Ir a la adivinanza.<\/a><\/span><\/p>\n<h2>Adivinanzas infantiles graciosas para escuchar<\/h2>\n<p>Si prefieres una opci\u00f3n m\u00e1s aut\u00f3noma para tus ni\u00f1os, te ofrecemos nuestras adivinanzas infantiles graciosas para escuchar. \u00a1Tienen un plus de valor a\u00f1adido! \u00bfY sabes por qu\u00e9? Porque <strong>cada uno de los acertijos se acompa\u00f1a de un efecto sonoro que es una pista m\u00e1s.<\/strong> \u00a1A los peques les encanta contar con esta ayuda adicional que, adem\u00e1s, crea un ambiente muy especial y hace de nuestros acertijos en adivinanzas infantiles graciosas llenas de magia.<\/p>\n<h6><script src=\"https:\/\/www.buzzsprout.com\/937792\/3429079-adivina-adivinanza.js?container_id=buzzsprout-player-3429079&#038;player=small\" type=\"text\/javascript\" charset=\"utf-8\"><\/script>M\u00fasica: CC0 <span style=\"color: #3366ff;\"><a style=\"color: #3366ff;\" href=\"https:\/\/freepd.com\/comedy.php\">The entertainer<\/a><\/span>, por Kevin MacLeod<\/h6>\n<h6><script src=\"https:\/\/www.buzzsprout.com\/937792\/3857156-acertijo-animal.js?container_id=buzzsprout-player-3857156&#038;player=small\" type=\"text\/javascript\" charset=\"utf-8\"><\/script>M\u00fasica: CC 4.0 <span style=\"color: #0000ff;\"><a style=\"color: #0000ff;\" href=\"https:\/\/alexandernakarada.bandcamp.com\/track\/foam-rubber-2\" target=\"_blank\" rel=\"noopener noreferrer\">Foam rubber<\/a><\/span>, de Alexander Nakarada.<\/h6>\n<h6><script src=\"https:\/\/www.buzzsprout.com\/937792\/6216697-adivinanza-fantastica.js?container_id=buzzsprout-player-6216697&#038;player=small\" type=\"text\/javascript\" charset=\"utf-8\"><\/script>M\u00fasica: CC0 <span style=\"color: #3366ff;\"><a style=\"color: #3366ff;\" href=\"https:\/\/freepd.com\/scoring.php\" target=\"_blank\" rel=\"noopener noreferrer\">Magic in the garden<\/a><\/span>, por Rafael Krux<\/h6>\n<h2>Cuentos, radioteatro, poemas infantiles&#8230; \u00a1Y mucho m\u00e1s!<\/h2>\n<p>Ahora que ya conoces nuestras adivinanzas infantiles graciosas,<strong> queremos ofrecerte otros muchos contenidos para ni\u00f1os<\/strong> que permitir\u00e1n que tu peque disfrute de maravillosas historias educativas y literarias, lejos de las tan temidas pantallas.<\/p>\n<p>En Mumablue os regalamos una gran variedad de contenidos infantiles para leer a los ni\u00f1os, <strong>cada uno de los cuales tiene su propia versi\u00f3n en audiocuento<\/strong>, ideales para que los peques de la casa se entretengan y disfruten mientras los pap\u00e1s y las mam\u00e1s est\u00e1n ocupados realizando tareas cotidianas o si desean disfrutar de un poco de tiempo libre con la tranquilidad de que sus hijos est\u00e1n consumiendo <strong>contenidos educativos que recuperan toda la magia de la radio de anta\u00f1o.<\/strong><\/p>\n<p>Los <span style=\"color: #3366ff;\"><a style=\"color: #3366ff;\" href=\"https:\/\/www.mumablue.com\/blog\/cuentos-infantiles-para-leer-cortos-gratis\/\">cuentos para leer a los ni\u00f1os<\/a><\/span> de Mumablue son muy heterog\u00e9neos, cada uno responde a un momento de inspiraci\u00f3n concreto o a la necesidad puntual de contar una historia. Muchos est\u00e1n protagonizados por personajes del mundo de los cuentos tradicionales, como duendes, hadas, dragones, piratas, dragones o princesas. <strong>\u00a1Pero tienen un enfoque mucho m\u00e1s actual y novedoso!<\/strong> Por ejemplo, en los cuentos para leer de Mumablue las princesas se alejan del rol tradicional de los cuentos cl\u00e1sicos, present\u00e1ndose como personajes independientes, aut\u00f3nomos y alejados de ese ideal del amor rom\u00e1ntico. \u00a1Una tendencia que los grandes contadores de historias de nuestra \u00e9poca, como Disney, ya llevan a\u00f1os defendiendo!<\/p>\n<p>Se trata de cuentos originales escritos por Mumablue<strong>, ricos en valores, con ense\u00f1anzas en vigor en la actualidad y que se aleja de las tradicionales moralejas<\/strong>, algo desfasadas, no tanto en fondo como en forma. Nuestros cuentos no tratan de aleccionar a los m\u00e1s peque\u00f1os o protegerlos de potenciales peligros (ya hay mucho sobre eso), sino que ahondan en la educaci\u00f3n emocional y ponen de relieve valores que les ayudan a convertirse en mejores adultos.<\/p>\n<p>Sin embargo, existen cuentos cl\u00e1sicos maravillosos que no pod\u00edamos dejar de recrear o difundir. As\u00ed, en Mumablue hemos realizado una <span style=\"color: #3366ff;\"><a style=\"color: #3366ff;\" href=\"https:\/\/www.mumablue.com\/blog\/cancion-de-navidad-de-charles-dickens-para-ninos-audiocuento\/\"><strong>versi\u00f3n para ni\u00f1os de la maravillosa novela \u00abCanci\u00f3n de Navidad\u00bb<\/strong><\/a><\/span>, de Charles Dickens que, adem\u00e1s, cuenta con su <strong>versi\u00f3n en audiocuento de 30 minutos de duraci\u00f3n<\/strong>, con una ambientaci\u00f3n musical y sonora muy cuidad, de forma que toda la familia pueda transportarse a la Inglaterra victoriana gracias al extraordinario poder evocador de la radio.<\/p>\n<p>En Mumablue tambi\u00e9n <strong>nos encanta reinventar los cuentos cl\u00e1sicos, cambiar el punto de vista y los roles<\/strong> de los personajes. As\u00ed, os recomendamos el cuento <span style=\"color: #3366ff;\"><a style=\"color: #3366ff;\" href=\"https:\/\/www.mumablue.com\/blog\/cuento-de-caperucita-roja-diferente-audiocuento-gratis\/\">\u00abCaperucita Rebelde\u00bb<\/a><\/span>, uno de los que han cosechado mayor \u00e9xito, gracias a que Caperucita Roja se rebela contra el narrador y provoca una serie de situaciones inesperadas con las que los ni\u00f1os se parten de risa. O <span style=\"color: #3366ff;\"><a style=\"color: #3366ff;\" href=\"https:\/\/www.mumablue.com\/blog\/cuento-divertido-para-leer\/\">\u00abLa verdadera historia de Hansel y Gretel\u00bb<\/a><\/span>, donde se desvela que la bruja no era tan mala, sino que los ni\u00f1os eran unos aut\u00e9nticos trastos. <strong>\u00a1No podr\u00e1n parar de re\u00edr con nuestras reinvenciones<\/strong> de los cuentos cl\u00e1sicos! PROMETIDO.<\/p>\n<p>Caperucita Rebelde, m\u00e1s que un audiocuento es una pieza de radioteatro, un relato coral en el que intervienen el narrador, Caperucita, el lobo y la abuelita. Otros ejemplos de <strong>radioteatro para ni\u00f1os publicados por Mumablue<\/strong> son <span style=\"color: #3366ff;\"><a style=\"color: #3366ff;\" href=\"https:\/\/www.mumablue.com\/blog\/cuento-de-halloween-para-leer-a-los-ninos\/\">\u00abNoche de Halloween\u00bb<\/a><\/span>, una obra de teatro sonoro tan aterradora como divertida, en la que diferentes monstruos se preparan para asustar a los ni\u00f1os&#8230; sin mucho \u00e9xito. O nuestra <strong>pequehistoria Especial Reyes Magos, una pieza escrita por Federico Volpini<\/strong> y realizada en colaboraci\u00f3n con <span style=\"color: #3366ff;\"><a style=\"color: #3366ff;\" href=\"https:\/\/audiodrama.es\/\" target=\"_blank\" rel=\"noopener noreferrer\">Audiodrama Colectivo<\/a><\/span>, una Asociaci\u00f3n de Radioteatro nacida de Radio Nacional de Espa\u00f1a y conformada por actores de doblaje y locutores profesionales.<\/p>\n<p>\u00a1No pod\u00edan faltar los poemas infantiles! En Mumablue nos encanta la poes\u00eda. Creemos que <strong>es el mejor g\u00e9nero para introducir a los peque\u00f1os en la literatura<\/strong>, ya que la musicalidad de la poes\u00eda es percibida por los ni\u00f1os desde que son muy peque\u00f1itos y ayuda a memorizar las historias. As\u00ed, hemos escrito y recitado numerosas poes\u00edas para ni\u00f1os, muy divertidas, que versan <strong>sobre personajes fant\u00e1sticos o recrean situaciones cotidianas de los m\u00e1s peque\u00f1os<\/strong>, haciendo que se sientan identificados. Todos los <span style=\"color: #3366ff;\">poemas infantiles Mumablue<\/span> son cuentos en verso que cuentan una historia maravillosa. \u00a1Ideales para memorizarlas y recitarlas en familia! Las adivinanzas infantiles graciosas que os hemos ofrecido tambi\u00e9n se han compuesto atendiendo a esta filosof\u00eda.<\/p>\n<p>\u00bfQuieres m\u00e1s magia? En Mumablue nos dedicamos a los cuentos personalizados para ni\u00f1os, historias en el que cada ni\u00f1o es el aut\u00e9ntico protagonista porque se puede personalizar el nombre y crear un avatar a imagen y semejanza del peque\u00f1o \u00a1M\u00e1s de 400.000 combinaciones dan para crear una ilustraci\u00f3n de cualquier peque que exista en este mundo! Te invitamos a echar un vistazo al <span style=\"color: #3366ff;\"><a style=\"color: #3366ff;\" href=\"https:\/\/www.mumablue.com\/esp\/nuestros-cuentos-personalizados\">cat\u00e1logo de cuentos personalizados Mumablue<\/a><\/span> si deseas hacer un reqalo muy especial. Entra en la web, <strong>personaliza a tu peque y podr\u00e1s acceder a la lectura y previsualizaci\u00f3n completa de cada cuento totalmente gratis<\/strong>. \u00a1Y si te gusta, te lo enviamos a casa en pocos d\u00edas!<\/p>\n<div style='text-align:left' class='yasr-auto-insert-visitor'><\/div>","protected":false},"excerpt":{"rendered":"<p>En Mumablue hemos preparado una selecci\u00f3n de adivinanzas infantiles graciosas para que ni\u00f1os y ni\u00f1as se diviertan al mismo tiempo que aprenden sobre animales, alimentos, seres de fantas\u00eda&#8230; \u00a1y poes\u00eda! Porque nuestras adivinanzas son en verso, lo que las hace musicales y mucho m\u00e1s atractivas a los o\u00eddos de los peques. \u00bfOs atrev\u00e9is con ellas? [&hellip;]<\/p>\n","protected":false},"author":6,"featured_media":0,"parent":0,"menu_order":0,"comment_status":"closed","ping_status":"closed","template":"","meta":{"yasr_overall_rating":0,"yasr_post_is_review":"","yasr_auto_insert_disabled":"","yasr_review_type":"BlogPosting"},"yasr_visitor_votes":{"number_of_votes":0,"sum_votes":0,"stars_attributes":{"read_only":false,"span_bottom":false}},"yoast_head":"<!-- This site is optimized with the Yoast SEO plugin v14.5 - https:\/\/yoast.com\/wordpress\/plugins\/seo\/ -->\n<meta name=\"description\" content=\"Adivinanzas infantiles graciosas en verso, con respuesta, para leer o escuchar, ideales para divertirse mientras aprenden y dejan volar la imaginaci\u00f3n.\" \/>\n<meta name=\"robots\" content=\"index, follow\" \/>\n<meta name=\"googlebot\" content=\"index, follow, max-snippet:-1, max-image-preview:large, max-video-preview:-1\" \/>\n<meta name=\"bingbot\" content=\"index, follow, max-snippet:-1, max-image-preview:large, max-video-preview:-1\" \/>\n<link rel=\"canonical\" href=\"https:\/\/www.mumablue.com\/blog\/adivinanzas-infantiles-graciosas-verso-respuesta\/\" \/>\n<meta property=\"og:locale\" content=\"es_ES\" \/>\n<meta property=\"og:type\" content=\"article\" \/>\n<meta property=\"og:title\" content=\"Adivinanzas infantiles graciosas en verso con respuesta - Blog Mumablue\" \/>\n<meta property=\"og:description\" content=\"Adivinanzas infantiles graciosas en verso, con respuesta, para leer o escuchar, ideales para divertirse mientras aprenden y dejan volar la imaginaci\u00f3n.\" \/>\n<meta property=\"og:url\" content=\"https:\/\/www.mumablue.com\/blog\/adivinanzas-infantiles-graciosas-verso-respuesta\/\" \/>\n<meta property=\"og:site_name\" content=\"Blog Mumablue\" \/>\n<meta property=\"article:publisher\" content=\"https:\/\/www.facebook.com\/mumablue\/\" \/>\n<meta property=\"article:modified_time\" content=\"2021-01-07T12:21:09+00:00\" \/>\n<meta property=\"og:image\" content=\"https:\/\/www.mumablue.com\/blog\/wp-content\/uploads\/2021\/01\/Adivinanzas-divertidas-ni\u00f1os.jpg\" \/>\n<meta name=\"twitter:card\" content=\"summary_large_image\" \/>\n<script type=\"application\/ld+json\" class=\"yoast-schema-graph\">{\"@context\":\"https:\/\/schema.org\",\"@graph\":[{\"@type\":\"Organization\",\"@id\":\"https:\/\/www.mumablue.com\/blog\/#organization\",\"name\":\"Mumablue\",\"url\":\"https:\/\/www.mumablue.com\/blog\/\",\"sameAs\":[\"https:\/\/www.facebook.com\/mumablue\/\",\"https:\/\/www.instagram.com\/mumablue\/?hl=es\"],\"logo\":{\"@type\":\"ImageObject\",\"@id\":\"https:\/\/www.mumablue.com\/blog\/#logo\",\"inLanguage\":\"es\",\"url\":\"https:\/\/www.mumablue.com\/blog\/wp-content\/uploads\/2020\/05\/Blog-Mumablue.png\",\"width\":749,\"height\":269,\"caption\":\"Mumablue\"},\"image\":{\"@id\":\"https:\/\/www.mumablue.com\/blog\/#logo\"}},{\"@type\":\"WebSite\",\"@id\":\"https:\/\/www.mumablue.com\/blog\/#website\",\"url\":\"https:\/\/www.mumablue.com\/blog\/\",\"name\":\"Blog Mumablue\",\"description\":\"Un blog de cuentos y audiocuentos gratis para ni\\u00f1os.\",\"publisher\":{\"@id\":\"https:\/\/www.mumablue.com\/blog\/#organization\"},\"potentialAction\":[{\"@type\":\"SearchAction\",\"target\":\"https:\/\/www.mumablue.com\/blog\/?s={search_term_string}\",\"query-input\":\"required name=search_term_string\"}],\"inLanguage\":\"es\"},{\"@type\":\"ImageObject\",\"@id\":\"https:\/\/www.mumablue.com\/blog\/adivinanzas-infantiles-graciosas-verso-respuesta\/#primaryimage\",\"inLanguage\":\"es\",\"url\":\"https:\/\/www.mumablue.com\/blog\/wp-content\/uploads\/2021\/01\/Adivinanzas-divertidas-ni\\u00f1os.jpg\",\"width\":500,\"height\":500,\"caption\":\"Adivinanzas divertidas ni\\u00f1os\"},{\"@type\":\"WebPage\",\"@id\":\"https:\/\/www.mumablue.com\/blog\/adivinanzas-infantiles-graciosas-verso-respuesta\/#webpage\",\"url\":\"https:\/\/www.mumablue.com\/blog\/adivinanzas-infantiles-graciosas-verso-respuesta\/\",\"name\":\"Adivinanzas infantiles graciosas en verso con respuesta - Blog Mumablue\",\"isPartOf\":{\"@id\":\"https:\/\/www.mumablue.com\/blog\/#website\"},\"primaryImageOfPage\":{\"@id\":\"https:\/\/www.mumablue.com\/blog\/adivinanzas-infantiles-graciosas-verso-respuesta\/#primaryimage\"},\"datePublished\":\"2021-01-07T12:09:36+00:00\",\"dateModified\":\"2021-01-07T12:21:09+00:00\",\"description\":\"Adivinanzas infantiles graciosas en verso, con respuesta, para leer o escuchar, ideales para divertirse mientras aprenden y dejan volar la imaginaci\\u00f3n.\",\"inLanguage\":\"es\",\"potentialAction\":[{\"@type\":\"ReadAction\",\"target\":[\"https:\/\/www.mumablue.com\/blog\/adivinanzas-infantiles-graciosas-verso-respuesta\/\"]}]}]}<\/script>\n<!-- \/ Yoast SEO plugin. -->","_links":{"self":[{"href":"https:\/\/www.mumablue.com\/blog\/wp-json\/wp\/v2\/pages\/3395"}],"collection":[{"href":"https:\/\/www.mumablue.com\/blog\/wp-json\/wp\/v2\/pages"}],"about":[{"href":"https:\/\/www.mumablue.com\/blog\/wp-json\/wp\/v2\/types\/page"}],"author":[{"embeddable":true,"href":"https:\/\/www.mumablue.com\/blog\/wp-json\/wp\/v2\/users\/6"}],"replies":[{"embeddable":true,"href":"https:\/\/www.mumablue.com\/blog\/wp-json\/wp\/v2\/comments?post=3395"}],"version-history":[{"count":4,"href":"https:\/\/www.mumablue.com\/blog\/wp-json\/wp\/v2\/pages\/3395\/revisions"}],"predecessor-version":[{"id":3413,"href":"https:\/\/www.mumablue.com\/blog\/wp-json\/wp\/v2\/pages\/3395\/revisions\/3413"}],"wp:attachment":[{"href":"https:\/\/www.mumablue.com\/blog\/wp-json\/wp\/v2\/media?parent=3395"}],"curies":[{"name":"wp","href":"https:\/\/api.w.org\/{rel}","templated":true}]}}