{"id":3357,"date":"2020-12-23T18:12:13","date_gmt":"2020-12-23T18:12:13","guid":{"rendered":"https:\/\/mumablue.com\/blog\/?page_id=3357"},"modified":"2025-04-24T10:06:20","modified_gmt":"2025-04-24T10:06:20","slug":"cuentos-infantiles-para-dormir-cortos-y-tranquilos","status":"publish","type":"page","link":"https:\/\/www.mumablue.com\/blog\/cuentos-infantiles-para-dormir-cortos-y-tranquilos\/","title":{"rendered":"Cuentos infantiles para dormir cortos + audiocuentos"},"content":{"rendered":"<p><img decoding=\"async\" loading=\"lazy\" class=\"alignnone size-full wp-image-3377\" src=\"https:\/\/www.mumablue.com\/blog\/wp-content\/uploads\/2020\/12\/Cuentos-para-dormir-ni\u00f1os.jpg\" alt=\"cuentos infantiles para dormir cortos\" width=\"500\" height=\"500\" srcset=\"https:\/\/www.mumablue.com\/blog\/wp-content\/uploads\/2020\/12\/Cuentos-para-dormir-ni\u00f1os.jpg 500w, https:\/\/www.mumablue.com\/blog\/wp-content\/uploads\/2020\/12\/Cuentos-para-dormir-ni\u00f1os-300x300.jpg 300w, https:\/\/www.mumablue.com\/blog\/wp-content\/uploads\/2020\/12\/Cuentos-para-dormir-ni\u00f1os-150x150.jpg 150w\" sizes=\"(max-width: 500px) 100vw, 500px\" \/><\/p>\n<p>Muchos padres buscan cuentos infantiles para dormir cortos, para leerle a sus hijos antes de que se vayan a la cama. As\u00ed,<strong> los peques se duermen al mismo tiempo que despierta en ellos el amor por los relatos y la lectura<\/strong> desde que son peque\u00f1os. En Mumablue tenemos un firme compromiso con el fomento de la lectura desde la infancia, no solo a trav\u00e9s de los <span style=\"color: #3366ff;\"><a style=\"color: #3366ff;\" href=\"https:\/\/www.mumablue.com\/esp\/nuestros-cuentos-personalizados?utm_source=blog&amp;utm_medium=link&amp;utm_campaign=p\u00e1ginas-audiocuentos&amp;utm_content=cuentos-infantiles-para-dormir\">cuentos personalizados para ni\u00f1os<\/a><\/span> en los que el peque es el protagonista principal de la historia, sino tambi\u00e9n mediante diferentes <span style=\"color: #3366ff;\"><a style=\"color: #3366ff;\" href=\"https:\/\/www.mumablue.com\/blog\/cuentos-infantiles-para-leer-cortos-gratis\/\">relatos en formato digital<\/a><\/span> y que ofrecemos de manera gratuita.<\/p>\n<p><a href=\"https:\/\/www.mumablue.com\/esp\/inicio#mumaClub\" target=\"_blank\" rel=\"noopener\"><img decoding=\"async\" loading=\"lazy\" class=\"alignnone wp-image-7203 size-full\" src=\"https:\/\/www.mumablue.com\/blog\/wp-content\/uploads\/2025\/02\/Proyecto-nuevo-1.jpg\" alt=\"Club Descuentos\" width=\"815\" height=\"507\" srcset=\"https:\/\/www.mumablue.com\/blog\/wp-content\/uploads\/2025\/02\/Proyecto-nuevo-1.jpg 815w, https:\/\/www.mumablue.com\/blog\/wp-content\/uploads\/2025\/02\/Proyecto-nuevo-1-300x187.jpg 300w, https:\/\/www.mumablue.com\/blog\/wp-content\/uploads\/2025\/02\/Proyecto-nuevo-1-768x478.jpg 768w, https:\/\/www.mumablue.com\/blog\/wp-content\/uploads\/2025\/02\/Proyecto-nuevo-1-624x388.jpg 624w\" sizes=\"(max-width: 815px) 100vw, 815px\" \/><\/a><\/p>\n<p><span style=\"font-size: 1rem; text-align: center;\">A continuaci\u00f3n os dejamos una selecci\u00f3n de cuentos infantiles para dormir, poemitas cortos muy divertidos e incluso una nana muy tierna para recitar o cantar.<\/span><\/p>\n<h2><span style=\"color: #800080;\">Cuentos para leer a los ni\u00f1os al ir a la cama<\/span><\/h2>\n<p><span style=\"color: #3366ff;\"><strong>\ud83c\udff0 <a style=\"color: #3366ff;\" href=\"https:\/\/www.mumablue.com\/blog\/cuento-de-igualdad-de-genero-divertido-audiocuento\/\">El pr\u00edncipe Catapulto<\/a> \ud83c\udd95<\/strong><\/span><\/p>\n<p>\ud83c\udf85\u00a0<strong><span style=\"color: #3366ff;\"><a style=\"color: #3366ff;\" href=\"https:\/\/www.mumablue.com\/blog\/cuento-de-papa-noel-para-leer-audiocuento-gratis\/\">Misi\u00f3n: Salvar la Navidad<\/a>\u00a0<\/span><\/strong><\/p>\n<p>\ud83c\udf44\u00a0<span style=\"color: #3366ff;\"><a style=\"color: #3366ff;\" href=\"https:\/\/www.mumablue.com\/blog\/cuento-de-gnomos-para-ninos-audiocuento-gratis\/\"><strong>Umvyn, el gnomo gru\u00f1\u00f3n<\/strong><\/a>\u00a0<\/span><\/p>\n<p><strong><span class=\"emoji\">\u2764\ufe0f<\/span>\u00a0<span style=\"color: #3366ff;\"><a style=\"color: #3366ff;\" href=\"https:\/\/www.mumablue.com\/blog\/cuento-sobre-las-emociones-para-ninos-gratis-audiocuento\/\">La aventura de las emociones<\/a><\/span>\u00a0<\/strong><\/p>\n<p><strong>\ud83d\udd2e\u00a0<span style=\"color: #3366ff;\"><a style=\"color: #3366ff;\" href=\"https:\/\/www.mumablue.com\/blog\/cuento-de-brujas-para-ninos-gratis-audiocuento\/\">La brujita Fuegoazul<\/a><\/span>\u00a0<\/strong><\/p>\n<p>\ud83e\udda2 <span style=\"color: #0000ff;\"><span style=\"color: #3366ff;\"><a style=\"color: #3366ff;\" href=\"https:\/\/www.mumablue.com\/blog\/cuento-de-andersen-original-audiocuento-gratis\/\"><strong>Buscando a Pap\u00e1 Andersen<\/strong><\/a><\/span><strong>\u00a0<\/strong><\/span><\/p>\n<p><strong><a href=\"https:\/\/www.mumablue.com\/blog\/cuento-de-un-caracol-para-ninos\/\">\ud83d\udc0c <span style=\"color: #3366ff;\">El caracol atrapado en el tiempo<\/span><\/a>\u00a0<\/strong><\/p>\n<p><strong><a href=\"https:\/\/www.mumablue.com\/blog\/cuento-de-piratas-para-leer\/\">\ud83c\udff4\u200d\u2620<span style=\"color: #3366ff;\"> El pirata Malapata<\/span><\/a><\/strong><\/p>\n<p><span style=\"color: #3366ff;\"><strong><a style=\"color: #3366ff;\" href=\"https:\/\/www.mumablue.com\/blog\/cuento-de-vikingos-para-leer\/\">\ud83c\udf0a\u00a0<\/a><a style=\"color: #3366ff;\" href=\"https:\/\/www.mumablue.com\/blog\/cuento-de-vikingos-para-leer\/\">\u00a1Este vikingo se marea!<\/a><\/strong><\/span><\/p>\n<p><span style=\"color: #3366ff;\"><strong><a style=\"color: #3366ff;\" href=\"https:\/\/www.mumablue.com\/blog\/cuento-del-universo-para-leer-aprender\/\">\ud83d\ude80 La estrella de mar que viaj\u00f3 al Espacio<\/a><\/strong><\/span><\/p>\n<p><span style=\"color: #3366ff;\"><strong><a style=\"color: #3366ff;\" href=\"https:\/\/www.mumablue.com\/blog\/cuento-del-espacio-para-leer-a-los-ninos\">\ud83c\udf1d Luna de queso<\/a><\/strong><\/span><\/p>\n<p><span style=\"color: #3366ff;\"><strong><a style=\"color: #3366ff;\" href=\"https:\/\/www.mumablue.com\/blog\/cuento-de-egipto-para-ninos-audiocuento-gratis\/\">\ud83d\udc66 El capricho del peque\u00f1o fara\u00f3n<\/a><\/strong><\/span><\/p>\n<p><span style=\"color: #3366ff;\"><a style=\"color: #3366ff;\" href=\"https:\/\/www.mumablue.com\/blog\/cuento-de-animales-para-leer-a-los-ninos\/\"><strong><span style=\"color: #3366ff;\">\ud83d\udc27 El viaje de Ping\u00fci<\/span><\/strong><\/a><\/span><\/p>\n<p><span style=\"color: #3366ff;\"><strong><a style=\"color: #3366ff;\" href=\"https:\/\/www.mumablue.com\/blog\/poesia-graciosa-para-ninos\/\">\ud83d\udd2e<\/a><\/strong><strong><a style=\"color: #3366ff;\" href=\"https:\/\/www.mumablue.com\/blog\/cuento-divertido-para-leer\/\">\u00a0La verdadera historia de Hansel y Grettel<\/a><\/strong><\/span><\/p>\n<p><span style=\"color: #3366ff;\"><a style=\"color: #3366ff;\" href=\"https:\/\/www.mumablue.com\/blog\/cuento-de-duendes-para-leer-a-los-ninos\/\"><strong><span style=\"color: #3366ff;\">\ud83e\udddd\u200d\u2640\ufe0f \u00a1Hay duendes!\u00a0<\/span><\/strong><\/a><\/span><\/p>\n<p><span style=\"color: #3366ff;\"><strong><a style=\"color: #3366ff;\" href=\"https:\/\/www.mumablue.com\/blog\/cuento-de-unicornios-para-leer\/\">\ud83e\udd84 Al unicornio se le ha ca\u00eddo su cuerno de leche<\/a><\/strong><\/span><\/p>\n<p><span style=\"color: #3366ff;\"><a style=\"color: #3366ff;\" href=\"https:\/\/www.mumablue.com\/blog\/cuento-de-princesas-para-leer-a-los-ninos\/\"><strong>\ud83d\udc78 La princesa y el drag\u00f3n<\/strong><\/a><\/span><\/p>\n<p><a href=\"https:\/\/www.mumablue.com\/esp\/nuestros-cuentos-personalizados\/la-magia-del-nombre-mi-nino\/?utm_source=blog&amp;utm_medium=banner&amp;utm_campaign=paginas-audiocuentos&amp;utm_content=cuentos-dormir\" target=\"_blank\" rel=\"noopener\"><img decoding=\"async\" loading=\"lazy\" class=\"alignnone wp-image-7445 size-full\" src=\"https:\/\/www.mumablue.com\/blog\/wp-content\/uploads\/2025\/04\/Banner-Magia.jpg\" alt=\"\" width=\"300\" height=\"460\" srcset=\"https:\/\/www.mumablue.com\/blog\/wp-content\/uploads\/2025\/04\/Banner-Magia.jpg 300w, https:\/\/www.mumablue.com\/blog\/wp-content\/uploads\/2025\/04\/Banner-Magia-196x300.jpg 196w\" sizes=\"(max-width: 300px) 100vw, 300px\" \/><\/a><\/p>\n<p><span style=\"color: #3366ff;\"><strong><a style=\"color: #3366ff;\" href=\"https:\/\/www.mumablue.com\/blog\/cuento-de-fantasmas-para-leer\/\">\ud83d\udc7b Plasma, el fantasma<\/a><\/strong><\/span><\/p>\n<p><span style=\"color: #3366ff;\"><a style=\"color: #3366ff;\" href=\"https:\/\/www.mumablue.com\/blog\/cuento-de-hadas-para-leer-a-los-ninos\/\"><strong>\u2744\ufe0f\u00a0El hada del invierno<\/strong><\/a><\/span><\/p>\n<p><span style=\"color: #3366ff;\"><strong><a style=\"color: #3366ff;\" href=\"https:\/\/www.mumablue.com\/blog\/cuento-con-valores-para-leer\/\">\ud83e\udd8b\u00a0La mariposa de los hielos<\/a><\/strong><\/span><\/p>\n<p><span style=\"color: #3366ff;\"><strong><a style=\"color: #3366ff;\" href=\"https:\/\/www.mumablue.com\/blog\/cuento-educativo-para-leer\/\">\ud83d\udc9b El Museo del Silencio<\/a><\/strong><\/span><\/p>\n<p><span style=\"color: #3366ff;\"><strong><a style=\"color: #3366ff;\" href=\"https:\/\/www.mumablue.com\/blog\/cuento-de-ecologia-para-leer-a-los-ninos\/\">\ud83d\udc33 Unas extra\u00f1as medusas<\/a><\/strong><\/span><\/p>\n<p><span style=\"color: #3366ff;\"><strong><a style=\"color: #3366ff;\" href=\"https:\/\/www.mumablue.com\/blog\/cuento-con-moraleja-para-leer-a-los-ninos\/\">\ud83e\udd80 El cangrejito manco<\/a><\/strong><\/span><\/p>\n<p><span style=\"color: #3366ff;\"><strong><a style=\"color: #3366ff;\" href=\"https:\/\/www.mumablue.com\/blog\/cuento-de-reflexion-para-leer-a-los-ninos\/\">\ud83c\udf42 La piedra<\/a><\/strong><\/span><\/p>\n<p><span style=\"color: #3366ff;\"><a style=\"color: #3366ff;\" href=\"https:\/\/www.mumablue.com\/blog\/cuento-emotivo-para-leer-a-los-ninos-moraleja\/\"><strong>\ud83d\udc69\u200d\u2764\ufe0f\u200d\ud83d\udc68 Una mam\u00e1 nueva<\/strong><\/a><\/span><\/p>\n<p><span style=\"color: #3366ff;\"><strong><a style=\"color: #3366ff;\" href=\"https:\/\/www.mumablue.com\/blog\/cuento-de-hermanos-grimm-poco-conocido\/\">\ud83d\udc0d La serpiente blanca (Hermanos Grimm)<\/a><\/strong><\/span><\/p>\n<h2><span style=\"color: #800080;\">Poemitas tranquillos y evocadores para dormir<\/span><\/h2>\n<p><span style=\"color: #3366ff;\">\ud83c\udf3e\u00a0<a style=\"color: #3366ff;\" href=\"https:\/\/www.mumablue.com\/blog\/poema-con-aliteracion-para-ninos-audiocuento\/\"><strong>El baile de la lib\u00e9lula<\/strong><\/a> <strong>\ud83c\udd95<\/strong><\/span><\/p>\n<p><strong><a href=\"https:\/\/www.mumablue.com\/blog\/poesia-para-ninos-con-valores-divertida\/\">\ud83c\udff0<span style=\"color: #3366ff;\"> El sue\u00f1o de la Bella Durmiente<\/span><\/a><\/strong><\/p>\n<p><span style=\"color: #3366ff;\"><strong><a style=\"color: #3366ff;\" href=\"https:\/\/www.mumablue.com\/blog\/poema-para-ninos-corto\/\">\ud83d\udc3a La peque\u00f1a vampira<\/a><\/strong><\/span><\/p>\n<p><span style=\"color: #3366ff;\"><strong><a style=\"color: #3366ff;\" href=\"https:\/\/www.mumablue.com\/blog\/poema-corto-para-ninos\/\">\ud83d\udc51\u00a0El cuento al rev\u00e9s<\/a><\/strong><\/span><\/p>\n<p><span style=\"color: #3366ff;\"><strong><a style=\"color: #3366ff;\" href=\"https:\/\/www.mumablue.com\/blog\/poema-de-humor-para-ninos\/\">\ud83d\udc09 \u00a1He capturado un drag\u00f3n!<\/a><\/strong><\/span><\/p>\n<p><span style=\"color: #3366ff;\"><strong><a style=\"color: #3366ff;\" href=\"https:\/\/www.mumablue.com\/blog\/poesia-divertida-para-ninos-monstruos\/\">\ud83c\udf12\u00a0La momia \u201cno quiero\u201d<\/a><\/strong><\/span><\/p>\n<p><span style=\"color: #3366ff;\"><strong><a style=\"color: #3366ff;\" href=\"https:\/\/www.mumablue.com\/blog\/poesia-graciosa-para-ninos\/\">\ud83d\udd2e Una poci\u00f3n misteriosa<\/a><\/strong><\/span><\/p>\n<p><span style=\"color: #3366ff;\"><strong><a style=\"color: #3366ff;\" href=\"https:\/\/www.mumablue.com\/blog\/poema-divertido-para-ninos-aburridos\/\">\ud83d\udc67 \u00a1Me aburro!<\/a><\/strong><\/span><\/p>\n<h2><span style=\"color: #800080;\">La nana m\u00e1s tierna y amorosa<\/span><\/h2>\n<p><strong><a href=\"https:\/\/www.mumablue.com\/blog\/nana-para-bebes-para-leer-o-cantar\/\"><span style=\"color: #3366ff;\">\ud83e\uddf8 La nana invisible<\/span><\/a><\/strong><\/p>\n<p><a href=\"https:\/\/www.mumablue.com\/esp\/nuestros-cuentos-personalizados\/frozen-disney-elsa-y-anna?utm_source=blog&amp;utm_medium=banner&amp;utm_campaign=paginas-audiocuentos&amp;utm_content=cuentos-dormir\" target=\"_blank\" rel=\"noopener\"><img decoding=\"async\" loading=\"lazy\" class=\"alignnone wp-image-7448 size-full\" src=\"https:\/\/www.mumablue.com\/blog\/wp-content\/uploads\/2025\/04\/Frozen-Banner.jpg\" alt=\"\" width=\"300\" height=\"460\" srcset=\"https:\/\/www.mumablue.com\/blog\/wp-content\/uploads\/2025\/04\/Frozen-Banner.jpg 300w, https:\/\/www.mumablue.com\/blog\/wp-content\/uploads\/2025\/04\/Frozen-Banner-196x300.jpg 196w\" sizes=\"(max-width: 300px) 100vw, 300px\" \/><\/a><\/p>\n<h2>Cuentos infantiles para dormir y escuchar<\/h2>\n<p>Esperamos que esta selecci\u00f3n de cuentos infantiles para dormir te haya ayudado. Habr\u00e1s observado que en la p\u00e1gina de cada uno de ellos<strong> puedes acceder tambi\u00e9n a su versi\u00f3n en audiocuento.<\/strong> Si prefieres tenerlos todos a mano, en una sola lista, puedes acceder directamente a la p\u00e1gina de <span style=\"color: #3366ff;\"><a style=\"color: #3366ff;\" href=\"https:\/\/www.mumablue.com\/blog\/pequehistorias\/\">cuentos infantiles cortos para dormir y escuchar<\/a><\/span>\u00a0que hemos preparado para ti y tu peque. \u00a1Tienes un mont\u00f3n de cuentos infantiles cortos para dormir narrados y teatralizados!<\/p>\n<p>Los <span style=\"font-size: 1rem;\">cuentos infantiles y cortos para dormir online son un maravilloso recurso para aquellos padres que les han le\u00eddo a sus ni\u00f1os m\u00e1s de un mill\u00f3n de veces los mismos cuentos. Adem\u00e1s, <strong>se pueden leer c\u00f3modamente a trav\u00e9s del m\u00f3vil, con la retroiluminaci\u00f3n de la pantalla<\/strong>, y mantener la luz de la habitaci\u00f3n apagada para que tu peque pueda conciliar el sue\u00f1o m\u00e1s r\u00e1pidamente.\u00a0<\/span><\/p>\n<div class=\"sc-hfVAxZ sc-dYYbgU jgtepf ldkxxa\">\n<div class=\"sc-iuhWtz sc-gggqho ggOKzO rDDms\">\n<p>En esta selecci\u00f3n incluimos diversos cuentos cortos infantiles para dormir con valores, gracias a los cuales<strong> los ni\u00f1os se dormir\u00e1n con bonitos recuerdos, al son de historias de bondad, tolerancia, gratitud, solidaridad, amor y empat\u00eda.<\/strong> Encontrar\u00e9is cuentos infantiles cortos para dormir de princesas, piratas, vikingos, dragones, animales, duendes, mariposas, hadas&#8230; \u00a1e incluso monstruos de lo m\u00e1s divertido!<\/p>\n<h2>Top 5 de cuentos cortos infantiles para dormir<\/h2>\n<ol>\n<li style=\"list-style-type: none;\">\n<ol>\n<li><strong>\u00abEl pirata Malapata\u00bb<\/strong>, un cuento corto para ir a dormir protagonizado por un alocado pirata que lleva meses buscando una isla perdida para enterrar el tesoro. Pero cuando al fin la encuentra, se da cuenta de que ya no est\u00e1 perdida y teme tener que volver a empezar. \u00a1Un relato para morirse de risa.<\/li>\n<li><strong>\u00abLuna de queso\u00bb<\/strong>. En este cuento infantil para dormir a los ni\u00f1os, unos divertidos extraterrestres llegan al pueblo de Villablue. All\u00ed conocer\u00e1n a Alba, Rita y Rom\u00e1n y les invitar\u00e1n a viajar a la Luna para comprobar si realmente est\u00e1 hecha de queso.<\/li>\n<li><strong>\u00abLa estrella de mar que viaj\u00f3 al espacio\u00bb<\/strong>. Nuestra protagonista es una estrella de mar que desea viajar al espacio para conocer a sus antepasados, las estrellas del cielo. Hace miles de a\u00f1os, muchas de ellas cayeron al mar a causa de una lluvia de estrellas. Pero los dos mundos no tienen nada que ver. Un cuento para dormir a los ni\u00f1os realmente tierno y que encierra una bonita lecci\u00f3n.<\/li>\n<li><strong>\u00abEste vikingo se marea\u00bb<\/strong>. El peque\u00f1o vikingo sue\u00f1a con navegar y descubrir remotas tierras, pero tiene un problema: los barcos le marean. Dedicar\u00e1 parte de su vida a construir un barco especial sobre el que poder navegar sin problema y poner rumbo a tierras lejanas.<\/li>\n<li><strong>\u00ab\u00a1Al unicornio se le ha ca\u00eddo su cuerno de leche!\u00bb<\/strong>. Se trata de un cuento corto infantil para leer por la noche con el que los peques se sentir\u00e1n muy identificados, ya que cuenta la historia de un peque\u00f1o unicornio muy preocupado porque no le crece el cuerno permanente.<\/li>\n<\/ol>\n<\/li>\n<\/ol>\n<p>Esperamos que tu peque disfrute con las historias que inventamos en Mumablue para \u00e9l, <strong>cuentos infantiles para dormir o para so\u00f1ar despiertos llenos de gui\u00f1os<\/strong>, risas, valores, fantas\u00eda y seres misteriosos. Unos cuentos en los que no existen los malos que, adem\u00e1s, incluyen un apartado de curiosidades, a modo de \u00abSab\u00edas que\u00bb, gracias al cual los peques, sin darse apenas cuenta, <strong>aprender\u00e1n muchas cosas, no solo de literatura, tambi\u00e9n de ciencia, biolog\u00eda, historia, mitolog\u00eda o astronom\u00eda.<\/strong> \u00a1D\u00e9janos un comentario y dinos qu\u00e9 te han parecido o d\u00e9janos peticiones y sugerencias para que escribamos nuevos cuentos infantiles para dormir.<\/p>\n<\/div>\n<\/div>\n<div style='text-align:left' class='yasr-auto-insert-visitor'><\/div>","protected":false},"excerpt":{"rendered":"<p>Muchos padres buscan cuentos infantiles para dormir cortos, para leerle a sus hijos antes de que se vayan a la cama. As\u00ed, los peques se duermen al mismo tiempo que despierta en ellos el amor por los relatos y la lectura desde que son peque\u00f1os. En Mumablue tenemos un firme compromiso con el fomento de [&hellip;]<\/p>\n","protected":false},"author":6,"featured_media":0,"parent":0,"menu_order":0,"comment_status":"closed","ping_status":"closed","template":"","meta":{"yasr_overall_rating":0,"yasr_post_is_review":"","yasr_auto_insert_disabled":"","yasr_review_type":""},"yasr_visitor_votes":{"number_of_votes":441,"sum_votes":1990,"stars_attributes":{"read_only":false,"span_bottom":false}},"yoast_head":"<!-- This site is optimized with the Yoast SEO plugin v14.5 - https:\/\/yoast.com\/wordpress\/plugins\/seo\/ -->\n<meta name=\"description\" content=\"Variada selecci\u00f3n de cuentos infantiles para dormir cortos, originales y con valores. Puedes le\u00e9rselos t\u00fa mismo o disfrutar juntos de los audiocuentos.\" \/>\n<meta name=\"robots\" content=\"index, follow\" \/>\n<meta name=\"googlebot\" content=\"index, follow, max-snippet:-1, max-image-preview:large, max-video-preview:-1\" \/>\n<meta name=\"bingbot\" content=\"index, follow, max-snippet:-1, max-image-preview:large, max-video-preview:-1\" \/>\n<link rel=\"canonical\" href=\"https:\/\/www.mumablue.com\/blog\/cuentos-infantiles-para-dormir-cortos-y-tranquilos\/\" \/>\n<meta property=\"og:locale\" content=\"es_ES\" \/>\n<meta property=\"og:type\" content=\"article\" \/>\n<meta property=\"og:title\" content=\"Cuentos infantiles para dormir cortos + audiocuentos - Blog Mumablue\" \/>\n<meta property=\"og:description\" content=\"Variada selecci\u00f3n de cuentos infantiles para dormir cortos, originales y con valores. Puedes le\u00e9rselos t\u00fa mismo o disfrutar juntos de los audiocuentos.\" \/>\n<meta property=\"og:url\" content=\"https:\/\/www.mumablue.com\/blog\/cuentos-infantiles-para-dormir-cortos-y-tranquilos\/\" \/>\n<meta property=\"og:site_name\" content=\"Blog Mumablue\" \/>\n<meta property=\"article:publisher\" content=\"https:\/\/www.facebook.com\/mumablue\/\" \/>\n<meta property=\"article:modified_time\" content=\"2025-04-24T10:06:20+00:00\" \/>\n<meta property=\"og:image\" content=\"https:\/\/www.mumablue.com\/blog\/wp-content\/uploads\/2020\/12\/Cuentos-para-dormir-ni\u00f1os.jpg\" \/>\n<meta name=\"twitter:card\" content=\"summary_large_image\" \/>\n<script type=\"application\/ld+json\" class=\"yoast-schema-graph\">{\"@context\":\"https:\/\/schema.org\",\"@graph\":[{\"@type\":\"Organization\",\"@id\":\"https:\/\/www.mumablue.com\/blog\/#organization\",\"name\":\"Mumablue\",\"url\":\"https:\/\/www.mumablue.com\/blog\/\",\"sameAs\":[\"https:\/\/www.facebook.com\/mumablue\/\",\"https:\/\/www.instagram.com\/mumablue\/?hl=es\"],\"logo\":{\"@type\":\"ImageObject\",\"@id\":\"https:\/\/www.mumablue.com\/blog\/#logo\",\"inLanguage\":\"es\",\"url\":\"https:\/\/www.mumablue.com\/blog\/wp-content\/uploads\/2020\/05\/Blog-Mumablue.png\",\"width\":749,\"height\":269,\"caption\":\"Mumablue\"},\"image\":{\"@id\":\"https:\/\/www.mumablue.com\/blog\/#logo\"}},{\"@type\":\"WebSite\",\"@id\":\"https:\/\/www.mumablue.com\/blog\/#website\",\"url\":\"https:\/\/www.mumablue.com\/blog\/\",\"name\":\"Blog Mumablue\",\"description\":\"Un blog de cuentos y audiocuentos gratis para ni\\u00f1os.\",\"publisher\":{\"@id\":\"https:\/\/www.mumablue.com\/blog\/#organization\"},\"potentialAction\":[{\"@type\":\"SearchAction\",\"target\":\"https:\/\/www.mumablue.com\/blog\/?s={search_term_string}\",\"query-input\":\"required name=search_term_string\"}],\"inLanguage\":\"es\"},{\"@type\":\"ImageObject\",\"@id\":\"https:\/\/www.mumablue.com\/blog\/cuentos-infantiles-para-dormir-cortos-y-tranquilos\/#primaryimage\",\"inLanguage\":\"es\",\"url\":\"https:\/\/www.mumablue.com\/blog\/wp-content\/uploads\/2020\/12\/Cuentos-para-dormir-ni\\u00f1os.jpg\",\"width\":500,\"height\":500,\"caption\":\"cuentos infantiles para dormir cortos\"},{\"@type\":\"WebPage\",\"@id\":\"https:\/\/www.mumablue.com\/blog\/cuentos-infantiles-para-dormir-cortos-y-tranquilos\/#webpage\",\"url\":\"https:\/\/www.mumablue.com\/blog\/cuentos-infantiles-para-dormir-cortos-y-tranquilos\/\",\"name\":\"Cuentos infantiles para dormir cortos + audiocuentos - Blog Mumablue\",\"isPartOf\":{\"@id\":\"https:\/\/www.mumablue.com\/blog\/#website\"},\"primaryImageOfPage\":{\"@id\":\"https:\/\/www.mumablue.com\/blog\/cuentos-infantiles-para-dormir-cortos-y-tranquilos\/#primaryimage\"},\"datePublished\":\"2020-12-23T18:12:13+00:00\",\"dateModified\":\"2025-04-24T10:06:20+00:00\",\"description\":\"Variada selecci\\u00f3n de cuentos infantiles para dormir cortos, originales y con valores. Puedes le\\u00e9rselos t\\u00fa mismo o disfrutar juntos de los audiocuentos.\",\"inLanguage\":\"es\",\"potentialAction\":[{\"@type\":\"ReadAction\",\"target\":[\"https:\/\/www.mumablue.com\/blog\/cuentos-infantiles-para-dormir-cortos-y-tranquilos\/\"]}]}]}<\/script>\n<!-- \/ Yoast SEO plugin. -->","_links":{"self":[{"href":"https:\/\/www.mumablue.com\/blog\/wp-json\/wp\/v2\/pages\/3357"}],"collection":[{"href":"https:\/\/www.mumablue.com\/blog\/wp-json\/wp\/v2\/pages"}],"about":[{"href":"https:\/\/www.mumablue.com\/blog\/wp-json\/wp\/v2\/types\/page"}],"author":[{"embeddable":true,"href":"https:\/\/www.mumablue.com\/blog\/wp-json\/wp\/v2\/users\/6"}],"replies":[{"embeddable":true,"href":"https:\/\/www.mumablue.com\/blog\/wp-json\/wp\/v2\/comments?post=3357"}],"version-history":[{"count":29,"href":"https:\/\/www.mumablue.com\/blog\/wp-json\/wp\/v2\/pages\/3357\/revisions"}],"predecessor-version":[{"id":7494,"href":"https:\/\/www.mumablue.com\/blog\/wp-json\/wp\/v2\/pages\/3357\/revisions\/7494"}],"wp:attachment":[{"href":"https:\/\/www.mumablue.com\/blog\/wp-json\/wp\/v2\/media?parent=3357"}],"curies":[{"name":"wp","href":"https:\/\/api.w.org\/{rel}","templated":true}]}}