{"id":3328,"date":"2020-12-22T16:26:08","date_gmt":"2020-12-22T16:26:08","guid":{"rendered":"https:\/\/mumablue.com\/blog\/?page_id=3328"},"modified":"2025-05-23T09:11:13","modified_gmt":"2025-05-23T09:11:13","slug":"audiocuentos-de-navidad-para-ninos-gratis","status":"publish","type":"page","link":"https:\/\/www.mumablue.com\/blog\/audiocuentos-de-navidad-para-ninos-gratis\/","title":{"rendered":"Audiocuentos de Navidad para ni\u00f1os gratis"},"content":{"rendered":"<p><script src=\"https:\/\/www.buzzsprout.com\/937792\/9717131-mision-salvar-la-navidad.js?container_id=buzzsprout-player-9717131&#038;player=small\" type=\"text\/javascript\" charset=\"utf-8\"><\/script><\/p>\n<h3><span style=\"color: #800080;\"><strong>\u00a1Consigue este cuento de Pap\u00e1 Noel en papel, personalizado para tu peque!<\/strong><\/span><\/h3>\n<p>En <a href=\"https:\/\/www.mumablue.com\/esp\/nuestros-cuentos-personalizados\/cuento-personalizado-de-navidad\/?utm_source=blog&amp;utm_medium=link&amp;utm_campaign=audiocuentos-navidad&amp;utm_content=audiocuentos-navidad-ninos-gratis\" target=\"_blank\" rel=\"noopener\"><span style=\"color: #3366ff;\">\u00ab(Nombre de tu peque) salva la Navidad\u00bb<\/span><\/a>, protagonizar\u00e1 con su nombre y su avatar una aventura navide\u00f1a. Ahora, si te unes al <strong><span style=\"color: #3366ff;\"><a style=\"color: #3366ff;\" href=\"https:\/\/www.mumablue.com\/esp\/inicio#mumaClub\" target=\"_blank\" rel=\"noopener\">MumaClub<\/a><\/span><\/strong>, te hacemos u<strong>n 10% de descuento en este o en cualquier cuento personalizado<\/strong> de nuestro cat\u00e1logo.<\/p>\n<div id=\"buzzsprout-player-9822157\"><\/div>\n<p><script src=\"https:\/\/www.buzzsprout.com\/937792\/9822157-los-reyes-magos-de-desoriente.js?container_id=buzzsprout-player-9822157&#038;player=small\" type=\"text\/javascript\" charset=\"utf-8\"><\/script><\/p>\n<p><script src=\"https:\/\/www.buzzsprout.com\/937792\/9784209-el-arbol-de-navidad.js?container_id=buzzsprout-player-9784209&#038;player=small\" type=\"text\/javascript\" charset=\"utf-8\"><\/script><\/p>\n<p><script src=\"https:\/\/www.buzzsprout.com\/937792\/9752412-el-cascanueces-y-el-rey-de-los-ratones.js?container_id=buzzsprout-player-9752412&#038;player=small\" type=\"text\/javascript\" charset=\"utf-8\"><\/script><\/p>\n<h6><script src=\"https:\/\/www.buzzsprout.com\/937792\/6908321-cancion-de-navidad-dickens.js?container_id=buzzsprout-player-6908321&#038;player=small\" type=\"text\/javascript\" charset=\"utf-8\"><\/script><\/h6>\n<h6><script src=\"https:\/\/www.buzzsprout.com\/937792\/6510787-mi-cuento-de-navidad.js?container_id=buzzsprout-player-6510787&amp;player=small\" type=\"text\/javascript\" charset=\"utf-8\"><\/script><\/h6>\n<h6><script src=\"https:\/\/www.buzzsprout.com\/937792\/6839818-loco-villancico.js?container_id=buzzsprout-player-6839818&#038;player=small\" type=\"text\/javascript\" charset=\"utf-8\"><\/script><\/h6>\n<h6><script src=\"https:\/\/www.buzzsprout.com\/937792\/7029379-no-vienen-los-reyes.js?container_id=buzzsprout-player-7029379&#038;player=small\" type=\"text\/javascript\" charset=\"utf-8\"><\/script><\/h6>\n<h6><script src=\"https:\/\/www.buzzsprout.com\/937792\/7133506-especial-reyes-magos.js?container_id=buzzsprout-player-7133506&#038;player=small\" type=\"text\/javascript\" charset=\"utf-8\"><\/script><\/h6>\n<h2>Audiocuentos de Navidad muy diversos. Argumentos<\/h2>\n<p>\u00bfNo sabes c\u00f3mo entretener a los peques estas Navidades? Te dejamos una selecci\u00f3n de audiocuentos de Navidad para ni\u00f1os con los que el entretenimiento y la diversi\u00f3n est\u00e1n garantizados. \u00a1Y son gratis! <strong>Con esta selecci\u00f3n, las Navidades ser\u00e1n muy pero que muy divertidas<\/strong>, ya que est\u00e1 compuesta por audiocuentos para todos los gustos.<\/p>\n<p>El primero de estos audiocuentos de Navidad para ni\u00f1os es una historia que no puede faltar en estas fiestas. Se trata de <strong>\u00abCanci\u00f3n de Navidad\u00bb, una versi\u00f3n de la aclamada novela de Charles Dickens<\/strong>, narrada para ni\u00f1os, en la que se ha mantenido su car\u00e1cter dialogado y los personajes hablan con voz propia. Es una propuesta de radioteatro muy especial, ambientada con m\u00fasicas navide\u00f1as y con efectos sonoros que transportar\u00e1n a los ni\u00f1os a la mism\u00edsima Inglaterra victoriana.<\/p>\n<p>Este audiocuento est\u00e1 pensado para escucharlo en familia, mientras se disfruta de un chocolate caliente y algunos dulces navide\u00f1os. Con una duraci\u00f3n de 30 minutos, el audiocuento \u00abCanci\u00f3n de Navidad\u00bb es un resumen que contempla con gran fidelidad la novela de Dickens, por lo que es una forma maravillosa de que<strong> ni\u00f1os y mayores se aproximen a esta obra cumbre de la literatura universal.<\/strong><\/p>\n<p>No puede faltar \u00ab<strong>Mi cuento de Navidad\u00bb, la versi\u00f3n de audio del cuento personalizado que Mumablue<\/strong> ha realizado en colaboraci\u00f3n con PNP Polo Norte Port\u00e1til (DESCATALOGADO). La publicaci\u00f3n en papel es una Edici\u00f3n Limitada que solo estar\u00e1 disponible hasta finales de estas Navidades, por lo que si te interesa hacer un regalo, debes darte prisa y <span style=\"color: #3366ff;\"><a style=\"color: #3366ff;\" href=\"https:\/\/www.mumablue.com\/?utm_source=blog&amp;utm_medium=link&amp;utm_campaign=audiocuentos-navidad&amp;utm_content=audiocuentos-navidad-ninos-gratis\">personalizar Mi cuento de Navidad<\/a><\/span> en nuestra web. Si no, no te preocupes, porque el audiocuento estar\u00e1 disponible siempre para tu peque, y gratis.<\/p>\n<p>\u00a1No todo iban a ser cuentos tradicionales!<strong> \u00abLoco villancico\u00bb es mitad canci\u00f3n, mitad teatro&#8230; \u00a1Los peques se mueren de risa<\/strong> con esta original propuesta. \u00abLoco villancico\u00bb est\u00e1 interpretado por el Mumablue m\u00e1s rockero y a \u00e9l se unen los personajes del cuento \u00ab<span style=\"color: #3366ff;\"><a style=\"color: #3366ff;\" href=\"https:\/\/www.mumablue.com\/blog\/cuento-de-caperucita-roja-diferente-audiocuento-gratis\/\">Caperucita Rebelde<\/a><\/span>\u00ab. \u00a1Promete ser la canci\u00f3n de estas Navidades! \ud83d\ude09 \u00a1Ah! Y por si acaso no entend\u00e9is algunas partes, os dejamos la <a href=\"https:\/\/www.mumablue.com\/blog\/villancico-divertido-para-ninos-cantar-escuchar\"><span style=\"color: #3366ff;\">letra de Loco villancico<\/span><\/a>.<\/p>\n<p><a href=\"https:\/\/www.mumablue.com\/esp\/nuestros-cuentos-personalizados\/cuento-personalizado-de-navidad-familia?utm_source=blog&amp;utm_medium=blog-content&amp;utm_campaign=article-page&amp;utm_content=post-audiocuentos-navidad\" target=\"_blank\" rel=\"noopener noreferrer\"><img decoding=\"async\" loading=\"lazy\" class=\"alignnone wp-image-6585 size-full\" src=\"https:\/\/www.mumablue.com\/blog\/wp-content\/uploads\/2022\/11\/BANNER-BLOG-NAVIDAD-2.jpg\" alt=\"\" width=\"715\" height=\"216\" srcset=\"https:\/\/www.mumablue.com\/blog\/wp-content\/uploads\/2022\/11\/BANNER-BLOG-NAVIDAD-2.jpg 715w, https:\/\/www.mumablue.com\/blog\/wp-content\/uploads\/2022\/11\/BANNER-BLOG-NAVIDAD-2-300x91.jpg 300w, https:\/\/www.mumablue.com\/blog\/wp-content\/uploads\/2022\/11\/BANNER-BLOG-NAVIDAD-2-624x189.jpg 624w\" sizes=\"(max-width: 715px) 100vw, 715px\" \/><\/a><\/p>\n<p>En el D\u00eda de los Santos Inocentes queremos gastar una peque\u00f1a broma a los peques. \u00bfY qu\u00e9 mejor manera que con el audiocuento \u00ab\u00a1No vienen los Reyes!\u00bb? <strong>Algo le ha ocurrido al rey Melchor y parece que este a\u00f1o no podr\u00e1 estar repartiendo regalos.<\/strong> \u00a1Los ni\u00f1os podr\u00edan quedarse sin parte de su bot\u00edn! La propuesta es que sea sustituido por Pap\u00e1 Noel&#8230; Una idea que no a todo el mundo le parece bien.<\/p>\n<p>El audiocuento Especial Reyes Magos no es un cuento: es una obra de teatro sonora que hemos realizado en colaboraci\u00f3n con <span style=\"color: #3366ff;\"><a style=\"color: #3366ff;\" href=\"https:\/\/audiodrama.es\/\" target=\"_blank\" rel=\"noopener noreferrer\">Audiodrama Colectivo<\/a><\/span>, una asociaci\u00f3n de radioteatro compuesta por profesionales del mundo del doblaje, actores y actrices de radio y t\u00e9cnicos especializados. \u00a1<strong>Una aut\u00e9ntica joya que rescata el esp\u00edritu del dram\u00e1tico radiof\u00f3nico<\/strong> que tanto gustaba a nuestros padres y abuelos! En esta pequehistoria, dos hermanos protagonizan una divertida historia junto a personajes un tanto extravagantes. \u00a1No pod\u00edan faltar sus Majestades los Reyes!<\/p>\n<p>\u00a1Esperamos que tu peque haya disfrutado a tope con nuestra selecci\u00f3n de Audiocuentos de Navidad para ni\u00f1os! \u00a1Nos vemos el pr\u00f3ximo a\u00f1o con m\u00e1s pequehistorias navide\u00f1as!<\/p>\n<p><img decoding=\"async\" loading=\"lazy\" class=\"alignnone size-full wp-image-3339\" src=\"https:\/\/www.mumablue.com\/blog\/wp-content\/uploads\/2020\/12\/Audiocuentos-cortos-Navidad.jpg\" alt=\"audiocuentos de Navidad para ni\u00f1os\" width=\"500\" height=\"500\" data-wp-editing=\"1\" srcset=\"https:\/\/www.mumablue.com\/blog\/wp-content\/uploads\/2020\/12\/Audiocuentos-cortos-Navidad.jpg 500w, https:\/\/www.mumablue.com\/blog\/wp-content\/uploads\/2020\/12\/Audiocuentos-cortos-Navidad-300x300.jpg 300w, https:\/\/www.mumablue.com\/blog\/wp-content\/uploads\/2020\/12\/Audiocuentos-cortos-Navidad-150x150.jpg 150w\" sizes=\"(max-width: 500px) 100vw, 500px\" \/><\/p>\n<p>M\u00fasicas de Dominio P\u00fablico y CC 3.0<\/p>\n<p><strong>Canci\u00f3n de Navidad:<\/strong> <span style=\"color: #3366ff;\"><a style=\"color: #3366ff;\" href=\"https:\/\/incompetech.com\/music\/royalty-free\/?genre=Holiday\" target=\"_blank\" rel=\"noopener noreferrer\">We wish you a merry Christmas<\/a><\/span> y <span style=\"color: #3366ff;\"><a style=\"color: #3366ff;\" href=\"https:\/\/lamusicagratis.com\/decargar-musica\/agnus-dei-x\">Agnus Dei<\/a><\/span>, (Kevin MacLeod) <a href=\"https:\/\/lamusicagratis.com\/decargar-musica\/silent-night-musica-de-navidad\" target=\"_blank\" rel=\"noopener noreferrer\"><span style=\"color: #3366ff;\">Silent night<\/span><\/a> (Joseph Mohr, Franz Xaver Gruber, US Army chorus)<br \/>\n<strong>Mi cuento de Navidad:<\/strong> <span style=\"color: #3366ff;\"><a style=\"color: #3366ff;\" href=\"https:\/\/incompetech.com\/music\/royalty-free\/?genre=Holiday\" target=\"_blank\" rel=\"noopener noreferrer\">We wish you a merry Christmas<\/a><\/span> y\u00a0<span style=\"color: #0000ff;\"><a style=\"color: #0000ff;\" href=\"https:\/\/incompetech.com\/music\/royalty-free\/?genre=Holiday\" target=\"_blank\" rel=\"noopener noreferrer\">Jingle Bells<\/a><\/span> (Kevin MacLeod)<br \/>\n<strong>Loco villancico:<\/strong> <span style=\"color: #0000ff;\"><a style=\"color: #0000ff;\" href=\"https:\/\/incompetech.com\/music\/royalty-free\/?genre=Holiday\" target=\"_blank\" rel=\"noopener noreferrer\">Jingle Bells<\/a><\/span> (Kevin MacLeod) y <span style=\"color: #0000ff;\"><a style=\"color: #0000ff;\" href=\"https:\/\/www.free-stock-music.com\/alexander-nakarada-jingle-bells-metal-version.html\" target=\"_blank\" rel=\"noopener noreferrer\">Jingle Bells Metal Version<\/a><\/span> (Alexander Nakarada)<br \/>\n<strong>No vienen los Reyes:<\/strong> <span style=\"color: #3366ff;\"><a style=\"color: #3366ff;\" href=\"https:\/\/freepd.com\/scoring.php\" target=\"_blank\" rel=\"noopener noreferrer\">Slice of life<\/a><\/span> (Bryan Teoh) y <span style=\"color: #3366ff;\"><a style=\"color: #3366ff;\" href=\"https:\/\/freepd.com\/upbeat.php\" target=\"_blank\" rel=\"noopener noreferrer\">Stereotype News<\/a><\/span> (Rafael Krux)<br \/>\n<strong>Especial Reyes Magos:<\/strong> <span style=\"color: #3366ff;\"><a style=\"color: #3366ff;\" href=\"https:\/\/www.facebook.com\/elaticodelossuenhos\" target=\"_blank\" rel=\"noopener noreferrer\">El \u00c1tico de los Sue\u00f1os\u00a9<\/a><\/span><\/p>\n<p><a style=\"color: #00ccff;\" href=\"https:\/\/www.mumablue.com\/blog\/pequehistorias\"><img decoding=\"async\" loading=\"lazy\" class=\"alignnone size-full wp-image-1237\" src=\"https:\/\/www.mumablue.com\/blog\/wp-content\/uploads\/2020\/06\/audiocuentos-terror.jpg\" alt=\"audiocuentos de miedo\" width=\"96\" height=\"96\" srcset=\"https:\/\/www.mumablue.com\/blog\/wp-content\/uploads\/2020\/06\/audiocuentos-terror.jpg 96w, https:\/\/www.mumablue.com\/blog\/wp-content\/uploads\/2020\/06\/audiocuentos-terror-50x50.jpg 50w, https:\/\/www.mumablue.com\/blog\/wp-content\/uploads\/2020\/06\/audiocuentos-terror-75x75.jpg 75w, https:\/\/www.mumablue.com\/blog\/wp-content\/uploads\/2020\/06\/audiocuentos-terror-85x85.jpg 85w, https:\/\/www.mumablue.com\/blog\/wp-content\/uploads\/2020\/06\/audiocuentos-terror-80x80.jpg 80w\" sizes=\"(max-width: 96px) 100vw, 96px\" \/><\/a><span style=\"color: #3366ff;\">Volver a Todas las Pequehistorias<\/span><\/p>\n<div style='text-align:left' class='yasr-auto-insert-visitor'><\/div>","protected":false},"excerpt":{"rendered":"<p>\u00a1Consigue este cuento de Pap\u00e1 Noel en papel, personalizado para tu peque! En \u00ab(Nombre de tu peque) salva la Navidad\u00bb, protagonizar\u00e1 con su nombre y su avatar una aventura navide\u00f1a. Ahora, si te unes al MumaClub, te hacemos un 10% de descuento en este o en cualquier cuento personalizado de nuestro cat\u00e1logo. Audiocuentos de Navidad [&hellip;]<\/p>\n","protected":false},"author":6,"featured_media":0,"parent":0,"menu_order":0,"comment_status":"closed","ping_status":"closed","template":"","meta":{"yasr_overall_rating":0,"yasr_post_is_review":"","yasr_auto_insert_disabled":"","yasr_review_type":""},"yasr_visitor_votes":{"number_of_votes":21,"sum_votes":92,"stars_attributes":{"read_only":false,"span_bottom":false}},"yoast_head":"<!-- This site is optimized with the Yoast SEO plugin v14.5 - https:\/\/yoast.com\/wordpress\/plugins\/seo\/ -->\n<meta name=\"description\" content=\"La mejor y m\u00e1s divertida selecci\u00f3n de audiocuentos de Navidad para ni\u00f1os. Un loco villancico, una versi\u00f3n de Dickens, un Especial Reyes... \u00a1Os encantar\u00e1n!\" \/>\n<meta name=\"robots\" content=\"index, follow\" \/>\n<meta name=\"googlebot\" content=\"index, follow, max-snippet:-1, max-image-preview:large, max-video-preview:-1\" \/>\n<meta name=\"bingbot\" content=\"index, follow, max-snippet:-1, max-image-preview:large, max-video-preview:-1\" \/>\n<link rel=\"canonical\" href=\"https:\/\/www.mumablue.com\/blog\/audiocuentos-de-navidad-para-ninos-gratis\/\" \/>\n<meta property=\"og:locale\" content=\"es_ES\" \/>\n<meta property=\"og:type\" content=\"article\" \/>\n<meta property=\"og:title\" content=\"Audiocuentos de Navidad para ni\u00f1os gratis - Blog Mumablue\" \/>\n<meta property=\"og:description\" content=\"La mejor y m\u00e1s divertida selecci\u00f3n de audiocuentos de Navidad para ni\u00f1os. Un loco villancico, una versi\u00f3n de Dickens, un Especial Reyes... \u00a1Os encantar\u00e1n!\" \/>\n<meta property=\"og:url\" content=\"https:\/\/www.mumablue.com\/blog\/audiocuentos-de-navidad-para-ninos-gratis\/\" \/>\n<meta property=\"og:site_name\" content=\"Blog Mumablue\" \/>\n<meta property=\"article:publisher\" content=\"https:\/\/www.facebook.com\/mumablue\/\" \/>\n<meta property=\"article:modified_time\" content=\"2025-05-23T09:11:13+00:00\" \/>\n<meta property=\"og:image\" content=\"https:\/\/www.mumablue.com\/blog\/wp-content\/uploads\/2022\/11\/BANNER-BLOG-NAVIDAD-2.jpg\" \/>\n<meta name=\"twitter:card\" content=\"summary_large_image\" \/>\n<script type=\"application\/ld+json\" class=\"yoast-schema-graph\">{\"@context\":\"https:\/\/schema.org\",\"@graph\":[{\"@type\":\"Organization\",\"@id\":\"https:\/\/www.mumablue.com\/blog\/#organization\",\"name\":\"Mumablue\",\"url\":\"https:\/\/www.mumablue.com\/blog\/\",\"sameAs\":[\"https:\/\/www.facebook.com\/mumablue\/\",\"https:\/\/www.instagram.com\/mumablue\/?hl=es\"],\"logo\":{\"@type\":\"ImageObject\",\"@id\":\"https:\/\/www.mumablue.com\/blog\/#logo\",\"inLanguage\":\"es\",\"url\":\"https:\/\/www.mumablue.com\/blog\/wp-content\/uploads\/2020\/05\/Blog-Mumablue.png\",\"width\":749,\"height\":269,\"caption\":\"Mumablue\"},\"image\":{\"@id\":\"https:\/\/www.mumablue.com\/blog\/#logo\"}},{\"@type\":\"WebSite\",\"@id\":\"https:\/\/www.mumablue.com\/blog\/#website\",\"url\":\"https:\/\/www.mumablue.com\/blog\/\",\"name\":\"Blog Mumablue\",\"description\":\"Un blog de cuentos y audiocuentos gratis para ni\\u00f1os.\",\"publisher\":{\"@id\":\"https:\/\/www.mumablue.com\/blog\/#organization\"},\"potentialAction\":[{\"@type\":\"SearchAction\",\"target\":\"https:\/\/www.mumablue.com\/blog\/?s={search_term_string}\",\"query-input\":\"required name=search_term_string\"}],\"inLanguage\":\"es\"},{\"@type\":\"ImageObject\",\"@id\":\"https:\/\/www.mumablue.com\/blog\/audiocuentos-de-navidad-para-ninos-gratis\/#primaryimage\",\"inLanguage\":\"es\",\"url\":\"https:\/\/www.mumablue.com\/blog\/wp-content\/uploads\/2022\/11\/BANNER-BLOG-NAVIDAD-2.jpg\",\"width\":715,\"height\":216},{\"@type\":\"WebPage\",\"@id\":\"https:\/\/www.mumablue.com\/blog\/audiocuentos-de-navidad-para-ninos-gratis\/#webpage\",\"url\":\"https:\/\/www.mumablue.com\/blog\/audiocuentos-de-navidad-para-ninos-gratis\/\",\"name\":\"Audiocuentos de Navidad para ni\\u00f1os gratis - Blog Mumablue\",\"isPartOf\":{\"@id\":\"https:\/\/www.mumablue.com\/blog\/#website\"},\"primaryImageOfPage\":{\"@id\":\"https:\/\/www.mumablue.com\/blog\/audiocuentos-de-navidad-para-ninos-gratis\/#primaryimage\"},\"datePublished\":\"2020-12-22T16:26:08+00:00\",\"dateModified\":\"2025-05-23T09:11:13+00:00\",\"description\":\"La mejor y m\\u00e1s divertida selecci\\u00f3n de audiocuentos de Navidad para ni\\u00f1os. Un loco villancico, una versi\\u00f3n de Dickens, un Especial Reyes... \\u00a1Os encantar\\u00e1n!\",\"inLanguage\":\"es\",\"potentialAction\":[{\"@type\":\"ReadAction\",\"target\":[\"https:\/\/www.mumablue.com\/blog\/audiocuentos-de-navidad-para-ninos-gratis\/\"]}]}]}<\/script>\n<!-- \/ Yoast SEO plugin. -->","_links":{"self":[{"href":"https:\/\/www.mumablue.com\/blog\/wp-json\/wp\/v2\/pages\/3328"}],"collection":[{"href":"https:\/\/www.mumablue.com\/blog\/wp-json\/wp\/v2\/pages"}],"about":[{"href":"https:\/\/www.mumablue.com\/blog\/wp-json\/wp\/v2\/types\/page"}],"author":[{"embeddable":true,"href":"https:\/\/www.mumablue.com\/blog\/wp-json\/wp\/v2\/users\/6"}],"replies":[{"embeddable":true,"href":"https:\/\/www.mumablue.com\/blog\/wp-json\/wp\/v2\/comments?post=3328"}],"version-history":[{"count":21,"href":"https:\/\/www.mumablue.com\/blog\/wp-json\/wp\/v2\/pages\/3328\/revisions"}],"predecessor-version":[{"id":7545,"href":"https:\/\/www.mumablue.com\/blog\/wp-json\/wp\/v2\/pages\/3328\/revisions\/7545"}],"wp:attachment":[{"href":"https:\/\/www.mumablue.com\/blog\/wp-json\/wp\/v2\/media?parent=3328"}],"curies":[{"name":"wp","href":"https:\/\/api.w.org\/{rel}","templated":true}]}}