{"id":3257,"date":"2020-12-01T08:24:46","date_gmt":"2020-12-01T08:24:46","guid":{"rendered":"https:\/\/mumablue.com\/blog\/?page_id=3257"},"modified":"2025-05-29T12:14:41","modified_gmt":"2025-05-29T12:14:41","slug":"cuento-emotivo-para-leer-a-los-ninos-moraleja","status":"publish","type":"page","link":"https:\/\/www.mumablue.com\/blog\/cuento-emotivo-para-leer-a-los-ninos-moraleja\/","title":{"rendered":"Cuento emotivo para leer a los ni\u00f1os con moraleja"},"content":{"rendered":"<p><img decoding=\"async\" loading=\"lazy\" class=\"alignnone size-full wp-image-3260\" src=\"https:\/\/www.mumablue.com\/blog\/wp-content\/uploads\/2020\/11\/Una-mam\u00e1-nueva.jpg\" alt=\"cuento emotivo para leer\" width=\"500\" height=\"500\" srcset=\"https:\/\/www.mumablue.com\/blog\/wp-content\/uploads\/2020\/11\/Una-mam\u00e1-nueva.jpg 500w, https:\/\/www.mumablue.com\/blog\/wp-content\/uploads\/2020\/11\/Una-mam\u00e1-nueva-300x300.jpg 300w, https:\/\/www.mumablue.com\/blog\/wp-content\/uploads\/2020\/11\/Una-mam\u00e1-nueva-150x150.jpg 150w\" sizes=\"(max-width: 500px) 100vw, 500px\" \/><\/p>\n<p>Aqu\u00ed tienes un<strong> cuento emotivo para leer a los ni\u00f1os, con moraleja, educativo y con valores<\/strong>, que ense\u00f1a a poner en valor a los pap\u00e1s, por mucho que \u00abnos fastidien\u00bb dici\u00e9ndonos todo el rato lo que tenemos que hacer.<\/p>\n<p>En \u00abUna mam\u00e1 nueva\u00bb, la ni\u00f1a protagonista le pide un deseo a un extra\u00f1o geniecillo, pero pronto se volver\u00e1 en su contra y deber\u00e1 revertir el hechizo.\u00a0Antes de seguir,<strong> os animamos a escucharlo en formato audiocuento<\/strong>. \u00a1Os lo contamos nosotros!<\/p>\n<h2>Audiocuento \u00abUna mam\u00e1 nueva\u00bb<\/h2>\n<h6><script src=\"https:\/\/www.buzzsprout.com\/937792\/5977030-una-mama-nueva.js?container_id=buzzsprout-player-5977030&amp;player=small\" type=\"text\/javascript\" charset=\"utf-8\"><\/script>M\u00fasica: CC0 <a href=\"https:\/\/freepd.com\/upbeat.php\"><span style=\"color: #3366ff;\">Be chillin&#8217;<\/span><\/a> y <span style=\"color: #3366ff;\"><a style=\"color: #3366ff;\" href=\"https:\/\/freepd.com\/upbeat.php\">Relaxing Ballad<\/a><\/span>, por Alexander Nakarada; CC 3.0 <span style=\"color: #3366ff;\"><a style=\"color: #3366ff;\" href=\"https:\/\/freemusicarchive.org\/music\/Kevin_MacLeod\">Presentator<\/a><\/span>, por Kevin MacLeod<\/h6>\n<p><a href=\"https:\/\/www.mumablue.com\/esp\/nuestros-cuentos-personalizados\/juntos-es?utm_source=blog&amp;utm_medium=banner&amp;utm_campaign=p\u00e1ginas-audiocuentos&amp;utm_content=cuento-emotivo-leer\" target=\"_blank\" rel=\"noopener noreferrer\"><img decoding=\"async\" loading=\"lazy\" class=\"alignnone wp-image-5033 size-full\" src=\"https:\/\/www.mumablue.com\/blog\/wp-content\/uploads\/2021\/09\/Cuento-sobre-la-Familia.jpg\" alt=\"cuento sobre mam\u00e1 y pap\u00e1\" width=\"715\" height=\"162\" srcset=\"https:\/\/www.mumablue.com\/blog\/wp-content\/uploads\/2021\/09\/Cuento-sobre-la-Familia.jpg 715w, https:\/\/www.mumablue.com\/blog\/wp-content\/uploads\/2021\/09\/Cuento-sobre-la-Familia-300x68.jpg 300w, https:\/\/www.mumablue.com\/blog\/wp-content\/uploads\/2021\/09\/Cuento-sobre-la-Familia-624x141.jpg 624w\" sizes=\"(max-width: 715px) 100vw, 715px\" \/><\/a><\/p>\n<p>Tal vez prefieras le\u00e9rselo t\u00fa directamente a tu peque. Es posible, porque en <span style=\"color: #3366ff;\"><a style=\"color: #3366ff;\" href=\"https:\/\/www.mumablue.com\/esp?utm_source=blog&amp;utm_medium=blog-content&amp;utm_campaign=article-page&amp;utm_content=mama\" target=\"_blank\" rel=\"noopener noreferrer\">Mumablue<\/a><\/span> tambi\u00e9n lo hemos transcrito. Y si quieres hacerlo a\u00fan m\u00e1s envolvente,<strong> puedes poner esta m\u00fasica de fondo para ambientar.<\/strong><\/p>\n<p><iframe style=\"border: 0; width: 100%; height: 42px;\" src=\"https:\/\/bandcamp.com\/EmbeddedPlayer\/album=511335925\/size=small\/bgcol=ffffff\/linkcol=0687f5\/track=2188054527\/transparent=true\/\" seamless=\"\"><a href=\"https:\/\/alexandernakarada.bandcamp.com\/album\/collection-acoustic-ballad\">Collection &#8211; Acoustic &amp; Ballad by Alexander Nakarada<\/a><\/iframe><\/p>\n<h2 style=\"text-align: left;\">Cuento emotivo para leer a los ni\u00f1os: Una mam\u00e1 nueva<\/h2>\n<p><span style=\"font-weight: 400;\">A Lolita no le gustaba que su madre le ordenara com\u00e9rselo todo. Tampoco se la ve\u00eda muy contenta cuando le ped\u00eda que recogiera su habitaci\u00f3n, o cuando le mandaba que apagara la tele, la obligaba a hacer deberes o cuando la rega\u00f1aba por hacer alguna diablura.<\/span><\/p>\n<p><span style=\"font-weight: 400;\">-Lolita, recoge tu habitaci\u00f3n -le dec\u00eda su mam\u00e1.<\/span><\/p>\n<p><span style=\"font-weight: 400;\">-\u00a1No quiero!<\/span><\/p>\n<p><span style=\"font-weight: 400;\">-\u00a1Oye, no apartes los guisantes! -le rega\u00f1aba a la hora de comer.<\/span><\/p>\n<p><span style=\"font-weight: 400;\">-\u00a1No me gustan!<\/span><\/p>\n<p><span style=\"font-weight: 400;\">-\u00bfY esto? \u00bfQui\u00e9n lo ha roto? -preguntaba su mam\u00e1.<\/span><\/p>\n<p><span style=\"font-weight: 400;\">-\u00a1Yo no! Lo comprar\u00edas as\u00ed&#8230;<\/span><\/p>\n<p><span style=\"font-weight: 400;\">\u00a1Ya estaba harta! As\u00ed que, aquella noche, cuando se meti\u00f3 en la cama y apag\u00f3 la luz, apret\u00f3 mucho los ojos y dese\u00f3 con todas sus fuerzas una mam\u00e1 nueva.<\/span><\/p>\n<p><span style=\"font-weight: 400;\">Cuando abri\u00f3 los ojos, vio un peque\u00f1o geniecillo flotando delante de sus narices.<\/span><\/p>\n<p><span style=\"font-weight: 400;\">-\u00bfMe has llamado? -pregunt\u00f3 el geniecillo- Me ha parecido notar que ped\u00edas un deseo.<\/span><\/p>\n<p><span style=\"font-weight: 400;\">-Guauuuu, \u00bfEres de verdad? -se asombr\u00f3 Lolita.<\/span><\/p>\n<p><span style=\"font-weight: 400;\">-\u00a1Mucho m\u00e1s de lo que parezco! -brome\u00f3 el geniecillo.<\/span><\/p>\n<p><span style=\"font-weight: 400;\">-Me gustar\u00eda poder cambiar en mi mam\u00e1 unas cosas que no me gustan.<\/span><\/p>\n<p><span style=\"font-weight: 400;\">-\u00bfEst\u00e1s segura?<\/span><\/p>\n<p><span style=\"font-weight: 400;\">-\u00a1Segur\u00edsima!<\/span><\/p>\n<p><span style=\"font-weight: 400;\">-Bueno\u2026 -respondi\u00f3 el geniecillo con poco convencimiento en sus palabras- entonces necesitar\u00e1s esto.<\/span><\/p>\n<p><span style=\"font-weight: 400;\">Un destello luminoso rompi\u00f3 la oscuridad de la habitaci\u00f3n. El extra\u00f1o geniecillo hizo aparecer una varita.<\/span><\/p>\n<p><span style=\"font-weight: 400;\">-Con esta varita m\u00e1gica podr\u00e1s cambiar en tu mam\u00e1 todas aquellas cosas que no te gustan.<\/span><\/p>\n<p><span style=\"font-weight: 400;\">-\u00bfDe verdad? -pregunt\u00f3 Lolita.<\/span><\/p>\n<p><span style=\"font-weight: 400;\">-Pero debes tener cuidado. Recuerda que los sue\u00f1os de hoy ser\u00e1n las pesadillas de ma\u00f1ana.\u00a0<\/span><\/p>\n<p><span style=\"font-weight: 400;\">Tras pronunciar esas misteriosas palabras, el geniecillo se esfum\u00f3.<\/span><\/p>\n<p><span style=\"font-weight: 400;\">A la ma\u00f1ana siguiente, Lolita cogi\u00f3 su varita y se dispuso a desayunar. Su mam\u00e1 le hab\u00eda preparado una macedonia de frutas. \u00a1Pero ella quer\u00eda galletas de chocolate! Mientras revolv\u00eda las frutas del plato de un lado para otro, su mam\u00e1 le dijo:<\/span><\/p>\n<p><span style=\"font-weight: 400;\">-\u00a1Lolita! No marees la comida -insist\u00eda su mam\u00e1.<\/span><\/p>\n<p><span style=\"font-weight: 400;\">-\u00a1No quiero fruta!<\/span><\/p>\n<p><span style=\"font-weight: 400;\">En ese momento la varita desprendi\u00f3 un haz de estrellas luminosas. Entonces la mirada de su mam\u00e1 se qued\u00f3 como perdida y, sin decir ni una sola palabra, cambi\u00f3 el plato de frutas por un paquete de galletas. \u00a1Guau! Hab\u00eda sido incre\u00edble. La varita m\u00e1gica era lo m\u00e1s maravilloso que se pod\u00eda tener. \u00a1Mucho mejor que los Superzings o el LEGO de Harry Potter!<\/span><\/p>\n<p><span style=\"font-weight: 400;\">Pasaron los d\u00edas, Lolita utilizaba la varita ante cualquier situaci\u00f3n, por poco inc\u00f3moda que fuera. \u00a1Pero lo m\u00e1s incre\u00edble es que los cambios que realizaba en su madre no eran temporales, sino que se quedaban guardados para siempre! Sin embargo, empez\u00f3 a notar algo raro\u2026 era como si su madre ya no la viera, como si Lolita se hubiera vuelto invisible. Le segu\u00eda dando besos y abrazos y jugando con ella, eso s\u00ed, pero Lolita sent\u00eda que en el fondo era lo mismo que si viviera con un robot. A\u00fan as\u00ed, parec\u00eda como si la varita tuviera tambi\u00e9n poder sobre ella. \u00a1No pod\u00eda dejar de usarla ante cualquier negativa o mandato de su mam\u00e1! Hasta que un d\u00eda su mam\u00e1 dej\u00f3 de existir.<\/span><\/p>\n<p><span style=\"font-weight: 400;\">No es que la mam\u00e1 de Lolita desapareciera. No. Ella segu\u00eda all\u00ed, con su pelo casta\u00f1o y sus grandes ojos verdes. Su cuerpo s\u00ed que estaba\u2026 era m\u00e1s bien como si le hubiera desaparecido el alma.<\/span><\/p>\n<p><span style=\"font-weight: 400;\">Al cabo de unas semanas Lolita no pod\u00eda m\u00e1s. Echaba mucho de menos a su mam\u00e1. Esta mam\u00e1 nueva no le gustaba nada\u2026 y no es que no fuera c\u00f3moda, \u00a1Al contrario! Pero no era su mam\u00e1. Entonces record\u00f3 las palabras del geniecillo: \u201cLos sue\u00f1os de hoy ser\u00e1n las pesadillas de ma\u00f1ana\u201d. Y, al fin, las comprendi\u00f3. Entonces se ech\u00f3 a llorar desconsoladamente.<\/span><\/p>\n<p><span style=\"font-weight: 400;\">-\u00a1Quiero que vuelva mi mam\u00e1! -solloz\u00f3 Lolita, entre l\u00e1grimas.<\/span><\/p>\n<p><span style=\"font-weight: 400;\">En ese momento apareci\u00f3 de nuevo el geniecillo.<\/span><\/p>\n<p><span style=\"font-weight: 400;\">-Vaya, con tantas l\u00e1grimas me he mojado las babuchas &#8211; dijo la extra\u00f1a criatura, saltando de un pie a otro sobre un peque\u00f1o charquito que se hab\u00eda formado en el suelo.<\/span><\/p>\n<p><span style=\"font-weight: 400;\">-\u00bfEres t\u00fa? \u00a1Por favor, haz que vuelva mi mam\u00e1!<\/span><\/p>\n<p><span style=\"font-weight: 400;\">El geniecillo se qued\u00f3 un rato pensativo.<\/span><\/p>\n<p><span style=\"font-weight: 400;\">-\u00a1Dime algo! -solloz\u00f3 Lolita.<\/span><\/p>\n<p><span style=\"font-weight: 400;\">-Para romper el hechizo debes decir las palabras m\u00e1gicas.<\/span><\/p>\n<p><span style=\"font-weight: 400;\">-\u00bfQu\u00e9 palabras m\u00e1gicas? \u00a1\u00a1No me las s\u00e9!! -se desesper\u00f3 Lolita.<\/span><\/p>\n<p><span style=\"font-weight: 400;\">-Entonces no podr\u00e1s recuperar a tu mam\u00e1.<\/span><\/p>\n<p><span style=\"font-weight: 400;\">Y diciendo esto, el geniecillo comenz\u00f3 a desvanecerse. Antes de que desapareciera por completo, Lolita decidi\u00f3 probar.<\/span><\/p>\n<p><span style=\"font-weight: 400;\">-\u00a1Espera! -grit\u00f3 la ni\u00f1a.<\/span><\/p>\n<p><span style=\"font-weight: 400;\">El geniecillo reapareci\u00f3 vestido de presentador de concurso.<\/span><\/p>\n<p><span style=\"font-weight: 400;\">-Solo tienes tres intentos -le advirti\u00f3.<\/span><\/p>\n<p><span style=\"font-weight: 400;\">Lolita estaba nervios\u00edsima. \u00bfC\u00f3mo encontrar\u00eda las palabras m\u00e1gicas con s\u00f3lo tres intentos? \u00a1Necesitar\u00eda, por lo menos, cien mil millones de intentos! \u00a1Hab\u00eda ca\u00eddo en las garras de un geniecillo malvado y medio loco!<\/span><\/p>\n<p><span style=\"font-weight: 400;\">-\u00bfAbra cadabra?<\/span><\/p>\n<p><span style=\"font-weight: 400;\">-ERROR.<\/span><\/p>\n<p><span style=\"font-weight: 400;\">-\u00bf\u00c1brete, S\u00e9samo?<\/span><\/p>\n<p><span style=\"font-weight: 400;\">-ERROR. \u00bfTengo cara de Ali Bab\u00e1?<\/span><\/p>\n<p><span style=\"font-weight: 400;\">A Lolita s\u00f3lo le quedaba una oportunidad. Cerr\u00f3 los ojos y se concentr\u00f3 al m\u00e1ximo. Tanto, que pudo notar c\u00f3mo sus neuronas chisporroteaban dentro de su cerebro.<\/span><\/p>\n<p><span style=\"font-weight: 400;\">-\u00a1\u00a1Las pesadillas de hoy fueron los sue\u00f1os de ayer!!<\/span><\/p>\n<p><span style=\"font-weight: 400;\">-\u00a1COOOO-RRECTO! Anunci\u00f3 el geniecillo.<\/span><\/p>\n<p><span style=\"font-weight: 400;\">Y con unas risitas burlonas, desapareci\u00f3, junto con la varita m\u00e1gica.<\/span><\/p>\n<p><span style=\"font-weight: 400;\">En ese momento su mam\u00e1 entr\u00f3 en la habitaci\u00f3n.<\/span><\/p>\n<p><span style=\"font-weight: 400;\">-\u00a1Lolita! \u00bfSe puede saber qu\u00e9 son esos gritos? Me has asustado.<\/span><\/p>\n<p><span style=\"font-weight: 400;\">-\u00a1\u00a1Mam\u00e1!!<\/span><\/p>\n<p><span style=\"font-weight: 400;\">Lolita corri\u00f3 a abrazar a su mam\u00e1, entre l\u00e1grimas. \u00a1Hab\u00eda vuelto! \u00a1Hab\u00eda recuperado a su mam\u00e1!<\/span><\/p>\n<p><span style=\"font-weight: 400;\">Y as\u00ed fue como Lolita aprendi\u00f3 tres cosas:<\/span><\/p>\n<p><span style=\"font-weight: 400;\">Que hay que tener mucho cuidado con lo que se desea\u2026 porque puede hacerse realidad.<\/span><\/p>\n<p><span style=\"font-weight: 400;\">Que nuestra mam\u00e1, la aut\u00e9ntica, se compone de las cosas que nos gustan m\u00e1s y las que nos gustan menos.<\/span><\/p>\n<p><span style=\"font-weight: 400;\">Y que\u2026<\/span><\/p>\n<p><span style=\"font-weight: 400;\">-\u00a1Tengo la mejor mam\u00e1 del mundo entero!<\/span><\/p>\n<h2><a href=\"https:\/\/www.mumablue.com\/esp\/nuestros-cuentos-personalizados\/juntos-es?utm_source=blog&amp;utm_medium=banner&amp;utm_campaign=p\u00e1ginas-audiocuentos&amp;utm_content=cuento-emotivo-leer\" target=\"_blank\" rel=\"noopener noreferrer\"><img decoding=\"async\" loading=\"lazy\" class=\"alignnone wp-image-5033 size-full\" src=\"https:\/\/www.mumablue.com\/blog\/wp-content\/uploads\/2021\/09\/Cuento-sobre-la-Familia.jpg\" alt=\"cuento sobre mam\u00e1 y pap\u00e1\" width=\"715\" height=\"162\" srcset=\"https:\/\/www.mumablue.com\/blog\/wp-content\/uploads\/2021\/09\/Cuento-sobre-la-Familia.jpg 715w, https:\/\/www.mumablue.com\/blog\/wp-content\/uploads\/2021\/09\/Cuento-sobre-la-Familia-300x68.jpg 300w, https:\/\/www.mumablue.com\/blog\/wp-content\/uploads\/2021\/09\/Cuento-sobre-la-Familia-624x141.jpg 624w\" sizes=\"(max-width: 715px) 100vw, 715px\" \/><\/a><\/h2>\n<h2>Cuentos emotivos y con valores Mumablue<\/h2>\n<p>\u00bfTe ha gustado este cuento emotivo para ni\u00f1os leer a los ni\u00f1os? Si es as\u00ed, <strong>te invitamos a descubrir otros muchos cuentos con valores para leer<\/strong> y escuchar en nuestra p\u00e1gina de\u00a0<span style=\"color: #3366ff;\"><a style=\"color: #3366ff;\" href=\"https:\/\/www.mumablue.com\/blog\/cuentos-infantiles-para-leer-cortos-gratis\/\">cuentos infantiles para leer<\/a>. <\/span><\/p>\n<p><span style=\"color: #3366ff;\"><span style=\"color: #333333;\">All\u00ed <strong>encontrar\u00e1s no s\u00f3lo cuentos con valores y moralejas muy actuales<\/strong>, sino tambi\u00e9n poemas para ni\u00f1os, revisiones de los cl\u00e1sicos, cuentos teatralizados, mitolog\u00eda cl\u00e1sica y muchas otras sorpresas completamente gratis.\u00a0 \u00a1Esperamos que este cuento emotivo para leer a los ni\u00f1os os haya gustado!<\/span><\/span><\/p>\n<div style='text-align:left' class='yasr-auto-insert-visitor'><\/div>","protected":false},"excerpt":{"rendered":"<p>Aqu\u00ed tienes un cuento emotivo para leer a los ni\u00f1os, con moraleja, educativo y con valores, que ense\u00f1a a poner en valor a los pap\u00e1s, por mucho que \u00abnos fastidien\u00bb dici\u00e9ndonos todo el rato lo que tenemos que hacer. En \u00abUna mam\u00e1 nueva\u00bb, la ni\u00f1a protagonista le pide un deseo a un extra\u00f1o geniecillo, pero [&hellip;]<\/p>\n","protected":false},"author":6,"featured_media":0,"parent":0,"menu_order":0,"comment_status":"closed","ping_status":"closed","template":"","meta":{"yasr_overall_rating":0,"yasr_post_is_review":"","yasr_auto_insert_disabled":"","yasr_review_type":""},"yasr_visitor_votes":{"number_of_votes":212,"sum_votes":979,"stars_attributes":{"read_only":false,"span_bottom":false}},"yoast_head":"<!-- This site is optimized with the Yoast SEO plugin v14.5 - https:\/\/yoast.com\/wordpress\/plugins\/seo\/ -->\n<meta name=\"description\" content=\"En este cuento emotivo para leer a los ni\u00f1os la portagonista, Lolita, pide como deseo cambiar a su mam\u00e1. \u00a1Pronto descubrir\u00e1 que no era tan buena idea!\" \/>\n<meta name=\"robots\" content=\"index, follow\" \/>\n<meta name=\"googlebot\" content=\"index, follow, max-snippet:-1, max-image-preview:large, max-video-preview:-1\" \/>\n<meta name=\"bingbot\" content=\"index, follow, max-snippet:-1, max-image-preview:large, max-video-preview:-1\" \/>\n<link rel=\"canonical\" href=\"https:\/\/www.mumablue.com\/blog\/cuento-emotivo-para-leer-a-los-ninos-moraleja\/\" \/>\n<meta property=\"og:locale\" content=\"es_ES\" \/>\n<meta property=\"og:type\" content=\"article\" \/>\n<meta property=\"og:title\" content=\"Cuento emotivo para leer a los ni\u00f1os con moraleja - Blog Mumablue\" \/>\n<meta property=\"og:description\" content=\"En este cuento emotivo para leer a los ni\u00f1os la portagonista, Lolita, pide como deseo cambiar a su mam\u00e1. \u00a1Pronto descubrir\u00e1 que no era tan buena idea!\" \/>\n<meta property=\"og:url\" content=\"https:\/\/www.mumablue.com\/blog\/cuento-emotivo-para-leer-a-los-ninos-moraleja\/\" \/>\n<meta property=\"og:site_name\" content=\"Blog Mumablue\" \/>\n<meta property=\"article:publisher\" content=\"https:\/\/www.facebook.com\/mumablue\/\" \/>\n<meta property=\"article:modified_time\" content=\"2025-05-29T12:14:41+00:00\" \/>\n<meta property=\"og:image\" content=\"https:\/\/www.mumablue.com\/blog\/wp-content\/uploads\/2020\/11\/Una-mam\u00e1-nueva.jpg\" \/>\n<meta name=\"twitter:card\" content=\"summary_large_image\" \/>\n<script type=\"application\/ld+json\" class=\"yoast-schema-graph\">{\"@context\":\"https:\/\/schema.org\",\"@graph\":[{\"@type\":\"Organization\",\"@id\":\"https:\/\/www.mumablue.com\/blog\/#organization\",\"name\":\"Mumablue\",\"url\":\"https:\/\/www.mumablue.com\/blog\/\",\"sameAs\":[\"https:\/\/www.facebook.com\/mumablue\/\",\"https:\/\/www.instagram.com\/mumablue\/?hl=es\"],\"logo\":{\"@type\":\"ImageObject\",\"@id\":\"https:\/\/www.mumablue.com\/blog\/#logo\",\"inLanguage\":\"es\",\"url\":\"https:\/\/www.mumablue.com\/blog\/wp-content\/uploads\/2020\/05\/Blog-Mumablue.png\",\"width\":749,\"height\":269,\"caption\":\"Mumablue\"},\"image\":{\"@id\":\"https:\/\/www.mumablue.com\/blog\/#logo\"}},{\"@type\":\"WebSite\",\"@id\":\"https:\/\/www.mumablue.com\/blog\/#website\",\"url\":\"https:\/\/www.mumablue.com\/blog\/\",\"name\":\"Blog Mumablue\",\"description\":\"Un blog de cuentos y audiocuentos gratis para ni\\u00f1os.\",\"publisher\":{\"@id\":\"https:\/\/www.mumablue.com\/blog\/#organization\"},\"potentialAction\":[{\"@type\":\"SearchAction\",\"target\":\"https:\/\/www.mumablue.com\/blog\/?s={search_term_string}\",\"query-input\":\"required name=search_term_string\"}],\"inLanguage\":\"es\"},{\"@type\":\"ImageObject\",\"@id\":\"https:\/\/www.mumablue.com\/blog\/cuento-emotivo-para-leer-a-los-ninos-moraleja\/#primaryimage\",\"inLanguage\":\"es\",\"url\":\"https:\/\/www.mumablue.com\/blog\/wp-content\/uploads\/2020\/11\/Una-mam\\u00e1-nueva.jpg\",\"width\":500,\"height\":500,\"caption\":\"cuento emotivo para leer\"},{\"@type\":\"WebPage\",\"@id\":\"https:\/\/www.mumablue.com\/blog\/cuento-emotivo-para-leer-a-los-ninos-moraleja\/#webpage\",\"url\":\"https:\/\/www.mumablue.com\/blog\/cuento-emotivo-para-leer-a-los-ninos-moraleja\/\",\"name\":\"Cuento emotivo para leer a los ni\\u00f1os con moraleja - Blog Mumablue\",\"isPartOf\":{\"@id\":\"https:\/\/www.mumablue.com\/blog\/#website\"},\"primaryImageOfPage\":{\"@id\":\"https:\/\/www.mumablue.com\/blog\/cuento-emotivo-para-leer-a-los-ninos-moraleja\/#primaryimage\"},\"datePublished\":\"2020-12-01T08:24:46+00:00\",\"dateModified\":\"2025-05-29T12:14:41+00:00\",\"description\":\"En este cuento emotivo para leer a los ni\\u00f1os la portagonista, Lolita, pide como deseo cambiar a su mam\\u00e1. \\u00a1Pronto descubrir\\u00e1 que no era tan buena idea!\",\"inLanguage\":\"es\",\"potentialAction\":[{\"@type\":\"ReadAction\",\"target\":[\"https:\/\/www.mumablue.com\/blog\/cuento-emotivo-para-leer-a-los-ninos-moraleja\/\"]}]}]}<\/script>\n<!-- \/ Yoast SEO plugin. -->","_links":{"self":[{"href":"https:\/\/www.mumablue.com\/blog\/wp-json\/wp\/v2\/pages\/3257"}],"collection":[{"href":"https:\/\/www.mumablue.com\/blog\/wp-json\/wp\/v2\/pages"}],"about":[{"href":"https:\/\/www.mumablue.com\/blog\/wp-json\/wp\/v2\/types\/page"}],"author":[{"embeddable":true,"href":"https:\/\/www.mumablue.com\/blog\/wp-json\/wp\/v2\/users\/6"}],"replies":[{"embeddable":true,"href":"https:\/\/www.mumablue.com\/blog\/wp-json\/wp\/v2\/comments?post=3257"}],"version-history":[{"count":10,"href":"https:\/\/www.mumablue.com\/blog\/wp-json\/wp\/v2\/pages\/3257\/revisions"}],"predecessor-version":[{"id":7567,"href":"https:\/\/www.mumablue.com\/blog\/wp-json\/wp\/v2\/pages\/3257\/revisions\/7567"}],"wp:attachment":[{"href":"https:\/\/www.mumablue.com\/blog\/wp-json\/wp\/v2\/media?parent=3257"}],"curies":[{"name":"wp","href":"https:\/\/api.w.org\/{rel}","templated":true}]}}