{"id":3241,"date":"2020-11-30T16:26:55","date_gmt":"2020-11-30T16:26:55","guid":{"rendered":"https:\/\/mumablue.com\/blog\/?page_id=3241"},"modified":"2025-05-29T12:52:13","modified_gmt":"2025-05-29T12:52:13","slug":"cuento-de-caperucita-roja-diferente-audiocuento-gratis","status":"publish","type":"page","link":"https:\/\/www.mumablue.com\/blog\/cuento-de-caperucita-roja-diferente-audiocuento-gratis\/","title":{"rendered":"Cuento de Caperucita Roja diferente + Audiocuento gratis"},"content":{"rendered":"<p><img decoding=\"async\" loading=\"lazy\" class=\"alignnone size-full wp-image-6127\" src=\"https:\/\/www.mumablue.com\/blog\/wp-content\/uploads\/2022\/08\/Caperucita-Rebelde-2.jpg\" alt=\"Cuento de Caperucita Roja diferente\" width=\"500\" height=\"500\" srcset=\"https:\/\/www.mumablue.com\/blog\/wp-content\/uploads\/2022\/08\/Caperucita-Rebelde-2.jpg 500w, https:\/\/www.mumablue.com\/blog\/wp-content\/uploads\/2022\/08\/Caperucita-Rebelde-2-300x300.jpg 300w, https:\/\/www.mumablue.com\/blog\/wp-content\/uploads\/2022\/08\/Caperucita-Rebelde-2-150x150.jpg 150w\" sizes=\"(max-width: 500px) 100vw, 500px\" \/><\/p>\n<p>Muchos pap\u00e1s y mam\u00e1s buscan un cuento de Caperucita Roja diferente al original, <strong>un cuento reinventado, gratis y divertido con el que sorprender a los ni\u00f1os<\/strong>, partiendo de la base del cuento cl\u00e1sico, de sobra conocido por los peque\u00f1os. Es, precisamente, el hecho de romper con el cuento cl\u00e1sico lo que les cautiva, pues al conocer la historia original, el factor sorpresa que favorece la reinvenci\u00f3n hace que los ni\u00f1os se diviertan y r\u00edan a carcajadas.<\/p>\n<p>Si quieres que tu peque pase un buen rato,<strong> te recomendamos \u00abCaperucita Rebelde\u00bb, la versi\u00f3n del Cuento de Caperucita roja m\u00e1s divertida.<\/strong> \u00a1Y si lo prefieres, este cuento de Caperucita Roja diferente para leer o representar, se lo contamos nosotros! Un audiocuento de Caperucita Roja como ning\u00fan otro que hayas escuchado, \u00a1palabra!.<\/p>\n<h2>Audiocuento \u00abCaperucita Rebelde\u00bb<\/h2>\n<h6><script src=\"https:\/\/www.buzzsprout.com\/937792\/6395023-caperucita-rebelde.js?container_id=buzzsprout-player-6395023&amp;player=small\" type=\"text\/javascript\" charset=\"utf-8\"><\/script>M\u00fasica: CC 0 <a href=\"https:\/\/lamusicagratis.com\/decargar-musica\/morning-mood\" target=\"_blank\" rel=\"noopener noreferrer\"><span style=\"color: #3366ff;\">Morning Mood (Gynt Suite n\u00b01)<\/span><\/a>, de Edvard Grieg.<\/h6>\n<blockquote>\n<h3><img decoding=\"async\" loading=\"lazy\" class=\"alignnone wp-image-583 ls-is-cached lazyloaded\" src=\"https:\/\/www.mumablue.com\/blog\/wp-content\/uploads\/2020\/03\/favicon.ico\" alt=\"\" width=\"44\" height=\"44\" data-src=\"https:\/\/www.mumablue.com\/blog\/wp-content\/uploads\/2020\/03\/favicon.ico\" \/>\u00a0<span style=\"color: #800080;\"> \u00bfTe ha gustado? \u00a1<\/span><span style=\"color: #800080;\">Descubre el <span style=\"color: #3366ff;\"><a style=\"color: #3366ff;\" href=\"http:\/\/mumablue.com\/blog\/especial-caperucita-rebelde-la-saga-de-audiocuentos-mas-divertida\/\" target=\"_blank\" rel=\"noopener noreferrer\">Especial Caperucita Rebelde<\/a>\u00a0<\/span>gratis!<\/span><\/h3>\n<\/blockquote>\n<p><a href=\"https:\/\/www.mumablue.com\/esp\/nuestros-cuentos-personalizados\/la-magia-del-nombre-mi-nino?utm_source=blog&amp;utm_medium=banner&amp;utm_campaign=p\u00e1ginas-audiocuentos&amp;utm_content=cuento-caperucita\" target=\"_blank\" rel=\"noopener noreferrer\"><img decoding=\"async\" loading=\"lazy\" class=\"alignnone wp-image-5002 size-full\" src=\"https:\/\/www.mumablue.com\/blog\/wp-content\/uploads\/2021\/09\/Cuento-de-Hadas.jpg\" alt=\"cuento de Caperucita Roja diferente\" width=\"715\" height=\"162\" srcset=\"https:\/\/www.mumablue.com\/blog\/wp-content\/uploads\/2021\/09\/Cuento-de-Hadas.jpg 715w, https:\/\/www.mumablue.com\/blog\/wp-content\/uploads\/2021\/09\/Cuento-de-Hadas-300x68.jpg 300w, https:\/\/www.mumablue.com\/blog\/wp-content\/uploads\/2021\/09\/Cuento-de-Hadas-624x141.jpg 624w\" sizes=\"(max-width: 715px) 100vw, 715px\" \/><\/a><\/p>\n<p>Pero eso no es todo. Caperucita Rebelde se puede representar en familia porque te dejamos el gui\u00f3n teatralizado. Y puedes ponerle de fondo esta m\u00fasica para darle m\u00e1s ambiente. \u00a1Atr\u00e9vete con este cuento de Caperucita Roja con un final diferente e inesperado!<\/p>\n<p><iframe loading=\"lazy\" src=\"https:\/\/open.spotify.com\/embed\/track\/4Xis9Vme0tzd4dGbBgwCnX\" width=\"600\" height=\"80\" frameborder=\"0\"><span data-mce-type=\"bookmark\" style=\"display: inline-block; width: 0px; overflow: hidden; line-height: 0;\" class=\"mce_SELRES_start\">\ufeff<\/span><span data-mce-type=\"bookmark\" style=\"display: inline-block; width: 0px; overflow: hidden; line-height: 0;\" class=\"mce_SELRES_start\">\ufeff<\/span><span data-mce-type=\"bookmark\" style=\"display: inline-block; width: 0px; overflow: hidden; line-height: 0;\" class=\"mce_SELRES_start\">\ufeff<\/span><span data-mce-type=\"bookmark\" style=\"display: inline-block; width: 0px; overflow: hidden; line-height: 0;\" class=\"mce_SELRES_start\">\ufeff<\/span><span data-mce-type=\"bookmark\" style=\"display: inline-block; width: 0px; overflow: hidden; line-height: 0;\" class=\"mce_SELRES_start\">\ufeff<\/span><span data-mce-type=\"bookmark\" style=\"display: inline-block; width: 0px; overflow: hidden; line-height: 0;\" class=\"mce_SELRES_start\">\ufeff<\/span><\/iframe><\/p>\n<h2>Cuento de Caperucita Roja diferente: Caperucita Rebelde<\/h2>\n<p><span style=\"font-weight: 400;\">NARRADOR: \u00c9rase una vez una preciosa ni\u00f1a que siempre llevaba una capa roja con capucha para protegerse del fr\u00edo. Por eso, todo el mundo la llamaba Caperucita Roja.\u00a0<\/span><\/p>\n<p><span style=\"font-weight: 400;\">CAPERUCITA: Vale, para, para, para. Yo creo que ya est\u00e1 bien, \u00bfno?<\/span><\/p>\n<p><span style=\"font-weight: 400;\">NARRADOR: Pero, \u00bfQui\u00e9n es? \u00bfQui\u00e9n habla?<\/span><\/p>\n<p><span style=\"font-weight: 400;\">CAPERUCITA: \u00bfQui\u00e9n va a ser? Soy yo, Caperucita. \u00a1Llevas m\u00e1s de 350 a\u00f1os contando esta historia, \u00bf y ahora vas a decirme que no me reconoces?!<\/span><\/p>\n<p><span style=\"font-weight: 400;\">NARRADOR: Ah, s\u00ed\u2026 pues\u2026 perdona, es que yo\u2026<\/span><\/p>\n<p><span style=\"font-weight: 400;\">CAPERUCITA: \u00a1T\u00fa, nada! Estoy un poco harta ya de este cuento. Para empezar, \u00bfQu\u00e9 es eso de \u201cCaperucita\u201d, eso no es un nombre. \u00a1Me llamo Antonia!<\/span><\/p>\n<p><span style=\"font-weight: 400;\">NARRADOR: Ah, Antonia, vale, bueno\u2026<\/span><\/p>\n<p><span style=\"font-weight: 400;\">NARRADOR: \u00c9rase una vez una preciosa ni\u00f1a que siempre llevaba una capa roja con capucha para protegerse del fr\u00edo. Por eso, todo el mundo la llamaba\u2026 Antonia.<\/span><\/p>\n<p><span style=\"font-weight: 400;\">NARRADOR: Oye, perdona, pero es que esto no pega.<\/span><\/p>\n<p><span style=\"font-weight: 400;\">CAPERUCITA: \u00bfEl qu\u00e9 no pega?<\/span><\/p>\n<p><span style=\"font-weight: 400;\">NARRADOR: Pues lo de llamarse Antonia por llevar una caperuza roja.<\/span><\/p>\n<p><span style=\"font-weight: 400;\">CAPERUCITA: \u00a1Esa es otra! Las capas con capucha hace mucho tiempo que pasaron de moda. Prefiero\u2026 \u00a1Un jersey de Hello Kitty!<\/span><\/p>\n<p><span style=\"font-weight: 400;\">NARRADOR: No s\u00e9 yo si eso no me estropea un poco el cuento\u2026<\/span><\/p>\n<p><span style=\"font-weight: 400;\">CAPERUCITA: \u00bfQue te estropea el cuento? \u00a1PER-DO-NA! Llevo unos cuantos siglos haciendo todo lo que t\u00fa dices. A partir de ahora mando yo. Que vaya lata con el lobo para arriba y para abajo\u2026<\/span><\/p>\n<p><span style=\"font-weight: 400;\">NARRADOR: Est\u00e1 bien, est\u00e1 bien. Probemos\u2026<\/span><\/p>\n<p><span style=\"font-weight: 400;\">NARRADOR: \u00c9rase una vez una preciosa ni\u00f1a que siempre llevaba un jersey de Hello Kitty para protegerse del fr\u00edo. Por eso, todo el mundo la llamaba\u2026 Antonia Kitty.\u00a0<\/span><\/p>\n<p><span style=\"font-weight: 400;\">NARRADOR: \u00bfAs\u00ed?<\/span><\/p>\n<p><span style=\"font-weight: 400;\">CAPERUCITA: Aham&#8230;<\/span><\/p>\n<p><span style=\"font-weight: 400;\">NARRADOR: Antonia viv\u00eda en una casita cerca del bosque. Un d\u00eda, su mam\u00e1 le pidi\u00f3 que le llevara a su abuela una cesta con dulces y un tarrito de miel, porque la anciana estaba enferma y viv\u00eda sola al otro lado del bosque\u2026<\/span><\/p>\n<p><span style=\"font-weight: 400;\">CAPERUCITA: Vale, para, para. Para, otra vez. Eso de mi abuela enferma no me mola nada, \u00bfsabes? \u00a1Nos tienes todo el d\u00eda preocupados con este tema! Y, ahora que lo pienso, \u00bfEst\u00e1s diciendo que vaya a visitar a mi abuelita?<\/span><\/p>\n<p><span style=\"font-weight: 400;\">NARRADOR: Pues\u2026 s\u00ed<\/span><\/p>\n<p><span style=\"font-weight: 400;\">CAPERUCITA: \u00bfEn serio? \u00bfPero no sabes que hay coronavirus y no me puedo acercar a mi abuelita?<\/span><\/p>\n<p><span style=\"font-weight: 400;\">NARRADOR: Ah, pues es que eso no lo hab\u00eda pensado, claro\u2026<\/span><\/p>\n<p><span style=\"font-weight: 400;\">CAPERUCITA: \u00a1Si es que no piensas! S\u00f3lo repites el mismo cuento, una y otra vez, como una letan\u00eda.\u00a0<\/span><\/p>\n<p><span style=\"font-weight: 400;\">NARRADOR: \u00bfY si le dejas la cestita en la puerta?<\/span><\/p>\n<p><span style=\"font-weight: 400;\">CAPERUCITA: Hmmm\u2026 vale. As\u00ed me da tiempo luego a hacer unos recados PRI-VA-DOS que tengo que hacer.<\/span><\/p>\n<p><span style=\"font-weight: 400;\">NARRADOR: Un d\u00eda, su mam\u00e1 le pidi\u00f3 que le llevara a su abuela -que estaba confinada- una cesta con dulces y un tarrito gel hidroalcoh\u00f3lico, pero le advirti\u00f3 que no se acercara a ella, porque hab\u00eda coronavirus, y que le dejara la cestita en la puerta.<\/span><\/p>\n<p><em><span style=\"font-weight: 400;\">(PAUSA)<\/span><\/em><\/p>\n<p><span style=\"font-weight: 400;\">CAPERUCITA: \u00bfQu\u00e9 pasa, narradora? \u00a1Sigue!<\/span><\/p>\n<p><span style=\"font-weight: 400;\">NARRADOR: Hmmm, no s\u00e9, es que este cuento est\u00e1 quedando un poco raro\u2026<\/span><\/p>\n<p><span style=\"font-weight: 400;\">NARRADOR: Pero adem\u00e1s de eso, su mam\u00e1 le hizo otra advertencia: deb\u00eda tener cuidado con el lobo feroz que habitaba en el bosque.<\/span><\/p>\n<p><span style=\"font-weight: 400;\">CAPERUCITA: \u00bfFeroz? \u00bfEn serio? \u00a1Pero si es un triste! Le has dado tanta ca\u00f1a con el cazador ese al final del cuento que ya se me acerca acobardado. \u00a1Si es \u00e9l qui\u00e9n se esconde cuando me ve aparecer!<\/span><\/p>\n<p><span style=\"font-weight: 400;\">NARRADOR: \u00a1Pero es que sin lobo feroz, s\u00ed que no hay cuento! (SUSURRA) Seguro que a \u00e9l no le importa.<\/span><\/p>\n<p><span style=\"font-weight: 400;\">CAPERUCITA: \u00bfQue no le importa? Chssst, eh, lobo. Ven aqu\u00ed, ven.\u00a0<\/span><\/p>\n<p><span style=\"font-weight: 400;\">LOBO: \u00a1Qu\u00e9 pasa! Si es que le ha ocurrido algo a tu abuela, yo no he sido, \u00bfeh?<\/span><\/p>\n<p><span style=\"font-weight: 400;\">CAPERUCITA: Que no. Que es que estoy aqu\u00ed discutiendo con la narradora de nuestro cuento.\u00a0<\/span><\/p>\n<p><span style=\"font-weight: 400;\">LOBO: \u00bfAh, s\u00ed? \u00a1Pues yo, dimito!<\/span><\/p>\n<p><span style=\"font-weight: 400;\">NARRADOR: Un momento, no puedes dimitir. Eres el personaje m\u00e1s importante del cuento.<\/span><\/p>\n<p><span style=\"font-weight: 400;\">CAPERUCITA: \u00bfEl m\u00e1s importante? Oye, perdona, pero \u00bfC\u00f3mo se llama el cuento?\u00a0<\/span><\/p>\n<p><span style=\"font-weight: 400;\">NARRADOR: Caperucita Roja<\/span><\/p>\n<p><span style=\"font-weight: 400;\">CAPERUCITA: Pues eso. \u00a1A partir de ahora Antonia Kitty! No se te olvide.<\/span><\/p>\n<p><span style=\"font-weight: 400;\">LOBO: \u00bfQui\u00e9n es Antonia Kitty?<\/span><\/p>\n<p><span style=\"font-weight: 400;\">ABUELITA: \u00a1Caperucita! Llevo una hora esper\u00e1ndote. \u00bfSe puede saber qu\u00e9 haces aqu\u00ed?<\/span><\/p>\n<p><span style=\"font-weight: 400;\">NARRADOR: \u00a1La que faltaba!<\/span><\/p>\n<p><span style=\"font-weight: 400;\">LOBO: Buenos d\u00edas, do\u00f1a Eustaquia<\/span><\/p>\n<p><span style=\"font-weight: 400;\">ABUELITA: \u00a1T\u00fa, calla! \u00a1Que me tienes contenta!<\/span><\/p>\n<p><span style=\"font-weight: 400;\">CAPERUCITA: Pero, abuelita&#8230;<\/span><\/p>\n<p><span style=\"font-weight: 400;\">ABUELITA: \u00a1Si es que si no vengo yo\u2026! Trae <em>pa ac\u00e1<\/em> la cesta. Y t\u00fa, largo.<\/span><\/p>\n<p><span style=\"font-weight: 400;\">LOBO: \u00a1No quiero! Narradora, quiero que cambien a esta se\u00f1ora, sabe rancia.<\/span><\/p>\n<p><span style=\"font-weight: 400;\">ABUELITA: Uyyy, \u00bfRancia, yo? \u00a1Pero c\u00f3mo te atreves, lobo mugriento! Que me dejas la cama siempre llena de pulgas.<\/span><\/p>\n<p><span style=\"font-weight: 400;\">NARRADOR: \u00a1A ver! Un poco de orden. Uno por uno. \u00bfPod\u00e9is decirme qu\u00e9 es lo que quer\u00e9is cambiar del cuento?<\/span><\/p>\n<p><span style=\"font-weight: 400;\">CAPERUCITA: Yo quiero que en la cesta mi madre meta tambi\u00e9n patatas fritas y donuts de chocolate. Para el camino&#8230;<\/span><\/p>\n<p><span style=\"font-weight: 400;\">ABUELA: Yo, que me cambies a este lobo pulgoso por un animal m\u00e1s, no s\u00e9, m\u00e1s original.<\/span><\/p>\n<p><span style=\"font-weight: 400;\">CAPERUCITA: \u00a1Un unicornio!<\/span><\/p>\n<p><span style=\"font-weight: 400;\">ABUELITA: No te pases<\/span><\/p>\n<p><span style=\"font-weight: 400;\">TODOS:<em> (Discuten sobre lo que quieren)<\/em><\/span><\/p>\n<p><span style=\"font-weight: 400;\">LOBO: El cazador que no lleve escopeta \u00a1Mejor una espada l\u00e1ser!\u00a0<\/span><\/p>\n<p><span style=\"font-weight: 400;\">CAPERUCITA: Lo de qu\u00e9 boca tan grande tienes y todo eso\u2026 me hace parecer tonta. \u00bfCrees que este lobo se parece a mi abuela en algo, por mucho que se ponga un camis\u00f3n?<\/span><\/p>\n<p><span style=\"font-weight: 400;\">ABUELA: Yo no quiero vivir en una caba\u00f1a en el bosque. \u00a1Me quiero ir a Benidorm!<\/span><\/p>\n<p><span style=\"font-weight: 400;\">LOBO: \u00a1Que me cambien a la abuela por una jovencita que est\u00e9 m\u00e1s tierna.<\/span><\/p>\n<p><span style=\"font-weight: 400;\">TODOS: <em>(Discuten entre ellos de lo anterior).<\/em><\/span><\/p>\n<p><span style=\"font-weight: 400;\">NARRADOR: \u00a1Bueno! Ya est\u00e1 bien. O habl\u00e1is de uno en uno, o acabo con esto.<\/span><\/p>\n<p><span style=\"font-weight: 400;\">CAPERUCITA: Amenazas no, \u00bfeh?<\/span><\/p>\n<p><span style=\"font-weight: 400;\">TODOS: <em>(Murmuran, indignados).<\/em><\/span><\/p>\n<p><span style=\"font-weight: 400;\">NARRADOR: Antonia Kitty iba por el bosque cuando apareci\u00f3 el lobo. \u00bfA d\u00f3nde vas Antonia? &#8211; pregunt\u00f3. Ella le dijo que iba a Benidorm, a dejarle a su abuelita una cesta en la puerta. El lobo le propuso echar una carrera hasta Benidorm y a Antonia le pareci\u00f3 muy buena idea. Pero el lobo, que era list\u00edsimo, la mand\u00f3 por el camino largo y lleg\u00f3 mucho antes al bungalow de la playa de la abuelita ten\u00eda en la playa. que era una abuela jovenc\u00edsima. Se la comi\u00f3, se ba\u00f1\u00f3 para quitarse las pulgas, se puso su camis\u00f3n y se meti\u00f3 en la cama. Cuando Antonia Kitty lleg\u00f3 se dio cuenta enseguida de que esa no era su abuelita y le puso un Whatsapp a un cazador que acudi\u00f3 en su auxilio, abri\u00f3 la barriga del lobo con una espada l\u00e1ser -que no deja cicatrices- y rescat\u00f3 a la abuelita.<\/span><\/p>\n<p><span style=\"font-weight: 400;\">NARRADOR: \u00bfAs\u00ed?<\/span><\/p>\n<p><em><span style=\"font-weight: 400;\">(PAUSA)<\/span><\/em><\/p>\n<p><span style=\"font-weight: 400;\">CAPERUCITA: \u00a1Vaya birria!<\/span><\/p>\n<p><span style=\"font-weight: 400;\">ABUELA: S\u00ed, no te has esforzado mucho, \u00bfeh?<\/span><\/p>\n<p><span style=\"font-weight: 400;\">NARRADOR: Est\u00e1 bien. Vosotros lo hab\u00e9is querido\u2026\u00a0<\/span><\/p>\n<p><span style=\"font-weight: 400;\">TODOS: <em>(Suplican que no).<\/em><\/span><\/p>\n<p><span style=\"font-weight: 400;\">NARRACI\u00d3N: Y color\u00edn, colorado, este cuento se ha acabado.<\/span><\/p>\n<h2><a href=\"https:\/\/www.mumablue.com\/esp\/nuestros-cuentos-personalizados\/la-magia-del-nombre-mi-nino?utm_source=blog&amp;utm_medium=banner&amp;utm_campaign=p\u00e1ginas-audiocuentos&amp;utm_content=cuento-caperucita\" target=\"_blank\" rel=\"noopener noreferrer\"><img decoding=\"async\" loading=\"lazy\" class=\"alignnone wp-image-5005 size-full\" src=\"https:\/\/www.mumablue.com\/blog\/wp-content\/uploads\/2021\/09\/Cuento-de-Aventuras.jpg\" alt=\"Cuento de Caperucita original\" width=\"715\" height=\"162\" srcset=\"https:\/\/www.mumablue.com\/blog\/wp-content\/uploads\/2021\/09\/Cuento-de-Aventuras.jpg 715w, https:\/\/www.mumablue.com\/blog\/wp-content\/uploads\/2021\/09\/Cuento-de-Aventuras-300x68.jpg 300w, https:\/\/www.mumablue.com\/blog\/wp-content\/uploads\/2021\/09\/Cuento-de-Aventuras-624x141.jpg 624w\" sizes=\"(max-width: 715px) 100vw, 715px\" \/><\/a><\/h2>\n<h2>Curiosidades sobre Caperucita Roja<\/h2>\n<p><span style=\"font-weight: 400;\">Caperucita Roja es uno de los cuentos cl\u00e1sicos m\u00e1s famosos. Se trata de una historia de tradici\u00f3n oral que se le cuenta a los ni\u00f1os desde tiempos inmemoriales. <strong>El escrito m\u00e1s antiguo en el que aparece Caperucita Roja es un poema en lat\u00edn de hace casi mil a\u00f1os<\/strong>.\u00a0<\/span><\/p>\n<p><span style=\"font-weight: 400;\">El primer autor en recoger el cuento por escrito m\u00e1s parecido a como hoy lo conocemos, fue el escritor franc\u00e9s Perrault, autor de otros cuentos famosos que conocer\u00e1s, como La bella durmiente, Cenicienta o Pulgarcito. M\u00e1s tarde, el cuento de Caperucita tambi\u00e9n ser\u00eda recogido por los hermanos Grimm. En cualquier caso, se trata de un cuento con <strong>moraleja que trata de ense\u00f1ar a los ni\u00f1os los peligros de confiar en personas desconocidas<\/strong>.<\/span><\/p>\n<p><span style=\"font-weight: 400;\">Si lo piensas, Caperucita Roja es un cuento un poco cruel y por eso con el paso de los siglos y seg\u00fan qu\u00e9 autor lo contara, se iba cambiando poco a poco. \u00a1Pero sea una u otra versi\u00f3n del cuento, lo cierto es que todos los ni\u00f1os lo conocen! A pesar de ser tan famoso, <strong>Disney nunca hizo una pel\u00edcula sobre Caperucita Roja.<\/strong> \u00a1Qu\u00e9 curioso!<\/span><\/p>\n<p><span style=\"font-weight: 400;\">Caperucita Roja se ha convertido en un personaje muy representativo de los cuentos populares.<strong> \u00bfSab\u00edas que hay varias estatuas de Caperucita en todo el mundo?<\/strong> Puedes encontrarlas en ciudades como Barcelona, Berl\u00edn o Buenos Aires. \u00a1Si est\u00e1s cerca, puedes visitarlas!<\/span><\/p>\n<h2>Este cuento de Caperucita Roja diferente no es el \u00fanico<\/h2>\n<p>En Mumablue nos encanta hacer revisiones de los cl\u00e1sicos, reinventar aquellos cuentos que endulzaron nuestra infancia y acercarlos un poquito a los valores de la actualidad. Eso es lo que hemos intentado con \u00abCaperucita Rebelde\u00bb, un cuento de Caperucita Roja con un final diferente al original que<strong> ha cosechado gran \u00e9xito en su versi\u00f3n audiocuento, rozando las 2.000 descargas<\/strong> en tan s\u00f3lo dos semanas tras su publicaci\u00f3n.<\/p>\n<p>Si a tu peque le ha gustado esta historia, seguro que le encantar\u00e1 descubrir que hemos creado nuevos cuentos con Antonia Kitty para el <a href=\"https:\/\/www.mumablue.com\/blog\/especial-caperucita-rebelde-la-saga-de-audiocuentos-mas-divertida\/\" target=\"_blank\" rel=\"noopener noreferrer\"><span style=\"color: #3366ff;\">Especial Caperucita Rebelde<\/span><\/a>, una recopilaci\u00f3n de cap\u00edtulos en los que nuestra querida amiga <strong>se cuela en el cuento de \u00abAlicia en el pa\u00eds de las Maravillas\u00bb o \u00abCenicienta\u00bb<\/strong>. Tambi\u00e9n encontrar\u00e1 un divertido cuento en el que el lobo feroz, cansado de que todo el mundo le tenga man\u00eda por se el malo de los cuentos, decide cambiar de empleo. \u00a1Os vais a tronchar de risa!<\/p>\n<p>Pero esto no es todo, tambi\u00e9n nos encanta despojar a las princesas de los cuentos cl\u00e1sicos de su tradicional rol de \u00absufridora a la espera de su pr\u00edncipe azul\u00bb, como se puede observar en nuestro poema-cuento \u00abEl sue\u00f1o de la Bella Durmiente\u00bb. Y a\u00fan hay m\u00e1s: \u00abEl cuento al rev\u00e9s\u00bb o \u00abLa verdadera historia de Hansel y Grettel\u00bb<strong> proponen visiones muy diferentes de las historias tradicionales.<\/strong> Puedes encontrar estos cuentos cl\u00e1sicos reinventados y muchos otros en nuestra p\u00e1gina de <span style=\"color: #3366ff;\"><a style=\"color: #3366ff;\" href=\"https:\/\/www.mumablue.com\/blog\/cuentos-infantiles-para-leer-cortos-gratis\/\">cuentos infantiles para leer<\/a>.<\/span><\/p>\n<div style='text-align:left' class='yasr-auto-insert-visitor'><\/div>","protected":false},"excerpt":{"rendered":"<p>Muchos pap\u00e1s y mam\u00e1s buscan un cuento de Caperucita Roja diferente al original, un cuento reinventado, gratis y divertido con el que sorprender a los ni\u00f1os, partiendo de la base del cuento cl\u00e1sico, de sobra conocido por los peque\u00f1os. Es, precisamente, el hecho de romper con el cuento cl\u00e1sico lo que les cautiva, pues al [&hellip;]<\/p>\n","protected":false},"author":6,"featured_media":0,"parent":0,"menu_order":0,"comment_status":"closed","ping_status":"closed","template":"","meta":{"yasr_overall_rating":0,"yasr_post_is_review":"","yasr_auto_insert_disabled":"","yasr_review_type":""},"yasr_visitor_votes":{"number_of_votes":27,"sum_votes":126,"stars_attributes":{"read_only":false,"span_bottom":false}},"yoast_head":"<!-- This site is optimized with the Yoast SEO plugin v14.5 - https:\/\/yoast.com\/wordpress\/plugins\/seo\/ -->\n<meta name=\"description\" content=\"Este cuento de Caperucita roja diferente al original no es como se espera. Puedes le\u00e9rselo a tu peque, escuchar el audicuento o representarlo en familia.\" \/>\n<meta name=\"robots\" content=\"index, follow\" \/>\n<meta name=\"googlebot\" content=\"index, follow, max-snippet:-1, max-image-preview:large, max-video-preview:-1\" \/>\n<meta name=\"bingbot\" content=\"index, follow, max-snippet:-1, max-image-preview:large, max-video-preview:-1\" \/>\n<link rel=\"canonical\" href=\"https:\/\/www.mumablue.com\/blog\/cuento-de-caperucita-roja-diferente-audiocuento-gratis\/\" \/>\n<meta property=\"og:locale\" content=\"es_ES\" \/>\n<meta property=\"og:type\" content=\"article\" \/>\n<meta property=\"og:title\" content=\"Cuento de Caperucita Roja diferente + Audiocuento gratis - Blog Mumablue\" \/>\n<meta property=\"og:description\" content=\"Este cuento de Caperucita roja diferente al original no es como se espera. Puedes le\u00e9rselo a tu peque, escuchar el audicuento o representarlo en familia.\" \/>\n<meta property=\"og:url\" content=\"https:\/\/www.mumablue.com\/blog\/cuento-de-caperucita-roja-diferente-audiocuento-gratis\/\" \/>\n<meta property=\"og:site_name\" content=\"Blog Mumablue\" \/>\n<meta property=\"article:publisher\" content=\"https:\/\/www.facebook.com\/mumablue\/\" \/>\n<meta property=\"article:modified_time\" content=\"2025-05-29T12:52:13+00:00\" \/>\n<meta property=\"og:image\" content=\"https:\/\/www.mumablue.com\/blog\/wp-content\/uploads\/2022\/08\/Caperucita-Rebelde-2.jpg\" \/>\n<meta name=\"twitter:card\" content=\"summary_large_image\" \/>\n<script type=\"application\/ld+json\" class=\"yoast-schema-graph\">{\"@context\":\"https:\/\/schema.org\",\"@graph\":[{\"@type\":\"Organization\",\"@id\":\"https:\/\/www.mumablue.com\/blog\/#organization\",\"name\":\"Mumablue\",\"url\":\"https:\/\/www.mumablue.com\/blog\/\",\"sameAs\":[\"https:\/\/www.facebook.com\/mumablue\/\",\"https:\/\/www.instagram.com\/mumablue\/?hl=es\"],\"logo\":{\"@type\":\"ImageObject\",\"@id\":\"https:\/\/www.mumablue.com\/blog\/#logo\",\"inLanguage\":\"es\",\"url\":\"https:\/\/www.mumablue.com\/blog\/wp-content\/uploads\/2020\/05\/Blog-Mumablue.png\",\"width\":749,\"height\":269,\"caption\":\"Mumablue\"},\"image\":{\"@id\":\"https:\/\/www.mumablue.com\/blog\/#logo\"}},{\"@type\":\"WebSite\",\"@id\":\"https:\/\/www.mumablue.com\/blog\/#website\",\"url\":\"https:\/\/www.mumablue.com\/blog\/\",\"name\":\"Blog Mumablue\",\"description\":\"Un blog de cuentos y audiocuentos gratis para ni\\u00f1os.\",\"publisher\":{\"@id\":\"https:\/\/www.mumablue.com\/blog\/#organization\"},\"potentialAction\":[{\"@type\":\"SearchAction\",\"target\":\"https:\/\/www.mumablue.com\/blog\/?s={search_term_string}\",\"query-input\":\"required name=search_term_string\"}],\"inLanguage\":\"es\"},{\"@type\":\"ImageObject\",\"@id\":\"https:\/\/www.mumablue.com\/blog\/cuento-de-caperucita-roja-diferente-audiocuento-gratis\/#primaryimage\",\"inLanguage\":\"es\",\"url\":\"https:\/\/www.mumablue.com\/blog\/wp-content\/uploads\/2022\/08\/Caperucita-Rebelde-2.jpg\",\"width\":500,\"height\":500,\"caption\":\"Cuento de Caperucita Roja diferente\"},{\"@type\":\"WebPage\",\"@id\":\"https:\/\/www.mumablue.com\/blog\/cuento-de-caperucita-roja-diferente-audiocuento-gratis\/#webpage\",\"url\":\"https:\/\/www.mumablue.com\/blog\/cuento-de-caperucita-roja-diferente-audiocuento-gratis\/\",\"name\":\"Cuento de Caperucita Roja diferente + Audiocuento gratis - Blog Mumablue\",\"isPartOf\":{\"@id\":\"https:\/\/www.mumablue.com\/blog\/#website\"},\"primaryImageOfPage\":{\"@id\":\"https:\/\/www.mumablue.com\/blog\/cuento-de-caperucita-roja-diferente-audiocuento-gratis\/#primaryimage\"},\"datePublished\":\"2020-11-30T16:26:55+00:00\",\"dateModified\":\"2025-05-29T12:52:13+00:00\",\"description\":\"Este cuento de Caperucita roja diferente al original no es como se espera. Puedes le\\u00e9rselo a tu peque, escuchar el audicuento o representarlo en familia.\",\"inLanguage\":\"es\",\"potentialAction\":[{\"@type\":\"ReadAction\",\"target\":[\"https:\/\/www.mumablue.com\/blog\/cuento-de-caperucita-roja-diferente-audiocuento-gratis\/\"]}]}]}<\/script>\n<!-- \/ Yoast SEO plugin. -->","_links":{"self":[{"href":"https:\/\/www.mumablue.com\/blog\/wp-json\/wp\/v2\/pages\/3241"}],"collection":[{"href":"https:\/\/www.mumablue.com\/blog\/wp-json\/wp\/v2\/pages"}],"about":[{"href":"https:\/\/www.mumablue.com\/blog\/wp-json\/wp\/v2\/types\/page"}],"author":[{"embeddable":true,"href":"https:\/\/www.mumablue.com\/blog\/wp-json\/wp\/v2\/users\/6"}],"replies":[{"embeddable":true,"href":"https:\/\/www.mumablue.com\/blog\/wp-json\/wp\/v2\/comments?post=3241"}],"version-history":[{"count":15,"href":"https:\/\/www.mumablue.com\/blog\/wp-json\/wp\/v2\/pages\/3241\/revisions"}],"predecessor-version":[{"id":7569,"href":"https:\/\/www.mumablue.com\/blog\/wp-json\/wp\/v2\/pages\/3241\/revisions\/7569"}],"wp:attachment":[{"href":"https:\/\/www.mumablue.com\/blog\/wp-json\/wp\/v2\/media?parent=3241"}],"curies":[{"name":"wp","href":"https:\/\/api.w.org\/{rel}","templated":true}]}}