{"id":3238,"date":"2020-12-01T08:19:51","date_gmt":"2020-12-01T08:19:51","guid":{"rendered":"https:\/\/mumablue.com\/blog\/?page_id=3238"},"modified":"2025-06-03T08:26:11","modified_gmt":"2025-06-03T08:26:11","slug":"cuento-de-egipto-para-ninos-audiocuento-gratis","status":"publish","type":"page","link":"https:\/\/www.mumablue.com\/blog\/cuento-de-egipto-para-ninos-audiocuento-gratis\/","title":{"rendered":"Cuento de Egipto para ni\u00f1os + Audiocuento gratis"},"content":{"rendered":"<p><img decoding=\"async\" loading=\"lazy\" class=\"alignnone wp-image-3250 size-full\" src=\"https:\/\/www.mumablue.com\/blog\/wp-content\/uploads\/2020\/11\/El-capricho-del-peque\u00f1o-fara\u00f3n.jpg\" alt=\"cuentos de Egipto para ni\u00f1os\" width=\"500\" height=\"500\" srcset=\"https:\/\/www.mumablue.com\/blog\/wp-content\/uploads\/2020\/11\/El-capricho-del-peque\u00f1o-fara\u00f3n.jpg 500w, https:\/\/www.mumablue.com\/blog\/wp-content\/uploads\/2020\/11\/El-capricho-del-peque\u00f1o-fara\u00f3n-300x300.jpg 300w, https:\/\/www.mumablue.com\/blog\/wp-content\/uploads\/2020\/11\/El-capricho-del-peque\u00f1o-fara\u00f3n-150x150.jpg 150w\" sizes=\"(max-width: 500px) 100vw, 500px\" \/><\/p>\n<p>Aqu\u00ed tienes un cuento de Egipto para ni\u00f1os, corto y divertido, en el que <strong>el protagonista es un peque\u00f1o fara\u00f3n muy, pero que muy, caprichoso<\/strong>. Es gratis, te lo regala <a href=\"https:\/\/www.mumablue.com\/?utm_source=blog&amp;utm_medium=link&amp;utm_campaign=p\u00e1ginas-audiocuentos&amp;utm_content=cuento-egipto\"><span style=\"color: #3366ff;\">Mumablue<\/span><\/a>, y se lo puedes leer directamente desde esta p\u00e1gina y hacerlo a\u00fan m\u00e1s m\u00e1gico creando algo de ambiente, poniendo de fondo una m\u00fasica que te dejamos m\u00e1s adelante y sobre la que puedes realizar la lectura y hacerla m\u00e1s m\u00e1gica.<\/p>\n<h2>Audiocuento \u00abEl capricho del peque\u00f1o fara\u00f3n\u00bb<\/h2>\n<p>Pero, antes de que contin\u00faes&#8230; \u00a1Si lo prefieres, este cuento de Egipto para ni\u00f1os se lo contamos nosotros!<\/p>\n<h6><script src=\"https:\/\/www.buzzsprout.com\/937792\/5640622-el-capricho-del-pequeno-faraon.js?container_id=buzzsprout-player-5640622&amp;player=small\" type=\"text\/javascript\" charset=\"utf-8\"><\/script>M\u00fasica: CC 3.0 <span style=\"color: #3366ff;\"><a style=\"color: #3366ff;\" href=\"https:\/\/freemusicarchive.org\/music\/Kevin_MacLeod\" target=\"_blank\" rel=\"noopener noreferrer\">Cambodean Oddisey<\/a><\/span>, por Kevin MacLeod; <span style=\"color: #3366ff;\"><a style=\"color: #3366ff;\" href=\"https:\/\/filmmusic.io\/song\/5292-desert-conflict-\" target=\"_blank\" rel=\"noopener noreferrer\">Dessert Conflict<\/a><\/span>, por Rafael Krux; <span style=\"color: #0000ff;\"><span style=\"color: #000000;\"><a href=\"https:\/\/incompetech.com\/music\/royalty-free\/index.html?isrc=usuan1400053\"><span style=\"color: #3366ff;\">Breaking Bollywood<\/span><\/a>, <\/span><\/span>por Kevin MacLeod; <a href=\"https:\/\/alexandernakarada.bandcamp.com\/track\/the-desert\"><span style=\"color: #3366ff;\">The Dessert<\/span><\/a>, por Alexander Nakarada.<\/h6>\n<h2>Cuento de Egipto para ni\u00f1os: El capricho del peque\u00f1o fara\u00f3n<\/h2>\n<p><iframe loading=\"lazy\" src=\"https:\/\/open.spotify.com\/embed\/track\/7I9qOfDEcu2wa70tEmnfbN\" width=\"600\" height=\"100\" frameborder=\"0\"><span data-mce-type=\"bookmark\" style=\"display: inline-block; width: 0px; overflow: hidden; line-height: 0;\" class=\"mce_SELRES_start\">\ufeff<\/span><span data-mce-type=\"bookmark\" style=\"display: inline-block; width: 0px; overflow: hidden; line-height: 0;\" class=\"mce_SELRES_start\">\ufeff<\/span><span data-mce-type=\"bookmark\" style=\"display: inline-block; width: 0px; overflow: hidden; line-height: 0;\" class=\"mce_SELRES_start\">\ufeff<\/span><\/iframe><\/p>\n<p><span style=\"font-weight: 400;\">Todos sab\u00edan que el peque\u00f1o fara\u00f3n era caprichoso, engre\u00eddo y malcriado. \u00a1Pero su \u00faltimo mandato hab\u00eda dejado a los egipcios con los ojos como platos!\u00a0<\/span><\/p>\n<p><span style=\"font-weight: 400;\">El peque\u00f1o fara\u00f3n hab\u00eda ordenado construir una pir\u00e1mide: la m\u00e1s grande y majestuosa que se hubiera visto jam\u00e1s. Y quer\u00eda que fuera negra como la noche: de obsidiana, un vidrio volc\u00e1nico del que se cre\u00eda que ten\u00eda poderes extraordinarios.<\/span><\/p>\n<p><span style=\"font-weight: 400;\">Hasta ah\u00ed no hab\u00eda problema: el arquitecto real contaba con experimentados constructores egipcios y el Imperio ten\u00eda riquezas y recursos suficientes como para traer la ex\u00f3tica roca volc\u00e1nica desde la lejana Anatolia\u2026\u00a0 \u00a1Lo realmente inaudito era que el peque\u00f1o fara\u00f3n hab\u00eda pedido que construyeran la pir\u00e1mide del rev\u00e9s!<\/span><\/p>\n<p><span style=\"font-weight: 400;\">-\u00bfDel rev\u00e9s? \u00a1Pero gran fara\u00f3n, entonces no se va a sujetar!<\/span><\/p>\n<p><span style=\"font-weight: 400;\">&#8211; Quiero un v\u00e9rtice tan fino como la cabeza de un alfiler y que la coloqu\u00e9is bocabajo \u00a1Y quiero que est\u00e9 terminada la pr\u00f3xima primavera! \u00a1Por Osiris!<\/span><\/p>\n<p><span style=\"font-weight: 400;\">El arquitecto real estaba muy preocupado. \u00a1Aquel capricho era a\u00fan m\u00e1s descabellado que cuando orden\u00f3 pintar de colores a todos los cocodrilos del Nilo! Lograr que una pir\u00e1mide se sostuviera en equilibrio sobre su v\u00e9rtice era f\u00edsicamente imposible! Ni siendo una pir\u00e1mide del derecho podr\u00edan lograrlo en tan pocos meses, \u00a1necesitar\u00edan d\u00e9cadas! \u00a1Oh! \u00a1Si no cumpl\u00eda el capricho del peque\u00f1o fara\u00f3n acabar\u00eda siendo el almuerzo de los coloridos cocodrilos del Nilo!<\/span><\/p>\n<p><span style=\"font-weight: 400;\">Desesperado, aquella noche invoc\u00f3 a Anubis, el dios funerario, para que le ayudara a cumplir el capricho del peque\u00f1o fara\u00f3n. Al d\u00eda siguiente, hizo venir a los mejores arquitectos desde todos los rincones de Egipto y comenzaron a trabajar en los planos de aquella pir\u00e1mide imposible.\u00a0<\/span><\/p>\n<p><span style=\"font-weight: 400;\">\u00a1Los arquitectos se desesperaban! Conseguir que la pir\u00e1mide del rev\u00e9s se mantuviera en equilibrio no era lo \u00fanico que les preocupaba. \u00bfC\u00f3mo lograr\u00edan sostener las enormes piedras unas encima de otras si lo empezaban por la base? \u00a1Eso era imposible de lograr hasta con un LEGO!<\/span><\/p>\n<p><span style=\"font-weight: 400;\">Sin embargo, con la ayuda divina de Anubis los trabajos de la construcci\u00f3n de la pir\u00e1mide invertida avanzaron a buen ritmo. Se reclutaron obreros hasta de Mesopotamia, se construyeron grandes barcos que trajeron la obsidiana desde Anatolia cruzando el Mediterr\u00e1neo en l\u00ednea recta y se ingeniaron unos andamios especiales que mantuvieron la pir\u00e1mide sujeta sobre su fina c\u00faspide de cabeza de alfiler.<\/span><\/p>\n<p><span style=\"font-weight: 400;\">Al llegar la primavera, el capricho del peque\u00f1o fara\u00f3n era una realidad. Ante los ojos de miles de hombres se alzaba, bocabajo, una gigantesca pir\u00e1mide. Como era negra, la pir\u00e1mide desaparec\u00eda en la oscuridad de la noche, pero por el d\u00eda, el vidrio volc\u00e1nico refulg\u00eda con los rayos del sol. Era de una belleza tan misteriosa como deslumbrante.\u00a0<\/span><\/p>\n<p><span style=\"font-weight: 400;\">Con gran alegr\u00eda, el pueblo egipcio inici\u00f3 los preparativos para su inauguraci\u00f3n. Se organiz\u00f3 la recepci\u00f3n del peque\u00f1o fara\u00f3n con todo lujo de detalle. \u00a1La pir\u00e1mide de obsidiana ser\u00eda reconocida como una de las mejores y m\u00e1s complejas construcciones del mundo!<\/span><\/p>\n<p><span style=\"font-weight: 400;\">Al fin, lleg\u00f3 el gran d\u00eda. El arquitecto real estaba muy inquieto. \u00a1Cuando, a lo lejos, vio\u00a0 aparecer la caravana en la que viajaba el peque\u00f1o fara\u00f3n se puso tan nervioso que casi se hizo pis encima! Tras bajar del carro en el que viajaba, el peque\u00f1o fara\u00f3n se qued\u00f3 parado frente a la portentosa pir\u00e1mide. No dijo nada. Guard\u00f3 un misterioso silencio mientras la rodeaba y la observaba con inter\u00e9s.<\/span><\/p>\n<p><span style=\"font-weight: 400;\">Al cabo de un rato que al arquitecto real le pareci\u00f3 una eternidad, ante la perpleja mirada de miles de s\u00fabditos, coloc\u00f3 su dedo \u00edndice en el v\u00e9rtice de la pir\u00e1mide, puso cara de pillo\u2026 \u00a1Y empuj\u00f3!<\/span><\/p>\n<p><span style=\"font-weight: 400;\">&#8211; \u00a1Ya no la quiero! &#8211; dijo el caprichoso fara\u00f3n.<\/span><\/p>\n<p><span style=\"font-weight: 400;\">La pir\u00e1mide comenz\u00f3 a tambalearse peligrosamente, perdi\u00f3 el equilibrio y cay\u00f3 con gran estr\u00e9pito sobre uno de sus lados, levantando una gran nube de polvo.<\/span><\/p>\n<p><span style=\"font-weight: 400;\">Cuando el polvo se asent\u00f3, dej\u00f3 ver la cara de la reina, su mam\u00e1. Estaba muy, muy enfadada.<\/span><\/p>\n<p><span style=\"font-weight: 400;\">-\u00a1Rams\u00e9s! \u00a1Castigado un mes sin pir\u00e1mides! -le orden\u00f3 su mam\u00e1.<\/span><\/p>\n<p><span style=\"font-weight: 400;\">Y, agarr\u00e1ndolo de la mano, se lo llev\u00f3 de nuevo hacia el carro, en plena rabieta.<\/span><\/p>\n<p><span style=\"font-weight: 400;\">As\u00ed fue como el peque\u00f1o fara\u00f3n aprendi\u00f3 que no era la persona m\u00e1s poderosa del reino. \u00a1La que ten\u00eda la \u00faltima palabra era su mam\u00e1!<\/span><\/p>\n<h2>Curiosidades sobre las pir\u00e1mides<\/h2>\n<p><span style=\"font-weight: 400;\">Los egipcios conformaron una de las civilizaciones m\u00e1s importantes de la antig\u00fcedad. La t\u00e9cnica que utilizaban para construir las pir\u00e1mides contin\u00faa hoy siendo un misterio. <strong>Las m\u00e1s famosas son las pir\u00e1mides de Guiza, construidas hace m\u00e1s de 4.500 a\u00f1os<\/strong>, que a\u00fan se mantienen en pie y pueden visitarse. Se cree que tardaron en construirse m\u00e1s de 30 a\u00f1os.<\/span><\/p>\n<p><span style=\"font-weight: 400;\">Las pir\u00e1mides eran tumbas donde se enterraba a los faraones egipcios. Se constru\u00edan con el v\u00e9rtice apuntando al cielo porque se cre\u00eda que, de ese modo, <strong>el alma de los muertos ascender\u00eda al mundo celestial<\/strong>. Si no, su esp\u00edritu podr\u00eda acabar en el inframundo deambulando eternamente entre seres malignos y otros peligros. \u00a1Estos egipcios eran muy t\u00e9tricos!<\/span><\/p>\n<p><span style=\"font-weight: 400;\">En el interior de las pir\u00e1mides hab\u00eda empinadas galer\u00edas y estrechos pasillos que comunicaban las distintas c\u00e1maras donde<strong> se depositaban los sarc\u00f3fagos con las momias de los faraones<\/strong> en su interior. \u00a1Alucinante! Si quieres ver momias egipcias puedes hacerlo en los museos arqueol\u00f3gicos.\u00a0<\/span><\/p>\n<p><span style=\"font-weight: 400;\"><strong>La civilizaci\u00f3n egipcia es muy interesante y misteriosa.<\/strong> Si a\u00fan no la has estudiado en el cole, pronto lo har\u00e1s. Los jerogl\u00edficos, los dioses, las momias, las pir\u00e1mides\u2026 \u00a1Sin duda los antiguos egipcios fueron un pueblo que merece la pena conocer!\u00a0<\/span><\/p>\n<h2>Cuento de Egipto para ni\u00f1os&#8230; y de vikingos, romanos&#8230;<\/h2>\n<p>Esperamos que a tu peque le haya gustado este cuento de Egipto para ni\u00f1os.<strong> Si le gusta la cultura cl\u00e1sica y las civilizaciones antiguas<\/strong>, puedes encontrar cuentos sobre vikingos, as\u00ed como sobre mitolog\u00eda griega y romana en nuestra p\u00e1gina de <span style=\"color: #3366ff;\"><a style=\"color: #3366ff;\" href=\"https:\/\/www.mumablue.com\/blog\/cuentos-infantiles-para-leer-cortos-gratis\/\">cuentos infantiles para leer<\/a><\/span>. \u00a1Echa un vistazo!<\/p>\n<div style='text-align:left' class='yasr-auto-insert-visitor'><\/div>","protected":false},"excerpt":{"rendered":"<p>Aqu\u00ed tienes un cuento de Egipto para ni\u00f1os, corto y divertido, en el que el protagonista es un peque\u00f1o fara\u00f3n muy, pero que muy, caprichoso. Es gratis, te lo regala Mumablue, y se lo puedes leer directamente desde esta p\u00e1gina y hacerlo a\u00fan m\u00e1s m\u00e1gico creando algo de ambiente, poniendo de fondo una m\u00fasica que [&hellip;]<\/p>\n","protected":false},"author":6,"featured_media":0,"parent":0,"menu_order":0,"comment_status":"closed","ping_status":"closed","template":"","meta":{"yasr_overall_rating":0,"yasr_post_is_review":"","yasr_auto_insert_disabled":"","yasr_review_type":""},"yasr_visitor_votes":{"number_of_votes":152,"sum_votes":685,"stars_attributes":{"read_only":false,"span_bottom":false}},"yoast_head":"<!-- This site is optimized with the Yoast SEO plugin v14.5 - https:\/\/yoast.com\/wordpress\/plugins\/seo\/ -->\n<meta name=\"description\" content=\"Aqu\u00ed tienes un cuento de Egipto para ni\u00f1os como no te lo esperas. En \u00e9l, un caprichoso fara\u00f3n pondr\u00e1 todo el imperio patas arriba... \u00a1Incluye audiocuento!\" \/>\n<meta name=\"robots\" content=\"index, follow\" \/>\n<meta name=\"googlebot\" content=\"index, follow, max-snippet:-1, max-image-preview:large, max-video-preview:-1\" \/>\n<meta name=\"bingbot\" content=\"index, follow, max-snippet:-1, max-image-preview:large, max-video-preview:-1\" \/>\n<link rel=\"canonical\" href=\"https:\/\/www.mumablue.com\/blog\/cuento-de-egipto-para-ninos-audiocuento-gratis\/\" \/>\n<meta property=\"og:locale\" content=\"es_ES\" \/>\n<meta property=\"og:type\" content=\"article\" \/>\n<meta property=\"og:title\" content=\"Cuento de Egipto para ni\u00f1os + Audiocuento gratis - Blog Mumablue\" \/>\n<meta property=\"og:description\" content=\"Aqu\u00ed tienes un cuento de Egipto para ni\u00f1os como no te lo esperas. En \u00e9l, un caprichoso fara\u00f3n pondr\u00e1 todo el imperio patas arriba... \u00a1Incluye audiocuento!\" \/>\n<meta property=\"og:url\" content=\"https:\/\/www.mumablue.com\/blog\/cuento-de-egipto-para-ninos-audiocuento-gratis\/\" \/>\n<meta property=\"og:site_name\" content=\"Blog Mumablue\" \/>\n<meta property=\"article:publisher\" content=\"https:\/\/www.facebook.com\/mumablue\/\" \/>\n<meta property=\"article:modified_time\" content=\"2025-06-03T08:26:11+00:00\" \/>\n<meta property=\"og:image\" content=\"https:\/\/www.mumablue.com\/blog\/wp-content\/uploads\/2020\/11\/El-capricho-del-peque\u00f1o-fara\u00f3n.jpg\" \/>\n<meta name=\"twitter:card\" content=\"summary_large_image\" \/>\n<script type=\"application\/ld+json\" class=\"yoast-schema-graph\">{\"@context\":\"https:\/\/schema.org\",\"@graph\":[{\"@type\":\"Organization\",\"@id\":\"https:\/\/www.mumablue.com\/blog\/#organization\",\"name\":\"Mumablue\",\"url\":\"https:\/\/www.mumablue.com\/blog\/\",\"sameAs\":[\"https:\/\/www.facebook.com\/mumablue\/\",\"https:\/\/www.instagram.com\/mumablue\/?hl=es\"],\"logo\":{\"@type\":\"ImageObject\",\"@id\":\"https:\/\/www.mumablue.com\/blog\/#logo\",\"inLanguage\":\"es\",\"url\":\"https:\/\/www.mumablue.com\/blog\/wp-content\/uploads\/2020\/05\/Blog-Mumablue.png\",\"width\":749,\"height\":269,\"caption\":\"Mumablue\"},\"image\":{\"@id\":\"https:\/\/www.mumablue.com\/blog\/#logo\"}},{\"@type\":\"WebSite\",\"@id\":\"https:\/\/www.mumablue.com\/blog\/#website\",\"url\":\"https:\/\/www.mumablue.com\/blog\/\",\"name\":\"Blog Mumablue\",\"description\":\"Un blog de cuentos y audiocuentos gratis para ni\\u00f1os.\",\"publisher\":{\"@id\":\"https:\/\/www.mumablue.com\/blog\/#organization\"},\"potentialAction\":[{\"@type\":\"SearchAction\",\"target\":\"https:\/\/www.mumablue.com\/blog\/?s={search_term_string}\",\"query-input\":\"required name=search_term_string\"}],\"inLanguage\":\"es\"},{\"@type\":\"ImageObject\",\"@id\":\"https:\/\/www.mumablue.com\/blog\/cuento-de-egipto-para-ninos-audiocuento-gratis\/#primaryimage\",\"inLanguage\":\"es\",\"url\":\"https:\/\/www.mumablue.com\/blog\/wp-content\/uploads\/2020\/11\/El-capricho-del-peque\\u00f1o-fara\\u00f3n.jpg\",\"width\":500,\"height\":500,\"caption\":\"cuentos de Egipto para leer\"},{\"@type\":\"WebPage\",\"@id\":\"https:\/\/www.mumablue.com\/blog\/cuento-de-egipto-para-ninos-audiocuento-gratis\/#webpage\",\"url\":\"https:\/\/www.mumablue.com\/blog\/cuento-de-egipto-para-ninos-audiocuento-gratis\/\",\"name\":\"Cuento de Egipto para ni\\u00f1os + Audiocuento gratis - Blog Mumablue\",\"isPartOf\":{\"@id\":\"https:\/\/www.mumablue.com\/blog\/#website\"},\"primaryImageOfPage\":{\"@id\":\"https:\/\/www.mumablue.com\/blog\/cuento-de-egipto-para-ninos-audiocuento-gratis\/#primaryimage\"},\"datePublished\":\"2020-12-01T08:19:51+00:00\",\"dateModified\":\"2025-06-03T08:26:11+00:00\",\"description\":\"Aqu\\u00ed tienes un cuento de Egipto para ni\\u00f1os como no te lo esperas. En \\u00e9l, un caprichoso fara\\u00f3n pondr\\u00e1 todo el imperio patas arriba... \\u00a1Incluye audiocuento!\",\"inLanguage\":\"es\",\"potentialAction\":[{\"@type\":\"ReadAction\",\"target\":[\"https:\/\/www.mumablue.com\/blog\/cuento-de-egipto-para-ninos-audiocuento-gratis\/\"]}]}]}<\/script>\n<!-- \/ Yoast SEO plugin. -->","_links":{"self":[{"href":"https:\/\/www.mumablue.com\/blog\/wp-json\/wp\/v2\/pages\/3238"}],"collection":[{"href":"https:\/\/www.mumablue.com\/blog\/wp-json\/wp\/v2\/pages"}],"about":[{"href":"https:\/\/www.mumablue.com\/blog\/wp-json\/wp\/v2\/types\/page"}],"author":[{"embeddable":true,"href":"https:\/\/www.mumablue.com\/blog\/wp-json\/wp\/v2\/users\/6"}],"replies":[{"embeddable":true,"href":"https:\/\/www.mumablue.com\/blog\/wp-json\/wp\/v2\/comments?post=3238"}],"version-history":[{"count":11,"href":"https:\/\/www.mumablue.com\/blog\/wp-json\/wp\/v2\/pages\/3238\/revisions"}],"predecessor-version":[{"id":7652,"href":"https:\/\/www.mumablue.com\/blog\/wp-json\/wp\/v2\/pages\/3238\/revisions\/7652"}],"wp:attachment":[{"href":"https:\/\/www.mumablue.com\/blog\/wp-json\/wp\/v2\/media?parent=3238"}],"curies":[{"name":"wp","href":"https:\/\/api.w.org\/{rel}","templated":true}]}}