{"id":3158,"date":"2023-05-10T10:36:28","date_gmt":"2023-05-10T10:36:28","guid":{"rendered":"https:\/\/mumablue.com\/blog\/?page_id=3158"},"modified":"2025-04-08T07:49:28","modified_gmt":"2025-04-08T07:49:28","slug":"audiocuentos-largos-para-dormir-a-ninos-y-mayores","status":"publish","type":"page","link":"https:\/\/www.mumablue.com\/blog\/audiocuentos-largos-para-dormir-a-ninos-y-mayores\/","title":{"rendered":"Audiocuentos largos para dormir a ni\u00f1os&#8230; y mayores"},"content":{"rendered":"<p><img decoding=\"async\" loading=\"lazy\" class=\"alignnone size-full wp-image-3377\" src=\"https:\/\/www.mumablue.com\/blog\/wp-content\/uploads\/2020\/12\/Cuentos-para-dormir-ni\u00f1os.jpg\" alt=\"cuentos infantiles para dormir cortos\" width=\"500\" height=\"500\" srcset=\"https:\/\/www.mumablue.com\/blog\/wp-content\/uploads\/2020\/12\/Cuentos-para-dormir-ni\u00f1os.jpg 500w, https:\/\/www.mumablue.com\/blog\/wp-content\/uploads\/2020\/12\/Cuentos-para-dormir-ni\u00f1os-300x300.jpg 300w, https:\/\/www.mumablue.com\/blog\/wp-content\/uploads\/2020\/12\/Cuentos-para-dormir-ni\u00f1os-150x150.jpg 150w\" sizes=\"(max-width: 500px) 100vw, 500px\" \/><\/p>\n<p>Te traemos una selecci\u00f3n de audiocuentos largos para dormir que <strong>ayudan a conciliar el sue\u00f1o gracias a su ambientaci\u00f3n musical y a su sonido envolvente<\/strong>. Gracias al uso de ambientes y efectos sonoros, la escucha se convierte en una experiencia inmersiva que transporta al oyente a un mundo m\u00e1gico, on\u00edrico, abstray\u00e9ndolo de la realidad y favoreciendo el sue\u00f1o.<\/p>\n<p>Se trata de una selecci\u00f3n especial de cap\u00edtulos pertenecientes al podcast Pequehistorias, creado por la <span style=\"color: #3366ff;\"><a style=\"color: #3366ff;\" href=\"https:\/\/www.mumablue.com\/esp\/?utm_source=blog&amp;utm_medium=link&amp;utm_campaign=p\u00e1ginas-audiocuentos&amp;utm_content=audiocuentos-largos\" target=\"_blank\" rel=\"noopener\">editorial de cuentos personalizados Mumablue<\/a><\/span>, un proyecto de audiocuentos infantiles <strong>dirigidos a los ni\u00f1os pero que tambi\u00e9n son disfrutados por adultos<\/strong> en su mayor parte, debido a su doble nivel dentro del relato. En nuestros audiocuentos se pueden encontrar referencias o ideas solo comprensibles por adultos, sin que este hecho sea percibido por los m\u00e1s peque\u00f1os, quienes disfrutan de una historia adaptada a su nivel de comprensi\u00f3n y educativo. Se trata de audiocuentos largos, cuya duraci\u00f3n va de los 10 a los 35 minutos.<\/p>\n<h2>Audiocuentos largos para dormir a los ni\u00f1os<\/h2>\n<div id=\"buzzsprout-player-9550227\"><\/div>\n<p><script src=\"https:\/\/www.buzzsprout.com\/937792\/9550227-umvyn-el-gnomo-grunon.js?container_id=buzzsprout-player-9550227&#038;player=small\" type=\"text\/javascript\" charset=\"utf-8\"><\/script><\/p>\n<div id=\"buzzsprout-player-9185911\"><\/div>\n<p><script src=\"https:\/\/www.buzzsprout.com\/937792\/9185911-la-domadora-de-hormigas.js?container_id=buzzsprout-player-9185911&#038;player=small\" type=\"text\/javascript\" charset=\"utf-8\"><\/script><\/p>\n<div id=\"buzzsprout-player-5748871\"><\/div>\n<p><script src=\"https:\/\/www.buzzsprout.com\/937792\/5748871-el-viaje-de-pingui.js?container_id=buzzsprout-player-5748871&#038;player=small\" type=\"text\/javascript\" charset=\"utf-8\"><\/script><\/p>\n<div id=\"buzzsprout-player-8618027\"><\/div>\n<p><script src=\"https:\/\/www.buzzsprout.com\/937792\/8618027-la-aventura-de-las-emociones.js?container_id=buzzsprout-player-8618027&#038;player=small\" type=\"text\/javascript\" charset=\"utf-8\"><\/script><\/p>\n<div id=\"buzzsprout-player-9426879\"><\/div>\n<p><script src=\"https:\/\/www.buzzsprout.com\/937792\/9426879-historias-de-halloween-alrededor-de-la-hoguera.js?container_id=buzzsprout-player-9426879&#038;player=small\" type=\"text\/javascript\" charset=\"utf-8\"><\/script><\/p>\n<h2>Audiocuentos basados en personajes cl\u00e1sicos<\/h2>\n<div id=\"buzzsprout-player-8405467\"><\/div>\n<p><script src=\"https:\/\/www.buzzsprout.com\/937792\/8405467-don-lobo-busca-trabajo.js?container_id=buzzsprout-player-8405467&#038;player=small\" type=\"text\/javascript\" charset=\"utf-8\"><\/script><\/p>\n<div id=\"buzzsprout-player-9307771\"><\/div>\n<p><script src=\"https:\/\/www.buzzsprout.com\/937792\/9307771-caperucita-rebelde-en-el-pais-de-las-maravillas.js?container_id=buzzsprout-player-9307771&#038;player=small\" type=\"text\/javascript\" charset=\"utf-8\"><\/script><\/p>\n<div id=\"buzzsprout-player-8491201\"><\/div>\n<p><script src=\"https:\/\/www.buzzsprout.com\/937792\/8491201-buscando-a-papa-andersen.js?container_id=buzzsprout-player-8491201&#038;player=small\" type=\"text\/javascript\" charset=\"utf-8\"><\/script><\/p>\n<h2>Audiocuentos largos para dormir a los adultos<\/h2>\n<div id=\"buzzsprout-player-6908321\"><\/div>\n<p><script src=\"https:\/\/www.buzzsprout.com\/937792\/6908321-cancion-de-navidad-dickens.js?container_id=buzzsprout-player-6908321&#038;player=small\" type=\"text\/javascript\" charset=\"utf-8\"><\/script><\/p>\n<div id=\"buzzsprout-player-9752412\"><\/div>\n<p><script src=\"https:\/\/www.buzzsprout.com\/937792\/9752412-el-cascanueces-y-el-rey-de-los-ratones-hoffmann.js?container_id=buzzsprout-player-9752412&#038;player=small\" type=\"text\/javascript\" charset=\"utf-8\"><\/script><\/p>\n<h2>Audiocuentos de biograf\u00edas imprescindibles<\/h2>\n<div id=\"buzzsprout-player-8194296\"><\/div>\n<p><script src=\"https:\/\/www.buzzsprout.com\/937792\/8194296-cleopatra-la-ultima-reina-de-egipto.js?container_id=buzzsprout-player-8194296&#038;player=small\" type=\"text\/javascript\" charset=\"utf-8\"><\/script><\/p>\n<div id=\"buzzsprout-player-9628528\"><\/div>\n<p><script src=\"https:\/\/www.buzzsprout.com\/937792\/9628528-beethoven-el-musico-sordo.js?container_id=buzzsprout-player-9628528&#038;player=small\" type=\"text\/javascript\" charset=\"utf-8\"><\/script><\/p>\n<div id=\"buzzsprout-player-8658924\"><\/div>\n<p><script src=\"https:\/\/www.buzzsprout.com\/937792\/8658924-marie-curie-la-extraordinaria-cientifica.js?container_id=buzzsprout-player-8658924&#038;player=small\" type=\"text\/javascript\" charset=\"utf-8\"><\/script><\/p>\n<p>Los audiocuentos largos para dormir son una demanda de muchos padres, quienes necesitan <strong>contenidos de dilatada duraci\u00f3n para asegurarse de que sus peques se duermen<\/strong> antes de que se termine el relato. En esta selecci\u00f3n hemos incluido algunos de los cuentos para escuchar que m\u00e1s le gustan a los peques, todos ellos relatos que cumplen con una funci\u00f3n educativa y transmiten valores actuales, huyendo de las moralejas obsoletas de los cuentos cl\u00e1sicos.<\/p>\n<p>Algunos de los audiocuentos que proponemos son m\u00e1s largos que otros, ya que dependiendo del tiempo que cada ni\u00f1o suela invertir en quedarse dormido, los padres elegiremos unos u otros. Gracias a esta selecci\u00f3n, si no logran conciliar el sue\u00f1o, al menos aprender\u00e1n la biograf\u00eda de personajes hist\u00f3ricos de renombre o <strong>se acercar\u00e1n a grandes obras cl\u00e1sicas de Dickens o Hoffman<\/strong>, de las que hemos realizado adaptaciones fieles y muy trabajadas.<\/p>\n<p>Estos audiocuentos largos para dormir no son relatos grabados en vac\u00edo que se suceden como una letan\u00eda monocorde, sino que est\u00e1n <strong>musicalizados y ambientados de manera que el oyente se traslade a lugares asombrosos<\/strong> durante la escucha. La elecci\u00f3n de las m\u00fasicas est\u00e1 cuidadosamente realizada, ya se trate de musicalizaciones que persigan contextualizar o crear una emoci\u00f3n, o m\u00fasicas que, en efecto, forman parte del relato.<\/p>\n<p>As\u00ed, en el audiocuento de <strong>Beethoven, los peques podr\u00e1n escuchar piezas del gran compositor<\/strong>, mientras que en audiocuento de El Cascanueces comprender\u00e1n la relaci\u00f3n entre el relato de Hoffman y la magn\u00edfica composici\u00f3n para ballet de Chaikovski.<\/p>\n<p>Esperamos que tanto vosotros como vuestros peques disfrut\u00e9is con estas historias y, sobre todo, que sean <strong>una herramienta que os ayude a vosotros, como pap\u00e1s, en la rutina del final del d\u00eda<\/strong> con vuestros hijos.<\/p>\n<h6>*Los audiocuentos de Mumablue utilizan m\u00fasicas con Licencia Creative Commons en sus variantes 1.0, 3.0 y 4.0, interpretadas por <strong>Alexander Nakarada, Kevin MacLeod, Rafael Krux, Frank Nora, Arthur Fordsworthy, Brian Boyko y Phase Shift<\/strong>, y obtenidas a trav\u00e9s de\u00a0<span style=\"color: #3366ff;\"><a style=\"color: #3366ff;\" href=\"https:\/\/freepd.com\/\" target=\"_blank\" rel=\"noopener noreferrer\">freepd.com<\/a><\/span>.<\/h6>\n<p><span style=\"color: #00ccff;\"><a style=\"color: #00ccff;\" href=\"https:\/\/www.mumablue.com\/blog\/pequehistorias\"><img decoding=\"async\" loading=\"lazy\" class=\"alignnone size-full wp-image-1228\" src=\"https:\/\/www.mumablue.com\/blog\/wp-content\/uploads\/2020\/06\/Audiocuentos-adivinanzas.jpg\" alt=\"adivinanzas para escuchar\" width=\"96\" height=\"96\" srcset=\"https:\/\/www.mumablue.com\/blog\/wp-content\/uploads\/2020\/06\/Audiocuentos-adivinanzas.jpg 96w, https:\/\/www.mumablue.com\/blog\/wp-content\/uploads\/2020\/06\/Audiocuentos-adivinanzas-50x50.jpg 50w, https:\/\/www.mumablue.com\/blog\/wp-content\/uploads\/2020\/06\/Audiocuentos-adivinanzas-75x75.jpg 75w, https:\/\/www.mumablue.com\/blog\/wp-content\/uploads\/2020\/06\/Audiocuentos-adivinanzas-85x85.jpg 85w, https:\/\/www.mumablue.com\/blog\/wp-content\/uploads\/2020\/06\/Audiocuentos-adivinanzas-80x80.jpg 80w\" sizes=\"(max-width: 96px) 100vw, 96px\" \/>\u00a0<\/a><\/span><a style=\"color: #00ccff;\" href=\"https:\/\/www.mumablue.com\/blog\/pequehistorias\">Ver todos los audiocuentos<\/a><\/p>\n<div style='text-align:left' class='yasr-auto-insert-visitor'><\/div>","protected":false},"excerpt":{"rendered":"<p>Te traemos una selecci\u00f3n de audiocuentos largos para dormir que ayudan a conciliar el sue\u00f1o gracias a su ambientaci\u00f3n musical y a su sonido envolvente. Gracias al uso de ambientes y efectos sonoros, la escucha se convierte en una experiencia inmersiva que transporta al oyente a un mundo m\u00e1gico, on\u00edrico, abstray\u00e9ndolo de la realidad y [&hellip;]<\/p>\n","protected":false},"author":6,"featured_media":0,"parent":0,"menu_order":0,"comment_status":"closed","ping_status":"closed","template":"","meta":{"yasr_overall_rating":0,"yasr_post_is_review":"","yasr_auto_insert_disabled":"","yasr_review_type":""},"yasr_visitor_votes":{"number_of_votes":239,"sum_votes":1082,"stars_attributes":{"read_only":false,"span_bottom":false}},"yoast_head":"<!-- This site is optimized with the Yoast SEO plugin v14.5 - https:\/\/yoast.com\/wordpress\/plugins\/seo\/ -->\n<meta name=\"description\" content=\"Selecci\u00f3n de audiocuentos largos para dormir, aptos para ni\u00f1os y adultos, de una duraci\u00f3n entre diez y treinta minutos. \u00a1Ayudan a conciliar el sue\u00f1o!\" \/>\n<meta name=\"robots\" content=\"index, follow\" \/>\n<meta name=\"googlebot\" content=\"index, follow, max-snippet:-1, max-image-preview:large, max-video-preview:-1\" \/>\n<meta name=\"bingbot\" content=\"index, follow, max-snippet:-1, max-image-preview:large, max-video-preview:-1\" \/>\n<link rel=\"canonical\" href=\"https:\/\/www.mumablue.com\/blog\/audiocuentos-largos-para-dormir-a-ninos-y-mayores\/\" \/>\n<meta property=\"og:locale\" content=\"es_ES\" \/>\n<meta property=\"og:type\" content=\"article\" \/>\n<meta property=\"og:title\" content=\"Audiocuentos largos para dormir a ni\u00f1os... y mayores - Blog Mumablue\" \/>\n<meta property=\"og:description\" content=\"Selecci\u00f3n de audiocuentos largos para dormir, aptos para ni\u00f1os y adultos, de una duraci\u00f3n entre diez y treinta minutos. \u00a1Ayudan a conciliar el sue\u00f1o!\" \/>\n<meta property=\"og:url\" content=\"https:\/\/www.mumablue.com\/blog\/audiocuentos-largos-para-dormir-a-ninos-y-mayores\/\" \/>\n<meta property=\"og:site_name\" content=\"Blog Mumablue\" \/>\n<meta property=\"article:publisher\" content=\"https:\/\/www.facebook.com\/mumablue\/\" \/>\n<meta property=\"article:modified_time\" content=\"2025-04-08T07:49:28+00:00\" \/>\n<meta property=\"og:image\" content=\"https:\/\/www.mumablue.com\/blog\/wp-content\/uploads\/2020\/12\/Cuentos-para-dormir-ni\u00f1os.jpg\" \/>\n<meta name=\"twitter:card\" content=\"summary_large_image\" \/>\n<script type=\"application\/ld+json\" class=\"yoast-schema-graph\">{\"@context\":\"https:\/\/schema.org\",\"@graph\":[{\"@type\":\"Organization\",\"@id\":\"https:\/\/www.mumablue.com\/blog\/#organization\",\"name\":\"Mumablue\",\"url\":\"https:\/\/www.mumablue.com\/blog\/\",\"sameAs\":[\"https:\/\/www.facebook.com\/mumablue\/\",\"https:\/\/www.instagram.com\/mumablue\/?hl=es\"],\"logo\":{\"@type\":\"ImageObject\",\"@id\":\"https:\/\/www.mumablue.com\/blog\/#logo\",\"inLanguage\":\"es\",\"url\":\"https:\/\/www.mumablue.com\/blog\/wp-content\/uploads\/2020\/05\/Blog-Mumablue.png\",\"width\":749,\"height\":269,\"caption\":\"Mumablue\"},\"image\":{\"@id\":\"https:\/\/www.mumablue.com\/blog\/#logo\"}},{\"@type\":\"WebSite\",\"@id\":\"https:\/\/www.mumablue.com\/blog\/#website\",\"url\":\"https:\/\/www.mumablue.com\/blog\/\",\"name\":\"Blog Mumablue\",\"description\":\"Un blog de cuentos y audiocuentos gratis para ni\\u00f1os.\",\"publisher\":{\"@id\":\"https:\/\/www.mumablue.com\/blog\/#organization\"},\"potentialAction\":[{\"@type\":\"SearchAction\",\"target\":\"https:\/\/www.mumablue.com\/blog\/?s={search_term_string}\",\"query-input\":\"required name=search_term_string\"}],\"inLanguage\":\"es\"},{\"@type\":\"ImageObject\",\"@id\":\"https:\/\/www.mumablue.com\/blog\/audiocuentos-largos-para-dormir-a-ninos-y-mayores\/#primaryimage\",\"inLanguage\":\"es\",\"url\":\"https:\/\/www.mumablue.com\/blog\/wp-content\/uploads\/2020\/12\/Cuentos-para-dormir-ni\\u00f1os.jpg\",\"width\":500,\"height\":500,\"caption\":\"cuentos infantiles para dormir cortos\"},{\"@type\":\"WebPage\",\"@id\":\"https:\/\/www.mumablue.com\/blog\/audiocuentos-largos-para-dormir-a-ninos-y-mayores\/#webpage\",\"url\":\"https:\/\/www.mumablue.com\/blog\/audiocuentos-largos-para-dormir-a-ninos-y-mayores\/\",\"name\":\"Audiocuentos largos para dormir a ni\\u00f1os... y mayores - Blog Mumablue\",\"isPartOf\":{\"@id\":\"https:\/\/www.mumablue.com\/blog\/#website\"},\"primaryImageOfPage\":{\"@id\":\"https:\/\/www.mumablue.com\/blog\/audiocuentos-largos-para-dormir-a-ninos-y-mayores\/#primaryimage\"},\"datePublished\":\"2023-05-10T10:36:28+00:00\",\"dateModified\":\"2025-04-08T07:49:28+00:00\",\"description\":\"Selecci\\u00f3n de audiocuentos largos para dormir, aptos para ni\\u00f1os y adultos, de una duraci\\u00f3n entre diez y treinta minutos. \\u00a1Ayudan a conciliar el sue\\u00f1o!\",\"inLanguage\":\"es\",\"potentialAction\":[{\"@type\":\"ReadAction\",\"target\":[\"https:\/\/www.mumablue.com\/blog\/audiocuentos-largos-para-dormir-a-ninos-y-mayores\/\"]}]}]}<\/script>\n<!-- \/ Yoast SEO plugin. -->","_links":{"self":[{"href":"https:\/\/www.mumablue.com\/blog\/wp-json\/wp\/v2\/pages\/3158"}],"collection":[{"href":"https:\/\/www.mumablue.com\/blog\/wp-json\/wp\/v2\/pages"}],"about":[{"href":"https:\/\/www.mumablue.com\/blog\/wp-json\/wp\/v2\/types\/page"}],"author":[{"embeddable":true,"href":"https:\/\/www.mumablue.com\/blog\/wp-json\/wp\/v2\/users\/6"}],"replies":[{"embeddable":true,"href":"https:\/\/www.mumablue.com\/blog\/wp-json\/wp\/v2\/comments?post=3158"}],"version-history":[{"count":6,"href":"https:\/\/www.mumablue.com\/blog\/wp-json\/wp\/v2\/pages\/3158\/revisions"}],"predecessor-version":[{"id":7421,"href":"https:\/\/www.mumablue.com\/blog\/wp-json\/wp\/v2\/pages\/3158\/revisions\/7421"}],"wp:attachment":[{"href":"https:\/\/www.mumablue.com\/blog\/wp-json\/wp\/v2\/media?parent=3158"}],"curies":[{"name":"wp","href":"https:\/\/api.w.org\/{rel}","templated":true}]}}