{"id":3138,"date":"2020-11-19T09:37:34","date_gmt":"2020-11-19T09:37:34","guid":{"rendered":"https:\/\/mumablue.com\/blog\/?page_id=3138"},"modified":"2025-04-24T10:03:51","modified_gmt":"2025-04-24T10:03:51","slug":"cuento-de-animales-para-leer-a-los-ninos","status":"publish","type":"page","link":"https:\/\/www.mumablue.com\/blog\/cuento-de-animales-para-leer-a-los-ninos\/","title":{"rendered":"Cuento de animales para leer a los ni\u00f1os + Audiocuento"},"content":{"rendered":"<p><img decoding=\"async\" loading=\"lazy\" class=\"alignnone size-full wp-image-3140\" src=\"https:\/\/www.mumablue.com\/blog\/wp-content\/uploads\/2020\/11\/Cuento-de-la-Ant\u00e1rtida.jpg\" alt=\"cuento de animales para leer\" width=\"500\" height=\"500\" srcset=\"https:\/\/www.mumablue.com\/blog\/wp-content\/uploads\/2020\/11\/Cuento-de-la-Ant\u00e1rtida.jpg 500w, https:\/\/www.mumablue.com\/blog\/wp-content\/uploads\/2020\/11\/Cuento-de-la-Ant\u00e1rtida-300x300.jpg 300w, https:\/\/www.mumablue.com\/blog\/wp-content\/uploads\/2020\/11\/Cuento-de-la-Ant\u00e1rtida-150x150.jpg 150w\" sizes=\"(max-width: 500px) 100vw, 500px\" \/><\/p>\n<p>Aqu\u00ed tienes un cuento de animales para leer a los ni\u00f1os, una historia protagonizada por una peque\u00f1a ping\u00fcina que emprende un viaje inesperado. Su sue\u00f1o es conocer \u00abEl Mundo de Colores\u00bb. Por el camino entablar\u00e1 conversaci\u00f3n con un cormor\u00e1n, un gaviot\u00edn y una simp\u00e1tica ballena.<\/p>\n<p>Si lo prefieres, este cuento de animales para leer se lo contamos nosotros teatralizado. \u00a1Con dramatizaciones, efectos sonoros y m\u00fasica envolvente!<\/p>\n<h2>Audiocuento El viaje de Ping\u00fci<\/h2>\n<h6><script src=\"https:\/\/www.buzzsprout.com\/937792\/5748871-el-viaje-de-pingui.js?container_id=buzzsprout-player-5748871&amp;player=small\" type=\"text\/javascript\" charset=\"utf-8\"><\/script>\u00a0M\u00fasica: CC 0<span style=\"color: #3366ff;\"> <a style=\"color: #3366ff;\" href=\"https:\/\/freepd.com\/Page2\/\" target=\"_blank\" rel=\"noopener noreferrer\">Chimer<\/a>,\u00a0<a style=\"color: #3366ff;\" href=\"https:\/\/freepd.com\/Page2\/\" target=\"_blank\" rel=\"noopener noreferrer\">Path to Light<\/a>, <a style=\"color: #3366ff;\" href=\"https:\/\/freepd.com\/Page2\/\" target=\"_blank\" rel=\"noopener noreferrer\">Glow<\/a><\/span>\u00a0y <span style=\"color: #3366ff;\"><a style=\"color: #3366ff;\" href=\"https:\/\/freepd.com\/Page2\/\" target=\"_blank\" rel=\"noopener noreferrer\">Backer Ice<\/a><\/span>, por Frank Nora<\/h6>\n<h3><img decoding=\"async\" loading=\"lazy\" class=\"alignnone wp-image-583 ls-is-cached lazyloaded\" src=\"https:\/\/www.mumablue.com\/blog\/wp-content\/uploads\/2020\/03\/favicon.ico\" alt=\"\" width=\"44\" height=\"44\" data-src=\"https:\/\/www.mumablue.com\/blog\/wp-content\/uploads\/2020\/03\/favicon.ico\" \/>\u00a0\u00a0<span style=\"color: #800080;\"><span style=\"color: #10b030;\">\u00a1Precio especial para socios en cuentos personalizados!<\/span> <a href=\"https:\/\/www.mumablue.com\/esp\/inicio#mumaClub\" target=\"_blank\" rel=\"noopener\"><span style=\"color: #ff9900;\">\u00a1Reg\u00edstrate!<\/span><\/a>\u00a0<\/span><\/h3>\n<p><a href=\"https:\/\/www.mumablue.com\/esp\/nuestros-cuentos-personalizados\/la-magia-del-nombre-mi-nino\/?utm_source=blog&amp;utm_medium=banner&amp;utm_campaign=paginas-audiocuentos&amp;utm_content=cuento-animales\" target=\"_blank\" rel=\"noopener\"><img decoding=\"async\" loading=\"lazy\" class=\"alignnone wp-image-7479 size-full\" src=\"https:\/\/www.mumablue.com\/blog\/wp-content\/uploads\/2025\/04\/Banner-Magia-2.jpg\" alt=\"\" width=\"300\" height=\"460\" srcset=\"https:\/\/www.mumablue.com\/blog\/wp-content\/uploads\/2025\/04\/Banner-Magia-2.jpg 300w, https:\/\/www.mumablue.com\/blog\/wp-content\/uploads\/2025\/04\/Banner-Magia-2-196x300.jpg 196w\" sizes=\"(max-width: 300px) 100vw, 300px\" \/><\/a><\/p>\n<p>Si prefieres leerlo t\u00fa mismo, puedes hacerlos sobre esta m\u00fasica para crear una atm\u00f3sfera m\u00e1s envolvente. \u00a1A tu peque le va a encantar este cuento de animales para leer!<\/p>\n<h6><iframe style=\"border: 0; width: 100%; height: 42px;\" src=\"https:\/\/bandcamp.com\/EmbeddedPlayer\/album=133577268\/size=small\/bgcol=ffffff\/linkcol=0687f5\/track=713245899\/transparent=true\/\" seamless=\"\"><a href=\"https:\/\/alexandernakarada.bandcamp.com\/album\/1-lost-tales\">1. Lost Tales by Alexander Nakarada<\/a><\/iframe><\/h6>\n<h2><span style=\"font-weight: 400;\">Cuento de animales para leer: El viaje de Ping\u00fci<\/span><\/h2>\n<p><span style=\"font-weight: 400;\">Ping\u00fci es una peque\u00f1a ping\u00fcina que vive en la Ant\u00e1rtida. La blanca nieve y el hielo azulado de los glaciares le parecen muy aburridos, por eso sue\u00f1a con conocer El Mundo de Colores. Lo que Ping\u00fci no sabe es que, muy pronto, un terrible acontecimiento le har\u00e1 vivir una aventura extraordinaria.<\/span><\/p>\n<p><span style=\"font-weight: 400;\">Como todas las ma\u00f1anas de verano, Ping\u00fci juega con sus hermanos a la orilla del mar. Este a\u00f1o est\u00e1 siendo muy caluroso, as\u00ed que los ping\u00fcinos aprovechan cualquier oportunidad para darse un chapuz\u00f3n en las fr\u00edas aguas ant\u00e1rticas.<\/span><\/p>\n<p><span style=\"font-weight: 400;\">Pero, de pronto, algo rompe la calma. Se escucha un ruido largo y profundo. Todos los ping\u00fcinos se callan, se quedan inm\u00f3viles. El silencio de la Ant\u00e1rtida se hace a\u00fan m\u00e1s evidente. \u00a1Es el glaciar! Se est\u00e1 rompiendo el glaciar.<\/span><\/p>\n<p>&nbsp;<\/p>\n<p><span style=\"font-weight: 400;\">Ping\u00fci no se ha dado cuenta, pero el enorme trozo de glaciar, al caer al mar, ha provocado que se fracture la capa de hielo bajo sus pies. \u00a1Y la corriente la est\u00e1 alejando de la orilla!<\/span><\/p>\n<p><span style=\"font-weight: 400;\">-\u00a1Ping\u00fci! \u00a1Ping\u00fciiiii! Salta, r\u00e1pido. Tienes que nadar hasta aqu\u00ed.<\/span><\/p>\n<p><span style=\"font-weight: 400;\">-\u00a1Mam\u00e1\u00e1\u00e1\u00e1! !Mam\u00e1\u00e1\u00e1\u00e1\u00e1\u00e1! No puedo, estoy muy lejos.<\/span><\/p>\n<p><span style=\"font-weight: 400;\">Hace rato que Ping\u00fci flota, a la deriva. Ya no puede ver la capa de hielo de la Ant\u00e1rtida. Todo es agua y silencio a su alrededor. Un estremecedor silencio\u2026<\/span><\/p>\n<p><span style=\"font-weight: 400;\">-\u00a1Hola! \u00bfTe has perdido? -pregunta una extra\u00f1a voz, de repente.<\/span><\/p>\n<p><span style=\"font-weight: 400;\">Ping\u00fci pega tal respingo que casi se cae al mar. Frente a ella hay un cormor\u00e1n.<\/span><\/p>\n<p><span style=\"font-weight: 400;\">-S\u00ed. El trozo de hielo se desprendi\u00f3 y qued\u00e9 flotando a la deriva. Quiz\u00e1 llegue al Mundo de Colores.<\/span><\/p>\n<p><span style=\"font-weight: 400;\">-Oh, comprendo\u2026 Pues si contin\u00faas en esa direcci\u00f3n, llegar\u00e1s a Tierra del Fuego -responde el cormor\u00e1n .<\/span><\/p>\n<p><span style=\"font-weight: 400;\">-\u00bfEs bonita esa tierra de la que hablas?<\/span><\/p>\n<p><span style=\"font-weight: 400;\">-\u00bfQue si es bonita? \u00a1Es preciosa! Hay altas y grises monta\u00f1as, lagunas y lagos de un azul incre\u00edble que parecen espejos, frondosos y verdes bosques\u2026<\/span><\/p>\n<p><span style=\"font-weight: 400;\">-\u00a1Parece un lugar maravilloso! Intentar\u00e9 llegar all\u00ed. \u00a1Adi\u00f3s, se\u00f1or cormor\u00e1n!<\/span><\/p>\n<p><span style=\"font-weight: 400;\">El cormor\u00e1n agita sus alas dos veces pero en vez de echar a volar, se sumerge en el mar y desaparece de la vista. No pasa mucho tiempo hasta que un gaviot\u00edn se posa junto a ella, en el trozo de hielo.\u00a0<\/span><\/p>\n<p><span style=\"font-weight: 400;\">-\u00a1Hola! \u00a1Menos mal que est\u00e1s aqu\u00ed! Estoy agotado de tanto volar. Vengo del Polo Norte -explica el gaviot\u00edn.<\/span><\/p>\n<p><span style=\"font-weight: 400;\">-\u00a1Pero si eso est\u00e1 en la otra punta de la Tierra! \u00a1Entonces\u2026 tienes que conocer El Mundo de Colores!<\/span><\/p>\n<p><span style=\"font-weight: 400;\">-Sobrevuelo Am\u00e9rica dos veces al a\u00f1o, lo conozco como la palma de mi mano.<\/span><\/p>\n<p><span style=\"font-weight: 400;\">-\u00bfY c\u00f3mo es? Busco conocer otros lugares, estoy harta de ver s\u00f3lo blanco y azul por todas partes.<\/span><\/p>\n<p><span style=\"font-weight: 400;\">-\u00a1Es incre\u00edble! Hay grandes ca\u00f1ones de arena rojiza, tranquilos mares de aguas turquesa y peces amarillos, naranjas, rojos&#8230; \u00a1Hasta un g\u00e9iser con todos los colores del arco\u00edris!<\/span><\/p>\n<p><span style=\"font-weight: 400;\">-Guuuauuuu. \u00a1Me encantar\u00eda conocerlo!<\/span><\/p>\n<p><span style=\"font-weight: 400;\">-Hmmm\u2026 me temo que est\u00e1 demasiado lejos como para llegar sobre este trozo de hielo\u2026 y las corrientes podr\u00edan adentrarte en el oc\u00e9ano Pac\u00edfico. -responde el gaviot\u00edn, y a\u00f1ade: -Tendr\u00edas que ir volando.<\/span><\/p>\n<p><span style=\"font-weight: 400;\">Ping\u00fci se queda muy triste. Sus ojos se llenan de l\u00e1grimas.<\/span><\/p>\n<p><span style=\"font-weight: 400;\">-\u00a1Eh! Oye, pero no llores. Quiz\u00e1 si ejercitas un poco tus alas\u2026<\/span><\/p>\n<p><span style=\"font-weight: 400;\">Al o\u00edr eso, Ping\u00fci llora a\u00fan m\u00e1s fuerte. \u00a1Todo el mundo sabe que los ping\u00fcinos no pueden volar! El gaviot\u00edn, para consolarla, promete contarle con todo detalle c\u00f3mo son los lugares m\u00e1s maravillosos de Am\u00e9rica. Le habla de las pir\u00e1mides incas y mayas, de la reserva de las mariposas Monarca, de los arrecifes de coral, de un desierto de sal que es como un enorme espejo, del gran r\u00edo Amazonas\u2026<\/span><\/p>\n<p><span style=\"font-weight: 400;\">Ping\u00fci est\u00e1 maravillada. Gracias a las precisas descripciones del gaviot\u00edn le parece estar viendo cada lugar, con toooodos sus colores.\u00a0<\/span><\/p>\n<p><span style=\"font-weight: 400;\">-Ahora tengo que irme. Debo llegar a la Ant\u00e1rtida antes del anochecer. \u00a1Buena suerte!<\/span><\/p>\n<p><span style=\"font-weight: 400;\">-Muchas gracias, se\u00f1or gaviot\u00edn, espero volver a verle. \u00a1Suerte en su pr\u00f3ximo viaje!<\/span><\/p>\n<p><span style=\"font-weight: 400;\">Tras un buen rato m\u00e1s flotando a la deriva, Ping\u00fci contin\u00faa sin avistar tierra firme. De pronto, cree ver a lo lejos un islote. Pero cuando se acerca, se da cuenta de que es una enorme ballena.<\/span><\/p>\n<p><span style=\"font-weight: 400;\">-\u00a1Hola! \u00bfQu\u00e9 haces aqu\u00ed, tan sola?, pregunta la ballena.<\/span><\/p>\n<p><span style=\"font-weight: 400;\">-Se desprendi\u00f3 un trozo de hielo y me adentr\u00e9 en el mar. Busco llegar al Mundo de Colores. \u00bfConoces alg\u00fan lugar bonito?<\/span><\/p>\n<p><span style=\"font-weight: 400;\">-Ohhh, claro que s\u00ed. Todos los a\u00f1os viajo hasta Ecuador. Las ballenas vemos en blanco y negro, pero los habitantes de all\u00ed me han hablado de espectaculares selvas con plantas de verdes y gigantescas hojas, p\u00e1jaros con plumas rojas, amarillas y verdes, y flores de todos los colores del mundo.<\/span><\/p>\n<p><span style=\"font-weight: 400;\">-\u00a1Qu\u00e9 maravilla! \u00bfCrees que podr\u00e9 llegar all\u00ed?<\/span><\/p>\n<p><span style=\"font-weight: 400;\">-Hmmm\u2026 lo dudo.<\/span><\/p>\n<p><span style=\"font-weight: 400;\">-Y eso, \u00bfpor qu\u00e9?<\/span><\/p>\n<p><span style=\"font-weight: 400;\">-Porque seg\u00fan avances hacia el norte har\u00e1 cada vez m\u00e1s y m\u00e1s calor y tu barquita de hielo se derretir\u00e1.<\/span><\/p>\n<p><span style=\"font-weight: 400;\">Ping\u00fci se queda muy decepcionada. Est\u00e1 claro que nunca podr\u00e1 conocer otros lugares del mundo.\u00a0<\/span><\/p>\n<p><span style=\"font-weight: 400;\">-Eh, oye. No te pongas triste -la consuela la ballena-. Es tarde, se va a hacer de noche. Creo que deber\u00edas regresar.\u00a0<\/span><\/p>\n<p><span style=\"font-weight: 400;\">-\u00bfC\u00f3mo? Estoy perdida y seguro que a cientos de millas de mi casa.<\/span><\/p>\n<p><span style=\"font-weight: 400;\">-Sube. Yo te acercar\u00e9. Llegaremos en un periquete.<\/span><\/p>\n<p><span style=\"font-weight: 400;\">Ping\u00fci se sube sobre la simp\u00e1tica ballena. \u00a1Viajan muy r\u00e1pido! Al llegar a su glaciar todos la reciben con gran alegr\u00eda. Su pap\u00e1 y su mam\u00e1 la abrazan y todos sus hermanos bailan, en corro, a su alrededor.<\/span><\/p>\n<p><span style=\"font-weight: 400;\">-Muchas gracias, se\u00f1ora ballena. \u00a1Espero que lo pase bien en su pr\u00f3ximo viaje a Ecuador!<\/span><\/p>\n<p><span style=\"font-weight: 400;\">-Quiz\u00e1 a tus padres no les importe que me acompa\u00f1es. \u00a1Pasar\u00e9 a buscarte en septiembre para que vengas conmigo! Adioooos&#8230;<\/span><\/p>\n<p><span style=\"font-weight: 400;\">\u00a1Ping\u00fci no se lo puede creer! Por fin podr\u00e1 conocer El Mundo de Colores.<\/span><\/p>\n<p><a href=\"https:\/\/www.mumablue.com\/esp\/nuestros-cuentos-personalizados\/cuento-personalizado-papa?utm_source=blog&amp;utm_medium=banner&amp;utm_campaign=paginas-audiocuentos&amp;utm_content=cuento-animales\" target=\"_blank\" rel=\"noopener\"><img decoding=\"async\" loading=\"lazy\" class=\"alignnone wp-image-7482 size-full\" src=\"https:\/\/www.mumablue.com\/blog\/wp-content\/uploads\/2025\/04\/Banner-Padre-1.jpg\" alt=\"\" width=\"300\" height=\"460\" srcset=\"https:\/\/www.mumablue.com\/blog\/wp-content\/uploads\/2025\/04\/Banner-Padre-1.jpg 300w, https:\/\/www.mumablue.com\/blog\/wp-content\/uploads\/2025\/04\/Banner-Padre-1-196x300.jpg 196w\" sizes=\"(max-width: 300px) 100vw, 300px\" \/><\/a><\/p>\n<h3><img decoding=\"async\" loading=\"lazy\" class=\"alignnone wp-image-583 ls-is-cached lazyloaded\" src=\"https:\/\/www.mumablue.com\/blog\/wp-content\/uploads\/2020\/03\/favicon.ico\" alt=\"\" width=\"44\" height=\"44\" data-src=\"https:\/\/www.mumablue.com\/blog\/wp-content\/uploads\/2020\/03\/favicon.ico\" \/>\u00a0<span style=\"color: #800080;\"> \u00a1Descubre <span style=\"color: #3366ff;\"><a style=\"color: #3366ff;\" href=\"https:\/\/www.mumablue.com\/blog\/cuentos-de-animales-cortos-audiocuentos-gratis\/\" target=\"_blank\" rel=\"noopener\">m\u00e1s cuentos de animales<\/a><\/span>\u00a0gratis!<\/span><\/h3>\n<h2><strong>Curiosidades sobre la Ant\u00e1rtida<\/strong><\/h2>\n<p><span style=\"font-weight: 400;\">Los ping\u00fcinos son aves que no pueden volar. Perdieron esa capacidad hace miles de a\u00f1os, cuando sus alas se adaptaron para nadar, por lo que m\u00e1s que como alas, les sirven como aletas. <strong>Los ping\u00fcinos viven en el Polo Sur, en la Ant\u00e1rtida. \u00a1No encontrar\u00e1s ninguno en el Polo Norte!<\/strong><\/span><\/p>\n<p><span style=\"font-weight: 400;\">Aunque ambas son regiones heladas,<strong> en el Polo Sur hace m\u00e1s fr\u00edo que en el Polo Norte<\/strong>. Esto es as\u00ed porque el Polo Norte es un mar helado, el Oc\u00e9ano \u00c1rtico, mientras que el Polo Sur es un continente helado, lo que se conoce como la Ant\u00e1rtida. \u00a1Y como los oc\u00e9anos absorben m\u00e1s calor que los continentes, hace que no bajen tanto las temperaturas! En cualquier caso, en ambos hace much\u00edsimo fr\u00edo. \u00a1La temperatura <strong>puede llegar a ser hasta cuatro veces m\u00e1s fr\u00eda que dentro de tu congelador<\/strong>!<\/span><\/p>\n<p><span style=\"font-weight: 400;\">Los polos se encuentran en hemisferios opuestos. Esto quiere decir que <strong>cuando en el Polo Norte es verano, en el Polo Sur es invierno<\/strong>, y al rev\u00e9s. \u00bfSabes que en el hemisferio sur, en la Ant\u00e1rtida, el verano es entre los meses de diciembre y marzo? \u00a1Flipante! \u00a1Esto quiere decir que celebran la Navidad ba\u00f1\u00e1ndose en la piscina! \u00a1Qu\u00e9 morro!<\/span><\/p>\n<p><span style=\"font-weight: 400;\">Como en la Ant\u00e1rtida hace much\u00edsimo fr\u00edo en invierno, algunas especies de animales migran a otros lugares del planeta en busca de calorcito. Es el caso de los protagonistas de nuestra historias: la ballena, el cormor\u00e1n y el gaviot\u00edn. <strong>El gaviot\u00edn \u00e1rtico protagoniza la mayor migraci\u00f3n del mundo animal:<\/strong> del Polo Norte al Polo Sur. Aprovecha las corrientes de aire y es un experto planeador que puede dormir mientras vuela. \u00a1Es uno de los mayores viajeros de la Naturaleza!<\/span><\/p>\n<h2>Otros cuentos de animales para leer a los ni\u00f1os<\/h2>\n<p>Estamos convencidos de que a tu peque le ha gustado bastante este cuento de animales para leer a los ni\u00f1os. \u00a1Pero no es el \u00fanico! En Mumablue puedes encontrar otros muchos cuentos en los que los animales son los protagonistas, como una estrella de mar, una mariposa o unas extra\u00f1as medudas. \u00a1Tambi\u00e9n encontrar\u00e1 animales fant\u00e1sticos como dragones o unicornios! Visita nuestra p\u00e1gina de\u00a0<span style=\"color: #3366ff;\"><a style=\"color: #3366ff;\" href=\"https:\/\/www.mumablue.com\/blog\/cuentos-infantiles-para-leer-cortos-gratis\/\">cuentos infantiles para leer<\/a><\/span>. \u00a1Echa un vistazo!<\/p>\n<div style='text-align:left' class='yasr-auto-insert-visitor'><\/div>","protected":false},"excerpt":{"rendered":"<p>Aqu\u00ed tienes un cuento de animales para leer a los ni\u00f1os, una historia protagonizada por una peque\u00f1a ping\u00fcina que emprende un viaje inesperado. Su sue\u00f1o es conocer \u00abEl Mundo de Colores\u00bb. Por el camino entablar\u00e1 conversaci\u00f3n con un cormor\u00e1n, un gaviot\u00edn y una simp\u00e1tica ballena. Si lo prefieres, este cuento de animales para leer se [&hellip;]<\/p>\n","protected":false},"author":6,"featured_media":0,"parent":0,"menu_order":0,"comment_status":"closed","ping_status":"closed","template":"","meta":{"yasr_overall_rating":0,"yasr_post_is_review":"","yasr_auto_insert_disabled":"","yasr_review_type":""},"yasr_visitor_votes":{"number_of_votes":427,"sum_votes":1917,"stars_attributes":{"read_only":false,"span_bottom":false}},"yoast_head":"<!-- This site is optimized with the Yoast SEO plugin v14.5 - https:\/\/yoast.com\/wordpress\/plugins\/seo\/ -->\n<meta name=\"description\" content=\"Este cuento de animales para leer no es como te imaginas: es un viaje alucinante en el que descubrir nuevos mundos con la imaginaci\u00f3n. \u00a1Incluye audiocuento!\" \/>\n<meta name=\"robots\" content=\"index, follow\" \/>\n<meta name=\"googlebot\" content=\"index, follow, max-snippet:-1, max-image-preview:large, max-video-preview:-1\" \/>\n<meta name=\"bingbot\" content=\"index, follow, max-snippet:-1, max-image-preview:large, max-video-preview:-1\" \/>\n<link rel=\"canonical\" href=\"https:\/\/www.mumablue.com\/blog\/cuento-de-animales-para-leer-a-los-ninos\/\" \/>\n<meta property=\"og:locale\" content=\"es_ES\" \/>\n<meta property=\"og:type\" content=\"article\" \/>\n<meta property=\"og:title\" content=\"Cuento de animales para leer a los ni\u00f1os + Audiocuento - Blog Mumablue\" \/>\n<meta property=\"og:description\" content=\"Este cuento de animales para leer no es como te imaginas: es un viaje alucinante en el que descubrir nuevos mundos con la imaginaci\u00f3n. \u00a1Incluye audiocuento!\" \/>\n<meta property=\"og:url\" content=\"https:\/\/www.mumablue.com\/blog\/cuento-de-animales-para-leer-a-los-ninos\/\" \/>\n<meta property=\"og:site_name\" content=\"Blog Mumablue\" \/>\n<meta property=\"article:publisher\" content=\"https:\/\/www.facebook.com\/mumablue\/\" \/>\n<meta property=\"article:modified_time\" content=\"2025-04-24T10:03:51+00:00\" \/>\n<meta property=\"og:image\" content=\"https:\/\/www.mumablue.com\/blog\/wp-content\/uploads\/2020\/11\/Cuento-de-la-Ant\u00e1rtida.jpg\" \/>\n<meta name=\"twitter:card\" content=\"summary_large_image\" \/>\n<script type=\"application\/ld+json\" class=\"yoast-schema-graph\">{\"@context\":\"https:\/\/schema.org\",\"@graph\":[{\"@type\":\"Organization\",\"@id\":\"https:\/\/www.mumablue.com\/blog\/#organization\",\"name\":\"Mumablue\",\"url\":\"https:\/\/www.mumablue.com\/blog\/\",\"sameAs\":[\"https:\/\/www.facebook.com\/mumablue\/\",\"https:\/\/www.instagram.com\/mumablue\/?hl=es\"],\"logo\":{\"@type\":\"ImageObject\",\"@id\":\"https:\/\/www.mumablue.com\/blog\/#logo\",\"inLanguage\":\"es\",\"url\":\"https:\/\/www.mumablue.com\/blog\/wp-content\/uploads\/2020\/05\/Blog-Mumablue.png\",\"width\":749,\"height\":269,\"caption\":\"Mumablue\"},\"image\":{\"@id\":\"https:\/\/www.mumablue.com\/blog\/#logo\"}},{\"@type\":\"WebSite\",\"@id\":\"https:\/\/www.mumablue.com\/blog\/#website\",\"url\":\"https:\/\/www.mumablue.com\/blog\/\",\"name\":\"Blog Mumablue\",\"description\":\"Un blog de cuentos y audiocuentos gratis para ni\\u00f1os.\",\"publisher\":{\"@id\":\"https:\/\/www.mumablue.com\/blog\/#organization\"},\"potentialAction\":[{\"@type\":\"SearchAction\",\"target\":\"https:\/\/www.mumablue.com\/blog\/?s={search_term_string}\",\"query-input\":\"required name=search_term_string\"}],\"inLanguage\":\"es\"},{\"@type\":\"ImageObject\",\"@id\":\"https:\/\/www.mumablue.com\/blog\/cuento-de-animales-para-leer-a-los-ninos\/#primaryimage\",\"inLanguage\":\"es\",\"url\":\"https:\/\/www.mumablue.com\/blog\/wp-content\/uploads\/2020\/11\/Cuento-de-la-Ant\\u00e1rtida.jpg\",\"width\":500,\"height\":500,\"caption\":\"cuento de animales para leer\"},{\"@type\":\"WebPage\",\"@id\":\"https:\/\/www.mumablue.com\/blog\/cuento-de-animales-para-leer-a-los-ninos\/#webpage\",\"url\":\"https:\/\/www.mumablue.com\/blog\/cuento-de-animales-para-leer-a-los-ninos\/\",\"name\":\"Cuento de animales para leer a los ni\\u00f1os + Audiocuento - Blog Mumablue\",\"isPartOf\":{\"@id\":\"https:\/\/www.mumablue.com\/blog\/#website\"},\"primaryImageOfPage\":{\"@id\":\"https:\/\/www.mumablue.com\/blog\/cuento-de-animales-para-leer-a-los-ninos\/#primaryimage\"},\"datePublished\":\"2020-11-19T09:37:34+00:00\",\"dateModified\":\"2025-04-24T10:03:51+00:00\",\"description\":\"Este cuento de animales para leer no es como te imaginas: es un viaje alucinante en el que descubrir nuevos mundos con la imaginaci\\u00f3n. \\u00a1Incluye audiocuento!\",\"inLanguage\":\"es\",\"potentialAction\":[{\"@type\":\"ReadAction\",\"target\":[\"https:\/\/www.mumablue.com\/blog\/cuento-de-animales-para-leer-a-los-ninos\/\"]}]}]}<\/script>\n<!-- \/ Yoast SEO plugin. -->","_links":{"self":[{"href":"https:\/\/www.mumablue.com\/blog\/wp-json\/wp\/v2\/pages\/3138"}],"collection":[{"href":"https:\/\/www.mumablue.com\/blog\/wp-json\/wp\/v2\/pages"}],"about":[{"href":"https:\/\/www.mumablue.com\/blog\/wp-json\/wp\/v2\/types\/page"}],"author":[{"embeddable":true,"href":"https:\/\/www.mumablue.com\/blog\/wp-json\/wp\/v2\/users\/6"}],"replies":[{"embeddable":true,"href":"https:\/\/www.mumablue.com\/blog\/wp-json\/wp\/v2\/comments?post=3138"}],"version-history":[{"count":13,"href":"https:\/\/www.mumablue.com\/blog\/wp-json\/wp\/v2\/pages\/3138\/revisions"}],"predecessor-version":[{"id":7490,"href":"https:\/\/www.mumablue.com\/blog\/wp-json\/wp\/v2\/pages\/3138\/revisions\/7490"}],"wp:attachment":[{"href":"https:\/\/www.mumablue.com\/blog\/wp-json\/wp\/v2\/media?parent=3138"}],"curies":[{"name":"wp","href":"https:\/\/api.w.org\/{rel}","templated":true}]}}