{"id":3123,"date":"2020-11-16T10:12:36","date_gmt":"2020-11-16T10:12:36","guid":{"rendered":"https:\/\/mumablue.com\/blog\/?page_id=3123"},"modified":"2025-05-29T12:24:16","modified_gmt":"2025-05-29T12:24:16","slug":"cuento-de-princesas-para-leer-a-los-ninos","status":"publish","type":"page","link":"https:\/\/www.mumablue.com\/blog\/cuento-de-princesas-para-leer-a-los-ninos\/","title":{"rendered":"Cuento de princesas para leer a los ni\u00f1os"},"content":{"rendered":"<p><img decoding=\"async\" loading=\"lazy\" class=\"alignnone size-full wp-image-3117\" src=\"https:\/\/www.mumablue.com\/blog\/wp-content\/uploads\/2020\/11\/La-princesa-y-el-drag\u00f3n.jpg\" alt=\"cuento de princesas para leer\" width=\"500\" height=\"500\" srcset=\"https:\/\/www.mumablue.com\/blog\/wp-content\/uploads\/2020\/11\/La-princesa-y-el-drag\u00f3n.jpg 500w, https:\/\/www.mumablue.com\/blog\/wp-content\/uploads\/2020\/11\/La-princesa-y-el-drag\u00f3n-300x300.jpg 300w, https:\/\/www.mumablue.com\/blog\/wp-content\/uploads\/2020\/11\/La-princesa-y-el-drag\u00f3n-150x150.jpg 150w\" sizes=\"(max-width: 500px) 100vw, 500px\" \/><\/p>\n<p>Aqu\u00ed tienes <strong>un cuento de princesas para leer a los ni\u00f1os, corto y con valores<\/strong>. Se trata de un cuento basado en un microrrelato, extendido hasta m\u00e1s all\u00e1 de sus confines. En \u00e9l se ofrece una visi\u00f3n distinta de la del relato cl\u00e1sico, cambiando el punto de vista y huyendo de los roles tradicionales de dragones y princesas, tal y como defendemos en <span style=\"color: #3366ff;\"><a style=\"color: #3366ff;\" href=\"https:\/\/www.mumablue.com\/?utm_source=blog&amp;utm_medium=link&amp;utm_campaign=p\u00e1ginas-audiocuentos&amp;utm_content=cuento-princesas\" target=\"_blank\" rel=\"noopener noreferrer\">Mumablue<\/a><\/span>.<\/p>\n<p>Puedes encontrar el texto m\u00e1s bajo. \u00a1Pero, si lo prefieres, <strong>este cuento de princesas para leer se lo contamos nosotros!<\/strong><\/p>\n<h2>Audiocuento \u201cLa princesa y el drag\u00f3n\u201d<\/h2>\n<h6><script src=\"https:\/\/www.buzzsprout.com\/937792\/6308749-la-princesa-y-el-dragon.js?container_id=buzzsprout-player-6308749&amp;player=small\" type=\"text\/javascript\" charset=\"utf-8\"><\/script>M\u00fasica: CC 0 \u00a0<span style=\"color: #3366ff;\"><a style=\"color: #3366ff;\" href=\"https:\/\/freesound.org\/people\/cormi\/sounds\/101981\/#\" target=\"_blank\" rel=\"noopener noreferrer\">Troubadour<\/a><\/span>, por Cormi.<\/h6>\n<p><a href=\"?utm_source=blog&amp;utm_medium=banner&amp;utm_campaign=p\u00e1ginas-audiocuentos&amp;utm_content=cuento-princesas\" target=\"_blank\" rel=\"noopener noreferrer\"><img decoding=\"async\" loading=\"lazy\" class=\"alignnone wp-image-5009 size-full\" src=\"https:\/\/www.mumablue.com\/blog\/wp-content\/uploads\/2021\/09\/Cuento-de-Princesas-Frozen.jpg\" alt=\"cuento de princesas para ni\u00f1os\" width=\"715\" height=\"162\" srcset=\"https:\/\/www.mumablue.com\/blog\/wp-content\/uploads\/2021\/09\/Cuento-de-Princesas-Frozen.jpg 715w, https:\/\/www.mumablue.com\/blog\/wp-content\/uploads\/2021\/09\/Cuento-de-Princesas-Frozen-300x68.jpg 300w, https:\/\/www.mumablue.com\/blog\/wp-content\/uploads\/2021\/09\/Cuento-de-Princesas-Frozen-624x141.jpg 624w\" sizes=\"(max-width: 715px) 100vw, 715px\" \/><\/a><\/p>\n<p>En caso de que desees leerlo t\u00fa mismo, <strong>puedes crear ambiente si pones alguna m\u00fasica de fondo<\/strong> mientras se lo lees. Te dejamos una sugerencia.<\/p>\n<p><iframe loading=\"lazy\" src=\"https:\/\/freesound.org\/embed\/sound\/iframe\/101981\/simple\/medium\/\" width=\"200%\" height=\"85\" frameborder=\"0\" scrolling=\"no\"><span data-mce-type=\"bookmark\" style=\"display: inline-block; width: 0px; overflow: hidden; line-height: 0;\" class=\"mce_SELRES_start\">\ufeff<\/span><span data-mce-type=\"bookmark\" style=\"display: inline-block; width: 0px; overflow: hidden; line-height: 0;\" class=\"mce_SELRES_start\">\ufeff<\/span><\/iframe><\/p>\n<h2>Cuento de princesas para leer: La princesa y el drag\u00f3n<\/h2>\n<p><span style=\"font-weight: 400;\">La princesa repiqueteaba los dedos, nerviosa, sobre la enorme mesa de madera. Unos golpecitos impacientes que se amplificaban en el eco de la cueva.\u00a0<\/span><\/p>\n<p><span style=\"font-weight: 400;\">-\u00bfCrees que vendr\u00e1 alguno hoy? -pregunt\u00f3.<\/span><\/p>\n<p><span style=\"font-weight: 400;\">Como respuesta, tan s\u00f3lo recibi\u00f3 un bufido.\u00a0<\/span><span style=\"font-weight: 400;\">El drag\u00f3n no sab\u00eda hablar. Claro, era un drag\u00f3n. Pero eso a la princesa no le importaba. Su preocupaci\u00f3n era otra bien distinta: hac\u00eda meses que ning\u00fan caballero acud\u00eda a rescatarla.\u00a0<\/span><span style=\"font-weight: 400;\">Los corderos ya no eran suficiente para saciar el hambre del drag\u00f3n. <\/span><span style=\"font-weight: 400;\">Y la princesa ten\u00eda miedo.<\/span><\/p>\n<p><span style=\"font-weight: 400;\">Hac\u00eda unos cuantos d\u00edas, ya no recordaba cu\u00e1ntos, la princesa hab\u00eda escuchado un sonido met\u00e1lico fuera de la cueva creyendo que, por fin, hab\u00eda llegado su tan esperado caballero a rescatarla. El drag\u00f3n se incorpor\u00f3, r\u00e1pidamente. Se puso al acecho y se prepar\u00f3 para escupir su mort\u00edfera llamarada.<\/span><\/p>\n<p><span style=\"font-weight: 400;\">Pero nada. El ruido lo hab\u00eda provocado el viento al agitar la monta\u00f1a de yelmos y armaduras que pertenecieron a los tantos caballeros devorados por el drag\u00f3n. Su fuego se extingui\u00f3 y dos ligeros hilillos de humo escaparon por los orificios de su nariz.<\/span><\/p>\n<p><span style=\"font-weight: 400;\">-No pierdas la esperanza, tal vez aparezca alguno ma\u00f1ana -se dec\u00eda la princesa.<\/span><\/p>\n<p><span style=\"font-weight: 400;\">D\u00eda tras d\u00eda iba creciendo el tiempo. Y, con \u00e9l, crec\u00eda tambi\u00e9n el hambre del drag\u00f3n. Cuando \u00e9ste sent\u00eda que iba a desfallecer, masticaba los viejos huesos que se amontonaban al fondo de la cueva. Pero la princesa sab\u00eda que no le durar\u00edan mucho tiempo y se estremec\u00eda de miedo al pensar en su destino.<\/span><\/p>\n<p><span style=\"font-weight: 400;\">En otra ocasi\u00f3n, tan s\u00f3lo unos d\u00edas despu\u00e9s de que llegara el \u00faltimo caballero que intent\u00f3, sin \u00e9xito, rescatar a la princesa, hab\u00edan escuchado unos cascos de caballo que se aproximaba, galopando, a la cueva.\u00a0<\/span><span style=\"font-weight: 400;\">Efectivamente era un caballo. Pero sobre \u00e9l no cabalgaba ning\u00fan caballero. Estaba ensillado y vest\u00eda una gualdrapa con los colores y escudos del \u00faltimo jinete que devor\u00f3 el drag\u00f3n.<\/span><\/p>\n<p><span style=\"font-weight: 400;\">La princesa atrajo al caballo con dulzura y lo gui\u00f3 -ingenuo animalito- hasta las hambrientas fauces del drag\u00f3n. Por ahora ser\u00eda suficiente, pero\u2026 \u00bfdurante cu\u00e1nto tiempo lograr\u00eda sobrevivir?<\/span><\/p>\n<p><span style=\"font-weight: 400;\">La princesa estaba preocupada. Hac\u00eda meses que ning\u00fan caballero acud\u00eda a rescatarla y su adorado drag\u00f3n estaba ya en los huesos.<\/span><\/p>\n<p><span style=\"font-weight: 400;\">-Nada puedo hacer, amigo m\u00edo &#8211; le dec\u00eda con tristeza &#8211; para evitar que te mueras de hambre.<\/span><\/p>\n<h2><strong><a href=\"?utm_source=blog&amp;utm_medium=banner&amp;utm_campaign=p\u00e1ginas-audiocuentos&amp;utm_content=cuento-princesas\" target=\"_blank\" rel=\"noopener noreferrer\"><img decoding=\"async\" loading=\"lazy\" class=\"alignnone wp-image-5009 size-full\" src=\"https:\/\/www.mumablue.com\/blog\/wp-content\/uploads\/2021\/09\/Cuento-de-Princesas-Frozen.jpg\" alt=\"cuento de princesas para ni\u00f1os\" width=\"715\" height=\"162\" srcset=\"https:\/\/www.mumablue.com\/blog\/wp-content\/uploads\/2021\/09\/Cuento-de-Princesas-Frozen.jpg 715w, https:\/\/www.mumablue.com\/blog\/wp-content\/uploads\/2021\/09\/Cuento-de-Princesas-Frozen-300x68.jpg 300w, https:\/\/www.mumablue.com\/blog\/wp-content\/uploads\/2021\/09\/Cuento-de-Princesas-Frozen-624x141.jpg 624w\" sizes=\"(max-width: 715px) 100vw, 715px\" \/><\/a><\/strong><\/h2>\n<h2><strong>Audiocuento basado en un microrrelato<\/strong><\/h2>\n<p><span style=\"font-weight: 400;\">La princesa y el drag\u00f3n es un audiocuento que tiene su origen en un microrrelato del periodista y escritor <span style=\"color: #3366ff;\"><a style=\"color: #3366ff;\" href=\"http:\/\/1antologiademinificcion.blogspot.com\/2017\/10\/diego-sanudo.html\" target=\"_blank\" rel=\"noopener noreferrer\">Diego Sa\u00f1udo Arce<\/a><\/span>, extra\u00eddo de su obra \u201cJuego de ni\u00f1os\u201d publicado por la editorial La Tinta del Silencio. <strong>Esta obra result\u00f3 ser la m\u00e1s vendida del cat\u00e1logo de la editorial.\u00a0<\/strong><\/span><\/p>\n<blockquote><p><span style=\"font-weight: 400;\">\u00abLa princesa estaba preocupada. Hac\u00eda meses que ning\u00fan caballero acud\u00eda a rescatarla y su adorado drag\u00f3n estaba ya en los huesos.\u00bb<\/span><\/p><\/blockquote>\n<p>El microrrelato aparece citado, tal cual, al final del audiocuento. Es importante se\u00f1alar que \u00ab<span style=\"color: #0000ff;\"><a style=\"color: #0000ff;\" href=\"https:\/\/www.cronicajalisco.com\/notas-diego_j_sanudo-97391-2020\" target=\"_blank\" rel=\"noopener noreferrer\"><span style=\"color: #3366ff;\">Juego de ni\u00f1os<\/span><\/a><\/span>\u00bb es <strong>una obra para adultos, perspectiva desde la que este microrrelato tiene una mayor dimensi\u00f3n interpretativa<\/strong>. Sin embargo, al leerlo nos pareci\u00f3 que admit\u00eda un desarrollo como cuento infantil del que los m\u00e1s peque\u00f1os tambi\u00e9n podr\u00edan extraer una lectura interesante, al cambiar el punto de vista: el drag\u00f3n ya no es un ser despiadado y temido por la princesa, sino amado y protegido por ella.<\/p>\n<p>As\u00ed surgi\u00f3 la idea de \u00abprofanar\u00bb esta obrita breve y transformarlo en un cuento de princesas para leer con la que disfrutar\u00e1n ni\u00f1os y grandes, siempre, por supuesto, <strong>con el permiso de su autor, a quien trasladamos nuestro agradecimiento<\/strong>, pues sabemos que no es f\u00e1cil ver transformada tu obra desde la interpretaci\u00f3n de un tercero. Pod\u00e9is encontrar su perfil en Twitter: <span style=\"color: #3366ff;\"><a style=\"color: #3366ff;\" href=\"https:\/\/twitter.com\/narratorio\" target=\"_blank\" rel=\"noopener noreferrer\">Narratorio<\/a><\/span>.<\/p>\n<h2>Cuento de princesas para leer&#8230; y de piratas, vikingos, egipcios\u2026<\/h2>\n<p>Esperamos que tu peque haya disfrutado de este cuento de princesas para leer a los ni\u00f1os. En \u00e9l <strong>se cambia el punto de vista, dejando de lado la idea de que el drag\u00f3n siempre es malvado<\/strong>. En\u00a0 el audiocuento \u00abLa princesa y el drag\u00f3n\u00bb la protagonista espera a su caballero, pero no para ser rescatada, sino para poder alimentar a su adorado amigo.<\/p>\n<p><strong>Puedes encontrar muchos otros cuentos cortos para leer<\/strong> (llenos de valores y con puntos de vista que se alejan de aquellos a los que estamos acostumbrados por la pauta que han marcado los cuentos cl\u00e1sicos) en nuestra p\u00e1gina de <span style=\"color: #3366ff;\"><a style=\"color: #3366ff;\" href=\"https:\/\/www.mumablue.com\/blog\/cuentos-infantiles-para-leer-cortos-gratis\/\">cuentos infantiles para leer<\/a><\/span>. \u00a1Echa un vistazo!<\/p>\n<div style='text-align:left' class='yasr-auto-insert-visitor'><\/div>","protected":false},"excerpt":{"rendered":"<p>Aqu\u00ed tienes un cuento de princesas para leer a los ni\u00f1os, corto y con valores. Se trata de un cuento basado en un microrrelato, extendido hasta m\u00e1s all\u00e1 de sus confines. En \u00e9l se ofrece una visi\u00f3n distinta de la del relato cl\u00e1sico, cambiando el punto de vista y huyendo de los roles tradicionales de [&hellip;]<\/p>\n","protected":false},"author":6,"featured_media":0,"parent":0,"menu_order":0,"comment_status":"closed","ping_status":"closed","template":"","meta":{"yasr_overall_rating":0,"yasr_post_is_review":"","yasr_auto_insert_disabled":"","yasr_review_type":""},"yasr_visitor_votes":{"number_of_votes":321,"sum_votes":787,"stars_attributes":{"read_only":false,"span_bottom":false}},"yoast_head":"<!-- This site is optimized with the Yoast SEO plugin v14.5 - https:\/\/yoast.com\/wordpress\/plugins\/seo\/ -->\n<meta name=\"description\" content=\"Este no es el t\u00edpico cuento de princesas para leer a los ni\u00f1os, se trata de una historia llena de ternura que sorprende gracias a su punto de vista.\" \/>\n<meta name=\"robots\" content=\"index, follow\" \/>\n<meta name=\"googlebot\" content=\"index, follow, max-snippet:-1, max-image-preview:large, max-video-preview:-1\" \/>\n<meta name=\"bingbot\" content=\"index, follow, max-snippet:-1, max-image-preview:large, max-video-preview:-1\" \/>\n<link rel=\"canonical\" href=\"https:\/\/www.mumablue.com\/blog\/cuento-de-princesas-para-leer-a-los-ninos\/\" \/>\n<meta property=\"og:locale\" content=\"es_ES\" \/>\n<meta property=\"og:type\" content=\"article\" \/>\n<meta property=\"og:title\" content=\"Cuento de princesas para leer a los ni\u00f1os - Blog Mumablue\" \/>\n<meta property=\"og:description\" content=\"Este no es el t\u00edpico cuento de princesas para leer a los ni\u00f1os, se trata de una historia llena de ternura que sorprende gracias a su punto de vista.\" \/>\n<meta property=\"og:url\" content=\"https:\/\/www.mumablue.com\/blog\/cuento-de-princesas-para-leer-a-los-ninos\/\" \/>\n<meta property=\"og:site_name\" content=\"Blog Mumablue\" \/>\n<meta property=\"article:publisher\" content=\"https:\/\/www.facebook.com\/mumablue\/\" \/>\n<meta property=\"article:modified_time\" content=\"2025-05-29T12:24:16+00:00\" \/>\n<meta property=\"og:image\" content=\"https:\/\/www.mumablue.com\/blog\/wp-content\/uploads\/2020\/11\/La-princesa-y-el-drag\u00f3n.jpg\" \/>\n<meta name=\"twitter:card\" content=\"summary_large_image\" \/>\n<script type=\"application\/ld+json\" class=\"yoast-schema-graph\">{\"@context\":\"https:\/\/schema.org\",\"@graph\":[{\"@type\":\"Organization\",\"@id\":\"https:\/\/www.mumablue.com\/blog\/#organization\",\"name\":\"Mumablue\",\"url\":\"https:\/\/www.mumablue.com\/blog\/\",\"sameAs\":[\"https:\/\/www.facebook.com\/mumablue\/\",\"https:\/\/www.instagram.com\/mumablue\/?hl=es\"],\"logo\":{\"@type\":\"ImageObject\",\"@id\":\"https:\/\/www.mumablue.com\/blog\/#logo\",\"inLanguage\":\"es\",\"url\":\"https:\/\/www.mumablue.com\/blog\/wp-content\/uploads\/2020\/05\/Blog-Mumablue.png\",\"width\":749,\"height\":269,\"caption\":\"Mumablue\"},\"image\":{\"@id\":\"https:\/\/www.mumablue.com\/blog\/#logo\"}},{\"@type\":\"WebSite\",\"@id\":\"https:\/\/www.mumablue.com\/blog\/#website\",\"url\":\"https:\/\/www.mumablue.com\/blog\/\",\"name\":\"Blog Mumablue\",\"description\":\"Un blog de cuentos y audiocuentos gratis para ni\\u00f1os.\",\"publisher\":{\"@id\":\"https:\/\/www.mumablue.com\/blog\/#organization\"},\"potentialAction\":[{\"@type\":\"SearchAction\",\"target\":\"https:\/\/www.mumablue.com\/blog\/?s={search_term_string}\",\"query-input\":\"required name=search_term_string\"}],\"inLanguage\":\"es\"},{\"@type\":\"ImageObject\",\"@id\":\"https:\/\/www.mumablue.com\/blog\/cuento-de-princesas-para-leer-a-los-ninos\/#primaryimage\",\"inLanguage\":\"es\",\"url\":\"https:\/\/www.mumablue.com\/blog\/wp-content\/uploads\/2020\/11\/La-princesa-y-el-drag\\u00f3n.jpg\",\"width\":500,\"height\":500,\"caption\":\"cuento de princesas para leer\"},{\"@type\":\"WebPage\",\"@id\":\"https:\/\/www.mumablue.com\/blog\/cuento-de-princesas-para-leer-a-los-ninos\/#webpage\",\"url\":\"https:\/\/www.mumablue.com\/blog\/cuento-de-princesas-para-leer-a-los-ninos\/\",\"name\":\"Cuento de princesas para leer a los ni\\u00f1os - Blog Mumablue\",\"isPartOf\":{\"@id\":\"https:\/\/www.mumablue.com\/blog\/#website\"},\"primaryImageOfPage\":{\"@id\":\"https:\/\/www.mumablue.com\/blog\/cuento-de-princesas-para-leer-a-los-ninos\/#primaryimage\"},\"datePublished\":\"2020-11-16T10:12:36+00:00\",\"dateModified\":\"2025-05-29T12:24:16+00:00\",\"description\":\"Este no es el t\\u00edpico cuento de princesas para leer a los ni\\u00f1os, se trata de una historia llena de ternura que sorprende gracias a su punto de vista.\",\"inLanguage\":\"es\",\"potentialAction\":[{\"@type\":\"ReadAction\",\"target\":[\"https:\/\/www.mumablue.com\/blog\/cuento-de-princesas-para-leer-a-los-ninos\/\"]}]}]}<\/script>\n<!-- \/ Yoast SEO plugin. -->","_links":{"self":[{"href":"https:\/\/www.mumablue.com\/blog\/wp-json\/wp\/v2\/pages\/3123"}],"collection":[{"href":"https:\/\/www.mumablue.com\/blog\/wp-json\/wp\/v2\/pages"}],"about":[{"href":"https:\/\/www.mumablue.com\/blog\/wp-json\/wp\/v2\/types\/page"}],"author":[{"embeddable":true,"href":"https:\/\/www.mumablue.com\/blog\/wp-json\/wp\/v2\/users\/6"}],"replies":[{"embeddable":true,"href":"https:\/\/www.mumablue.com\/blog\/wp-json\/wp\/v2\/comments?post=3123"}],"version-history":[{"count":13,"href":"https:\/\/www.mumablue.com\/blog\/wp-json\/wp\/v2\/pages\/3123\/revisions"}],"predecessor-version":[{"id":7568,"href":"https:\/\/www.mumablue.com\/blog\/wp-json\/wp\/v2\/pages\/3123\/revisions\/7568"}],"wp:attachment":[{"href":"https:\/\/www.mumablue.com\/blog\/wp-json\/wp\/v2\/media?parent=3123"}],"curies":[{"name":"wp","href":"https:\/\/api.w.org\/{rel}","templated":true}]}}