{"id":3048,"date":"2020-11-04T17:09:04","date_gmt":"2020-11-04T17:09:04","guid":{"rendered":"https:\/\/mumablue.com\/blog\/?page_id=3048"},"modified":"2022-01-04T11:42:12","modified_gmt":"2022-01-04T11:42:12","slug":"cuentos-originales-para-reyes-magos-seras-el-rey-de-la-fiesta","status":"publish","type":"page","link":"https:\/\/www.mumablue.com\/blog\/cuentos-originales-para-reyes-magos-seras-el-rey-de-la-fiesta\/","title":{"rendered":"Cuentos originales para Reyes Magos. \u00a1Ser\u00e1s el rey de la fiesta!"},"content":{"rendered":"<p><img decoding=\"async\" loading=\"lazy\" class=\"alignnone size-full wp-image-3055\" src=\"https:\/\/www.mumablue.com\/blog\/wp-content\/uploads\/2020\/11\/Regalos-originales-para-reyes.jpg\" alt=\"\" width=\"500\" height=\"500\" srcset=\"https:\/\/www.mumablue.com\/blog\/wp-content\/uploads\/2020\/11\/Regalos-originales-para-reyes.jpg 500w, https:\/\/www.mumablue.com\/blog\/wp-content\/uploads\/2020\/11\/Regalos-originales-para-reyes-300x300.jpg 300w, https:\/\/www.mumablue.com\/blog\/wp-content\/uploads\/2020\/11\/Regalos-originales-para-reyes-150x150.jpg 150w\" sizes=\"(max-width: 500px) 100vw, 500px\" \/><\/p>\n<p>Si has llegado hasta aqu\u00ed, es porque est\u00e1s buscando cuentos originales para Reyes Magos. Y no nos extra\u00f1a. <strong>Cada vez es m\u00e1s dif\u00edcil dar con un regalo realmente aut\u00e9ntico, diferente, especial&#8230;<\/strong> pero no te preocupes: te vamos a dar una ideaza sensacional, para que este a\u00f1o el rey o reina indiscutible de las Navidades seas t\u00fa.<\/p>\n<p><span style=\"font-weight: 400;\">Casi sin darnos cuenta estamos a las puertas de las fiestas navide\u00f1as. Los Magos de Oriente ya andan ultimando unos pocos detalles para tenerlo todo listo para una de las noches m\u00e1s m\u00e1gicas del a\u00f1o. <\/span><b>Los peques de la casa comienzan a preparar sus cartas para sus majestades.<\/b><span style=\"font-weight: 400;\"> En ellas la ilusi\u00f3n se hace patente en forma de deseos que deber\u00e1n transformarse en regalos que satisfagan las esperanzas de nuestros hijos. Es el momento de incluir en esa misiva algunos <\/span><b>cuentos originales para Reyes Magos.<\/b><\/p>\n<h2><span style=\"font-weight: 400;\">Cuentos originales para Reyes Magos<\/span><\/h2>\n<p><span style=\"font-weight: 400;\">Los pap\u00e1s y las mam\u00e1s, los abueletes, los t\u00edos\u2026 todos andan a estas alturas decidiendo cu\u00e1l es el mejor de los regalos de Navidad para ni\u00f1os. Sin duda, unos de los regalos originales para que tiene todas las papeletas para triunfar son los cuentos originales para Reyes Magos.<\/span><\/p>\n<p><span style=\"font-weight: 400;\">Imaginad, adultos de la casa, los cuentos originales de Navidad permiten la <\/span><b>personalizaci\u00f3n de las historias.<\/b><span style=\"font-weight: 400;\"> De este modo, el ni\u00f1o o la ni\u00f1a aparece en el propio libro, protagonizando <\/span><b>aventuras llenas de valores<\/b><span style=\"font-weight: 400;\"> que ellos, como l\u00edderes de la historia, defender\u00e1n e interiorizar\u00e1n de una manera agradable y natural.<\/span><\/p>\n<p><span style=\"font-weight: 400;\">Un buen punto de partida para familiarizarnos con estos regalos originales para reyes lo encontramos en algunos <\/span><b>t\u00edtulos de la marca <\/b><span style=\"color: #3366ff;\"><a style=\"color: #3366ff;\" href=\"https:\/\/www.mumablue.com\/esp\/inicio?utm_source=blog&amp;utm_medium=blog-content&amp;utm_campaign=article-page&amp;utm_content=cuentos-originales-reyes-magos\"><b>Mumablue<\/b><\/a><\/span><b>.<\/b><span style=\"font-weight: 400;\"> Nos inclinamos por los cuentos que tienen <\/span><b>como protagonista a la familia.<\/b><span style=\"font-weight: 400;\"> \u00a1No existen fechas m\u00e1s familiares que las navide\u00f1as! \u00a1Los cuentos originales para Reyes Magos son ideales para que la magia se extienda a todos los miembros de la familia! \u00a1Disfrutemos entre todos!<\/span><\/p>\n<p><span style=\"font-weight: 400;\">Adem\u00e1s, con estos regalos de Navidad para ni\u00f1os estar\u00e1s inculcando en los peques el amor por los libros y la lectura. <\/span><b>Es el caso de <\/b><span style=\"color: #3366ff;\"><a style=\"color: #3366ff;\" href=\"https:\/\/www.mumablue.com\/esp\/nuestros-cuentos-personalizados\/juntos-es?utm_source=blog&amp;utm_medium=blog-content&amp;utm_campaign=article-page&amp;utm_content=cuentos-originales-reyes-magos\"><b>Juntos<\/b><\/a><\/span><b>. <\/b><span style=\"font-weight: 400;\">En este t\u00edtulo, el ni\u00f1o o la ni\u00f1a<\/span><b> aparecer\u00e1 en las p\u00e1ginas del libro junto a sus progenitores<\/b><span style=\"font-weight: 400;\">, independientemente del modelo de familia que tenga. Se trata de <\/span><b>uno de los cuentos originales para Reyes Magos m\u00e1s inclusivos<\/b><span style=\"font-weight: 400;\"> que puedas encontrar.<\/span><\/p>\n<p><span style=\"font-weight: 400;\">Tambi\u00e9n nos ha gustado otro de los regalos de Navidad para ni\u00f1os que propone Mumablue. Se trata de su cuento personalizado <\/span><a href=\"https:\/\/www.mumablue.com\/esp\/nuestros-cuentos-personalizados\/chucheritis-es?utm_source=blog&amp;utm_medium=blog-content&amp;utm_campaign=article-page&amp;utm_content=cuentos-originales-reyes-magos\"><span style=\"color: #3366ff;\"><b>Chucheritis<\/b><\/span><\/a><b><span style=\"color: #3366ff;\">,<\/span> en el que los h\u00e9roes que protagonizan la historia pueden ser dos ni\u00f1os o ni\u00f1as<\/b><span style=\"font-weight: 400;\">. Podemos aprovechar para que dos de nuestros peque\u00f1os aventureros se reconozcan en este libro y es una fant\u00e1stica opci\u00f3n para <\/span><b>unir en la trama a hermanos, primos, amigos\u2026<\/b><span style=\"font-weight: 400;\"> Este singular libro les ayudar\u00e1, adem\u00e1s, a asumir <\/span><b>valores como la moderaci\u00f3n, la generosidad y el compa\u00f1erismo.<\/b><\/p>\n<h2><span style=\"font-weight: 400;\">Cuentos originales de Navidad: la mejor recomendaci\u00f3n<\/span><\/h2>\n<p><span style=\"font-weight: 400;\"><img decoding=\"async\" loading=\"lazy\" class=\"alignnone wp-image-5585 size-full\" src=\"https:\/\/www.mumablue.com\/blog\/wp-content\/uploads\/2022\/01\/Cuento-personalizado-de-Navidad.png\" alt=\"cuentos originales para Reyes Magos\" width=\"716\" height=\"272\" srcset=\"https:\/\/www.mumablue.com\/blog\/wp-content\/uploads\/2022\/01\/Cuento-personalizado-de-Navidad.png 716w, https:\/\/www.mumablue.com\/blog\/wp-content\/uploads\/2022\/01\/Cuento-personalizado-de-Navidad-300x114.png 300w, https:\/\/www.mumablue.com\/blog\/wp-content\/uploads\/2022\/01\/Cuento-personalizado-de-Navidad-624x237.png 624w\" sizes=\"(max-width: 716px) 100vw, 716px\" \/><\/span><\/p>\n<p><span style=\"font-weight: 400;\">Los regalos de Navidad para ni\u00f1os deben <\/span><b>compaginar la funci\u00f3n l\u00fadica con una finalidad cultural y educativa.<\/b><span style=\"font-weight: 400;\"> En este sentido, los cuentos originales de Navidad cumplen todas nuestras expectativas. No cabe duda de que estos libros se convierten en la mejor recomendaci\u00f3n a la hora de elegir un obsequio para los m\u00e1s peque\u00f1os de la casa.<\/span><\/p>\n<p><b>Estimular el inter\u00e9s por la lectura y el amor por los libros<\/b><span style=\"font-weight: 400;\"> es una tarea que los adultos debemos acometer pr\u00e1cticamente desde las edades m\u00e1s tempranas. En este caso, nuestras recomendaciones se centran en <\/span><b>cuentos personalizados para Reyes Magos y Navidad indicados para peques de 2 a 9 a\u00f1os<\/b><span style=\"font-weight: 400;\">.<\/span><\/p>\n<p><span style=\"font-weight: 400;\">La Navidad es una \u00e9poca muy especial para los ni\u00f1os y ni\u00f1as. <\/span><b>Es momento de reuniones familiares, de contar historias, de compartir cuentos<\/b><span style=\"font-weight: 400;\"> y disfrutar de instantes inolvidables para grandes y peque\u00f1os.\u00a0<\/span><\/p>\n<p><span style=\"font-weight: 400;\">Queremos ayudarte a encontrar una de esas historias especiales para estas fechas tan entra\u00f1ables. <\/span><a href=\"https:\/\/www.mumablue.com\/esp\/nuestros-cuentos-personalizados\/cuento-personalizado-de-navidad?utm_source=blog&amp;utm_medium=blog-content&amp;utm_campaign=article-page&amp;utm_content=cuentos-originales-reyes-magos\"><span style=\"color: #3366ff;\"><b>(Nombre de tu peque) salva la Navidad<\/b><\/span><\/a><b> <\/b><span style=\"font-weight: 400;\">sumergir\u00e1 al ni\u00f1o o ni\u00f1a protagonista en <\/span><b>una<\/b> <b>aventura llena de generosidad, bondad y solidaridad.<\/b><span style=\"font-weight: 400;\"> Adem\u00e1s, los peques <\/span><b>se las ver\u00e1n con el mism\u00edsimo Pap\u00e1 Noel,<\/b><span style=\"font-weight: 400;\"> protagonizando junto a \u00e9l <\/span>toda una aventura navide\u00f1a y descubriendo el aut\u00e9ntico esp\u00edritu de la Navidad.<\/p>\n<h2><span style=\"font-weight: 400;\">Navidades m\u00e1gicas e inmersivas<\/span><\/h2>\n<p><span style=\"font-weight: 400;\">Estos regalos originales para reyes proponen <\/span><b>una experiencia completamente inmersiva.<\/b><span style=\"font-weight: 400;\"> El ni\u00f1o o la ni\u00f1a se reconocer\u00e1 en el protagonista del libro, ver\u00e1 que es \u00e9l mismo quien lidera la historia. <\/span><b>Su nombre aparecer\u00e1 en el cuento y las caracter\u00edsticas del personaje coincidir\u00e1 con su aspecto f\u00edsico.<\/b><span style=\"font-weight: 400;\"> El aventurero tendr\u00e1 su color y corte de pelo, sus mismo ojos, su tono de piel, sus gafas\u2026\u00a0<\/span><\/p>\n<p><span style=\"font-weight: 400;\">Esta opci\u00f3n que ofrecen estos regalos de Navidad para ni\u00f1os les proporciona la posibilidad de <\/span><b>vivir la historia de un modo mucho m\u00e1s intenso<\/b><span style=\"font-weight: 400;\">. De esta manera, se logra <\/span><b>acrecentar la sensaci\u00f3n m\u00e1gica que debe acompa\u00f1ar a esta fechas tan especiales y emocionantes.<\/b><span style=\"font-weight: 400;\"> Sin lugar a duda, los cuentos originales para Reyes Magos son una apuesta segura para estas navidades. \u00a1An\u00edmate a ojear el <\/span><span style=\"color: #3366ff;\"><a style=\"color: #3366ff;\" href=\"https:\/\/www.mumablue.com\/esp\/nuestros-cuentos-personalizados?utm_source=blog&amp;utm_medium=blog-content&amp;utm_campaign=article-page&amp;utm_content=cuentos-originales-reyes-magos\"><b>cat\u00e1logo de cuentos de Mumablue<\/b><\/a><\/span><span style=\"font-weight: 400;\">!<\/span><\/p>\n<div style='text-align:left' class='yasr-auto-insert-visitor'><\/div>","protected":false},"excerpt":{"rendered":"<p>Si has llegado hasta aqu\u00ed, es porque est\u00e1s buscando cuentos originales para Reyes Magos. Y no nos extra\u00f1a. Cada vez es m\u00e1s dif\u00edcil dar con un regalo realmente aut\u00e9ntico, diferente, especial&#8230; pero no te preocupes: te vamos a dar una ideaza sensacional, para que este a\u00f1o el rey o reina indiscutible de las Navidades seas [&hellip;]<\/p>\n","protected":false},"author":6,"featured_media":0,"parent":0,"menu_order":0,"comment_status":"closed","ping_status":"closed","template":"","meta":{"yasr_overall_rating":0,"yasr_post_is_review":"","yasr_auto_insert_disabled":"","yasr_review_type":"BlogPosting"},"yasr_visitor_votes":{"number_of_votes":0,"sum_votes":0,"stars_attributes":{"read_only":false,"span_bottom":false}},"yoast_head":"<!-- This site is optimized with the Yoast SEO plugin v14.5 - https:\/\/yoast.com\/wordpress\/plugins\/seo\/ -->\n<meta name=\"description\" content=\"\u00bfBuscas cuentos originales para Reyes Magos? Has llegado al lugar adecuado: \u00a1Cuentos personalizados en los que tu peque es el aut\u00e9ntico protagonista!\" \/>\n<meta name=\"robots\" content=\"index, follow\" \/>\n<meta name=\"googlebot\" content=\"index, follow, max-snippet:-1, max-image-preview:large, max-video-preview:-1\" \/>\n<meta name=\"bingbot\" content=\"index, follow, max-snippet:-1, max-image-preview:large, max-video-preview:-1\" \/>\n<link rel=\"canonical\" href=\"https:\/\/www.mumablue.com\/blog\/cuentos-originales-para-reyes-magos-seras-el-rey-de-la-fiesta\/\" \/>\n<meta property=\"og:locale\" content=\"es_ES\" \/>\n<meta property=\"og:type\" content=\"article\" \/>\n<meta property=\"og:title\" content=\"Cuentos originales para Reyes Magos. \u00a1Ser\u00e1s el rey de la fiesta! - Blog Mumablue\" \/>\n<meta property=\"og:description\" content=\"\u00bfBuscas cuentos originales para Reyes Magos? Has llegado al lugar adecuado: \u00a1Cuentos personalizados en los que tu peque es el aut\u00e9ntico protagonista!\" \/>\n<meta property=\"og:url\" content=\"https:\/\/www.mumablue.com\/blog\/cuentos-originales-para-reyes-magos-seras-el-rey-de-la-fiesta\/\" \/>\n<meta property=\"og:site_name\" content=\"Blog Mumablue\" \/>\n<meta property=\"article:publisher\" content=\"https:\/\/www.facebook.com\/mumablue\/\" \/>\n<meta property=\"article:modified_time\" content=\"2022-01-04T11:42:12+00:00\" \/>\n<meta property=\"og:image\" content=\"https:\/\/www.mumablue.com\/blog\/wp-content\/uploads\/2020\/11\/Regalos-originales-para-reyes.jpg\" \/>\n<meta name=\"twitter:card\" content=\"summary_large_image\" \/>\n<script type=\"application\/ld+json\" class=\"yoast-schema-graph\">{\"@context\":\"https:\/\/schema.org\",\"@graph\":[{\"@type\":\"Organization\",\"@id\":\"https:\/\/www.mumablue.com\/blog\/#organization\",\"name\":\"Mumablue\",\"url\":\"https:\/\/www.mumablue.com\/blog\/\",\"sameAs\":[\"https:\/\/www.facebook.com\/mumablue\/\",\"https:\/\/www.instagram.com\/mumablue\/?hl=es\"],\"logo\":{\"@type\":\"ImageObject\",\"@id\":\"https:\/\/www.mumablue.com\/blog\/#logo\",\"inLanguage\":\"es\",\"url\":\"https:\/\/www.mumablue.com\/blog\/wp-content\/uploads\/2020\/05\/Blog-Mumablue.png\",\"width\":749,\"height\":269,\"caption\":\"Mumablue\"},\"image\":{\"@id\":\"https:\/\/www.mumablue.com\/blog\/#logo\"}},{\"@type\":\"WebSite\",\"@id\":\"https:\/\/www.mumablue.com\/blog\/#website\",\"url\":\"https:\/\/www.mumablue.com\/blog\/\",\"name\":\"Blog Mumablue\",\"description\":\"Un blog de cuentos y audiocuentos gratis para ni\\u00f1os.\",\"publisher\":{\"@id\":\"https:\/\/www.mumablue.com\/blog\/#organization\"},\"potentialAction\":[{\"@type\":\"SearchAction\",\"target\":\"https:\/\/www.mumablue.com\/blog\/?s={search_term_string}\",\"query-input\":\"required name=search_term_string\"}],\"inLanguage\":\"es\"},{\"@type\":\"ImageObject\",\"@id\":\"https:\/\/www.mumablue.com\/blog\/cuentos-originales-para-reyes-magos-seras-el-rey-de-la-fiesta\/#primaryimage\",\"inLanguage\":\"es\",\"url\":\"https:\/\/www.mumablue.com\/blog\/wp-content\/uploads\/2020\/11\/Regalos-originales-para-reyes.jpg\",\"width\":500,\"height\":500},{\"@type\":\"WebPage\",\"@id\":\"https:\/\/www.mumablue.com\/blog\/cuentos-originales-para-reyes-magos-seras-el-rey-de-la-fiesta\/#webpage\",\"url\":\"https:\/\/www.mumablue.com\/blog\/cuentos-originales-para-reyes-magos-seras-el-rey-de-la-fiesta\/\",\"name\":\"Cuentos originales para Reyes Magos. \\u00a1Ser\\u00e1s el rey de la fiesta! - Blog Mumablue\",\"isPartOf\":{\"@id\":\"https:\/\/www.mumablue.com\/blog\/#website\"},\"primaryImageOfPage\":{\"@id\":\"https:\/\/www.mumablue.com\/blog\/cuentos-originales-para-reyes-magos-seras-el-rey-de-la-fiesta\/#primaryimage\"},\"datePublished\":\"2020-11-04T17:09:04+00:00\",\"dateModified\":\"2022-01-04T11:42:12+00:00\",\"description\":\"\\u00bfBuscas cuentos originales para Reyes Magos? Has llegado al lugar adecuado: \\u00a1Cuentos personalizados en los que tu peque es el aut\\u00e9ntico protagonista!\",\"inLanguage\":\"es\",\"potentialAction\":[{\"@type\":\"ReadAction\",\"target\":[\"https:\/\/www.mumablue.com\/blog\/cuentos-originales-para-reyes-magos-seras-el-rey-de-la-fiesta\/\"]}]}]}<\/script>\n<!-- \/ Yoast SEO plugin. -->","_links":{"self":[{"href":"https:\/\/www.mumablue.com\/blog\/wp-json\/wp\/v2\/pages\/3048"}],"collection":[{"href":"https:\/\/www.mumablue.com\/blog\/wp-json\/wp\/v2\/pages"}],"about":[{"href":"https:\/\/www.mumablue.com\/blog\/wp-json\/wp\/v2\/types\/page"}],"author":[{"embeddable":true,"href":"https:\/\/www.mumablue.com\/blog\/wp-json\/wp\/v2\/users\/6"}],"replies":[{"embeddable":true,"href":"https:\/\/www.mumablue.com\/blog\/wp-json\/wp\/v2\/comments?post=3048"}],"version-history":[{"count":7,"href":"https:\/\/www.mumablue.com\/blog\/wp-json\/wp\/v2\/pages\/3048\/revisions"}],"predecessor-version":[{"id":5600,"href":"https:\/\/www.mumablue.com\/blog\/wp-json\/wp\/v2\/pages\/3048\/revisions\/5600"}],"wp:attachment":[{"href":"https:\/\/www.mumablue.com\/blog\/wp-json\/wp\/v2\/media?parent=3048"}],"curies":[{"name":"wp","href":"https:\/\/api.w.org\/{rel}","templated":true}]}}