{"id":2957,"date":"2020-09-23T12:20:24","date_gmt":"2020-09-23T12:20:24","guid":{"rendered":"https:\/\/mumablue.com\/blog\/?page_id=2957"},"modified":"2025-06-03T08:27:13","modified_gmt":"2025-06-03T08:27:13","slug":"cuento-para-comer-una-poesia-muy-divertida","status":"publish","type":"page","link":"https:\/\/www.mumablue.com\/blog\/cuento-para-comer-una-poesia-muy-divertida\/","title":{"rendered":"Cuento para comer (una poes\u00eda muy divertida)"},"content":{"rendered":"<p><img decoding=\"async\" loading=\"lazy\" class=\"alignnone size-full wp-image-2960\" src=\"https:\/\/www.mumablue.com\/blog\/wp-content\/uploads\/2020\/09\/Poes\u00eda-para-la-hora-de-comer.jpg\" alt=\"cuento para comer\" width=\"500\" height=\"500\" srcset=\"https:\/\/www.mumablue.com\/blog\/wp-content\/uploads\/2020\/09\/Poes\u00eda-para-la-hora-de-comer.jpg 500w, https:\/\/www.mumablue.com\/blog\/wp-content\/uploads\/2020\/09\/Poes\u00eda-para-la-hora-de-comer-300x300.jpg 300w, https:\/\/www.mumablue.com\/blog\/wp-content\/uploads\/2020\/09\/Poes\u00eda-para-la-hora-de-comer-150x150.jpg 150w\" sizes=\"(max-width: 500px) 100vw, 500px\" \/><\/p>\n<p>Te dejamos un cuento para comer muy especial. Se trata de una divertida poes\u00eda para ni\u00f1os en la que aprender\u00e1n a comer de todo. Puedes recit\u00e1rsela sobre esta m\u00fasica de fondo que te sugerimos.<\/p>\n<p><iframe style=\"border: 0; width: 100%; height: 42px;\" src=\"https:\/\/bandcamp.com\/EmbeddedPlayer\/album=1560542386\/size=small\/bgcol=ffffff\/linkcol=0687f5\/track=310029252\/transparent=true\/\" seamless=\"\"><a href=\"https:\/\/alexandernakarada.bandcamp.com\/album\/complete-discography-creative-commons-by-40\">Complete Discography (Creative Commons BY 4.0) by Alexander Nakarada<\/a><\/iframe><\/p>\n<h2 style=\"text-align: center;\">Un cuento para comer<\/h2>\n<p style=\"text-align: center;\">Hab\u00eda una vez\u2026 un guisante<br \/>\nMuy coqueto y elegante<br \/>\nRedondito y nutritivo<br \/>\n\u00a1Encajaba en el ombligo!<\/p>\n<p style=\"text-align: center;\">No aceptaba su destino<br \/>\nsi lo iban a devorar.<br \/>\nQuer\u00eda volverse perla<br \/>\ny ser cuenta de un collar.<\/p>\n<p style=\"text-align: center;\">Hab\u00eda una vez\u2026 un tomate<br \/>\ngordo y loco de remate.<br \/>\nSer el rey de la ensalada<br \/>\nno le convenc\u00eda nada.<\/p>\n<p style=\"text-align: center;\">Le parec\u00eda aburrido<br \/>\nacabar en cualquier plato<br \/>\n\u00a1Quer\u00eda vivir en el circo!<br \/>\n\u00a1Ser la nariz de un payaso!<\/p>\n<p style=\"text-align: center;\">Hab\u00eda una vez\u2026 lechuga<br \/>\nQu\u00e9 esbelta y bella figura!<br \/>\nComo siempre est\u00e1 fresquita<br \/>\na veces trae mariquitas!<\/p>\n<p style=\"text-align: center;\">Se pon\u00eda un poco mustia<br \/>\nde pensar en su destino.<br \/>\n\u00a1So\u00f1aba con ser volante<br \/>\nde un elegante vestido!<\/p>\n<p style=\"text-align: center;\">Hab\u00eda una vez&#8230; manzana<br \/>\n\u00a1Que rica por las ma\u00f1anas!<br \/>\nSe devora en un instante y<br \/>\ndeja los dientes brillantes.<\/p>\n<p style=\"text-align: center;\">Presum\u00eda de piel roja<br \/>\nen el recreo de los jueves.<br \/>\n\u00a1Quer\u00eda ser tan famosa<br \/>\ncomo la de Blancanieves!<\/p>\n<p style=\"text-align: center;\">Hab\u00eda una vez\u2026 repollo<br \/>\n\u00bfDe verdad crees que es un rollo?<br \/>\nAl cortarlo por el medio<br \/>\nse parece a un gran cerebro.<\/p>\n<p style=\"text-align: center;\">No le hac\u00eda ninguna gracia<br \/>\nacabar en un puchero.<br \/>\nQuer\u00eda estudiar para, un d\u00eda,<br \/>\nser bal\u00f3n de baloncesto.<\/p>\n<p style=\"text-align: center;\">Hab\u00eda una vez&#8230; pescado<br \/>\n\u00a1No mires para otro lado!<br \/>\nTen\u00eda sabor a olas,<br \/>\na sol, a mar\u2026 \u00a1c\u00f3mo mola!<\/p>\n<p style=\"text-align: center;\">Si te molesta en el plato,<br \/>\npiensa que \u00e9l est\u00e1 peor:<br \/>\nsiempre quiso ser pez globo<br \/>\ncuando se hiciera mayor.<\/p>\n<p style=\"text-align: center;\">Hab\u00eda una vez\u2026 lentejas<br \/>\n\u00bfTe salen por las orejas?<br \/>\nSon simp\u00e1ticas semillas<br \/>\ny saben de maravilla.<\/p>\n<p style=\"text-align: center;\">El viejo pasapur\u00e9<br \/>\nles daba un miedo espantoso.<br \/>\nQuer\u00edan ser lentejuelas<br \/>\nde un vestido muy pomposo.<\/p>\n<p style=\"text-align: center;\">Si te lo has comido todo y<br \/>\nnada en el plato has dejado\u2026<br \/>\natenci\u00f3n a la sorpresa:<br \/>\n\u00a1Hoy, de postre, toca helado!<\/p>\n<h2>Audiopoes\u00eda Un cuento para comer<\/h2>\n<p>\u00a1Seguro que tu peque se lo ha comido todo sin rechistar! Si no es as\u00ed&#8230; sigue intent\u00e1ndolo o ponle directamente este cuento para comer en formato audiocuento que hemos creado en <a href=\"https:\/\/www.mumablue.com\/?utm_source=blog&amp;utm_medium=link&amp;utm_campaign=p\u00e1ginas-audiocuentos&amp;utm_content=cuento-comer\"><span style=\"color: #3366ff;\">Mumablue<\/span><\/a>.\u00a0 \u00a1Se llevar\u00e1 una agradable sorpresa!<\/p>\n<h6><script src=\"https:\/\/www.buzzsprout.com\/937792\/5532901-un-cuento-para-comer.js?container_id=buzzsprout-player-5532901&#038;player=small\" type=\"text\/javascript\" charset=\"utf-8\"><\/script>M\u00fasica: CC0. <span style=\"color: #3366ff;\"><a style=\"color: #3366ff;\" href=\"https:\/\/freepd.com\/comedy.php\" target=\"_blank\" rel=\"noopener noreferrer\">Ghost Town<\/a><\/span>, por Rafael Krux<\/h6>\n<h2>Cuentos para comer, dormir, re\u00edr, so\u00f1ar&#8230;<\/h2>\n<p>Este cuento para comer no es un cuento, es una poes\u00eda. Si lo que buscas son cuentos puedes encontrar muchos otros para dormir, re\u00edr o so\u00f1ar en <span style=\"color: #3366ff;\"><a style=\"color: #3366ff;\" href=\"https:\/\/www.mumablue.com\/blog\/cuentos-infantiles-para-leer-cortos-gratis\/\">p\u00e1gina de cuentos para leer<\/a><\/span> a los ni\u00f1os de Mumablue.<\/p>\n<div style='text-align:left' class='yasr-auto-insert-visitor'><\/div>","protected":false},"excerpt":{"rendered":"<p>Te dejamos un cuento para comer muy especial. Se trata de una divertida poes\u00eda para ni\u00f1os en la que aprender\u00e1n a comer de todo. Puedes recit\u00e1rsela sobre esta m\u00fasica de fondo que te sugerimos. Complete Discography (Creative Commons BY 4.0) by Alexander Nakarada Un cuento para comer Hab\u00eda una vez\u2026 un guisante Muy coqueto y [&hellip;]<\/p>\n","protected":false},"author":6,"featured_media":0,"parent":0,"menu_order":0,"comment_status":"closed","ping_status":"closed","template":"","meta":{"yasr_overall_rating":0,"yasr_post_is_review":"","yasr_auto_insert_disabled":"","yasr_review_type":""},"yasr_visitor_votes":{"number_of_votes":23,"sum_votes":103,"stars_attributes":{"read_only":false,"span_bottom":false}},"yoast_head":"<!-- This site is optimized with the Yoast SEO plugin v14.5 - https:\/\/yoast.com\/wordpress\/plugins\/seo\/ -->\n<meta name=\"description\" content=\"Este cuento para comer no es lo que parece. En realidad es un divertido cuento en verso que har\u00e1 que los ni\u00f1os se familiaricen con determinados alimentos.\" \/>\n<meta name=\"robots\" content=\"index, follow\" \/>\n<meta name=\"googlebot\" content=\"index, follow, max-snippet:-1, max-image-preview:large, max-video-preview:-1\" \/>\n<meta name=\"bingbot\" content=\"index, follow, max-snippet:-1, max-image-preview:large, max-video-preview:-1\" \/>\n<link rel=\"canonical\" href=\"https:\/\/www.mumablue.com\/blog\/cuento-para-comer-una-poesia-muy-divertida\/\" \/>\n<meta property=\"og:locale\" content=\"es_ES\" \/>\n<meta property=\"og:type\" content=\"article\" \/>\n<meta property=\"og:title\" content=\"Cuento para comer (una poes\u00eda muy divertida) - Blog Mumablue\" \/>\n<meta property=\"og:description\" content=\"Este cuento para comer no es lo que parece. En realidad es un divertido cuento en verso que har\u00e1 que los ni\u00f1os se familiaricen con determinados alimentos.\" \/>\n<meta property=\"og:url\" content=\"https:\/\/www.mumablue.com\/blog\/cuento-para-comer-una-poesia-muy-divertida\/\" \/>\n<meta property=\"og:site_name\" content=\"Blog Mumablue\" \/>\n<meta property=\"article:publisher\" content=\"https:\/\/www.facebook.com\/mumablue\/\" \/>\n<meta property=\"article:modified_time\" content=\"2025-06-03T08:27:13+00:00\" \/>\n<meta property=\"og:image\" content=\"https:\/\/www.mumablue.com\/blog\/wp-content\/uploads\/2020\/09\/Poes\u00eda-para-la-hora-de-comer.jpg\" \/>\n<meta name=\"twitter:card\" content=\"summary_large_image\" \/>\n<script type=\"application\/ld+json\" class=\"yoast-schema-graph\">{\"@context\":\"https:\/\/schema.org\",\"@graph\":[{\"@type\":\"Organization\",\"@id\":\"https:\/\/www.mumablue.com\/blog\/#organization\",\"name\":\"Mumablue\",\"url\":\"https:\/\/www.mumablue.com\/blog\/\",\"sameAs\":[\"https:\/\/www.facebook.com\/mumablue\/\",\"https:\/\/www.instagram.com\/mumablue\/?hl=es\"],\"logo\":{\"@type\":\"ImageObject\",\"@id\":\"https:\/\/www.mumablue.com\/blog\/#logo\",\"inLanguage\":\"es\",\"url\":\"https:\/\/www.mumablue.com\/blog\/wp-content\/uploads\/2020\/05\/Blog-Mumablue.png\",\"width\":749,\"height\":269,\"caption\":\"Mumablue\"},\"image\":{\"@id\":\"https:\/\/www.mumablue.com\/blog\/#logo\"}},{\"@type\":\"WebSite\",\"@id\":\"https:\/\/www.mumablue.com\/blog\/#website\",\"url\":\"https:\/\/www.mumablue.com\/blog\/\",\"name\":\"Blog Mumablue\",\"description\":\"Un blog de cuentos y audiocuentos gratis para ni\\u00f1os.\",\"publisher\":{\"@id\":\"https:\/\/www.mumablue.com\/blog\/#organization\"},\"potentialAction\":[{\"@type\":\"SearchAction\",\"target\":\"https:\/\/www.mumablue.com\/blog\/?s={search_term_string}\",\"query-input\":\"required name=search_term_string\"}],\"inLanguage\":\"es\"},{\"@type\":\"ImageObject\",\"@id\":\"https:\/\/www.mumablue.com\/blog\/cuento-para-comer-una-poesia-muy-divertida\/#primaryimage\",\"inLanguage\":\"es\",\"url\":\"https:\/\/www.mumablue.com\/blog\/wp-content\/uploads\/2020\/09\/Poes\\u00eda-para-la-hora-de-comer.jpg\",\"width\":500,\"height\":500,\"caption\":\"cuento para comer\"},{\"@type\":\"WebPage\",\"@id\":\"https:\/\/www.mumablue.com\/blog\/cuento-para-comer-una-poesia-muy-divertida\/#webpage\",\"url\":\"https:\/\/www.mumablue.com\/blog\/cuento-para-comer-una-poesia-muy-divertida\/\",\"name\":\"Cuento para comer (una poes\\u00eda muy divertida) - Blog Mumablue\",\"isPartOf\":{\"@id\":\"https:\/\/www.mumablue.com\/blog\/#website\"},\"primaryImageOfPage\":{\"@id\":\"https:\/\/www.mumablue.com\/blog\/cuento-para-comer-una-poesia-muy-divertida\/#primaryimage\"},\"datePublished\":\"2020-09-23T12:20:24+00:00\",\"dateModified\":\"2025-06-03T08:27:13+00:00\",\"description\":\"Este cuento para comer no es lo que parece. En realidad es un divertido cuento en verso que har\\u00e1 que los ni\\u00f1os se familiaricen con determinados alimentos.\",\"inLanguage\":\"es\",\"potentialAction\":[{\"@type\":\"ReadAction\",\"target\":[\"https:\/\/www.mumablue.com\/blog\/cuento-para-comer-una-poesia-muy-divertida\/\"]}]}]}<\/script>\n<!-- \/ Yoast SEO plugin. -->","_links":{"self":[{"href":"https:\/\/www.mumablue.com\/blog\/wp-json\/wp\/v2\/pages\/2957"}],"collection":[{"href":"https:\/\/www.mumablue.com\/blog\/wp-json\/wp\/v2\/pages"}],"about":[{"href":"https:\/\/www.mumablue.com\/blog\/wp-json\/wp\/v2\/types\/page"}],"author":[{"embeddable":true,"href":"https:\/\/www.mumablue.com\/blog\/wp-json\/wp\/v2\/users\/6"}],"replies":[{"embeddable":true,"href":"https:\/\/www.mumablue.com\/blog\/wp-json\/wp\/v2\/comments?post=2957"}],"version-history":[{"count":4,"href":"https:\/\/www.mumablue.com\/blog\/wp-json\/wp\/v2\/pages\/2957\/revisions"}],"predecessor-version":[{"id":7653,"href":"https:\/\/www.mumablue.com\/blog\/wp-json\/wp\/v2\/pages\/2957\/revisions\/7653"}],"wp:attachment":[{"href":"https:\/\/www.mumablue.com\/blog\/wp-json\/wp\/v2\/media?parent=2957"}],"curies":[{"name":"wp","href":"https:\/\/api.w.org\/{rel}","templated":true}]}}