{"id":2946,"date":"2021-05-13T14:49:26","date_gmt":"2021-05-13T14:49:26","guid":{"rendered":"https:\/\/mumablue.com\/blog\/?page_id=2946"},"modified":"2022-10-19T12:28:40","modified_gmt":"2022-10-19T12:28:40","slug":"cuentos-de-frozen-mejor-personalizados","status":"publish","type":"page","link":"https:\/\/www.mumablue.com\/blog\/cuentos-de-frozen-mejor-personalizados\/","title":{"rendered":"Cuentos de Frozen: mejor si son personalizados"},"content":{"rendered":"<p><img decoding=\"async\" loading=\"lazy\" class=\"alignnone wp-image-3910 size-full\" src=\"https:\/\/www.mumablue.com\/blog\/wp-content\/uploads\/2021\/05\/PORTADA-FROZEN-ESPA\u00d1OL-1.jpg\" alt=\"Cuentos de Frozen\" width=\"500\" height=\"500\" srcset=\"https:\/\/www.mumablue.com\/blog\/wp-content\/uploads\/2021\/05\/PORTADA-FROZEN-ESPA\u00d1OL-1.jpg 500w, https:\/\/www.mumablue.com\/blog\/wp-content\/uploads\/2021\/05\/PORTADA-FROZEN-ESPA\u00d1OL-1-300x300.jpg 300w, https:\/\/www.mumablue.com\/blog\/wp-content\/uploads\/2021\/05\/PORTADA-FROZEN-ESPA\u00d1OL-1-150x150.jpg 150w\" sizes=\"(max-width: 500px) 100vw, 500px\" \/><\/p>\n<p><strong>Los cuentos de Frozen para leer acaparan millones de b\u00fasquedas en Internet<\/strong> en todos los idiomas. Esto\u00a0se debe a que Frozen es la pel\u00edcula de \u00a9Disney m\u00e1s exitosa de los \u00faltimos tiempos, una producci\u00f3n que hace que los m\u00e1s peques de la casa devoren nuevas historias y disfruten de los personajes de \u00a9Disney m\u00e1s all\u00e1 del visionado de las pel\u00edculas.<\/p>\n<h2>Cuentos de Frozen, \u00bfpor qu\u00e9 les encantan a los ni\u00f1os?<\/h2>\n<p><span style=\"font-weight: 400;\">La historia que se plantea en Frozen apela a las emociones a partir de un mundo m\u00e1gico lleno de realidad. En la pel\u00edcula, los m\u00e1s peque\u00f1os encuentran una profec\u00eda, la amenaza de un invierno perpetuo y un viaje \u00e9pico lleno de aventuras. <\/span><span style=\"font-weight: 400;\">Adem\u00e1s, <\/span><b>la conexi\u00f3n entre las hermanas<\/b><span style=\"font-weight: 400;\"><strong> tambi\u00e9n atrae la atenci\u00f3n de los m\u00e1s peque\u00f1os<\/strong>, que se identifica mucho m\u00e1s r\u00e1pido con los personajes. Todos los peques est\u00e1n profundamente arraigados a sus familias, por lo que sienten un fuerte apego a su n\u00facleo familiar y social. <\/span><\/p>\n<p><span style=\"font-weight: 400;\">El \u00e9xito de esta f\u00f3rmula es, en parte, el detonante del \u00e9xito de cualquier historia paralela que se ponga a disposici\u00f3n de los ni\u00f1os, por ejemplo los cuentos, que beben de esa magia y <strong>colocan a las dos protagonistas de la historia en situaciones de m\u00e1s amplio recorrido<\/strong>, ahondando en su personalidad y sus costumbres.<\/span><\/p>\n<p><strong>El realismo m\u00e1gico<\/strong><span style=\"font-weight: 400;\"><strong> presente en los cuentos de Frozen<\/strong> tambi\u00e9n es un factor que ha conquistado el corazoncito de los peques. El hecho de que Elsa sea una hero\u00edna que aprende a dominar los poderes del hielo atrae a los ni\u00f1os no tanto por el car\u00e1cter m\u00e1gico, sino por c\u00f3mo esa historia se construye en un contexto y un mundo que bien podr\u00edan ser reales.<\/span><\/p>\n<p><span style=\"font-weight: 400;\">Otro de los motivos por los cuentos de Frozen para leer encanta a los m\u00e1s peques es el hecho de que <\/span><b>las historias no cuentan con un personaje que acapare toda la maldad<\/b><span style=\"font-weight: 400;\">. El villano de la pel\u00edcula es un tipo corriente capaz de cantar canciones de amor pegadizas. Eso nunca lograr\u00e1 que los ni\u00f1os le teman, sino que comprendan, al menos en parte, qu\u00e9 es lo que le impulsa a actuar no del todo bien.<\/span><\/p>\n<h2><a href=\"https:\/\/www.mumablue.com\/blog\/wp-content\/uploads\/2021\/05\/cuento-frozen-personalizado.jpg\"><img decoding=\"async\" loading=\"lazy\" class=\"alignnone wp-image-3913\" src=\"https:\/\/www.mumablue.com\/blog\/wp-content\/uploads\/2021\/05\/cuento-frozen-personalizado.jpg\" alt=\"Cuentos de Frozen\" width=\"500\" height=\"500\" srcset=\"https:\/\/www.mumablue.com\/blog\/wp-content\/uploads\/2021\/05\/cuento-frozen-personalizado.jpg 715w, https:\/\/www.mumablue.com\/blog\/wp-content\/uploads\/2021\/05\/cuento-frozen-personalizado-300x300.jpg 300w, https:\/\/www.mumablue.com\/blog\/wp-content\/uploads\/2021\/05\/cuento-frozen-personalizado-150x150.jpg 150w, https:\/\/www.mumablue.com\/blog\/wp-content\/uploads\/2021\/05\/cuento-frozen-personalizado-624x624.jpg 624w\" sizes=\"(max-width: 500px) 100vw, 500px\" \/><\/a><\/h2>\n<h2>Cuento personalizado de Frozen, el siguiente nivel<\/h2>\n<p><span style=\"font-weight: 400;\">Son numerosas las opciones editoriales que se refieren al m\u00e1gico mundo de Frozen, pero entre todas ellas merece menci\u00f3n un cuento en especial: se trata de un <span style=\"color: #3366ff;\"><a style=\"color: #3366ff;\" href=\"https:\/\/www.mumablue.com\/esp\/nuestros-cuentos-personalizados\/frozen-disney-elsa-y-anna\" target=\"_blank\" rel=\"noopener noreferrer\">cuento personalizado de Frozen<\/a><\/span> que no tiene t\u00edtulo (O, al menos, no siempre tiene el mismo), ya que su propuesta es que el ni\u00f1o lector sea el aut\u00e9ntico protagonista de la historia que viva asombrosas aventuras de hielo junto a sus idolatradas Elsa y Anna. Y aut\u00e9ntico protagonista quiere decir que ser\u00e1 el propio ni\u00f1o, con su nombre, quien d\u00e9 t\u00edtulo a esta interesante propuesta de <\/span><span style=\"color: #3366ff;\"><a style=\"color: #3366ff;\" href=\"https:\/\/www.mumablue.com\"><span style=\"font-weight: 400;\">Mumablue<\/span><\/a><\/span><span style=\"font-weight: 400;\"> en colaboraci\u00f3n de \u00a9Disney.\u00a0<\/span><\/p>\n<p><span style=\"font-weight: 400;\">El grado de personalizaci\u00f3n es m\u00e1ximo, puesto que en esta ocasi\u00f3n el t\u00edtulo del cuento incluir\u00e1 el nombre del ni\u00f1o o ni\u00f1a protagonista, de forma que el cuento<strong> tendr\u00e1, cada vez, un t\u00edtulo diferente: <\/strong><\/span><strong>\u201c(<\/strong><b><i><strong>Nombre<\/strong> de tu peque<\/i><\/b><b>), Elsa y Anna\u201d.\u00a0<\/b> Se trata de uno de los cuentos de <b><span style=\"font-weight: 400;\">Frozen m\u00e1s originales y atractivos.<\/span><\/b><\/p>\n<p><span style=\"font-weight: 400;\">\u00ab(<\/span><i><span style=\"font-weight: 400;\">Nombre de tu peque<\/span><\/i><span style=\"font-weight: 400;\">), Elsa y Anna\u00bb narran la historia de un ni\u00f1o o ni\u00f1a que se introduce en el mundo m\u00e1gico de la pel\u00edcula a trav\u00e9s de su libro favorito: Frozen. <strong>En Arendelle c<\/strong><\/span><strong>onocer\u00e1 a las famosas hermanas<\/strong><span style=\"font-weight: 400;\"><strong> y pasar\u00e1 un d\u00eda magn\u00edfico junto a ellas<\/strong> mientras se divierten mejorando los juegos de siempre gracias a los poderes de hielo de Elsa.<\/span><\/p>\n<p><span style=\"font-weight: 400;\">No solo atrapar\u00e1n copos de nieve, protagonizar\u00e1n una batalla de bolas de nieve o se dejar\u00e1n caer por toboganes de hielo. Pero pronto la diversi\u00f3n se ve interrumpida: mientras juegan han chocado contra la mesa de los pasteles que estaban preparados para la Fiesta de la Primavera. G<\/span><span style=\"font-weight: 400;\">racias al ingenio del peque protagonista y a que trabajar\u00e1n en equipo, conseguir\u00e1n resolver la situaci\u00f3n.\u00a0<\/span><\/p>\n<p><span style=\"font-weight: 400;\">Los cuentos de Frozen para leer como \u00ab<span style=\"color: #0000ff;\"><a style=\"color: #0000ff;\" href=\"https:\/\/www.mumablue.com\/esp\/nuestros-cuentos-personalizados\/frozen-disney-elsa-y-anna\" target=\"_blank\" rel=\"noopener noreferrer\">(<em>Nombre de tu peque<\/em>), Elsa y Anna<\/a><\/span><\/span><span style=\"font-weight: 400;\">\u00bb destacan valores <\/span><b>como la amistad, el juego libre y la cooperaci\u00f3n. <\/b><span style=\"font-weight: 400;\">\u00a0Haciendo referencia, claro est\u00e1, al fant\u00e1stico mundo de \u00a9Disney a trav\u00e9s de la lectura.\u00a0<\/span><\/p>\n<h2>Cuentos de Frozen cortos<\/h2>\n<p><span style=\"font-weight: 400;\">Los peques suelen preferir las historias sencillas, con encanto y no muy largas. De esta forma <\/span><b>no se pierden en complejidades<\/b><span style=\"font-weight: 400;\"> y disfrutan mucho m\u00e1s de su tiempo de lectura. Por ello, los cuentos de Frozen cortos son ideales para que disfruten de nuevas aventuras con sus personajes m\u00e1s queridos.<\/span><\/p>\n<p><span style=\"font-weight: 400;\">No siempre se busca el cuento que narre la historia original creada por \u00a9Disney. Muchos ni\u00f1os y ni\u00f1as desean vivir otro tipo de historias protagonizadas por Elsa y Anna. Adem\u00e1s, el hecho de convertirse en uno de los protagonistas de un cuento de Frozen har\u00e1 que el peque se sienta a\u00fan m\u00e1s atra\u00eddo hacia su lectura.<\/span><\/p>\n<p><span style=\"font-weight: 400;\">\u00ab(<\/span><i><span style=\"font-weight: 400;\">Nombre de tu peque<\/span><\/i><span style=\"font-weight: 400;\">), Elsa y Anna\u00bb es una opci\u00f3n estupenda para fortalecer la relaci\u00f3n con tu hijo, <\/span><b>estimular el aprendizaje y la creatividad del peque<\/b><span style=\"font-weight: 400;\">, mejorar su lenguaje y vocabulario y estimular su concentraci\u00f3n.\u00a0<\/span><\/p>\n<h2>Universo Frozen, amado por ni\u00f1os y ni\u00f1as<\/h2>\n<p><span style=\"font-weight: 400;\">Frozen es una pel\u00edcula de princesas. Sin embargo, la historia de Elsa y Anna <\/span><b>ha roto la barrera de g\u00e9nero al no atender a los roles cl\u00e1sicos<\/b><span style=\"font-weight: 400;\">. Las hermanas de Arendelle no son hero\u00ednas al uso, ya que muestran las mismas inseguridades que la de sus espectadores, y se de ellas hacen su fuerte.<\/span><\/p>\n<p><span style=\"font-weight: 400;\">Estas princesas no visten de rosa, sino de azul, y ante el mensaje que recibe Elsa de \u201cOculta, no sientas\u201d, la protagonista no solo no lo acepta, sino que se revuelve a voz en grito. Cada una de las historias y sucesos que viven las hermanas est\u00e1 destinado a <\/span><b>que cada uno haga su propia lectura<\/b><span style=\"font-weight: 400;\">.<\/span><\/p>\n<p><b>Frozen rompe con todos los estereotipos<\/b><span style=\"font-weight: 400;\"> y eso es, precisamente, lo que encanta a grandes y peque\u00f1os. Con esta misma intenci\u00f3n se ha editado \u00ab(<\/span><i><span style=\"font-weight: 400;\">Nombre de tu peque<\/span><\/i><span style=\"font-weight: 400;\">), Elsa y Anna\u00bb, ya que Mumablue huye de los estereotipos y reniega de los tradicionales roles de g\u00e9nero de los cuentos cl\u00e1sicos. \u00ab(<i>Nombre de tu peque<\/i>), Elsa y Anna\u00bb est\u00e1 disponible, adem\u00e1s de en espa\u00f1ol, en catal\u00e1n, gallego, euskera e ingl\u00e9s.<\/span><\/p>\n<p><span style=\"font-weight: 400;\">\u00bfTe animas a echarle un vistazo a uno de los cuentos de Frozen que m\u00e1s est\u00e1 triunfando esta temporada? S\u00f3lo te llevar\u00e1 tres minutos personalizar a tu peque y acceder a <strong>una previsualizaci\u00f3n completa del cuento para que puedas leerlo y ver c\u00f3mo queda<\/strong>. <span style=\"color: #3366ff;\"><a style=\"color: #3366ff;\" href=\"https:\/\/www.mumablue.com\/esp\/nuestros-cuentos-personalizados\/frozen-disney-elsa-y-anna\" target=\"_blank\" rel=\"noopener noreferrer\">\u00a1Personal\u00edzalo ahora!<\/a><\/span> Ser\u00e1 un fant\u00e1stico regalo que no s\u00f3lo le empujar\u00e1 a leer, sino que le har\u00e1 so\u00f1ar, literalmente.<\/span><\/p>\n<div style='text-align:left' class='yasr-auto-insert-visitor'><\/div>","protected":false},"excerpt":{"rendered":"<p>Los cuentos de Frozen para leer acaparan millones de b\u00fasquedas en Internet en todos los idiomas. Esto\u00a0se debe a que Frozen es la pel\u00edcula de \u00a9Disney m\u00e1s exitosa de los \u00faltimos tiempos, una producci\u00f3n que hace que los m\u00e1s peques de la casa devoren nuevas historias y disfruten de los personajes de \u00a9Disney m\u00e1s all\u00e1 [&hellip;]<\/p>\n","protected":false},"author":6,"featured_media":0,"parent":0,"menu_order":0,"comment_status":"closed","ping_status":"closed","template":"","meta":{"yasr_overall_rating":0,"yasr_post_is_review":"","yasr_auto_insert_disabled":"","yasr_review_type":"BlogPosting"},"yasr_visitor_votes":{"number_of_votes":1,"sum_votes":1,"stars_attributes":{"read_only":false,"span_bottom":false}},"yoast_head":"<!-- This site is optimized with the Yoast SEO plugin v14.5 - https:\/\/yoast.com\/wordpress\/plugins\/seo\/ -->\n<meta name=\"description\" content=\"Los cuentos de Frozen permiten a los m\u00e1s peque\u00f1os vivir nuevas aventuras con Elsa y Anna. \u00bfQu\u00e9 te parece si convertimos a tu peque en un protagonista m\u00e1s?\" \/>\n<meta name=\"robots\" content=\"index, follow\" \/>\n<meta name=\"googlebot\" content=\"index, follow, max-snippet:-1, max-image-preview:large, max-video-preview:-1\" \/>\n<meta name=\"bingbot\" content=\"index, follow, max-snippet:-1, max-image-preview:large, max-video-preview:-1\" \/>\n<link rel=\"canonical\" href=\"https:\/\/www.mumablue.com\/blog\/cuentos-de-frozen-mejor-personalizados\/\" \/>\n<meta property=\"og:locale\" content=\"es_ES\" \/>\n<meta property=\"og:type\" content=\"article\" \/>\n<meta property=\"og:title\" content=\"Cuentos de Frozen: mejor si son personalizados - Blog Mumablue\" \/>\n<meta property=\"og:description\" content=\"Los cuentos de Frozen permiten a los m\u00e1s peque\u00f1os vivir nuevas aventuras con Elsa y Anna. \u00bfQu\u00e9 te parece si convertimos a tu peque en un protagonista m\u00e1s?\" \/>\n<meta property=\"og:url\" content=\"https:\/\/www.mumablue.com\/blog\/cuentos-de-frozen-mejor-personalizados\/\" \/>\n<meta property=\"og:site_name\" content=\"Blog Mumablue\" \/>\n<meta property=\"article:publisher\" content=\"https:\/\/www.facebook.com\/mumablue\/\" \/>\n<meta property=\"article:modified_time\" content=\"2022-10-19T12:28:40+00:00\" \/>\n<meta property=\"og:image\" content=\"https:\/\/www.mumablue.com\/blog\/wp-content\/uploads\/2021\/05\/PORTADA-FROZEN-ESPA\u00d1OL-1.jpg\" \/>\n<meta name=\"twitter:card\" content=\"summary_large_image\" \/>\n<script type=\"application\/ld+json\" class=\"yoast-schema-graph\">{\"@context\":\"https:\/\/schema.org\",\"@graph\":[{\"@type\":\"Organization\",\"@id\":\"https:\/\/www.mumablue.com\/blog\/#organization\",\"name\":\"Mumablue\",\"url\":\"https:\/\/www.mumablue.com\/blog\/\",\"sameAs\":[\"https:\/\/www.facebook.com\/mumablue\/\",\"https:\/\/www.instagram.com\/mumablue\/?hl=es\"],\"logo\":{\"@type\":\"ImageObject\",\"@id\":\"https:\/\/www.mumablue.com\/blog\/#logo\",\"inLanguage\":\"es\",\"url\":\"https:\/\/www.mumablue.com\/blog\/wp-content\/uploads\/2020\/05\/Blog-Mumablue.png\",\"width\":749,\"height\":269,\"caption\":\"Mumablue\"},\"image\":{\"@id\":\"https:\/\/www.mumablue.com\/blog\/#logo\"}},{\"@type\":\"WebSite\",\"@id\":\"https:\/\/www.mumablue.com\/blog\/#website\",\"url\":\"https:\/\/www.mumablue.com\/blog\/\",\"name\":\"Blog Mumablue\",\"description\":\"Un blog de cuentos y audiocuentos gratis para ni\\u00f1os.\",\"publisher\":{\"@id\":\"https:\/\/www.mumablue.com\/blog\/#organization\"},\"potentialAction\":[{\"@type\":\"SearchAction\",\"target\":\"https:\/\/www.mumablue.com\/blog\/?s={search_term_string}\",\"query-input\":\"required name=search_term_string\"}],\"inLanguage\":\"es\"},{\"@type\":\"ImageObject\",\"@id\":\"https:\/\/www.mumablue.com\/blog\/cuentos-de-frozen-mejor-personalizados\/#primaryimage\",\"inLanguage\":\"es\",\"url\":\"https:\/\/www.mumablue.com\/blog\/wp-content\/uploads\/2021\/05\/PORTADA-FROZEN-ESPA\\u00d1OL-1.jpg\",\"width\":500,\"height\":500},{\"@type\":\"WebPage\",\"@id\":\"https:\/\/www.mumablue.com\/blog\/cuentos-de-frozen-mejor-personalizados\/#webpage\",\"url\":\"https:\/\/www.mumablue.com\/blog\/cuentos-de-frozen-mejor-personalizados\/\",\"name\":\"Cuentos de Frozen: mejor si son personalizados - Blog Mumablue\",\"isPartOf\":{\"@id\":\"https:\/\/www.mumablue.com\/blog\/#website\"},\"primaryImageOfPage\":{\"@id\":\"https:\/\/www.mumablue.com\/blog\/cuentos-de-frozen-mejor-personalizados\/#primaryimage\"},\"datePublished\":\"2021-05-13T14:49:26+00:00\",\"dateModified\":\"2022-10-19T12:28:40+00:00\",\"description\":\"Los cuentos de Frozen permiten a los m\\u00e1s peque\\u00f1os vivir nuevas aventuras con Elsa y Anna. \\u00bfQu\\u00e9 te parece si convertimos a tu peque en un protagonista m\\u00e1s?\",\"inLanguage\":\"es\",\"potentialAction\":[{\"@type\":\"ReadAction\",\"target\":[\"https:\/\/www.mumablue.com\/blog\/cuentos-de-frozen-mejor-personalizados\/\"]}]}]}<\/script>\n<!-- \/ Yoast SEO plugin. -->","_links":{"self":[{"href":"https:\/\/www.mumablue.com\/blog\/wp-json\/wp\/v2\/pages\/2946"}],"collection":[{"href":"https:\/\/www.mumablue.com\/blog\/wp-json\/wp\/v2\/pages"}],"about":[{"href":"https:\/\/www.mumablue.com\/blog\/wp-json\/wp\/v2\/types\/page"}],"author":[{"embeddable":true,"href":"https:\/\/www.mumablue.com\/blog\/wp-json\/wp\/v2\/users\/6"}],"replies":[{"embeddable":true,"href":"https:\/\/www.mumablue.com\/blog\/wp-json\/wp\/v2\/comments?post=2946"}],"version-history":[{"count":11,"href":"https:\/\/www.mumablue.com\/blog\/wp-json\/wp\/v2\/pages\/2946\/revisions"}],"predecessor-version":[{"id":6395,"href":"https:\/\/www.mumablue.com\/blog\/wp-json\/wp\/v2\/pages\/2946\/revisions\/6395"}],"wp:attachment":[{"href":"https:\/\/www.mumablue.com\/blog\/wp-json\/wp\/v2\/media?parent=2946"}],"curies":[{"name":"wp","href":"https:\/\/api.w.org\/{rel}","templated":true}]}}