{"id":2799,"date":"2020-09-14T10:06:30","date_gmt":"2020-09-14T10:06:30","guid":{"rendered":"https:\/\/mumablue.com\/blog\/?page_id=2799"},"modified":"2025-05-29T12:07:03","modified_gmt":"2025-05-29T12:07:03","slug":"cuento-con-moraleja-para-leer-a-los-ninos","status":"publish","type":"page","link":"https:\/\/www.mumablue.com\/blog\/cuento-con-moraleja-para-leer-a-los-ninos\/","title":{"rendered":"Cuento con moraleja para leer a los ni\u00f1os"},"content":{"rendered":"<p><img decoding=\"async\" loading=\"lazy\" class=\"alignnone wp-image-2800 size-full\" src=\"https:\/\/www.mumablue.com\/blog\/wp-content\/uploads\/2020\/09\/El-cangrejito-manco-2.jpg\" alt=\"Cuento con moraleja para leer\" width=\"500\" height=\"500\" srcset=\"https:\/\/www.mumablue.com\/blog\/wp-content\/uploads\/2020\/09\/El-cangrejito-manco-2.jpg 500w, https:\/\/www.mumablue.com\/blog\/wp-content\/uploads\/2020\/09\/El-cangrejito-manco-2-300x300.jpg 300w, https:\/\/www.mumablue.com\/blog\/wp-content\/uploads\/2020\/09\/El-cangrejito-manco-2-150x150.jpg 150w\" sizes=\"(max-width: 500px) 100vw, 500px\" \/><\/p>\n<p>Aqu\u00ed tienes un cuento con moraleja para leer a los ni\u00f1os. Se trata de una historia en la que <strong>un peque\u00f1o cangrejo se enfrenta a un cangrejo abus\u00f3n y acaba perdiendo su pinza<\/strong>. Pero la historia dar\u00e1 un giro: el cangrejito salvar\u00e1 su vida gracias a que le falta una pinza, y el abus\u00f3n tendr\u00e1 su merecido. \u00a1Una historia que lucha contra el bullying!<\/p>\n<p>En <a href=\"https:\/\/www.mumablue.com\/esp?utm_source=blog&amp;utm_medium=link&amp;utm_campaign=p\u00e1ginas-audiocuentos&amp;utm_content=cuento-moraleja\" target=\"_blank\" rel=\"noopener noreferrer\"><span style=\"color: #3366ff;\">Mumablue<\/span><\/a> <strong>hemos creado la versi\u00f3n en audiocuento<\/strong>, para que tu peque pueda escuchar esta historia teatralizada. \u00a1Mucho m\u00e1s m\u00e1gica!<\/p>\n<h2>Audiocuento \u201cEl cangrejito manco\u201d<\/h2>\n<h6><script src=\"https:\/\/www.buzzsprout.com\/937792\/5429053-el-cangrejito-manco.js?container_id=buzzsprout-player-5429053&amp;player=small\" type=\"text\/javascript\" charset=\"utf-8\"><\/script><br \/>\nM\u00fasica: CC 0: <span style=\"color: #3366ff;\"><a style=\"color: #3366ff;\" href=\"https:\/\/freepd.com\/comedy.php\">Foam rubber<\/a><\/span>, por Alexander Nakarada; <span style=\"color: #3366ff;\"><a style=\"color: #3366ff;\" href=\"https:\/\/freepd.com\/upbeat.php\">Advertime<\/a><\/span> y <span style=\"color: #3366ff;\"><a style=\"color: #3366ff;\" href=\"https:\/\/freepd.com\/comedy.php\" target=\"_blank\" rel=\"noopener noreferrer\">Attic secrets<\/a><\/span>, por Rafael Krux; <span style=\"color: #3366ff;\"><a style=\"color: #3366ff;\" href=\"https:\/\/freepd.com\/epic.php\" target=\"_blank\" rel=\"noopener noreferrer\">Fanfare X<\/a><\/span>, por Alexander Nakarada.<\/h6>\n<p><a href=\"https:\/\/www.mumablue.com\/esp\/nuestros-cuentos-personalizados\/aventuras-en-alaska?utm_source=blog&amp;utm_medium=banner&amp;utm_campaign=p\u00e1ginas-audiocuentos&amp;utm_content=cuento-moraleja\" target=\"_blank\" rel=\"noopener noreferrer\"><img decoding=\"async\" loading=\"lazy\" class=\"alignnone wp-image-5022 size-full\" src=\"https:\/\/www.mumablue.com\/blog\/wp-content\/uploads\/2021\/09\/Cuento-contra-el-bullying.jpg\" alt=\"cuento con moraleja\" width=\"715\" height=\"162\" srcset=\"https:\/\/www.mumablue.com\/blog\/wp-content\/uploads\/2021\/09\/Cuento-contra-el-bullying.jpg 715w, https:\/\/www.mumablue.com\/blog\/wp-content\/uploads\/2021\/09\/Cuento-contra-el-bullying-300x68.jpg 300w, https:\/\/www.mumablue.com\/blog\/wp-content\/uploads\/2021\/09\/Cuento-contra-el-bullying-624x141.jpg 624w\" sizes=\"(max-width: 715px) 100vw, 715px\" \/><\/a><\/p>\n<p>\u00a1Si lo prefieres, este cuento con moraleja para leer se lo puedes narrar t\u00fa mismo.\u00a0\u00a1Te proponemos crear algo de ambiente! Puedes leer este cuento sobre la siguiente m\u00fasica y crear una experiencia mucho m\u00e1s envolvente.<\/p>\n<p><iframe style=\"border: 0; width: 100%; height: 42px;\" src=\"https:\/\/bandcamp.com\/EmbeddedPlayer\/album=4032761503\/size=small\/bgcol=ffffff\/linkcol=0687f5\/track=136586905\/transparent=true\/\" seamless=\"\"><a href=\"https:\/\/alexandernakarada.bandcamp.com\/album\/collection-comedy-silly\">Collection &#8211; Comedy &amp; Silly by Alexander Nakarada<\/a><\/iframe><\/p>\n<h2>Cuento con moraleja para leer: El cangrejito manco<\/h2>\n<p>Al peque\u00f1o cangrejo le faltaba una pinza. Un cangrejo abus\u00f3n se la hab\u00eda retorcido en el recreo y su pinza derecha se hab\u00eda quedado colgando. El m\u00e9dico del colegio le hab\u00eda puesto una escayola y le hab\u00eda dicho que deb\u00eda mantenerla fuera del agua, que era muy importante que no se mojara.<\/p>\n<p>El cangrejito se qued\u00f3 en un peque\u00f1o remanso de agua que se hab\u00eda formado entre las rocas. Era una piscina muy peque\u00f1a en la que pod\u00eda mantener su pinza fuera del agua, pero que le cubr\u00eda las branquias para poder respirar.<\/p>\n<p>Sin embargo, el peque\u00f1o cangrejo no se dio cuenta de que aquella noche hab\u00eda luna llena, y la pleamar le pill\u00f3 por sorpresa: subi\u00f3 mucho la marea mientras dorm\u00eda y la peque\u00f1a piscina se llen\u00f3 de agua hasta los bordes\u2026 \u00a1antes de que pudiera reaccionar, la escayola se le deshizo y su pinza se perdi\u00f3 entre las olas!<\/p>\n<p>El peque\u00f1o cangrejo se qued\u00f3 paralizado. Desolado. \u00a1Ahora era un cangrejito manco! Y sospechaba la suerte que iba a correr\u2026 aunque sab\u00eda que las pinzas volv\u00edan a crecer con el tiempo, otros cangrejos mancos de los que hab\u00eda escuchado hablar hab\u00edan muerto antes de hambre al no poder cazar bien.<\/p>\n<p>Aquella noche no peg\u00f3 ojo. Pens\u00f3 mucho en el futuro que le esperaba. Record\u00f3, incluso, una historia que contaban sus amigos sobre un cangrejo de r\u00edo que, en China, se cort\u00f3 una pinza a s\u00ed mismo para escapar de la olla. Y pens\u00f3 que \u00e9l ser\u00eda capaz de hacerlo tambi\u00e9n, porque acabar guisado en su salsa le daba todav\u00eda m\u00e1s miedo que ser manco.<\/p>\n<p>Las siguientes semanas fueron muy dif\u00edciles para \u00e9l. Sus compa\u00f1eros de clase cuchicheaban a sus espaldas. Le ten\u00edan compasi\u00f3n. Y tampoco falt\u00f3 alg\u00fan que otro abus\u00f3n que se burl\u00f3 de \u00e9l. Hasta crey\u00f3 notar que Antena, la cangrejita m\u00e1s guapa de la clase, ya no le miraba tanto\u2026<\/p>\n<p>Pasaron los meses y su pinza segu\u00eda sin crecer. El cangrejito manco estaba convencido de que se quedar\u00eda as\u00ed para siempre y acabar\u00eda muriendo de hambre o siendo presa de alg\u00fan depredador. Ahora era un cangrejito triste.<\/p>\n<p>Una ma\u00f1ana de verano, estaba descansando junto a otros cangrejos en una de las piscinas que se hab\u00edan formado en las rocas, cuando vio aparecer a dos humanos, uno grande y otro peque\u00f1o. Llevaban una bolsa. \u00a1Estaban cazando cangrejos! Cuando el cangrejito manco quiso avisar a los dem\u00e1s, ya era demasiado tarde. Los humanos comenzaron a atraparlos con una red. \u00a1Cundi\u00f3 el p\u00e1nico! El peque\u00f1o cangrejo podr\u00eda escuchar los gritos de los dem\u00e1s mientras los met\u00edan en la bolsa. De pronto, se vio atrapado en la red y pens\u00f3 que era el fin.<\/p>\n<p>&#8211; \u00a1Pap\u00e1, mira, he atrapado uno!<\/p>\n<p>&#8211; \u00a1Oh, fant\u00e1stico!<\/p>\n<p>El humano mayor agarr\u00f3 la red y lo examin\u00f3 de cerca. El cangrejito manco se tap\u00f3 los ojos con la pinza que le quedaba. \u00a1No quer\u00eda mirar!<\/p>\n<p>&#8211; Hmmmm\u2026 A este, mejor, d\u00e9jalo. Le falta una pinza, no nos sirve.<\/p>\n<p>Y el ni\u00f1o lo devolvi\u00f3 al agua.<\/p>\n<p>Cuando todo se tranquiliz\u00f3, el cangrejito manco mir\u00f3 a su alrededor. Estaba solo. Todos los dem\u00e1s cangrejos hab\u00edan sido capturados. Aunque la situaci\u00f3n era muy preocupante, lo cierto es que sinti\u00f3 un gran alivio por haberse salvado. Supo que hab\u00eda sido gracias a su pinza. Mejor dicho: gracias a su no pinza.<\/p>\n<p>A partir de ese momento, el cangrejito manco comenz\u00f3 a aceptar mucho mejor su problema. \u00a1Incluso pod\u00eda llegar a considerarse una ventaja si se pensaba bien! Aprendi\u00f3 que hasta la mayor desgracia tiene un lado bueno aunque a veces haya que buscar mucho para encontr\u00e1rselo.<\/p>\n<p>\u00a1Ah! \u00a1Por cierto! Supongo que os gustar\u00e1 saber la suerte que corri\u00f3 el cangrejo abus\u00f3n. El cangrejito manco se enter\u00f3 poco despu\u00e9s de que el cangrejo que le hab\u00eda roto la pinza hab\u00eda sido capturado y que, seguramente, hab\u00eda acabado en la olla.<\/p>\n<h2><a href=\"https:\/\/www.mumablue.com\/esp\/nuestros-cuentos-personalizados\/aventuras-en-alaska?utm_source=blog&amp;utm_medium=banner&amp;utm_campaign=p\u00e1ginas-audiocuentos&amp;utm_content=cuento-moraleja\" target=\"_blank\" rel=\"noopener noreferrer\"><img decoding=\"async\" loading=\"lazy\" class=\"alignnone wp-image-5022 size-full\" src=\"https:\/\/www.mumablue.com\/blog\/wp-content\/uploads\/2021\/09\/Cuento-contra-el-bullying.jpg\" alt=\"cuento con moraleja\" width=\"715\" height=\"162\" srcset=\"https:\/\/www.mumablue.com\/blog\/wp-content\/uploads\/2021\/09\/Cuento-contra-el-bullying.jpg 715w, https:\/\/www.mumablue.com\/blog\/wp-content\/uploads\/2021\/09\/Cuento-contra-el-bullying-300x68.jpg 300w, https:\/\/www.mumablue.com\/blog\/wp-content\/uploads\/2021\/09\/Cuento-contra-el-bullying-624x141.jpg 624w\" sizes=\"(max-width: 715px) 100vw, 715px\" \/><\/a><\/h2>\n<h2>Curiosidades sobre los cangrejos<\/h2>\n<p><strong>Los cangrejos son crust\u00e1ceos<\/strong>. Eso significa que su cuerpo est\u00e1 cubierto por un caparaz\u00f3n. Tienen diez patas, ocho de ellas ser\u00edan como las piernas porque los cangrejos las usan para desplazarse, y otras dos, las delanteras, son m\u00e1s gruesas y acabadas en pinzas, por lo que podr\u00edamos considerarlas los brazos. <strong>Los hay de r\u00edo y de mar, pero tambi\u00e9n existen especies terrestres<\/strong> que, aunque tambi\u00e9n tienen branquias, son capaces de respirar fuera del agua.<\/p>\n<p>Los cangrejos mudan su caparaz\u00f3n varias veces a lo largo de la vida, para poder seguir creciendo. Esto significa que pierden el anterior y les sale uno nuevo. Adem\u00e1s, <strong>si pierden alguna de sus patas, \u00e9sta se acaba regenerando con el tiempo<\/strong>, o sea, que les vuelve a crecer.<\/p>\n<p>Hay cangrejos muy curiosos, como el cangrejo violinista que tiene una pinza mucho m\u00e1s grande que otra y parece que est\u00e1 tocando el viol\u00edn. O el cangrejo de los cocoteros, capaz de trepar para alcanzar los cocos y abrirlos con sus fuertes pinzas. O <strong>los cangrejos ermita\u00f1os, que utilizan las caracolas como vivienda<\/strong> y la llevan siempre consigo, como si fueran un caracol. \u00a1Son geniales!<\/p>\n<p>\u00a1Ah! \u00a1Y la historia del cangrejo chino que escap\u00f3 de la olla es real! Puedes encontrar el v\u00eddeo si lo busc\u00e1is en Youtube. \u00a1Valora si podr\u00eda herir la sensibilidad de tu peque antes de mostr\u00e1rselo!<\/p>\n<h2>Otros cuentos con moraleja para leer<\/h2>\n<p>Esperamos que a tu peque le haya gustado este cuento con moraleja para leer. Puedes encontrar muchos <strong>otros cuentos con valores y mensajes educativos<\/strong> en nuestra p\u00e1gina de <span style=\"color: #3366ff;\"><a style=\"color: #3366ff;\" href=\"https:\/\/www.mumablue.com\/blog\/cuentos-infantiles-para-leer-cortos-gratis\/\">cuentos infantiles para leer<\/a><\/span>. \u00a1Le van a encantar!<\/p>\n<div class=\"addtoany_share_save_container addtoany_content addtoany_content_bottom\">\n<div class=\"a2a_kit a2a_kit_size_32 addtoany_list\" data-a2a-url=\"https:\/\/www.mumablue.com\/blog\/cuento-de-piratas-para-leer\/\" data-a2a-title=\"Cuento de piratas para leer a los ni\u00f1os\"><\/div>\n<\/div>\n<div style='text-align:left' class='yasr-auto-insert-visitor'><\/div>","protected":false},"excerpt":{"rendered":"<p>Aqu\u00ed tienes un cuento con moraleja para leer a los ni\u00f1os. Se trata de una historia en la que un peque\u00f1o cangrejo se enfrenta a un cangrejo abus\u00f3n y acaba perdiendo su pinza. Pero la historia dar\u00e1 un giro: el cangrejito salvar\u00e1 su vida gracias a que le falta una pinza, y el abus\u00f3n tendr\u00e1 [&hellip;]<\/p>\n","protected":false},"author":6,"featured_media":0,"parent":0,"menu_order":0,"comment_status":"closed","ping_status":"closed","template":"","meta":{"yasr_overall_rating":0,"yasr_post_is_review":"","yasr_auto_insert_disabled":"","yasr_review_type":""},"yasr_visitor_votes":{"number_of_votes":111,"sum_votes":496,"stars_attributes":{"read_only":false,"span_bottom":false}},"yoast_head":"<!-- This site is optimized with the Yoast SEO plugin v14.5 - https:\/\/yoast.com\/wordpress\/plugins\/seo\/ -->\n<meta name=\"description\" content=\"El cangrejito manco es un cuento con moraleja para leer a los ni\u00f1os que condena el bullying y la violencia de los &quot;abusones&quot; del recreo.\" \/>\n<meta name=\"robots\" content=\"index, follow\" \/>\n<meta name=\"googlebot\" content=\"index, follow, max-snippet:-1, max-image-preview:large, max-video-preview:-1\" \/>\n<meta name=\"bingbot\" content=\"index, follow, max-snippet:-1, max-image-preview:large, max-video-preview:-1\" \/>\n<link rel=\"canonical\" href=\"https:\/\/www.mumablue.com\/blog\/cuento-con-moraleja-para-leer-a-los-ninos\/\" \/>\n<meta property=\"og:locale\" content=\"es_ES\" \/>\n<meta property=\"og:type\" content=\"article\" \/>\n<meta property=\"og:title\" content=\"Cuento con moraleja para leer a los ni\u00f1os - Blog Mumablue\" \/>\n<meta property=\"og:description\" content=\"El cangrejito manco es un cuento con moraleja para leer a los ni\u00f1os que condena el bullying y la violencia de los &quot;abusones&quot; del recreo.\" \/>\n<meta property=\"og:url\" content=\"https:\/\/www.mumablue.com\/blog\/cuento-con-moraleja-para-leer-a-los-ninos\/\" \/>\n<meta property=\"og:site_name\" content=\"Blog Mumablue\" \/>\n<meta property=\"article:publisher\" content=\"https:\/\/www.facebook.com\/mumablue\/\" \/>\n<meta property=\"article:modified_time\" content=\"2025-05-29T12:07:03+00:00\" \/>\n<meta property=\"og:image\" content=\"https:\/\/www.mumablue.com\/blog\/wp-content\/uploads\/2020\/09\/El-cangrejito-manco-2.jpg\" \/>\n<meta name=\"twitter:card\" content=\"summary_large_image\" \/>\n<script type=\"application\/ld+json\" class=\"yoast-schema-graph\">{\"@context\":\"https:\/\/schema.org\",\"@graph\":[{\"@type\":\"Organization\",\"@id\":\"https:\/\/www.mumablue.com\/blog\/#organization\",\"name\":\"Mumablue\",\"url\":\"https:\/\/www.mumablue.com\/blog\/\",\"sameAs\":[\"https:\/\/www.facebook.com\/mumablue\/\",\"https:\/\/www.instagram.com\/mumablue\/?hl=es\"],\"logo\":{\"@type\":\"ImageObject\",\"@id\":\"https:\/\/www.mumablue.com\/blog\/#logo\",\"inLanguage\":\"es\",\"url\":\"https:\/\/www.mumablue.com\/blog\/wp-content\/uploads\/2020\/05\/Blog-Mumablue.png\",\"width\":749,\"height\":269,\"caption\":\"Mumablue\"},\"image\":{\"@id\":\"https:\/\/www.mumablue.com\/blog\/#logo\"}},{\"@type\":\"WebSite\",\"@id\":\"https:\/\/www.mumablue.com\/blog\/#website\",\"url\":\"https:\/\/www.mumablue.com\/blog\/\",\"name\":\"Blog Mumablue\",\"description\":\"Un blog de cuentos y audiocuentos gratis para ni\\u00f1os.\",\"publisher\":{\"@id\":\"https:\/\/www.mumablue.com\/blog\/#organization\"},\"potentialAction\":[{\"@type\":\"SearchAction\",\"target\":\"https:\/\/www.mumablue.com\/blog\/?s={search_term_string}\",\"query-input\":\"required name=search_term_string\"}],\"inLanguage\":\"es\"},{\"@type\":\"ImageObject\",\"@id\":\"https:\/\/www.mumablue.com\/blog\/cuento-con-moraleja-para-leer-a-los-ninos\/#primaryimage\",\"inLanguage\":\"es\",\"url\":\"https:\/\/www.mumablue.com\/blog\/wp-content\/uploads\/2020\/09\/El-cangrejito-manco-2.jpg\",\"width\":500,\"height\":500},{\"@type\":\"WebPage\",\"@id\":\"https:\/\/www.mumablue.com\/blog\/cuento-con-moraleja-para-leer-a-los-ninos\/#webpage\",\"url\":\"https:\/\/www.mumablue.com\/blog\/cuento-con-moraleja-para-leer-a-los-ninos\/\",\"name\":\"Cuento con moraleja para leer a los ni\\u00f1os - Blog Mumablue\",\"isPartOf\":{\"@id\":\"https:\/\/www.mumablue.com\/blog\/#website\"},\"primaryImageOfPage\":{\"@id\":\"https:\/\/www.mumablue.com\/blog\/cuento-con-moraleja-para-leer-a-los-ninos\/#primaryimage\"},\"datePublished\":\"2020-09-14T10:06:30+00:00\",\"dateModified\":\"2025-05-29T12:07:03+00:00\",\"description\":\"El cangrejito manco es un cuento con moraleja para leer a los ni\\u00f1os que condena el bullying y la violencia de los \\\"abusones\\\" del recreo.\",\"inLanguage\":\"es\",\"potentialAction\":[{\"@type\":\"ReadAction\",\"target\":[\"https:\/\/www.mumablue.com\/blog\/cuento-con-moraleja-para-leer-a-los-ninos\/\"]}]}]}<\/script>\n<!-- \/ Yoast SEO plugin. -->","_links":{"self":[{"href":"https:\/\/www.mumablue.com\/blog\/wp-json\/wp\/v2\/pages\/2799"}],"collection":[{"href":"https:\/\/www.mumablue.com\/blog\/wp-json\/wp\/v2\/pages"}],"about":[{"href":"https:\/\/www.mumablue.com\/blog\/wp-json\/wp\/v2\/types\/page"}],"author":[{"embeddable":true,"href":"https:\/\/www.mumablue.com\/blog\/wp-json\/wp\/v2\/users\/6"}],"replies":[{"embeddable":true,"href":"https:\/\/www.mumablue.com\/blog\/wp-json\/wp\/v2\/comments?post=2799"}],"version-history":[{"count":7,"href":"https:\/\/www.mumablue.com\/blog\/wp-json\/wp\/v2\/pages\/2799\/revisions"}],"predecessor-version":[{"id":7565,"href":"https:\/\/www.mumablue.com\/blog\/wp-json\/wp\/v2\/pages\/2799\/revisions\/7565"}],"wp:attachment":[{"href":"https:\/\/www.mumablue.com\/blog\/wp-json\/wp\/v2\/media?parent=2799"}],"curies":[{"name":"wp","href":"https:\/\/api.w.org\/{rel}","templated":true}]}}