{"id":2774,"date":"2020-09-10T12:41:26","date_gmt":"2020-09-10T12:41:26","guid":{"rendered":"https:\/\/mumablue.com\/blog\/?page_id=2774"},"modified":"2025-05-29T12:12:24","modified_gmt":"2025-05-29T12:12:24","slug":"cuento-de-duendes-para-leer-a-los-ninos","status":"publish","type":"page","link":"https:\/\/www.mumablue.com\/blog\/cuento-de-duendes-para-leer-a-los-ninos\/","title":{"rendered":"Cuento de duendes para leer a los ni\u00f1os + Audiocuento"},"content":{"rendered":"<p><a href=\"https:\/\/www.mumablue.com\/blog\/wp-content\/uploads\/2021\/06\/\u00a1Hay-duendes-500.jpg\"><img decoding=\"async\" loading=\"lazy\" class=\"alignnone size-full wp-image-4256\" src=\"https:\/\/www.mumablue.com\/blog\/wp-content\/uploads\/2021\/06\/\u00a1Hay-duendes-500.jpg\" alt=\"Cuento de duendes para leer a los ni\u00f1os\" width=\"500\" height=\"500\" srcset=\"https:\/\/www.mumablue.com\/blog\/wp-content\/uploads\/2021\/06\/\u00a1Hay-duendes-500.jpg 500w, https:\/\/www.mumablue.com\/blog\/wp-content\/uploads\/2021\/06\/\u00a1Hay-duendes-500-300x300.jpg 300w, https:\/\/www.mumablue.com\/blog\/wp-content\/uploads\/2021\/06\/\u00a1Hay-duendes-500-150x150.jpg 150w\" sizes=\"(max-width: 500px) 100vw, 500px\" \/><\/a><\/p>\n<p>Aqu\u00ed tienes un cuento de duendes para leer a los ni\u00f1os, <strong>una historia divertida y muy simp\u00e1tica<\/strong> que comienza cuando en la casa de los se\u00f1ores Bliss empiezan a ocurrir cosas misteriosas. \u00bfSer\u00e1 que es cosa de duendes? M\u00e1s adelante encontrar\u00e1s el texto de este enternecedor relato, pero, antes, te proponemos que lo escuch\u00e9is directamente en formato audiocuento, una versi\u00f3n en la que <strong>las m\u00fasicas y efectos tienen un protagonismo muy especial.<\/strong><\/p>\n<h2>Audiocuento \u00a1Hay duendes!<\/h2>\n<p>Si te resulta m\u00e1s c\u00f3modo, este cuento de duendes para leer a los ni\u00f1os tambi\u00e9n se lo podemos contar nosotros.<\/p>\n<h6><script src=\"https:\/\/www.buzzsprout.com\/937792\/5332093-hay-duendes.js?container_id=buzzsprout-player-5332093&amp;player=small\" type=\"text\/javascript\" charset=\"utf-8\"><\/script><span style=\"font-size: 0.857143rem;\">M\u00fasica: CC0 <\/span><span style=\"color: #0000ff;\"><a style=\"color: #0000ff;\" href=\"https:\/\/freepd.com\/misc.php\" target=\"_blank\" rel=\"noopener noreferrer\">Funkeriffic<\/a><\/span><span style=\"font-size: 0.857143rem;\">, <\/span><span style=\"color: #0000ff;\"><a style=\"font-size: 0.857143rem; color: #0000ff;\" href=\"https:\/\/freepd.com\/comedy.php\" target=\"_blank\" rel=\"noopener noreferrer\">Krampu&#8217;s Workshop<\/a><\/span><span style=\"font-size: 0.857143rem;\"> y CC 3.0 <\/span><span style=\"color: #0000ff;\"><a style=\"color: #0000ff;\" href=\"https:\/\/incompetech.filmmusic.io\/song\/3480-cartoon-pizzicato\">Cartoon Pizzicato<\/a><\/span><span style=\"font-size: 0.857143rem;\">, por Kevin MacLeod. CC0 <\/span><span style=\"color: #0000ff;\"><a style=\"color: #0000ff;\" href=\"https:\/\/freepd.com\/Page2\/\">Twinkle, twinkle, little bat<\/a><\/span><span style=\"font-size: 0.857143rem;\">.<\/span><\/h6>\n<p>\u00a1Prefieres ponerle voz t\u00fa mismo a este cuento de duendes para leer? \u00a1Crea algo de ambiente! Con esta m\u00fasica de fondo lo tendr\u00e1s muy f\u00e1cil.<\/p>\n<p><iframe style=\"border: 0; width: 100%; height: 42px;\" src=\"https:\/\/bandcamp.com\/EmbeddedPlayer\/album=511335925\/size=small\/bgcol=ffffff\/linkcol=0687f5\/track=1290152555\/transparent=true\/\" seamless=\"\"><a href=\"https:\/\/alexandernakarada.bandcamp.com\/album\/collection-acoustic-ballad\">Collection &#8211; Acoustic &amp; Ballad by Alexander Nakarada<\/a><\/iframe><\/p>\n<h2><span style=\"font-weight: 400;\">\u00a1Hay duendes!<\/span><\/h2>\n<p><span style=\"font-weight: 400;\">La se\u00f1ora Bliss estaba desesperada. \u00a1\u00daltimamente no encontraba las cosas! S\u00f3lo en la \u00faltima semana hab\u00eda perdido un dedal, una caja de cerillas y dos monedas de un euro.<\/span><\/p>\n<p><span style=\"font-weight: 400;\">&#8211; \u00a1Eso es que hay duendes! &#8211; <\/span><span style=\"font-weight: 400;\">dec\u00eda el se\u00f1or Bliss<\/span><\/p>\n<p><span style=\"font-weight: 400;\">Y la se\u00f1ora Bliss se enfadaba todav\u00eda m\u00e1s.<\/span><\/p>\n<p><span style=\"font-weight: 400;\">&#8211; \u00bfDuendes? \u00a1A lo mejor el duende eres t\u00fa! \u00a1Todo el d\u00eda cambi\u00e1ndome las cosas de sitio!<\/span><\/p>\n<p><span style=\"font-weight: 400;\">Pero lo cierto es que la se\u00f1ora Bliss estaba m\u00e1s preocupada que\u00a0 enfadada. \u00bfEstar\u00eda perdiendo la memoria? \u00a1\u00bfY si un d\u00eda, al despertar, no recordaba ni siquiera su nombre?!\u00a0<\/span><\/p>\n<p><span style=\"font-weight: 400;\">La se\u00f1ora Bliss, todas las tardes se echaba la siesta. Y aquella tarde no era diferente. Despu\u00e9s de comer, como llevaba haciendo los \u00faltimos 30 a\u00f1os, se sent\u00f3 en su mecedora y se qued\u00f3 dormida.<\/span><\/p>\n<p><span style=\"font-weight: 400;\">De pronto, una extra\u00f1a criaturita asom\u00f3 la cabeza por detr\u00e1s de un radiador. <\/span><span style=\"font-weight: 400;\">Se asegur\u00f3 de que dorm\u00eda y se dirigi\u00f3 hacia ella.\u00a0<\/span><span style=\"font-weight: 400;\">Trep\u00f3 a la mesita y mir\u00f3 hacia la puerta. <\/span><span style=\"font-weight: 400;\">Ejercit\u00f3 un poco los brazos, a<\/span><span style=\"font-weight: 400;\">garr\u00f3 las gafas de la se\u00f1ora Bliss\u00a0<\/span><span style=\"font-weight: 400;\">y sali\u00f3 corriendo.<\/span><\/p>\n<p><span style=\"font-weight: 400;\">&#8211; Te digo que hay duendes <\/span><span style=\"font-weight: 400;\">-repet\u00eda el se\u00f1or Bliss &#8211;<\/span><span style=\"font-weight: 400;\">A m\u00ed tambi\u00e9n me ha desaparecido un calcet\u00edn y estuche de las lentillas.<\/span><\/p>\n<p><span style=\"font-weight: 400;\">La tarde siguiente, mientras la se\u00f1ora Bliss dorm\u00eda, la extra\u00f1a criaturilla asom\u00f3 de nuevo por detr\u00e1s del radiador. <\/span><span style=\"font-weight: 400;\">Camin\u00f3 de puntillas. <\/span><span style=\"font-weight: 400;\">Agarr\u00f3 un pastillero que se le hab\u00eda ca\u00eddo al suelo a la se\u00f1ora Bliss. <\/span><span style=\"font-weight: 400;\">Y corri\u00f3 a esconderse detr\u00e1s del radiador.<\/span><\/p>\n<p><span style=\"font-weight: 400;\">&#8211; \u00a1Pues s\u00ed que hay duendes! <\/span><span style=\"font-weight: 400;\">-se lamentaba, ahora, la se\u00f1ora Bliss <\/span><span style=\"font-weight: 400;\">-Estoy segura de que se me cay\u00f3 al suelo antes de quedarme dormida.<\/span><\/p>\n<p><span style=\"font-weight: 400;\">La siguiente tarde, la se\u00f1ora Bliss, como todas las tardes durante los \u00faltimos 30 a\u00f1os, se sent\u00f3 en la mecedora despu\u00e9s de comer, pero no se durmi\u00f3. Entorn\u00f3 los ojos, fingi\u00f3 unos sonoros ronquidos, y se puso a esperar.<\/span><\/p>\n<p><span style=\"font-weight: 400;\">Al rato, la extra\u00f1a criaturita volvi\u00f3 a asomar por detr\u00e1s del radiador.\u00a0<\/span><span style=\"font-weight: 400;\">Comprob\u00f3 que la se\u00f1ora Bliss dorm\u00eda.\u00a0<\/span><span style=\"font-weight: 400;\">Salt\u00f3 a la alfombra y, con paso disimulado, camin\u00f3 hacia la caja de galletas de la se\u00f1ora Bliss.<\/span><\/p>\n<p><span style=\"font-weight: 400;\">&#8211; \u00a1Te pill\u00e9, ladronzuelo! &#8211; grit\u00f3 la se\u00f1ora Bliss, d\u00e1ndole un susto de muerte.<\/span><\/p>\n<p><span style=\"font-weight: 400;\">La extra\u00f1a criatura corri\u00f3 como nunca y se escondi\u00f3 detr\u00e1s del radiador.<\/span><\/p>\n<p><span style=\"font-weight: 400;\">El se\u00f1or Bliss y la se\u00f1ora Bliss desmontaron el radiador para atrapar a la extra\u00f1a criatura.<\/span><\/p>\n<p><span style=\"font-weight: 400;\">&#8211; Te digo que es un duende, \u00a1es un duende! &#8211;<\/span><span style=\"font-weight: 400;\"> repet\u00eda el se\u00f1or Bliss.<\/span><\/p>\n<p><span style=\"font-weight: 400;\">Cuando retiraron el aparato encontraron un agujero en la pared. El se\u00f1or Bliss alumbr\u00f3 con una linterna y acerc\u00f3 un ojo.<\/span><\/p>\n<p><span style=\"font-weight: 400;\">\u00a1Lo que vio le dej\u00f3 perplejo! \u00a1Parec\u00eda una preciosa casa de mu\u00f1ecas! El pastillero era ahora una bonita mesa de comedor, con dos dedales por sillas. Los cristales de las gafas se hab\u00edan convertido en dos bonitos tragaluces que conectaban con el jard\u00edn. El estuche de lentillas serv\u00eda ahora como lavabo. Con las dos monedas de un euro y un viejo mechero hab\u00edan construido los fogones de una cocina.\u00a0 La caja de cerillas era una confortable camita con mantita de calcet\u00edn y con las cerillas de su interior hab\u00edan construido una cuna diminuta. De pronto, el se\u00f1or Bliss not\u00f3 que cuatro ojillos inquietos centelleaban a la luz de la linterna.\u00a0<\/span><\/p>\n<p><span style=\"font-weight: 400;\">&#8211; \u00a1\u00bfQu\u00e9 hay?! \u00a1\u00a1Qu\u00e9 ves!! &#8211; se impacient\u00f3 la se\u00f1ora Bliss<\/span><\/p>\n<p><span style=\"font-weight: 400;\">&#8211; Efectivamente son duendes &#8211; respondi\u00f3 el se\u00f1or Bliss -dos duendes reci\u00e9n casados que est\u00e1n construyendo su nueva casa.<\/span><\/p>\n<p><span style=\"font-weight: 400;\">Desde aquel d\u00eda, el se\u00f1or y la se\u00f1ora Bliss depositaban detr\u00e1s del radiador diversos objetos diminutos para que siguieran amueblando su casa. Y todos los domingos, adem\u00e1s, les dejaban una sabrosa galleta de la caja de galletas de la se\u00f1ora Bliss.<\/span><\/p>\n<p><a href=\"https:\/\/www.mumablue.com\/esp\/nuestros-cuentos-personalizados\/la-magia-del-nombre-mi-nino\/?utm_source=blog&amp;utm_medium=banner&amp;utm_campaign=p\u00e1ginas-audiocuentos&amp;utm_content=cuento-duended\"><img decoding=\"async\" loading=\"lazy\" class=\"alignnone wp-image-5043 size-full\" src=\"https:\/\/www.mumablue.com\/blog\/wp-content\/uploads\/2021\/09\/Cuento-de-Fantas\u00eda.jpg\" alt=\"Cuentos de fantas\u00eda\" width=\"715\" height=\"162\" srcset=\"https:\/\/www.mumablue.com\/blog\/wp-content\/uploads\/2021\/09\/Cuento-de-Fantas\u00eda.jpg 715w, https:\/\/www.mumablue.com\/blog\/wp-content\/uploads\/2021\/09\/Cuento-de-Fantas\u00eda-300x68.jpg 300w, https:\/\/www.mumablue.com\/blog\/wp-content\/uploads\/2021\/09\/Cuento-de-Fantas\u00eda-624x141.jpg 624w\" sizes=\"(max-width: 715px) 100vw, 715px\" \/><\/a><\/p>\n<h2><span style=\"font-weight: 400;\">Curiosidades sobre los duendes<\/span><\/h2>\n<p><span style=\"font-weight: 400;\">Los <\/span>duendes<span style=\"font-weight: 400;\"> son criaturas mitol\u00f3gicas fant\u00e1sticas con apariencia humana y de peque\u00f1o tama\u00f1o, que se suelen representar con orejas puntiagudas y piel verdosa. <strong>El nombre de \u201cduende\u201d significa \u201cdue\u00f1o de la casa\u201d<\/strong>, ya que se cree que estos seres tienen el poder de \u201capoderarse de los hogares y encantarlos.<\/span><\/p>\n<p><span style=\"font-weight: 400;\">Los duendes est\u00e1n presentes en el folklore de muchas culturas a lo largo y ancho de todo el mundo. Ya<strong> en la antigua Roma se cre\u00eda que exist\u00edan unos dioses menores ligados al hogar<\/strong>, lo que ellos llamaban lares, y que se encargaban de proteger las casas.\u00a0<\/span><\/p>\n<p><span style=\"font-weight: 400;\">En la <\/span><a href=\"https:\/\/es.wikipedia.org\/wiki\/Mitolog%C3%ADa\"><span style=\"font-weight: 400;\">mitolog\u00eda<\/span><\/a><span style=\"font-weight: 400;\"> de muchas culturas se cree que los duendes <strong>son m\u00e1gicos seres que tienen poderes, una personalidad bromista y un poco maliciosa<\/strong>, por lo que se les echa la culpa cuando algo se rompe o desaparece dentro de casa (igual que cre\u00eda el se\u00f1or Bliss).<\/span><\/p>\n<p><span style=\"font-weight: 400;\">En otras ocasiones, los duendes aparecen ligados al mundo de las hadas y se caracterizan por ser <strong>seres elementales, cuidadores de la naturaleza y de los bosques<\/strong>. \u00a1Los duendes son muy escurridizos y por eso es muy dif\u00edcil verlos! Si nunca has visto uno, no quiere decir que no existan. Es m\u00e1s, si alguno de tus juguetes desaparece sin dejar rastro, \u00a1no lo dudes! Tienes un simp\u00e1tico duende viviendo en tu casa.<\/span><\/p>\n<h2>Cuento de duendes para leer.. y de dragones, unicornios, brujas\u2026<\/h2>\n<p>Esperamos que a tu peque le haya gustado este cuento de duendes para leer. Puedes encontrar muchos otros en nuestra p\u00e1gina de<span style=\"color: #0000ff;\"> <a style=\"color: #0000ff;\" href=\"https:\/\/www.mumablue.com\/blog\/cuentos-infantiles-para-leer-cortos-gratis\/\">cuentos infantiles para leer<\/a><\/span>. \u00a1Echa un vistazo!<\/p>\n<p>Cr\u00e9dito imagen:\u00a0 <span style=\"color: #3366ff;\"><a style=\"color: #3366ff;\" href=\"https:\/\/www.freepik.es\/fotos-vectores-gratis\/flor\" target=\"_blank\" rel=\"noopener\">Freepik.es <\/a><\/span>&#8211; duende (<span style=\"color: #3366ff;\"><a style=\"color: #3366ff;\" href=\"https:\/\/www.freepik.es\/macrovector\" target=\"_blank\" rel=\"noopener\">macrovector<\/a><\/span>)<\/p>\n<\/div>\n<div style='text-align:left' class='yasr-auto-insert-visitor'><\/div>","protected":false},"excerpt":{"rendered":"<p>Aqu\u00ed tienes un cuento de duendes para leer a los ni\u00f1os, una historia divertida y muy simp\u00e1tica que comienza cuando en la casa de los se\u00f1ores Bliss empiezan a ocurrir cosas misteriosas. \u00bfSer\u00e1 que es cosa de duendes? M\u00e1s adelante encontrar\u00e1s el texto de este enternecedor relato, pero, antes, te proponemos que lo escuch\u00e9is directamente [&hellip;]<\/p>\n","protected":false},"author":6,"featured_media":0,"parent":0,"menu_order":0,"comment_status":"closed","ping_status":"closed","template":"","meta":{"yasr_overall_rating":0,"yasr_post_is_review":"","yasr_auto_insert_disabled":"","yasr_review_type":""},"yasr_visitor_votes":{"number_of_votes":92,"sum_votes":416,"stars_attributes":{"read_only":false,"span_bottom":false}},"yoast_head":"<!-- This site is optimized with the Yoast SEO plugin v14.5 - https:\/\/yoast.com\/wordpress\/plugins\/seo\/ -->\n<meta name=\"description\" content=\"Este cuento de duendes para leer no es lo que se espera. \u00a1Ni t\u00fa, tampoco! Porque incluye m\u00fasica para poner de fondo y su versi\u00f3n en audiocuento. \u00a1Alucinar\u00e1!\" \/>\n<meta name=\"robots\" content=\"index, follow\" \/>\n<meta name=\"googlebot\" content=\"index, follow, max-snippet:-1, max-image-preview:large, max-video-preview:-1\" \/>\n<meta name=\"bingbot\" content=\"index, follow, max-snippet:-1, max-image-preview:large, max-video-preview:-1\" \/>\n<link rel=\"canonical\" href=\"https:\/\/www.mumablue.com\/blog\/cuento-de-duendes-para-leer-a-los-ninos\/\" \/>\n<meta property=\"og:locale\" content=\"es_ES\" \/>\n<meta property=\"og:type\" content=\"article\" \/>\n<meta property=\"og:title\" content=\"Cuento de duendes para leer a los ni\u00f1os + Audiocuento - Blog Mumablue\" \/>\n<meta property=\"og:description\" content=\"Este cuento de duendes para leer no es lo que se espera. \u00a1Ni t\u00fa, tampoco! Porque incluye m\u00fasica para poner de fondo y su versi\u00f3n en audiocuento. \u00a1Alucinar\u00e1!\" \/>\n<meta property=\"og:url\" content=\"https:\/\/www.mumablue.com\/blog\/cuento-de-duendes-para-leer-a-los-ninos\/\" \/>\n<meta property=\"og:site_name\" content=\"Blog Mumablue\" \/>\n<meta property=\"article:publisher\" content=\"https:\/\/www.facebook.com\/mumablue\/\" \/>\n<meta property=\"article:modified_time\" content=\"2025-05-29T12:12:24+00:00\" \/>\n<meta property=\"og:image\" content=\"https:\/\/www.mumablue.com\/blog\/wp-content\/uploads\/2021\/06\/\u00a1Hay-duendes-500.jpg\" \/>\n<meta name=\"twitter:card\" content=\"summary_large_image\" \/>\n<script type=\"application\/ld+json\" class=\"yoast-schema-graph\">{\"@context\":\"https:\/\/schema.org\",\"@graph\":[{\"@type\":\"Organization\",\"@id\":\"https:\/\/www.mumablue.com\/blog\/#organization\",\"name\":\"Mumablue\",\"url\":\"https:\/\/www.mumablue.com\/blog\/\",\"sameAs\":[\"https:\/\/www.facebook.com\/mumablue\/\",\"https:\/\/www.instagram.com\/mumablue\/?hl=es\"],\"logo\":{\"@type\":\"ImageObject\",\"@id\":\"https:\/\/www.mumablue.com\/blog\/#logo\",\"inLanguage\":\"es\",\"url\":\"https:\/\/www.mumablue.com\/blog\/wp-content\/uploads\/2020\/05\/Blog-Mumablue.png\",\"width\":749,\"height\":269,\"caption\":\"Mumablue\"},\"image\":{\"@id\":\"https:\/\/www.mumablue.com\/blog\/#logo\"}},{\"@type\":\"WebSite\",\"@id\":\"https:\/\/www.mumablue.com\/blog\/#website\",\"url\":\"https:\/\/www.mumablue.com\/blog\/\",\"name\":\"Blog Mumablue\",\"description\":\"Un blog de cuentos y audiocuentos gratis para ni\\u00f1os.\",\"publisher\":{\"@id\":\"https:\/\/www.mumablue.com\/blog\/#organization\"},\"potentialAction\":[{\"@type\":\"SearchAction\",\"target\":\"https:\/\/www.mumablue.com\/blog\/?s={search_term_string}\",\"query-input\":\"required name=search_term_string\"}],\"inLanguage\":\"es\"},{\"@type\":\"ImageObject\",\"@id\":\"https:\/\/www.mumablue.com\/blog\/cuento-de-duendes-para-leer-a-los-ninos\/#primaryimage\",\"inLanguage\":\"es\",\"url\":\"https:\/\/www.mumablue.com\/blog\/wp-content\/uploads\/2021\/06\/\\u00a1Hay-duendes-500.jpg\",\"width\":500,\"height\":500,\"caption\":\"Cuento de duendes para leer a los ni\\u00f1os\"},{\"@type\":\"WebPage\",\"@id\":\"https:\/\/www.mumablue.com\/blog\/cuento-de-duendes-para-leer-a-los-ninos\/#webpage\",\"url\":\"https:\/\/www.mumablue.com\/blog\/cuento-de-duendes-para-leer-a-los-ninos\/\",\"name\":\"Cuento de duendes para leer a los ni\\u00f1os + Audiocuento - Blog Mumablue\",\"isPartOf\":{\"@id\":\"https:\/\/www.mumablue.com\/blog\/#website\"},\"primaryImageOfPage\":{\"@id\":\"https:\/\/www.mumablue.com\/blog\/cuento-de-duendes-para-leer-a-los-ninos\/#primaryimage\"},\"datePublished\":\"2020-09-10T12:41:26+00:00\",\"dateModified\":\"2025-05-29T12:12:24+00:00\",\"description\":\"Este cuento de duendes para leer no es lo que se espera. \\u00a1Ni t\\u00fa, tampoco! Porque incluye m\\u00fasica para poner de fondo y su versi\\u00f3n en audiocuento. \\u00a1Alucinar\\u00e1!\",\"inLanguage\":\"es\",\"potentialAction\":[{\"@type\":\"ReadAction\",\"target\":[\"https:\/\/www.mumablue.com\/blog\/cuento-de-duendes-para-leer-a-los-ninos\/\"]}]}]}<\/script>\n<!-- \/ Yoast SEO plugin. -->","_links":{"self":[{"href":"https:\/\/www.mumablue.com\/blog\/wp-json\/wp\/v2\/pages\/2774"}],"collection":[{"href":"https:\/\/www.mumablue.com\/blog\/wp-json\/wp\/v2\/pages"}],"about":[{"href":"https:\/\/www.mumablue.com\/blog\/wp-json\/wp\/v2\/types\/page"}],"author":[{"embeddable":true,"href":"https:\/\/www.mumablue.com\/blog\/wp-json\/wp\/v2\/users\/6"}],"replies":[{"embeddable":true,"href":"https:\/\/www.mumablue.com\/blog\/wp-json\/wp\/v2\/comments?post=2774"}],"version-history":[{"count":15,"href":"https:\/\/www.mumablue.com\/blog\/wp-json\/wp\/v2\/pages\/2774\/revisions"}],"predecessor-version":[{"id":7566,"href":"https:\/\/www.mumablue.com\/blog\/wp-json\/wp\/v2\/pages\/2774\/revisions\/7566"}],"wp:attachment":[{"href":"https:\/\/www.mumablue.com\/blog\/wp-json\/wp\/v2\/media?parent=2774"}],"curies":[{"name":"wp","href":"https:\/\/api.w.org\/{rel}","templated":true}]}}