{"id":2674,"date":"2021-05-13T15:00:28","date_gmt":"2021-05-13T15:00:28","guid":{"rendered":"https:\/\/mumablue.com\/blog\/?page_id=2674"},"modified":"2022-10-19T12:32:00","modified_gmt":"2022-10-19T12:32:00","slug":"cuentos-personalizados-disney","status":"publish","type":"page","link":"https:\/\/www.mumablue.com\/blog\/cuentos-personalizados-disney\/","title":{"rendered":"Cuentos personalizados \u00a9Disney \u00a1El doble de magia!"},"content":{"rendered":"<p><a href=\"https:\/\/www.mumablue.com\/blog\/wp-content\/uploads\/2021\/05\/PORTADA-FROZEN-ESPA\u00d1OL-3.jpg\"><img decoding=\"async\" loading=\"lazy\" class=\"alignnone size-full wp-image-3925\" src=\"https:\/\/www.mumablue.com\/blog\/wp-content\/uploads\/2021\/05\/PORTADA-FROZEN-ESPA\u00d1OL-3.jpg\" alt=\"cuentos personalizados Disney\" width=\"500\" height=\"500\" srcset=\"https:\/\/www.mumablue.com\/blog\/wp-content\/uploads\/2021\/05\/PORTADA-FROZEN-ESPA\u00d1OL-3.jpg 500w, https:\/\/www.mumablue.com\/blog\/wp-content\/uploads\/2021\/05\/PORTADA-FROZEN-ESPA\u00d1OL-3-300x300.jpg 300w, https:\/\/www.mumablue.com\/blog\/wp-content\/uploads\/2021\/05\/PORTADA-FROZEN-ESPA\u00d1OL-3-150x150.jpg 150w\" sizes=\"(max-width: 500px) 100vw, 500px\" \/><\/a><\/p>\n<p>Los cuentos personalizados \u00a9Disney son doblemente m\u00e1gicos. Al atractivo de un cuento en el que el propio ni\u00f1o lector es el protagonista se suma el hecho de poder <strong>compartir historia y aventuras con sus personajes \u00a9Disney favoritos<\/strong>. \u00a1Una experiencia inolvidable que aumentar\u00e1 su inter\u00e9s por la lectura y sembrar\u00e1 la semilla de su amor incondicional por los libros!<\/p>\n<p><strong>La oferta de cuentos personalizados \u00a9Disney es muy limitada,<\/strong> ya que se trata de un tipo de colaboraci\u00f3n muy exclusiva y a la que no todas las editoriales tienen acceso. Afortunadamente s\u00ed se pueden encontrar algunos t\u00edtulos en colaboraci\u00f3n con la factor\u00eda de sue\u00f1os m\u00e1s grande del mundo, aunque la oferta en espa\u00f1ol es ciertamente escasa.<\/p>\n<p><!--more--><\/p>\n<h2>Cuentos personalizados \u00a9Disney: Frozen<\/h2>\n<p><span style=\"color: #3366ff;\"><a style=\"color: #3366ff;\" href=\"https:\/\/disney.es\/\" target=\"_blank\" rel=\"noopener noreferrer\">\u00a9Disney<\/a><\/span> ha cosechado grandes \u00e9xitos en todas las \u00e9pocas. Desde que en los a\u00f1os 30 se estrenara \u00abBlancanieves y los siete enanitos\u00bb, ni\u00f1os de todas las generaciones han aprendido a so\u00f1ar con sus recreaciones de cuentos infantiles cl\u00e1sicos o sus historias originales. <strong>Una de las pel\u00edculas de mayor \u00e9xito en la \u00faltima d\u00e9cada ha sido Frozen<\/strong>, que cuenta la historia de una princesa con poderes criog\u00e9nicos. Una historia basada en el cuento \u00abLa Reina de las Nieves\u00bb, de Hans Christian Andersen. Elsa enamor\u00f3 a grandes y mayores, y convirti\u00f3 la pel\u00edcula Frozen en un aut\u00e9ntico fen\u00f3meno de masas que todav\u00eda persiste.<\/p>\n<p>No son muchos los cuentos personalizados \u00a9Disney disponibles, como dec\u00edamos al principio, pero s\u00ed <strong>es posible conseguir un <span style=\"color: #3366ff;\"><a style=\"color: #3366ff;\" href=\"https:\/\/www.mumablue.com\/esp\/nuestros-cuentos-personalizados\/frozen-disney-elsa-y-anna\">cuento personalizado de Frozen<\/a><\/span><\/strong> en el que el ni\u00f1o o ni\u00f1a protagonista viva extraordinarias aventuras junto a sus dos personajes principales: Anna y Elsa. Se trata del cuento personalizado que Mumablue ha realizado en colaboraci\u00f3n con \u00a9Disney, al que da t\u00edtulo el propio nombre del peque\u00f1o lector: \u00ab(<i><span style=\"font-weight: 400;\">Nombre de tu peque<\/span><\/i>), Elsa y Anna\u00bb es el t\u00edtulo personalizado de esta bonita historia de juego y amistad.<\/p>\n<p>En \u00ab<a href=\"https:\/\/www.mumablue.com\/esp\/nuestros-cuentos-personalizados\/frozen-disney-elsa-y-anna\" target=\"_blank\" rel=\"noopener noreferrer\"><span style=\"color: #3366ff;\">(<i><span style=\"font-weight: 400;\">Nombre de tu peque<\/span><\/i>), Elsa y Anna<\/span><\/a>\u00ab, <strong>el peque\u00f1o protagonista llegar\u00e1 al reino de Arendelle a trav\u00e9s de un portal m\u00e1gico<\/strong>. All\u00ed le esperan Elsa y Anna, que est\u00e1n muy aburridas porque tienen que comportarse como princesas, seg\u00fan mandan las normas de Palacio. Pasar\u00e1n un d\u00eda maravilloso jugando a diferentes juegos que Elsa convertir\u00e1 en incre\u00edbles gracias a sus poderes criog\u00e9nicos.<\/p>\n<p>\u00ab(<i><span style=\"font-weight: 400;\">Nombre de tu peque<\/span><\/i>), Elsa y Anna\u00bb es uno de los cuentos personalizados \u00a9Disney m\u00e1s atractivos para los padres, ya que, al igual que todos los cuentos personalizados Mumablue, asienta el relato sobre distintos valores. En este caso, <strong>se ponen de relieve la amistad, la cooperaci\u00f3n y el juego libre<\/strong>, debido a la importancia que los tres tienen en el desarrollo emocional, intelectual y cognitivo de los ni\u00f1os.<\/p>\n<h2><a href=\"https:\/\/www.mumablue.com\/blog\/wp-content\/uploads\/2021\/05\/cuento-disney-personalizado.jpg\"><img decoding=\"async\" loading=\"lazy\" class=\"alignnone wp-image-3928\" src=\"https:\/\/www.mumablue.com\/blog\/wp-content\/uploads\/2021\/05\/cuento-disney-personalizado.jpg\" alt=\"Cuentos personalizados Disney\" width=\"500\" height=\"500\" srcset=\"https:\/\/www.mumablue.com\/blog\/wp-content\/uploads\/2021\/05\/cuento-disney-personalizado.jpg 715w, https:\/\/www.mumablue.com\/blog\/wp-content\/uploads\/2021\/05\/cuento-disney-personalizado-300x300.jpg 300w, https:\/\/www.mumablue.com\/blog\/wp-content\/uploads\/2021\/05\/cuento-disney-personalizado-150x150.jpg 150w, https:\/\/www.mumablue.com\/blog\/wp-content\/uploads\/2021\/05\/cuento-disney-personalizado-624x624.jpg 624w\" sizes=\"(max-width: 500px) 100vw, 500px\" \/><\/a><\/h2>\n<h2>Cuentos personalizados \u00a9Disney con la garant\u00eda Mumablue<\/h2>\n<p>Mumablue es una <em>startup<\/em> de cuentos personalizados con una misi\u00f3n principal: <strong>fomentar el h\u00e1bito de la lectura en los ni\u00f1os y ayudarles a amar los libros<\/strong>. Detr\u00e1s de estos m\u00e1gicos cuentos hay una compleja tecnolog\u00eda que hace posible caracterizar a cualquier ni\u00f1o en funci\u00f3n de sus rasgos y atributos individuales. \u00a1Las m\u00e1s de 400.000 combinaciones hacen de Mumablue <strong>la marca de cuentos personalizados m\u00e1s personalizable del mundo<\/strong>!<\/p>\n<p>A pesar del fuerte componente tecnol\u00f3gico que hay detr\u00e1s y que hace posible la creaci\u00f3n de ilustraciones a imagen y semejanza del ni\u00f1o, <strong>todas las ilustraciones de Mumablue son realizadas a mano<\/strong> por un equipo de ilustradores con mucho arte. El resultado son dibujos muy llamativos y coloridos, de amable trazo, muy adecuados para la estimulaci\u00f3n visual de los peque\u00f1os.<\/p>\n<p>Todos los cuentos personalizados de Mumablue ofrecen una experiencia inmersiva de alto valor, gracias a que integran a cada ni\u00f1o o ni\u00f1a en la historia a trav\u00e9s no s\u00f3lo de su nombre, sino tambi\u00e9n de <strong>un avatar personalizado que interact\u00faa con los personajes de cada relato<\/strong> en todas y cada una de las ilustraciones del cuento. En este cuento personalizado de \u00a9Disney, adem\u00e1s, su nombre forma parte del t\u00edtulo y una ilustraci\u00f3n del peque aparece en la portada.<\/p>\n<h2>\u00a9Disney y Mumablue, una colaboraci\u00f3n muy pertinente<\/h2>\n<p>Es un hecho de que todo lo que toca \u00a9Disney lo convierte en m\u00e1gico y de que se trata de la mayor factor\u00eda de sue\u00f1os. Esas ya son, de por s\u00ed, razones suficientes para que cualquier compa\u00f1\u00eda desee colaborar con ellos. Sin embargo, para Mumablue era tanto o m\u00e1s importante una semejanza compartida: la divulgaci\u00f3n de valores adecuados a la infancia. <strong>Al igual que todas las historias Mumablue, todas las historias de \u00a9Disney son ricas en valores.<\/strong><\/p>\n<p>Si eres un aut\u00e9ntico fan de las pelis de \u00a9Disney habr\u00e1s notado que en cada una de ellas subyace una idea principal, asentada sobre distintos valores relacionados. Adem\u00e1s, te habr\u00e1s dado cuenta de <strong>c\u00f3mo esos valores han ido cambiando con el paso del tiempo<\/strong>, a medida que las sociedades evolucionaban y nuevas ideas y principios se abr\u00edan camino entre las personas.<\/p>\n<p>En este sentido, <strong>Mumablue apuesta por valores contempor\u00e1neos y adecuados al siglo XXI<\/strong>, manteniendo la esencia de los cuentos cl\u00e1sicos pero rechazando algunos roles que ya hoy han quedado obsoletos. As\u00ed, en \u00ab(<i><span style=\"font-weight: 400;\">Nombre de tu peque<\/span><\/i>), Elsa y Anna\u00bb <strong>se despoja a las dos hermanas del rol que, como princesas, les corresponder\u00eda seg\u00fan la narrativa tradicional<\/strong>. Precisamente lo mismo que \u00a9Disney hace en Frozen o en tantas otras pel\u00edculas como Brave, Enredados o Mul\u00e1n.<\/p>\n<p>\u00bfTe apetece saber m\u00e1s sobre este cuento personalizado \u00a9Disney? <span style=\"color: #3366ff;\"><a style=\"color: #3366ff;\" href=\"https:\/\/www.mumablue.com\/esp\/nuestros-cuentos-personalizados\/frozen-disney-elsa-y-anna\" target=\"_blank\" rel=\"noopener noreferrer\">Lo puedes previsualizar completo<\/a><\/span>, una vez caracterices a tu peque. \u00a1As\u00ed podr\u00e1s leer la historia y descubrir c\u00f3mo queda tu peque al ser incluido en el relato y las ilustraciones! <strong>Sin duda \u00e9ste ser\u00e1 un regalo dif\u00edcil de olvidar<\/strong>. Personaliza ahora \u00ab(<i><span style=\"font-weight: 400;\">Nombre de tu peque<\/span><\/i>), Elsa y Anna\u00bb y, si te gusta, podr\u00e1s tenerlo con tan solo un clic.<\/p>\n<div style='text-align:left' class='yasr-auto-insert-visitor'><\/div>","protected":false},"excerpt":{"rendered":"<p>Los cuentos personalizados \u00a9Disney son doblemente m\u00e1gicos. Al atractivo de un cuento en el que el propio ni\u00f1o lector es el protagonista se suma el hecho de poder compartir historia y aventuras con sus personajes \u00a9Disney favoritos. \u00a1Una experiencia inolvidable que aumentar\u00e1 su inter\u00e9s por la lectura y sembrar\u00e1 la semilla de su amor incondicional [&hellip;]<\/p>\n","protected":false},"author":6,"featured_media":0,"parent":0,"menu_order":0,"comment_status":"closed","ping_status":"closed","template":"","meta":{"yasr_overall_rating":0,"yasr_post_is_review":"","yasr_auto_insert_disabled":"","yasr_review_type":"BlogPosting"},"yasr_visitor_votes":{"number_of_votes":0,"sum_votes":0,"stars_attributes":{"read_only":false,"span_bottom":false}},"yoast_head":"<!-- This site is optimized with the Yoast SEO plugin v14.5 - https:\/\/yoast.com\/wordpress\/plugins\/seo\/ -->\n<meta name=\"description\" content=\"Los cuentos personalizados \u00a9Disney son escasos. Mumablue contribuye con un cuento de Frozen donde el ni\u00f1o protagonista vive aventuras junto a Elsa y Anna.\" \/>\n<meta name=\"robots\" content=\"index, follow\" \/>\n<meta name=\"googlebot\" content=\"index, follow, max-snippet:-1, max-image-preview:large, max-video-preview:-1\" \/>\n<meta name=\"bingbot\" content=\"index, follow, max-snippet:-1, max-image-preview:large, max-video-preview:-1\" \/>\n<link rel=\"canonical\" href=\"https:\/\/www.mumablue.com\/blog\/cuentos-personalizados-disney\/\" \/>\n<meta property=\"og:locale\" content=\"es_ES\" \/>\n<meta property=\"og:type\" content=\"article\" \/>\n<meta property=\"og:title\" content=\"Cuentos personalizados \u00a9Disney \u00a1El doble de magia! - Blog Mumablue\" \/>\n<meta property=\"og:description\" content=\"Los cuentos personalizados \u00a9Disney son escasos. Mumablue contribuye con un cuento de Frozen donde el ni\u00f1o protagonista vive aventuras junto a Elsa y Anna.\" \/>\n<meta property=\"og:url\" content=\"https:\/\/www.mumablue.com\/blog\/cuentos-personalizados-disney\/\" \/>\n<meta property=\"og:site_name\" content=\"Blog Mumablue\" \/>\n<meta property=\"article:publisher\" content=\"https:\/\/www.facebook.com\/mumablue\/\" \/>\n<meta property=\"article:modified_time\" content=\"2022-10-19T12:32:00+00:00\" \/>\n<meta property=\"og:image\" content=\"https:\/\/www.mumablue.com\/blog\/wp-content\/uploads\/2021\/05\/PORTADA-FROZEN-ESPA\u00d1OL-3.jpg\" \/>\n<meta name=\"twitter:card\" content=\"summary_large_image\" \/>\n<script type=\"application\/ld+json\" class=\"yoast-schema-graph\">{\"@context\":\"https:\/\/schema.org\",\"@graph\":[{\"@type\":\"Organization\",\"@id\":\"https:\/\/www.mumablue.com\/blog\/#organization\",\"name\":\"Mumablue\",\"url\":\"https:\/\/www.mumablue.com\/blog\/\",\"sameAs\":[\"https:\/\/www.facebook.com\/mumablue\/\",\"https:\/\/www.instagram.com\/mumablue\/?hl=es\"],\"logo\":{\"@type\":\"ImageObject\",\"@id\":\"https:\/\/www.mumablue.com\/blog\/#logo\",\"inLanguage\":\"es\",\"url\":\"https:\/\/www.mumablue.com\/blog\/wp-content\/uploads\/2020\/05\/Blog-Mumablue.png\",\"width\":749,\"height\":269,\"caption\":\"Mumablue\"},\"image\":{\"@id\":\"https:\/\/www.mumablue.com\/blog\/#logo\"}},{\"@type\":\"WebSite\",\"@id\":\"https:\/\/www.mumablue.com\/blog\/#website\",\"url\":\"https:\/\/www.mumablue.com\/blog\/\",\"name\":\"Blog Mumablue\",\"description\":\"Un blog de cuentos y audiocuentos gratis para ni\\u00f1os.\",\"publisher\":{\"@id\":\"https:\/\/www.mumablue.com\/blog\/#organization\"},\"potentialAction\":[{\"@type\":\"SearchAction\",\"target\":\"https:\/\/www.mumablue.com\/blog\/?s={search_term_string}\",\"query-input\":\"required name=search_term_string\"}],\"inLanguage\":\"es\"},{\"@type\":\"ImageObject\",\"@id\":\"https:\/\/www.mumablue.com\/blog\/cuentos-personalizados-disney\/#primaryimage\",\"inLanguage\":\"es\",\"url\":\"https:\/\/www.mumablue.com\/blog\/wp-content\/uploads\/2021\/05\/PORTADA-FROZEN-ESPA\\u00d1OL-3.jpg\",\"width\":500,\"height\":500,\"caption\":\"cuentos personalizados Disney\"},{\"@type\":\"WebPage\",\"@id\":\"https:\/\/www.mumablue.com\/blog\/cuentos-personalizados-disney\/#webpage\",\"url\":\"https:\/\/www.mumablue.com\/blog\/cuentos-personalizados-disney\/\",\"name\":\"Cuentos personalizados \\u00a9Disney \\u00a1El doble de magia! - Blog Mumablue\",\"isPartOf\":{\"@id\":\"https:\/\/www.mumablue.com\/blog\/#website\"},\"primaryImageOfPage\":{\"@id\":\"https:\/\/www.mumablue.com\/blog\/cuentos-personalizados-disney\/#primaryimage\"},\"datePublished\":\"2021-05-13T15:00:28+00:00\",\"dateModified\":\"2022-10-19T12:32:00+00:00\",\"description\":\"Los cuentos personalizados \\u00a9Disney son escasos. Mumablue contribuye con un cuento de Frozen donde el ni\\u00f1o protagonista vive aventuras junto a Elsa y Anna.\",\"inLanguage\":\"es\",\"potentialAction\":[{\"@type\":\"ReadAction\",\"target\":[\"https:\/\/www.mumablue.com\/blog\/cuentos-personalizados-disney\/\"]}]}]}<\/script>\n<!-- \/ Yoast SEO plugin. -->","_links":{"self":[{"href":"https:\/\/www.mumablue.com\/blog\/wp-json\/wp\/v2\/pages\/2674"}],"collection":[{"href":"https:\/\/www.mumablue.com\/blog\/wp-json\/wp\/v2\/pages"}],"about":[{"href":"https:\/\/www.mumablue.com\/blog\/wp-json\/wp\/v2\/types\/page"}],"author":[{"embeddable":true,"href":"https:\/\/www.mumablue.com\/blog\/wp-json\/wp\/v2\/users\/6"}],"replies":[{"embeddable":true,"href":"https:\/\/www.mumablue.com\/blog\/wp-json\/wp\/v2\/comments?post=2674"}],"version-history":[{"count":10,"href":"https:\/\/www.mumablue.com\/blog\/wp-json\/wp\/v2\/pages\/2674\/revisions"}],"predecessor-version":[{"id":6399,"href":"https:\/\/www.mumablue.com\/blog\/wp-json\/wp\/v2\/pages\/2674\/revisions\/6399"}],"wp:attachment":[{"href":"https:\/\/www.mumablue.com\/blog\/wp-json\/wp\/v2\/media?parent=2674"}],"curies":[{"name":"wp","href":"https:\/\/api.w.org\/{rel}","templated":true}]}}