{"id":2629,"date":"2020-08-12T14:15:41","date_gmt":"2020-08-12T14:15:41","guid":{"rendered":"https:\/\/mumablue.com\/blog\/?page_id=2629"},"modified":"2021-06-30T12:56:29","modified_gmt":"2021-06-30T12:56:29","slug":"cuentos-personalizados-ninos-3-anos","status":"publish","type":"page","link":"https:\/\/www.mumablue.com\/blog\/cuentos-personalizados-ninos-3-anos\/","title":{"rendered":"Cuentos personalizados para ni\u00f1os de 3 a\u00f1os"},"content":{"rendered":"<p><img decoding=\"async\" loading=\"lazy\" class=\"alignnone size-full wp-image-2630\" src=\"https:\/\/www.mumablue.com\/blog\/wp-content\/uploads\/2020\/08\/cuentos-infantiles-3-a\u00f1os-1.jpg\" alt=\"Cuentos personalizados para ni\u00f1os de 3 a\u00f1os\" width=\"640\" height=\"640\" srcset=\"https:\/\/www.mumablue.com\/blog\/wp-content\/uploads\/2020\/08\/cuentos-infantiles-3-a\u00f1os-1.jpg 640w, https:\/\/www.mumablue.com\/blog\/wp-content\/uploads\/2020\/08\/cuentos-infantiles-3-a\u00f1os-1-300x300.jpg 300w, https:\/\/www.mumablue.com\/blog\/wp-content\/uploads\/2020\/08\/cuentos-infantiles-3-a\u00f1os-1-150x150.jpg 150w, https:\/\/www.mumablue.com\/blog\/wp-content\/uploads\/2020\/08\/cuentos-infantiles-3-a\u00f1os-1-624x624.jpg 624w\" sizes=\"(max-width: 640px) 100vw, 640px\" \/><\/p>\n<p>A los 3 a\u00f1os se produce un hito en el desarrollo evolutivo de nuestros hijos. Entre otras muchas cosas, los peque\u00f1os abren su mente a un mundo lleno de curiosidad y fascinaci\u00f3n. Durante esta etapa, los cuentos personalizados para ni\u00f1os de 3 a\u00f1os se convierten en los aliados perfectos para estimular su af\u00e1n de exploraci\u00f3n. Los padres pueden servirse de esta herramienta a la hora de alentar a sus hijos en su b\u00fasqueda de respuestas. Al mismo tiempo, <strong>el ni\u00f1o ir\u00e1 familiariz\u00e1ndose con los libros e ir\u00e1 consolid\u00e1ndose su amor por la lectura.<\/strong><\/p>\n<h2>Cuentos personalizados para ni\u00f1os de 3 a\u00f1os<\/h2>\n<p>Los 3 a\u00f1os suponen el inicio de una nueva fase, mucho m\u00e1s compleja, en el crecimiento de los peque\u00f1os. A partir de este momento, se dan las condiciones esenciales para que dejen de ser beb\u00e9s y pasen a ser ni\u00f1os.\u00a0Esta importante transformaci\u00f3n conlleva el inicio de un proceso en el que <strong>nuestros hijos comienzan a determinar su identidad, su personalidad, su car\u00e1cter\u2026<\/strong> Es, adem\u00e1s, un momento crucial para inducirles a iniciarse en diversos comportamientos sociales de cierta complejidad.<\/p>\n<p>A esta edad, los ni\u00f1os empiezan a interesarse, de una manera m\u00e1s compleja, en cuestiones sociales, emocionales y cognitivas. Ha llegado la hora de servirnos de los cuentos para ni\u00f1os de tres a\u00f1os como elemento <strong>que ayude a los adultos a saciar la curiosidad que se despierta en los peques.\u00a0<\/strong>Llegados a este punto, es importante comprender cu\u00e1les son los beneficios de las historias para ni\u00f1os de tres a\u00f1os. En concreto, prestamos atenci\u00f3n a los cuentos personalizados para ni\u00f1os de 3 a\u00f1os.<\/p>\n<p><strong>Estos libros proporcionan al peque una experiencia mucho m\u00e1s inmersiva<\/strong>, muy apropiada para una etapa en la que se incrementa notablemente el sentido de la curiosidad. Adem\u00e1s, en esta fase, nuestros hijos transitan con facilidad entre la fantas\u00eda y la realidad y los cuentos personalizados son ideales para ayudarles a discernir entre ambas.<\/p>\n<p>Siguiendo con los beneficios de estos cuentos para ni\u00f1os de tres a\u00f1os, hemos de comprender que la personalizaci\u00f3n de la historia tambi\u00e9n <strong>ayuda a que el peque se implique m\u00e1s con la narraci\u00f3n<\/strong>. A ello, sin duda, contribuye el hecho de que el peque\u00f1o pueda identificarse con el personaje protagonista.<\/p>\n<h2><a href=\"https:\/\/www.mumablue.com\/blog\/wp-content\/uploads\/2021\/06\/Regalo-original-cumplea\u00f1os-ni\u00f1os.jpg\"><img decoding=\"async\" loading=\"lazy\" class=\"alignnone size-full wp-image-4128\" src=\"https:\/\/www.mumablue.com\/blog\/wp-content\/uploads\/2021\/06\/Regalo-original-cumplea\u00f1os-ni\u00f1os.jpg\" alt=\"cuento personalizado de cumplea\u00f1os\" width=\"500\" height=\"499\" srcset=\"https:\/\/www.mumablue.com\/blog\/wp-content\/uploads\/2021\/06\/Regalo-original-cumplea\u00f1os-ni\u00f1os.jpg 500w, https:\/\/www.mumablue.com\/blog\/wp-content\/uploads\/2021\/06\/Regalo-original-cumplea\u00f1os-ni\u00f1os-300x300.jpg 300w, https:\/\/www.mumablue.com\/blog\/wp-content\/uploads\/2021\/06\/Regalo-original-cumplea\u00f1os-ni\u00f1os-150x150.jpg 150w\" sizes=\"(max-width: 500px) 100vw, 500px\" \/><\/a><\/h2>\n<h2>Cuentos Mumablue para ni\u00f1os de 3 a\u00f1os<\/h2>\n<p><a href=\"https:\/\/www.mumablue.com\/usa\/our-personalized-books\/sweet-heroes-ae\"><span style=\"color: #0000ff;\">Mumablue<\/span><\/a> est\u00e1 especializada en cuentos personalizados para ni\u00f1os de 3 a\u00f1os. Sus libros re\u00fanen todos los requisitos que precisan las narraciones a esta edad. Sus creaciones <strong>fomentan que sea el propio ni\u00f1o quien resuelva el conflicto<\/strong>. No hay que olvidar que, en esta etapa, los peque\u00f1os han desarrollado ampliamente el concepto del \u201cyo\u201d. Esta fase de egocentrismo se ve satisfecha con la resoluci\u00f3n de cuestiones sin la intervenci\u00f3n de un tercero.<\/p>\n<p><strong>Todos los cuentos\u00a0 Mumablue son adecuados para ni\u00f1os de entre 2 y\u00a0 9 a\u00f1os.<\/strong> Son creaciones muy llamativas para los peques, con un incuestionable componente l\u00fadico y apto para disfrutar en familia. Nuestros hijos vivir\u00e1n sus aventuras al ritmo en que se las narremos. \u00a1Tendremos en nuestras manos una herramienta primordial para fomentar el h\u00e1bito de la lectura!<\/p>\n<p>Dentro del cat\u00e1logo de\u00a0 Mumablue, podemos recomendar unos t\u00edtulos que -por el tema que tratan o sus caracter\u00edsticas espec\u00edficas- <strong>pueden resultar m\u00e1s adecuados como cuentos para ni\u00f1os de tres a\u00f1os. <\/strong><\/p>\n<p>En este sentido, Mumablue cuenta con <span style=\"color: #0000ff;\"><a style=\"color: #0000ff;\" href=\"https:\/\/www.mumablue.com\/esp\/nuestros-cuentos-personalizados\/burbujas\">\u00abBurbujas\u00bb<\/a><\/span>. Al lado de la tortuga Marena, el ni\u00f1o o la ni\u00f1a encontrar\u00e1 la forma de superar sus temores gracias a valores tan importantes como la confianza y la amistad. Elige las\u00a0 caracter\u00edsticas de tu hijo o tu hija y personaliza al protagonista. Tu peque <strong>se convierte as\u00ed en el prota de una historia sencilla, de f\u00e1cil comprensi\u00f3n y que habla de los miedos<\/strong>, un tema muy importante a esta edad.<\/p>\n<p>\u201c<a href=\"https:\/\/www.mumablue.com\/esp\/nuestros-cuentos-personalizados\/cumpleanos\">\u00a1<span style=\"color: #3366ff;\">Feliz Cumplea\u00f1os, (Nombre del ni\u00f1o)<\/span><\/a>!\u201d es el cuento personalizado de cumplea\u00f1os de Mumablue. Se trata de un libro-juego interactivo con el que los peques disfrutar\u00e1n de lo lindo a partir de los dos a\u00f1os, ya que<strong> el planteamiento no se basa tanto en la narrativa como en las acciones que el ni\u00f1o deber\u00e1 realizar<\/strong>, interactuando con las p\u00e1ginas del cuento, a medida que avanza el relato. \u00a1Una aventura cumplea\u00f1era realmente m\u00e1gica!<\/p>\n<p><span style=\"color: #0000ff;\"><a style=\"color: #0000ff;\" href=\"https:\/\/www.mumablue.com\/esp\/nuestros-cuentos-personalizados\/chucheritis-es\">\u00abChucheritis\u00bb<\/a><\/span> es otro t\u00edtulo ideal para esta edad. Si lo contemplamos\u00a0 como un cuento para ni\u00f1os de tres a\u00f1os, este libro permite la personalizaci\u00f3n de dos personajes. As\u00ed, <strong>tu peque\u00f1o aparecer\u00e1 reflejado junto a otro protagonista<\/strong>: un hermano, un primo, un amiguito\u2026 Esta alternativa contribuye a que el ni\u00f1o peque\u00f1o se identifique a\u00fan m\u00e1s con la historia. En este cuento se puede elegir entre tres etapas evolutivas de los peque\u00f1os, ya que <strong>al aparecer dos ni\u00f1os juntos, se logra mayor fidelidad<\/strong> al contemplar la diferencia de edades.<\/p>\n<p>En el caso de <span style=\"color: #0000ff;\"><a style=\"color: #0000ff;\" href=\"https:\/\/www.mumablue.com\/esp\/nuestros-cuentos-personalizados\/juntos-es\">\u00abJuntos\u00bb<\/a><\/span>, Mumablue\u00a0 te permite conseguir esos mismos prop\u00f3sitos que hemos descrito. Sin embargo, esta vez el peque se ver\u00e1 acompa\u00f1ado por dos adultos de su entorno. Vivir\u00e1 la aventura junto a sus padres, sus abuelos, sus t\u00edos\u2026 Esta historia para ni\u00f1os de tres a\u00f1os ayudar\u00e1 a <strong>reforzar el valor de la familia, el amor y la necesidad de compartir tiempo<\/strong> juntos.<\/p>\n<h2>\u00bfC\u00f3mo son las historias infantiles para 3 a\u00f1os?<\/h2>\n<p>A partir de los 3 a\u00f1os, tus hijos comienzan una etapa de sus vidas en la que la curiosidad es pr\u00e1cticamente desmedida. Es el momento de contar con los libros para que tambi\u00e9n se despierte su curiosidad por la lectura. Como padres y madres hemos de aceptar el reto de fomentar en los peques el amor por los libros. Elegir ejemplares adecuados a su edad es <strong>una manera fascinante de introducir el h\u00e1bito de la lectura en nuestros hijos.<\/strong><\/p>\n<p>Ten en cuenta que en esta etapa los peques poseen una facilidad desbordante a la hora de dejar volar su imaginaci\u00f3n. Su capacidad de asombro y el af\u00e1n por descubrir el por qu\u00e9 de las cosas se convierten en habilidades que no deber\u00edan desaprovecharse. Los libros se convierten en un elemento indispensable para potenciar estas cualidades. <strong>Estamos ante una fuente inagotable de informaci\u00f3n, capaz de satisfacer el deseo de conocimiento.<\/strong><\/p>\n<p>Las historias para ni\u00f1os de tres a\u00f1os deben cumplir con ciertos requisitos. De este modo, podremos sacarles todo el partido para estimular la curiosidad de los peque\u00f1os. Por ello, como aun no saben leer, es importante que sus cuentos entren a trav\u00e9s de sus ojos gracias a numerosas y coloridas ilustraciones. <strong>Los textos deben ser cortos y compuestos por frases sencillas y muy expresivas<\/strong>, para que capten la atenci\u00f3n del peque\u00f1o lector. En definitiva, el lenguaje debe ser muy asequible para el ni\u00f1o, con un cupo de palabras nuevas que le ayuden a ampliar su vocabulario.<\/p>\n<p><strong>Elige libros con historias coherentes y tramas id\u00f3neas para su edad<\/strong>, en las que prime la fantas\u00eda. Adem\u00e1s, cobra gran importancia el hecho de que el peque se vea identificado. Llegados a este punto, los cuentos personalizados para ni\u00f1os de 3 a\u00f1os se convierten en el regalo perfecto. La raz\u00f3n es sencilla, los peque\u00f1os se reconocer\u00e1n como los protagonistas de esas fascinantes aventuras. \u00bfQuieres ver c\u00f3mo quedar\u00eda tu cuento personalizado con tu peque de 3 a\u00f1os como protagonista? Echa un vistazo al <span style=\"color: #0000ff;\"><a style=\"color: #0000ff;\" href=\"https:\/\/www.mumablue.com\/esp\/nuestros-cuentos-personalizados\"> cat\u00e1logo de cuentos Mumablue<\/a>.\u00a0<\/span>Personal\u00edzalo y, si te gusta como queda&#8230; \u00a1ya tienes un fant\u00e1stico regalo para tu peque!<\/p>\n<div style='text-align:left' class='yasr-auto-insert-visitor'><\/div>","protected":false},"excerpt":{"rendered":"<p>A los 3 a\u00f1os se produce un hito en el desarrollo evolutivo de nuestros hijos. Entre otras muchas cosas, los peque\u00f1os abren su mente a un mundo lleno de curiosidad y fascinaci\u00f3n. Durante esta etapa, los cuentos personalizados para ni\u00f1os de 3 a\u00f1os se convierten en los aliados perfectos para estimular su af\u00e1n de exploraci\u00f3n. [&hellip;]<\/p>\n","protected":false},"author":6,"featured_media":0,"parent":0,"menu_order":0,"comment_status":"closed","ping_status":"closed","template":"","meta":{"yasr_overall_rating":0,"yasr_post_is_review":"","yasr_auto_insert_disabled":"","yasr_review_type":"BlogPosting"},"yasr_visitor_votes":{"number_of_votes":0,"sum_votes":0,"stars_attributes":{"read_only":false,"span_bottom":false}},"yoast_head":"<!-- This site is optimized with the Yoast SEO plugin v14.5 - https:\/\/yoast.com\/wordpress\/plugins\/seo\/ -->\n<meta name=\"description\" content=\"Los cuentos personalizados para ni\u00f1os de 3 a\u00f1os son la herramienta m\u00e1s id\u00f3nea para comenzar a fomentar el h\u00e1bito del lectura de manera temprana\" \/>\n<meta name=\"robots\" content=\"index, follow\" \/>\n<meta name=\"googlebot\" content=\"index, follow, max-snippet:-1, max-image-preview:large, max-video-preview:-1\" \/>\n<meta name=\"bingbot\" content=\"index, follow, max-snippet:-1, max-image-preview:large, max-video-preview:-1\" \/>\n<link rel=\"canonical\" href=\"https:\/\/www.mumablue.com\/blog\/cuentos-personalizados-ninos-3-anos\/\" \/>\n<meta property=\"og:locale\" content=\"es_ES\" \/>\n<meta property=\"og:type\" content=\"article\" \/>\n<meta property=\"og:title\" content=\"Cuentos personalizados para ni\u00f1os de 3 a\u00f1os - Blog Mumablue\" \/>\n<meta property=\"og:description\" content=\"Los cuentos personalizados para ni\u00f1os de 3 a\u00f1os son la herramienta m\u00e1s id\u00f3nea para comenzar a fomentar el h\u00e1bito del lectura de manera temprana\" \/>\n<meta property=\"og:url\" content=\"https:\/\/www.mumablue.com\/blog\/cuentos-personalizados-ninos-3-anos\/\" \/>\n<meta property=\"og:site_name\" content=\"Blog Mumablue\" \/>\n<meta property=\"article:publisher\" content=\"https:\/\/www.facebook.com\/mumablue\/\" \/>\n<meta property=\"article:modified_time\" content=\"2021-06-30T12:56:29+00:00\" \/>\n<meta property=\"og:image\" content=\"https:\/\/www.mumablue.com\/blog\/wp-content\/uploads\/2020\/08\/cuentos-infantiles-3-a\u00f1os-1.jpg\" \/>\n<meta name=\"twitter:card\" content=\"summary_large_image\" \/>\n<script type=\"application\/ld+json\" class=\"yoast-schema-graph\">{\"@context\":\"https:\/\/schema.org\",\"@graph\":[{\"@type\":\"Organization\",\"@id\":\"https:\/\/www.mumablue.com\/blog\/#organization\",\"name\":\"Mumablue\",\"url\":\"https:\/\/www.mumablue.com\/blog\/\",\"sameAs\":[\"https:\/\/www.facebook.com\/mumablue\/\",\"https:\/\/www.instagram.com\/mumablue\/?hl=es\"],\"logo\":{\"@type\":\"ImageObject\",\"@id\":\"https:\/\/www.mumablue.com\/blog\/#logo\",\"inLanguage\":\"es\",\"url\":\"https:\/\/www.mumablue.com\/blog\/wp-content\/uploads\/2020\/05\/Blog-Mumablue.png\",\"width\":749,\"height\":269,\"caption\":\"Mumablue\"},\"image\":{\"@id\":\"https:\/\/www.mumablue.com\/blog\/#logo\"}},{\"@type\":\"WebSite\",\"@id\":\"https:\/\/www.mumablue.com\/blog\/#website\",\"url\":\"https:\/\/www.mumablue.com\/blog\/\",\"name\":\"Blog Mumablue\",\"description\":\"Un blog de cuentos y audiocuentos gratis para ni\\u00f1os.\",\"publisher\":{\"@id\":\"https:\/\/www.mumablue.com\/blog\/#organization\"},\"potentialAction\":[{\"@type\":\"SearchAction\",\"target\":\"https:\/\/www.mumablue.com\/blog\/?s={search_term_string}\",\"query-input\":\"required name=search_term_string\"}],\"inLanguage\":\"es\"},{\"@type\":\"ImageObject\",\"@id\":\"https:\/\/www.mumablue.com\/blog\/cuentos-personalizados-ninos-3-anos\/#primaryimage\",\"inLanguage\":\"es\",\"url\":\"https:\/\/www.mumablue.com\/blog\/wp-content\/uploads\/2020\/08\/cuentos-infantiles-3-a\\u00f1os-1.jpg\",\"width\":640,\"height\":640,\"caption\":\"Cuentos personalizados para ni\\u00f1os de 3 a\\u00f1os\"},{\"@type\":\"WebPage\",\"@id\":\"https:\/\/www.mumablue.com\/blog\/cuentos-personalizados-ninos-3-anos\/#webpage\",\"url\":\"https:\/\/www.mumablue.com\/blog\/cuentos-personalizados-ninos-3-anos\/\",\"name\":\"Cuentos personalizados para ni\\u00f1os de 3 a\\u00f1os - Blog Mumablue\",\"isPartOf\":{\"@id\":\"https:\/\/www.mumablue.com\/blog\/#website\"},\"primaryImageOfPage\":{\"@id\":\"https:\/\/www.mumablue.com\/blog\/cuentos-personalizados-ninos-3-anos\/#primaryimage\"},\"datePublished\":\"2020-08-12T14:15:41+00:00\",\"dateModified\":\"2021-06-30T12:56:29+00:00\",\"description\":\"Los cuentos personalizados para ni\\u00f1os de 3 a\\u00f1os son la herramienta m\\u00e1s id\\u00f3nea para comenzar a fomentar el h\\u00e1bito del lectura de manera temprana\",\"inLanguage\":\"es\",\"potentialAction\":[{\"@type\":\"ReadAction\",\"target\":[\"https:\/\/www.mumablue.com\/blog\/cuentos-personalizados-ninos-3-anos\/\"]}]}]}<\/script>\n<!-- \/ Yoast SEO plugin. -->","_links":{"self":[{"href":"https:\/\/www.mumablue.com\/blog\/wp-json\/wp\/v2\/pages\/2629"}],"collection":[{"href":"https:\/\/www.mumablue.com\/blog\/wp-json\/wp\/v2\/pages"}],"about":[{"href":"https:\/\/www.mumablue.com\/blog\/wp-json\/wp\/v2\/types\/page"}],"author":[{"embeddable":true,"href":"https:\/\/www.mumablue.com\/blog\/wp-json\/wp\/v2\/users\/6"}],"replies":[{"embeddable":true,"href":"https:\/\/www.mumablue.com\/blog\/wp-json\/wp\/v2\/comments?post=2629"}],"version-history":[{"count":7,"href":"https:\/\/www.mumablue.com\/blog\/wp-json\/wp\/v2\/pages\/2629\/revisions"}],"predecessor-version":[{"id":4335,"href":"https:\/\/www.mumablue.com\/blog\/wp-json\/wp\/v2\/pages\/2629\/revisions\/4335"}],"wp:attachment":[{"href":"https:\/\/www.mumablue.com\/blog\/wp-json\/wp\/v2\/media?parent=2629"}],"curies":[{"name":"wp","href":"https:\/\/api.w.org\/{rel}","templated":true}]}}