{"id":2423,"date":"2022-11-28T08:57:55","date_gmt":"2022-11-28T08:57:55","guid":{"rendered":"https:\/\/mumablue.com\/blog\/?page_id=2423"},"modified":"2022-12-02T12:30:25","modified_gmt":"2022-12-02T12:30:25","slug":"cuentos-personalizados-de-navidad-para-ninos","status":"publish","type":"page","link":"https:\/\/www.mumablue.com\/blog\/cuentos-personalizados-de-navidad-para-ninos\/","title":{"rendered":"Cuentos personalizados de Navidad para ni\u00f1os"},"content":{"rendered":"<p><img decoding=\"async\" loading=\"lazy\" class=\"alignnone size-full wp-image-5212\" src=\"https:\/\/www.mumablue.com\/blog\/wp-content\/uploads\/2021\/11\/Cuento-personalizado-de-Navidad-regalo.jpg\" alt=\"cuento personalizado de Pap\u00e1 Noel\" width=\"500\" height=\"500\" srcset=\"https:\/\/www.mumablue.com\/blog\/wp-content\/uploads\/2021\/11\/Cuento-personalizado-de-Navidad-regalo.jpg 500w, https:\/\/www.mumablue.com\/blog\/wp-content\/uploads\/2021\/11\/Cuento-personalizado-de-Navidad-regalo-300x300.jpg 300w, https:\/\/www.mumablue.com\/blog\/wp-content\/uploads\/2021\/11\/Cuento-personalizado-de-Navidad-regalo-150x150.jpg 150w\" sizes=\"(max-width: 500px) 100vw, 500px\" \/><\/p>\n<p>Los cuentos personalizados de Navidad son unos de los m\u00e1s demandados cuando se aproximan las fechas navide\u00f1as, ya que<strong> la experiencia inmersiva que vive el ni\u00f1o protagonista se ve potenciada por la estacionalidad<\/strong> y la magia de estas fiestas.<\/p>\n<p>Gracias a ellos, pueden vivir aventuras maravillosas junto a elfos, renos o el mism\u00edsimo Pap\u00e1 Noel, lo que <strong>hace que la historia tenga mayor atractivo para los peque\u00f1os<\/strong>, quienes se ven representados como protagonistas de la historia al lado de sus personajes navide\u00f1os favoritos. A continuaci\u00f3n os dejamos unas propuestas de cuentos de Navidad personalizados que os van a dejar alucinados.<\/p>\n<p><!--more--><\/p>\n<h2>(Nombre de tu peque) salva la Navidad<\/h2>\n<p><strong>\u00bfImaginas a tu peque como protagonista absoluto de un cuentos junto al mism\u00edsimo Pap\u00e1 Noel?<\/strong> \u00ab(Nombre de tu peque) salva la Navidad\u00bb es el cuento personalizado de Navidad m\u00e1s maravilloso, porque el ni\u00f1o o ni\u00f1o protagonista tiene una importante misi\u00f3n: ayudar a Santa a repartir los regalos. En su viaje, descubrir\u00e1 que no todos los ni\u00f1os del mundo son tan afortunados y que el aut\u00e9ntico esp\u00edritu Navide\u00f1o est\u00e1 en la generosidad.<\/p>\n<p>En \u00ab<span style=\"color: #3366ff;\"><a style=\"color: #3366ff;\" href=\"https:\/\/www.mumablue.com\/esp\/nuestros-cuentos-personalizados\/cuento-personalizado-de-navidad?utm_source=blog&amp;utm_medium=blog-content&amp;utm_campaign=article-page&amp;utm_content=post-cuentos-personalizados-navidad\" target=\"_blank\" rel=\"noopener noreferrer\">(Nombre de tu peque) salva la Navidad<\/a><\/span>\u00ab, el peque\u00f1o protagonista deber\u00e1 hacerse cargo \u00e9l solo del reparto de los regalos a lo largo del mundo, ya que Pap\u00e1 Noel ha sufrido un accidente de trineo y no se encuentra muy bien. Afortunadamente, tu peque tendr\u00e1 a su disposici\u00f3n toda la magia de la Navidad, con un reloj que ralentiza el tiempo o un trineo que indica para qui\u00e9n es cada regalo y d\u00f3nde deben ser entrenados. <strong>\u00a1Gracias a tu peque, ning\u00fan ni\u00f1o se quedar\u00e1 sin regalo de Navidad este a\u00f1o!<\/strong><\/p>\n<p><a href=\"https:\/\/www.mumablue.com\/esp\/nuestros-cuentos-personalizados\/cuento-personalizado-de-navidad?utm_source=blog&amp;utm_medium=blog-content&amp;utm_campaign=article-page&amp;utm_content=post-cuento-navidad\"><img decoding=\"async\" loading=\"lazy\" class=\"alignnone wp-image-5585\" src=\"https:\/\/www.mumablue.com\/blog\/wp-content\/uploads\/2022\/01\/Cuento-personalizado-de-Navidad.png\" alt=\"cuentos originales para Reyes Magos\" width=\"500\" height=\"190\" srcset=\"https:\/\/www.mumablue.com\/blog\/wp-content\/uploads\/2022\/01\/Cuento-personalizado-de-Navidad.png 716w, https:\/\/www.mumablue.com\/blog\/wp-content\/uploads\/2022\/01\/Cuento-personalizado-de-Navidad-300x114.png 300w, https:\/\/www.mumablue.com\/blog\/wp-content\/uploads\/2022\/01\/Cuento-personalizado-de-Navidad-624x237.png 624w\" sizes=\"(max-width: 500px) 100vw, 500px\" \/><\/a><\/p>\n<p>Al igual que <span style=\"color: #3366ff;\"><a style=\"color: #3366ff;\" href=\"https:\/\/www.mumablue.com\/esp\/nuestros-cuentos-personalizados?utm_source=blog&amp;utm_medium=blog-content&amp;utm_campaign=article-page&amp;utm_content=post-cuentos-personalizados-navidad\" target=\"_blank\" rel=\"noopener noreferrer\">todos los cuentos personalizados Mumablue<\/a><\/span>, <span style=\"color: #333333;\">\u00ab(Nombre de tu peque) salva la Navidad\u00bb<\/span> abunda en valores. En este caso, el peque\u00f1o protagonista del relato <strong>comprender\u00e1 los beneficios de la bondad, la generosidad y la solidaridad<\/strong>, a trav\u00e9s de una historia que acerca ese ideal del \u00abesp\u00edritu navide\u00f1o\u00bb y hace que el ni\u00f1o lo viva en primera persona.<\/p>\n<h2>Navidades juntos, el cuento personalizado con toda la familia<\/h2>\n<p><img decoding=\"async\" loading=\"lazy\" class=\"alignnone size-full wp-image-6544\" src=\"https:\/\/www.mumablue.com\/blog\/wp-content\/uploads\/2020\/11\/Cuento-de-Navidad-para-la-familia.jpg\" alt=\"Black Friday Mumablue\" width=\"500\" height=\"514\" srcset=\"https:\/\/www.mumablue.com\/blog\/wp-content\/uploads\/2020\/11\/Cuento-de-Navidad-para-la-familia.jpg 500w, https:\/\/www.mumablue.com\/blog\/wp-content\/uploads\/2020\/11\/Cuento-de-Navidad-para-la-familia-292x300.jpg 292w\" sizes=\"(max-width: 500px) 100vw, 500px\" \/><\/p>\n<p>\u00ab<span style=\"color: #3366ff;\"><strong><a style=\"color: #3366ff;\" href=\"https:\/\/www.mumablue.com\/esp\/nuestros-cuentos-personalizados\/cuento-personalizado-de-navidad-familia?utm_source=blog&amp;utm_medium=blog-content&amp;utm_campaign=article-page&amp;utm_content=post-cuentos-personalizados-navidad\" target=\"_blank\" rel=\"noopener noreferrer\">Navidades juntos<\/a><\/strong><\/span>\u00bb es la apuesta m\u00e1s ambiciosa de Mumablue, ya que se trata de un cuento en el que se pueden <strong>personalizar hasta 5 personajes (hasta 3 hermanos y 2 adultos con los que conviven<\/strong>, ya sean padres, t\u00edos, abuelo o padrinos). Este cuento personalizado es la continuaci\u00f3n de \u00abJuntos\u00bb, el gran \u00e9xito de ventas en el que el protagonista descubre c\u00f3mo las actividades cotidianas se convierten en extraordinarias aventuras si se comparten con las personas queridas. <strong>\u00abNavidades Juntos\u00bb recupera este <em>leti motiv<\/em> y lo ubica en un contexto navide\u00f1o.<\/strong><\/p>\n<p>As\u00ed, en \u00abNavidades juntos\u00bb, el ni\u00f1o o ni\u00f1os protagonistas vivir\u00e1n diferentes situaciones tradicionales que tienen lugar en Navidad: poner el \u00e1rbol en familia, acudir al mercadillo navide\u00f1o, asistir a la cabalgata, participar en actividades extraordinarias y, por supuesto, recibir a los Reyes Magos. <strong>\u00a1Uno de los cuentos personalizados de Navidad m\u00e1s interesantes para toda la familia!<\/strong><\/p>\n<h2>Mi cuento de Navidad, el cuento personalizado en Edici\u00f3n Limitada<\/h2>\n<p><img decoding=\"async\" loading=\"lazy\" class=\"alignnone wp-image-2841\" src=\"https:\/\/www.mumablue.com\/blog\/wp-content\/uploads\/2020\/09\/personalized-books-Santa-Claus.jpg\" alt=\"personalized christmas storybooks\" width=\"500\" height=\"500\" srcset=\"https:\/\/www.mumablue.com\/blog\/wp-content\/uploads\/2020\/09\/personalized-books-Santa-Claus.jpg 815w, https:\/\/www.mumablue.com\/blog\/wp-content\/uploads\/2020\/09\/personalized-books-Santa-Claus-300x300.jpg 300w, https:\/\/www.mumablue.com\/blog\/wp-content\/uploads\/2020\/09\/personalized-books-Santa-Claus-150x150.jpg 150w, https:\/\/www.mumablue.com\/blog\/wp-content\/uploads\/2020\/09\/personalized-books-Santa-Claus-768x768.jpg 768w, https:\/\/www.mumablue.com\/blog\/wp-content\/uploads\/2020\/09\/personalized-books-Santa-Claus-624x624.jpg 624w\" sizes=\"(max-width: 500px) 100vw, 500px\" \/><\/p>\n<p>\u00ab<span style=\"color: #3366ff;\"><a style=\"color: #3366ff;\" href=\"https:\/\/www.mumablue.com\/esp\/nuestros-cuentos-personalizados\/mi-cuento-de-navidad?utm_source=blog&amp;utm_medium=blog-content&amp;utm_campaign=article-page&amp;utm_content=post-cuentos-personalizados-navidad\" target=\"_blank\" rel=\"noopener noreferrer\">Mi cuento de Navidad<\/a><\/span>\u00bb es el cuento personalizado de Navidad que Mumablue ha realizado en colaboraci\u00f3n con <span style=\"font-weight: 400;\">la aplicaci\u00f3n de v\u00eddeos personalizados de Pap\u00e1 Noel \u00a0<span style=\"color: #3366ff;\"><a style=\"color: #3366ff;\" href=\"https:\/\/www.portablenorthpole.com\/es\" target=\"_blank\" rel=\"noopener noreferrer\">PNP\u2013Polo Norte Port\u00e1til\u2122<\/a><\/span> . <strong>Se trata de una <span style=\"color: #ff0000;\">edici\u00f3n limitada 2022<\/span> en la que se ha contemplado hasta el \u00faltimo detalle<\/strong> del universo PNP y en el que las cuidadas y coloridas ilustraciones han sido realizadas a mano por el equipo de ilustradores de Mumablue.<\/span><\/p>\n<p>La historia comienza cuando en la Oficina de Correos del Polo Norte saltan todas las alarmas: una carta en la que el ni\u00f1o o ni\u00f1a protagonista no pide ning\u00fan regalo para s\u00ed misma ha hecho que se dispare el medidor de generosidad. Por este motivo, <strong>el peque protagonista de esta historia recibir\u00e1 una invitaci\u00f3n para visitar la Villa de Pap\u00e1 Noel<\/strong> y descubrir todos los secretos que hacen posible que, cada Navidad, ning\u00fan ni\u00f1o se quede sin su regalo.<\/p>\n<p>Una vez en la Villa de Pap\u00e1 Noel, el ni\u00f1o o ni\u00f1a protagonista ser\u00e1 guiado por los diferentes <strong>lugares en los que los elfos trabajan sin descanso los d\u00edas previos a Navidad<\/strong>, como la Oficina de Correos, donde se reciben todas las cartas y los e-mails que env\u00edan los ni\u00f1os; el Taller de Juguetes, en el que se fabrican los juguetes m\u00e1s incre\u00edbles; el Invernadero Encantado, donde se cultivan las flores de pascua de las que nacen los beb\u00e9s elfo; o la Gran Biblioteca, que guarda valiosos libros con la historia de cada ni\u00f1o que hay en el mundo.<\/p>\n<h2>Cuentos personalizados de Navidad para disfrutar en familia<\/h2>\n<p>La \u00e9poca Navide\u00f1a es la m\u00e1s propensa para que los ni\u00f1os puedan pasar tiempo de calidad en familia. M\u00e1s all\u00e1 de los festejos propios de estas fechas que conllevan reuniones familiares o las numerosas actividades l\u00fadicas y culturales que se programan para ellos, <strong>los cuentos personalizados de Navidad ofrecen un plus de magia<\/strong> a las navidades de los m\u00e1s peque\u00f1os.<\/p>\n<p>Los cuentos son el instrumento ideal para pasar tiempo en familia. Adem\u00e1s, si se trata de cuentos personalizados en los que el ni\u00f1o se ve representado, la experiencia inmersiva hace que se identifique mucho m\u00e1s con la lectura, lo que favorece la creaci\u00f3n que un h\u00e1bito que los padres deben favorecer al m\u00e1ximo. La lectura es una de las actividades que<strong> permite a los ni\u00f1os pasar tiempo de calidad junto a su familia<\/strong>, gracias a su componente l\u00fadico y a que conlleva la implicaci\u00f3n de todos los participantes en la lectura. \u00a1Y las vacaciones de Navidad son el momento ideal para disfrutar al m\u00e1ximo de esta actividad y dejar volar la imaginaci\u00f3n!<\/p>\n<h2>Regalos originales para Navidad<\/h2>\n<p>Si buscas sorprender estas navidades, un cuento personalizado de Navidad es la mejor opci\u00f3n. En esta \u00e9poca en la que les ha tocado vivir, los ni\u00f1os lo tienen todo. Muchos padres son conocedores de ello y luchan contra el s\u00edndrome del ni\u00f1o h\u00edper regalado. Sin embargo, hay per\u00edodos en los que hacer un regalo es una tradici\u00f3n y un compromiso ineludible, a pesar de que <strong>cada vez cuesta m\u00e1s trabajo regalarle a un ni\u00f1o algo que ya no tenga<\/strong>. Tanto es as\u00ed, que la demanda de regalos originales para Navidad ha crecido de manera exponencial en los \u00faltimos a\u00f1os.<\/p>\n<p>Si un regalo original siempre es una buena idea y regalar cuentos tambi\u00e9n lo es, <strong>los cuentos personalizados Mumablue son la mejor opci\u00f3n si queremos hacer un regalo que realmente guste<\/strong>. Cuando regalamos un cuento estamos regalando mucho m\u00e1s que un objeto: estamos regalando imaginaci\u00f3n, fantas\u00eda, cultura, aprendizaje&#8230; y cuando regalamos un producto personalizado estamos transmitiendo un mensaje de mayor inter\u00e9s por la persona obsequiada, ya que hemos realizado un esfuerzo adicional, hemos pensado exclusivamente en ella. Le hacemos ver, con nuestro regalo, que realmente nos importa y que nos hemos esforzado por encontrar algo que sea de su agrado.<\/p>\n<p>Al margen de ello, <strong>los cuentos personalizados son uno de los regalos originales para Navidad que m\u00e1s gustan a ni\u00f1os y a padres<\/strong>. Los ni\u00f1os, porque alucinan al verse representados y convertidos en los h\u00e9roes del relato. Los padres, porque saben que su hijo est\u00e1 recibiendo un tesoro de incalculable valor, un producto cultural que va a favorecer su inter\u00e9s por la lectura y amor por los libros. \u00a1As\u00ed que, no te lo pienses! \u00a1Si estas Navidades tienes que hacer regalos a alg\u00fan ni\u00f1o de la familia, apuesta por los cuentos personalizados de Mumbalue!<\/p>\n<h2>Cuentos personalizados de Navidad desestacionalizados<\/h2>\n<p>Para los ni\u00f1os, los cuentos de Navidad no son, como podamos entenderlo los adultos, historias circunscritas a este per\u00edodo concreto del a\u00f1o. <strong>El mundo m\u00e1gico de la Navidad, lleno de secretos y sorpresas, les resulta atractivo durante todo el a\u00f1o<\/strong>. Es por ello que, si bien los cuentos personalizados de Navidad tienen mayor peso y relevancia durante el per\u00edodo navide\u00f1o, la realidad es que los peques de la casa disfrutan con las historias de Pap\u00e1 Noel y sus amigos los elfos durante todo el a\u00f1o.<\/p>\n<p>Al margen de ello, \u00abMi cuento de Navidad\u00bb, por el mensaje que transmite, es ideal para cualquier \u00e9poca del a\u00f1o. Dos de sus valores principales, la solidaridad y la generosidad, hacen referencia a las cualidades que se le piden a un ni\u00f1o durante todo el a\u00f1o, si quiere estar en la Lista de los que se portan bien. En este sentido, <strong><span style=\"color: #333333;\">\u00ab(Nombre de tu peque) salva la Navidad<\/span>\u00bb puede ser una buena herramienta para los padres<\/strong>\u00a0a la hora de transmitir este mensaje.<\/p>\n<p>\u00bfQuieres ver c\u00f3mo queda protagonizado por tu peque? \u00a1Vivir\u00e1 una aventura extraordinaria en compa\u00f1\u00eda del mism\u00edsimo Pap\u00e1 Noel! <strong>Puedes acceder a una previsualizaci\u00f3n completa <\/strong>en pocos minutos. \u00a1Echa un vistazo! Y si te gusta, aprovecha. Recuerda que es una edici\u00f3n limitada.<\/p>\n<p>\u00bfQuieres un plus de magia? Encuentra las versiones en audiocuento y otras muchas <span style=\"color: #3366ff;\"><a style=\"color: #3366ff;\" href=\"https:\/\/www.mumablue.com\/blog\/pequehistorias\/\" target=\"_blank\" rel=\"noopener noreferrer\">pequehistorias navide\u00f1as<\/a><\/span>.<\/p>\n<div style='text-align:left' class='yasr-auto-insert-visitor'><\/div>","protected":false},"excerpt":{"rendered":"<p>Los cuentos personalizados de Navidad son unos de los m\u00e1s demandados cuando se aproximan las fechas navide\u00f1as, ya que la experiencia inmersiva que vive el ni\u00f1o protagonista se ve potenciada por la estacionalidad y la magia de estas fiestas. Gracias a ellos, pueden vivir aventuras maravillosas junto a elfos, renos o el mism\u00edsimo Pap\u00e1 Noel, [&hellip;]<\/p>\n","protected":false},"author":6,"featured_media":0,"parent":0,"menu_order":0,"comment_status":"closed","ping_status":"closed","template":"","meta":{"yasr_overall_rating":0,"yasr_post_is_review":"","yasr_auto_insert_disabled":"","yasr_review_type":"BlogPosting"},"yasr_visitor_votes":{"number_of_votes":1,"sum_votes":5,"stars_attributes":{"read_only":false,"span_bottom":false}},"yoast_head":"<!-- This site is optimized with the Yoast SEO plugin v14.5 - https:\/\/yoast.com\/wordpress\/plugins\/seo\/ -->\n<meta name=\"description\" content=\"Los cuentos personalizados de Navidad permiten que los ni\u00f1os vivan en primera persona incre\u00edbles aventuras junto a Pap\u00e1 Noel, renos y elfos. \u00a1Es m\u00e1gico!\" \/>\n<meta name=\"robots\" content=\"index, follow\" \/>\n<meta name=\"googlebot\" content=\"index, follow, max-snippet:-1, max-image-preview:large, max-video-preview:-1\" \/>\n<meta name=\"bingbot\" content=\"index, follow, max-snippet:-1, max-image-preview:large, max-video-preview:-1\" \/>\n<link rel=\"canonical\" href=\"https:\/\/www.mumablue.com\/blog\/cuentos-personalizados-de-navidad-para-ninos\/\" \/>\n<meta property=\"og:locale\" content=\"es_ES\" \/>\n<meta property=\"og:type\" content=\"article\" \/>\n<meta property=\"og:title\" content=\"Cuentos personalizados de Navidad para ni\u00f1os - Blog Mumablue\" \/>\n<meta property=\"og:description\" content=\"Los cuentos personalizados de Navidad permiten que los ni\u00f1os vivan en primera persona incre\u00edbles aventuras junto a Pap\u00e1 Noel, renos y elfos. \u00a1Es m\u00e1gico!\" \/>\n<meta property=\"og:url\" content=\"https:\/\/www.mumablue.com\/blog\/cuentos-personalizados-de-navidad-para-ninos\/\" \/>\n<meta property=\"og:site_name\" content=\"Blog Mumablue\" \/>\n<meta property=\"article:publisher\" content=\"https:\/\/www.facebook.com\/mumablue\/\" \/>\n<meta property=\"article:modified_time\" content=\"2022-12-02T12:30:25+00:00\" \/>\n<meta property=\"og:image\" content=\"https:\/\/www.mumablue.com\/blog\/wp-content\/uploads\/2021\/11\/Cuento-personalizado-de-Navidad-regalo.jpg\" \/>\n<meta name=\"twitter:card\" content=\"summary_large_image\" \/>\n<script type=\"application\/ld+json\" class=\"yoast-schema-graph\">{\"@context\":\"https:\/\/schema.org\",\"@graph\":[{\"@type\":\"Organization\",\"@id\":\"https:\/\/www.mumablue.com\/blog\/#organization\",\"name\":\"Mumablue\",\"url\":\"https:\/\/www.mumablue.com\/blog\/\",\"sameAs\":[\"https:\/\/www.facebook.com\/mumablue\/\",\"https:\/\/www.instagram.com\/mumablue\/?hl=es\"],\"logo\":{\"@type\":\"ImageObject\",\"@id\":\"https:\/\/www.mumablue.com\/blog\/#logo\",\"inLanguage\":\"es\",\"url\":\"https:\/\/www.mumablue.com\/blog\/wp-content\/uploads\/2020\/05\/Blog-Mumablue.png\",\"width\":749,\"height\":269,\"caption\":\"Mumablue\"},\"image\":{\"@id\":\"https:\/\/www.mumablue.com\/blog\/#logo\"}},{\"@type\":\"WebSite\",\"@id\":\"https:\/\/www.mumablue.com\/blog\/#website\",\"url\":\"https:\/\/www.mumablue.com\/blog\/\",\"name\":\"Blog Mumablue\",\"description\":\"Un blog de cuentos y audiocuentos gratis para ni\\u00f1os.\",\"publisher\":{\"@id\":\"https:\/\/www.mumablue.com\/blog\/#organization\"},\"potentialAction\":[{\"@type\":\"SearchAction\",\"target\":\"https:\/\/www.mumablue.com\/blog\/?s={search_term_string}\",\"query-input\":\"required name=search_term_string\"}],\"inLanguage\":\"es\"},{\"@type\":\"ImageObject\",\"@id\":\"https:\/\/www.mumablue.com\/blog\/cuentos-personalizados-de-navidad-para-ninos\/#primaryimage\",\"inLanguage\":\"es\",\"url\":\"https:\/\/www.mumablue.com\/blog\/wp-content\/uploads\/2021\/11\/Cuento-personalizado-de-Navidad-regalo.jpg\",\"width\":500,\"height\":500,\"caption\":\"cuento personalizado de Pap\\u00e1 Noel\"},{\"@type\":\"WebPage\",\"@id\":\"https:\/\/www.mumablue.com\/blog\/cuentos-personalizados-de-navidad-para-ninos\/#webpage\",\"url\":\"https:\/\/www.mumablue.com\/blog\/cuentos-personalizados-de-navidad-para-ninos\/\",\"name\":\"Cuentos personalizados de Navidad para ni\\u00f1os - Blog Mumablue\",\"isPartOf\":{\"@id\":\"https:\/\/www.mumablue.com\/blog\/#website\"},\"primaryImageOfPage\":{\"@id\":\"https:\/\/www.mumablue.com\/blog\/cuentos-personalizados-de-navidad-para-ninos\/#primaryimage\"},\"datePublished\":\"2022-11-28T08:57:55+00:00\",\"dateModified\":\"2022-12-02T12:30:25+00:00\",\"description\":\"Los cuentos personalizados de Navidad permiten que los ni\\u00f1os vivan en primera persona incre\\u00edbles aventuras junto a Pap\\u00e1 Noel, renos y elfos. \\u00a1Es m\\u00e1gico!\",\"inLanguage\":\"es\",\"potentialAction\":[{\"@type\":\"ReadAction\",\"target\":[\"https:\/\/www.mumablue.com\/blog\/cuentos-personalizados-de-navidad-para-ninos\/\"]}]}]}<\/script>\n<!-- \/ Yoast SEO plugin. -->","_links":{"self":[{"href":"https:\/\/www.mumablue.com\/blog\/wp-json\/wp\/v2\/pages\/2423"}],"collection":[{"href":"https:\/\/www.mumablue.com\/blog\/wp-json\/wp\/v2\/pages"}],"about":[{"href":"https:\/\/www.mumablue.com\/blog\/wp-json\/wp\/v2\/types\/page"}],"author":[{"embeddable":true,"href":"https:\/\/www.mumablue.com\/blog\/wp-json\/wp\/v2\/users\/6"}],"replies":[{"embeddable":true,"href":"https:\/\/www.mumablue.com\/blog\/wp-json\/wp\/v2\/comments?post=2423"}],"version-history":[{"count":14,"href":"https:\/\/www.mumablue.com\/blog\/wp-json\/wp\/v2\/pages\/2423\/revisions"}],"predecessor-version":[{"id":6553,"href":"https:\/\/www.mumablue.com\/blog\/wp-json\/wp\/v2\/pages\/2423\/revisions\/6553"}],"wp:attachment":[{"href":"https:\/\/www.mumablue.com\/blog\/wp-json\/wp\/v2\/media?parent=2423"}],"curies":[{"name":"wp","href":"https:\/\/api.w.org\/{rel}","templated":true}]}}