{"id":2405,"date":"2020-08-04T16:01:12","date_gmt":"2020-08-04T16:01:12","guid":{"rendered":"https:\/\/mumablue.com\/blog\/?page_id=2405"},"modified":"2021-06-30T12:46:45","modified_gmt":"2021-06-30T12:46:45","slug":"cuentos-personalizados-para-bebes","status":"publish","type":"page","link":"https:\/\/www.mumablue.com\/blog\/cuentos-personalizados-para-bebes\/","title":{"rendered":"Cuentos personalizados para beb\u00e9s: recomendaciones"},"content":{"rendered":"<h2><span style=\"font-weight: 400;\"><img decoding=\"async\" loading=\"lazy\" class=\"alignnone wp-image-2002 size-full\" src=\"https:\/\/www.mumablue.com\/blog\/wp-content\/uploads\/2020\/07\/Edad-recomendada-Mumablue.jpg\" alt=\"cuentos personalizados para beb\u00e9s\" width=\"815\" height=\"712\" srcset=\"https:\/\/www.mumablue.com\/blog\/wp-content\/uploads\/2020\/07\/Edad-recomendada-Mumablue.jpg 815w, https:\/\/www.mumablue.com\/blog\/wp-content\/uploads\/2020\/07\/Edad-recomendada-Mumablue-300x262.jpg 300w, https:\/\/www.mumablue.com\/blog\/wp-content\/uploads\/2020\/07\/Edad-recomendada-Mumablue-768x671.jpg 768w, https:\/\/www.mumablue.com\/blog\/wp-content\/uploads\/2020\/07\/Edad-recomendada-Mumablue-167x146.jpg 167w, https:\/\/www.mumablue.com\/blog\/wp-content\/uploads\/2020\/07\/Edad-recomendada-Mumablue-50x44.jpg 50w, https:\/\/www.mumablue.com\/blog\/wp-content\/uploads\/2020\/07\/Edad-recomendada-Mumablue-86x75.jpg 86w, https:\/\/www.mumablue.com\/blog\/wp-content\/uploads\/2020\/07\/Edad-recomendada-Mumablue-773x675.jpg 773w\" sizes=\"(max-width: 815px) 100vw, 815px\" \/><\/span><\/h2>\n<p><span style=\"font-weight: 400;\">\u00bfCrees que los cuentos personalizados para beb\u00e9s no aportan nada? <\/span><\/p>\n<p><span style=\"font-weight: 400;\">\u2018\u00c9rase una vez\u2026\u2019 Seguro que, como a la mayor\u00eda de nosotros, esta locuci\u00f3n devuelve a tu memoria momentos entra\u00f1ables. Pap\u00e1s y mam\u00e1s, incluso abuelos y abuelas, comenzaban con ella historias fascinantes. Pues, m\u00e1s all\u00e1 de la pura diversi\u00f3n, nuestros narradores de la infancia <\/span><b>estaban estimulando nuestro sistema de aprendizaje.<\/b><span style=\"font-weight: 400;\">\u00a0<\/span><\/p>\n<p><span style=\"font-weight: 400;\">Del mismo modo, t\u00fa acabar\u00e1s recurriendo al m\u00e1gico \u2018\u00e9rase una vez\u2019 con alg\u00fan ni\u00f1o de tu familia, si no lo has hecho ya. Pero, \u00bfy si te dij\u00e9ramos que puedes ir m\u00e1s all\u00e1 a la hora de despertar el inter\u00e9s por la lectura entre los ni\u00f1os de tu familia? Te invitamos a continuar esta enriquecedora labor con la ayuda de los <\/span><b>cuentos personalizados para beb\u00e9s.<\/b><\/p>\n<h2><span style=\"font-weight: 400;\">Cuentos personalizados para beb\u00e9s<\/span><\/h2>\n<p><span style=\"font-weight: 400;\">En la actualidad, todo marcha a un ritmo fren\u00e9tico. El actual modo de vida, sobre todo en las ciudades, ha\u00a0 ido reduciendo la cantidad de tiempo que realmente pasamos con los hijos. Eso\u00a0 ha dado como resultado que <\/span><b>la buena costumbre de contarles cuentos tambi\u00e9n se haya visto menoscabada.<\/b><\/p>\n<p><span style=\"font-weight: 400;\">\u00a1Es hora de reivindicar que se recupere <\/span><b>\u00a0la sana costumbre de leer emocionantes relatos a nuestros ni\u00f1os!<\/b><\/p>\n<p><span style=\"font-weight: 400;\">Los cuentos para beb\u00e9s originales son una poderosa herramienta con la que\u00a0 <\/span><b>infundir\u00a0 la pasi\u00f3n por la lectura en los ni\u00f1os.<\/b><span style=\"font-weight: 400;\"> Adem\u00e1s, estar\u00e1s favoreciendo a los peques con los grandes beneficios que les aporta leerles cuentos desde que son beb\u00e9s.<\/span><\/p>\n<p><span style=\"font-weight: 400;\">En este sentido, los cuentos personalizados son un gran aliado. Mumablue ofrece <\/span><b>cuentos para beb\u00e9s de un a\u00f1o en adelante <\/b><span style=\"font-weight: 400;\">en los<\/span> <span style=\"font-weight: 400;\">que es posible configurar a los personajes que protagonizan las historias. De este modo, elegir\u00e1s su nombre y avatar, logrando ilustraciones <\/span><b>\u00a0<\/b><span style=\"font-weight: 400;\">a imagen y semejanza del peque, quien aparecer\u00e1 en cada p\u00e1gina del cuento. <\/span><b>Al verse representado, se le despierta un mayor inter\u00e9s por la historia.<\/b><\/p>\n<h2><span style=\"font-weight: 400;\"><a href=\"https:\/\/www.mumablue.com\/blog\/wp-content\/uploads\/2021\/06\/Regalo-original-cumplea\u00f1os-ni\u00f1os.jpg\"><img decoding=\"async\" loading=\"lazy\" class=\"alignnone size-full wp-image-4128\" src=\"https:\/\/www.mumablue.com\/blog\/wp-content\/uploads\/2021\/06\/Regalo-original-cumplea\u00f1os-ni\u00f1os.jpg\" alt=\"cuento personalizado de cumplea\u00f1os\" width=\"500\" height=\"499\" srcset=\"https:\/\/www.mumablue.com\/blog\/wp-content\/uploads\/2021\/06\/Regalo-original-cumplea\u00f1os-ni\u00f1os.jpg 500w, https:\/\/www.mumablue.com\/blog\/wp-content\/uploads\/2021\/06\/Regalo-original-cumplea\u00f1os-ni\u00f1os-300x300.jpg 300w, https:\/\/www.mumablue.com\/blog\/wp-content\/uploads\/2021\/06\/Regalo-original-cumplea\u00f1os-ni\u00f1os-150x150.jpg 150w\" sizes=\"(max-width: 500px) 100vw, 500px\" \/><\/a><\/span><\/h2>\n<h2><span style=\"font-weight: 400;\">Cuentos para beb\u00e9s de dos a\u00f1os<\/span><\/h2>\n<p><span style=\"font-weight: 400;\">Los <\/span><span style=\"font-weight: 400;\">cuentos personalizados para beb\u00e9s<\/span><span style=\"font-weight: 400;\"> de dos a\u00f1os son una buena idea, dado a que a esta edad ya se encuentran inmersos en la etapa del ego o \u201cla identificaci\u00f3n del yo\u201d, un concepto psicol\u00f3gico que habla de c\u00f3mo los ni\u00f1os comienzan a reconocerse con respecto al resto. La etapa del ego comienza antes de los dos a\u00f1os y est\u00e1 relacionada con lo que se conoce como el estadio del espejo, ese momento en el que los beb\u00e9s se reconocen a s\u00ed mismos cuando ven su imagen reflejada. En este sentido, los cuentos personalizados Mumablue pueden contribuir a ese reconocimiento de la propia imagen que comienzan a experimentar los beb\u00e9s entre los 6 y los 18 meses de edad.<\/span><\/p>\n<p>En Mumablue tenemos un cuento personalizado para beb\u00e9s espec\u00edfico, ya que los peques pueden disfrutar de este cuento el mismo d\u00eda en el que cumplen 2 a\u00f1os. Se trata de \u201c<span style=\"color: #3366ff;\"><a style=\"color: #3366ff;\" href=\"https:\/\/www.mumablue.com\/esp\/nuestros-cuentos-personalizados\/cumpleanos\">\u00a1Feliz Cumplea\u00f1os, (Nombre del ni\u00f1o)<\/a>!<\/span>\u201d, el \u00fanico cuento personalizado de cumplea\u00f1os del mundo que se propone como un libro-juego en el que los peques, a trav\u00e9s de las p\u00e1ginas de sencillas ilustraciones con tem\u00e1tica festiva, pueden interactuar y dar pie a lo que ocurre en la p\u00e1gina anterior. \u00a1A ojos de un ni\u00f1o parecer\u00e1 magia!<\/p>\n<p><span style=\"font-weight: 400;\">Dentro del cat\u00e1logo Mumablue, pensando en cuentos para beb\u00e9s de dos a\u00f1os, tambi\u00e9n puede ser una buena idea apostar por \u201c<span style=\"color: #3366ff;\"><a style=\"color: #3366ff;\" href=\"https:\/\/www.mumablue.com\/esp\/nuestros-cuentos-personalizados\/chucheritis-es\">Chucheritis<\/a><\/span>\u201d, que aprovecha al m\u00e1ximo las ventajas de la personalizaci\u00f3n para iniciar en el mundillo de las letras al futuro lector.<\/span><\/p>\n<p><span style=\"font-weight: 400;\">Esta fant\u00e1stica historia ofrece la posibilidad de <\/span><b>personalizar a un beb\u00e9 junto a otro peque de la familia <\/b><span style=\"font-weight: 400;\">o de su entorno. Puedes unir, a trav\u00e9s de las p\u00e1ginas del libro, a hermanos, primos, amiguitos\u2026 Esta alucinante aventura tiene muy en cuenta los detalles que contribuyen a que los ni\u00f1os protagonistas se sientan m\u00e1s identificados con la recreaci\u00f3n de sus im\u00e1genes en el papel.<\/span><\/p>\n<p><span style=\"font-weight: 400;\">Esta es la raz\u00f3n por la que \u2018Chucheritis\u2019 te da la oportunidad de <\/span><b>personalizar la historia con ni\u00f1os pertenecientes a tres etapas evolutivas <\/b><span style=\"font-weight: 400;\">diferentes: beb\u00e9, ni\u00f1o peque\u00f1o y mediano. Sin lugar a duda, cuentas con la posibilidad de que tu beb\u00e9 quede representado en la etapa que le corresponde.<\/span><\/p>\n<p>Otra opci\u00f3n interesante para los ni\u00f1os m\u00e1s peque\u00f1itos es \u00ab<span style=\"color: #3366ff;\"><a style=\"color: #3366ff;\" href=\"https:\/\/www.mumablue.com\/esp\/nuestros-cuentos-personalizados\/juntos-es\">Juntos<\/a><\/span>\u00ab, el cuento personalizado para un ni\u00f1o y uno o dos adultos, en el que se recrean situaciones de la vida cotidiana y en el que el ni\u00f1o compartir\u00e1 protagonismo con sus padres, madres, t\u00edos o abuelos.<\/p>\n<p><span style=\"font-weight: 400;\">Con la representaci\u00f3n de las diferentes etapas del crecimiento de los peque\u00f1os, nos adentramos en el campo de los cuentos para beb\u00e9s de dos a\u00f1os. Ten en cuenta que, a partir de esta edad, los ni\u00f1os ya entienden cuando les leemos una historia. Desde este momento, la relaci\u00f3n de tu hijo con los cuentos va m\u00e1s all\u00e1 de la personalizaci\u00f3n, sobre todo porque <\/span><b>comienza a comprender mejor la narraci\u00f3n.<\/b><\/p>\n<p><span style=\"font-weight: 400;\">En cualquier caso, nos hemos adentrado en el mundo de los cuentos personalizados para beb\u00e9s. Tanto si buscas cuentos para beb\u00e9s de un a\u00f1o o cuentos para beb\u00e9s de dos a\u00f1os, incluso si tu hijo es m\u00e1s mayor, seguir\u00e1 sinti\u00e9ndose fascinado cuando te oiga pronunciar su nombre, y el del otro ni\u00f1o, al leerle la historia. Sin duda, de este modo se consigue una mayor identificaci\u00f3n.<\/span><\/p>\n<h2><span style=\"font-weight: 400;\"><img decoding=\"async\" loading=\"lazy\" class=\"alignnone wp-image-2383 size-full\" src=\"https:\/\/www.mumablue.com\/blog\/wp-content\/uploads\/2020\/07\/Ventajas-cuentos-personalizados-2.jpg\" alt=\"cuentos personalizados para beb\u00e9s\" width=\"815\" height=\"815\" srcset=\"https:\/\/www.mumablue.com\/blog\/wp-content\/uploads\/2020\/07\/Ventajas-cuentos-personalizados-2.jpg 815w, https:\/\/www.mumablue.com\/blog\/wp-content\/uploads\/2020\/07\/Ventajas-cuentos-personalizados-2-300x300.jpg 300w, https:\/\/www.mumablue.com\/blog\/wp-content\/uploads\/2020\/07\/Ventajas-cuentos-personalizados-2-150x150.jpg 150w, https:\/\/www.mumablue.com\/blog\/wp-content\/uploads\/2020\/07\/Ventajas-cuentos-personalizados-2-768x768.jpg 768w, https:\/\/www.mumablue.com\/blog\/wp-content\/uploads\/2020\/07\/Ventajas-cuentos-personalizados-2-624x624.jpg 624w\" sizes=\"(max-width: 815px) 100vw, 815px\" \/><\/span><\/h2>\n<h2><span style=\"font-weight: 400;\">Fomentar el h\u00e1bito de lectura en los ni\u00f1os<\/span><\/h2>\n<p><span style=\"font-weight: 400;\">Es importante que sepas que nuestros cuentos originales para beb\u00e9s te posibilitan el que seas t\u00fa quien decida c\u00f3mo leerlo a tu hijo. <\/span><b>Puedes usar la historia como base y contar una versi\u00f3n simplificada.\u00a0<\/b><\/p>\n<p><span style=\"font-weight: 400;\">As\u00ed, estar\u00e1s leyendo a tu peque\u00f1o <\/span><b>en funci\u00f3n de su capacidad de entendimiento. <\/b><span style=\"font-weight: 400;\">En cualquier caso, la magia no se diluir\u00e1 puesto que el ni\u00f1o, ya de por s\u00ed, encontrar\u00e1 placer y satisfacci\u00f3n al verse mencionado y representado.<\/span><\/p>\n<p><span style=\"font-weight: 400;\">Tal vez pudiera darse el caso de que te preguntes, como pap\u00e1 o mam\u00e1, si los cuentos para beb\u00e9s de un a\u00f1o o los cuentos para beb\u00e9s de dos a\u00f1os son una herramienta demasiado complicada para un ni\u00f1o tan peque\u00f1o.<\/span><\/p>\n<p><span style=\"font-weight: 400;\">La respuesta de los especialistas en el desarrollo del individuo y de los t\u00e9cnicos en pedagog\u00eda no deja lugar a dudas. <\/span><b>Leer cuentos a tus hijos desde edades muy tempranas posee una importante trascendencia.<\/b><span style=\"font-weight: 400;\"> Esta acci\u00f3n rebasa el campo del puro entretenimiento y permite que los peques disfruten de numerosos beneficios. Tanto es as\u00ed que no faltan <span style=\"color: #3366ff;\"><a style=\"color: #3366ff;\" href=\"https:\/\/elpais.com\/elpais\/2018\/04\/23\/mamas_papas\/1524471510_308496.html\" target=\"_blank\" rel=\"noopener noreferrer\">estudios e iniciativas pedi\u00e1tricas que ponen en valor el h\u00e1bito de lectura<\/a><\/span>.<\/span><\/p>\n<p><span style=\"font-weight: 400;\">Siguiendo esta premisa, los\u00a0 cuentos personalizados para beb\u00e9s <\/span><b>fomentan en el ni\u00f1o el h\u00e1bito de la lectura, <\/b><span style=\"font-weight: 400;\">ampl\u00edan su vocabulario, fortalecen los v\u00ednculos afectivos, refuerzan la memoria, trabajan la inteligencia emocional y contribuyen en el proceso de maduraci\u00f3n del peque\u00f1o. Por eso, solo tienes que dedicar un ratito cada d\u00eda para leerle a tu hijo. Disfrutar\u00e9is de un momento muy especial y le inculcar\u00e1s el amor por la lectura.\u00a0<\/span><\/p>\n<p><span style=\"font-weight: 400;\">\u00bfQuieres ver c\u00f3mo quedar\u00eda <span style=\"color: #3366ff;\"><a style=\"color: #3366ff;\" href=\"https:\/\/www.mumablue.com\/esp\/nuestros-cuentos-personalizados\/chucheritis-es\">tu cuento \u201cChucheritis\u201d personalizado<\/a><\/span>? Te invitamos a juguetear un poco personalizando a tu peque. \u00a1Podr\u00e1s leer el cuento completo en la previsualizaci\u00f3n!<\/span><\/p>\n<div style='text-align:left' class='yasr-auto-insert-visitor'><\/div>","protected":false},"excerpt":{"rendered":"<p>\u00bfCrees que los cuentos personalizados para beb\u00e9s no aportan nada? \u2018\u00c9rase una vez\u2026\u2019 Seguro que, como a la mayor\u00eda de nosotros, esta locuci\u00f3n devuelve a tu memoria momentos entra\u00f1ables. Pap\u00e1s y mam\u00e1s, incluso abuelos y abuelas, comenzaban con ella historias fascinantes. Pues, m\u00e1s all\u00e1 de la pura diversi\u00f3n, nuestros narradores de la infancia estaban estimulando [&hellip;]<\/p>\n","protected":false},"author":6,"featured_media":0,"parent":0,"menu_order":0,"comment_status":"closed","ping_status":"closed","template":"","meta":{"yasr_overall_rating":0,"yasr_post_is_review":"","yasr_auto_insert_disabled":"","yasr_review_type":"BlogPosting"},"yasr_visitor_votes":{"number_of_votes":0,"sum_votes":0,"stars_attributes":{"read_only":false,"span_bottom":false}},"yoast_head":"<!-- This site is optimized with the Yoast SEO plugin v14.5 - https:\/\/yoast.com\/wordpress\/plugins\/seo\/ -->\n<meta name=\"description\" content=\"Los cuentos personalizados para beb\u00e9s son un veh\u00edculo ideal para fomentar el h\u00e1bito de la lectura en los ni\u00f1os desde su edad m\u00e1s temprana.\" \/>\n<meta name=\"robots\" content=\"index, follow\" \/>\n<meta name=\"googlebot\" content=\"index, follow, max-snippet:-1, max-image-preview:large, max-video-preview:-1\" \/>\n<meta name=\"bingbot\" content=\"index, follow, max-snippet:-1, max-image-preview:large, max-video-preview:-1\" \/>\n<link rel=\"canonical\" href=\"https:\/\/www.mumablue.com\/blog\/cuentos-personalizados-para-bebes\/\" \/>\n<meta property=\"og:locale\" content=\"es_ES\" \/>\n<meta property=\"og:type\" content=\"article\" \/>\n<meta property=\"og:title\" content=\"Cuentos personalizados para beb\u00e9s: recomendaciones - Blog Mumablue\" \/>\n<meta property=\"og:description\" content=\"Los cuentos personalizados para beb\u00e9s son un veh\u00edculo ideal para fomentar el h\u00e1bito de la lectura en los ni\u00f1os desde su edad m\u00e1s temprana.\" \/>\n<meta property=\"og:url\" content=\"https:\/\/www.mumablue.com\/blog\/cuentos-personalizados-para-bebes\/\" \/>\n<meta property=\"og:site_name\" content=\"Blog Mumablue\" \/>\n<meta property=\"article:publisher\" content=\"https:\/\/www.facebook.com\/mumablue\/\" \/>\n<meta property=\"article:modified_time\" content=\"2021-06-30T12:46:45+00:00\" \/>\n<meta property=\"og:image\" content=\"https:\/\/www.mumablue.com\/blog\/wp-content\/uploads\/2020\/07\/Edad-recomendada-Mumablue.jpg\" \/>\n<meta name=\"twitter:card\" content=\"summary_large_image\" \/>\n<script type=\"application\/ld+json\" class=\"yoast-schema-graph\">{\"@context\":\"https:\/\/schema.org\",\"@graph\":[{\"@type\":\"Organization\",\"@id\":\"https:\/\/www.mumablue.com\/blog\/#organization\",\"name\":\"Mumablue\",\"url\":\"https:\/\/www.mumablue.com\/blog\/\",\"sameAs\":[\"https:\/\/www.facebook.com\/mumablue\/\",\"https:\/\/www.instagram.com\/mumablue\/?hl=es\"],\"logo\":{\"@type\":\"ImageObject\",\"@id\":\"https:\/\/www.mumablue.com\/blog\/#logo\",\"inLanguage\":\"es\",\"url\":\"https:\/\/www.mumablue.com\/blog\/wp-content\/uploads\/2020\/05\/Blog-Mumablue.png\",\"width\":749,\"height\":269,\"caption\":\"Mumablue\"},\"image\":{\"@id\":\"https:\/\/www.mumablue.com\/blog\/#logo\"}},{\"@type\":\"WebSite\",\"@id\":\"https:\/\/www.mumablue.com\/blog\/#website\",\"url\":\"https:\/\/www.mumablue.com\/blog\/\",\"name\":\"Blog Mumablue\",\"description\":\"Un blog de cuentos y audiocuentos gratis para ni\\u00f1os.\",\"publisher\":{\"@id\":\"https:\/\/www.mumablue.com\/blog\/#organization\"},\"potentialAction\":[{\"@type\":\"SearchAction\",\"target\":\"https:\/\/www.mumablue.com\/blog\/?s={search_term_string}\",\"query-input\":\"required name=search_term_string\"}],\"inLanguage\":\"es\"},{\"@type\":\"ImageObject\",\"@id\":\"https:\/\/www.mumablue.com\/blog\/cuentos-personalizados-para-bebes\/#primaryimage\",\"inLanguage\":\"es\",\"url\":\"https:\/\/www.mumablue.com\/blog\/wp-content\/uploads\/2020\/07\/Edad-recomendada-Mumablue.jpg\",\"width\":815,\"height\":712,\"caption\":\"cuentos personalizados para beb\\u00e9s\"},{\"@type\":\"WebPage\",\"@id\":\"https:\/\/www.mumablue.com\/blog\/cuentos-personalizados-para-bebes\/#webpage\",\"url\":\"https:\/\/www.mumablue.com\/blog\/cuentos-personalizados-para-bebes\/\",\"name\":\"Cuentos personalizados para beb\\u00e9s: recomendaciones - Blog Mumablue\",\"isPartOf\":{\"@id\":\"https:\/\/www.mumablue.com\/blog\/#website\"},\"primaryImageOfPage\":{\"@id\":\"https:\/\/www.mumablue.com\/blog\/cuentos-personalizados-para-bebes\/#primaryimage\"},\"datePublished\":\"2020-08-04T16:01:12+00:00\",\"dateModified\":\"2021-06-30T12:46:45+00:00\",\"description\":\"Los cuentos personalizados para beb\\u00e9s son un veh\\u00edculo ideal para fomentar el h\\u00e1bito de la lectura en los ni\\u00f1os desde su edad m\\u00e1s temprana.\",\"inLanguage\":\"es\",\"potentialAction\":[{\"@type\":\"ReadAction\",\"target\":[\"https:\/\/www.mumablue.com\/blog\/cuentos-personalizados-para-bebes\/\"]}]}]}<\/script>\n<!-- \/ Yoast SEO plugin. -->","_links":{"self":[{"href":"https:\/\/www.mumablue.com\/blog\/wp-json\/wp\/v2\/pages\/2405"}],"collection":[{"href":"https:\/\/www.mumablue.com\/blog\/wp-json\/wp\/v2\/pages"}],"about":[{"href":"https:\/\/www.mumablue.com\/blog\/wp-json\/wp\/v2\/types\/page"}],"author":[{"embeddable":true,"href":"https:\/\/www.mumablue.com\/blog\/wp-json\/wp\/v2\/users\/6"}],"replies":[{"embeddable":true,"href":"https:\/\/www.mumablue.com\/blog\/wp-json\/wp\/v2\/comments?post=2405"}],"version-history":[{"count":7,"href":"https:\/\/www.mumablue.com\/blog\/wp-json\/wp\/v2\/pages\/2405\/revisions"}],"predecessor-version":[{"id":4329,"href":"https:\/\/www.mumablue.com\/blog\/wp-json\/wp\/v2\/pages\/2405\/revisions\/4329"}],"wp:attachment":[{"href":"https:\/\/www.mumablue.com\/blog\/wp-json\/wp\/v2\/media?parent=2405"}],"curies":[{"name":"wp","href":"https:\/\/api.w.org\/{rel}","templated":true}]}}