{"id":2403,"date":"2020-08-04T15:55:24","date_gmt":"2020-08-04T15:55:24","guid":{"rendered":"https:\/\/mumablue.com\/blog\/?page_id=2403"},"modified":"2020-08-04T15:55:24","modified_gmt":"2020-08-04T15:55:24","slug":"cuentos-personalizados-de-superheroes-para-ninos","status":"publish","type":"page","link":"https:\/\/www.mumablue.com\/blog\/cuentos-personalizados-de-superheroes-para-ninos\/","title":{"rendered":"Cuentos personalizados de superh\u00e9roes para ni\u00f1os"},"content":{"rendered":"<p><img decoding=\"async\" loading=\"lazy\" class=\"alignnone wp-image-2410 size-full\" src=\"https:\/\/www.mumablue.com\/blog\/wp-content\/uploads\/2020\/08\/Cuentos-superh\u00e9roes-ni\u00f1as.jpg\" alt=\"cuentos personalizados de superh\u00e9roes para ni\u00f1os\" width=\"815\" height=\"815\" srcset=\"https:\/\/www.mumablue.com\/blog\/wp-content\/uploads\/2020\/08\/Cuentos-superh\u00e9roes-ni\u00f1as.jpg 815w, https:\/\/www.mumablue.com\/blog\/wp-content\/uploads\/2020\/08\/Cuentos-superh\u00e9roes-ni\u00f1as-300x300.jpg 300w, https:\/\/www.mumablue.com\/blog\/wp-content\/uploads\/2020\/08\/Cuentos-superh\u00e9roes-ni\u00f1as-150x150.jpg 150w, https:\/\/www.mumablue.com\/blog\/wp-content\/uploads\/2020\/08\/Cuentos-superh\u00e9roes-ni\u00f1as-768x768.jpg 768w, https:\/\/www.mumablue.com\/blog\/wp-content\/uploads\/2020\/08\/Cuentos-superh\u00e9roes-ni\u00f1as-624x624.jpg 624w\" sizes=\"(max-width: 815px) 100vw, 815px\" \/><\/p>\n<p>Los cuentos personalizados de superh\u00e9roes para ni\u00f1os tienen m\u00e1s ventajas de las que crees.<strong>\u00bfQui\u00e9n no ha deseado alguna vez poseer incre\u00edbles superpoderes?<\/strong> Salvar el mundo y acabar con los malvados villanos es una de las fantas\u00edas que a diario copa los sue\u00f1os de millones de peques de todo el mundo. Los cuentos personalizados de superh\u00e9roes para ni\u00f1os convertir\u00e1n a tus chiquitines en los protagonistas de las m\u00e1s incre\u00edbles haza\u00f1as.<\/p>\n<h2>Cuentos personalizados de superh\u00e9roes para ni\u00f1os<\/h2>\n<p>Los superh\u00e9roes desempe\u00f1an una funci\u00f3n fundamental durante el crecimiento de los chavales, sobre todo de los m\u00e1s peque\u00f1ines. La raz\u00f3n principal reside en el hecho de que estas figuras <strong>pueden ejercer una influencia muy positiva en el curso de su desarrollo.<\/strong><br \/>\nPr\u00e1cticamente cada ni\u00f1o tiene un personaje al que idolatra y que se ve engrandecido por un conjunto de poderosas habilidades capaces de acabar con las tretas de cualquier malo mal\u00edsimo.<\/p>\n<p>Desde muy peque\u00f1os, nuestros hijos se adentran en territorios inexplorados creados por su propia imaginaci\u00f3n. En esos mundos alternativos,<strong> los chicos se atribuyen capacidades \u00fanicas y extraordinarias<\/strong> que les permiten ayudar a la gente. Son \u00eddolos cualificados para lidiar con cualquier adversidad.<\/p>\n<p>Los expertos en pedagog\u00eda han constatado que, a trav\u00e9s de los cuentos de superh\u00e9roes, los m\u00e1s peque\u00f1os consiguen poner orden en parcelas tan importantes como<strong> su propia identidad, su capacidad imaginativa y sus recursos personales<\/strong> para estimular la socializaci\u00f3n.<br \/>\nAdem\u00e1s, en el \u00e1rea cognitiva, los regalos para ni\u00f1os de superh\u00e9roes permiten que los chicos valoren las habilidades especiales de sus admirados personajes. De este modo, tambi\u00e9n se percibe una estimulaci\u00f3n del lenguaje de los peques y un considerable desarrollo de la habilidad para resultar m\u00e1s resolutivos frente a los problemas.<\/p>\n<p>En este sentido, se advierte c\u00f3mo los cuentos de superh\u00e9roes despiertan el inter\u00e9s de los ni\u00f1os por materias relacionadas con <strong>la ciencia, los avances tecnol\u00f3gicos, la ingenier\u00eda y los problemas matem\u00e1ticos<\/strong>. No cabe duda de que los cuentos personalizados de superh\u00e9roes se convierten en una herramienta muy \u00fatil para estimular la curiosidad y las capacidades de nuestros hijos.<\/p>\n<h2><img decoding=\"async\" loading=\"lazy\" class=\"alignnone wp-image-2407 size-full\" src=\"https:\/\/www.mumablue.com\/blog\/wp-content\/uploads\/2020\/08\/Cuento-de-superh\u00e9roes.jpg\" alt=\"cuentos personalizados de superh\u00e9roes para ni\u00f1os\" width=\"815\" height=\"302\" srcset=\"https:\/\/www.mumablue.com\/blog\/wp-content\/uploads\/2020\/08\/Cuento-de-superh\u00e9roes.jpg 815w, https:\/\/www.mumablue.com\/blog\/wp-content\/uploads\/2020\/08\/Cuento-de-superh\u00e9roes-300x111.jpg 300w, https:\/\/www.mumablue.com\/blog\/wp-content\/uploads\/2020\/08\/Cuento-de-superh\u00e9roes-768x285.jpg 768w, https:\/\/www.mumablue.com\/blog\/wp-content\/uploads\/2020\/08\/Cuento-de-superh\u00e9roes-624x231.jpg 624w\" sizes=\"(max-width: 815px) 100vw, 815px\" \/><\/h2>\n<h2>\u201dSuperpoderes\u201d, un cuento de superh\u00e9roes con valores<\/h2>\n<p>Como puedes ver, estas historias son una manera fant\u00e1stica de inculcar a los peques el amor por los libros y, a la vez, estimular y desarrollar sus habilidades. \u00a1Es m\u00e1gico!<br \/>\nUna buena muestra de ello puedes encontrarla en los cuentos personalizados de superh\u00e9roes para ni\u00f1os de <span style=\"color: #3366ff;\"><a style=\"color: #3366ff;\" href=\"https:\/\/www.mumablue.com\/usa\/our-personalized-books\/sweet-heroes-ae\"><span style=\"font-weight: 400;\">Mumablue<\/span><\/a><\/span>. La editorial cuenta con un t\u00edtulo muy atractivo que, adem\u00e1s,<strong> llega cargado de extraordinarios valores.<\/strong><\/p>\n<p><a href=\"https:\/\/www.mumablue.com\/esp\/nuestros-cuentos-personalizados\/superpoderes\"><b><span style=\"color: #3366ff;\">\u201cSuperpoderes\u201d<\/span><\/b><\/a>\u00a0<strong>convertir\u00e1 a tu hijo en el aut\u00e9ntico h\u00e9roe de esta alucinante historia. El protagonista<\/strong>, con todas las caracter\u00edsticas f\u00edsicas del peque, asistir\u00e1 al D\u00eda de los Inventos. Inventores de todo el planeta han acudido a esta cita con los cachivaches m\u00e1s descabellados.<br \/>\nNo cabe duda de que el artilugio m\u00e1s incre\u00edble es el Podereitor, un ingenio capaz de otorgar los superpoderes m\u00e1s impresionantes. Sin embargo, un incidente har\u00e1 que el prota deba tomar cartas en el asunto. Para controlar la situaci\u00f3n deber\u00e1 echar mano de todos aquellos superpoderes que ya llevaba dentro: fuerza, paciencia, valent\u00eda, inteligencia\u2026<\/p>\n<p>El mensaje del cuento de superh\u00e9roes de Mumablue muestra a los peque\u00f1os que los aut\u00e9nticos superpoderes se encuentran en su interior y que solo han de esperar la ocasi\u00f3n en que deben utilizarlos. <span style=\"color: #0000ff;\"><a style=\"color: #0000ff;\" href=\"https:\/\/www.europapress.es\/cultura\/libros-00132\/noticia-mumablue-lanza-superpoderes-cuento-nuevo-personalizado-ninos-20200423165816.html\" target=\"_blank\" rel=\"noopener noreferrer\">Con \u201cSuperpoderes\u201d, <\/a><\/span><strong><span style=\"color: #0000ff;\">el ni\u00f1o apreciar\u00e1 el valor de la valent\u00eda, el compa\u00f1erismo y la autoconfianza<\/span>.<\/strong><\/p>\n<h2>Cuentos personalizados de superh\u00e9roes para ni\u00f1as<\/h2>\n<p>En esta ocasi\u00f3n, debes saber que la historia no se centra \u00fanicamente en el mundo de los cuentos personalizados de superh\u00e9roes para ni\u00f1os. \u201cSuperpoderes\u201d es tambi\u00e9n un cuento que <strong>fomenta la igualdad entre chicos y chicas.<\/strong> Puedes personalizar el libro con las caracter\u00edsticas y el nombre de tu hija, tu sobrina, tu nieta\u2026<\/p>\n<p><strong>Muchas ni\u00f1as tambi\u00e9n sue\u00f1an con desarrollar poderes extraordinarios<\/strong>. Los cuentos para superhero\u00ednas est\u00e1n ocupando su espacio gracias a personajes que se han popularizado en los \u00faltimos a\u00f1os. Es el caso de Ladybug, Supergirl o Wonderwoman. Gracias a ellas se ha extendido el lema \u201clas chicas al poder\u201d.<\/p>\n<p>Siguiendo esta estela, el cuento de Mumablue <strong>es del todo inclusivo y huye de los roles tradicionales de g\u00e9nero de los cuentos cl\u00e1sicos<\/strong>. Nuestras peque\u00f1as tambi\u00e9n pueden dejar volar su imaginaci\u00f3n y descubrir todos esos superpoderes que llevan dentro.<\/p>\n<p>De esta manera, ni\u00f1os y ni\u00f1as disfrutan de su gran pasi\u00f3n por los superh\u00e9roes y las superhero\u00ednas. \u00a1Les fascina todo lo que tiene que ver con estos personajes y adoran los regalos de superh\u00e9roes! <strong>\u00bfQu\u00e9 mejor regalo de superh\u00e9roes que un cuento?<\/strong> Protagonizar\u00e1n las aventuras de sus adorados personajes y, al mismo tiempo, estar\u00e1n desarrollando su amor por los libros y la lectura. No cabe duda de que los<span style=\"color: #3366ff;\"> <span style=\"font-weight: 400;\"><span style=\"color: #333333;\">cuentos personalizados de superh\u00e9roes para ni\u00f1os<\/span><\/span><\/span>\u00a0poseen todos los ingredientes para despertar la curiosidad de los peques.<\/p>\n<p>\u00bfQuieres ver c\u00f3mo quedar\u00eda tu cuento de <span style=\"color: #3366ff;\"><a style=\"color: #3366ff;\" href=\"https:\/\/www.mumablue.com\/esp\/nuestros-cuentos-personalizados\/superpoderes\/\">\u201cSuperpoderes\u201d personalizado<\/a><\/span>? \u00a1Desc\u00fabrelo en un pisp\u00e1s!<\/p>\n<div style='text-align:left' class='yasr-auto-insert-visitor'><\/div>","protected":false},"excerpt":{"rendered":"<p>Los cuentos personalizados de superh\u00e9roes para ni\u00f1os tienen m\u00e1s ventajas de las que crees.\u00bfQui\u00e9n no ha deseado alguna vez poseer incre\u00edbles superpoderes? Salvar el mundo y acabar con los malvados villanos es una de las fantas\u00edas que a diario copa los sue\u00f1os de millones de peques de todo el mundo. Los cuentos personalizados de superh\u00e9roes [&hellip;]<\/p>\n","protected":false},"author":6,"featured_media":0,"parent":0,"menu_order":0,"comment_status":"closed","ping_status":"closed","template":"","meta":{"yasr_overall_rating":0,"yasr_post_is_review":"","yasr_auto_insert_disabled":"","yasr_review_type":"BlogPosting"},"yasr_visitor_votes":{"number_of_votes":0,"sum_votes":0,"stars_attributes":{"read_only":false,"span_bottom":false}},"yoast_head":"<!-- This site is optimized with the Yoast SEO plugin v14.5 - https:\/\/yoast.com\/wordpress\/plugins\/seo\/ -->\n<meta name=\"description\" content=\"&quot;Superpoderes&quot; es uno de los cuentos personalizados de superh\u00e9roes para ni\u00f1os que m\u00e1s gustan: el ni\u00f1o es el protaconista, es educativo y rico en valores.\" \/>\n<meta name=\"robots\" content=\"index, follow\" \/>\n<meta name=\"googlebot\" content=\"index, follow, max-snippet:-1, max-image-preview:large, max-video-preview:-1\" \/>\n<meta name=\"bingbot\" content=\"index, follow, max-snippet:-1, max-image-preview:large, max-video-preview:-1\" \/>\n<link rel=\"canonical\" href=\"https:\/\/www.mumablue.com\/blog\/cuentos-personalizados-de-superheroes-para-ninos\/\" \/>\n<meta property=\"og:locale\" content=\"es_ES\" \/>\n<meta property=\"og:type\" content=\"article\" \/>\n<meta property=\"og:title\" content=\"Cuentos personalizados de superh\u00e9roes para ni\u00f1os - Blog Mumablue\" \/>\n<meta property=\"og:description\" content=\"&quot;Superpoderes&quot; es uno de los cuentos personalizados de superh\u00e9roes para ni\u00f1os que m\u00e1s gustan: el ni\u00f1o es el protaconista, es educativo y rico en valores.\" \/>\n<meta property=\"og:url\" content=\"https:\/\/www.mumablue.com\/blog\/cuentos-personalizados-de-superheroes-para-ninos\/\" \/>\n<meta property=\"og:site_name\" content=\"Blog Mumablue\" \/>\n<meta property=\"article:publisher\" content=\"https:\/\/www.facebook.com\/mumablue\/\" \/>\n<meta property=\"og:image\" content=\"https:\/\/www.mumablue.com\/blog\/wp-content\/uploads\/2020\/08\/Cuentos-superh\u00e9roes-ni\u00f1as.jpg\" \/>\n<meta name=\"twitter:card\" content=\"summary_large_image\" \/>\n<script type=\"application\/ld+json\" class=\"yoast-schema-graph\">{\"@context\":\"https:\/\/schema.org\",\"@graph\":[{\"@type\":\"Organization\",\"@id\":\"https:\/\/www.mumablue.com\/blog\/#organization\",\"name\":\"Mumablue\",\"url\":\"https:\/\/www.mumablue.com\/blog\/\",\"sameAs\":[\"https:\/\/www.facebook.com\/mumablue\/\",\"https:\/\/www.instagram.com\/mumablue\/?hl=es\"],\"logo\":{\"@type\":\"ImageObject\",\"@id\":\"https:\/\/www.mumablue.com\/blog\/#logo\",\"inLanguage\":\"es\",\"url\":\"https:\/\/www.mumablue.com\/blog\/wp-content\/uploads\/2020\/05\/Blog-Mumablue.png\",\"width\":749,\"height\":269,\"caption\":\"Mumablue\"},\"image\":{\"@id\":\"https:\/\/www.mumablue.com\/blog\/#logo\"}},{\"@type\":\"WebSite\",\"@id\":\"https:\/\/www.mumablue.com\/blog\/#website\",\"url\":\"https:\/\/www.mumablue.com\/blog\/\",\"name\":\"Blog Mumablue\",\"description\":\"Un blog de cuentos y audiocuentos gratis para ni\\u00f1os.\",\"publisher\":{\"@id\":\"https:\/\/www.mumablue.com\/blog\/#organization\"},\"potentialAction\":[{\"@type\":\"SearchAction\",\"target\":\"https:\/\/www.mumablue.com\/blog\/?s={search_term_string}\",\"query-input\":\"required name=search_term_string\"}],\"inLanguage\":\"es\"},{\"@type\":\"ImageObject\",\"@id\":\"https:\/\/www.mumablue.com\/blog\/cuentos-personalizados-de-superheroes-para-ninos\/#primaryimage\",\"inLanguage\":\"es\",\"url\":\"https:\/\/www.mumablue.com\/blog\/wp-content\/uploads\/2020\/08\/Cuentos-superh\\u00e9roes-ni\\u00f1as.jpg\",\"width\":815,\"height\":815,\"caption\":\"cuentos personalizados de superh\\u00e9roes para ni\\u00f1os\"},{\"@type\":\"WebPage\",\"@id\":\"https:\/\/www.mumablue.com\/blog\/cuentos-personalizados-de-superheroes-para-ninos\/#webpage\",\"url\":\"https:\/\/www.mumablue.com\/blog\/cuentos-personalizados-de-superheroes-para-ninos\/\",\"name\":\"Cuentos personalizados de superh\\u00e9roes para ni\\u00f1os - Blog Mumablue\",\"isPartOf\":{\"@id\":\"https:\/\/www.mumablue.com\/blog\/#website\"},\"primaryImageOfPage\":{\"@id\":\"https:\/\/www.mumablue.com\/blog\/cuentos-personalizados-de-superheroes-para-ninos\/#primaryimage\"},\"datePublished\":\"2020-08-04T15:55:24+00:00\",\"dateModified\":\"2020-08-04T15:55:24+00:00\",\"description\":\"\\\"Superpoderes\\\" es uno de los cuentos personalizados de superh\\u00e9roes para ni\\u00f1os que m\\u00e1s gustan: el ni\\u00f1o es el protaconista, es educativo y rico en valores.\",\"inLanguage\":\"es\",\"potentialAction\":[{\"@type\":\"ReadAction\",\"target\":[\"https:\/\/www.mumablue.com\/blog\/cuentos-personalizados-de-superheroes-para-ninos\/\"]}]}]}<\/script>\n<!-- \/ Yoast SEO plugin. -->","_links":{"self":[{"href":"https:\/\/www.mumablue.com\/blog\/wp-json\/wp\/v2\/pages\/2403"}],"collection":[{"href":"https:\/\/www.mumablue.com\/blog\/wp-json\/wp\/v2\/pages"}],"about":[{"href":"https:\/\/www.mumablue.com\/blog\/wp-json\/wp\/v2\/types\/page"}],"author":[{"embeddable":true,"href":"https:\/\/www.mumablue.com\/blog\/wp-json\/wp\/v2\/users\/6"}],"replies":[{"embeddable":true,"href":"https:\/\/www.mumablue.com\/blog\/wp-json\/wp\/v2\/comments?post=2403"}],"version-history":[{"count":4,"href":"https:\/\/www.mumablue.com\/blog\/wp-json\/wp\/v2\/pages\/2403\/revisions"}],"predecessor-version":[{"id":4904,"href":"https:\/\/www.mumablue.com\/blog\/wp-json\/wp\/v2\/pages\/2403\/revisions\/4904"}],"wp:attachment":[{"href":"https:\/\/www.mumablue.com\/blog\/wp-json\/wp\/v2\/media?parent=2403"}],"curies":[{"name":"wp","href":"https:\/\/api.w.org\/{rel}","templated":true}]}}