{"id":2375,"date":"2020-07-30T17:15:15","date_gmt":"2020-07-30T17:15:15","guid":{"rendered":"https:\/\/mumablue.com\/blog\/?page_id=2375"},"modified":"2020-07-30T17:15:15","modified_gmt":"2020-07-30T17:15:15","slug":"beneficios-de-los-cuentos-personalizados","status":"publish","type":"page","link":"https:\/\/www.mumablue.com\/blog\/beneficios-de-los-cuentos-personalizados\/","title":{"rendered":"Beneficios de los cuentos personalizados"},"content":{"rendered":"<p><img decoding=\"async\" loading=\"lazy\" class=\"alignnone wp-image-2383 size-full\" src=\"https:\/\/www.mumablue.com\/blog\/wp-content\/uploads\/2020\/07\/Ventajas-cuentos-personalizados-2.jpg\" alt=\"Beneficios de los cuentos personalizados\" width=\"815\" height=\"815\" srcset=\"https:\/\/www.mumablue.com\/blog\/wp-content\/uploads\/2020\/07\/Ventajas-cuentos-personalizados-2.jpg 815w, https:\/\/www.mumablue.com\/blog\/wp-content\/uploads\/2020\/07\/Ventajas-cuentos-personalizados-2-300x300.jpg 300w, https:\/\/www.mumablue.com\/blog\/wp-content\/uploads\/2020\/07\/Ventajas-cuentos-personalizados-2-150x150.jpg 150w, https:\/\/www.mumablue.com\/blog\/wp-content\/uploads\/2020\/07\/Ventajas-cuentos-personalizados-2-768x768.jpg 768w, https:\/\/www.mumablue.com\/blog\/wp-content\/uploads\/2020\/07\/Ventajas-cuentos-personalizados-2-624x624.jpg 624w\" sizes=\"(max-width: 815px) 100vw, 815px\" \/><\/p>\n<p>Los beneficios de los cuentos personalizados son muchos, empezando porque convertir a un ni\u00f1o en el protagonista absoluto de un relato hace que se despierte en \u00e9l un gran inter\u00e9s por la historia, <b>conectando de manera inconsciente con el placer de la lectura.<\/b><span style=\"font-weight: 400;\"> En Mumablue fuimos pioneros en este tipo de cuentos, cuando nos dimos cuenta de que la personalizaci\u00f3n favorec\u00eda que los ni\u00f1os se identificaran al m\u00e1ximo con el protagonista y se implicaran en mayor grado en el relato.<\/span><\/p>\n<p><span style=\"font-weight: 400;\">El \u00e9xito ha sido tal, que, tal y como corrobora la revista Business Insider, <\/span><span style=\"font-weight: 400;\">miles<\/span><span style=\"font-weight: 400;\"> de ni\u00f1os en diversos pa\u00edses del mundo ya <span style=\"color: #3366ff;\"><a style=\"color: #3366ff;\" href=\"https:\/\/www.businessinsider.es\/mumablue-permite-ninos-sean-protagonistas-cuentos-671389\" target=\"_blank\" rel=\"noopener noreferrer\">disfrutan de los beneficios de los cuentos personalizados Mumable<\/a><\/span>, una empresa nacida en Espa\u00f1a que ya triunfa en pa\u00edses como Estados Unidos, Reino Unido o Alemania, entre muchos otros. Una de las m\u00e1s importantes ventajas de los cuentos personalizados es que despiertan el inter\u00e9s por la lectura, permiten <\/span><b>crear un hist\u00f3rico de la evoluci\u00f3n de los ni\u00f1os o que hacen posible aprender jugando<\/b><span style=\"font-weight: 400;\">. \u00bfQuieres saber m\u00e1s? Te explicamos los porqu\u00e9s a continuaci\u00f3n.<\/span><\/p>\n<h2><span style=\"font-weight: 400;\">\u00bfCu\u00e1les son los beneficios de los cuentos personalizados y por qu\u00e9?<\/span><\/h2>\n<h3><span style=\"font-weight: 400;\">Cuentos que despiertan el inter\u00e9s por la lectura<\/span><\/h3>\n<p><b>Los cuentos personalizados convierten al ni\u00f1o en protagonista de la historia<\/b><span style=\"font-weight: 400;\">. En el caso de los cuentos Mumablue, no \u00fanicamente a partir de su nombre, sino tambi\u00e9n mediante su representaci\u00f3n en las ilustraciones. Esto es posible gracias a una avanzada tecnolog\u00eda que permite combinar diferentes rasgos o caracter\u00edsticas f\u00edsicas y generar una representaci\u00f3n fidedigna del ni\u00f1o protagonista de la historia, lo que da como resultado una <\/span><b>cuidada y colorida ilustraci\u00f3n a su imagen y semejanza.<\/b><\/p>\n<p><span style=\"font-weight: 400;\">Al verse reflejado, <\/span><b>el ni\u00f1o experimenta un inter\u00e9s inmediato en el relato<\/b><span style=\"font-weight: 400;\"> y su atenci\u00f3n se ve incrementada a lo largo del desarrollo de la historia gracias a la identificaci\u00f3n. El inter\u00e9s en la lectura es algo que comienza en una fase muy temprana, mucho antes de que los ni\u00f1os aprendan a leer. <\/span><b>Los expertos recomiendan leer cuentos a diario a nuestros hijos <\/b><span style=\"font-weight: 400;\">desde que son muy peque\u00f1os, ya que ayudar\u00e1 a generar un h\u00e1bito lector en el futuro. Despertar el inter\u00e9s por la lectura es uno de los mayores beneficios de los cuentos personalizados.\u00a0<\/span><\/p>\n<h3><span style=\"font-weight: 400;\">Aprenden jugando<\/span><\/h3>\n<p><span style=\"font-weight: 400;\">Los cuentos personalizados Mumablue <\/span><b>se escriben con una finalidad educativa<\/b><span style=\"font-weight: 400;\"> clara. As\u00ed, ofrecen informaci\u00f3n sobre el mundo que rodea a los peque\u00f1os no s\u00f3lo a trav\u00e9s de la propia historia, sino tambi\u00e9n gracias a la secci\u00f3n \u201cTe gustar\u00e1 saber que\u201d. Est\u00e1n concebidos para educar, por lo que cada uno de los cuentos construye su historia sobre tres <\/span><b>valores b\u00e1sicos para el desarrollo emocional y la convivencia<\/b><span style=\"font-weight: 400;\">. Pero, si bien estos son beneficios de inter\u00e9s para los padres, no es sino el componente l\u00fadico lo que verdaderamente hace atractivos los cuentos Mumablue a ojos de los m\u00e1s peque\u00f1os.<\/span><\/p>\n<p><span style=\"font-weight: 400;\">El mero hecho de estar personalizados y convertir en protagonista al ni\u00f1o que recibe el cuento tiene una importante funci\u00f3n l\u00fadica: l<\/span><b>os ni\u00f1os abordan nuestros cuentos personalizados como si se tratara de un juego<\/b><span style=\"font-weight: 400;\">. Adem\u00e1s, cada uno de los cuentos incluye, al final, una doble p\u00e1gina dedicada al reto del \u201cbusca y encuentra\u201d, donde los m\u00e1s peque\u00f1os pueden localizar elementos o personajes relacionados con la historia reci\u00e9n contada, afianzando as\u00ed su conocimiento.<\/span><\/p>\n<h3><span style=\"font-weight: 400;\">Una colecci\u00f3n que refleja su evoluci\u00f3n<\/span><\/h3>\n<p><span style=\"font-weight: 400;\">Otro de los beneficios de los cuentos personalizados es que <\/span><b>van reflejando los cambios del ni\u00f1o protagonista a lo largo de los a\u00f1os. <\/b><span style=\"font-weight: 400;\">As\u00ed, es posible crear una colecci\u00f3n en la que se ve c\u00f3mo el peque\u00f1o va creciendo y experimentando cambios en su peinado, su color de pelo, su ropa o los accesorios que habitualmente utiliza.\u00a0<\/span><\/p>\n<p><span style=\"font-weight: 400;\">Al contar con varios t\u00edtulos, como es el caso de Mumablue, es posible crear diversos cuentos adecuados para ni\u00f1os de entre los dos y los nueve a\u00f1os, e incluso <\/span><b>incluir a un hermano o hermana, gracias a los cuentos personalizados con dos protagonistas<\/b><span style=\"font-weight: 400;\"> como \u201c<\/span><span style=\"color: #3366ff;\"><a style=\"color: #3366ff;\" href=\"https:\/\/www.mumablue.com\/esp\/nuestros-cuentos-personalizados\/chucheritis-es\"><span style=\"font-weight: 400;\">Chucheritis<\/span><\/a><\/span><span style=\"font-weight: 400;\">\u201d. Esto resulta finalmente en una preciosa colecci\u00f3n en la que, a modo de diario, es posible apreciar la evoluci\u00f3n del ni\u00f1o durante la etapa de crecimiento m\u00e1s importante. \u00a1Sin duda ser\u00e1 un precioso recuerdo para toda la vida!<\/span><\/p>\n<h3><span style=\"font-weight: 400;\">\u00a0<\/span><span style=\"font-weight: 400;\">Un regalo original y \u00fanico<\/span><\/h3>\n<p><span style=\"font-weight: 400;\">Tanto los ni\u00f1os que lo reciben como sus padres quedan encantados con la idea de un cuento personalizado. <\/span><b>Se trata de un regalo \u00fanico<\/b><span style=\"font-weight: 400;\">: del mismo modo que no hay dos ni\u00f1os iguales, no hay dos cuentos personalizados Mumablue que sean iguales. Estos cuentos personalizados permiten caracterizar a cualquier ni\u00f1o gracias a los diferentes tipos de pelo, peinados, ojos, ropa, altura, complexi\u00f3n o accesorios, lo que<\/span><b> da como resultado m\u00e1s de 400.000 combinaciones posibles.<\/b><span style=\"font-weight: 400;\">\u00a0Si a eso le a\u00f1adimos la variante del nombre, no nos equivocamos al decir que cada uno de los cuentos Mumablue es \u00fanico y personal.<\/span><\/p>\n<p><span style=\"font-weight: 400;\">A la hora de hacer un regalo, el mayor de los beneficios de los cuentos personalizados es que nunca decepciona. <\/span><b>Se trata de un detalle sorprendente y original<\/b><span style=\"font-weight: 400;\"> que, adem\u00e1s de permitir que los ni\u00f1os se diviertan mientras aprenden y se educan en valores, hace pensar que nos hemos esforzado por complacer, tom\u00e1ndonos un tiempo en personalizar una historia que s<\/span><b>er\u00e1 un recuerdo para toda la vida.<\/b><\/p>\n<h2><span style=\"font-weight: 400;\">Los cuentos Mumablue hablan por s\u00ed solos de los beneficios de los cuentos personalizados <\/span><\/h2>\n<p><span style=\"font-weight: 400;\">\u00bfQuieres comenzar ya a disfrutar de todos estos beneficios de los cuentos personalizados? Pues piensa en un ni\u00f1o, <strong>entra en <\/strong><\/span><strong><span style=\"color: #3366ff;\"><a style=\"color: #3366ff;\" href=\"https:\/\/www.mumablue.com\/\">Mumablue<\/a><\/span> y <\/strong><b>caracteriza al peque\u00f1o protagonista<\/b><span style=\"font-weight: 400;\">. \u00a1T\u00fa pasar\u00e1s un rato divertido creando el personaje a semejanza del ni\u00f1o, y \u00e9l recibir\u00e1 una sorpresa alucinante! \u00bfQuieres sabes <span style=\"color: #3366ff;\"><a style=\"color: #3366ff;\" href=\"https:\/\/www.mumablue.com\/blog\/como-son-los-cuentos-mumablue\/\">c\u00f3mo son los cuentos Mumablue<\/a><\/span>? Te lo contamos con todo detalle.<\/span><\/p>\n<div style='text-align:left' class='yasr-auto-insert-visitor'><\/div>","protected":false},"excerpt":{"rendered":"<p>Los beneficios de los cuentos personalizados son muchos, empezando porque convertir a un ni\u00f1o en el protagonista absoluto de un relato hace que se despierte en \u00e9l un gran inter\u00e9s por la historia, conectando de manera inconsciente con el placer de la lectura. En Mumablue fuimos pioneros en este tipo de cuentos, cuando nos dimos [&hellip;]<\/p>\n","protected":false},"author":6,"featured_media":0,"parent":0,"menu_order":0,"comment_status":"closed","ping_status":"closed","template":"","meta":{"yasr_overall_rating":0,"yasr_post_is_review":"","yasr_auto_insert_disabled":"","yasr_review_type":"BlogPosting"},"yasr_visitor_votes":{"number_of_votes":0,"sum_votes":0,"stars_attributes":{"read_only":false,"span_bottom":false}},"yoast_head":"<!-- This site is optimized with the Yoast SEO plugin v14.5 - https:\/\/yoast.com\/wordpress\/plugins\/seo\/ -->\n<meta name=\"description\" content=\"Los cuentos personalizados tienen muchos beneficios relacionados con la educaci\u00f3n y el fomento del h\u00e1bito de la lectura. Descubre por qu\u00e9 son buenos.\" \/>\n<meta name=\"robots\" content=\"index, follow\" \/>\n<meta name=\"googlebot\" content=\"index, follow, max-snippet:-1, max-image-preview:large, max-video-preview:-1\" \/>\n<meta name=\"bingbot\" content=\"index, follow, max-snippet:-1, max-image-preview:large, max-video-preview:-1\" \/>\n<link rel=\"canonical\" href=\"https:\/\/www.mumablue.com\/blog\/beneficios-de-los-cuentos-personalizados\/\" \/>\n<meta property=\"og:locale\" content=\"es_ES\" \/>\n<meta property=\"og:type\" content=\"article\" \/>\n<meta property=\"og:title\" content=\"Beneficios de los cuentos personalizados - Blog Mumablue\" \/>\n<meta property=\"og:description\" content=\"Los cuentos personalizados tienen muchos beneficios relacionados con la educaci\u00f3n y el fomento del h\u00e1bito de la lectura. Descubre por qu\u00e9 son buenos.\" \/>\n<meta property=\"og:url\" content=\"https:\/\/www.mumablue.com\/blog\/beneficios-de-los-cuentos-personalizados\/\" \/>\n<meta property=\"og:site_name\" content=\"Blog Mumablue\" \/>\n<meta property=\"article:publisher\" content=\"https:\/\/www.facebook.com\/mumablue\/\" \/>\n<meta property=\"og:image\" content=\"https:\/\/www.mumablue.com\/blog\/wp-content\/uploads\/2020\/07\/Ventajas-cuentos-personalizados-2.jpg\" \/>\n<meta name=\"twitter:card\" content=\"summary_large_image\" \/>\n<script type=\"application\/ld+json\" class=\"yoast-schema-graph\">{\"@context\":\"https:\/\/schema.org\",\"@graph\":[{\"@type\":\"Organization\",\"@id\":\"https:\/\/www.mumablue.com\/blog\/#organization\",\"name\":\"Mumablue\",\"url\":\"https:\/\/www.mumablue.com\/blog\/\",\"sameAs\":[\"https:\/\/www.facebook.com\/mumablue\/\",\"https:\/\/www.instagram.com\/mumablue\/?hl=es\"],\"logo\":{\"@type\":\"ImageObject\",\"@id\":\"https:\/\/www.mumablue.com\/blog\/#logo\",\"inLanguage\":\"es\",\"url\":\"https:\/\/www.mumablue.com\/blog\/wp-content\/uploads\/2020\/05\/Blog-Mumablue.png\",\"width\":749,\"height\":269,\"caption\":\"Mumablue\"},\"image\":{\"@id\":\"https:\/\/www.mumablue.com\/blog\/#logo\"}},{\"@type\":\"WebSite\",\"@id\":\"https:\/\/www.mumablue.com\/blog\/#website\",\"url\":\"https:\/\/www.mumablue.com\/blog\/\",\"name\":\"Blog Mumablue\",\"description\":\"Un blog de cuentos y audiocuentos gratis para ni\\u00f1os.\",\"publisher\":{\"@id\":\"https:\/\/www.mumablue.com\/blog\/#organization\"},\"potentialAction\":[{\"@type\":\"SearchAction\",\"target\":\"https:\/\/www.mumablue.com\/blog\/?s={search_term_string}\",\"query-input\":\"required name=search_term_string\"}],\"inLanguage\":\"es\"},{\"@type\":\"ImageObject\",\"@id\":\"https:\/\/www.mumablue.com\/blog\/beneficios-de-los-cuentos-personalizados\/#primaryimage\",\"inLanguage\":\"es\",\"url\":\"https:\/\/www.mumablue.com\/blog\/wp-content\/uploads\/2020\/07\/Ventajas-cuentos-personalizados-2.jpg\",\"width\":815,\"height\":815,\"caption\":\"cuentos personalizados para beb\\u00e9s\"},{\"@type\":\"WebPage\",\"@id\":\"https:\/\/www.mumablue.com\/blog\/beneficios-de-los-cuentos-personalizados\/#webpage\",\"url\":\"https:\/\/www.mumablue.com\/blog\/beneficios-de-los-cuentos-personalizados\/\",\"name\":\"Beneficios de los cuentos personalizados - Blog Mumablue\",\"isPartOf\":{\"@id\":\"https:\/\/www.mumablue.com\/blog\/#website\"},\"primaryImageOfPage\":{\"@id\":\"https:\/\/www.mumablue.com\/blog\/beneficios-de-los-cuentos-personalizados\/#primaryimage\"},\"datePublished\":\"2020-07-30T17:15:15+00:00\",\"dateModified\":\"2020-07-30T17:15:15+00:00\",\"description\":\"Los cuentos personalizados tienen muchos beneficios relacionados con la educaci\\u00f3n y el fomento del h\\u00e1bito de la lectura. Descubre por qu\\u00e9 son buenos.\",\"inLanguage\":\"es\",\"potentialAction\":[{\"@type\":\"ReadAction\",\"target\":[\"https:\/\/www.mumablue.com\/blog\/beneficios-de-los-cuentos-personalizados\/\"]}]}]}<\/script>\n<!-- \/ Yoast SEO plugin. -->","_links":{"self":[{"href":"https:\/\/www.mumablue.com\/blog\/wp-json\/wp\/v2\/pages\/2375"}],"collection":[{"href":"https:\/\/www.mumablue.com\/blog\/wp-json\/wp\/v2\/pages"}],"about":[{"href":"https:\/\/www.mumablue.com\/blog\/wp-json\/wp\/v2\/types\/page"}],"author":[{"embeddable":true,"href":"https:\/\/www.mumablue.com\/blog\/wp-json\/wp\/v2\/users\/6"}],"replies":[{"embeddable":true,"href":"https:\/\/www.mumablue.com\/blog\/wp-json\/wp\/v2\/comments?post=2375"}],"version-history":[{"count":2,"href":"https:\/\/www.mumablue.com\/blog\/wp-json\/wp\/v2\/pages\/2375\/revisions"}],"predecessor-version":[{"id":2386,"href":"https:\/\/www.mumablue.com\/blog\/wp-json\/wp\/v2\/pages\/2375\/revisions\/2386"}],"wp:attachment":[{"href":"https:\/\/www.mumablue.com\/blog\/wp-json\/wp\/v2\/media?parent=2375"}],"curies":[{"name":"wp","href":"https:\/\/api.w.org\/{rel}","templated":true}]}}