{"id":1992,"date":"2020-11-04T15:14:20","date_gmt":"2020-11-04T15:14:20","guid":{"rendered":"https:\/\/mumablue.com\/blog\/?page_id=1992"},"modified":"2020-11-04T15:14:20","modified_gmt":"2020-11-04T15:14:20","slug":"se-puede-personalizar-la-historia-de-los-cuentos-mumablue","status":"publish","type":"page","link":"https:\/\/www.mumablue.com\/blog\/se-puede-personalizar-la-historia-de-los-cuentos-mumablue\/","title":{"rendered":"\u00bfSe puede personalizar la historia de los cuentos Mumablue?"},"content":{"rendered":"<p><span style=\"font-weight: 400;\">Muchas personas nos preguntan si se puede personalizar la historia de los cuentos Mumablue. \u00a1Ser\u00eda imposible hacer eso! <strong>Nuestras historias son fijas, pero la buena noticia es que puedes elegir entre un mont\u00f3n<\/strong>, muy diferentes entre s\u00ed, de modo que cualquier ni\u00f1o pueda encontrar en el cat\u00e1logo Mumablue su cuento ideal: sobre el mar, la monta\u00f1a, de unicornios, de superh\u00e9roes, de extraterrestres&#8230;<\/span><\/p>\n<p><span style=\"font-weight: 400;\"><img decoding=\"async\" loading=\"lazy\" class=\"alignnone size-full wp-image-1993\" src=\"https:\/\/www.mumablue.com\/blog\/wp-content\/uploads\/2020\/07\/historia-personalizada-mumablue-1.jpg\" alt=\"\u00bfSe puede personalizar la historia de los cuentos Mumablue?\" width=\"815\" height=\"815\" srcset=\"https:\/\/www.mumablue.com\/blog\/wp-content\/uploads\/2020\/07\/historia-personalizada-mumablue-1.jpg 815w, https:\/\/www.mumablue.com\/blog\/wp-content\/uploads\/2020\/07\/historia-personalizada-mumablue-1-300x300.jpg 300w, https:\/\/www.mumablue.com\/blog\/wp-content\/uploads\/2020\/07\/historia-personalizada-mumablue-1-150x150.jpg 150w, https:\/\/www.mumablue.com\/blog\/wp-content\/uploads\/2020\/07\/historia-personalizada-mumablue-1-768x768.jpg 768w, https:\/\/www.mumablue.com\/blog\/wp-content\/uploads\/2020\/07\/historia-personalizada-mumablue-1-146x146.jpg 146w, https:\/\/www.mumablue.com\/blog\/wp-content\/uploads\/2020\/07\/historia-personalizada-mumablue-1-50x50.jpg 50w, https:\/\/www.mumablue.com\/blog\/wp-content\/uploads\/2020\/07\/historia-personalizada-mumablue-1-75x75.jpg 75w, https:\/\/www.mumablue.com\/blog\/wp-content\/uploads\/2020\/07\/historia-personalizada-mumablue-1-85x85.jpg 85w, https:\/\/www.mumablue.com\/blog\/wp-content\/uploads\/2020\/07\/historia-personalizada-mumablue-1-80x80.jpg 80w, https:\/\/www.mumablue.com\/blog\/wp-content\/uploads\/2020\/07\/historia-personalizada-mumablue-1-750x750.jpg 750w, https:\/\/www.mumablue.com\/blog\/wp-content\/uploads\/2020\/07\/historia-personalizada-mumablue-1-675x675.jpg 675w\" sizes=\"(max-width: 815px) 100vw, 815px\" \/><\/span><\/p>\n<p><span style=\"font-weight: 400;\">No, no se puede personalizar la historia de los cuentos Mumablue, <strong>lo que s\u00ed es posible es que el ni\u00f1o sea el aut\u00e9ntico protagonista de la historia.<\/strong> Gracias a nuestra avanzada tecnolog\u00eda, el ni\u00f1o, con su propio nombre, ser\u00e1 el protagonista de cada cuento. Su nombre quedar\u00e1 perfectamente integrado en el relato concordando gramaticalmente y aparecer\u00e1 en numerosas ocasiones a lo largo de las p\u00e1ginas. As\u00ed, si el cuento est\u00e1 destinado a un ni\u00f1o que se llame Alberto, el propio Alberto ser\u00e1 el protagonista de la historia.\u00a0<\/span><\/p>\n<p><span style=\"font-weight: 400;\">Pero tu peque ser\u00e1 el protagonista absoluto no s\u00f3lo gracias al nombre \u00a1Eso ser\u00eda demasiado f\u00e1cil! <strong>En Mumablue tambi\u00e9n puedes personalizar al protagonista en las ilustraciones<\/strong>, creando una representaci\u00f3n del ni\u00f1o, a modo de avatar, donde eliges todos sus rasgos f\u00edsicos para conseguir una apariencia id\u00e9ntica. Es posible que elijas el color y corte de pelo, la forma y color de ojos y cejas, el tipo de piel, el color de la ropa o complementos como adornos de pelo, gafas, pendientes o aud\u00edfono. \u00a1Una vez termines, te sorprender\u00e1 el gran parecido con el ni\u00f1o o ni\u00f1a protagonista! Si a\u00fan no lo sabes, te invitamos a descubrir <span style=\"color: #3366ff;\"><a style=\"color: #3366ff;\" href=\"https:\/\/www.mumablue.com\/blog\/como-son-los-cuentos-mumablue\/\">c\u00f3mo son los cuentos Mumablue<\/a><\/span> en detalle.<\/span><\/p>\n<h2>No se puede personalizar la historia de los cuentos Mumablue, pero casi<\/h2>\n<p><span style=\"font-weight: 400;\">Por si personalizar al ni\u00f1o protagonista atendiendo a su nombre y rasgos f\u00edsicos no fuera suficiente, en Mumablue ofrecemos cuentos en los que es posible lograr una sensaci\u00f3n de mayor cercan\u00eda. \u00bfC\u00f3mo? <strong>Personalizando a distintas personas del entorno de los peque\u00f1os.\u00a0<\/strong><\/span><\/p>\n<p><span style=\"font-weight: 400;\">As\u00ed, en \u201c<\/span><span style=\"color: #3366ff;\"><a style=\"color: #3366ff;\" href=\"https:\/\/www.mumablue.com\/esp\/nuestros-cuentos-personalizados\/chucheritis-es\"><span style=\"font-weight: 400;\">Chucheritis<\/span><\/a><\/span><span style=\"font-weight: 400;\">\u201d, <strong>el ni\u00f1o protagonizar\u00e1 una historia alucinante junto a otro ni\u00f1o de su entorno<\/strong>: puede ser un hermano, un primo o un amigo. Para lograr una mayor identificaci\u00f3n, en este cuento <strong>es posible elegir, adem\u00e1s, la etapa evolutiva de cada ni\u00f1o<\/strong>, de modo que si se le representa junto a su hermano mayor o junto a su hermano peque\u00f1o, la realidad del ni\u00f1o quede fielmente reflejada en las ilustraciones, al tener en cuenta la edad adem\u00e1s de los rasgos f\u00edsicos del segundo personaje. \u201cChucheritis\u201d es un cuento ideal para que dos hermanos compartan un agradable rato de lectura juntos. \u00a110 de cada 10 ni\u00f1os alucinan!<\/span><\/p>\n<p><span style=\"font-weight: 400;\">Otra opci\u00f3n de personalizaci\u00f3n que hace que el ni\u00f1o se identifique much\u00edsimo m\u00e1s con su personaje y con la historia la encontramos en \u201c<\/span><span style=\"color: #3366ff;\"><a style=\"color: #3366ff;\" href=\"https:\/\/www.mumablue.com\/esp\/nuestros-cuentos-personalizados\/juntos-es\"><span style=\"font-weight: 400;\">Juntos<\/span><\/a><\/span><span style=\"font-weight: 400;\">\u201d, el cuento con el que Mumablue pone en valor la familia. En \u00e9l,<strong> es posible que el ni\u00f1o protagonice la historia junto a sus padres o familiares<\/strong>, ya que admite personalizar un ni\u00f1o y hasta dos adultos, independientemente del g\u00e9nero. As\u00ed, los ni\u00f1os pueden verse plenamente identificados: \u201cJuntos\u201d, adem\u00e1s de la familia tradicional, contempla tambi\u00e9n la posibilidad de <\/span><span style=\"color: #3366ff;\"><a style=\"color: #3366ff;\" href=\"https:\/\/www.mumablue.com\/esp\/nuestros-cuentos-personalizados\/juntos-1\"><span style=\"font-weight: 400;\"><span style=\"color: #3366ff;\">familia<\/span> monoparental<\/span><\/a><\/span><span style=\"font-weight: 400;\"> o padres del mismo g\u00e9nero. Tambi\u00e9n <strong>es posible elegir otro tipo de parentesco, como abuelos o t\u00edos,<\/strong> convirti\u00e9ndose en un bonito regalo tambi\u00e9n para estos miembros de la familia de forma colateral. \u201cJuntos\u201d ostenta el r\u00e9cord de ser el cuento personalizado m\u00e1s personalizable del mundo, gracias a las m\u00e1s de 400.000 combinaciones posibles para definir con exactitud a los personajes.<\/span><\/p>\n<p><span style=\"font-weight: 400;\">Como ves, el poder personalizar al protagonista -en ocasiones junto a sus familiares o amigos- es el mejor modo de personalizar la historia de los cuentos Mumablue. Ahora que ya conoces un poquito m\u00e1s sobre nuestros cuentos, te invitamos a investigar por tu cuenta. <strong>Puedes entrar en nuestra web, <\/strong><\/span><span style=\"font-weight: 400;\"><strong><span style=\"color: #3366ff;\"><a style=\"color: #3366ff;\" href=\"https:\/\/www.mumablue.com\/esp\/nuestros-cuentos-personalizados?filterCategory=book\">personalizar a tu peque<\/a><\/span> para ver c\u00f3mo quedar\u00eda<\/strong> y acceder a una previsualizaci\u00f3n del cuento completo para que puedas estar cien por cien seguro de que la historia le enamorar\u00e1. No en vano, <span style=\"color: #3366ff;\"><a style=\"color: #3366ff;\" href=\"https:\/\/www.abc.es\/familia\/actividades-ninos\/abci-startup-espanola-para-revolucionar-mercado-editorial-libros-infantiles-201912010127_noticia.html\" target=\"_blank\" rel=\"noopener noreferrer\">hemos conquistado los corazones de miles de ni\u00f1os<\/a><\/span>. \u00a1Si tienes dudas, nos dices!\u00a0<\/span><\/p>\n<div style='text-align:left' class='yasr-auto-insert-visitor'><\/div>","protected":false},"excerpt":{"rendered":"<p>Muchas personas nos preguntan si se puede personalizar la historia de los cuentos Mumablue. \u00a1Ser\u00eda imposible hacer eso! Nuestras historias son fijas, pero la buena noticia es que puedes elegir entre un mont\u00f3n, muy diferentes entre s\u00ed, de modo que cualquier ni\u00f1o pueda encontrar en el cat\u00e1logo Mumablue su cuento ideal: sobre el mar, la [&hellip;]<\/p>\n","protected":false},"author":6,"featured_media":0,"parent":0,"menu_order":0,"comment_status":"closed","ping_status":"closed","template":"","meta":{"yasr_overall_rating":0,"yasr_post_is_review":"","yasr_auto_insert_disabled":"","yasr_review_type":"BlogPosting"},"yasr_visitor_votes":{"number_of_votes":1,"sum_votes":1,"stars_attributes":{"read_only":false,"span_bottom":false}},"yoast_head":"<!-- This site is optimized with the Yoast SEO plugin v14.5 - https:\/\/yoast.com\/wordpress\/plugins\/seo\/ -->\n<meta name=\"description\" content=\"No se puede personalizar la historia de los cuentos Mumablue, pero no hace falta. Es posible personalizar el nombre y rasgos f\u00edsicos del ni\u00f1o y su familia.\" \/>\n<meta name=\"robots\" content=\"index, follow\" \/>\n<meta name=\"googlebot\" content=\"index, follow, max-snippet:-1, max-image-preview:large, max-video-preview:-1\" \/>\n<meta name=\"bingbot\" content=\"index, follow, max-snippet:-1, max-image-preview:large, max-video-preview:-1\" \/>\n<link rel=\"canonical\" href=\"https:\/\/www.mumablue.com\/blog\/se-puede-personalizar-la-historia-de-los-cuentos-mumablue\/\" \/>\n<meta property=\"og:locale\" content=\"es_ES\" \/>\n<meta property=\"og:type\" content=\"article\" \/>\n<meta property=\"og:title\" content=\"\u00bfSe puede personalizar la historia de los cuentos Mumablue? - Blog Mumablue\" \/>\n<meta property=\"og:description\" content=\"No se puede personalizar la historia de los cuentos Mumablue, pero no hace falta. Es posible personalizar el nombre y rasgos f\u00edsicos del ni\u00f1o y su familia.\" \/>\n<meta property=\"og:url\" content=\"https:\/\/www.mumablue.com\/blog\/se-puede-personalizar-la-historia-de-los-cuentos-mumablue\/\" \/>\n<meta property=\"og:site_name\" content=\"Blog Mumablue\" \/>\n<meta property=\"article:publisher\" content=\"https:\/\/www.facebook.com\/mumablue\/\" \/>\n<meta property=\"og:image\" content=\"https:\/\/www.mumablue.com\/blog\/wp-content\/uploads\/2020\/07\/historia-personalizada-mumablue-1.jpg\" \/>\n<meta name=\"twitter:card\" content=\"summary_large_image\" \/>\n<script type=\"application\/ld+json\" class=\"yoast-schema-graph\">{\"@context\":\"https:\/\/schema.org\",\"@graph\":[{\"@type\":\"Organization\",\"@id\":\"https:\/\/www.mumablue.com\/blog\/#organization\",\"name\":\"Mumablue\",\"url\":\"https:\/\/www.mumablue.com\/blog\/\",\"sameAs\":[\"https:\/\/www.facebook.com\/mumablue\/\",\"https:\/\/www.instagram.com\/mumablue\/?hl=es\"],\"logo\":{\"@type\":\"ImageObject\",\"@id\":\"https:\/\/www.mumablue.com\/blog\/#logo\",\"inLanguage\":\"es\",\"url\":\"https:\/\/www.mumablue.com\/blog\/wp-content\/uploads\/2020\/05\/Blog-Mumablue.png\",\"width\":749,\"height\":269,\"caption\":\"Mumablue\"},\"image\":{\"@id\":\"https:\/\/www.mumablue.com\/blog\/#logo\"}},{\"@type\":\"WebSite\",\"@id\":\"https:\/\/www.mumablue.com\/blog\/#website\",\"url\":\"https:\/\/www.mumablue.com\/blog\/\",\"name\":\"Blog Mumablue\",\"description\":\"Un blog de cuentos y audiocuentos gratis para ni\\u00f1os.\",\"publisher\":{\"@id\":\"https:\/\/www.mumablue.com\/blog\/#organization\"},\"potentialAction\":[{\"@type\":\"SearchAction\",\"target\":\"https:\/\/www.mumablue.com\/blog\/?s={search_term_string}\",\"query-input\":\"required name=search_term_string\"}],\"inLanguage\":\"es\"},{\"@type\":\"ImageObject\",\"@id\":\"https:\/\/www.mumablue.com\/blog\/se-puede-personalizar-la-historia-de-los-cuentos-mumablue\/#primaryimage\",\"inLanguage\":\"es\",\"url\":\"https:\/\/www.mumablue.com\/blog\/wp-content\/uploads\/2020\/07\/historia-personalizada-mumablue-1.jpg\",\"width\":815,\"height\":815,\"caption\":\"\\u00bfSe puede personalizar la historia de los cuentos Mumablue?\"},{\"@type\":\"WebPage\",\"@id\":\"https:\/\/www.mumablue.com\/blog\/se-puede-personalizar-la-historia-de-los-cuentos-mumablue\/#webpage\",\"url\":\"https:\/\/www.mumablue.com\/blog\/se-puede-personalizar-la-historia-de-los-cuentos-mumablue\/\",\"name\":\"\\u00bfSe puede personalizar la historia de los cuentos Mumablue? - Blog Mumablue\",\"isPartOf\":{\"@id\":\"https:\/\/www.mumablue.com\/blog\/#website\"},\"primaryImageOfPage\":{\"@id\":\"https:\/\/www.mumablue.com\/blog\/se-puede-personalizar-la-historia-de-los-cuentos-mumablue\/#primaryimage\"},\"datePublished\":\"2020-11-04T15:14:20+00:00\",\"dateModified\":\"2020-11-04T15:14:20+00:00\",\"description\":\"No se puede personalizar la historia de los cuentos Mumablue, pero no hace falta. Es posible personalizar el nombre y rasgos f\\u00edsicos del ni\\u00f1o y su familia.\",\"inLanguage\":\"es\",\"potentialAction\":[{\"@type\":\"ReadAction\",\"target\":[\"https:\/\/www.mumablue.com\/blog\/se-puede-personalizar-la-historia-de-los-cuentos-mumablue\/\"]}]}]}<\/script>\n<!-- \/ Yoast SEO plugin. -->","_links":{"self":[{"href":"https:\/\/www.mumablue.com\/blog\/wp-json\/wp\/v2\/pages\/1992"}],"collection":[{"href":"https:\/\/www.mumablue.com\/blog\/wp-json\/wp\/v2\/pages"}],"about":[{"href":"https:\/\/www.mumablue.com\/blog\/wp-json\/wp\/v2\/types\/page"}],"author":[{"embeddable":true,"href":"https:\/\/www.mumablue.com\/blog\/wp-json\/wp\/v2\/users\/6"}],"replies":[{"embeddable":true,"href":"https:\/\/www.mumablue.com\/blog\/wp-json\/wp\/v2\/comments?post=1992"}],"version-history":[{"count":3,"href":"https:\/\/www.mumablue.com\/blog\/wp-json\/wp\/v2\/pages\/1992\/revisions"}],"predecessor-version":[{"id":2372,"href":"https:\/\/www.mumablue.com\/blog\/wp-json\/wp\/v2\/pages\/1992\/revisions\/2372"}],"wp:attachment":[{"href":"https:\/\/www.mumablue.com\/blog\/wp-json\/wp\/v2\/media?parent=1992"}],"curies":[{"name":"wp","href":"https:\/\/api.w.org\/{rel}","templated":true}]}}