{"id":1987,"date":"2020-11-04T15:09:37","date_gmt":"2020-11-04T15:09:37","guid":{"rendered":"https:\/\/mumablue.com\/blog\/?page_id=1987"},"modified":"2023-11-14T13:58:01","modified_gmt":"2023-11-14T13:58:01","slug":"descuentos-mumablue-como-los-consigo","status":"publish","type":"page","link":"https:\/\/www.mumablue.com\/blog\/descuentos-mumablue-como-los-consigo\/","title":{"rendered":"Descuentos Mumablue, \u00bfc\u00f3mo los consigo?"},"content":{"rendered":"<p>&nbsp;<\/p>\n<p><img decoding=\"async\" loading=\"lazy\" class=\"alignnone size-full wp-image-6911\" src=\"https:\/\/www.mumablue.com\/blog\/wp-content\/uploads\/2023\/11\/black-friday-mumablue-1.jpg\" alt=\"cuentos infantiles black friday\" width=\"700\" height=\"500\" srcset=\"https:\/\/www.mumablue.com\/blog\/wp-content\/uploads\/2023\/11\/black-friday-mumablue-1.jpg 700w, https:\/\/www.mumablue.com\/blog\/wp-content\/uploads\/2023\/11\/black-friday-mumablue-1-300x214.jpg 300w, https:\/\/www.mumablue.com\/blog\/wp-content\/uploads\/2023\/11\/black-friday-mumablue-1-624x446.jpg 624w\" sizes=\"(max-width: 700px) 100vw, 700px\" \/><\/p>\n<p>A lo largo del a\u00f1o, <strong>en Mumablue, realizamos distintas promociones o descuentos sobre nuestros cuentos<\/strong>. Los descuentos Mumablue se producen en momentos concretos, como el lanzamiento de alg\u00fan cuento nuevo, una fecha se\u00f1alada, a causa de sorteos o concursos, como premio a la fidelidad de nuestros clientes o como agradecimiento a los usuarios que realicen alguna acci\u00f3n. \u00a1Pero tambi\u00e9n lanzamos promociones, sin m\u00e1s! Las encuentras siempre anunciadas en la cabecera de la <span style=\"color: #3366ff;\"><a style=\"color: #3366ff;\" href=\"https:\/\/www.mumablue.com\/\">web de Mumablue<\/a><\/span>.<\/p>\n<p><strong>Los descuentos Mumablue pueden ser de dos tipos: un descuento directo o mediante c\u00f3digos descuento Mumablue<\/strong>. Los descuentos directos est\u00e1n reflejados en nuestra web y se indican destacando el precio promocional junto al precio de venta habitual. Tambi\u00e9n es posible que, en alguna ocasi\u00f3n, apliquemos descuentos sobre los gastos de env\u00edo. Por ejemplo durante las primeras semanas del confinamiento provocado por la crisis sanitaria de la COVID-19, eliminamos los gastos de env\u00edo para acercar nuestros cuentos a los ni\u00f1os y que estuvieran entretenidos. En otras ocasiones, hemos <strong>eliminado los gastos de env\u00edo si se compraban dos cuentos o m\u00e1s<\/strong>, en agradecimiento a vuestra confianza.<\/p>\n<p>Por su parte, <strong>los c\u00f3digos descuento Mumablue los ofrecemos en acciones promocionales m\u00e1s espec\u00edficas<\/strong> que tienen que ver con fechas se\u00f1aladas. Por ejemplo, hemos ofrecido c\u00f3digos descuento Mumablue en Black Friday, Cyber Monday, El D\u00eda del Libro, Halloween o per\u00edodos de rebajas. Gracias a ello, nuestros clientes pudieron ahorrar entre un 10% y un 40%. Eso s\u00ed, no siempre hacemos promociones en las mismas fechas, tendr\u00e1s que estar un poco pendiente a nuestras comunicaciones para enterarte de ello.<\/p>\n<h2><img decoding=\"async\" loading=\"lazy\" class=\"alignnone wp-image-3040 size-full\" src=\"https:\/\/www.mumablue.com\/blog\/wp-content\/uploads\/2020\/11\/Ofertas-Mumablue-y-descuentos.jpg\" alt=\"descuentos mumablue\" width=\"500\" height=\"500\" srcset=\"https:\/\/www.mumablue.com\/blog\/wp-content\/uploads\/2020\/11\/Ofertas-Mumablue-y-descuentos.jpg 500w, https:\/\/www.mumablue.com\/blog\/wp-content\/uploads\/2020\/11\/Ofertas-Mumablue-y-descuentos-300x300.jpg 300w, https:\/\/www.mumablue.com\/blog\/wp-content\/uploads\/2020\/11\/Ofertas-Mumablue-y-descuentos-150x150.jpg 150w\" sizes=\"(max-width: 500px) 100vw, 500px\" \/><\/h2>\n<h2>\u00bfC\u00f3mo puedo enterarme de los descuentos Mumablue?<\/h2>\n<p>El mejor modo de enterarte de c\u00f3mo conseguir descuentos Mumablue es permanecer atento a nuestras comunicaciones. Siempre que ofrecemos alg\u00fan descuento directo o un c\u00f3digos descuento Mumablue,<strong> lo publicamos en nuestro <span style=\"color: #3366ff;\"><a style=\"color: #3366ff;\" href=\"https:\/\/www.facebook.com\/mumablue\/\" target=\"_blank\" rel=\"noopener noreferrer\">Facebook<\/a><\/span> y en nuestro <span style=\"color: #3366ff;\"><a style=\"color: #3366ff;\" href=\"https:\/\/www.instagram.com\/mumablue_esp\" target=\"_blank\" rel=\"noopener noreferrer\">Instagram<\/a><\/span><\/strong>. Lo que ocurre con eso es que como no siempre se muestran todas nuestras publicaciones, puede ocurrir que no te enteres, por lo que lo mejor es entrar a mirar peri\u00f3dicamente.<\/p>\n<p><strong>Sin embargo, la mejor idea para enterarte siempre el primero de los descuentos Mumablue es a trav\u00e9s del correo electr\u00f3nico<\/strong>, ya que as\u00ed recibir\u00e1s todos los e-mails con ofertas y c\u00f3digos descuentos y podr\u00e1s aprovecharlos si resultan de tu inter\u00e9s. Para ello, puedes suscribirte a nuestra newsletter dej\u00e1ndonos tu e-mail en la casilla que encontrar\u00e1s al final de la p\u00e1gina principal de la <span style=\"color: #3366ff;\"><a style=\"color: #3366ff;\" href=\"https:\/\/www.mumablue.com\/\">web Mumablue<\/a><\/span>. No te d\u00e9 miedo que seamos muy pesados o que te bombardeemos con informaci\u00f3n comercial, nuestro bolet\u00edn, adem\u00e1s de para avisarte de los descuentos Mumablue, lo utilizamos para informarte de los nuevos lanzamientos de cuentos o para que conozcas <strong>contenidos l\u00fadicos y educativos gratuitos, como nuestros <span style=\"color: #3366ff;\"><a style=\"color: #3366ff;\" href=\"https:\/\/www.mumablue.com\/blog\/pequehistorias\/\">audiocuentos infantiles<\/a><\/span> o los desternillantes podcast de \u201c<span style=\"color: #3366ff;\"><a style=\"color: #3366ff;\" href=\"https:\/\/www.mumablue.com\/blog\/olivia-y-punto\/\">Olivia y punto<\/a><\/span>\u201d<\/strong>, dirigidos a padres y madres que tienen los pies en el suelo.<\/p>\n<h2>\u00a0\u00bfC\u00f3mo canjeo los c\u00f3digos descuento Mumablue?<\/h2>\n<p>Como hemos dicho, muchos de los descuentos Mumablue se aplican directamente sobre el precio de venta o sobre los gastos de env\u00edo, de manera que no tendr\u00e1s que hacer nada para obtener el descuento: <strong>se te aplicar\u00e1 directamente al realizar la compra y lo podr\u00e1s ver reflejado<\/strong> en el desglose del pago.<\/p>\n<p>En el caso de los c\u00f3digos descuento Mumablue, deber\u00e1s introducirlos en la casilla correspondiente. Durante el proceso de compra, en el recuadro de \u201cResumen del pedido\u201d donde ya se indica el importe de tu compra, ver\u00e1s la pregunta \u201c\u00bfTienes un c\u00f3digo promocional?\u201d<strong> Deber\u00e1s deber\u00e1s introducir el c\u00f3digo de tu cup\u00f3n descuento Mumablue en la casilla<\/strong>. Autom\u00e1ticamente ver\u00e1s c\u00f3mo el descuento se aplica y el precio de tu compra se reduce considerablemente. \u00a1Aseg\u00farate de introducirlo correctamente para que no te d\u00e9 ning\u00fan error!<\/p>\n<p>Y ahora que ya sabes c\u00f3mo conseguir descuentos Mumablue, s\u00f3lo te queda esperar a que lancemos alguna nueva promoci\u00f3n\u2026 \u00a1O espera! Tal vez tengamos ya alguna activa. Visita nuestras redes sociales para asegurarte de que no te est\u00e1s perdiendo ning\u00fan descuento en tu cuento personalizado. Aunque nuestro consejo es que <strong>te suscribas a la newsletter de Mumablue y te enteres siempre el primero de todas las promociones y ofertas especiales <\/strong>de unos de los <span style=\"color: #3366ff;\"><a style=\"color: #3366ff;\" href=\"https:\/\/www.abc.es\/familia\/educacion\/abci-libros-para-ninos-no-deben-faltar-carta-reyes-magos-esta-navidad-202001020119_noticia.html\" target=\"_blank\" rel=\"noopener noreferrer\">cuentos infantiles recomendados por los principales diarios<\/a><\/span>.<\/p>\n<div style='text-align:left' class='yasr-auto-insert-visitor'><\/div>","protected":false},"excerpt":{"rendered":"<p>&nbsp; A lo largo del a\u00f1o, en Mumablue, realizamos distintas promociones o descuentos sobre nuestros cuentos. Los descuentos Mumablue se producen en momentos concretos, como el lanzamiento de alg\u00fan cuento nuevo, una fecha se\u00f1alada, a causa de sorteos o concursos, como premio a la fidelidad de nuestros clientes o como agradecimiento a los usuarios que [&hellip;]<\/p>\n","protected":false},"author":6,"featured_media":0,"parent":0,"menu_order":0,"comment_status":"closed","ping_status":"closed","template":"","meta":{"yasr_overall_rating":0,"yasr_post_is_review":"","yasr_auto_insert_disabled":"","yasr_review_type":""},"yasr_visitor_votes":{"number_of_votes":0,"sum_votes":0,"stars_attributes":{"read_only":false,"span_bottom":false}},"yoast_head":"<!-- This site is optimized with the Yoast SEO plugin v14.5 - https:\/\/yoast.com\/wordpress\/plugins\/seo\/ -->\n<meta name=\"description\" content=\"Ent\u00e9rate antes que nadie de los descuentos Mumablue. \u00a1En este art\u00edculo que damos algunos consejos para que no se te escape ni uno!\" \/>\n<meta name=\"robots\" content=\"index, follow\" \/>\n<meta name=\"googlebot\" content=\"index, follow, max-snippet:-1, max-image-preview:large, max-video-preview:-1\" \/>\n<meta name=\"bingbot\" content=\"index, follow, max-snippet:-1, max-image-preview:large, max-video-preview:-1\" \/>\n<link rel=\"canonical\" href=\"https:\/\/www.mumablue.com\/blog\/descuentos-mumablue-como-los-consigo\/\" \/>\n<meta property=\"og:locale\" content=\"es_ES\" \/>\n<meta property=\"og:type\" content=\"article\" \/>\n<meta property=\"og:title\" content=\"Descuentos Mumablue, \u00bfc\u00f3mo los consigo? - Blog Mumablue\" \/>\n<meta property=\"og:description\" content=\"Ent\u00e9rate antes que nadie de los descuentos Mumablue. \u00a1En este art\u00edculo que damos algunos consejos para que no se te escape ni uno!\" \/>\n<meta property=\"og:url\" content=\"https:\/\/www.mumablue.com\/blog\/descuentos-mumablue-como-los-consigo\/\" \/>\n<meta property=\"og:site_name\" content=\"Blog Mumablue\" \/>\n<meta property=\"article:publisher\" content=\"https:\/\/www.facebook.com\/mumablue\/\" \/>\n<meta property=\"article:modified_time\" content=\"2023-11-14T13:58:01+00:00\" \/>\n<meta property=\"og:image\" content=\"https:\/\/www.mumablue.com\/blog\/wp-content\/uploads\/2023\/11\/black-friday-mumablue-1.jpg\" \/>\n<meta name=\"twitter:card\" content=\"summary_large_image\" \/>\n<script type=\"application\/ld+json\" class=\"yoast-schema-graph\">{\"@context\":\"https:\/\/schema.org\",\"@graph\":[{\"@type\":\"Organization\",\"@id\":\"https:\/\/www.mumablue.com\/blog\/#organization\",\"name\":\"Mumablue\",\"url\":\"https:\/\/www.mumablue.com\/blog\/\",\"sameAs\":[\"https:\/\/www.facebook.com\/mumablue\/\",\"https:\/\/www.instagram.com\/mumablue\/?hl=es\"],\"logo\":{\"@type\":\"ImageObject\",\"@id\":\"https:\/\/www.mumablue.com\/blog\/#logo\",\"inLanguage\":\"es\",\"url\":\"https:\/\/www.mumablue.com\/blog\/wp-content\/uploads\/2020\/05\/Blog-Mumablue.png\",\"width\":749,\"height\":269,\"caption\":\"Mumablue\"},\"image\":{\"@id\":\"https:\/\/www.mumablue.com\/blog\/#logo\"}},{\"@type\":\"WebSite\",\"@id\":\"https:\/\/www.mumablue.com\/blog\/#website\",\"url\":\"https:\/\/www.mumablue.com\/blog\/\",\"name\":\"Blog Mumablue\",\"description\":\"Un blog de cuentos y audiocuentos gratis para ni\\u00f1os.\",\"publisher\":{\"@id\":\"https:\/\/www.mumablue.com\/blog\/#organization\"},\"potentialAction\":[{\"@type\":\"SearchAction\",\"target\":\"https:\/\/www.mumablue.com\/blog\/?s={search_term_string}\",\"query-input\":\"required name=search_term_string\"}],\"inLanguage\":\"es\"},{\"@type\":\"ImageObject\",\"@id\":\"https:\/\/www.mumablue.com\/blog\/descuentos-mumablue-como-los-consigo\/#primaryimage\",\"inLanguage\":\"es\",\"url\":\"https:\/\/www.mumablue.com\/blog\/wp-content\/uploads\/2023\/11\/black-friday-mumablue-1.jpg\",\"width\":700,\"height\":500,\"caption\":\"cuentos infantiles black friday\"},{\"@type\":\"WebPage\",\"@id\":\"https:\/\/www.mumablue.com\/blog\/descuentos-mumablue-como-los-consigo\/#webpage\",\"url\":\"https:\/\/www.mumablue.com\/blog\/descuentos-mumablue-como-los-consigo\/\",\"name\":\"Descuentos Mumablue, \\u00bfc\\u00f3mo los consigo? - Blog Mumablue\",\"isPartOf\":{\"@id\":\"https:\/\/www.mumablue.com\/blog\/#website\"},\"primaryImageOfPage\":{\"@id\":\"https:\/\/www.mumablue.com\/blog\/descuentos-mumablue-como-los-consigo\/#primaryimage\"},\"datePublished\":\"2020-11-04T15:09:37+00:00\",\"dateModified\":\"2023-11-14T13:58:01+00:00\",\"description\":\"Ent\\u00e9rate antes que nadie de los descuentos Mumablue. \\u00a1En este art\\u00edculo que damos algunos consejos para que no se te escape ni uno!\",\"inLanguage\":\"es\",\"potentialAction\":[{\"@type\":\"ReadAction\",\"target\":[\"https:\/\/www.mumablue.com\/blog\/descuentos-mumablue-como-los-consigo\/\"]}]}]}<\/script>\n<!-- \/ Yoast SEO plugin. -->","_links":{"self":[{"href":"https:\/\/www.mumablue.com\/blog\/wp-json\/wp\/v2\/pages\/1987"}],"collection":[{"href":"https:\/\/www.mumablue.com\/blog\/wp-json\/wp\/v2\/pages"}],"about":[{"href":"https:\/\/www.mumablue.com\/blog\/wp-json\/wp\/v2\/types\/page"}],"author":[{"embeddable":true,"href":"https:\/\/www.mumablue.com\/blog\/wp-json\/wp\/v2\/users\/6"}],"replies":[{"embeddable":true,"href":"https:\/\/www.mumablue.com\/blog\/wp-json\/wp\/v2\/comments?post=1987"}],"version-history":[{"count":7,"href":"https:\/\/www.mumablue.com\/blog\/wp-json\/wp\/v2\/pages\/1987\/revisions"}],"predecessor-version":[{"id":6915,"href":"https:\/\/www.mumablue.com\/blog\/wp-json\/wp\/v2\/pages\/1987\/revisions\/6915"}],"wp:attachment":[{"href":"https:\/\/www.mumablue.com\/blog\/wp-json\/wp\/v2\/media?parent=1987"}],"curies":[{"name":"wp","href":"https:\/\/api.w.org\/{rel}","templated":true}]}}