{"id":1969,"date":"2020-07-30T07:21:16","date_gmt":"2020-07-30T07:21:16","guid":{"rendered":"https:\/\/mumablue.com\/blog\/?page_id=1969"},"modified":"2020-09-18T08:10:50","modified_gmt":"2020-09-18T08:10:50","slug":"como-son-los-cuentos-mumablue","status":"publish","type":"page","link":"https:\/\/www.mumablue.com\/blog\/como-son-los-cuentos-mumablue\/","title":{"rendered":"\u00bfC\u00f3mo son los cuentos Mumablue?"},"content":{"rendered":"<p><img decoding=\"async\" loading=\"lazy\" class=\"alignnone wp-image-1970 \" src=\"https:\/\/www.mumablue.com\/blog\/wp-content\/uploads\/2020\/07\/caracter\u00edsticas-cuentos-mumablue.jpg\" alt=\"c\u00f3mo son los cuentos Mumablue\" width=\"815\" height=\"315\" srcset=\"https:\/\/www.mumablue.com\/blog\/wp-content\/uploads\/2020\/07\/caracter\u00edsticas-cuentos-mumablue.jpg 815w, https:\/\/www.mumablue.com\/blog\/wp-content\/uploads\/2020\/07\/caracter\u00edsticas-cuentos-mumablue-300x116.jpg 300w, https:\/\/www.mumablue.com\/blog\/wp-content\/uploads\/2020\/07\/caracter\u00edsticas-cuentos-mumablue-768x297.jpg 768w, https:\/\/www.mumablue.com\/blog\/wp-content\/uploads\/2020\/07\/caracter\u00edsticas-cuentos-mumablue-260x100.jpg 260w, https:\/\/www.mumablue.com\/blog\/wp-content\/uploads\/2020\/07\/caracter\u00edsticas-cuentos-mumablue-50x19.jpg 50w, https:\/\/www.mumablue.com\/blog\/wp-content\/uploads\/2020\/07\/caracter\u00edsticas-cuentos-mumablue-150x58.jpg 150w\" sizes=\"(max-width: 815px) 100vw, 815px\" \/><\/p>\n<p>En ocasiones nos pregunt\u00e1is a trav\u00e9s de las redes sociales c\u00f3mo son los c\u00f3mo son los cuentos Mumablue<span style=\"color: #000000;\">,<\/span> nos suelen llegar dudas sobre el formato, el tama\u00f1o, la tapa, el tipo de historia o c\u00f3mo hacemos las ilustraciones, entre otras muchas preguntas. <strong>Para aclarar de golpe todas tus dudas, vamos a describir, con todo detalle<\/strong>, c\u00f3mo son los cuentos Mumablue, para que puedas llegar a verlos y sentirlos casi como si tuvieras uno entre tus manos.<\/p>\n<p>Los cuentos Mumablue son cuadrados. Elegimos este formato porque nos parece m\u00e1s manejable y amigable para los ni\u00f1os. Miden 22&#215;22 cm., <strong>una medida ergon\u00f3mica y c\u00f3moda para sus peque\u00f1as manitas<\/strong>. Todos nuestros cuentos se componen de un m\u00ednimo de 40 p\u00e1ginas impresas a doble cara y a todo color.<\/p>\n<p><strong>A la hora de <span style=\"color: #3366ff;\"><a style=\"color: #3366ff;\" href=\"https:\/\/www.mumablue.com\/esp\/nuestros-cuentos-personalizados\">personalizar tu cuento Mumablue<\/a><\/span> puedes optar por letras min\u00fasculas o may\u00fasculas<\/strong>. Las may\u00fasculas son adecuadas para aquellos ni\u00f1os que comienzan a leer, dado que las may\u00fasculas en letra de imprenta no difieren mucho de la caligraf\u00eda que ense\u00f1an en el cole, y les resulta mucho m\u00e1s sencillo reconocer los caracteres. Para ni\u00f1os m\u00e1s mayores y que ya leen caligraf\u00eda escolar de manera fluida, se puede optar por letras min\u00fasculas, ya que as\u00ed aprenden a identificar la letra de imprenta. Adem\u00e1s, <strong>es posible elegir una tipograf\u00eda especial para ni\u00f1os disl\u00e9xicos<\/strong>, creada por Mumablue.<\/p>\n<p><strong>La cubierta es dura, antigolpes y resistente al desgaste por uso<\/strong>, para garantizar una larga duraci\u00f3n. La portada consta de un troquel que abre en la ilustraci\u00f3n una ventana perfectamente integrada con el tema del relato, y que sirve para mostrar la cara del ni\u00f1o protagonista, un dibujo realizado a su imagen y semejanza.<\/p>\n<h2><img decoding=\"async\" loading=\"lazy\" class=\"alignnone size-full wp-image-2863\" src=\"https:\/\/www.mumablue.com\/blog\/wp-content\/uploads\/2020\/09\/Caracter\u00edsticas-cuentos-Mumablue-2.jpg\" alt=\"C\u00f3mo son los cuentos Mumablue\" width=\"815\" height=\"480\" srcset=\"https:\/\/www.mumablue.com\/blog\/wp-content\/uploads\/2020\/09\/Caracter\u00edsticas-cuentos-Mumablue-2.jpg 815w, https:\/\/www.mumablue.com\/blog\/wp-content\/uploads\/2020\/09\/Caracter\u00edsticas-cuentos-Mumablue-2-300x177.jpg 300w, https:\/\/www.mumablue.com\/blog\/wp-content\/uploads\/2020\/09\/Caracter\u00edsticas-cuentos-Mumablue-2-768x452.jpg 768w, https:\/\/www.mumablue.com\/blog\/wp-content\/uploads\/2020\/09\/Caracter\u00edsticas-cuentos-Mumablue-2-624x368.jpg 624w\" sizes=\"(max-width: 815px) 100vw, 815px\" \/>C\u00f3mo son los cuentos Mumablue por dentro<\/h2>\n<p><strong>Cada cuento Mumablue cuenta una historia emocionante, entretenida y basada en valores<\/strong>. La historia no se puede personalizar, es inalterable, pero s\u00ed es posible elegir el nombre del protagonista o protagonistas de dicha historia. As\u00ed, el nombre del ni\u00f1o tendr\u00e1 una presencia destacada a lo largo de todo el relato, favoreciendo la identificaci\u00f3n de los peque\u00f1os lectores con su personaje y <span style=\"color: #3366ff;\"><a style=\"color: #3366ff;\" href=\"https:\/\/www.eleconomista.es\/gestion-empresarial\/noticias\/10625576\/06\/20\/Mumablue-Nacimos-para-encontrar-la-forma-de-enganchar-a-los-ninos-a-la-lectura.html\" target=\"_blank\" rel=\"noopener noreferrer\">despertando en ellos un especial inter\u00e9s por la lectura<\/a><\/span>, en palabras de la CEO de Mumablue, Cristina Rodr\u00edguez, para el diario El Economista.<\/p>\n<p>Del mismo modo, <strong>el ni\u00f1o protagonista aparecer\u00e1 representado en cada una de las p\u00e1ginas<\/strong> mediante la ilustraci\u00f3n que hayas personalizado de acuerdo con sus rasgos y apariencia f\u00edsica. Nuestra tecnolog\u00eda permite hasta 400.000 combinaciones dependiendo del cuento, lo que hace posible un alto grado de precisi\u00f3n a la hora de lograr el parecido del peque\u00f1o con su ilustraci\u00f3n.<\/p>\n<p><strong>Cada cuento consta de un m\u00ednimo de 20 ilustraciones a todo color, realizadas a mano<\/strong>, sobre las que se integran las ilustraciones que representan a los protagonistas personalizados. Los diferentes peinados, rasgos y complementos entre los que se puede elegir para la personalizaci\u00f3n tambi\u00e9n han sido dibujados a manos, uno por uno, por nuestros ilustradores. Si bien luego usamos la tecnolog\u00eda para su combinaci\u00f3n y resultado final, todo <strong>el proceso de ilustraci\u00f3n en manual y completamente artesanal.<\/strong><\/p>\n<p>Si te est\u00e1s preguntando c\u00f3mo son los cuentos Mumablue por dentro en lo que respecta al material, te diremos que est\u00e1n impresos en papel couch\u00e9 con un gramaje de 300, en brillo, y con <strong>un acabado antihuellas y antimanchas muy necesario para que el cuento se mantenga como nuevo<\/strong> durante mucho tiempo. \u00a1En Mumablue utilizamos materiales de la mejor calidad, pues nuestra misi\u00f3n es crear un producto \u00fanico que sea un bonito recuerdo para toda la vida!<\/p>\n<p>Ahora que ya sabes c\u00f3mo son los cuentos Mumablue y conoces todas sus caracter\u00edsticas, puedes indagar un poco m\u00e1s, ya que<strong> todas nuestras historias se pueden previsualizar<\/strong> una vez que se personaliza al ni\u00f1o protagonista! Te invitamos a visitar nuestra web, <span style=\"color: #3366ff;\"><a style=\"color: #3366ff;\" href=\"https:\/\/www.mumablue.com\/esp\/nuestros-cuentos-personalizados\">elegir un cuento Mumablue<\/a><\/span> y ver c\u00f3mo queda.<\/p>\n<div style='text-align:left' class='yasr-auto-insert-visitor'><\/div>","protected":false},"excerpt":{"rendered":"<p>En ocasiones nos pregunt\u00e1is a trav\u00e9s de las redes sociales c\u00f3mo son los c\u00f3mo son los cuentos Mumablue, nos suelen llegar dudas sobre el formato, el tama\u00f1o, la tapa, el tipo de historia o c\u00f3mo hacemos las ilustraciones, entre otras muchas preguntas. Para aclarar de golpe todas tus dudas, vamos a describir, con todo detalle, [&hellip;]<\/p>\n","protected":false},"author":6,"featured_media":0,"parent":0,"menu_order":0,"comment_status":"closed","ping_status":"closed","template":"","meta":{"yasr_overall_rating":0,"yasr_post_is_review":"","yasr_auto_insert_disabled":"","yasr_review_type":"BlogPosting"},"yasr_visitor_votes":{"number_of_votes":0,"sum_votes":0,"stars_attributes":{"read_only":false,"span_bottom":false}},"yoast_head":"<!-- This site is optimized with the Yoast SEO plugin v14.5 - https:\/\/yoast.com\/wordpress\/plugins\/seo\/ -->\n<meta name=\"description\" content=\"Te explicamos con todo detalle c\u00f3mo son los cuentos Mumablue: tama\u00f1o, materiales, historias, tipograf\u00eda, ilustraciones y caracter\u00edsticas especiales.\" \/>\n<meta name=\"robots\" content=\"index, follow\" \/>\n<meta name=\"googlebot\" content=\"index, follow, max-snippet:-1, max-image-preview:large, max-video-preview:-1\" \/>\n<meta name=\"bingbot\" content=\"index, follow, max-snippet:-1, max-image-preview:large, max-video-preview:-1\" \/>\n<link rel=\"canonical\" href=\"https:\/\/www.mumablue.com\/blog\/como-son-los-cuentos-mumablue\/\" \/>\n<meta property=\"og:locale\" content=\"es_ES\" \/>\n<meta property=\"og:type\" content=\"article\" \/>\n<meta property=\"og:title\" content=\"\u00bfC\u00f3mo son los cuentos Mumablue? - Blog Mumablue\" \/>\n<meta property=\"og:description\" content=\"Te explicamos con todo detalle c\u00f3mo son los cuentos Mumablue: tama\u00f1o, materiales, historias, tipograf\u00eda, ilustraciones y caracter\u00edsticas especiales.\" \/>\n<meta property=\"og:url\" content=\"https:\/\/www.mumablue.com\/blog\/como-son-los-cuentos-mumablue\/\" \/>\n<meta property=\"og:site_name\" content=\"Blog Mumablue\" \/>\n<meta property=\"article:publisher\" content=\"https:\/\/www.facebook.com\/mumablue\/\" \/>\n<meta property=\"article:modified_time\" content=\"2020-09-18T08:10:50+00:00\" \/>\n<meta property=\"og:image\" content=\"https:\/\/www.mumablue.com\/blog\/wp-content\/uploads\/2020\/07\/caracter\u00edsticas-cuentos-mumablue.jpg\" \/>\n<meta name=\"twitter:card\" content=\"summary_large_image\" \/>\n<script type=\"application\/ld+json\" class=\"yoast-schema-graph\">{\"@context\":\"https:\/\/schema.org\",\"@graph\":[{\"@type\":\"Organization\",\"@id\":\"https:\/\/www.mumablue.com\/blog\/#organization\",\"name\":\"Mumablue\",\"url\":\"https:\/\/www.mumablue.com\/blog\/\",\"sameAs\":[\"https:\/\/www.facebook.com\/mumablue\/\",\"https:\/\/www.instagram.com\/mumablue\/?hl=es\"],\"logo\":{\"@type\":\"ImageObject\",\"@id\":\"https:\/\/www.mumablue.com\/blog\/#logo\",\"inLanguage\":\"es\",\"url\":\"https:\/\/www.mumablue.com\/blog\/wp-content\/uploads\/2020\/05\/Blog-Mumablue.png\",\"width\":749,\"height\":269,\"caption\":\"Mumablue\"},\"image\":{\"@id\":\"https:\/\/www.mumablue.com\/blog\/#logo\"}},{\"@type\":\"WebSite\",\"@id\":\"https:\/\/www.mumablue.com\/blog\/#website\",\"url\":\"https:\/\/www.mumablue.com\/blog\/\",\"name\":\"Blog Mumablue\",\"description\":\"Un blog de cuentos y audiocuentos gratis para ni\\u00f1os.\",\"publisher\":{\"@id\":\"https:\/\/www.mumablue.com\/blog\/#organization\"},\"potentialAction\":[{\"@type\":\"SearchAction\",\"target\":\"https:\/\/www.mumablue.com\/blog\/?s={search_term_string}\",\"query-input\":\"required name=search_term_string\"}],\"inLanguage\":\"es\"},{\"@type\":\"ImageObject\",\"@id\":\"https:\/\/www.mumablue.com\/blog\/como-son-los-cuentos-mumablue\/#primaryimage\",\"inLanguage\":\"es\",\"url\":\"https:\/\/www.mumablue.com\/blog\/wp-content\/uploads\/2020\/07\/caracter\\u00edsticas-cuentos-mumablue.jpg\",\"width\":815,\"height\":315,\"caption\":\"c\\u00f3mo son los cuentos Mumablue\"},{\"@type\":\"WebPage\",\"@id\":\"https:\/\/www.mumablue.com\/blog\/como-son-los-cuentos-mumablue\/#webpage\",\"url\":\"https:\/\/www.mumablue.com\/blog\/como-son-los-cuentos-mumablue\/\",\"name\":\"\\u00bfC\\u00f3mo son los cuentos Mumablue? - Blog Mumablue\",\"isPartOf\":{\"@id\":\"https:\/\/www.mumablue.com\/blog\/#website\"},\"primaryImageOfPage\":{\"@id\":\"https:\/\/www.mumablue.com\/blog\/como-son-los-cuentos-mumablue\/#primaryimage\"},\"datePublished\":\"2020-07-30T07:21:16+00:00\",\"dateModified\":\"2020-09-18T08:10:50+00:00\",\"description\":\"Te explicamos con todo detalle c\\u00f3mo son los cuentos Mumablue: tama\\u00f1o, materiales, historias, tipograf\\u00eda, ilustraciones y caracter\\u00edsticas especiales.\",\"inLanguage\":\"es\",\"potentialAction\":[{\"@type\":\"ReadAction\",\"target\":[\"https:\/\/www.mumablue.com\/blog\/como-son-los-cuentos-mumablue\/\"]}]}]}<\/script>\n<!-- \/ Yoast SEO plugin. -->","_links":{"self":[{"href":"https:\/\/www.mumablue.com\/blog\/wp-json\/wp\/v2\/pages\/1969"}],"collection":[{"href":"https:\/\/www.mumablue.com\/blog\/wp-json\/wp\/v2\/pages"}],"about":[{"href":"https:\/\/www.mumablue.com\/blog\/wp-json\/wp\/v2\/types\/page"}],"author":[{"embeddable":true,"href":"https:\/\/www.mumablue.com\/blog\/wp-json\/wp\/v2\/users\/6"}],"replies":[{"embeddable":true,"href":"https:\/\/www.mumablue.com\/blog\/wp-json\/wp\/v2\/comments?post=1969"}],"version-history":[{"count":10,"href":"https:\/\/www.mumablue.com\/blog\/wp-json\/wp\/v2\/pages\/1969\/revisions"}],"predecessor-version":[{"id":2866,"href":"https:\/\/www.mumablue.com\/blog\/wp-json\/wp\/v2\/pages\/1969\/revisions\/2866"}],"wp:attachment":[{"href":"https:\/\/www.mumablue.com\/blog\/wp-json\/wp\/v2\/media?parent=1969"}],"curies":[{"name":"wp","href":"https:\/\/api.w.org\/{rel}","templated":true}]}}