{"id":1958,"date":"2020-07-28T12:55:39","date_gmt":"2020-07-28T12:55:39","guid":{"rendered":"https:\/\/mumablue.com\/blog\/?page_id=1958"},"modified":"2025-04-03T07:59:59","modified_gmt":"2025-04-03T07:59:59","slug":"poesias-para-ninos-cortas","status":"publish","type":"page","link":"https:\/\/www.mumablue.com\/blog\/poesias-para-ninos-cortas\/","title":{"rendered":"Poes\u00edas para ni\u00f1os cortas, divertidas y con valores"},"content":{"rendered":"<p><img decoding=\"async\" loading=\"lazy\" class=\"alignnone wp-image-2226 size-full\" src=\"https:\/\/www.mumablue.com\/blog\/wp-content\/uploads\/2020\/07\/Poemas-para-ni\u00f1os.jpg\" alt=\"poes\u00edas para ni\u00f1os\" width=\"815\" height=\"683\" srcset=\"https:\/\/www.mumablue.com\/blog\/wp-content\/uploads\/2020\/07\/Poemas-para-ni\u00f1os.jpg 815w, https:\/\/www.mumablue.com\/blog\/wp-content\/uploads\/2020\/07\/Poemas-para-ni\u00f1os-300x251.jpg 300w, https:\/\/www.mumablue.com\/blog\/wp-content\/uploads\/2020\/07\/Poemas-para-ni\u00f1os-768x644.jpg 768w, https:\/\/www.mumablue.com\/blog\/wp-content\/uploads\/2020\/07\/Poemas-para-ni\u00f1os-174x146.jpg 174w, https:\/\/www.mumablue.com\/blog\/wp-content\/uploads\/2020\/07\/Poemas-para-ni\u00f1os-50x42.jpg 50w, https:\/\/www.mumablue.com\/blog\/wp-content\/uploads\/2020\/07\/Poemas-para-ni\u00f1os-89x75.jpg 89w, https:\/\/www.mumablue.com\/blog\/wp-content\/uploads\/2020\/07\/Poemas-para-ni\u00f1os-805x675.jpg 805w\" sizes=\"(max-width: 815px) 100vw, 815px\" \/><\/p>\n<p>Si buscas poes\u00edas para ni\u00f1os escritos expresamente para ellos, has llegado al sitio adecuado. En Mumablue hemos querido <strong>recuperar el esp\u00edritu que ten\u00edan las poes\u00edas de Gloria Fuertes<\/strong>, con ese punto de humor y ternura que las caracterizaba. Por eso, os ofrecemos poemas infantiles cortos, divertidos y con valores para que vuestros peques se inicien en el mundo de la poes\u00eda.<\/p>\n<h2 style=\"text-align: left;\">Poes\u00edas para ni\u00f1os<\/h2>\n<p><span style=\"color: #3366ff;\"><strong>\ud83c\udfaf <span style=\"color: #3366ff;\"><a style=\"color: #3366ff;\" href=\"https:\/\/www.mumablue.com\/blog\/poema-educativo-para-ninos-recoger-habitacion\/\" target=\"_blank\" rel=\"noopener noreferrer\">\u00a1A recoger la habitaci\u00f3n!<\/a><\/span>\u00a0<\/strong><\/span><\/p>\n<p>En este poema se explica, de forma divertida, cu\u00e1l es la mejor manera para que tu peque ordene su cuarto. \u00a1La puede recitar mientras recoge! <span style=\"color: #3366ff;\"><a style=\"color: #3366ff;\" href=\"https:\/\/www.mumablue.com\/blog\/poema-educativo-para-ninos-recoger-habitacion\/\" target=\"_blank\" rel=\"noopener noreferrer\">Leer<\/a><\/span>.<\/p>\n<p><span style=\"color: #3366ff;\"><strong>\ud83d\udc67 <\/strong><\/span><a href=\"https:\/\/www.mumablue.com\/blog\/poema-de-hermanos-para-ninos-audiopoesia-gratis\/\"><span style=\"color: #3366ff;\"><strong>Gritafuerte y Gritam\u00e1s<\/strong><\/span><\/a><\/p>\n<p>\u00bfPor qu\u00e9 ser\u00e1 que estos hermanos siempre andan como el perro y el gato? En esta poes\u00eda sobre hermanos se ironiza acerca de lo absurdas que en realidad son las peleas infantiles. <a href=\"https:\/\/www.mumablue.com\/blog\/poema-de-hermanos-para-ninos-audiopoesia-gratis\/\"><span style=\"color: #3366ff;\">Leer<\/span><\/a>.<\/p>\n<p><span style=\"color: #3366ff;\"><strong>\ud83e\ude90 <\/strong><\/span><a href=\"https:\/\/www.mumablue.com\/blog\/poema-de-los-planetas-para-ninos-audiocuento-gratis\/\"><span style=\"color: #3366ff;\"><strong>Poema de los planetas<\/strong><\/span><\/a><\/p>\n<p>En esta poes\u00eda, a trav\u00e9s de un emocionante viaje espacial, los ni\u00f1os aprender\u00e1n el nombre y ubicaci\u00f3n de los planetas, as\u00ed como algunas curiosidades de cada uno de ellos. <span style=\"color: #3366ff;\"><a style=\"color: #3366ff;\" href=\"https:\/\/www.mumablue.com\/blog\/poema-de-los-planetas-para-ninos-audiocuento-gratis\/\">Leer<\/a><\/span>.<\/p>\n<p>\ud83c\udf3e <span style=\"color: #3366ff;\"><a style=\"color: #3366ff;\" href=\"https:\/\/www.mumablue.com\/blog\/poema-con-aliteracion-para-ninos-audiocuento\/\"><strong>El baile de la lib\u00e9lula\u00a0<\/strong><\/a><\/span><\/p>\n<p>Bonita poes\u00eda llena de musicalidad en la que aprender\u00e1n la figura ret\u00f3rica de la aliteraci\u00f3n. Su versi\u00f3n en audiocuento est\u00e1 musicalizada con una pieza de Chopin. <a href=\"https:\/\/www.mumablue.com\/blog\/poema-con-aliteracion-para-ninos-audiocuento\/\"><span style=\"color: #3366ff;\">Leer<\/span><\/a>.<\/p>\n<h4 style=\"text-align: left;\"><strong><span style=\"color: #3366ff;\">\ud83e\udddb <\/span><a href=\"https:\/\/www.mumablue.com\/blog\/poema-para-ninos-corto\/\"><span style=\"color: #3366ff;\">La peque\u00f1a vampira<\/span><\/a><\/strong><\/h4>\n<p>Esta ni\u00f1a vampira es muy rara: no le gusta la noche, aborrece el cementerio y prefiere el zumo de puerro antes que la sangre. \u00bfPor qu\u00e9 ser\u00e1? Esta es una de los poes\u00edas para ni\u00f1os m\u00e1s exitosa.\u00a0 (M\u00e1s abajo puedes encontrarlo en audiocuento). <span style=\"color: #3366ff;\"><a style=\"color: #3366ff;\" href=\"https:\/\/www.mumablue.com\/blog\/poema-para-ninos-corto\/\">Leer<\/a>.<\/span><\/p>\n<h4 style=\"text-align: left;\"><strong><a href=\"https:\/\/www.mumablue.com\/blog\/poema-corto-para-ninos\/\"><span style=\"color: #3366ff;\">\ud83d\udc51\u00a0El cuento al rev\u00e9s<\/span><\/a><\/strong><\/h4>\n<p>\u00a1\u00c9rase una vez un cuento al rev\u00e9s! \u00a1\u00c9rase una vez, \u00e9rase que se era, un gran barco pirata sin vig\u00eda ni bandera! En este cuento en verso todo est\u00e1 patas arriba. La alternativa perfecta a los cuentos para irse a dormir. <span style=\"color: #3366ff;\"><a style=\"color: #3366ff;\" href=\"https:\/\/www.mumablue.com\/blog\/poema-corto-para-ninos\/\">Leer<\/a><\/span>.<\/p>\n<p>\ud83d\udd2e <strong><a href=\"https:\/\/www.mumablue.com\/blog\/poema-con-palabras-esdrujulas-ninos-primaria\/\" target=\"_blank\" rel=\"noopener noreferrer\"><span style=\"color: #3366ff;\">Conjuro esdr\u00fajulo<\/span><\/a><\/strong><\/p>\n<p>Al tiempo que preparamos una poci\u00f3n m\u00e1gica, los ni\u00f1os de Primaria aprender\u00e1n a a reconocer las palabras esdr\u00fajulas, al tiempo que ampl\u00edan su vocabulario. Un poema did\u00e1ctico para llevar a clase de lengua. <a href=\"https:\/\/www.mumablue.com\/blog\/poema-con-palabras-esdrujulas-ninos-primaria\/\" target=\"_blank\" rel=\"noopener noreferrer\"><span style=\"color: #3366ff;\">Leer<\/span><\/a>.<\/p>\n<h4 style=\"text-align: left;\"><strong><a href=\"https:\/\/www.mumablue.com\/blog\/nana-para-bebes-para-leer-o-cantar\/\"><span style=\"color: #3366ff;\">\ud83e\uddf8 La nana invisible<\/span><\/a><\/strong><\/h4>\n<p>La nana m\u00e1s tierna para dormir a los ni\u00f1os. Un poema lleno de dulzura que no hace falta cantar. Muchas mam\u00e1s prefieren las nanas a los cuentos para ir a la cama. \u00a1Du\u00e9rmete que esta nana desaparece! <span style=\"color: #3366ff;\"><a style=\"color: #3366ff;\" href=\"https:\/\/www.mumablue.com\/blog\/nana-para-bebes-para-leer-o-cantar\/\">Leer<\/a><\/span>.<\/p>\n<h4 style=\"text-align: left;\"><strong><a href=\"https:\/\/www.mumablue.com\/blog\/poema-de-humor-para-ninos\/\"><span style=\"color: #3366ff;\">\ud83d\udc09 \u00a1He capturado un drag\u00f3n!<\/span><\/a><\/strong><\/h4>\n<p>\u00bfQu\u00e9 ni\u00f1o no sue\u00f1a con cazar un drag\u00f3n? En este divertido poema infantil con valores se dan las pautas para que los peques sepan qu\u00e9 hacer si desean tener un drag\u00f3n como mascota. <span style=\"color: #3366ff;\"><a style=\"color: #3366ff;\" href=\"https:\/\/www.mumablue.com\/blog\/poema-de-humor-para-ninos\/\">Leer<\/a><\/span>.<\/p>\n<h4 style=\"text-align: left;\"><strong><span style=\"color: #3366ff;\"><a style=\"color: #3366ff;\" href=\"https:\/\/www.mumablue.com\/blog\/poesia-divertida-para-ninos-monstruos\/\">\ud83c\udf12\u00a0La momia \u00abno quiero\u00bb<\/a><\/span><\/strong><\/h4>\n<p>Esta momia se parece a muchos ni\u00f1os, a todo responde: \u00abno quiero, no quiero\u00bb. Sin embargo, la raz\u00f3n de su continua negaci\u00f3n es tremenda. \u00a1Tu peque se sorprender\u00e1 con este poema educativo para leer.<span style=\"color: #3366ff;\"> <a style=\"color: #3366ff;\" href=\"https:\/\/www.mumablue.com\/blog\/poesia-divertida-para-ninos-monstruos\/\">Leer<\/a>.<\/span><\/p>\n<h4 style=\"text-align: left;\"><strong><span style=\"color: #3366ff;\"><a style=\"color: #3366ff;\" href=\"https:\/\/www.mumablue.com\/blog\/poesia-para-ninos-con-valores-divertida\/\">\ud83c\udff0 El sue\u00f1o de la Bella Durmiente<\/a><\/span><\/strong><\/h4>\n<p>\u00bfPor qu\u00e9 la princesa durmi\u00f3 100 a\u00f1os? Ten\u00eda buenas razones para no querer despertar. Esta poes\u00eda para ni\u00f1os sigue la corriente de los cuentos infantiles con valores que renuncian al rol de g\u00e9nero de los cuentos cl\u00e1sicos. <a href=\"https:\/\/www.mumablue.com\/blog\/poesia-para-ninos-con-valores-divertida\/\"><span style=\"color: #3366ff;\">Leer<\/span><\/a>.<\/p>\n<h4 style=\"text-align: left;\"><strong><span style=\"color: #3366ff;\"><a style=\"color: #3366ff;\" href=\"https:\/\/www.mumablue.com\/blog\/poesia-graciosa-para-ninos\/\">\ud83d\udd2e Una poci\u00f3n misteriosa<\/a><\/span><\/strong><\/h4>\n<p>\u00a1Con esta poes\u00eda infantil divertida, aprender\u00e1n la receta de una poci\u00f3n m\u00e1gica muy misteriosa! Conseguir los ingredientes ser\u00e1 un poco m\u00e1s dif\u00edcil&#8230; \u00a1Pero nada es imposible con imaginaci\u00f3n y un buen caldero! <span style=\"color: #3366ff;\"><a style=\"color: #3366ff;\" href=\"https:\/\/www.mumablue.com\/blog\/poesia-graciosa-para-ninos\/\">Leer<\/a><\/span>.<\/p>\n<h4 style=\"text-align: left;\"><strong><a href=\"https:\/\/www.mumablue.com\/blog\/poema-divertido-para-ninos-aburridos\/\"><span style=\"color: #3366ff;\">\ud83d\udc67 \u00a1Me aburro!<\/span><\/a><\/strong><\/h4>\n<p>Un poema divertido para ni\u00f1os aburridos que se ide\u00f3 para arrancarles una sonrisa durante el confinamiento. En \u00e9l, una madre desesperada propone descabelladas actividades para superar el aburrimiento. <span style=\"color: #3366ff;\"><a style=\"color: #3366ff;\" href=\"https:\/\/www.mumablue.com\/blog\/poema-divertido-para-ninos-aburridos\/\">Leer<\/a><\/span>.<\/p>\n<p><a href=\"https:\/\/www.mumablue.com\/blog\/cuento-para-comer-una-poesia-muy-divertida\/\"><strong><span style=\"color: #3366ff;\">\ud83e\udd66 Un cuento para comer<\/span><\/strong><\/a><\/p>\n<p>En este divertido poema, los ni\u00f1os conocer\u00e1n mucho mejor esos ingredientes que no tienen tanto \u00e9xito entre ellos, pero que son los protagonistas de una alimentaci\u00f3n saludable. <span style=\"color: #3366ff;\"><a style=\"color: #3366ff;\" href=\"https:\/\/www.mumablue.com\/blog\/cuento-para-comer-una-poesia-muy-divertida\/\">Leer<\/a><\/span>.<\/p>\n<p><span style=\"color: #3366ff;\"><a style=\"color: #3366ff;\" href=\"https:\/\/www.mumablue.com\/blog\/poesia-animales-de-la-granja-divertida-y-original\/\"><strong><span style=\"color: #3366ff;\">\ud83d\udc37 La Granja Majareta<\/span><\/strong><\/a><\/span><\/p>\n<p>Un divertido poema para que los ni\u00f1os aprendan los animales de la granja mientras se divierten. \u00a1En esta granja todos los animales se han vuelto un poquito locos! <a href=\"https:\/\/www.mumablue.com\/blog\/poesia-animales-de-la-granja-divertida-y-original\/\"><span style=\"color: #3366ff;\">Leer<\/span><\/a>.<\/p>\n<p><strong><a href=\"https:\/\/www.mumablue.com\/blog\/mumablue\/poema-para-ninos-de-primaria-con-rima-y-rico-en-valores\/\"><span style=\"color: #3366ff;\">\u2b50 <\/span><\/a><a href=\"https:\/\/www.mumablue.com\/blog\/poema-para-ninos-de-primaria-con-rima-valores\/\"><span style=\"color: #3366ff;\">Qu\u00e9 quiero ser de mayor<\/span><\/a><\/strong><\/p>\n<p>Un poema para ni\u00f1os de primaria con rima, rico en valores, en el que se invita a los ni\u00f1os a convertirse en personas libres, bondadosas, generosas y felices. <a href=\"https:\/\/www.mumablue.com\/blog\/poema-para-ninos-de-primaria-con-rima-valores\/\"><span style=\"color: #3366ff;\">Leer<\/span>.<\/a><\/p>\n<p><strong><span style=\"color: #3366ff;\"><a style=\"color: #3366ff;\" href=\"https:\/\/www.mumablue.com\/blog\/villancico-divertido-para-ninos-cantar-escuchar\/\">\ud83c\udf84 Loco villancico<\/a><\/span><\/strong><\/p>\n<p>Aqu\u00ed tienes la letra de un villancico muy divertido. Se canta con la m\u00fasica de la conocida Jingle Bells, de modo que no hay m\u00e1s que leer&#8230; y dejarse llevar por la melod\u00eda. <span style=\"color: #3366ff;\"><a style=\"color: #3366ff;\" href=\"https:\/\/www.mumablue.com\/blog\/villancico-divertido-para-ninos-cantar-escuchar\/\">Ver letra<\/a><\/span>.<\/p>\n<p><strong>Todas las poes\u00edas para ni\u00f1os de Mumablue tienen su propia versi\u00f3n en audiocuento<\/strong>. Es decir, tu peque puede disfrutar de ellos escuch\u00e1ndolos con ambientaci\u00f3n musical y divertidos efectos sonoros. Aqu\u00ed puedes escuchar un ejemplo de uno de nuestros poemas para ni\u00f1os de \u00e9xito.<\/p>\n<h3><span style=\"color: #800080;\"><strong>\u00a1Divertid\u00edsimo!<\/strong><\/span><\/h3>\n<div id=\"buzzsprout-player-3199969\"><\/div>\n<h6><script src=\"https:\/\/www.buzzsprout.com\/937792\/3199969-la-pequena-vampira.js?container_id=buzzsprout-player-3199969&amp;player=small\" type=\"text\/javascript\" charset=\"utf-8\"><\/script>M\u00fasica: CC0\u00a0<span style=\"color: #3366ff;\"><a style=\"color: #3366ff;\" href=\"https:\/\/freepd.com\/horror.php\" target=\"_blank\" rel=\"noopener noreferrer\">Footsteps in the Attic<\/a><\/span>,\u00a0por Arthur Fordsworthy<\/h6>\n<p>El humor es importante para llegar al coraz\u00f3n de las personas y los ni\u00f1os no son una excepci\u00f3n, por eso es una caracter\u00edstica predominante en los poemas de Mumablue. Sin embargo, tambi\u00e9n <strong>conocemos el valor de la ternura, presente en otras de nuestras propuestas<\/strong>, como puede ser esta conmovedora nana.<\/p>\n<div id=\"buzzsprout-player-3882506\">\n<h6><script src=\"https:\/\/www.buzzsprout.com\/937792\/4223810-el-sueno-de-la-bella-durmiente.js?container_id=buzzsprout-player-4223810&amp;player=small\" type=\"text\/javascript\" charset=\"utf-8\"><\/script>M\u00fasica: CC0 <span style=\"color: #3366ff;\"><a style=\"color: #3366ff;\" href=\"https:\/\/freepd.com\/Page2\/\" target=\"_blank\" rel=\"noopener noreferrer\">Careless Riot<\/a><\/span>, por Kevin MacLeod<\/h6>\n<\/div>\n<p>\u00a1Pero no solo de verso vive el peque! La prosa en forma de cuento es una de las mejores formas de introducir a los ni\u00f1os en la literatura.\u00a0 Te invitamos a descubrir los <a href=\"https:\/\/www.mumablue.com\/blog\/cuentos-infantiles-para-leer-cortos-gratis\/\"><span style=\"color: #3366ff;\">cuentos infantiles para leer<\/span><\/a> que hemos escrito pensando en los ni\u00f1os del siglo XXI.<\/p>\n<h3><em><img decoding=\"async\" loading=\"lazy\" class=\"alignnone wp-image-583 ls-is-cached lazyloaded\" src=\"https:\/\/www.mumablue.com\/blog\/wp-content\/uploads\/2020\/03\/favicon.ico\" alt=\"\" width=\"44\" height=\"44\" data-src=\"https:\/\/www.mumablue.com\/blog\/wp-content\/uploads\/2020\/03\/favicon.ico\" \/>\u00a0\u00a0<span style=\"color: #800080;\">\u00a1Regalo! \u00a1<\/span><span style=\"color: #3366ff;\"><a style=\"color: #3366ff;\" href=\"https:\/\/www.mumablue.com\/blog\/cuentos-infantiles-para-leer-cortos-gratis\/\" target=\"_blank\" rel=\"noopener\">M\u00e1s de 100 cuentos y audiocuentos<\/a><\/span>\u00a0<span style=\"color: #800080;\">gratis!<\/span><\/em><\/h3>\n<h3><span style=\"color: #800080;\"><strong>\u00a1Hay m\u00e1s sorpresas!<\/strong><\/span><\/h3>\n<p>Resulta que en <span style=\"color: #3366ff;\"><a style=\"color: #3366ff;\" href=\"https:\/\/www.mumablue.com?utm_source=blog&amp;utm_medium=link&amp;utm_campaign=p\u00e1ginas-audiocuentos&amp;utm_content=poesias-ni\u00f1os\" target=\"_blank\" rel=\"noopener\">Mumablue<\/a> <\/span>nos dedicamos a los <span style=\"color: #3366ff;\"><a style=\"color: #3366ff;\" href=\"https:\/\/www.mumablue.com\/esp\/nuestros-cuentos-personalizados?utm_source=blog&amp;utm_medium=link&amp;utm_campaign=p\u00e1ginas-audiocuentos&amp;utm_content=poesias-ni\u00f1os\">cuentos personalizados<\/a><\/span>. Aut\u00e9nticas joyas impresas en las que cada ni\u00f1o es el protagonista absoluto de la historia, gracias a que pueden personalizarse con su nombre y avatar, de tal forma que una ilustraci\u00f3n con los rasgos f\u00edsicos de tu peque aparecer\u00e1 en cada escena del cuento. Son la mejor idea para regalar a nuestro hijo, o a cualquier ni\u00f1o al que queramos agasajar, ya que ellos alucinan y los pap\u00e1s quedan encantados con nuestra propuesta educativa para fomentar los valores y el h\u00e1bito de lectura. Haz clic en la imagen y descubre todos los cuentos personalizados Mumablue.<\/p>\n<h2><a href=\"https:\/\/www.mumablue.com\/esp\/nuestros-cuentos-personalizados\"><img decoding=\"async\" loading=\"lazy\" class=\"alignnone size-full wp-image-2210\" src=\"https:\/\/www.mumablue.com\/blog\/wp-content\/uploads\/2020\/07\/Cuentos-personalizados-para-ni\u00f1os-2.jpg\" alt=\"poes\u00edas para ni\u00f1os cortas\" width=\"815\" height=\"315\" srcset=\"https:\/\/www.mumablue.com\/blog\/wp-content\/uploads\/2020\/07\/Cuentos-personalizados-para-ni\u00f1os-2.jpg 815w, https:\/\/www.mumablue.com\/blog\/wp-content\/uploads\/2020\/07\/Cuentos-personalizados-para-ni\u00f1os-2-300x116.jpg 300w, https:\/\/www.mumablue.com\/blog\/wp-content\/uploads\/2020\/07\/Cuentos-personalizados-para-ni\u00f1os-2-768x297.jpg 768w, https:\/\/www.mumablue.com\/blog\/wp-content\/uploads\/2020\/07\/Cuentos-personalizados-para-ni\u00f1os-2-260x100.jpg 260w, https:\/\/www.mumablue.com\/blog\/wp-content\/uploads\/2020\/07\/Cuentos-personalizados-para-ni\u00f1os-2-50x19.jpg 50w, https:\/\/www.mumablue.com\/blog\/wp-content\/uploads\/2020\/07\/Cuentos-personalizados-para-ni\u00f1os-2-150x58.jpg 150w\" sizes=\"(max-width: 815px) 100vw, 815px\" \/><\/a><\/h2>\n<h2>\u00bfPor qu\u00e9 son importantes las poes\u00edas para ni\u00f1os?<\/h2>\n<p>La poes\u00eda supone un modo muy especial de acercarse a un relato. Su importancia bebe de m\u00faltiples factores, siendo uno de ellos el hecho de que <strong>el ritmo y la musicalidad favorecen captar la atenci\u00f3n del ni\u00f1o<\/strong> y, adem\u00e1s, le ayudan a memorizar. Esta caracter\u00edstica tambi\u00e9n tiene una alta incidencia en el aprendizaje art\u00edstico. As\u00ed, los poemas infantiles son una buena forma de acercar la literatura a los ni\u00f1os desde que son muy peque\u00f1itos.<\/p>\n<p>Es importante <strong>que los ni\u00f1os escuchen y lean poemas especialmente escritos para ellos<\/strong> cuando a\u00fan son muy peque\u00f1os, ya que la poes\u00eda para adultos, aunque trate un tema infantil o de f\u00e1cil entendimiento para los ni\u00f1os, conlleva, por norma general, la dificultad de la comprensi\u00f3n del lenguaje. Por eso es importante comenzar con versos de lenguaje sencillo y f\u00e1cil entendimiento. <strong>\u00a1Todos recordamos los poemas de Gloria Fuertes!<\/strong> Fue una gran poetisa para ni\u00f1os que supo captar el inter\u00e9s de los peque\u00f1os por su rima sencilla y su lenguaje llano, poemas llenos de humos que todav\u00eda nos enternecen.<\/p>\n<p>Al margen del tema y el lenguaje utilizado, <strong>las poes\u00edas para ni\u00f1os tienen una m\u00e9trica sencilla<\/strong>. Para la poes\u00eda infantil se utiliza el arte menor, habitualmente en octos\u00edlabos, con rimas como el pareado, la redondilla (ABBA) o el cuarteto (ABAB). Con estas caracter\u00edsticas m\u00e9tricas, el \u00e9xito del poema est\u00e1 asegurado.<\/p>\n<p>Los poemas especialmente escritos para ni\u00f1os ser\u00e1n un punto de partida, pues conseguir\u00e1n despertar en los m\u00e1s peque\u00f1os el inter\u00e9s y amor por la poes\u00eda. As\u00ed, en una segunda etapa de desarrollo intelectual, los ni\u00f1os estar\u00e1n preparados para irse enfrentando poco a poco a poemas m\u00e1s complejos, aprendiendo (y sintiendo) las figuras ret\u00f3ricas. <strong>Los poemas para ni\u00f1os con met\u00e1fora, los poemas para ni\u00f1os con onomatopeya y los poemas para ni\u00f1os con aliteraci\u00f3n<\/strong> son los m\u00e1s adecuados para dar el salto y que comiencen a familiarizarse con las figuras de estilo.<\/p>\n<p>En este punto, la poes\u00eda es especialmente importante para los ni\u00f1os porque favorece el desarrollo del lenguaje y lo enriquece significativamente, as\u00ed como la comprensi\u00f3n de conceptos m\u00e1s complejos que estimulan el pensamiento. Adem\u00e1s, <strong>hace crecer en los peque\u00f1os importantes valores est\u00e9ticos y art\u00edsticos<\/strong>.<\/p>\n<p>Finalmente, las poes\u00edas para ni\u00f1os son importantes por los mismos motivos que lo son otros g\u00e9neros literarios, como puede ser el <strong>fomento de la imaginaci\u00f3n, la creatividad y la comprensi\u00f3n del mundo<\/strong> de un modo general. Tambi\u00e9n favorece la creaci\u00f3n del h\u00e1bito de lectura y el amor por la literatura y los libros. Y, adem\u00e1s, si somos los pap\u00e1s quienes les recitamos los poemas, ayuda a estrechar el v\u00ednculo paternofilial en su dimensi\u00f3n emocional, lo que ayuda a que el ni\u00f1o tenga m\u00e1s facilidad para expresar sus emociones.<\/p>\n<p>Puedes encontrar todos los poemas infantiles de Mumablue en formato de audio en nuestra p\u00e1gina de <span style=\"color: #0000ff;\"><a style=\"color: #0000ff;\" href=\"https:\/\/www.mumablue.com\/blog\/poemas-para-ninos\/\">poemas para ni\u00f1os<\/a><\/span> para escuchar.<\/p>\n<div style='text-align:left' class='yasr-auto-insert-visitor'><\/div>","protected":false},"excerpt":{"rendered":"<p>Si buscas poes\u00edas para ni\u00f1os escritos expresamente para ellos, has llegado al sitio adecuado. En Mumablue hemos querido recuperar el esp\u00edritu que ten\u00edan las poes\u00edas de Gloria Fuertes, con ese punto de humor y ternura que las caracterizaba. Por eso, os ofrecemos poemas infantiles cortos, divertidos y con valores para que vuestros peques se inicien [&hellip;]<\/p>\n","protected":false},"author":6,"featured_media":0,"parent":0,"menu_order":0,"comment_status":"closed","ping_status":"closed","template":"","meta":{"yasr_overall_rating":0,"yasr_post_is_review":"","yasr_auto_insert_disabled":"","yasr_review_type":""},"yasr_visitor_votes":{"number_of_votes":49,"sum_votes":228,"stars_attributes":{"read_only":false,"span_bottom":false}},"yoast_head":"<!-- This site is optimized with the Yoast SEO plugin v14.5 - https:\/\/yoast.com\/wordpress\/plugins\/seo\/ -->\n<meta name=\"description\" content=\"Recopilatorio de poes\u00edas para ni\u00f1os especialmente escritas para ellos. Poemas de lenguaje sencillo, temas cercanos y arte menor, ideales para los peques.\" \/>\n<meta name=\"robots\" content=\"index, follow\" \/>\n<meta name=\"googlebot\" content=\"index, follow, max-snippet:-1, max-image-preview:large, max-video-preview:-1\" \/>\n<meta name=\"bingbot\" content=\"index, follow, max-snippet:-1, max-image-preview:large, max-video-preview:-1\" \/>\n<link rel=\"canonical\" href=\"https:\/\/www.mumablue.com\/blog\/poesias-para-ninos-cortas\/\" \/>\n<meta property=\"og:locale\" content=\"es_ES\" \/>\n<meta property=\"og:type\" content=\"article\" \/>\n<meta property=\"og:title\" content=\"Poes\u00edas para ni\u00f1os cortas, divertidas y con valores - Blog Mumablue\" \/>\n<meta property=\"og:description\" content=\"Recopilatorio de poes\u00edas para ni\u00f1os especialmente escritas para ellos. Poemas de lenguaje sencillo, temas cercanos y arte menor, ideales para los peques.\" \/>\n<meta property=\"og:url\" content=\"https:\/\/www.mumablue.com\/blog\/poesias-para-ninos-cortas\/\" \/>\n<meta property=\"og:site_name\" content=\"Blog Mumablue\" \/>\n<meta property=\"article:publisher\" content=\"https:\/\/www.facebook.com\/mumablue\/\" \/>\n<meta property=\"article:modified_time\" content=\"2025-04-03T07:59:59+00:00\" \/>\n<meta property=\"og:image\" content=\"https:\/\/www.mumablue.com\/blog\/wp-content\/uploads\/2020\/07\/Poemas-para-ni\u00f1os.jpg\" \/>\n<meta name=\"twitter:card\" content=\"summary_large_image\" \/>\n<script type=\"application\/ld+json\" class=\"yoast-schema-graph\">{\"@context\":\"https:\/\/schema.org\",\"@graph\":[{\"@type\":\"Organization\",\"@id\":\"https:\/\/www.mumablue.com\/blog\/#organization\",\"name\":\"Mumablue\",\"url\":\"https:\/\/www.mumablue.com\/blog\/\",\"sameAs\":[\"https:\/\/www.facebook.com\/mumablue\/\",\"https:\/\/www.instagram.com\/mumablue\/?hl=es\"],\"logo\":{\"@type\":\"ImageObject\",\"@id\":\"https:\/\/www.mumablue.com\/blog\/#logo\",\"inLanguage\":\"es\",\"url\":\"https:\/\/www.mumablue.com\/blog\/wp-content\/uploads\/2020\/05\/Blog-Mumablue.png\",\"width\":749,\"height\":269,\"caption\":\"Mumablue\"},\"image\":{\"@id\":\"https:\/\/www.mumablue.com\/blog\/#logo\"}},{\"@type\":\"WebSite\",\"@id\":\"https:\/\/www.mumablue.com\/blog\/#website\",\"url\":\"https:\/\/www.mumablue.com\/blog\/\",\"name\":\"Blog Mumablue\",\"description\":\"Un blog de cuentos y audiocuentos gratis para ni\\u00f1os.\",\"publisher\":{\"@id\":\"https:\/\/www.mumablue.com\/blog\/#organization\"},\"potentialAction\":[{\"@type\":\"SearchAction\",\"target\":\"https:\/\/www.mumablue.com\/blog\/?s={search_term_string}\",\"query-input\":\"required name=search_term_string\"}],\"inLanguage\":\"es\"},{\"@type\":\"ImageObject\",\"@id\":\"https:\/\/www.mumablue.com\/blog\/poesias-para-ninos-cortas\/#primaryimage\",\"inLanguage\":\"es\",\"url\":\"https:\/\/www.mumablue.com\/blog\/wp-content\/uploads\/2020\/07\/Poemas-para-ni\\u00f1os.jpg\",\"width\":815,\"height\":683,\"caption\":\"poes\\u00edas infantiles\"},{\"@type\":\"WebPage\",\"@id\":\"https:\/\/www.mumablue.com\/blog\/poesias-para-ninos-cortas\/#webpage\",\"url\":\"https:\/\/www.mumablue.com\/blog\/poesias-para-ninos-cortas\/\",\"name\":\"Poes\\u00edas para ni\\u00f1os cortas, divertidas y con valores - Blog Mumablue\",\"isPartOf\":{\"@id\":\"https:\/\/www.mumablue.com\/blog\/#website\"},\"primaryImageOfPage\":{\"@id\":\"https:\/\/www.mumablue.com\/blog\/poesias-para-ninos-cortas\/#primaryimage\"},\"datePublished\":\"2020-07-28T12:55:39+00:00\",\"dateModified\":\"2025-04-03T07:59:59+00:00\",\"description\":\"Recopilatorio de poes\\u00edas para ni\\u00f1os especialmente escritas para ellos. Poemas de lenguaje sencillo, temas cercanos y arte menor, ideales para los peques.\",\"inLanguage\":\"es\",\"potentialAction\":[{\"@type\":\"ReadAction\",\"target\":[\"https:\/\/www.mumablue.com\/blog\/poesias-para-ninos-cortas\/\"]}]}]}<\/script>\n<!-- \/ Yoast SEO plugin. -->","_links":{"self":[{"href":"https:\/\/www.mumablue.com\/blog\/wp-json\/wp\/v2\/pages\/1958"}],"collection":[{"href":"https:\/\/www.mumablue.com\/blog\/wp-json\/wp\/v2\/pages"}],"about":[{"href":"https:\/\/www.mumablue.com\/blog\/wp-json\/wp\/v2\/types\/page"}],"author":[{"embeddable":true,"href":"https:\/\/www.mumablue.com\/blog\/wp-json\/wp\/v2\/users\/6"}],"replies":[{"embeddable":true,"href":"https:\/\/www.mumablue.com\/blog\/wp-json\/wp\/v2\/comments?post=1958"}],"version-history":[{"count":38,"href":"https:\/\/www.mumablue.com\/blog\/wp-json\/wp\/v2\/pages\/1958\/revisions"}],"predecessor-version":[{"id":7415,"href":"https:\/\/www.mumablue.com\/blog\/wp-json\/wp\/v2\/pages\/1958\/revisions\/7415"}],"wp:attachment":[{"href":"https:\/\/www.mumablue.com\/blog\/wp-json\/wp\/v2\/media?parent=1958"}],"curies":[{"name":"wp","href":"https:\/\/api.w.org\/{rel}","templated":true}]}}