{"id":1906,"date":"2020-07-27T12:53:25","date_gmt":"2020-07-27T12:53:25","guid":{"rendered":"https:\/\/mumablue.com\/blog\/?page_id=1906"},"modified":"2025-06-03T08:00:57","modified_gmt":"2025-06-03T08:00:57","slug":"adivinanza-para-ninos-con-respuesta","status":"publish","type":"page","link":"https:\/\/www.mumablue.com\/blog\/adivinanza-para-ninos-con-respuesta\/","title":{"rendered":"Adivinanza para ni\u00f1os con respuesta"},"content":{"rendered":"<h2><img decoding=\"async\" loading=\"lazy\" class=\"alignnone size-full wp-image-3421\" src=\"https:\/\/www.mumablue.com\/blog\/wp-content\/uploads\/2021\/01\/adivinanzas-para-ni\u00f1os.jpg\" alt=\"Adivinanza para ni\u00f1os con respuesta\" width=\"500\" height=\"500\" srcset=\"https:\/\/www.mumablue.com\/blog\/wp-content\/uploads\/2021\/01\/adivinanzas-para-ni\u00f1os.jpg 500w, https:\/\/www.mumablue.com\/blog\/wp-content\/uploads\/2021\/01\/adivinanzas-para-ni\u00f1os-300x300.jpg 300w, https:\/\/www.mumablue.com\/blog\/wp-content\/uploads\/2021\/01\/adivinanzas-para-ni\u00f1os-150x150.jpg 150w\" sizes=\"(max-width: 500px) 100vw, 500px\" \/><\/h2>\n<p>Os dejamos una adivinanza para ni\u00f1os con respuesta muy especial. \u00bfPor qu\u00e9? Porque se trata de adivinar distintos alimentos, ingredientes de un delicioso plato final que tambi\u00e9n habr\u00e1 que adivinar. Te recomendamos que se la leas a tu peque dejando la pregunta en alto para que pueda terminar la frase con su respuesta. \u00a1Lo vais a pasar genial!<\/p>\n<h2 style=\"text-align: center;\">Adivina, adivinanza<\/h2>\n<p style=\"text-align: center;\">Adivina, adivinanza,<br \/>\nun vegetal que no es verde<br \/>\ny aunque tiene muchas capas<br \/>\nnunca ha sido superh\u00e9roe.<\/p>\n<p style=\"text-align: center;\">Usa una colonia fuerte<br \/>\nque da sabor a la sopa,<br \/>\nnos hace llorar a mares,<br \/>\nno falta en ninguna olla.<\/p>\n<p style=\"text-align: center;\">Seguro que es\u2026 <em>\u00a1La cebolla!<\/em><\/p>\n<p style=\"text-align: center;\">Adivina, adivinanza,<br \/>\nqu\u00e9 se come fr\u00edo o caliente,<br \/>\nen la estufa se derrite<br \/>\ny se te pega en los dientes.<\/p>\n<p style=\"text-align: center;\">Os gusta m\u00e1s a los ni\u00f1os<br \/>\nque una aceituna sin hueso,<br \/>\nes el alma de los s\u00e1ndwiches<br \/>\ny sabe mejor que un beso.<\/p>\n<p style=\"text-align: center;\">Seguro que es\u2026 <em>\u00a1El queso!<\/em><\/p>\n<p style=\"text-align: center;\">Adivina, adivinanza,<br \/>\nuna fruta que es verdura,<br \/>\ncuando se come en salsita<br \/>\nhasta la tristeza cura.<\/p>\n<p style=\"text-align: center;\">Es gordito y colorado<br \/>\ny est\u00e1 loco de remate,<br \/>\nlo trajeron desde Am\u00e9rica<br \/>\nal igual que el chocolate.<\/p>\n<p style=\"text-align: center;\">Seguro que es\u2026 <em>\u00a1El tomate!<\/em><\/p>\n<p style=\"text-align: center;\">Adivina, adivinanza,<br \/>\nqu\u00e9 no pega en la paella.<br \/>\nDe cordero, pollo o vaca,<br \/>\ncon patatas es la estrella.<\/p>\n<p style=\"text-align: center;\">\u00a1Esto es una maravilla!<br \/>\n\u00a1A todos nos quita el hambre!<br \/>\nCuando humea en la parrilla<br \/>\ndan ganas de abalanzarse.<\/p>\n<p style=\"text-align: center;\">Seguro que es\u2026 <em>\u00a1La carne!<\/em><\/p>\n<p style=\"text-align: center;\">Adivina, adivinanza,<br \/>\npor qu\u00e9 en cogollos se abre,<br \/>\nlo mejor es ali\u00f1arla<br \/>\ncon sal, aceite y vinagre.<\/p>\n<p style=\"text-align: center;\">La comes en ensalada<br \/>\ny tiene unas partes duras,<br \/>\nes crujiente, muy fresquita<br \/>\ny verde como una oruga.<\/p>\n<p style=\"text-align: center;\">Seguro que es\u2026 <em>\u00a1La lechuga!<\/em><\/p>\n<p style=\"text-align: center;\">Adivina, adivinanza,<br \/>\nqu\u00e9 se cocina en el horno,<br \/>\nesponjosito por dentro<br \/>\ny de dorado contorno.<\/p>\n<p style=\"text-align: center;\">Nunca falta en nuestra mesa,<br \/>\nes casi como la sal.<br \/>\nNo lo comen en la China<br \/>\nni tampoco en Pakist\u00e1n.<\/p>\n<p style=\"text-align: center;\">Seguro que es\u2026 <em>\u00a1El pan!<\/em><\/p>\n<p style=\"text-align: center;\">Y con tanta adivinanza<br \/>\n\u00a1me ha entrado un hambre de lobo!<br \/>\nMe apetece algo blandito,<br \/>\ndivertido y delicioso.<\/p>\n<p style=\"text-align: center;\">\u00bfD\u00f3nde se vio una poes\u00eda<br \/>\ncon k\u00e9tchup y mayonesa?<br \/>\nA golpe de rima y verso<br \/>\nhemos hecho&#8230; <em>\u00a1Una hamburguesa!<\/em><\/p>\n<h2 style=\"text-align: left;\">Adivinanza para ni\u00f1os con respuesta para escuchar<\/h2>\n<p>Si lo prefer\u00eds, pod\u00e9is jugar a adivinar los alimentos escuchando esta adivinanza para ni\u00f1os con respuesta. Es buena idea, porque esconde una agradable sorpresa que a tu peque le va a encantar. \u00a1Ya ver\u00e1s!<\/p>\n<h6><script src=\"https:\/\/www.buzzsprout.com\/937792\/3429079-adivina-adivinanza.js?container_id=buzzsprout-player-3429079&#038;player=small\" type=\"text\/javascript\" charset=\"utf-8\"><\/script>M\u00fasica: CC0 <span style=\"color: #3366ff;\"><a style=\"color: #3366ff;\" href=\"https:\/\/freepd.com\/comedy.php\">The entertainer<\/a><\/span>, por Kevin MacLeod<\/h6>\n<h2>Esta adivinanza para ni\u00f1os con respuesta no es la \u00fanica<\/h2>\n<p>\u00bfTe ha gustado nuestra adivinanza para ni\u00f1os con respuesta? A los ni\u00f1os les encantan las adivinanzas, ya que tienen un componente l\u00fadico y de poner a prueba el ingenio muy basado en la inmediatez. Son, por tanto, <strong>actividades de entretenimiento, aprendizaje y deducci\u00f3n muy valoradas por los peque\u00f1o<\/strong>s, quienes, adem\u00e1s, desean conocer la respuesta de manera inmediata.<\/p>\n<p>Nuestras adivinanzas no s\u00f3lo dan la respuesta en su versi\u00f3n escrita, sino que tambi\u00e9n est\u00e1n en formato de audio donde<strong> las respuestas se dan de forma inmediata y apoyadas por divertidos efectos sonoros<\/strong>. \u00a1Les encantan! Puedes encontrar otras adivinanzas, poemas y cuentos originales de <a href=\"https:\/\/www.mumablue.com\/?utm_source=blog&amp;utm_medium=link&amp;utm_campaign=p\u00e1ginas-audiocuentos&amp;utm_content=adivinanza-ninos-respuesta\">Mumablue<\/a> en nuestra p\u00e1gina de <a href=\"https:\/\/www.mumablue.com\/blog\/cuentos-infantiles-para-leer-cortos-gratis\/\"><span style=\"color: #3366ff;\">cuentos infantiles<\/span><\/a> para leer.<\/p>\n<div style='text-align:left' class='yasr-auto-insert-visitor'><\/div>","protected":false},"excerpt":{"rendered":"<p>Os dejamos una adivinanza para ni\u00f1os con respuesta muy especial. \u00bfPor qu\u00e9? Porque se trata de adivinar distintos alimentos, ingredientes de un delicioso plato final que tambi\u00e9n habr\u00e1 que adivinar. Te recomendamos que se la leas a tu peque dejando la pregunta en alto para que pueda terminar la frase con su respuesta. \u00a1Lo vais [&hellip;]<\/p>\n","protected":false},"author":6,"featured_media":0,"parent":0,"menu_order":0,"comment_status":"closed","ping_status":"closed","template":"","meta":{"yasr_overall_rating":0,"yasr_post_is_review":"","yasr_auto_insert_disabled":"","yasr_review_type":""},"yasr_visitor_votes":{"number_of_votes":0,"sum_votes":0,"stars_attributes":{"read_only":false,"span_bottom":false}},"yoast_head":"<!-- This site is optimized with the Yoast SEO plugin v14.5 - https:\/\/yoast.com\/wordpress\/plugins\/seo\/ -->\n<meta name=\"description\" content=\"Adivinanza para ni\u00f1os con respuesta donde hay que ir acertando ingredientes para, al final, adivinarel plato que hemos preparado durante todo el acertijo.\" \/>\n<meta name=\"robots\" content=\"index, follow\" \/>\n<meta name=\"googlebot\" content=\"index, follow, max-snippet:-1, max-image-preview:large, max-video-preview:-1\" \/>\n<meta name=\"bingbot\" content=\"index, follow, max-snippet:-1, max-image-preview:large, max-video-preview:-1\" \/>\n<link rel=\"canonical\" href=\"https:\/\/www.mumablue.com\/blog\/adivinanza-para-ninos-con-respuesta\/\" \/>\n<meta property=\"og:locale\" content=\"es_ES\" \/>\n<meta property=\"og:type\" content=\"article\" \/>\n<meta property=\"og:title\" content=\"Adivinanza para ni\u00f1os con respuesta - Blog Mumablue\" \/>\n<meta property=\"og:description\" content=\"Adivinanza para ni\u00f1os con respuesta donde hay que ir acertando ingredientes para, al final, adivinarel plato que hemos preparado durante todo el acertijo.\" \/>\n<meta property=\"og:url\" content=\"https:\/\/www.mumablue.com\/blog\/adivinanza-para-ninos-con-respuesta\/\" \/>\n<meta property=\"og:site_name\" content=\"Blog Mumablue\" \/>\n<meta property=\"article:publisher\" content=\"https:\/\/www.facebook.com\/mumablue\/\" \/>\n<meta property=\"article:modified_time\" content=\"2025-06-03T08:00:57+00:00\" \/>\n<meta property=\"og:image\" content=\"https:\/\/www.mumablue.com\/blog\/wp-content\/uploads\/2021\/01\/adivinanzas-para-ni\u00f1os.jpg\" \/>\n<meta name=\"twitter:card\" content=\"summary_large_image\" \/>\n<script type=\"application\/ld+json\" class=\"yoast-schema-graph\">{\"@context\":\"https:\/\/schema.org\",\"@graph\":[{\"@type\":\"Organization\",\"@id\":\"https:\/\/www.mumablue.com\/blog\/#organization\",\"name\":\"Mumablue\",\"url\":\"https:\/\/www.mumablue.com\/blog\/\",\"sameAs\":[\"https:\/\/www.facebook.com\/mumablue\/\",\"https:\/\/www.instagram.com\/mumablue\/?hl=es\"],\"logo\":{\"@type\":\"ImageObject\",\"@id\":\"https:\/\/www.mumablue.com\/blog\/#logo\",\"inLanguage\":\"es\",\"url\":\"https:\/\/www.mumablue.com\/blog\/wp-content\/uploads\/2020\/05\/Blog-Mumablue.png\",\"width\":749,\"height\":269,\"caption\":\"Mumablue\"},\"image\":{\"@id\":\"https:\/\/www.mumablue.com\/blog\/#logo\"}},{\"@type\":\"WebSite\",\"@id\":\"https:\/\/www.mumablue.com\/blog\/#website\",\"url\":\"https:\/\/www.mumablue.com\/blog\/\",\"name\":\"Blog Mumablue\",\"description\":\"Un blog de cuentos y audiocuentos gratis para ni\\u00f1os.\",\"publisher\":{\"@id\":\"https:\/\/www.mumablue.com\/blog\/#organization\"},\"potentialAction\":[{\"@type\":\"SearchAction\",\"target\":\"https:\/\/www.mumablue.com\/blog\/?s={search_term_string}\",\"query-input\":\"required name=search_term_string\"}],\"inLanguage\":\"es\"},{\"@type\":\"ImageObject\",\"@id\":\"https:\/\/www.mumablue.com\/blog\/adivinanza-para-ninos-con-respuesta\/#primaryimage\",\"inLanguage\":\"es\",\"url\":\"https:\/\/www.mumablue.com\/blog\/wp-content\/uploads\/2021\/01\/adivinanzas-para-ni\\u00f1os.jpg\",\"width\":500,\"height\":500,\"caption\":\"Adivinanza para ni\\u00f1os con respuesta\"},{\"@type\":\"WebPage\",\"@id\":\"https:\/\/www.mumablue.com\/blog\/adivinanza-para-ninos-con-respuesta\/#webpage\",\"url\":\"https:\/\/www.mumablue.com\/blog\/adivinanza-para-ninos-con-respuesta\/\",\"name\":\"Adivinanza para ni\\u00f1os con respuesta - Blog Mumablue\",\"isPartOf\":{\"@id\":\"https:\/\/www.mumablue.com\/blog\/#website\"},\"primaryImageOfPage\":{\"@id\":\"https:\/\/www.mumablue.com\/blog\/adivinanza-para-ninos-con-respuesta\/#primaryimage\"},\"datePublished\":\"2020-07-27T12:53:25+00:00\",\"dateModified\":\"2025-06-03T08:00:57+00:00\",\"description\":\"Adivinanza para ni\\u00f1os con respuesta donde hay que ir acertando ingredientes para, al final, adivinarel plato que hemos preparado durante todo el acertijo.\",\"inLanguage\":\"es\",\"potentialAction\":[{\"@type\":\"ReadAction\",\"target\":[\"https:\/\/www.mumablue.com\/blog\/adivinanza-para-ninos-con-respuesta\/\"]}]}]}<\/script>\n<!-- \/ Yoast SEO plugin. -->","_links":{"self":[{"href":"https:\/\/www.mumablue.com\/blog\/wp-json\/wp\/v2\/pages\/1906"}],"collection":[{"href":"https:\/\/www.mumablue.com\/blog\/wp-json\/wp\/v2\/pages"}],"about":[{"href":"https:\/\/www.mumablue.com\/blog\/wp-json\/wp\/v2\/types\/page"}],"author":[{"embeddable":true,"href":"https:\/\/www.mumablue.com\/blog\/wp-json\/wp\/v2\/users\/6"}],"replies":[{"embeddable":true,"href":"https:\/\/www.mumablue.com\/blog\/wp-json\/wp\/v2\/comments?post=1906"}],"version-history":[{"count":16,"href":"https:\/\/www.mumablue.com\/blog\/wp-json\/wp\/v2\/pages\/1906\/revisions"}],"predecessor-version":[{"id":7644,"href":"https:\/\/www.mumablue.com\/blog\/wp-json\/wp\/v2\/pages\/1906\/revisions\/7644"}],"wp:attachment":[{"href":"https:\/\/www.mumablue.com\/blog\/wp-json\/wp\/v2\/media?parent=1906"}],"curies":[{"name":"wp","href":"https:\/\/api.w.org\/{rel}","templated":true}]}}