{"id":1879,"date":"2020-07-23T10:45:59","date_gmt":"2020-07-23T10:45:59","guid":{"rendered":"https:\/\/mumablue.com\/blog\/?page_id=1879"},"modified":"2025-05-23T09:15:42","modified_gmt":"2025-05-23T09:15:42","slug":"poesia-graciosa-para-ninos","status":"publish","type":"page","link":"https:\/\/www.mumablue.com\/blog\/poesia-graciosa-para-ninos\/","title":{"rendered":"Poes\u00eda graciosa para ni\u00f1os de misterio"},"content":{"rendered":"<p><img decoding=\"async\" loading=\"lazy\" class=\"alignnone size-full wp-image-3448\" src=\"https:\/\/www.mumablue.com\/blog\/wp-content\/uploads\/2021\/01\/Una-poci\u00f3n-misteriosa-2.jpg\" alt=\"poes\u00eda graciosa para ni\u00f1os\" width=\"500\" height=\"500\" srcset=\"https:\/\/www.mumablue.com\/blog\/wp-content\/uploads\/2021\/01\/Una-poci\u00f3n-misteriosa-2.jpg 500w, https:\/\/www.mumablue.com\/blog\/wp-content\/uploads\/2021\/01\/Una-poci\u00f3n-misteriosa-2-300x300.jpg 300w, https:\/\/www.mumablue.com\/blog\/wp-content\/uploads\/2021\/01\/Una-poci\u00f3n-misteriosa-2-150x150.jpg 150w\" sizes=\"(max-width: 500px) 100vw, 500px\" \/><\/p>\n<p>\u00a1Si buscabas una poes\u00eda graciosa para ni\u00f1os s\u00faper molona, la has encontrado! En este poema de risa y misterio, tu peque aprender\u00e1 a cocinar una aut\u00e9ntica poci\u00f3n m\u00e1gica con la ayuda de Mumablue. \u00bfQuieres darle un aire a\u00fan m\u00e1s misterioso? Probad a recitarla con esta m\u00fasica de fondo. \u00a1Ver\u00e9is qu\u00e9 guay!<\/p>\n<p><iframe loading=\"lazy\" src=\"https:\/\/open.spotify.com\/embed\/track\/3YkPssJAdtJvUPV0Cqlw0J\" width=\"600\" height=\"100\" frameborder=\"0\"><span data-mce-type=\"bookmark\" style=\"display: inline-block; width: 0px; overflow: hidden; line-height: 0;\" class=\"mce_SELRES_start\">\ufeff<\/span><span data-mce-type=\"bookmark\" style=\"display: inline-block; width: 0px; overflow: hidden; line-height: 0;\" class=\"mce_SELRES_start\">\ufeff<\/span><span data-mce-type=\"bookmark\" style=\"display: inline-block; width: 0px; overflow: hidden; line-height: 0;\" class=\"mce_SELRES_start\">\ufeff<\/span><span data-mce-type=\"bookmark\" style=\"display: inline-block; width: 0px; overflow: hidden; line-height: 0;\" class=\"mce_SELRES_start\">\ufeff<\/span><\/iframe><\/p>\n<h2 style=\"text-align: left;\">Una poci\u00f3n misteriosa<\/h2>\n<p style=\"text-align: left;\">Hoy haremos una cosa:<br \/>\n\u00a1Una poci\u00f3n misteriosa!<br \/>\nQuedar\u00e1 m\u00e1s bien caldosa<br \/>\ne igual un poquito sosa.<\/p>\n<p style=\"text-align: left;\">Tomaremos un caldero<br \/>\nde muy resistente acero,<br \/>\nlo pondremos sobre el fuego<br \/>\ny a\u00f1adiremos romero.<\/p>\n<p style=\"text-align: left;\">\u00a1Es mejor una poci\u00f3n<br \/>\ncon algo de buen sabor!<\/p>\n<p style=\"text-align: left;\">Cuando el agua est\u00e9 caliente<br \/>\nle a\u00f1adiremos un diente<br \/>\nde venenosa serpiente.<br \/>\nContaremos hasta veinte.<\/p>\n<p style=\"text-align: left;\">\u00a1Es mejor una poci\u00f3n<br \/>\ncon un diente de drag\u00f3n!<\/p>\n<p style=\"text-align: left;\">Al rato, agrega sin pena<br \/>\nun pu\u00f1adito de arena<br \/>\ny dos gotas de agua buena<br \/>\nde una nube cuando truena.<\/p>\n<p style=\"text-align: left;\">\u00a1Es mejor una poci\u00f3n<br \/>\ncon esencia de tif\u00f3n!<\/p>\n<p style=\"text-align: left;\">Para entrar directo al trapo<br \/>\necharemos medio sapo,<br \/>\nun ojo de gusarapo<br \/>\ny un trozo de esparadrapo.<\/p>\n<p style=\"text-align: left;\">\u00a1Es mejor una poci\u00f3n<br \/>\nsi en vez de sapo es trit\u00f3n!<\/p>\n<p style=\"text-align: left;\">Cuando empieces a estar harto<br \/>\necha lengua de largarto,<br \/>\nbastar\u00e1 con s\u00f3lo un cuarto<br \/>\natado a cuerda de esparto.<\/p>\n<p style=\"text-align: left;\">\u00a1Es mejor una poci\u00f3n<br \/>\ncon reptil en infusi\u00f3n!<\/p>\n<p style=\"text-align: left;\">De murci\u00e9lago, tres alas,<br \/>\ncuatro zanahorias malas,<br \/>\nel culo de dos cigalas,<br \/>\nlas chispas de tres bengalas.<\/p>\n<p style=\"text-align: left;\">\u00a1Es mejor una poci\u00f3n<br \/>\nque provoque indigesti\u00f3n!<\/p>\n<p style=\"text-align: left;\">Ra\u00edz de tres algarrobos,<br \/>\ncuatro renacuajos bobos,<br \/>\nun rat\u00f3n con sus adobos,<br \/>\nel aullido de dos lobos.<\/p>\n<p style=\"text-align: left;\">\u00a1Es mejor una poci\u00f3n<br \/>\ncon ojo de camale\u00f3n!<\/p>\n<p style=\"text-align: left;\">Remover con un bast\u00f3n<br \/>\ncon energ\u00eda y emoci\u00f3n.<br \/>\nUna hora de cocci\u00f3n<br \/>\nnecesita esta poci\u00f3n.<\/p>\n<p style=\"text-align: left;\">\u00a1Para ser un buen poeta<br \/>\nb\u00e9bete una gran raci\u00f3n!<\/p>\n<p><a href=\"https:\/\/www.mumablue.com\/esp\/nuestros-cuentos-personalizados\/cuento-de-brujas-personalizado\/?utm_source=blog&amp;utm_medium=banner&amp;utm_campaign=p\u00e1ginas-audiocuentos&amp;utm_content=poesia-graciosa\" target=\"_blank\" rel=\"noopener noreferrer\"><img decoding=\"async\" loading=\"lazy\" class=\"alignnone wp-image-6317 size-full\" src=\"https:\/\/www.mumablue.com\/blog\/wp-content\/uploads\/2022\/10\/Cuento-de-halloween-personalizado-2.jpg\" alt=\"cuento de brujas\" width=\"715\" height=\"162\" srcset=\"https:\/\/www.mumablue.com\/blog\/wp-content\/uploads\/2022\/10\/Cuento-de-halloween-personalizado-2.jpg 715w, https:\/\/www.mumablue.com\/blog\/wp-content\/uploads\/2022\/10\/Cuento-de-halloween-personalizado-2-300x68.jpg 300w, https:\/\/www.mumablue.com\/blog\/wp-content\/uploads\/2022\/10\/Cuento-de-halloween-personalizado-2-624x141.jpg 624w\" sizes=\"(max-width: 715px) 100vw, 715px\" \/><\/a><\/p>\n<h2>Poes\u00eda graciosa para ni\u00f1os de misterio para escuchar<\/h2>\n<p>Seguro que esta poes\u00eda graciosa para ni\u00f1os os ha arrancado alguna que otra sonrisa. Ahora, os animamos a escucharla recitada por Mumablue, ambientada con unos efectos sonoros muy misteriosos.<\/p>\n<h6><script src=\"https:\/\/www.buzzsprout.com\/937792\/3554677-una-pocion-misteriosa.js?container_id=buzzsprout-player-3554677&#038;player=small\" type=\"text\/javascript\" charset=\"utf-8\"><\/script>M\u00fasica: CC0 <span style=\"color: #3366ff;\"><a style=\"color: #3366ff;\" href=\"https:\/\/freepd.com\/epic.php\" target=\"_blank\" rel=\"noopener noreferrer\">Big Eyes<\/a><\/span>, por Rafael Krux<\/h6>\n<p>Si te ha gustado esta poes\u00eda graciosa para ni\u00f1os te invitamos a descubrir muchas otras en nuestra p\u00e1gina de <span style=\"color: #3366ff;\"><a style=\"color: #3366ff;\" href=\"https:\/\/www.mumablue.com\/blog\/poesias-para-ninos-cortas\/\">poes\u00eda para ni\u00f1os<\/a><\/span>. Tambi\u00e9n puedes encontrar cuentos divertidos, de aventuras, fant\u00e1sticos&#8230; originales de Mumablue en nuestra p\u00e1gina de cuentos cortos para leer a los ni\u00f1os.<\/p>\n<div style='text-align:left' class='yasr-auto-insert-visitor'><\/div>","protected":false},"excerpt":{"rendered":"<p>\u00a1Si buscabas una poes\u00eda graciosa para ni\u00f1os s\u00faper molona, la has encontrado! En este poema de risa y misterio, tu peque aprender\u00e1 a cocinar una aut\u00e9ntica poci\u00f3n m\u00e1gica con la ayuda de Mumablue. \u00bfQuieres darle un aire a\u00fan m\u00e1s misterioso? Probad a recitarla con esta m\u00fasica de fondo. \u00a1Ver\u00e9is qu\u00e9 guay! \ufeff\ufeff\ufeff\ufeff Una poci\u00f3n misteriosa [&hellip;]<\/p>\n","protected":false},"author":6,"featured_media":0,"parent":0,"menu_order":0,"comment_status":"closed","ping_status":"closed","template":"","meta":{"yasr_overall_rating":0,"yasr_post_is_review":"","yasr_auto_insert_disabled":"","yasr_review_type":""},"yasr_visitor_votes":{"number_of_votes":103,"sum_votes":461,"stars_attributes":{"read_only":false,"span_bottom":false}},"yoast_head":"<!-- This site is optimized with the Yoast SEO plugin v14.5 - https:\/\/yoast.com\/wordpress\/plugins\/seo\/ -->\n<meta name=\"description\" content=\"&quot;Una poci\u00f3n misteriosa&quot; es una poes\u00eda graciosa para ni\u00f1os en la que se dan las pautas e ingredientes para cocinar una poci\u00f3n m\u00e1gica.\" \/>\n<meta name=\"robots\" content=\"index, follow\" \/>\n<meta name=\"googlebot\" content=\"index, follow, max-snippet:-1, max-image-preview:large, max-video-preview:-1\" \/>\n<meta name=\"bingbot\" content=\"index, follow, max-snippet:-1, max-image-preview:large, max-video-preview:-1\" \/>\n<link rel=\"canonical\" href=\"https:\/\/www.mumablue.com\/blog\/poesia-graciosa-para-ninos\/\" \/>\n<meta property=\"og:locale\" content=\"es_ES\" \/>\n<meta property=\"og:type\" content=\"article\" \/>\n<meta property=\"og:title\" content=\"Poes\u00eda graciosa para ni\u00f1os de misterio - Blog Mumablue\" \/>\n<meta property=\"og:description\" content=\"&quot;Una poci\u00f3n misteriosa&quot; es una poes\u00eda graciosa para ni\u00f1os en la que se dan las pautas e ingredientes para cocinar una poci\u00f3n m\u00e1gica.\" \/>\n<meta property=\"og:url\" content=\"https:\/\/www.mumablue.com\/blog\/poesia-graciosa-para-ninos\/\" \/>\n<meta property=\"og:site_name\" content=\"Blog Mumablue\" \/>\n<meta property=\"article:publisher\" content=\"https:\/\/www.facebook.com\/mumablue\/\" \/>\n<meta property=\"article:modified_time\" content=\"2025-05-23T09:15:42+00:00\" \/>\n<meta property=\"og:image\" content=\"https:\/\/www.mumablue.com\/blog\/wp-content\/uploads\/2021\/01\/Una-poci\u00f3n-misteriosa-2.jpg\" \/>\n<meta name=\"twitter:card\" content=\"summary_large_image\" \/>\n<script type=\"application\/ld+json\" class=\"yoast-schema-graph\">{\"@context\":\"https:\/\/schema.org\",\"@graph\":[{\"@type\":\"Organization\",\"@id\":\"https:\/\/www.mumablue.com\/blog\/#organization\",\"name\":\"Mumablue\",\"url\":\"https:\/\/www.mumablue.com\/blog\/\",\"sameAs\":[\"https:\/\/www.facebook.com\/mumablue\/\",\"https:\/\/www.instagram.com\/mumablue\/?hl=es\"],\"logo\":{\"@type\":\"ImageObject\",\"@id\":\"https:\/\/www.mumablue.com\/blog\/#logo\",\"inLanguage\":\"es\",\"url\":\"https:\/\/www.mumablue.com\/blog\/wp-content\/uploads\/2020\/05\/Blog-Mumablue.png\",\"width\":749,\"height\":269,\"caption\":\"Mumablue\"},\"image\":{\"@id\":\"https:\/\/www.mumablue.com\/blog\/#logo\"}},{\"@type\":\"WebSite\",\"@id\":\"https:\/\/www.mumablue.com\/blog\/#website\",\"url\":\"https:\/\/www.mumablue.com\/blog\/\",\"name\":\"Blog Mumablue\",\"description\":\"Un blog de cuentos y audiocuentos gratis para ni\\u00f1os.\",\"publisher\":{\"@id\":\"https:\/\/www.mumablue.com\/blog\/#organization\"},\"potentialAction\":[{\"@type\":\"SearchAction\",\"target\":\"https:\/\/www.mumablue.com\/blog\/?s={search_term_string}\",\"query-input\":\"required name=search_term_string\"}],\"inLanguage\":\"es\"},{\"@type\":\"ImageObject\",\"@id\":\"https:\/\/www.mumablue.com\/blog\/poesia-graciosa-para-ninos\/#primaryimage\",\"inLanguage\":\"es\",\"url\":\"https:\/\/www.mumablue.com\/blog\/wp-content\/uploads\/2021\/01\/Una-poci\\u00f3n-misteriosa-2.jpg\",\"width\":500,\"height\":500,\"caption\":\"poes\\u00eda graciosa para ni\\u00f1os\"},{\"@type\":\"WebPage\",\"@id\":\"https:\/\/www.mumablue.com\/blog\/poesia-graciosa-para-ninos\/#webpage\",\"url\":\"https:\/\/www.mumablue.com\/blog\/poesia-graciosa-para-ninos\/\",\"name\":\"Poes\\u00eda graciosa para ni\\u00f1os de misterio - Blog Mumablue\",\"isPartOf\":{\"@id\":\"https:\/\/www.mumablue.com\/blog\/#website\"},\"primaryImageOfPage\":{\"@id\":\"https:\/\/www.mumablue.com\/blog\/poesia-graciosa-para-ninos\/#primaryimage\"},\"datePublished\":\"2020-07-23T10:45:59+00:00\",\"dateModified\":\"2025-05-23T09:15:42+00:00\",\"description\":\"\\\"Una poci\\u00f3n misteriosa\\\" es una poes\\u00eda graciosa para ni\\u00f1os en la que se dan las pautas e ingredientes para cocinar una poci\\u00f3n m\\u00e1gica.\",\"inLanguage\":\"es\",\"potentialAction\":[{\"@type\":\"ReadAction\",\"target\":[\"https:\/\/www.mumablue.com\/blog\/poesia-graciosa-para-ninos\/\"]}]}]}<\/script>\n<!-- \/ Yoast SEO plugin. -->","_links":{"self":[{"href":"https:\/\/www.mumablue.com\/blog\/wp-json\/wp\/v2\/pages\/1879"}],"collection":[{"href":"https:\/\/www.mumablue.com\/blog\/wp-json\/wp\/v2\/pages"}],"about":[{"href":"https:\/\/www.mumablue.com\/blog\/wp-json\/wp\/v2\/types\/page"}],"author":[{"embeddable":true,"href":"https:\/\/www.mumablue.com\/blog\/wp-json\/wp\/v2\/users\/6"}],"replies":[{"embeddable":true,"href":"https:\/\/www.mumablue.com\/blog\/wp-json\/wp\/v2\/comments?post=1879"}],"version-history":[{"count":17,"href":"https:\/\/www.mumablue.com\/blog\/wp-json\/wp\/v2\/pages\/1879\/revisions"}],"predecessor-version":[{"id":7547,"href":"https:\/\/www.mumablue.com\/blog\/wp-json\/wp\/v2\/pages\/1879\/revisions\/7547"}],"wp:attachment":[{"href":"https:\/\/www.mumablue.com\/blog\/wp-json\/wp\/v2\/media?parent=1879"}],"curies":[{"name":"wp","href":"https:\/\/api.w.org\/{rel}","templated":true}]}}