{"id":1865,"date":"2020-07-23T14:38:46","date_gmt":"2020-07-23T14:38:46","guid":{"rendered":"https:\/\/mumablue.com\/blog\/?page_id=1865"},"modified":"2025-06-03T07:57:55","modified_gmt":"2025-06-03T07:57:55","slug":"poema-divertido-para-ninos-aburridos","status":"publish","type":"page","link":"https:\/\/www.mumablue.com\/blog\/poema-divertido-para-ninos-aburridos\/","title":{"rendered":"Poema divertido para ni\u00f1os aburridos"},"content":{"rendered":"<p><img decoding=\"async\" loading=\"lazy\" class=\"alignnone size-full wp-image-3455\" src=\"https:\/\/www.mumablue.com\/blog\/wp-content\/uploads\/2021\/01\/Me-aburro-2.jpg\" alt=\"poema divertido para ni\u00f1os aburridos\" width=\"500\" height=\"500\" srcset=\"https:\/\/www.mumablue.com\/blog\/wp-content\/uploads\/2021\/01\/Me-aburro-2.jpg 500w, https:\/\/www.mumablue.com\/blog\/wp-content\/uploads\/2021\/01\/Me-aburro-2-300x300.jpg 300w, https:\/\/www.mumablue.com\/blog\/wp-content\/uploads\/2021\/01\/Me-aburro-2-150x150.jpg 150w\" sizes=\"(max-width: 500px) 100vw, 500px\" \/><\/p>\n<p>Aqu\u00ed te dejamos un poema divertido para ni\u00f1os aburridos. Fue escrito en el contexto del #YoMeQuedoEnCasa, una iniciativa de la <a href=\"https:\/\/www.mumablue.com\/?utm_source=blog&amp;utm_medium=link&amp;utm_campaign=p\u00e1ginas-audiocuentos&amp;utm_content=poema-divertido-ninos\"><span style=\"color: #3366ff;\">editorial de cuentos personalizados Mumablue<\/span><\/a>, a fin de buscar la identificaci\u00f3n de los m\u00e1s peque\u00f1os, quienes vivieron unos d\u00edas dif\u00edciles a acusa del confinamiento. La m\u00fasica que encuentras a continuaci\u00f3n te ayudar\u00e1 a crear ambiente si la pones de fondo mientras recitas el poemita.<\/p>\n<p><iframe loading=\"lazy\" src=\"https:\/\/open.spotify.com\/embed\/track\/6e4nQ4XQ3BCJv2oxnja2wR\" width=\"600\" height=\"100\" frameborder=\"0\"><span data-mce-type=\"bookmark\" style=\"display: inline-block; width: 0px; overflow: hidden; line-height: 0;\" class=\"mce_SELRES_start\">\ufeff<\/span><span data-mce-type=\"bookmark\" style=\"display: inline-block; width: 0px; overflow: hidden; line-height: 0;\" class=\"mce_SELRES_start\">\ufeff<\/span><span data-mce-type=\"bookmark\" style=\"display: inline-block; width: 0px; overflow: hidden; line-height: 0;\" class=\"mce_SELRES_start\">\ufeff<\/span><\/iframe><\/p>\n<h2 style=\"text-align: left;\">\u00a1Me aburro!<\/h2>\n<p style=\"text-align: left;\">\u00a1Me aburro!<br \/>\n\u00a1Pues c\u00f3mprate un burro!<br \/>\nQue el jefe me ha puesto<br \/>\nun mont\u00f3n de curro.<\/p>\n<p style=\"text-align: left;\">El ni\u00f1o se aburre<br \/>\nencerrado en casa,<br \/>\na la cuarentena<br \/>\nno le ve la guasa.<\/p>\n<p style=\"text-align: left;\">Ya ha gastado cinco<br \/>\ncuadernos pintando,<br \/>\n\u00a1las chocolatinas<br \/>\nse est\u00e1n terminando!<\/p>\n<p style=\"text-align: left;\">\u00a1Me aburro!<br \/>\nPues hazte unos largos<br \/>\n\u00a1\u00bfSer\u00e1 por pasillo?!<br \/>\n\u00a1Si nos cabe un barco!<\/p>\n<p style=\"text-align: left;\">La ni\u00f1a se aburre<br \/>\nencerrada en casa.<br \/>\n\u00a1Todo el d\u00eda lo mismo!<br \/>\n\u00a1El tiempo no pasa!<\/p>\n<p style=\"text-align: left;\">Ya monta los puzzles<br \/>\ncon ojos cerrados.<br \/>\nVa a batir un r\u00e9cord<br \/>\nlanzando los dados.<\/p>\n<p style=\"text-align: left;\">\u00a1Me aburro!<br \/>\n\u00a1Pues cuenta lentejas!<br \/>\nO ensaya palmadas<br \/>\ncon las dos orejas.<\/p>\n<p style=\"text-align: left;\">El ni\u00f1o se aburre<br \/>\nencerrado en casa,<br \/>\nhace los deberes,<br \/>\nmil veces repasa.<\/p>\n<p style=\"text-align: left;\">Si apagan la tele<br \/>\nle dan pataletas.<br \/>\nDesgasta los suelos<br \/>\ndando volteretas.<\/p>\n<p style=\"text-align: left;\">Sue\u00f1a con fugarse<br \/>\njunto a sus hermanos<br \/>\npor la Puerta M\u00e1gica<br \/>\nque invent\u00f3 Doraemon.<\/p>\n<p style=\"text-align: left;\">\u00a1Paciencia, paciencia!<br \/>\nQue esto acaba pronto.<br \/>\nIremos al parque,<br \/>\nal mar y al kiosko.<\/p>\n<p style=\"text-align: left;\">Pero, de momento,<br \/>\nyo me quedo en casa<br \/>\npara que este virus<br \/>\nno me d\u00e9 la lata.<\/p>\n<p>&nbsp;<\/p>\n<h2>Poema divertido para ni\u00f1os aburridos para escuchar<\/h2>\n<p>Si lo prefieres, puedes escuchar directamente este poema de humor para ni\u00f1os aburridos recitado por nosotros.<\/p>\n<h6><script src=\"https:\/\/www.buzzsprout.com\/937792\/3283291-me-aburro.js?container_id=buzzsprout-player-3283291&#038;player=small\" type=\"text\/javascript\" charset=\"utf-8\"><\/script>M\u00fasica: CC0 <span style=\"color: #3366ff;\"><a style=\"color: #3366ff;\" href=\"https:\/\/freepd.com\/comedy.php\" target=\"_blank\" rel=\"noopener noreferrer\">Barroom Ballet<\/a><\/span>, por Kevin MacLeod.<\/h6>\n<h2>Poema divertido para ni\u00f1os aburridos&#8230; \u00a1Hay m\u00e1s!<\/h2>\n<p>Si te ha gustado este poema divertido para ni\u00f1os aburridos, visita nuestra p\u00e1gina de <span style=\"color: #3366ff;\"><a style=\"color: #3366ff;\" href=\"https:\/\/www.mumablue.com\/blog\/poesias-para-ninos-cortas\/\">poes\u00edas para ni\u00f1os<\/a><\/span>. All\u00ed encontrar\u00e1s divertidos poemas y adivinanzas, as\u00ed como un mont\u00f3n de cuentos originales, ideados por los duendes escritores de Mumablue.<\/p>\n<div style='text-align:left' class='yasr-auto-insert-visitor'><\/div>","protected":false},"excerpt":{"rendered":"<p>Aqu\u00ed te dejamos un poema divertido para ni\u00f1os aburridos. Fue escrito en el contexto del #YoMeQuedoEnCasa, una iniciativa de la editorial de cuentos personalizados Mumablue, a fin de buscar la identificaci\u00f3n de los m\u00e1s peque\u00f1os, quienes vivieron unos d\u00edas dif\u00edciles a acusa del confinamiento. La m\u00fasica que encuentras a continuaci\u00f3n te ayudar\u00e1 a crear ambiente [&hellip;]<\/p>\n","protected":false},"author":6,"featured_media":0,"parent":0,"menu_order":0,"comment_status":"closed","ping_status":"closed","template":"","meta":{"yasr_overall_rating":0,"yasr_post_is_review":"","yasr_auto_insert_disabled":"","yasr_review_type":""},"yasr_visitor_votes":{"number_of_votes":121,"sum_votes":533,"stars_attributes":{"read_only":false,"span_bottom":false}},"yoast_head":"<!-- This site is optimized with the Yoast SEO plugin v14.5 - https:\/\/yoast.com\/wordpress\/plugins\/seo\/ -->\n<meta name=\"description\" content=\"\u00a1Me aburro! es un poema divertido para ni\u00f1os aburridos escrito en el contexto del #YoMeQuedoEnCasa, a fin de buscar la identificaci\u00f3n con los peques.\" \/>\n<meta name=\"robots\" content=\"index, follow\" \/>\n<meta name=\"googlebot\" content=\"index, follow, max-snippet:-1, max-image-preview:large, max-video-preview:-1\" \/>\n<meta name=\"bingbot\" content=\"index, follow, max-snippet:-1, max-image-preview:large, max-video-preview:-1\" \/>\n<link rel=\"canonical\" href=\"https:\/\/www.mumablue.com\/blog\/poema-divertido-para-ninos-aburridos\/\" \/>\n<meta property=\"og:locale\" content=\"es_ES\" \/>\n<meta property=\"og:type\" content=\"article\" \/>\n<meta property=\"og:title\" content=\"Poema divertido para ni\u00f1os aburridos - Blog Mumablue\" \/>\n<meta property=\"og:description\" content=\"\u00a1Me aburro! es un poema divertido para ni\u00f1os aburridos escrito en el contexto del #YoMeQuedoEnCasa, a fin de buscar la identificaci\u00f3n con los peques.\" \/>\n<meta property=\"og:url\" content=\"https:\/\/www.mumablue.com\/blog\/poema-divertido-para-ninos-aburridos\/\" \/>\n<meta property=\"og:site_name\" content=\"Blog Mumablue\" \/>\n<meta property=\"article:publisher\" content=\"https:\/\/www.facebook.com\/mumablue\/\" \/>\n<meta property=\"article:modified_time\" content=\"2025-06-03T07:57:55+00:00\" \/>\n<meta property=\"og:image\" content=\"https:\/\/www.mumablue.com\/blog\/wp-content\/uploads\/2021\/01\/Me-aburro-2.jpg\" \/>\n<meta name=\"twitter:card\" content=\"summary_large_image\" \/>\n<script type=\"application\/ld+json\" class=\"yoast-schema-graph\">{\"@context\":\"https:\/\/schema.org\",\"@graph\":[{\"@type\":\"Organization\",\"@id\":\"https:\/\/www.mumablue.com\/blog\/#organization\",\"name\":\"Mumablue\",\"url\":\"https:\/\/www.mumablue.com\/blog\/\",\"sameAs\":[\"https:\/\/www.facebook.com\/mumablue\/\",\"https:\/\/www.instagram.com\/mumablue\/?hl=es\"],\"logo\":{\"@type\":\"ImageObject\",\"@id\":\"https:\/\/www.mumablue.com\/blog\/#logo\",\"inLanguage\":\"es\",\"url\":\"https:\/\/www.mumablue.com\/blog\/wp-content\/uploads\/2020\/05\/Blog-Mumablue.png\",\"width\":749,\"height\":269,\"caption\":\"Mumablue\"},\"image\":{\"@id\":\"https:\/\/www.mumablue.com\/blog\/#logo\"}},{\"@type\":\"WebSite\",\"@id\":\"https:\/\/www.mumablue.com\/blog\/#website\",\"url\":\"https:\/\/www.mumablue.com\/blog\/\",\"name\":\"Blog Mumablue\",\"description\":\"Un blog de cuentos y audiocuentos gratis para ni\\u00f1os.\",\"publisher\":{\"@id\":\"https:\/\/www.mumablue.com\/blog\/#organization\"},\"potentialAction\":[{\"@type\":\"SearchAction\",\"target\":\"https:\/\/www.mumablue.com\/blog\/?s={search_term_string}\",\"query-input\":\"required name=search_term_string\"}],\"inLanguage\":\"es\"},{\"@type\":\"ImageObject\",\"@id\":\"https:\/\/www.mumablue.com\/blog\/poema-divertido-para-ninos-aburridos\/#primaryimage\",\"inLanguage\":\"es\",\"url\":\"https:\/\/www.mumablue.com\/blog\/wp-content\/uploads\/2021\/01\/Me-aburro-2.jpg\",\"width\":500,\"height\":500,\"caption\":\"poema divertido para ni\\u00f1os aburridos\"},{\"@type\":\"WebPage\",\"@id\":\"https:\/\/www.mumablue.com\/blog\/poema-divertido-para-ninos-aburridos\/#webpage\",\"url\":\"https:\/\/www.mumablue.com\/blog\/poema-divertido-para-ninos-aburridos\/\",\"name\":\"Poema divertido para ni\\u00f1os aburridos - Blog Mumablue\",\"isPartOf\":{\"@id\":\"https:\/\/www.mumablue.com\/blog\/#website\"},\"primaryImageOfPage\":{\"@id\":\"https:\/\/www.mumablue.com\/blog\/poema-divertido-para-ninos-aburridos\/#primaryimage\"},\"datePublished\":\"2020-07-23T14:38:46+00:00\",\"dateModified\":\"2025-06-03T07:57:55+00:00\",\"description\":\"\\u00a1Me aburro! es un poema divertido para ni\\u00f1os aburridos escrito en el contexto del #YoMeQuedoEnCasa, a fin de buscar la identificaci\\u00f3n con los peques.\",\"inLanguage\":\"es\",\"potentialAction\":[{\"@type\":\"ReadAction\",\"target\":[\"https:\/\/www.mumablue.com\/blog\/poema-divertido-para-ninos-aburridos\/\"]}]}]}<\/script>\n<!-- \/ Yoast SEO plugin. -->","_links":{"self":[{"href":"https:\/\/www.mumablue.com\/blog\/wp-json\/wp\/v2\/pages\/1865"}],"collection":[{"href":"https:\/\/www.mumablue.com\/blog\/wp-json\/wp\/v2\/pages"}],"about":[{"href":"https:\/\/www.mumablue.com\/blog\/wp-json\/wp\/v2\/types\/page"}],"author":[{"embeddable":true,"href":"https:\/\/www.mumablue.com\/blog\/wp-json\/wp\/v2\/users\/6"}],"replies":[{"embeddable":true,"href":"https:\/\/www.mumablue.com\/blog\/wp-json\/wp\/v2\/comments?post=1865"}],"version-history":[{"count":17,"href":"https:\/\/www.mumablue.com\/blog\/wp-json\/wp\/v2\/pages\/1865\/revisions"}],"predecessor-version":[{"id":7642,"href":"https:\/\/www.mumablue.com\/blog\/wp-json\/wp\/v2\/pages\/1865\/revisions\/7642"}],"wp:attachment":[{"href":"https:\/\/www.mumablue.com\/blog\/wp-json\/wp\/v2\/media?parent=1865"}],"curies":[{"name":"wp","href":"https:\/\/api.w.org\/{rel}","templated":true}]}}