{"id":185,"date":"2020-02-25T14:46:06","date_gmt":"2020-02-25T14:46:06","guid":{"rendered":"https:\/\/mumablue.com\/blog\/?page_id=185"},"modified":"2020-09-23T12:25:33","modified_gmt":"2020-09-23T12:25:33","slug":"olivia-y-punto","status":"publish","type":"page","link":"https:\/\/www.mumablue.com\/blog\/olivia-y-punto\/","title":{"rendered":"Olivia y punto"},"content":{"rendered":"<h2>\u00bfDe qu\u00e9 trata este podcast?<\/h2>\n<p>Olivia y punto es un hilarante podcast de humor en el que una madre de tres hijos habla sin pelos en la lengua sobre c\u00f3mo afronta la maternidad.<\/p>\n<div id=\"buzzsprout-player-3199891\"><\/div>\n<p><script src=\"https:\/\/www.buzzsprout.com\/882589\/3199891-bienvenida-mama-de-carne-y-hueso.js?container_id=buzzsprout-player-3199891&#038;player=small\" type=\"text\/javascript\" charset=\"utf-8\"><\/script><\/p>\n<h2>\u00daltimos cap\u00edtulos<\/h2>\n<p>\u00bfTe acuerdas de cuando eras libre y no depend\u00edas de ni\u00f1os demandantes? \u00a1Yo no! Aquellos maravillosos a\u00f1os en los que t\u00fa te marcabas los tiempos de tus obligaciones, en los que pod\u00edas empezar una cosa y terminarla del tir\u00f3n&#8230;<\/p>\n<div id=\"buzzsprout-player-5495875\"><\/div>\n<p><script src=\"https:\/\/www.buzzsprout.com\/882589\/5495875-ninos-demandantes-dictadores-del-instante.js?container_id=buzzsprout-player-5495875&#038;player=small\" type=\"text\/javascript\" charset=\"utf-8\"><\/script><\/p>\n<p>Flipo con esas madres que se dedican a desanimar a las embarazadas primerizas. \u201cAy, \u00bfest\u00e1s embarazada?, qu\u00e9 bien. Pues nada, aprovecha para dormir ahora, porque no vas a volver a pegar ojo en los pr\u00f3ximos 35 a\u00f1os\u201d&#8230;<\/p>\n<div id=\"buzzsprout-player-5393197\"><\/div>\n<p><script src=\"https:\/\/www.buzzsprout.com\/882589\/5393197-gente-toxica-en-el-pais-de-la-maternidad.js?container_id=buzzsprout-player-5393197&#038;player=small\" type=\"text\/javascript\" charset=\"utf-8\"><\/script><\/p>\n<p>Se acerca uno de los eventos m\u00e1s terror\u00edficos del a\u00f1o\u2026 \u00a1La operaci\u00f3n retorno! Yo no s\u00e9 a qui\u00e9n se le ocurri\u00f3 eso de que el d\u00eda m\u00e1s triste del a\u00f1o es el tercer lunes de enero; \u00a1El d\u00eda m\u00e1s triste del a\u00f1o es el domingo que vuelves de vacaciones!&#8230;<\/p>\n<div id=\"buzzsprout-player-5184307\"><\/div>\n<p><script src=\"https:\/\/www.buzzsprout.com\/882589\/5184307-operacion-retorno-mil-veces-peor-que-el-camino-a-mordor.js?container_id=buzzsprout-player-5184307&#038;player=small\" type=\"text\/javascript\" charset=\"utf-8\"><\/script><\/p>\n<p>Mam\u00e1, \u00bft\u00fa a qu\u00e9 le tienes miedo?, me pregunt\u00f3 el otro d\u00eda Mar\u00eda, mi hija mediana. \u201cA la vuelta al cole 2020\u201d, respondi\u00f3 mi mente, de forma autom\u00e1tica&#8230;<\/p>\n<div id=\"buzzsprout-player-5076092\"><\/div>\n<p><script src=\"https:\/\/www.buzzsprout.com\/882589\/5076092-coronavuelta-al-cole-material-escolar-en-la-nueva-normalidad.js?container_id=buzzsprout-player-5076092&#038;player=small\" type=\"text\/javascript\" charset=\"utf-8\"><\/script><\/p>\n<p>Hoy voy a hablar de caca. Avisados est\u00e1is. Ah, pero no, tranquilos. Voy a hablar de la caca de tu hijo, \u00a1esa no da asco! \u00bfQue no da asco? Empecemos por el principio: \u201cla primera caquita\u201d, la llaman&#8230;<\/p>\n<div id=\"buzzsprout-player-4963322\"><\/div>\n<p><script src=\"https:\/\/www.buzzsprout.com\/882589\/4963322-la-caca-de-tu-hijo-sigue-siendo-caca-no-nos-enganemos.js?container_id=buzzsprout-player-4963322&#038;player=small\" type=\"text\/javascript\" charset=\"utf-8\"><\/script><\/p>\n<p>Hace unas semanas me asalt\u00f3 la duda: \u00bfsoy buena madre? Se lo he planteado a mi psic\u00f3loga y me ha dicho mi psic\u00f3loga que piense m\u00e1s en m\u00ed, y yo le he contestado: \u201c\u00bfen qui\u00e9n?\u201d&#8230;<\/p>\n<div id=\"buzzsprout-player-4862492\"><\/div>\n<p><script src=\"https:\/\/www.buzzsprout.com\/882589\/4862492-como-ser-buena-madre-haciendo-cositas-sencillas.js?container_id=buzzsprout-player-4862492&#038;player=small\" type=\"text\/javascript\" charset=\"utf-8\"><\/script><\/p>\n<p>\u00bfHay algo peor que un ni\u00f1o llorando toda la noche? \u00a1Pues s\u00ed! El tipo del \u201csoplahojas\u201d por las ma\u00f1anas. Que llevas toda la noche sin pegar ojo y cuando por fin impera la calma y el fresquito del amanecer empieza a entrar por la ventana&#8230;<\/p>\n<div id=\"buzzsprout-player-4683830\"><\/div>\n<p><script src=\"https:\/\/www.buzzsprout.com\/882589\/4683830-los-vampiros-existen-son-padres-que-tienen-mucho-sueno.js?container_id=buzzsprout-player-4683830&#038;player=small\" type=\"text\/javascript\" charset=\"utf-8\"><\/script><\/p>\n<p>Ir a la playa con ni\u00f1os te hace darte cuenta de muchas cosas. No s\u00e9 por qu\u00e9 la idea de ir a la playa despierta en las personas tanto entusiasmo. En m\u00ed, la primera. Todos los a\u00f1os estoy deseando ir, y todos los a\u00f1os estoy deseando IRME&#8230;<\/p>\n<div id=\"buzzsprout-player-4424354\"><\/div>\n<p><script src=\"https:\/\/www.buzzsprout.com\/882589\/4424354-ir-a-la-playa-con-ninos-no-mola-tanto-como-parece.js?container_id=buzzsprout-player-4424354&#038;player=small\" type=\"text\/javascript\" charset=\"utf-8\"><\/script><\/p>\n<p>Me he comprado un libro buen\u00edsimo. Buen\u00edsimo, buen\u00edsimo. Literatura pura. Vamos, que de tan bueno que es no entiendo ni una palabra de lo que dice. Pero me queda guay debajo del brazo&#8230;<\/p>\n<div id=\"buzzsprout-player-4424408\"><\/div>\n<p><script src=\"https:\/\/www.buzzsprout.com\/882589\/4424408-como-crear-el-habito-de-lectura-en-los-ninos.js?container_id=buzzsprout-player-4424408&#038;player=small\" type=\"text\/javascript\" charset=\"utf-8\"><\/script><\/p>\n<p>Seguro que cualquier madre de andar por casa me entiende si digo que, para m\u00ed, las pel\u00edculas ya s\u00f3lo tienen principio: esos diez minutitos durante los cuales te invade la fe&#8230;<\/p>\n<div id=\"buzzsprout-player-4390667\"><\/div>\n<p><script src=\"https:\/\/www.buzzsprout.com\/882589\/4390667-beneficios-del-cine-en-los-ninos-toma-nota-mama.js?container_id=buzzsprout-player-4390667&#038;player=small\" type=\"text\/javascript\" charset=\"utf-8\"><\/script><\/p>\n<p>El otro d\u00eda vi un documental de los a\u00f1os 60, de cuando en Espa\u00f1a nos empez\u00e1bamos a \u201cir de vacaciones\u201d en verano. \u00a1Entonces no le tem\u00edan al equipaje con ni\u00f1os! Toda la familia cab\u00eda en un Seiscientos&#8230;<\/p>\n<div id=\"buzzsprout-player-4313051\"><\/div>\n<p><script src=\"https:\/\/www.buzzsprout.com\/882589\/4313051-equipaje-con-ninos-nos-mudamos-15-dias-a-la-playa.js?container_id=buzzsprout-player-4313051&#038;player=small\" type=\"text\/javascript\" charset=\"utf-8\"><\/script><\/p>\n<p>El otro d\u00eda hice memoria y me retrotraje a la \u00e9poca en la que yo empec\u00e9 a reciclar&#8230; Qu\u00e9 bonito era todo. Y qu\u00e9 importantes nos sent\u00edamos separando los residuos \u00a1Yo hasta los lavaba antes de llevarlos al contenedor!<\/p>\n<div id=\"buzzsprout-player-4209926\"><\/div>\n<p><script src=\"https:\/\/www.buzzsprout.com\/882589\/4209926-educar-en-el-cuidado-del-medio-ambiente-un-juego-de-ninos.js?container_id=buzzsprout-player-4209926&#038;player=small\" type=\"text\/javascript\" charset=\"utf-8\"><\/script><\/p>\n<p>Tengo amigas madres \u201cviajeras mochileras\u201d. Vamos, o al menos eso dicen\u2026 aunque yo no me lo creo, la verdad. O a lo mejor es que tienen un concepto equivocado de lo que es un mochilero\u2026<\/p>\n<div id=\"buzzsprout-player-4129610\"><\/div>\n<p><script src=\"https:\/\/www.buzzsprout.com\/882589\/4129610-ser-madre-mochilera-menudo-bulo.js?container_id=buzzsprout-player-4129610&#038;player=small\" type=\"text\/javascript\" charset=\"utf-8\"><\/script><\/p>\n<p>Toda madre debe \u201csufrir\u201d a etapa de \u201clos por qu\u00e9\u201d cuando su hijo tiene entre dos y cuatro a\u00f1os. Y, claro, con eso de que son nativos digitales nos ven como una especie de Google de carne y hueso&#8230;<\/p>\n<div id=\"buzzsprout-player-4053203\"><\/div>\n<p><script src=\"https:\/\/www.buzzsprout.com\/882589\/4053203-la-etapa-de-los-por-que-te-convalida-cinco-carreras-y-un-master-en-paciencia.js?container_id=buzzsprout-player-4053203&#038;player=small\" type=\"text\/javascript\" charset=\"utf-8\"><\/script><\/p>\n<p>Dicen que los hijos vienen con un pan debajo del brazo, \u00bfno? \u00a1Mentira! El m\u00edo lleg\u00f3 con un tr\u00e1iler de trastos. Literal. Cuando mi marido Daniel y yo nos enfrentamos a la monta\u00f1a de artilugios&#8230;<\/p>\n<div id=\"buzzsprout-player-3933014\"><\/div>\n<p><script src=\"https:\/\/www.buzzsprout.com\/882589\/3933014-trucos-para-que-los-ninos-ordenen-su-habitacion.js?container_id=buzzsprout-player-3933014&#038;player=small\" type=\"text\/javascript\" charset=\"utf-8\"><\/script><\/p>\n<p>\u00bfTe imaginas ser el amigo n\u00famero once en la primera barbacoa con amigos de la Fase 1 de desescalada? \u00a1Ostras! No hab\u00edas pensado en eso, \u00bfeh? \u00a1Pues yo s\u00ed! Menudo disgusto si eres t\u00fa al que no invitan&#8230;<\/p>\n<div id=\"buzzsprout-player-3869564\"><\/div>\n<p><script src=\"https:\/\/www.buzzsprout.com\/882589\/3869564-ser-madre-en-cuarentena-iv-el-desfase-de-las-fases.js?container_id=buzzsprout-player-3869564&#038;player=small\" type=\"text\/javascript\" charset=\"utf-8\"><\/script><\/p>\n<p>Si hay una verdad absoluta en todo esto de la cuarentena es que no es lo mismo el confinamiento con hijos que sin hijos. El otro d\u00eda le preguntaba a una amiga que qu\u00e9 tal: \u201c\u00a1Aqu\u00ed, teletrabajo y Netflix, hija, qu\u00e9 desesperaci\u00f3n!\u201d&#8230;<\/p>\n<div id=\"buzzsprout-player-3752153\"><\/div>\n<p><script src=\"https:\/\/www.buzzsprout.com\/882589\/3752153-ser-madre-en-cuarentena-iii-mi-yo-del-pasado.js?container_id=buzzsprout-player-3752153&#038;player=small\" type=\"text\/javascript\" charset=\"utf-8\"><\/script><\/p>\n<p>Los expertos dicen que los ni\u00f1os coman verduras. \u00a1Y los ni\u00f1os dicen que se las coman los expertos! Mientras, ah\u00ed estamos las madres, atrapadas en medio de ese fuego cruzado, sac\u00e1ndonos de la manga&#8230;<\/p>\n<div id=\"buzzsprout-player-3670633\"><\/div>\n<p><script src=\"https:\/\/www.buzzsprout.com\/882589\/3670633-trucos-para-que-los-ninos-coman-verduras.js?container_id=buzzsprout-player-3670633&#038;player=small\" type=\"text\/javascript\" charset=\"utf-8\"><\/script><\/p>\n<p>Ser madre nunca es f\u00e1cil, pero ser madre en cuarentena ya es la risa. Hoy quisiera tratar el tema de los teledeberes. El primer d\u00eda enviaron cosas para imprimir \u00a1Qui\u00e9n demonios tiene ya impresora en casa!&#8230;<\/p>\n<div id=\"buzzsprout-player-3565342\"><\/div>\n<p><script src=\"https:\/\/www.buzzsprout.com\/882589\/3565342-ser-madre-en-cuarentena-ii-teledeberes.js?container_id=buzzsprout-player-3565342&#038;player=small\" type=\"text\/javascript\" charset=\"utf-8\"><\/script><\/p>\n<p>\u00bfOs acord\u00e1is de cuando cre\u00edamos que lo del confinamiento iba a ser cosa de una semana? \u00a1Mira, por fin concilio! Nos dijimos muchas madres para nuestros adentros\u2026 \u00a1Qu\u00e9 ingenuidad!&#8230;<\/p>\n<div id=\"buzzsprout-player-3460423\"><\/div>\n<p><script src=\"https:\/\/www.buzzsprout.com\/882589\/3460423-ser-madre-en-cuarentena-i-convivencia-extrema.js?container_id=buzzsprout-player-3460423&#038;player=small\" type=\"text\/javascript\" charset=\"utf-8\"><\/script><\/p>\n<p>Nunca he entendido a la gente que, cuando les hablas de libros, ponen esa de cara de: \u201cAh, s\u00ed, esa \u2018cosa\u2019 sobre valorada que me obligaban a leer en el colegio\u201d&#8230;<\/p>\n<div id=\"buzzsprout-player-3368584\"><\/div>\n<p><script src=\"https:\/\/www.buzzsprout.com\/882589\/3368584-beneficios-de-la-lectura-en-los-ninos-como-nunca-te-los-han-contado.js?container_id=buzzsprout-player-3368584&#038;player=small\" type=\"text\/javascript\" charset=\"utf-8\"><\/script><\/p>\n<p>Al convertirte en madre te dan superpoderes. Por ejemplo, ya puedes probar alimentos a la temperatura del magma sin quemarte, te desenvuelves con los reflejos de un guepardo y eres sorprendentemente capaz de espachurrar a manotazos&#8230;<\/p>\n<div id=\"buzzsprout-player-3200251\"><\/div>\n<p><script src=\"https:\/\/www.buzzsprout.com\/882589\/3200251-los-ninos-vienen-con-una-neurosis-materna-debajo-del-brazo.js?container_id=buzzsprout-player-3200251&#038;player=small\" type=\"text\/javascript\" charset=\"utf-8\"><\/script><\/p>\n<p>&nbsp;<\/p>\n<p><img decoding=\"async\" loading=\"lazy\" class=\"alignnone size-full wp-image-2502\" src=\"https:\/\/www.mumablue.com\/blog\/wp-content\/uploads\/2020\/03\/Bienvenida-supermam\u00e1-1.jpg\" alt=\"blog para madres\" width=\"500\" height=\"419\" srcset=\"https:\/\/www.mumablue.com\/blog\/wp-content\/uploads\/2020\/03\/Bienvenida-supermam\u00e1-1.jpg 500w, https:\/\/www.mumablue.com\/blog\/wp-content\/uploads\/2020\/03\/Bienvenida-supermam\u00e1-1-300x251.jpg 300w\" sizes=\"(max-width: 500px) 100vw, 500px\" \/><\/p>\n<div style='text-align:left' class='yasr-auto-insert-visitor'><\/div>","protected":false},"excerpt":{"rendered":"<p>\u00bfDe qu\u00e9 trata este podcast? Olivia y punto es un hilarante podcast de humor en el que una madre de tres hijos habla sin pelos en la lengua sobre c\u00f3mo afronta la maternidad. \u00daltimos cap\u00edtulos \u00bfTe acuerdas de cuando eras libre y no depend\u00edas de ni\u00f1os demandantes? \u00a1Yo no! Aquellos maravillosos a\u00f1os en los que [&hellip;]<\/p>\n","protected":false},"author":3,"featured_media":0,"parent":0,"menu_order":0,"comment_status":"closed","ping_status":"open","template":"","meta":{"yasr_overall_rating":0,"yasr_post_is_review":"","yasr_auto_insert_disabled":"","yasr_review_type":"BlogPosting"},"yasr_visitor_votes":{"number_of_votes":1,"sum_votes":4,"stars_attributes":{"read_only":false,"span_bottom":false}},"yoast_head":"<!-- This site is optimized with the Yoast SEO plugin v14.5 - https:\/\/yoast.com\/wordpress\/plugins\/seo\/ -->\n<meta name=\"description\" content=\"\u00a1Un hilarante podcast sobre la maternidad! Olivia, madre de tres hijos, aborda temas relacionados con la maternidad en clave de humor.\" \/>\n<meta name=\"robots\" content=\"index, follow\" \/>\n<meta name=\"googlebot\" content=\"index, follow, max-snippet:-1, max-image-preview:large, max-video-preview:-1\" \/>\n<meta name=\"bingbot\" content=\"index, follow, max-snippet:-1, max-image-preview:large, max-video-preview:-1\" \/>\n<link rel=\"canonical\" href=\"https:\/\/www.mumablue.com\/blog\/olivia-y-punto\/\" \/>\n<meta property=\"og:locale\" content=\"es_ES\" \/>\n<meta property=\"og:type\" content=\"article\" \/>\n<meta property=\"og:title\" content=\"Olivia y punto - Blog Mumablue\" \/>\n<meta property=\"og:description\" content=\"\u00a1Un hilarante podcast sobre la maternidad! Olivia, madre de tres hijos, aborda temas relacionados con la maternidad en clave de humor.\" \/>\n<meta property=\"og:url\" content=\"https:\/\/www.mumablue.com\/blog\/olivia-y-punto\/\" \/>\n<meta property=\"og:site_name\" content=\"Blog Mumablue\" \/>\n<meta property=\"article:publisher\" content=\"https:\/\/www.facebook.com\/mumablue\/\" \/>\n<meta property=\"article:modified_time\" content=\"2020-09-23T12:25:33+00:00\" \/>\n<meta property=\"og:image\" content=\"https:\/\/www.mumablue.com\/blog\/wp-content\/uploads\/2020\/03\/Bienvenida-supermam\u00e1-1.jpg\" \/>\n<meta name=\"twitter:card\" content=\"summary_large_image\" \/>\n<script type=\"application\/ld+json\" class=\"yoast-schema-graph\">{\"@context\":\"https:\/\/schema.org\",\"@graph\":[{\"@type\":\"Organization\",\"@id\":\"https:\/\/www.mumablue.com\/blog\/#organization\",\"name\":\"Mumablue\",\"url\":\"https:\/\/www.mumablue.com\/blog\/\",\"sameAs\":[\"https:\/\/www.facebook.com\/mumablue\/\",\"https:\/\/www.instagram.com\/mumablue\/?hl=es\"],\"logo\":{\"@type\":\"ImageObject\",\"@id\":\"https:\/\/www.mumablue.com\/blog\/#logo\",\"inLanguage\":\"es\",\"url\":\"https:\/\/www.mumablue.com\/blog\/wp-content\/uploads\/2020\/05\/Blog-Mumablue.png\",\"width\":749,\"height\":269,\"caption\":\"Mumablue\"},\"image\":{\"@id\":\"https:\/\/www.mumablue.com\/blog\/#logo\"}},{\"@type\":\"WebSite\",\"@id\":\"https:\/\/www.mumablue.com\/blog\/#website\",\"url\":\"https:\/\/www.mumablue.com\/blog\/\",\"name\":\"Blog Mumablue\",\"description\":\"Un blog de cuentos y audiocuentos gratis para ni\\u00f1os.\",\"publisher\":{\"@id\":\"https:\/\/www.mumablue.com\/blog\/#organization\"},\"potentialAction\":[{\"@type\":\"SearchAction\",\"target\":\"https:\/\/www.mumablue.com\/blog\/?s={search_term_string}\",\"query-input\":\"required name=search_term_string\"}],\"inLanguage\":\"es\"},{\"@type\":\"ImageObject\",\"@id\":\"https:\/\/www.mumablue.com\/blog\/olivia-y-punto\/#primaryimage\",\"inLanguage\":\"es\",\"url\":\"https:\/\/www.mumablue.com\/blog\/wp-content\/uploads\/2020\/03\/Bienvenida-supermam\\u00e1-1.jpg\",\"width\":500,\"height\":419,\"caption\":\"blog para madres\"},{\"@type\":\"WebPage\",\"@id\":\"https:\/\/www.mumablue.com\/blog\/olivia-y-punto\/#webpage\",\"url\":\"https:\/\/www.mumablue.com\/blog\/olivia-y-punto\/\",\"name\":\"Olivia y punto - Blog Mumablue\",\"isPartOf\":{\"@id\":\"https:\/\/www.mumablue.com\/blog\/#website\"},\"primaryImageOfPage\":{\"@id\":\"https:\/\/www.mumablue.com\/blog\/olivia-y-punto\/#primaryimage\"},\"datePublished\":\"2020-02-25T14:46:06+00:00\",\"dateModified\":\"2020-09-23T12:25:33+00:00\",\"description\":\"\\u00a1Un hilarante podcast sobre la maternidad! Olivia, madre de tres hijos, aborda temas relacionados con la maternidad en clave de humor.\",\"inLanguage\":\"es\",\"potentialAction\":[{\"@type\":\"ReadAction\",\"target\":[\"https:\/\/www.mumablue.com\/blog\/olivia-y-punto\/\"]}]}]}<\/script>\n<!-- \/ Yoast SEO plugin. -->","_links":{"self":[{"href":"https:\/\/www.mumablue.com\/blog\/wp-json\/wp\/v2\/pages\/185"}],"collection":[{"href":"https:\/\/www.mumablue.com\/blog\/wp-json\/wp\/v2\/pages"}],"about":[{"href":"https:\/\/www.mumablue.com\/blog\/wp-json\/wp\/v2\/types\/page"}],"author":[{"embeddable":true,"href":"https:\/\/www.mumablue.com\/blog\/wp-json\/wp\/v2\/users\/3"}],"replies":[{"embeddable":true,"href":"https:\/\/www.mumablue.com\/blog\/wp-json\/wp\/v2\/comments?post=185"}],"version-history":[{"count":16,"href":"https:\/\/www.mumablue.com\/blog\/wp-json\/wp\/v2\/pages\/185\/revisions"}],"predecessor-version":[{"id":2964,"href":"https:\/\/www.mumablue.com\/blog\/wp-json\/wp\/v2\/pages\/185\/revisions\/2964"}],"wp:attachment":[{"href":"https:\/\/www.mumablue.com\/blog\/wp-json\/wp\/v2\/media?parent=185"}],"curies":[{"name":"wp","href":"https:\/\/api.w.org\/{rel}","templated":true}]}}