{"id":1839,"date":"2020-07-23T17:23:02","date_gmt":"2020-07-23T17:23:02","guid":{"rendered":"https:\/\/mumablue.com\/blog\/?page_id=1839"},"modified":"2025-06-03T08:06:51","modified_gmt":"2025-06-03T08:06:51","slug":"nana-para-bebes-para-leer-o-cantar","status":"publish","type":"page","link":"https:\/\/www.mumablue.com\/blog\/nana-para-bebes-para-leer-o-cantar\/","title":{"rendered":"Nana para beb\u00e9s para leer o cantar"},"content":{"rendered":"<p><img decoding=\"async\" loading=\"lazy\" class=\"alignnone size-full wp-image-3432\" src=\"https:\/\/www.mumablue.com\/blog\/wp-content\/uploads\/2021\/01\/La-nana-invisible-2.jpg\" alt=\"Nana para beb\u00e9s \" width=\"500\" height=\"500\" srcset=\"https:\/\/www.mumablue.com\/blog\/wp-content\/uploads\/2021\/01\/La-nana-invisible-2.jpg 500w, https:\/\/www.mumablue.com\/blog\/wp-content\/uploads\/2021\/01\/La-nana-invisible-2-300x300.jpg 300w, https:\/\/www.mumablue.com\/blog\/wp-content\/uploads\/2021\/01\/La-nana-invisible-2-150x150.jpg 150w\" sizes=\"(max-width: 500px) 100vw, 500px\" \/><\/p>\n<p>Te dejamos una nana para beb\u00e9s, un poema que puedes leerle a tu beb\u00e9 sobre la m\u00fasica que te dejamos o cantarle invent\u00e1ndote una melod\u00eda. Como poema, tambi\u00e9n es adecuado para ni\u00f1os m\u00e1s mayores y adultos con gusto por la poes\u00eda.<\/p>\n<p><iframe loading=\"lazy\" style=\"border-radius: 12px;\" src=\"https:\/\/open.spotify.com\/embed\/track\/5FutzDzOCbNETpdyoAIcAG?utm_source=generator\" width=\"600\" height=\"100\" frameborder=\"0\" allowfullscreen=\"allowfullscreen\"><span data-mce-type=\"bookmark\" style=\"display: inline-block; width: 0px; overflow: hidden; line-height: 0;\" class=\"mce_SELRES_start\">\ufeff<\/span><\/iframe><\/p>\n<h2 style=\"text-align: center;\">La nana invisible<\/h2>\n<p style=\"text-align: center;\">Al Pa\u00eds de los Sue\u00f1os se abre una puerta<br \/>\ndonde mientras t\u00fa duermes otros despiertan.<br \/>\nNana, nana invisible, trozo de cielo.<br \/>\nDu\u00e9rmete despacito, no tengas miedo.<\/p>\n<p style=\"text-align: center;\">Es un mundo de almohadas y de edredones<br \/>\nque permite dar saltos en los colchones.<br \/>\nNana, nana invisible, plumas de pato.<br \/>\nDu\u00e9rmete, cabecita de garabato.<\/p>\n<p style=\"text-align: center;\">All\u00ed siempre es de noche, brillan estrellas,<br \/>\nprenden sus farolillos ya las luci\u00e9rnagas.<br \/>\nNana, nana invisible, polvo de hada.<br \/>\nDu\u00e9rmete en un abrazo, no temas nada.<\/p>\n<p style=\"text-align: center;\">De silencio se alzan altos castillos,<br \/>\nhabla el campo en susurros, cantan los grillos.<br \/>\nNana, nana invisible, cola de nube.<br \/>\nDu\u00e9rmete, que la luna ya al cielo sube.<\/p>\n<p style=\"text-align: center;\">La lechuza y el b\u00faho guardan los sue\u00f1os<br \/>\nde los ni\u00f1os y ni\u00f1as que son peque\u00f1os.<br \/>\nNana, nana invisible, lunares rojos.<br \/>\nDu\u00e9rmete con un beso, cierra los ojos.<\/p>\n<p style=\"text-align: center;\">El Pa\u00eds de los Sue\u00f1os te est\u00e1 esperando,<br \/>\nenvuelto en mantita suave y en lecho blando.<br \/>\nNana, nana invisible, mam\u00e1 te mece.<br \/>\nDu\u00e9rmete que esta nana desaparece.<\/p>\n<p>&nbsp;<\/p>\n<h2>Nana para beb\u00e9s para escuchar<\/h2>\n<p>\u00bfTe gustar\u00eda ver c\u00f3mo queda esta bonita nana para beb\u00e9s recitada por nosotros? Te dejamos un audio enriquecido con m\u00fasica y efectos sonoros que evocan la noche. \u00a1Es una preciosidad! Os va a encantar.<\/p>\n<h6><script src=\"https:\/\/www.buzzsprout.com\/937792\/3882506-la-nana-invisible.js?container_id=buzzsprout-player-3882506&#038;player=small\" type=\"text\/javascript\" charset=\"utf-8\"><\/script>M\u00fasica: CC0 <span style=\"color: #3366ff;\"><a style=\"color: #3366ff;\" href=\"https:\/\/freepd.com\/romantic.php\" target=\"_blank\" rel=\"noopener noreferrer\">Lovely Piano Song<\/a><\/span>, de Rafael Krux.<\/h6>\n<h2>Un cuento para que tu peque duerma solo en su camita<\/h2>\n<p>En Mumablue <strong>somos especialistas en la edici\u00f3n de cuentos personalizados en papel.<\/strong> Recientemente hemos lanzado <span style=\"color: #3366ff;\"><a style=\"color: #3366ff;\" href=\"https:\/\/www.mumablue.com\/esp\/nuestros-cuentos-personalizados\/libro-personalizado-aprender-dormir-solo?utm_source=blog&amp;utm_medium=link&amp;utm_campaign=p\u00e1ginas-audiocuentos&amp;utm_content=nana-bebes\">\u00ab(Nombre de tu peque) duerme en su camita\u00bb<\/a><\/span>, un relato lleno de ternura que se convierte en una \u00fatil herramienta para los pap\u00e1s y mam\u00e1s que est\u00e1n pasando por la etapa de ense\u00f1ar a su peque a dormir solo. Te invitamos a personalizarlo y hacerle un regalo inolvidable. Mira qu\u00e9 bonito es \ud83d\ude0d<\/p>\n<p><img decoding=\"async\" loading=\"lazy\" class=\"alignnone\" src=\"https:\/\/www.mumablue.com\/assets\/images\/product\/2503_cuento_camita\/gallery-image-es-3.jpg\" alt=\"cuento para aprender a dormir solo\" width=\"1390\" height=\"1176\" \/><\/p>\n<p>Si te ha gustado esta nana para beb\u00e9s, el resto de nuestros cuentos y poemas te van a maravillar. Puedes encontrar m\u00e1s poemas de Mumablue en nuestra p\u00e1gina de <span style=\"color: #3366ff;\"><a style=\"color: #3366ff;\" href=\"https:\/\/www.mumablue.com\/blog\/poesias-para-ninos-cortas\/\">poes\u00edas para ni\u00f1os<\/a><\/span> cortas, divertidas y con valores. \u00a1Ver\u00e1s qu\u00e9 chulas son!<\/p>\n<div style='text-align:left' class='yasr-auto-insert-visitor'><\/div>","protected":false},"excerpt":{"rendered":"<p>Te dejamos una nana para beb\u00e9s, un poema que puedes leerle a tu beb\u00e9 sobre la m\u00fasica que te dejamos o cantarle invent\u00e1ndote una melod\u00eda. Como poema, tambi\u00e9n es adecuado para ni\u00f1os m\u00e1s mayores y adultos con gusto por la poes\u00eda. \ufeff La nana invisible Al Pa\u00eds de los Sue\u00f1os se abre una puerta donde [&hellip;]<\/p>\n","protected":false},"author":6,"featured_media":0,"parent":0,"menu_order":0,"comment_status":"closed","ping_status":"closed","template":"","meta":{"yasr_overall_rating":0,"yasr_post_is_review":"","yasr_auto_insert_disabled":"","yasr_review_type":""},"yasr_visitor_votes":{"number_of_votes":249,"sum_votes":1107,"stars_attributes":{"read_only":false,"span_bottom":false}},"yoast_head":"<!-- This site is optimized with the Yoast SEO plugin v14.5 - https:\/\/yoast.com\/wordpress\/plugins\/seo\/ -->\n<meta name=\"description\" content=\"&quot;La nana invisible&quot; es una bonita nana para beb\u00e9s, llena de dulzura, para que se la puedas cantar a tu peque o recitarla sobre esta preciosa m\u00fasica.\" \/>\n<meta name=\"robots\" content=\"index, follow\" \/>\n<meta name=\"googlebot\" content=\"index, follow, max-snippet:-1, max-image-preview:large, max-video-preview:-1\" \/>\n<meta name=\"bingbot\" content=\"index, follow, max-snippet:-1, max-image-preview:large, max-video-preview:-1\" \/>\n<link rel=\"canonical\" href=\"https:\/\/www.mumablue.com\/blog\/nana-para-bebes-para-leer-o-cantar\/\" \/>\n<meta property=\"og:locale\" content=\"es_ES\" \/>\n<meta property=\"og:type\" content=\"article\" \/>\n<meta property=\"og:title\" content=\"Nana para beb\u00e9s para leer o cantar - Blog Mumablue\" \/>\n<meta property=\"og:description\" content=\"&quot;La nana invisible&quot; es una bonita nana para beb\u00e9s, llena de dulzura, para que se la puedas cantar a tu peque o recitarla sobre esta preciosa m\u00fasica.\" \/>\n<meta property=\"og:url\" content=\"https:\/\/www.mumablue.com\/blog\/nana-para-bebes-para-leer-o-cantar\/\" \/>\n<meta property=\"og:site_name\" content=\"Blog Mumablue\" \/>\n<meta property=\"article:publisher\" content=\"https:\/\/www.facebook.com\/mumablue\/\" \/>\n<meta property=\"article:modified_time\" content=\"2025-06-03T08:06:51+00:00\" \/>\n<meta property=\"og:image\" content=\"https:\/\/www.mumablue.com\/blog\/wp-content\/uploads\/2021\/01\/La-nana-invisible-2.jpg\" \/>\n<meta name=\"twitter:card\" content=\"summary_large_image\" \/>\n<script type=\"application\/ld+json\" class=\"yoast-schema-graph\">{\"@context\":\"https:\/\/schema.org\",\"@graph\":[{\"@type\":\"Organization\",\"@id\":\"https:\/\/www.mumablue.com\/blog\/#organization\",\"name\":\"Mumablue\",\"url\":\"https:\/\/www.mumablue.com\/blog\/\",\"sameAs\":[\"https:\/\/www.facebook.com\/mumablue\/\",\"https:\/\/www.instagram.com\/mumablue\/?hl=es\"],\"logo\":{\"@type\":\"ImageObject\",\"@id\":\"https:\/\/www.mumablue.com\/blog\/#logo\",\"inLanguage\":\"es\",\"url\":\"https:\/\/www.mumablue.com\/blog\/wp-content\/uploads\/2020\/05\/Blog-Mumablue.png\",\"width\":749,\"height\":269,\"caption\":\"Mumablue\"},\"image\":{\"@id\":\"https:\/\/www.mumablue.com\/blog\/#logo\"}},{\"@type\":\"WebSite\",\"@id\":\"https:\/\/www.mumablue.com\/blog\/#website\",\"url\":\"https:\/\/www.mumablue.com\/blog\/\",\"name\":\"Blog Mumablue\",\"description\":\"Un blog de cuentos y audiocuentos gratis para ni\\u00f1os.\",\"publisher\":{\"@id\":\"https:\/\/www.mumablue.com\/blog\/#organization\"},\"potentialAction\":[{\"@type\":\"SearchAction\",\"target\":\"https:\/\/www.mumablue.com\/blog\/?s={search_term_string}\",\"query-input\":\"required name=search_term_string\"}],\"inLanguage\":\"es\"},{\"@type\":\"ImageObject\",\"@id\":\"https:\/\/www.mumablue.com\/blog\/nana-para-bebes-para-leer-o-cantar\/#primaryimage\",\"inLanguage\":\"es\",\"url\":\"https:\/\/www.mumablue.com\/blog\/wp-content\/uploads\/2021\/01\/La-nana-invisible-2.jpg\",\"width\":500,\"height\":500,\"caption\":\"Nana para beb\\u00e9s\"},{\"@type\":\"WebPage\",\"@id\":\"https:\/\/www.mumablue.com\/blog\/nana-para-bebes-para-leer-o-cantar\/#webpage\",\"url\":\"https:\/\/www.mumablue.com\/blog\/nana-para-bebes-para-leer-o-cantar\/\",\"name\":\"Nana para beb\\u00e9s para leer o cantar - Blog Mumablue\",\"isPartOf\":{\"@id\":\"https:\/\/www.mumablue.com\/blog\/#website\"},\"primaryImageOfPage\":{\"@id\":\"https:\/\/www.mumablue.com\/blog\/nana-para-bebes-para-leer-o-cantar\/#primaryimage\"},\"datePublished\":\"2020-07-23T17:23:02+00:00\",\"dateModified\":\"2025-06-03T08:06:51+00:00\",\"description\":\"\\\"La nana invisible\\\" es una bonita nana para beb\\u00e9s, llena de dulzura, para que se la puedas cantar a tu peque o recitarla sobre esta preciosa m\\u00fasica.\",\"inLanguage\":\"es\",\"potentialAction\":[{\"@type\":\"ReadAction\",\"target\":[\"https:\/\/www.mumablue.com\/blog\/nana-para-bebes-para-leer-o-cantar\/\"]}]}]}<\/script>\n<!-- \/ Yoast SEO plugin. -->","_links":{"self":[{"href":"https:\/\/www.mumablue.com\/blog\/wp-json\/wp\/v2\/pages\/1839"}],"collection":[{"href":"https:\/\/www.mumablue.com\/blog\/wp-json\/wp\/v2\/pages"}],"about":[{"href":"https:\/\/www.mumablue.com\/blog\/wp-json\/wp\/v2\/types\/page"}],"author":[{"embeddable":true,"href":"https:\/\/www.mumablue.com\/blog\/wp-json\/wp\/v2\/users\/6"}],"replies":[{"embeddable":true,"href":"https:\/\/www.mumablue.com\/blog\/wp-json\/wp\/v2\/comments?post=1839"}],"version-history":[{"count":18,"href":"https:\/\/www.mumablue.com\/blog\/wp-json\/wp\/v2\/pages\/1839\/revisions"}],"predecessor-version":[{"id":7645,"href":"https:\/\/www.mumablue.com\/blog\/wp-json\/wp\/v2\/pages\/1839\/revisions\/7645"}],"wp:attachment":[{"href":"https:\/\/www.mumablue.com\/blog\/wp-json\/wp\/v2\/media?parent=1839"}],"curies":[{"name":"wp","href":"https:\/\/api.w.org\/{rel}","templated":true}]}}