{"id":1821,"date":"2020-07-22T13:45:55","date_gmt":"2020-07-22T13:45:55","guid":{"rendered":"https:\/\/mumablue.com\/blog\/?page_id=1821"},"modified":"2025-06-03T08:23:17","modified_gmt":"2025-06-03T08:23:17","slug":"poema-de-humor-para-ninos","status":"publish","type":"page","link":"https:\/\/www.mumablue.com\/blog\/poema-de-humor-para-ninos\/","title":{"rendered":"Poema de humor para ni\u00f1os sobre dragones"},"content":{"rendered":"<p><img decoding=\"async\" loading=\"lazy\" class=\"alignnone size-full wp-image-3436\" src=\"https:\/\/www.mumablue.com\/blog\/wp-content\/uploads\/2021\/01\/He-capturado-un-drag\u00f3n-2.jpg\" alt=\"poema de humor para ni\u00f1os\" width=\"500\" height=\"500\" srcset=\"https:\/\/www.mumablue.com\/blog\/wp-content\/uploads\/2021\/01\/He-capturado-un-drag\u00f3n-2.jpg 500w, https:\/\/www.mumablue.com\/blog\/wp-content\/uploads\/2021\/01\/He-capturado-un-drag\u00f3n-2-300x300.jpg 300w, https:\/\/www.mumablue.com\/blog\/wp-content\/uploads\/2021\/01\/He-capturado-un-drag\u00f3n-2-150x150.jpg 150w\" sizes=\"(max-width: 500px) 100vw, 500px\" \/><\/p>\n<p>\u00bfHay algo m\u00e1s emocionante que capturar un drag\u00f3n? En este poema de humor para ni\u00f1os damos las claves de un buen cazador, para que ning\u00fan ni\u00f1o se quede sin su drag\u00f3n. Adem\u00e1s, para darle a\u00fan m\u00e1s emoci\u00f3n, puedes poner esta m\u00fasica de fondo y crear ambiente.<\/p>\n<p><iframe style=\"border: 0; width: 100%; height: 42px;\" src=\"https:\/\/bandcamp.com\/EmbeddedPlayer\/album=1560542386\/size=small\/bgcol=ffffff\/linkcol=0687f5\/track=893338958\/transparent=true\/\" seamless=\"\"><a href=\"http:\/\/alexandernakarada.bandcamp.com\/album\/complete-discography-creative-commons-by-40\">Complete Discography (Creative Commons BY 4.0) by Alexander Nakarada<\/a><\/iframe><\/p>\n<p><a href=\"https:\/\/www.mumablue.com\/esp\/nuestros-cuentos-personalizados\/la-magia-del-nombre-mi-nino?utm_source=blog&amp;utm_medium=banner&amp;utm_campaign=p\u00e1ginas-audiocuentos&amp;utm_content=poema-humor\"><img decoding=\"async\" loading=\"lazy\" class=\"alignnone wp-image-5043 size-full\" src=\"https:\/\/www.mumablue.com\/blog\/wp-content\/uploads\/2021\/09\/Cuento-de-Fantas\u00eda.jpg\" alt=\"Cuentos de fantas\u00eda\" width=\"715\" height=\"162\" srcset=\"https:\/\/www.mumablue.com\/blog\/wp-content\/uploads\/2021\/09\/Cuento-de-Fantas\u00eda.jpg 715w, https:\/\/www.mumablue.com\/blog\/wp-content\/uploads\/2021\/09\/Cuento-de-Fantas\u00eda-300x68.jpg 300w, https:\/\/www.mumablue.com\/blog\/wp-content\/uploads\/2021\/09\/Cuento-de-Fantas\u00eda-624x141.jpg 624w\" sizes=\"(max-width: 715px) 100vw, 715px\" \/><\/a><\/p>\n<h2 style=\"text-align: center;\">\u00a1He capturado un drag\u00f3n!<\/h2>\n<p style=\"text-align: center;\">Para cazar un drag\u00f3n<br \/>\nhace falta decisi\u00f3n<br \/>\ny una caja de cart\u00f3n.<\/p>\n<p style=\"text-align: center;\">Si es un drag\u00f3n gigante<br \/>\nusa una caja rodante<br \/>\ny pon un cebo parlante.<\/p>\n<p style=\"text-align: center;\">Para bestias chiquitillas,<br \/>\nuna caja de cerillas<br \/>\ncon braseadas costillas.<\/p>\n<p style=\"text-align: center;\">Necesitar\u00e1s sosiego,<br \/>\nun casco que aguante el fuego<br \/>\ny una manguera de riego.<\/p>\n<p style=\"text-align: center;\">Si se enfada, lo mejor,<br \/>\nes tener un extintor<br \/>\ncontra el fuego abrasador.<\/p>\n<p style=\"text-align: center;\">Un chubasquero antillamas,<br \/>\nun plan con un diagrama,<br \/>\nel cintur\u00f3n del pijama.<\/p>\n<p style=\"text-align: center;\">Necesitar\u00e1s galletas,<br \/>\natacar dando piruetas<br \/>\ny tambi\u00e9n&#8230; \u00a1una corneta!<\/p>\n<p style=\"text-align: center;\">Una espada de madera,<br \/>\n\u00a1No queremos que se muera!<br \/>\nEl cristal de una vidriera.<\/p>\n<p style=\"text-align: center;\">Algo que borre tus huellas,<br \/>\nla punta de dos estrellas;<br \/>\npor si acaso, abrebotellas.<\/p>\n<p style=\"text-align: center;\">Cuando tengas todo listo<br \/>\nhaz creer que no lo has visto,<br \/>\n\u00a1de ventaja ir\u00e1s provisto!<\/p>\n<p style=\"text-align: center;\">Ac\u00e9rcate sigiloso<br \/>\nal atravesar el foso,<br \/>\nsi no, lo pondr\u00e1s furioso.<\/p>\n<p style=\"text-align: center;\">Una vez est\u00e9s delante,<br \/>\nacar\u00edcialo un instante<br \/>\nantes de que se levante.<\/p>\n<p style=\"text-align: center;\">Dile que eres su amigo,<br \/>\nque vaya a jugar contigo.<br \/>\n\u00a1Bromea sobre su ombligo!<\/p>\n<p style=\"text-align: center;\">Para cazar un drag\u00f3n<br \/>\nhace falta precauci\u00f3n<br \/>\ny tener buen coraz\u00f3n.<\/p>\n<p>&nbsp;<\/p>\n<h2>Audiopoes\u00eda \u00a1He capturado a un drag\u00f3n!<\/h2>\n<p>\u00bfQuieres escuchar este gracioso poema de humor para ni\u00f1os recitado por nosotros? Aqu\u00ed te lo dejamos en formato audiocuento, con unos efectos de sonido la mar de divertidos.<\/p>\n<h6><script src=\"https:\/\/www.buzzsprout.com\/937792\/4058945-he-capturado-un-dragon.js?container_id=buzzsprout-player-4058945&#038;player=small\" type=\"text\/javascript\" charset=\"utf-8\"><\/script>M\u00fasica: CC 4.0 <span style=\"color: #3366ff;\"><a style=\"color: #3366ff;\" href=\"https:\/\/alexandernakarada.bandcamp.com\/track\/overture-2\" target=\"_blank\" rel=\"noopener noreferrer\">Overture<\/a><\/span>, Alexander Nakarada<\/h6>\n<h2>Otros poemas de humor para ni\u00f1os<\/h2>\n<p>Estamos seguros de que tu peque se ha divertido de lo lindo con este poema de humor para ni\u00f1os. Puedes encontrar muchos m\u00e1s en nuestra p\u00e1gina de <a href=\"https:\/\/www.mumablue.com\/blog\/poesias-para-ninos-cortas\/\"><span style=\"color: #3366ff;\">poes\u00edas para ni\u00f1os<\/span><\/a>.<\/p>\n<div style='text-align:left' class='yasr-auto-insert-visitor'><\/div>","protected":false},"excerpt":{"rendered":"<p>\u00bfHay algo m\u00e1s emocionante que capturar un drag\u00f3n? En este poema de humor para ni\u00f1os damos las claves de un buen cazador, para que ning\u00fan ni\u00f1o se quede sin su drag\u00f3n. Adem\u00e1s, para darle a\u00fan m\u00e1s emoci\u00f3n, puedes poner esta m\u00fasica de fondo y crear ambiente. Complete Discography (Creative Commons BY 4.0) by Alexander Nakarada [&hellip;]<\/p>\n","protected":false},"author":6,"featured_media":0,"parent":0,"menu_order":0,"comment_status":"closed","ping_status":"closed","template":"","meta":{"yasr_overall_rating":0,"yasr_post_is_review":"","yasr_auto_insert_disabled":"","yasr_review_type":""},"yasr_visitor_votes":{"number_of_votes":110,"sum_votes":476,"stars_attributes":{"read_only":false,"span_bottom":false}},"yoast_head":"<!-- This site is optimized with the Yoast SEO plugin v14.5 - https:\/\/yoast.com\/wordpress\/plugins\/seo\/ -->\n<meta name=\"description\" content=\"&quot;\u00a1He capturado a un drag\u00f3n!&quot; es un poema de humor para ni\u00f1os donde se dan divertidas pautas para convertise en un at\u00e9ntico cazador. \u00a1Incluye m\u00fasica!\" \/>\n<meta name=\"robots\" content=\"index, follow\" \/>\n<meta name=\"googlebot\" content=\"index, follow, max-snippet:-1, max-image-preview:large, max-video-preview:-1\" \/>\n<meta name=\"bingbot\" content=\"index, follow, max-snippet:-1, max-image-preview:large, max-video-preview:-1\" \/>\n<link rel=\"canonical\" href=\"https:\/\/www.mumablue.com\/blog\/poema-de-humor-para-ninos\/\" \/>\n<meta property=\"og:locale\" content=\"es_ES\" \/>\n<meta property=\"og:type\" content=\"article\" \/>\n<meta property=\"og:title\" content=\"Poema de humor para ni\u00f1os sobre dragones - Blog Mumablue\" \/>\n<meta property=\"og:description\" content=\"&quot;\u00a1He capturado a un drag\u00f3n!&quot; es un poema de humor para ni\u00f1os donde se dan divertidas pautas para convertise en un at\u00e9ntico cazador. \u00a1Incluye m\u00fasica!\" \/>\n<meta property=\"og:url\" content=\"https:\/\/www.mumablue.com\/blog\/poema-de-humor-para-ninos\/\" \/>\n<meta property=\"og:site_name\" content=\"Blog Mumablue\" \/>\n<meta property=\"article:publisher\" content=\"https:\/\/www.facebook.com\/mumablue\/\" \/>\n<meta property=\"article:modified_time\" content=\"2025-06-03T08:23:17+00:00\" \/>\n<meta property=\"og:image\" content=\"https:\/\/www.mumablue.com\/blog\/wp-content\/uploads\/2021\/01\/He-capturado-un-drag\u00f3n-2.jpg\" \/>\n<meta name=\"twitter:card\" content=\"summary_large_image\" \/>\n<script type=\"application\/ld+json\" class=\"yoast-schema-graph\">{\"@context\":\"https:\/\/schema.org\",\"@graph\":[{\"@type\":\"Organization\",\"@id\":\"https:\/\/www.mumablue.com\/blog\/#organization\",\"name\":\"Mumablue\",\"url\":\"https:\/\/www.mumablue.com\/blog\/\",\"sameAs\":[\"https:\/\/www.facebook.com\/mumablue\/\",\"https:\/\/www.instagram.com\/mumablue\/?hl=es\"],\"logo\":{\"@type\":\"ImageObject\",\"@id\":\"https:\/\/www.mumablue.com\/blog\/#logo\",\"inLanguage\":\"es\",\"url\":\"https:\/\/www.mumablue.com\/blog\/wp-content\/uploads\/2020\/05\/Blog-Mumablue.png\",\"width\":749,\"height\":269,\"caption\":\"Mumablue\"},\"image\":{\"@id\":\"https:\/\/www.mumablue.com\/blog\/#logo\"}},{\"@type\":\"WebSite\",\"@id\":\"https:\/\/www.mumablue.com\/blog\/#website\",\"url\":\"https:\/\/www.mumablue.com\/blog\/\",\"name\":\"Blog Mumablue\",\"description\":\"Un blog de cuentos y audiocuentos gratis para ni\\u00f1os.\",\"publisher\":{\"@id\":\"https:\/\/www.mumablue.com\/blog\/#organization\"},\"potentialAction\":[{\"@type\":\"SearchAction\",\"target\":\"https:\/\/www.mumablue.com\/blog\/?s={search_term_string}\",\"query-input\":\"required name=search_term_string\"}],\"inLanguage\":\"es\"},{\"@type\":\"ImageObject\",\"@id\":\"https:\/\/www.mumablue.com\/blog\/poema-de-humor-para-ninos\/#primaryimage\",\"inLanguage\":\"es\",\"url\":\"https:\/\/www.mumablue.com\/blog\/wp-content\/uploads\/2021\/01\/He-capturado-un-drag\\u00f3n-2.jpg\",\"width\":500,\"height\":500,\"caption\":\"poema de humor para ni\\u00f1os\"},{\"@type\":\"WebPage\",\"@id\":\"https:\/\/www.mumablue.com\/blog\/poema-de-humor-para-ninos\/#webpage\",\"url\":\"https:\/\/www.mumablue.com\/blog\/poema-de-humor-para-ninos\/\",\"name\":\"Poema de humor para ni\\u00f1os sobre dragones - Blog Mumablue\",\"isPartOf\":{\"@id\":\"https:\/\/www.mumablue.com\/blog\/#website\"},\"primaryImageOfPage\":{\"@id\":\"https:\/\/www.mumablue.com\/blog\/poema-de-humor-para-ninos\/#primaryimage\"},\"datePublished\":\"2020-07-22T13:45:55+00:00\",\"dateModified\":\"2025-06-03T08:23:17+00:00\",\"description\":\"\\\"\\u00a1He capturado a un drag\\u00f3n!\\\" es un poema de humor para ni\\u00f1os donde se dan divertidas pautas para convertise en un at\\u00e9ntico cazador. \\u00a1Incluye m\\u00fasica!\",\"inLanguage\":\"es\",\"potentialAction\":[{\"@type\":\"ReadAction\",\"target\":[\"https:\/\/www.mumablue.com\/blog\/poema-de-humor-para-ninos\/\"]}]}]}<\/script>\n<!-- \/ Yoast SEO plugin. -->","_links":{"self":[{"href":"https:\/\/www.mumablue.com\/blog\/wp-json\/wp\/v2\/pages\/1821"}],"collection":[{"href":"https:\/\/www.mumablue.com\/blog\/wp-json\/wp\/v2\/pages"}],"about":[{"href":"https:\/\/www.mumablue.com\/blog\/wp-json\/wp\/v2\/types\/page"}],"author":[{"embeddable":true,"href":"https:\/\/www.mumablue.com\/blog\/wp-json\/wp\/v2\/users\/6"}],"replies":[{"embeddable":true,"href":"https:\/\/www.mumablue.com\/blog\/wp-json\/wp\/v2\/comments?post=1821"}],"version-history":[{"count":17,"href":"https:\/\/www.mumablue.com\/blog\/wp-json\/wp\/v2\/pages\/1821\/revisions"}],"predecessor-version":[{"id":7650,"href":"https:\/\/www.mumablue.com\/blog\/wp-json\/wp\/v2\/pages\/1821\/revisions\/7650"}],"wp:attachment":[{"href":"https:\/\/www.mumablue.com\/blog\/wp-json\/wp\/v2\/media?parent=1821"}],"curies":[{"name":"wp","href":"https:\/\/api.w.org\/{rel}","templated":true}]}}