{"id":1808,"date":"2020-07-23T09:18:29","date_gmt":"2020-07-23T09:18:29","guid":{"rendered":"https:\/\/mumablue.com\/blog\/?page_id=1808"},"modified":"2023-03-22T17:17:03","modified_gmt":"2023-03-22T17:17:03","slug":"poema-para-ninos-corto","status":"publish","type":"page","link":"https:\/\/www.mumablue.com\/blog\/poema-para-ninos-corto\/","title":{"rendered":"Poema para ni\u00f1os corto sobre vampiros + audiopoema"},"content":{"rendered":"<p><img decoding=\"async\" loading=\"lazy\" class=\"alignnone wp-image-3029 size-full\" title=\"Poema para ni\u00f1os corto sobre vampiros\" src=\"https:\/\/www.mumablue.com\/blog\/wp-content\/uploads\/2020\/10\/poemas-infantiles.jpg\" alt=\"\" width=\"500\" height=\"500\" srcset=\"https:\/\/www.mumablue.com\/blog\/wp-content\/uploads\/2020\/10\/poemas-infantiles.jpg 500w, https:\/\/www.mumablue.com\/blog\/wp-content\/uploads\/2020\/10\/poemas-infantiles-300x300.jpg 300w, https:\/\/www.mumablue.com\/blog\/wp-content\/uploads\/2020\/10\/poemas-infantiles-150x150.jpg 150w\" sizes=\"(max-width: 500px) 100vw, 500px\" \/><\/p>\n<p>Los m\u00e1s peques van a disfrutar de lo lindo con este poema para ni\u00f1os corto , uno de los m\u00e1s exitosos de nuestros audiocuentos Mumablue. Pueden leerlo ellos mismos o le\u00e9rselo t\u00fa sobre esta m\u00fasica que te dejamos para crear un ambiente misterioso.<\/p>\n<!--[if lt IE 9]><script>document.createElement('audio');<\/script><![endif]-->\n<audio class=\"wp-audio-shortcode\" id=\"audio-1808-1\" preload=\"none\" style=\"width: 100%;\" controls=\"controls\"><source type=\"audio\/ogg\" src=\"https:\/\/www.mumablue.com\/blog\/wp-content\/uploads\/2020\/07\/Footsteps-in-the-Attic-Arthur-Fordsworthy.ogg?_=1\" \/><a href=\"https:\/\/www.mumablue.com\/blog\/wp-content\/uploads\/2020\/07\/Footsteps-in-the-Attic-Arthur-Fordsworthy.ogg\">https:\/\/www.mumablue.com\/blog\/wp-content\/uploads\/2020\/07\/Footsteps-in-the-Attic-Arthur-Fordsworthy.ogg<\/a><\/audio>\n<h6>M\u00fasica: CC0 <span style=\"color: #3366ff;\"><a style=\"color: #3366ff;\" href=\"https:\/\/freepd.com\/horror.php\" target=\"_blank\" rel=\"noopener noreferrer\">Footsteps in the Attic<\/a>,<\/span> por Arthur Fordsworthy<\/h6>\n<p>&nbsp;<\/p>\n<h2 style=\"text-align: center;\">La peque\u00f1a vampira<\/h2>\n<p style=\"text-align: center;\">A la peque\u00f1a vampira<br \/>\nno le gustaba la sangre,<br \/>\nprefer\u00eda el zumo de pi\u00f1a<br \/>\nporque le quitaba el hambre.<\/p>\n<p style=\"text-align: center;\">-\u00bfD\u00f3nde se ha visto una ni\u00f1a<br \/>\nque beba zumo de pi\u00f1a?<\/p>\n<p style=\"text-align: center;\">Sus padres siempre insist\u00edan:<br \/>\n\u201cla sangre contiene hierro\u201d,<br \/>\npero la ni\u00f1a vampira<br \/>\nprefer\u00eda el pur\u00e9 de puerro.<\/p>\n<p style=\"text-align: center;\">-\u00bfAcaso es vegetariana?<br \/>\nEl caso es que est\u00e1 muy sana<\/p>\n<p style=\"text-align: center;\">A la peque\u00f1a vampira<br \/>\nno le gustaba la noche,<br \/>\nprefer\u00eda las ma\u00f1anas<br \/>\ndesde que iba en carricoche<\/p>\n<p style=\"text-align: center;\">-\u00bfD\u00f3nde se ha visto una ni\u00f1a<br \/>\nque busque la luz del sol?<\/p>\n<p style=\"text-align: center;\">Sus abuelos le advert\u00edan:<br \/>\n\u201cte van a salir lunares\u201d,<br \/>\npero la ni\u00f1a vampira<br \/>\nquer\u00eda descubrir lugares.<\/p>\n<p style=\"text-align: center;\">-\u00a1Nuestras ni\u00f1as desayunan<br \/>\nsiempre a la luz de la luna!<\/p>\n<p style=\"text-align: center;\">A la peque\u00f1a vampira<br \/>\nle espantaba el cementerio,<br \/>\nprefer\u00eda un adosado<br \/>\nsin fantasmas ni misterio.<\/p>\n<p style=\"text-align: center;\">-\u00bfD\u00f3nde se ha visto una ni\u00f1a<br \/>\nhabitando en un chal\u00e9?<\/p>\n<p style=\"text-align: center;\">Sus amigos presum\u00edan<br \/>\nde vivir en panteones,<br \/>\npero a la ni\u00f1a vampira<br \/>\nle parec\u00edan barracones.<\/p>\n<p style=\"text-align: center;\">-Lo de esta ni\u00f1a es complejo&#8230;<br \/>\n\u00a1Se refleja en los espejos!<\/p>\n<blockquote>\n<h3><img decoding=\"async\" loading=\"lazy\" class=\"alignnone wp-image-583 ls-is-cached lazyloaded\" src=\"https:\/\/www.mumablue.com\/blog\/wp-content\/uploads\/2020\/03\/favicon.ico\" alt=\"\" width=\"44\" height=\"44\" data-src=\"https:\/\/www.mumablue.com\/blog\/wp-content\/uploads\/2020\/03\/favicon.ico\" \/>\u00a0\u00a0<span style=\"color: #800080;\">\u00a1Descubre <\/span><span style=\"color: #3366ff;\"><a style=\"color: #3366ff;\" href=\"https:\/\/www.mumablue.com\/blog\/cuentos-de-halloween-para-ninos-gratis-audiocuentos\/\" target=\"_blank\" rel=\"noopener\">cuentos de vampiros<\/a><\/span>\u00a0<span style=\"color: #800080;\">gratis!<\/span><\/h3>\n<\/blockquote>\n<h2>Poema para ni\u00f1os corto para escuchar: La peque\u00f1a vampira<\/h2>\n<p>\u00bfOs ha gustado este poema para ni\u00f1os corto? Pod\u00e9is volverlo a escuchar, esta vez le\u00eddo por nosotros. En esta audiopoes\u00eda, Mumablue crea un ambiente aut\u00e9nticamente misteriosos gracias a la combinaci\u00f3n de la m\u00fasica y los efectos sonoros. \u00a1Es la magia de la radio!<\/p>\n<div id=\"buzzsprout-player-3199969\"><\/div>\n<h6><script src=\"https:\/\/www.buzzsprout.com\/937792\/3199969-la-pequena-vampira.js?container_id=buzzsprout-player-3199969&#038;player=small\" type=\"text\/javascript\" charset=\"utf-8\"><\/script>M\u00fasica: CC0 <span style=\"color: #3366ff;\"><a style=\"color: #3366ff;\" href=\"https:\/\/freepd.com\/horror.php\" target=\"_blank\" rel=\"noopener noreferrer\">Footsteps in the Attic<\/a>,<\/span> por Arthur Fordsworthy<\/h6>\n<p>Deseamos que tu peque haya disfrutado de este <span style=\"color: #3366ff;\"><a style=\"color: #3366ff;\" href=\"https:\/\/www.mumablue.com\/blog\/poesias-para-ninos-cortas\/\">poes\u00edas para ni\u00f1os cortas<\/a><\/span>. Puedes encontrar muchos otros la p\u00e1gina de Poes\u00eda para ni\u00f1os de Mumablue. \u00a1No os los perd\u00e1is!<\/p>\n<div style='text-align:left' class='yasr-auto-insert-visitor'><\/div>","protected":false},"excerpt":{"rendered":"<p>Los m\u00e1s peques van a disfrutar de lo lindo con este poema para ni\u00f1os corto , uno de los m\u00e1s exitosos de nuestros audiocuentos Mumablue. Pueden leerlo ellos mismos o le\u00e9rselo t\u00fa sobre esta m\u00fasica que te dejamos para crear un ambiente misterioso. M\u00fasica: CC0 Footsteps in the Attic, por Arthur Fordsworthy &nbsp; La peque\u00f1a [&hellip;]<\/p>\n","protected":false},"author":6,"featured_media":0,"parent":0,"menu_order":0,"comment_status":"closed","ping_status":"closed","template":"","meta":{"yasr_overall_rating":0,"yasr_post_is_review":"","yasr_auto_insert_disabled":"","yasr_review_type":"BlogPosting"},"yasr_visitor_votes":{"number_of_votes":133,"sum_votes":575,"stars_attributes":{"read_only":false,"span_bottom":false}},"yoast_head":"<!-- This site is optimized with the Yoast SEO plugin v14.5 - https:\/\/yoast.com\/wordpress\/plugins\/seo\/ -->\n<meta name=\"description\" content=\"&quot;La peque\u00f1a vampira&quot; es un poema para ni\u00f1os corto de gran \u00e9xito. Incluye m\u00fasica para que lo recites creando ambiente misterioso y un audiocuento gratis.\" \/>\n<meta name=\"robots\" content=\"index, follow\" \/>\n<meta name=\"googlebot\" content=\"index, follow, max-snippet:-1, max-image-preview:large, max-video-preview:-1\" \/>\n<meta name=\"bingbot\" content=\"index, follow, max-snippet:-1, max-image-preview:large, max-video-preview:-1\" \/>\n<link rel=\"canonical\" href=\"https:\/\/www.mumablue.com\/blog\/poema-para-ninos-corto\/\" \/>\n<meta property=\"og:locale\" content=\"es_ES\" \/>\n<meta property=\"og:type\" content=\"article\" \/>\n<meta property=\"og:title\" content=\"Poema para ni\u00f1os corto sobre vampiros + audiopoema - Blog Mumablue\" \/>\n<meta property=\"og:description\" content=\"&quot;La peque\u00f1a vampira&quot; es un poema para ni\u00f1os corto de gran \u00e9xito. Incluye m\u00fasica para que lo recites creando ambiente misterioso y un audiocuento gratis.\" \/>\n<meta property=\"og:url\" content=\"https:\/\/www.mumablue.com\/blog\/poema-para-ninos-corto\/\" \/>\n<meta property=\"og:site_name\" content=\"Blog Mumablue\" \/>\n<meta property=\"article:publisher\" content=\"https:\/\/www.facebook.com\/mumablue\/\" \/>\n<meta property=\"article:modified_time\" content=\"2023-03-22T17:17:03+00:00\" \/>\n<meta property=\"og:image\" content=\"https:\/\/www.mumablue.com\/blog\/wp-content\/uploads\/2020\/10\/poemas-infantiles.jpg\" \/>\n<meta name=\"twitter:card\" content=\"summary_large_image\" \/>\n<script type=\"application\/ld+json\" class=\"yoast-schema-graph\">{\"@context\":\"https:\/\/schema.org\",\"@graph\":[{\"@type\":\"Organization\",\"@id\":\"https:\/\/www.mumablue.com\/blog\/#organization\",\"name\":\"Mumablue\",\"url\":\"https:\/\/www.mumablue.com\/blog\/\",\"sameAs\":[\"https:\/\/www.facebook.com\/mumablue\/\",\"https:\/\/www.instagram.com\/mumablue\/?hl=es\"],\"logo\":{\"@type\":\"ImageObject\",\"@id\":\"https:\/\/www.mumablue.com\/blog\/#logo\",\"inLanguage\":\"es\",\"url\":\"https:\/\/www.mumablue.com\/blog\/wp-content\/uploads\/2020\/05\/Blog-Mumablue.png\",\"width\":749,\"height\":269,\"caption\":\"Mumablue\"},\"image\":{\"@id\":\"https:\/\/www.mumablue.com\/blog\/#logo\"}},{\"@type\":\"WebSite\",\"@id\":\"https:\/\/www.mumablue.com\/blog\/#website\",\"url\":\"https:\/\/www.mumablue.com\/blog\/\",\"name\":\"Blog Mumablue\",\"description\":\"Un blog de cuentos y audiocuentos gratis para ni\\u00f1os.\",\"publisher\":{\"@id\":\"https:\/\/www.mumablue.com\/blog\/#organization\"},\"potentialAction\":[{\"@type\":\"SearchAction\",\"target\":\"https:\/\/www.mumablue.com\/blog\/?s={search_term_string}\",\"query-input\":\"required name=search_term_string\"}],\"inLanguage\":\"es\"},{\"@type\":\"ImageObject\",\"@id\":\"https:\/\/www.mumablue.com\/blog\/poema-para-ninos-corto\/#primaryimage\",\"inLanguage\":\"es\",\"url\":\"https:\/\/www.mumablue.com\/blog\/wp-content\/uploads\/2020\/10\/poemas-infantiles.jpg\",\"width\":500,\"height\":500},{\"@type\":\"WebPage\",\"@id\":\"https:\/\/www.mumablue.com\/blog\/poema-para-ninos-corto\/#webpage\",\"url\":\"https:\/\/www.mumablue.com\/blog\/poema-para-ninos-corto\/\",\"name\":\"Poema para ni\\u00f1os corto sobre vampiros + audiopoema - Blog Mumablue\",\"isPartOf\":{\"@id\":\"https:\/\/www.mumablue.com\/blog\/#website\"},\"primaryImageOfPage\":{\"@id\":\"https:\/\/www.mumablue.com\/blog\/poema-para-ninos-corto\/#primaryimage\"},\"datePublished\":\"2020-07-23T09:18:29+00:00\",\"dateModified\":\"2023-03-22T17:17:03+00:00\",\"description\":\"\\\"La peque\\u00f1a vampira\\\" es un poema para ni\\u00f1os corto de gran \\u00e9xito. Incluye m\\u00fasica para que lo recites creando ambiente misterioso y un audiocuento gratis.\",\"inLanguage\":\"es\",\"potentialAction\":[{\"@type\":\"ReadAction\",\"target\":[\"https:\/\/www.mumablue.com\/blog\/poema-para-ninos-corto\/\"]}]}]}<\/script>\n<!-- \/ Yoast SEO plugin. -->","_links":{"self":[{"href":"https:\/\/www.mumablue.com\/blog\/wp-json\/wp\/v2\/pages\/1808"}],"collection":[{"href":"https:\/\/www.mumablue.com\/blog\/wp-json\/wp\/v2\/pages"}],"about":[{"href":"https:\/\/www.mumablue.com\/blog\/wp-json\/wp\/v2\/types\/page"}],"author":[{"embeddable":true,"href":"https:\/\/www.mumablue.com\/blog\/wp-json\/wp\/v2\/users\/6"}],"replies":[{"embeddable":true,"href":"https:\/\/www.mumablue.com\/blog\/wp-json\/wp\/v2\/comments?post=1808"}],"version-history":[{"count":16,"href":"https:\/\/www.mumablue.com\/blog\/wp-json\/wp\/v2\/pages\/1808\/revisions"}],"predecessor-version":[{"id":6772,"href":"https:\/\/www.mumablue.com\/blog\/wp-json\/wp\/v2\/pages\/1808\/revisions\/6772"}],"wp:attachment":[{"href":"https:\/\/www.mumablue.com\/blog\/wp-json\/wp\/v2\/media?parent=1808"}],"curies":[{"name":"wp","href":"https:\/\/api.w.org\/{rel}","templated":true}]}}