{"id":1786,"date":"2020-07-23T09:10:33","date_gmt":"2020-07-23T09:10:33","guid":{"rendered":"https:\/\/mumablue.com\/blog\/?page_id=1786"},"modified":"2021-01-08T15:52:16","modified_gmt":"2021-01-08T15:52:16","slug":"poema-corto-para-ninos","status":"publish","type":"page","link":"https:\/\/www.mumablue.com\/blog\/poema-corto-para-ninos\/","title":{"rendered":"Poema corto para ni\u00f1os sobre los cuentos"},"content":{"rendered":"<p><img decoding=\"async\" loading=\"lazy\" class=\"alignnone size-full wp-image-3428\" src=\"https:\/\/www.mumablue.com\/blog\/wp-content\/uploads\/2021\/01\/poes\u00edas-para-ni\u00f1os-2.jpg\" alt=\"poema corto para ni\u00f1os\" width=\"500\" height=\"500\" srcset=\"https:\/\/www.mumablue.com\/blog\/wp-content\/uploads\/2021\/01\/poes\u00edas-para-ni\u00f1os-2.jpg 500w, https:\/\/www.mumablue.com\/blog\/wp-content\/uploads\/2021\/01\/poes\u00edas-para-ni\u00f1os-2-300x300.jpg 300w, https:\/\/www.mumablue.com\/blog\/wp-content\/uploads\/2021\/01\/poes\u00edas-para-ni\u00f1os-2-150x150.jpg 150w\" sizes=\"(max-width: 500px) 100vw, 500px\" \/><\/p>\n<p>Aqu\u00ed tienes un poema corto para ni\u00f1os, puede leerlo tu peque o se lo puedes leer t\u00fa. En cualquier caso, la sorpresa es que pongas de fondo esta m\u00fasica que te dejamos, para crear ambiente medieval.<\/p>\n<p><iframe style=\"border: 0; width: 100%; height: 42px;\" src=\"https:\/\/bandcamp.com\/EmbeddedPlayer\/album=1560542386\/size=small\/bgcol=ffffff\/linkcol=0687f5\/track=716500510\/transparent=true\/\" seamless=\"\"><a href=\"http:\/\/alexandernakarada.bandcamp.com\/album\/complete-discography-creative-commons-by-40\">Complete Discography (Creative Commons BY 4.0) by Alexander Nakarada<\/a><\/iframe><\/p>\n<h2 style=\"text-align: center;\">El cuento al rev\u00e9s<\/h2>\n<p style=\"text-align: center;\">\u00c9rase una vez un<br \/>\ncuento al rev\u00e9s,<br \/>\ndonde el lobo no era malo<br \/>\nni los cerdos eran tres.<\/p>\n<p style=\"text-align: center;\">\u00c9rase una vez,<br \/>\n\u00e9rase que se era,<br \/>\nun gran barco pirata<br \/>\nsin vig\u00eda ni bandera.<\/p>\n<p style=\"text-align: center;\">En el cuento al rev\u00e9s<br \/>\nno exist\u00edan las princesas,<br \/>\nlos calderos herv\u00edan<br \/>\ncon sirope de fresa.<\/p>\n<p style=\"text-align: center;\">\u00c9rase una vez,<br \/>\n\u00e9rase que se era,<br \/>\nun drag\u00f3n sin tesoro,<br \/>\nsin doncella ni cueva.<\/p>\n<p style=\"text-align: center;\">En el cuento al rev\u00e9s<br \/>\neran feas las sirenas,<br \/>\nPulgarcito era enorme<br \/>\ny las brujas, buenas.<\/p>\n<p style=\"text-align: center;\">\u00c9rase una vez,<br \/>\n\u00e9rase que se era,<br \/>\nunas hadas malvadas<br \/>\nque viv\u00edan en chumberas.<\/p>\n<p style=\"text-align: center;\">En el cuento al rev\u00e9s<br \/>\nno se viaja en calesa,<br \/>\nni los besos de un pr\u00edncipe<br \/>\nresucitan princesas.<\/p>\n<p style=\"text-align: center;\">\u00c9rase una vez un<br \/>\ncuento al rev\u00e9s.<br \/>\nSi lo quieres entender,<br \/>\nesc\u00fachalo otra vez.<\/p>\n<p style=\"text-align: center;\">Y color\u00edn, colorado,<br \/>\neste cuento hemos cambiado.<\/p>\n<h2>Audiopoes\u00eda \u00abEl cuento al rev\u00e9s\u00bb<\/h2>\n<p>Esperamos que este poema corto para ni\u00f1os os haya resultado divertido y bonito de leer. Si lo prefer\u00eds, os lo recitamos nosotros.<\/p>\n<h6><script src=\"https:\/\/www.buzzsprout.com\/937792\/3225547-el-cuento-al-reves.js?container_id=buzzsprout-player-3225547&#038;player=small\" type=\"text\/javascript\" charset=\"utf-8\"><\/script>M\u00fasica: CC0 <span style=\"color: #3366ff;\"><a style=\"color: #3366ff;\" href=\"https:\/\/alexandernakarada.bandcamp.com\/track\/nomadic-sunset-3\" target=\"_blank\" rel=\"noopener noreferrer\">Nomadic Sunset<\/a><\/span>, por Alexander Nakarada.<\/h6>\n<h2>\u00a1Quiero otro poema corto para ni\u00f1os!<\/h2>\n<p>\u00bfTe ha gustado este poema escrito por Mumbalue? Descubre otros <span style=\"color: #3366ff;\"><a style=\"color: #3366ff;\" href=\"https:\/\/www.mumablue.com\/blog\/poesias-para-ninos-cortas\/\">poes\u00edas para ni\u00f1os<\/a><\/span> de Mumablue. \u00a1Tenemos muchos m\u00e1s! Adem\u00e1s, puedes encontrar entretenidos y maravillosos cuentos en prosa creados por nuestro equipo de duendes escritores. Cada poema o cuento se completa con su audiocuento correpondiente, porque, aunque sabemos que no hay nada m\u00e1s extraordinario para un ni\u00f1o que escuchar los cuentos y poemas de la voz de sus pap\u00e1s, a veces viene bien un respiro. Adem\u00e1s, los audiocuentos Mumablue est\u00e1n ambientados con m\u00fasicas y enriquecidos con efectos sonoros, lo que convierte su escucha en una experiencia aut\u00e9nticamente evocadora e inmersiva.<\/p>\n<div style='text-align:left' class='yasr-auto-insert-visitor'><\/div>","protected":false},"excerpt":{"rendered":"<p>Aqu\u00ed tienes un poema corto para ni\u00f1os, puede leerlo tu peque o se lo puedes leer t\u00fa. En cualquier caso, la sorpresa es que pongas de fondo esta m\u00fasica que te dejamos, para crear ambiente medieval. Complete Discography (Creative Commons BY 4.0) by Alexander Nakarada El cuento al rev\u00e9s \u00c9rase una vez un cuento al [&hellip;]<\/p>\n","protected":false},"author":6,"featured_media":0,"parent":0,"menu_order":0,"comment_status":"closed","ping_status":"closed","template":"","meta":{"yasr_overall_rating":0,"yasr_post_is_review":"","yasr_auto_insert_disabled":"","yasr_review_type":"BlogPosting"},"yasr_visitor_votes":{"number_of_votes":102,"sum_votes":462,"stars_attributes":{"read_only":false,"span_bottom":false}},"yoast_head":"<!-- This site is optimized with the Yoast SEO plugin v14.5 - https:\/\/yoast.com\/wordpress\/plugins\/seo\/ -->\n<meta name=\"description\" content=\"&quot;Un cuento al rev\u00e9s&quot; es un poema corto para ni\u00f1os en el que nada es como deber\u00eda. Incluye una m\u00fasica para poner de fondo al recitarlo. \u00a1Le\u00e9selo!\" \/>\n<meta name=\"robots\" content=\"index, follow\" \/>\n<meta name=\"googlebot\" content=\"index, follow, max-snippet:-1, max-image-preview:large, max-video-preview:-1\" \/>\n<meta name=\"bingbot\" content=\"index, follow, max-snippet:-1, max-image-preview:large, max-video-preview:-1\" \/>\n<link rel=\"canonical\" href=\"https:\/\/www.mumablue.com\/blog\/poema-corto-para-ninos\/\" \/>\n<meta property=\"og:locale\" content=\"es_ES\" \/>\n<meta property=\"og:type\" content=\"article\" \/>\n<meta property=\"og:title\" content=\"Poema corto para ni\u00f1os sobre los cuentos - Blog Mumablue\" \/>\n<meta property=\"og:description\" content=\"&quot;Un cuento al rev\u00e9s&quot; es un poema corto para ni\u00f1os en el que nada es como deber\u00eda. Incluye una m\u00fasica para poner de fondo al recitarlo. \u00a1Le\u00e9selo!\" \/>\n<meta property=\"og:url\" content=\"https:\/\/www.mumablue.com\/blog\/poema-corto-para-ninos\/\" \/>\n<meta property=\"og:site_name\" content=\"Blog Mumablue\" \/>\n<meta property=\"article:publisher\" content=\"https:\/\/www.facebook.com\/mumablue\/\" \/>\n<meta property=\"article:modified_time\" content=\"2021-01-08T15:52:16+00:00\" \/>\n<meta property=\"og:image\" content=\"https:\/\/www.mumablue.com\/blog\/wp-content\/uploads\/2021\/01\/poes\u00edas-para-ni\u00f1os-2.jpg\" \/>\n<meta name=\"twitter:card\" content=\"summary_large_image\" \/>\n<script type=\"application\/ld+json\" class=\"yoast-schema-graph\">{\"@context\":\"https:\/\/schema.org\",\"@graph\":[{\"@type\":\"Organization\",\"@id\":\"https:\/\/www.mumablue.com\/blog\/#organization\",\"name\":\"Mumablue\",\"url\":\"https:\/\/www.mumablue.com\/blog\/\",\"sameAs\":[\"https:\/\/www.facebook.com\/mumablue\/\",\"https:\/\/www.instagram.com\/mumablue\/?hl=es\"],\"logo\":{\"@type\":\"ImageObject\",\"@id\":\"https:\/\/www.mumablue.com\/blog\/#logo\",\"inLanguage\":\"es\",\"url\":\"https:\/\/www.mumablue.com\/blog\/wp-content\/uploads\/2020\/05\/Blog-Mumablue.png\",\"width\":749,\"height\":269,\"caption\":\"Mumablue\"},\"image\":{\"@id\":\"https:\/\/www.mumablue.com\/blog\/#logo\"}},{\"@type\":\"WebSite\",\"@id\":\"https:\/\/www.mumablue.com\/blog\/#website\",\"url\":\"https:\/\/www.mumablue.com\/blog\/\",\"name\":\"Blog Mumablue\",\"description\":\"Un blog de cuentos y audiocuentos gratis para ni\\u00f1os.\",\"publisher\":{\"@id\":\"https:\/\/www.mumablue.com\/blog\/#organization\"},\"potentialAction\":[{\"@type\":\"SearchAction\",\"target\":\"https:\/\/www.mumablue.com\/blog\/?s={search_term_string}\",\"query-input\":\"required name=search_term_string\"}],\"inLanguage\":\"es\"},{\"@type\":\"ImageObject\",\"@id\":\"https:\/\/www.mumablue.com\/blog\/poema-corto-para-ninos\/#primaryimage\",\"inLanguage\":\"es\",\"url\":\"https:\/\/www.mumablue.com\/blog\/wp-content\/uploads\/2021\/01\/poes\\u00edas-para-ni\\u00f1os-2.jpg\",\"width\":500,\"height\":500,\"caption\":\"poema corto para ni\\u00f1os\"},{\"@type\":\"WebPage\",\"@id\":\"https:\/\/www.mumablue.com\/blog\/poema-corto-para-ninos\/#webpage\",\"url\":\"https:\/\/www.mumablue.com\/blog\/poema-corto-para-ninos\/\",\"name\":\"Poema corto para ni\\u00f1os sobre los cuentos - Blog Mumablue\",\"isPartOf\":{\"@id\":\"https:\/\/www.mumablue.com\/blog\/#website\"},\"primaryImageOfPage\":{\"@id\":\"https:\/\/www.mumablue.com\/blog\/poema-corto-para-ninos\/#primaryimage\"},\"datePublished\":\"2020-07-23T09:10:33+00:00\",\"dateModified\":\"2021-01-08T15:52:16+00:00\",\"description\":\"\\\"Un cuento al rev\\u00e9s\\\" es un poema corto para ni\\u00f1os en el que nada es como deber\\u00eda. Incluye una m\\u00fasica para poner de fondo al recitarlo. \\u00a1Le\\u00e9selo!\",\"inLanguage\":\"es\",\"potentialAction\":[{\"@type\":\"ReadAction\",\"target\":[\"https:\/\/www.mumablue.com\/blog\/poema-corto-para-ninos\/\"]}]}]}<\/script>\n<!-- \/ Yoast SEO plugin. -->","_links":{"self":[{"href":"https:\/\/www.mumablue.com\/blog\/wp-json\/wp\/v2\/pages\/1786"}],"collection":[{"href":"https:\/\/www.mumablue.com\/blog\/wp-json\/wp\/v2\/pages"}],"about":[{"href":"https:\/\/www.mumablue.com\/blog\/wp-json\/wp\/v2\/types\/page"}],"author":[{"embeddable":true,"href":"https:\/\/www.mumablue.com\/blog\/wp-json\/wp\/v2\/users\/6"}],"replies":[{"embeddable":true,"href":"https:\/\/www.mumablue.com\/blog\/wp-json\/wp\/v2\/comments?post=1786"}],"version-history":[{"count":15,"href":"https:\/\/www.mumablue.com\/blog\/wp-json\/wp\/v2\/pages\/1786\/revisions"}],"predecessor-version":[{"id":3431,"href":"https:\/\/www.mumablue.com\/blog\/wp-json\/wp\/v2\/pages\/1786\/revisions\/3431"}],"wp:attachment":[{"href":"https:\/\/www.mumablue.com\/blog\/wp-json\/wp\/v2\/media?parent=1786"}],"curies":[{"name":"wp","href":"https:\/\/api.w.org\/{rel}","templated":true}]}}