{"id":1771,"date":"2020-07-22T11:40:34","date_gmt":"2020-07-22T11:40:34","guid":{"rendered":"https:\/\/mumablue.com\/blog\/?page_id=1771"},"modified":"2025-06-03T08:19:40","modified_gmt":"2025-06-03T08:19:40","slug":"mitologia-griega-para-ninos","status":"publish","type":"page","link":"https:\/\/www.mumablue.com\/blog\/mitologia-griega-para-ninos\/","title":{"rendered":"Mitolog\u00eda griega para ni\u00f1os: el mito de Eco + audiocuento"},"content":{"rendered":"<p><img decoding=\"async\" loading=\"lazy\" class=\"alignnone size-full wp-image-3515\" src=\"https:\/\/www.mumablue.com\/blog\/wp-content\/uploads\/2021\/01\/El-mito-de-Eco-2.jpg\" alt=\"mitolog\u00eda griega para ni\u00f1os\" width=\"500\" height=\"500\" srcset=\"https:\/\/www.mumablue.com\/blog\/wp-content\/uploads\/2021\/01\/El-mito-de-Eco-2.jpg 500w, https:\/\/www.mumablue.com\/blog\/wp-content\/uploads\/2021\/01\/El-mito-de-Eco-2-300x300.jpg 300w, https:\/\/www.mumablue.com\/blog\/wp-content\/uploads\/2021\/01\/El-mito-de-Eco-2-150x150.jpg 150w\" sizes=\"(max-width: 500px) 100vw, 500px\" \/><\/p>\n<p>Aqu\u00ed tienes una sorprendente propuesta de mitolog\u00eda griega para ni\u00f1os. Los mitos, por lo general, est\u00e1n narrados de un modo muy duro y expl\u00edcito. En<span style=\"color: #3366ff;\"> <a style=\"color: #3366ff;\" href=\"https:\/\/www.mumablue.com\/?utm_source=blog&amp;utm_medium=link&amp;utm_campaign=p\u00e1ginas-audiocuentos&amp;utm_content=mitologia-griega\">Mumablue<\/a><\/span> queremos que los ni\u00f1os conozcan los mitos de la cultura cl\u00e1sica y aprendan de qu\u00e9 modo, a trav\u00e9s de ellos, los antiguos hombres explicaban el mundo. En este mito se explica el origen del eco desde esa perspectiva mitol\u00f3gica tan atractiva.<\/p>\n<h2>Audiocuento El mito de Eco<\/h2>\n<p>\u00a1La mitolog\u00eda cl\u00e1sica para ni\u00f1os tambi\u00e9n se puede escuchar! Si lo prefieres, este cuento se lo contamos nosotros.<\/p>\n<h6><script src=\"https:\/\/www.buzzsprout.com\/937792\/3829139-el-mito-de-eco.js?container_id=buzzsprout-player-3829139&amp;player=small\" type=\"text\/javascript\" charset=\"utf-8\"><\/script>M\u00fasica: CC 0 <span style=\"color: #3366ff;\"><a style=\"color: #3366ff;\" href=\"https:\/\/freepd.com\/world.php\" target=\"_blank\" rel=\"noopener noreferrer\">Connecting Rainbows<\/a><\/span>, por Kevin MacLeod<\/h6>\n<p>\u00bfPrefieres le\u00e9rselo t\u00fa? \u00a1Claro! A continuaci\u00f3n puedes encontrar el texto de este cuento. Adem\u00e1s, te dejamos una m\u00fasica de arpa para que se lo leas a tu peque y puedas recrear el ambiente cl\u00e1sico.<\/p>\n<p><iframe loading=\"lazy\" title=\"YouTube video player\" src=\"https:\/\/www.youtube.com\/embed\/LMYQc11pcds\" width=\"560\" height=\"60\" frameborder=\"0\" allowfullscreen=\"allowfullscreen\"><\/iframe><\/p>\n<h2>Mitolog\u00eda griega para ni\u00f1os: El mito de Eco<\/h2>\n<p><span style=\"font-weight: 400;\">Hace mucho, mucho tiempo, en un remoto lugar del Monte Helic\u00f3n naci\u00f3 una ninfa de la monta\u00f1a llamada Eco. All\u00ed fue criada por otras ninfas y educada por las Musas, esas que dicen que inspiran a los poetas. Pasaron los a\u00f1os y Eco se convirti\u00f3 en una joven muy hermosa. Pero su mayor virtud era que pose\u00eda una preciosa voz. De su boca sal\u00edan las palabras m\u00e1s bellas jam\u00e1s pronunciadas y todo aquel que la escuchaba quedaba embelesado.\u00a0<\/span><\/p>\n<p><span style=\"font-weight: 400;\">Tan bonita era su voz que la existencia de Eco lleg\u00f3 a o\u00eddos de Hera, la diosa de la Guerra. Hera tuvo miedo de que Zeus, su marido y dios del Olimpo, se enamorara de Eco al escuchar su maravillosa voz.\u00a0<\/span><\/p>\n<p><span style=\"font-weight: 400;\">Un d\u00eda, Zeus estaba en el bosque jugando con las ninfas cuando apareci\u00f3 Hera, muy enfadada. Eco quiso ayudar a sus amigas, y entretuvo a Hera con su agradable conversaci\u00f3n mientras Zeus hu\u00eda. Pero Hera no se dej\u00f3 cautivar por aquella preciosa voz y se dio cuenta del enga\u00f1o. Muy enfadada, quiso darle a Eco un escarmiento:<\/span><\/p>\n<p><span style=\"font-weight: 400;\">&#8211; Eco, has tratado de enga\u00f1arme y mereces un castigo: a partir de este momento perder\u00e1s el control sobre tu voz. Y como veo que te gusta tanto tener la \u00faltima palabra, te condeno a responder con la \u00faltima palabra que escuches, por toda la eternidad -conden\u00f3.<\/span><\/p>\n<p><span style=\"font-weight: 400;\">Cargando con la maldici\u00f3n de Hera, avergonzada, Eco se refugi\u00f3 en una cueva. Hasta que un d\u00eda, se enamor\u00f3 de Narciso, un bello joven que pastoreaba ovejas. Eco se dio cuenta de que, por culpa de su maldici\u00f3n, nunca podr\u00eda declararle su amor. As\u00ed que Eco le segu\u00eda, sigiliosa, escondi\u00e9ndose entre los \u00e1rboles. Se conformaba con poder mirarle desde lejos. Pero una ma\u00f1ana, sin querer, Eco pis\u00f3 una rama y fue descubierta por Narciso.\u00a0<\/span><span style=\"font-weight: 400;\">Eco le pidi\u00f3, entonces, ayuda a los animales para que le dijeran a Narciso el amor que sent\u00eda por \u00e9l, pero \u00e9ste se burl\u00f3 de ella. <\/span><\/p>\n<p><span style=\"font-weight: 400;\">Desde entonces Eco vive recluida en su cueva, alejada del mundo, condenada a repetir la \u00faltima palabra que diga cualquier persona. Este es el origen del eco, seg\u00fan la mitolog\u00eda griega.<\/span><\/p>\n<h2>Curiosidades sobre el eco<\/h2>\n<p><span style=\"font-weight: 400;\">Los mitos son historias ficticias, como los cuentos, con las que <strong>los hombres antiguos trataban de explicar el mundo y todos aquellos fen\u00f3menos que escapaban a su entendimiento<\/strong>. En nuestro cuento de hoy, os hemos contado una historia con la que los antiguos griegos trataban de explicar el fen\u00f3meno f\u00edsico del eco.\u00a0<\/span><\/p>\n<p><span style=\"font-weight: 400;\">El eco es un fen\u00f3meno f\u00edsico ac\u00fastico que se produce cuando las ondas del sonido rebotan en una superficie y regresan de nuevo hacia la persona u objeto que emite el sonido. <strong>\u00a1Es parecido a cuando un espejo refleja los rayos del sol!<\/strong><\/span><\/p>\n<p><span style=\"font-weight: 400;\">Que haya eco depende del lugar en el que nos encontremos, por ejemplo <strong>es m\u00e1s f\u00e1cil que haya eco si estamos dentro de una cueva o entre las monta\u00f1as<\/strong>. Para saber si hay eco tendremos que gritar alguna palabra, por ejemplo: \u00a1chocolate!, y esperar entre uno y diez segundos. Si en ese tiempo la palabra regresa hasta nuestros o\u00eddos, es que hay eco. \u00a1El eco es s\u00faper divertido!<\/span><\/p>\n<p><span style=\"font-weight: 400;\">Pero el eco no s\u00f3lo sirve para divertirse, tambi\u00e9n tiene algunas utilidades. Por ejemplo, <strong>los navegantes lo utilizan para saber si est\u00e1n cerca de un iceberg en los d\u00edas de niebla<\/strong>, y algunos animales tambi\u00e9n lo usan para orientarse. Los delfines consiguen desplazarse en las profundidades marinas gracias al eco, ya que el fondo del mar est\u00e1 muy oscuro. \u00a1Y los murci\u00e9lagos utilizan el eco para volar de noche y no chocarse contra los objetos!<\/span><\/p>\n<p><span style=\"font-weight: 400;\">En Espa\u00f1a estamos m\u00e1s familiarizados con las mitolog\u00edas latina y griega, pero existen muchas otras. <strong>Todos los pueblos antiguos inventaron sus propios mitos<\/strong>, por ejemplo los egipcios, los mayas o los vikingos. Algunos mitos se parecen mucho aunque surgieran en lugares muy distintos y muy alejados, pero otros son exclusivos de cada cultura o regi\u00f3n. \u00a1Lo que siempre tienen en com\u00fan es que est\u00e1n protagonizados por dioses, h\u00e9roes o seres fant\u00e1sticos!<\/span><\/p>\n<h2>M\u00e1s mitolog\u00eda griega para ni\u00f1os<\/h2>\n<p>Esperamos que os haya gustado nuestra forma de enfocar el mito de Eco. La mitolog\u00eda griega para ni\u00f1os es una extraordinaria herramienta para iniciarles, a trav\u00e9s del relato, en la comprensi\u00f3n de la cultura cl\u00e1sica. Puedes descubrir otros mitos cl\u00e1sicos sobre diferentes h\u00e9roes y dioses en nuestra p\u00e1gina <span style=\"color: #3366ff;\"><a style=\"color: #3366ff;\" href=\"https:\/\/www.mumablue.com\/blog\/cuentos-infantiles-para-leer-cortos-gratis\/\">cuentos infantiles para leer<\/a><\/span>, ya que iremos subiendo peri\u00f3dicamente.<\/p>\n<p>Adem\u00e1s de mitos, los ni\u00f1os pueden acceder a cuentos cl\u00e1sicos, obras sencillas de la literatura universal, cuentos propios y muy exitosos y poemas infantiles con autor\u00eda de Mumablue.<\/p>\n<div style='text-align:left' class='yasr-auto-insert-visitor'><\/div>","protected":false},"excerpt":{"rendered":"<p>Aqu\u00ed tienes una sorprendente propuesta de mitolog\u00eda griega para ni\u00f1os. Los mitos, por lo general, est\u00e1n narrados de un modo muy duro y expl\u00edcito. En Mumablue queremos que los ni\u00f1os conozcan los mitos de la cultura cl\u00e1sica y aprendan de qu\u00e9 modo, a trav\u00e9s de ellos, los antiguos hombres explicaban el mundo. En este mito [&hellip;]<\/p>\n","protected":false},"author":6,"featured_media":0,"parent":0,"menu_order":0,"comment_status":"closed","ping_status":"closed","template":"","meta":{"yasr_overall_rating":0,"yasr_post_is_review":"","yasr_auto_insert_disabled":"","yasr_review_type":""},"yasr_visitor_votes":{"number_of_votes":26,"sum_votes":115,"stars_attributes":{"read_only":false,"span_bottom":false}},"yoast_head":"<!-- This site is optimized with the Yoast SEO plugin v14.5 - https:\/\/yoast.com\/wordpress\/plugins\/seo\/ -->\n<meta name=\"description\" content=\"El mito de Eco es uno de los m\u00e1s atractivos dentro de la mitolog\u00eda griega para ni\u00f1os, pues trata de explicar un fen\u00f3meno ac\u00fastico que enamora a los peques.\" \/>\n<meta name=\"robots\" content=\"index, follow\" \/>\n<meta name=\"googlebot\" content=\"index, follow, max-snippet:-1, max-image-preview:large, max-video-preview:-1\" \/>\n<meta name=\"bingbot\" content=\"index, follow, max-snippet:-1, max-image-preview:large, max-video-preview:-1\" \/>\n<link rel=\"canonical\" href=\"https:\/\/www.mumablue.com\/blog\/mitologia-griega-para-ninos\/\" \/>\n<meta property=\"og:locale\" content=\"es_ES\" \/>\n<meta property=\"og:type\" content=\"article\" \/>\n<meta property=\"og:title\" content=\"Mitolog\u00eda griega para ni\u00f1os: el mito de Eco + audiocuento - Blog Mumablue\" \/>\n<meta property=\"og:description\" content=\"El mito de Eco es uno de los m\u00e1s atractivos dentro de la mitolog\u00eda griega para ni\u00f1os, pues trata de explicar un fen\u00f3meno ac\u00fastico que enamora a los peques.\" \/>\n<meta property=\"og:url\" content=\"https:\/\/www.mumablue.com\/blog\/mitologia-griega-para-ninos\/\" \/>\n<meta property=\"og:site_name\" content=\"Blog Mumablue\" \/>\n<meta property=\"article:publisher\" content=\"https:\/\/www.facebook.com\/mumablue\/\" \/>\n<meta property=\"article:modified_time\" content=\"2025-06-03T08:19:40+00:00\" \/>\n<meta property=\"og:image\" content=\"https:\/\/www.mumablue.com\/blog\/wp-content\/uploads\/2021\/01\/El-mito-de-Eco-2.jpg\" \/>\n<meta name=\"twitter:card\" content=\"summary_large_image\" \/>\n<script type=\"application\/ld+json\" class=\"yoast-schema-graph\">{\"@context\":\"https:\/\/schema.org\",\"@graph\":[{\"@type\":\"Organization\",\"@id\":\"https:\/\/www.mumablue.com\/blog\/#organization\",\"name\":\"Mumablue\",\"url\":\"https:\/\/www.mumablue.com\/blog\/\",\"sameAs\":[\"https:\/\/www.facebook.com\/mumablue\/\",\"https:\/\/www.instagram.com\/mumablue\/?hl=es\"],\"logo\":{\"@type\":\"ImageObject\",\"@id\":\"https:\/\/www.mumablue.com\/blog\/#logo\",\"inLanguage\":\"es\",\"url\":\"https:\/\/www.mumablue.com\/blog\/wp-content\/uploads\/2020\/05\/Blog-Mumablue.png\",\"width\":749,\"height\":269,\"caption\":\"Mumablue\"},\"image\":{\"@id\":\"https:\/\/www.mumablue.com\/blog\/#logo\"}},{\"@type\":\"WebSite\",\"@id\":\"https:\/\/www.mumablue.com\/blog\/#website\",\"url\":\"https:\/\/www.mumablue.com\/blog\/\",\"name\":\"Blog Mumablue\",\"description\":\"Un blog de cuentos y audiocuentos gratis para ni\\u00f1os.\",\"publisher\":{\"@id\":\"https:\/\/www.mumablue.com\/blog\/#organization\"},\"potentialAction\":[{\"@type\":\"SearchAction\",\"target\":\"https:\/\/www.mumablue.com\/blog\/?s={search_term_string}\",\"query-input\":\"required name=search_term_string\"}],\"inLanguage\":\"es\"},{\"@type\":\"ImageObject\",\"@id\":\"https:\/\/www.mumablue.com\/blog\/mitologia-griega-para-ninos\/#primaryimage\",\"inLanguage\":\"es\",\"url\":\"https:\/\/www.mumablue.com\/blog\/wp-content\/uploads\/2021\/01\/El-mito-de-Eco-2.jpg\",\"width\":500,\"height\":500,\"caption\":\"mitolog\\u00eda griega para ni\\u00f1os\"},{\"@type\":\"WebPage\",\"@id\":\"https:\/\/www.mumablue.com\/blog\/mitologia-griega-para-ninos\/#webpage\",\"url\":\"https:\/\/www.mumablue.com\/blog\/mitologia-griega-para-ninos\/\",\"name\":\"Mitolog\\u00eda griega para ni\\u00f1os: el mito de Eco + audiocuento - Blog Mumablue\",\"isPartOf\":{\"@id\":\"https:\/\/www.mumablue.com\/blog\/#website\"},\"primaryImageOfPage\":{\"@id\":\"https:\/\/www.mumablue.com\/blog\/mitologia-griega-para-ninos\/#primaryimage\"},\"datePublished\":\"2020-07-22T11:40:34+00:00\",\"dateModified\":\"2025-06-03T08:19:40+00:00\",\"description\":\"El mito de Eco es uno de los m\\u00e1s atractivos dentro de la mitolog\\u00eda griega para ni\\u00f1os, pues trata de explicar un fen\\u00f3meno ac\\u00fastico que enamora a los peques.\",\"inLanguage\":\"es\",\"potentialAction\":[{\"@type\":\"ReadAction\",\"target\":[\"https:\/\/www.mumablue.com\/blog\/mitologia-griega-para-ninos\/\"]}]}]}<\/script>\n<!-- \/ Yoast SEO plugin. -->","_links":{"self":[{"href":"https:\/\/www.mumablue.com\/blog\/wp-json\/wp\/v2\/pages\/1771"}],"collection":[{"href":"https:\/\/www.mumablue.com\/blog\/wp-json\/wp\/v2\/pages"}],"about":[{"href":"https:\/\/www.mumablue.com\/blog\/wp-json\/wp\/v2\/types\/page"}],"author":[{"embeddable":true,"href":"https:\/\/www.mumablue.com\/blog\/wp-json\/wp\/v2\/users\/6"}],"replies":[{"embeddable":true,"href":"https:\/\/www.mumablue.com\/blog\/wp-json\/wp\/v2\/comments?post=1771"}],"version-history":[{"count":16,"href":"https:\/\/www.mumablue.com\/blog\/wp-json\/wp\/v2\/pages\/1771\/revisions"}],"predecessor-version":[{"id":7648,"href":"https:\/\/www.mumablue.com\/blog\/wp-json\/wp\/v2\/pages\/1771\/revisions\/7648"}],"wp:attachment":[{"href":"https:\/\/www.mumablue.com\/blog\/wp-json\/wp\/v2\/media?parent=1771"}],"curies":[{"name":"wp","href":"https:\/\/api.w.org\/{rel}","templated":true}]}}