{"id":1761,"date":"2020-07-22T11:31:20","date_gmt":"2020-07-22T11:31:20","guid":{"rendered":"https:\/\/mumablue.com\/blog\/?page_id=1761"},"modified":"2025-05-23T09:45:17","modified_gmt":"2025-05-23T09:45:17","slug":"cuento-de-hermanos-grimm-poco-conocido","status":"publish","type":"page","link":"https:\/\/www.mumablue.com\/blog\/cuento-de-hermanos-grimm-poco-conocido\/","title":{"rendered":"Cuento de Hermanos Grimm poco conocido + audiocuento"},"content":{"rendered":"<p><img decoding=\"async\" loading=\"lazy\" class=\"alignnone size-full wp-image-3511\" src=\"https:\/\/www.mumablue.com\/blog\/wp-content\/uploads\/2021\/01\/La-serpiente-blanca-2.jpg\" alt=\"Cuento de Hermanos Grimm poco conocido\" width=\"500\" height=\"500\" srcset=\"https:\/\/www.mumablue.com\/blog\/wp-content\/uploads\/2021\/01\/La-serpiente-blanca-2.jpg 500w, https:\/\/www.mumablue.com\/blog\/wp-content\/uploads\/2021\/01\/La-serpiente-blanca-2-300x300.jpg 300w, https:\/\/www.mumablue.com\/blog\/wp-content\/uploads\/2021\/01\/La-serpiente-blanca-2-150x150.jpg 150w\" sizes=\"(max-width: 500px) 100vw, 500px\" \/><\/p>\n<p>Este cuento de Hermanos Grimm poco conocido es una adaptaci\u00f3n para leer a los ni\u00f1os que en Mumablue hemos realizado sobre una historia de estos famosos escritores. Sabemos que este cuento poco conocido de Hermanos Grimm es un poquito largo de leer, por eso te proponemos su versi\u00f3n en audiocuento, una pieza narrada con ambientaci\u00f3n musical que tu peque podr\u00e1 escuchar \u00e9l solo.<\/p>\n<h2>Adiocuento \u00abLa serpiente blanca\u00bb<\/h2>\n<h6><script src=\"https:\/\/www.buzzsprout.com\/937792\/3659131-la-serpiente-blanca-de-los-hermanos-grimm.js?container_id=buzzsprout-player-3659131&amp;player=small\" type=\"text\/javascript\" charset=\"utf-8\"><\/script>M\u00fasica: CC0 <span style=\"color: #3366ff;\"><a style=\"color: #3366ff;\" href=\"https:\/\/alexandernakarada.bandcamp.com\/track\/bonfire-3\" target=\"_blank\" rel=\"noopener noreferrer\">Bonfire<\/a><\/span>, de Alexander Nakarada.<\/h6>\n<p>Quiz\u00e1 lo que est\u00e9s buscando es el texto para pod\u00e9rselo leer a tu peque con tu propia voz, \u00a1No hay problema! A continuaci\u00f3n puedes encontrar el texto. Hemos pensado que puede ser buena idea dejarte una musiquita para que la pongas de fondo y puedas le\u00e9rselo a tu peque sobre ella. \u00a1As\u00ed ser\u00e1 m\u00e1s m\u00e1gico!<\/p>\n<p><iframe style=\"border: 0; width: 100%; height: 42px;\" src=\"https:\/\/bandcamp.com\/EmbeddedPlayer\/album=1560542386\/size=small\/bgcol=ffffff\/linkcol=0687f5\/track=2025188082\/transparent=true\/\" seamless=\"\"><a href=\"http:\/\/alexandernakarada.bandcamp.com\/album\/complete-discography-creative-commons-by-40\">Complete Discography (Creative Commons BY 4.0) by Alexander Nakarada<\/a><\/iframe><\/p>\n<h2>La serpiente blanca, una adaptaci\u00f3n del cuento de Hermanos Grimm<\/h2>\n<p>Hab\u00eda una vez un joven bondadoso que trabajaba como criado del rey. Un d\u00eda, mientras paseaba por los jardines de palacio, se fij\u00f3 en una serpiente blanca que hab\u00eda quedado atrapada bajo una roca. El criado sab\u00eda que las serpientes blancas son muy venenosas y que una mordedura del animal podr\u00eda ser mortal. Pero su bondad era m\u00e1s fuerte que su miedo, de modo que liber\u00f3 a la serpiente blanca.<\/p>\n<p>Muy agradecida por esta ayuda, la serpiente habl\u00f3:<br \/>\n-Como premio por tu bondad, te concedo el don de poder entender el lenguaje de los animales. -Dicho esto, la serpiente desapareci\u00f3.<\/p>\n<p>Pasadas unas semanas, el criado se march\u00f3 de viaje por orden del rey. Cabalgaba por la ribera de un r\u00edo cuando escuch\u00f3 unos lamentos entre unos juncos. Se baj\u00f3 del caballo y observ\u00f3 que tres pececillos hab\u00edan quedado atrapados entre las ca\u00f1as. El criado se sumergi\u00f3 en el r\u00edo para liberarlos.<br \/>\nColeteando de alegr\u00eda, mientras se alejaban r\u00edo abajo, los peces le gritaron:<br \/>\n-\u00a1Nos acordaremos de que nos salvaste la vida, alg\u00fan d\u00eda te devolveremos el favor!<\/p>\n<p>El criado continu\u00f3 su viaje cuando, de pronto, escuch\u00f3 una voz proveniente de la tierra del camino. Era el rey de las hormigas, quien se lamentaba de que el caballo, a su paso, iba pisoteando a sus s\u00fabditos. Cuando el criado lo escuch\u00f3, desvi\u00f3 su caballo, salvando a las hormigas.<br \/>\n-\u00a1Nos acordaremos y te lo pagaremos! &#8211; le prometi\u00f3 el rey de las hormigas.<\/p>\n<p>M\u00e1s adelante en el camino, el criado encontr\u00f3 cinco polluelos de cuervo que se hab\u00edan ca\u00eddo del nido. Oy\u00f3 que se lamentaban entre ellos de que, al no saber volar, morir\u00edan de hambre por no poder conseguir comida. El criado se acerc\u00f3 a ellos y les ofreci\u00f3 la mitad de sus provisiones.<br \/>\n-\u00a1Nos acordaremos y te recompensaremos! &#8211; le dijeron los cuervos.<\/p>\n<p>Unos d\u00edas despu\u00e9s, el rey promulg\u00f3 un bando. Ya era un anciano y, como no ten\u00eda hijos, buscaba un joven valeroso para sucederle en el trono: aqu\u00e9l que fuera capaz de recuperar un anillo que hab\u00eda dejado caer en las profundidades del mar, se convertir\u00eda el nuevo rey.<\/p>\n<p>El criado se ofreci\u00f3, pero el rey se lo tom\u00f3 a broma: nadie en el reino le cre\u00eda capaz de lograr una misi\u00f3n tan complicada. Aquella tarde, frente a la playa, el criado se dio cuenta de que recuperar el anillo iba a ser imposible. Cuando estaba a punto de rendirse, reconoci\u00f3 a los tres peces que hab\u00eda salvado d\u00edas atr\u00e1s. Uno de ellos llevaba el anillo en la boca y lo deposit\u00f3 en la orilla.<\/p>\n<p>El criado corri\u00f3 a llev\u00e1rselo al rey, pero \u00e9ste no estaba dispuesto a permitir que su sucesor fuera un vulgar criado, as\u00ed que le dijo que deber\u00eda superar una prueba m\u00e1s. As\u00ed, el rey esparci\u00f3 entre la hierba del jard\u00edn diez sacos de trigo y dijo:<br \/>\n-Ma\u00f1ana, antes de que salga el sol, debes haberlo recogido todo, sin que falte un solo grano.<br \/>\nDi\u00f3se el joven por vencido al ver aquel desparrame y se durmi\u00f3 con la certeza de que nunca ser\u00eda rey. Pero con los primeros rayos del sol, los sacos se encontraban completamente llenos, sin que faltara un solo grano de trigo. Durante la noche, miles y miles de hormigas, agradecidas, se hab\u00edan encargado de recoger hasta el \u00faltimo de ellos.<\/p>\n<p>Pero el rey tampoco se conform\u00f3 y puso al criado una nueva prueba: ir en busca de una manzana del \u00c1rbol de la Vida. El criado se puso en camino, durante semanas recorri\u00f3 todos los rincones del reino sin lograr su misi\u00f3n. Un d\u00eda, d\u00e1ndose por vencido, se tumb\u00f3 a descansar a la sombra de un \u00e1rbol. De pronto, una manzana de oro le cay\u00f3 en las manos. El criado levant\u00f3 la cabeza y vio a los cuervos.<\/p>\n<p>-Somos aquellos cuervos que salvaste de morir de hambre. Cuando nos enteramos de tu misi\u00f3n, volamos hasta los confines del mundo para encontrar el \u00c1rbol de la Vida y traerte la fruta.<\/p>\n<p>Loco de contento, el criado puso rumbo a palacio para entregar la manzana de oro. El rey, al ver que el criado hab\u00eda logrado cumplir una misi\u00f3n tan dif\u00edcil, se sinti\u00f3 orgulloso de \u00e9l.<br \/>\n-Mi reino no podr\u00eda tener mejor rey que t\u00fa. Eres valiente y cumples lo prometido. \u00a1Te nombro mi heredero! Mis s\u00fabditos quedar\u00e1n en las mejores manos.<\/p>\n<p>Y as\u00ed fue como el criado, gracias a su bondad y compasi\u00f3n, se convirti\u00f3 en el mejor rey que tuvo jam\u00e1s un reino.<\/p>\n<p><a href=\"https:\/\/www.mumablue.com\/esp\/nuestros-cuentos-personalizados\/la-magia-del-nombre-mi-nino\/?utm_source=blog&amp;utm_medium=banner&amp;utm_campaign=p\u00e1ginas-audiocuentos&amp;utm_content=hermanos-grimm\"><img decoding=\"async\" loading=\"lazy\" class=\"alignnone wp-image-5043 size-full\" src=\"https:\/\/www.mumablue.com\/blog\/wp-content\/uploads\/2021\/09\/Cuento-de-Fantas\u00eda.jpg\" alt=\"Cuentos de fantas\u00eda\" width=\"715\" height=\"162\" srcset=\"https:\/\/www.mumablue.com\/blog\/wp-content\/uploads\/2021\/09\/Cuento-de-Fantas\u00eda.jpg 715w, https:\/\/www.mumablue.com\/blog\/wp-content\/uploads\/2021\/09\/Cuento-de-Fantas\u00eda-300x68.jpg 300w, https:\/\/www.mumablue.com\/blog\/wp-content\/uploads\/2021\/09\/Cuento-de-Fantas\u00eda-624x141.jpg 624w\" sizes=\"(max-width: 715px) 100vw, 715px\" \/><\/a><\/p>\n<h2>Curiosidades sobre los Hermanos Grimm<\/h2>\n<p>\u201cLa serpiente blanca\u201d y fue recogido de la tradici\u00f3n oral y puesto por escrito por los Hermanos Grimm. Al principio, antes de que la gente tuviera acceso a la lectura y a los libros, los cuentos se transmit\u00edan por el boca a boca. Es decir, que los padres se los contaban a los hijos, de manera que <strong>s\u00f3lo se recopilaban en la memoria de la gente.<\/strong><\/p>\n<p>En el siglo XIX, dos hermanos alemanes llamados Jacob y Wilhelm decidieron <strong>recoger cuentos populares y ponerlos por escrito en un libro, con la intenci\u00f3n de que nunca se perdieran<\/strong>. \u00a1Fue un gran acierto! Dos siglos despu\u00e9s, muchos de los cuentos que recopilaron los Hermanos Grimm siguen siendo muy conocidos. Se han traducido a m\u00e1s de 100 idiomas y muchos se han adaptado al cine. \u00a1Seguro que conoces muchos de ellos!<\/p>\n<p>Entre los cuentos m\u00e1s famosos de los Hermanos Grimm est\u00e1n <strong>La Cenicienta, Hansel y Gretel, Rapunzel, Rumpelstiltskin, La bella durmiente o Blancanieves<\/strong>. \u00bfCu\u00e1l es tu favorito?<\/p>\n<h2>Cuento de Hermanos Grimm poco conocido<\/h2>\n<p>Estamos seguros de que tu peque ha disfrutado mucho con este cuento de Hermanos Grimm poco conocido. Hemos hecho lo posible por resumirlo al m\u00e1ximo y obtener un cuento corto de los Hermanos Grimm, ya que, por lo general, suelen ser demasiado largos para leerlos antes de ir a acostar. Puedes encontrar muchos otros cuentos y poemas, la gran mayor\u00eda originales con autor\u00eda de Mumablue, en la p\u00e1gina de <span style=\"color: #3366ff;\"><a style=\"color: #3366ff;\" href=\"https:\/\/www.mumablue.com\/blog\/cuentos-infantiles-para-leer-cortos-gratis\/\">cuentos infantiles para leer<\/a><\/span>. \u00a1A los ni\u00f1os les encantan!<\/p>\n<div style='text-align:left' class='yasr-auto-insert-visitor'><\/div>","protected":false},"excerpt":{"rendered":"<p>Este cuento de Hermanos Grimm poco conocido es una adaptaci\u00f3n para leer a los ni\u00f1os que en Mumablue hemos realizado sobre una historia de estos famosos escritores. Sabemos que este cuento poco conocido de Hermanos Grimm es un poquito largo de leer, por eso te proponemos su versi\u00f3n en audiocuento, una pieza narrada con ambientaci\u00f3n [&hellip;]<\/p>\n","protected":false},"author":6,"featured_media":0,"parent":0,"menu_order":0,"comment_status":"closed","ping_status":"closed","template":"","meta":{"yasr_overall_rating":0,"yasr_post_is_review":"","yasr_auto_insert_disabled":"","yasr_review_type":""},"yasr_visitor_votes":{"number_of_votes":93,"sum_votes":428,"stars_attributes":{"read_only":false,"span_bottom":false}},"yoast_head":"<!-- This site is optimized with the Yoast SEO plugin v14.5 - https:\/\/yoast.com\/wordpress\/plugins\/seo\/ -->\n<meta name=\"description\" content=\"&quot;La serpiente blanca&quot; es un cuento de Hermanos Grimm poco conocido, adaptado para los ni\u00f1os de hoy, tanto en el lenguaje como en la propia historia.\" \/>\n<meta name=\"robots\" content=\"index, follow\" \/>\n<meta name=\"googlebot\" content=\"index, follow, max-snippet:-1, max-image-preview:large, max-video-preview:-1\" \/>\n<meta name=\"bingbot\" content=\"index, follow, max-snippet:-1, max-image-preview:large, max-video-preview:-1\" \/>\n<link rel=\"canonical\" href=\"https:\/\/www.mumablue.com\/blog\/cuento-de-hermanos-grimm-poco-conocido\/\" \/>\n<meta property=\"og:locale\" content=\"es_ES\" \/>\n<meta property=\"og:type\" content=\"article\" \/>\n<meta property=\"og:title\" content=\"Cuento de Hermanos Grimm poco conocido + audiocuento - Blog Mumablue\" \/>\n<meta property=\"og:description\" content=\"&quot;La serpiente blanca&quot; es un cuento de Hermanos Grimm poco conocido, adaptado para los ni\u00f1os de hoy, tanto en el lenguaje como en la propia historia.\" \/>\n<meta property=\"og:url\" content=\"https:\/\/www.mumablue.com\/blog\/cuento-de-hermanos-grimm-poco-conocido\/\" \/>\n<meta property=\"og:site_name\" content=\"Blog Mumablue\" \/>\n<meta property=\"article:publisher\" content=\"https:\/\/www.facebook.com\/mumablue\/\" \/>\n<meta property=\"article:modified_time\" content=\"2025-05-23T09:45:17+00:00\" \/>\n<meta property=\"og:image\" content=\"https:\/\/www.mumablue.com\/blog\/wp-content\/uploads\/2021\/01\/La-serpiente-blanca-2.jpg\" \/>\n<meta name=\"twitter:card\" content=\"summary_large_image\" \/>\n<script type=\"application\/ld+json\" class=\"yoast-schema-graph\">{\"@context\":\"https:\/\/schema.org\",\"@graph\":[{\"@type\":\"Organization\",\"@id\":\"https:\/\/www.mumablue.com\/blog\/#organization\",\"name\":\"Mumablue\",\"url\":\"https:\/\/www.mumablue.com\/blog\/\",\"sameAs\":[\"https:\/\/www.facebook.com\/mumablue\/\",\"https:\/\/www.instagram.com\/mumablue\/?hl=es\"],\"logo\":{\"@type\":\"ImageObject\",\"@id\":\"https:\/\/www.mumablue.com\/blog\/#logo\",\"inLanguage\":\"es\",\"url\":\"https:\/\/www.mumablue.com\/blog\/wp-content\/uploads\/2020\/05\/Blog-Mumablue.png\",\"width\":749,\"height\":269,\"caption\":\"Mumablue\"},\"image\":{\"@id\":\"https:\/\/www.mumablue.com\/blog\/#logo\"}},{\"@type\":\"WebSite\",\"@id\":\"https:\/\/www.mumablue.com\/blog\/#website\",\"url\":\"https:\/\/www.mumablue.com\/blog\/\",\"name\":\"Blog Mumablue\",\"description\":\"Un blog de cuentos y audiocuentos gratis para ni\\u00f1os.\",\"publisher\":{\"@id\":\"https:\/\/www.mumablue.com\/blog\/#organization\"},\"potentialAction\":[{\"@type\":\"SearchAction\",\"target\":\"https:\/\/www.mumablue.com\/blog\/?s={search_term_string}\",\"query-input\":\"required name=search_term_string\"}],\"inLanguage\":\"es\"},{\"@type\":\"ImageObject\",\"@id\":\"https:\/\/www.mumablue.com\/blog\/cuento-de-hermanos-grimm-poco-conocido\/#primaryimage\",\"inLanguage\":\"es\",\"url\":\"https:\/\/www.mumablue.com\/blog\/wp-content\/uploads\/2021\/01\/La-serpiente-blanca-2.jpg\",\"width\":500,\"height\":500,\"caption\":\"Cuento de Hermanos Grimm poco conocido\"},{\"@type\":\"WebPage\",\"@id\":\"https:\/\/www.mumablue.com\/blog\/cuento-de-hermanos-grimm-poco-conocido\/#webpage\",\"url\":\"https:\/\/www.mumablue.com\/blog\/cuento-de-hermanos-grimm-poco-conocido\/\",\"name\":\"Cuento de Hermanos Grimm poco conocido + audiocuento - Blog Mumablue\",\"isPartOf\":{\"@id\":\"https:\/\/www.mumablue.com\/blog\/#website\"},\"primaryImageOfPage\":{\"@id\":\"https:\/\/www.mumablue.com\/blog\/cuento-de-hermanos-grimm-poco-conocido\/#primaryimage\"},\"datePublished\":\"2020-07-22T11:31:20+00:00\",\"dateModified\":\"2025-05-23T09:45:17+00:00\",\"description\":\"\\\"La serpiente blanca\\\" es un cuento de Hermanos Grimm poco conocido, adaptado para los ni\\u00f1os de hoy, tanto en el lenguaje como en la propia historia.\",\"inLanguage\":\"es\",\"potentialAction\":[{\"@type\":\"ReadAction\",\"target\":[\"https:\/\/www.mumablue.com\/blog\/cuento-de-hermanos-grimm-poco-conocido\/\"]}]}]}<\/script>\n<!-- \/ Yoast SEO plugin. -->","_links":{"self":[{"href":"https:\/\/www.mumablue.com\/blog\/wp-json\/wp\/v2\/pages\/1761"}],"collection":[{"href":"https:\/\/www.mumablue.com\/blog\/wp-json\/wp\/v2\/pages"}],"about":[{"href":"https:\/\/www.mumablue.com\/blog\/wp-json\/wp\/v2\/types\/page"}],"author":[{"embeddable":true,"href":"https:\/\/www.mumablue.com\/blog\/wp-json\/wp\/v2\/users\/6"}],"replies":[{"embeddable":true,"href":"https:\/\/www.mumablue.com\/blog\/wp-json\/wp\/v2\/comments?post=1761"}],"version-history":[{"count":16,"href":"https:\/\/www.mumablue.com\/blog\/wp-json\/wp\/v2\/pages\/1761\/revisions"}],"predecessor-version":[{"id":7552,"href":"https:\/\/www.mumablue.com\/blog\/wp-json\/wp\/v2\/pages\/1761\/revisions\/7552"}],"wp:attachment":[{"href":"https:\/\/www.mumablue.com\/blog\/wp-json\/wp\/v2\/media?parent=1761"}],"curies":[{"name":"wp","href":"https:\/\/api.w.org\/{rel}","templated":true}]}}