{"id":1752,"date":"2020-07-22T10:58:49","date_gmt":"2020-07-22T10:58:49","guid":{"rendered":"https:\/\/mumablue.com\/blog\/?page_id=1752"},"modified":"2025-06-03T08:24:35","modified_gmt":"2025-06-03T08:24:35","slug":"cuento-de-reflexion-para-leer-a-los-ninos","status":"publish","type":"page","link":"https:\/\/www.mumablue.com\/blog\/cuento-de-reflexion-para-leer-a-los-ninos\/","title":{"rendered":"Cuento de reflexi\u00f3n para leer a los ni\u00f1os"},"content":{"rendered":"<p><img decoding=\"async\" loading=\"lazy\" class=\"alignnone size-full wp-image-3499\" src=\"https:\/\/www.mumablue.com\/blog\/wp-content\/uploads\/2021\/01\/La-piedra-2.jpg\" alt=\"cuento de reflexi\u00f3n para leer\" width=\"500\" height=\"500\" srcset=\"https:\/\/www.mumablue.com\/blog\/wp-content\/uploads\/2021\/01\/La-piedra-2.jpg 500w, https:\/\/www.mumablue.com\/blog\/wp-content\/uploads\/2021\/01\/La-piedra-2-300x300.jpg 300w, https:\/\/www.mumablue.com\/blog\/wp-content\/uploads\/2021\/01\/La-piedra-2-150x150.jpg 150w\" sizes=\"(max-width: 500px) 100vw, 500px\" \/><\/p>\n<p>Aqu\u00ed tienes un cuento de reflexi\u00f3n para leer a los ni\u00f1os. Se trata de una propuesta de tintes filos\u00f3ficos con el prop\u00f3sito de hacer reflexionar a los ni\u00f1os y que puedan cuestionar sobre <strong>c\u00f3mo la inacci\u00f3n nos priva de determinadas experiencias.<\/strong><\/p>\n<p>Si a tu peque le gustan los podcast (apostamos a que s\u00ed), te l<strong>o ofrecemos tambi\u00e9n en formato audiocuento<\/strong>, aderezado con m\u00fasica tranquila y envolvente y bonitos efectos sonoros que crean una experiencia de escucha inmersiva. \u00a1Una buena idea de <a href=\"https:\/\/www.mumablue.com\/?utm_source=blog&amp;utm_medium=link&amp;utm_campaign=p\u00e1ginas-audiocuentos&amp;utm_content=cuento-reflexion\">Mumablue<\/a>!<\/p>\n<h2>Audiocuento La piedra<\/h2>\n<h6><script src=\"https:\/\/www.buzzsprout.com\/937792\/4116803-la-piedra.js?container_id=buzzsprout-player-4116803&amp;player=small\" type=\"text\/javascript\" charset=\"utf-8\"><\/script>M\u00fasica: CC0 <span style=\"color: #3366ff;\"><a style=\"color: #3366ff;\" href=\"https:\/\/freepd.com\/misc.php\">Forest night<\/a>,<\/span> por Phase Shift.<\/h6>\n<p>Si prefieres le\u00e9rselo t\u00fa mismo, puedes leerlo sobre esta m\u00fasica para crear un ambiente especial. El texto lo encuentras a continuaci\u00f3n.<\/p>\n<p><iframe loading=\"lazy\" title=\"YouTube video player\" src=\"https:\/\/www.youtube.com\/embed\/1vD0aIh04Pg\" width=\"560\" height=\"70\" frameborder=\"0\" allowfullscreen=\"allowfullscreen\"><\/iframe><\/p>\n<h2>Cuento de reflexi\u00f3n para leer a los ni\u00f1os: \u00abLa piedra\u00bb<\/h2>\n<p>En lo alto de una bonita colina, muy cerquita del cielo, en una pradera de fresca y verde hierba ba\u00f1ada por los rayos del sol, hab\u00eda una piedra.<\/p>\n<p>Era un bello lugar. Se elevaba sobre un valle de tupidas arboledas y zigzagueantes riachuelos. Pero la piedra no pod\u00eda verlo, porque era una piedra.<\/p>\n<p>En aquella colina s\u00f3lo se escuchaba el canto de los p\u00e1jaros y el zumbido de los insectos. Si el viento soplaba de poniente, pod\u00eda escucharse tambi\u00e9n el rumor de las hojas de los \u00e1rboles del valle y el danzar de los r\u00edos. Pero la piedra no pod\u00eda o\u00edrlo, porque era una piedra.<\/p>\n<p>En los d\u00edas de verano, los abrasadores rayos de sol quemaban. En invierno, el clima se hac\u00eda duro y el fr\u00edo inundaba las praderas. Pero la piedra no pod\u00eda sentirlo, porque era una piedra.<\/p>\n<p>No ve\u00eda, no o\u00eda, no sent\u00eda\u2026 no ten\u00eda coraz\u00f3n, pero de tenerlo habr\u00eda sido un coraz\u00f3n de piedra.<\/p>\n<p>As\u00ed pasaba los d\u00edas la piedra o, m\u00e1s bien, los d\u00edas pasaban sobre ella. Y los a\u00f1os. Y los siglos. La piedra era una piedra y no pod\u00eda moverse.<\/p>\n<p>Pero un d\u00eda, algo cambi\u00f3: en lo alto de aquella colina apareci\u00f3 un ni\u00f1o. El ni\u00f1o vio la piedra, se acerc\u00f3 a ella y le dio una patada.<\/p>\n<p>-\u00a1Bruno! \u00a1No se dan patadas a las piedras!, le rega\u00f1\u00f3 su mam\u00e1.<\/p>\n<p>La piedra rod\u00f3 y rod\u00f3 colina abajo. Cogi\u00f3 velocidad. Choc\u00f3 contra una roca y sali\u00f3 volando. Volvi\u00f3 a caer al suelo, rebot\u00f3 tres veces y se par\u00f3.<\/p>\n<p>\u00a1Por fin! Despu\u00e9s de miles de a\u00f1os la piedra hab\u00eda conseguido moverse y cambiar de lugar. Ahora estaba debajo de un \u00e1rbol, junto a un ramillete de jacintos de los bosques. Frente al r\u00edo. No era un sitio m\u00e1s bonito que el anterior, tampoco m\u00e1s feo. Pero era diferente. En realidad, a la piedra no le import\u00f3. No ve\u00eda, no o\u00eda, no sent\u00eda. Segu\u00eda sin poder moverse.<\/p>\n<p>Aunque puede que algo s\u00ed cambiara en ella. Os va a parecer una locura, pero si hubi\u00e9rais estado all\u00ed me dar\u00edais la raz\u00f3n: yo dir\u00eda que la piedra sonre\u00eda.<\/p>\n<h2>Curiosidades sobre las piedras<\/h2>\n<p><strong>Las piedras son seres inertes, lo que quiere decir que no tienen vida<\/strong>. No se mueven, no respiran, no comen, no se reproducen y tampoco mueren. Aunque s\u00ed se transforman. La ciencia que estudia las piedras es la geolog\u00eda. Los cient\u00edficos no usan la palabra piedra, sino la palabra roca. <strong>No hay que confundir las rocas con los minerales<\/strong>, ya que una piedra est\u00e1 formada por varios minerales que se han quedado muy apretados formando un \u00fanico cuerpo duro. \u00a1Si mir\u00e1is una piedra podr\u00e9is ver que tiene diferentes colores o materiales!<\/p>\n<p>Aunque no son seres vivos, las rocas s\u00ed son seres cambiantes. Se van transformando, pero este ciclo dura millones de a\u00f1os.<strong> Las rocas se originan en las profundidades de la tierra.<\/strong> Al principio est\u00e1n fundidas y se llaman \u201cmagma\u201d. Cuando el ardiente magma sale de un volc\u00e1n en forma de lava, se enfr\u00eda y se forman las rocas magm\u00e1ticas.<\/p>\n<p>Con el paso de los siglos, fen\u00f3menos climatol\u00f3gicos como el sol, el hielo o la lluvia convierten las rocas magm\u00e1ticas en <strong>trozos cada vez m\u00e1s peque\u00f1itos que se van juntando entre s\u00ed por la presi\u00f3n<\/strong>. Es as\u00ed como se transforman en otro tipo de rocas, las sedimentarias. Tendr\u00e1n que pasar millones de a\u00f1os m\u00e1s hasta que una roca sedimentaria vuelva a quedar hundida en la tierra y se convierta en una roca metam\u00f3rfica, a causa del gran calor que hace en el interior de la tierra. Si \u00e9sta llega a fundirse de nuevo, volver\u00e1 a ser magma (como si fuera roca l\u00edquida) y el ciclo comenzar\u00e1 de nuevo.<\/p>\n<p><strong>\u00a1Aunque no sean seres vivos, las rocas tambi\u00e9n pueden ser venenosas!<\/strong> Esto se debe a que algunas de ellas est\u00e1n compuestas por materiales que son t\u00f3xicos o malos para la salud, como los metales pesados. \u00a1No debes preocuparte, porque estas piedras no suelen encontrarse en la superficie de la tierra, sino en las minas! Eso s\u00ed, suelen ser muy bonitas: brillantes y de preciosos colores.<\/p>\n<p>Con las piedras que no son venenosas tambi\u00e9n hay que tener cuidado, porque son muy duras. <strong>No le des patadas a las piedras o podr\u00edas hacerte da\u00f1o en el pie.<\/strong> Tampoco las lances, ya que podr\u00edas golpear a alguien. Y si ves una roca grande no la levantes: debajo suelen vivir bichos peligrosos como los escorpiones o las escolopendras. \u00a1Si te pican te har\u00e1n mucho da\u00f1o!<\/p>\n<h2>Cuentos de reflexi\u00f3n para leer<\/h2>\n<p>Deseamos que tu peque haya disfrutado de este cuento de reflexi\u00f3n para leer a los ni\u00f1os. Puedes encontrar muchos otros la p\u00e1gina de <span style=\"color: #0000ff;\"><a style=\"color: #0000ff;\" href=\"https:\/\/www.mumablue.com\/blog\/cuentos-infantiles-para-leer-cortos-gratis\/\">cuentos infantiles para leer<\/a><\/span>. Los cuentos Mumablue abundan en valores. Adem\u00e1s de entretenidos son educativos y son cuentos para reflexionar sobre distintos aspectos, de un modo adecuado a los m\u00e1s peque\u00f1os. En \u00abLa piedra\u00bb quer\u00edamos poner de manifiesto<strong> c\u00f3mo la inacci\u00f3n nos priva de nuevas experiencias, hecho ante el que es necesario \u00abun empujoncito\u00bb<\/strong>. Y que, aunque creamos que nada ha cambiado, en nuestro interior gozamos de los cambios que afrontamos en la vida.<\/p>\n<div style='text-align:left' class='yasr-auto-insert-visitor'><\/div>","protected":false},"excerpt":{"rendered":"<p>Aqu\u00ed tienes un cuento de reflexi\u00f3n para leer a los ni\u00f1os. Se trata de una propuesta de tintes filos\u00f3ficos con el prop\u00f3sito de hacer reflexionar a los ni\u00f1os y que puedan cuestionar sobre c\u00f3mo la inacci\u00f3n nos priva de determinadas experiencias. Si a tu peque le gustan los podcast (apostamos a que s\u00ed), te lo [&hellip;]<\/p>\n","protected":false},"author":6,"featured_media":0,"parent":0,"menu_order":0,"comment_status":"closed","ping_status":"closed","template":"","meta":{"yasr_overall_rating":0,"yasr_post_is_review":"","yasr_auto_insert_disabled":"","yasr_review_type":""},"yasr_visitor_votes":{"number_of_votes":119,"sum_votes":535,"stars_attributes":{"read_only":false,"span_bottom":false}},"yoast_head":"<!-- This site is optimized with the Yoast SEO plugin v14.5 - https:\/\/yoast.com\/wordpress\/plugins\/seo\/ -->\n<meta name=\"description\" content=\"&quot;La piedra&quot; es un cuento de reflexi\u00f3n para leer a los ni\u00f1os que habla sobre la inactividad y el deseo de cambio a trav\u00e9s de la historia de una peque\u00f1a roca.\" \/>\n<meta name=\"robots\" content=\"index, follow\" \/>\n<meta name=\"googlebot\" content=\"index, follow, max-snippet:-1, max-image-preview:large, max-video-preview:-1\" \/>\n<meta name=\"bingbot\" content=\"index, follow, max-snippet:-1, max-image-preview:large, max-video-preview:-1\" \/>\n<link rel=\"canonical\" href=\"https:\/\/www.mumablue.com\/blog\/cuento-de-reflexion-para-leer-a-los-ninos\/\" \/>\n<meta property=\"og:locale\" content=\"es_ES\" \/>\n<meta property=\"og:type\" content=\"article\" \/>\n<meta property=\"og:title\" content=\"Cuento de reflexi\u00f3n para leer a los ni\u00f1os - Blog Mumablue\" \/>\n<meta property=\"og:description\" content=\"&quot;La piedra&quot; es un cuento de reflexi\u00f3n para leer a los ni\u00f1os que habla sobre la inactividad y el deseo de cambio a trav\u00e9s de la historia de una peque\u00f1a roca.\" \/>\n<meta property=\"og:url\" content=\"https:\/\/www.mumablue.com\/blog\/cuento-de-reflexion-para-leer-a-los-ninos\/\" \/>\n<meta property=\"og:site_name\" content=\"Blog Mumablue\" \/>\n<meta property=\"article:publisher\" content=\"https:\/\/www.facebook.com\/mumablue\/\" \/>\n<meta property=\"article:modified_time\" content=\"2025-06-03T08:24:35+00:00\" \/>\n<meta property=\"og:image\" content=\"https:\/\/www.mumablue.com\/blog\/wp-content\/uploads\/2021\/01\/La-piedra-2.jpg\" \/>\n<meta name=\"twitter:card\" content=\"summary_large_image\" \/>\n<script type=\"application\/ld+json\" class=\"yoast-schema-graph\">{\"@context\":\"https:\/\/schema.org\",\"@graph\":[{\"@type\":\"Organization\",\"@id\":\"https:\/\/www.mumablue.com\/blog\/#organization\",\"name\":\"Mumablue\",\"url\":\"https:\/\/www.mumablue.com\/blog\/\",\"sameAs\":[\"https:\/\/www.facebook.com\/mumablue\/\",\"https:\/\/www.instagram.com\/mumablue\/?hl=es\"],\"logo\":{\"@type\":\"ImageObject\",\"@id\":\"https:\/\/www.mumablue.com\/blog\/#logo\",\"inLanguage\":\"es\",\"url\":\"https:\/\/www.mumablue.com\/blog\/wp-content\/uploads\/2020\/05\/Blog-Mumablue.png\",\"width\":749,\"height\":269,\"caption\":\"Mumablue\"},\"image\":{\"@id\":\"https:\/\/www.mumablue.com\/blog\/#logo\"}},{\"@type\":\"WebSite\",\"@id\":\"https:\/\/www.mumablue.com\/blog\/#website\",\"url\":\"https:\/\/www.mumablue.com\/blog\/\",\"name\":\"Blog Mumablue\",\"description\":\"Un blog de cuentos y audiocuentos gratis para ni\\u00f1os.\",\"publisher\":{\"@id\":\"https:\/\/www.mumablue.com\/blog\/#organization\"},\"potentialAction\":[{\"@type\":\"SearchAction\",\"target\":\"https:\/\/www.mumablue.com\/blog\/?s={search_term_string}\",\"query-input\":\"required name=search_term_string\"}],\"inLanguage\":\"es\"},{\"@type\":\"ImageObject\",\"@id\":\"https:\/\/www.mumablue.com\/blog\/cuento-de-reflexion-para-leer-a-los-ninos\/#primaryimage\",\"inLanguage\":\"es\",\"url\":\"https:\/\/www.mumablue.com\/blog\/wp-content\/uploads\/2021\/01\/La-piedra-2.jpg\",\"width\":500,\"height\":500,\"caption\":\"cuento de reflexi\\u00f3n para leer\"},{\"@type\":\"WebPage\",\"@id\":\"https:\/\/www.mumablue.com\/blog\/cuento-de-reflexion-para-leer-a-los-ninos\/#webpage\",\"url\":\"https:\/\/www.mumablue.com\/blog\/cuento-de-reflexion-para-leer-a-los-ninos\/\",\"name\":\"Cuento de reflexi\\u00f3n para leer a los ni\\u00f1os - Blog Mumablue\",\"isPartOf\":{\"@id\":\"https:\/\/www.mumablue.com\/blog\/#website\"},\"primaryImageOfPage\":{\"@id\":\"https:\/\/www.mumablue.com\/blog\/cuento-de-reflexion-para-leer-a-los-ninos\/#primaryimage\"},\"datePublished\":\"2020-07-22T10:58:49+00:00\",\"dateModified\":\"2025-06-03T08:24:35+00:00\",\"description\":\"\\\"La piedra\\\" es un cuento de reflexi\\u00f3n para leer a los ni\\u00f1os que habla sobre la inactividad y el deseo de cambio a trav\\u00e9s de la historia de una peque\\u00f1a roca.\",\"inLanguage\":\"es\",\"potentialAction\":[{\"@type\":\"ReadAction\",\"target\":[\"https:\/\/www.mumablue.com\/blog\/cuento-de-reflexion-para-leer-a-los-ninos\/\"]}]}]}<\/script>\n<!-- \/ Yoast SEO plugin. -->","_links":{"self":[{"href":"https:\/\/www.mumablue.com\/blog\/wp-json\/wp\/v2\/pages\/1752"}],"collection":[{"href":"https:\/\/www.mumablue.com\/blog\/wp-json\/wp\/v2\/pages"}],"about":[{"href":"https:\/\/www.mumablue.com\/blog\/wp-json\/wp\/v2\/types\/page"}],"author":[{"embeddable":true,"href":"https:\/\/www.mumablue.com\/blog\/wp-json\/wp\/v2\/users\/6"}],"replies":[{"embeddable":true,"href":"https:\/\/www.mumablue.com\/blog\/wp-json\/wp\/v2\/comments?post=1752"}],"version-history":[{"count":13,"href":"https:\/\/www.mumablue.com\/blog\/wp-json\/wp\/v2\/pages\/1752\/revisions"}],"predecessor-version":[{"id":7651,"href":"https:\/\/www.mumablue.com\/blog\/wp-json\/wp\/v2\/pages\/1752\/revisions\/7651"}],"wp:attachment":[{"href":"https:\/\/www.mumablue.com\/blog\/wp-json\/wp\/v2\/media?parent=1752"}],"curies":[{"name":"wp","href":"https:\/\/api.w.org\/{rel}","templated":true}]}}