{"id":1738,"date":"2020-07-22T10:14:09","date_gmt":"2020-07-22T10:14:09","guid":{"rendered":"https:\/\/mumablue.com\/blog\/?page_id=1738"},"modified":"2025-05-29T12:05:13","modified_gmt":"2025-05-29T12:05:13","slug":"cuento-de-ecologia-para-leer-a-los-ninos","status":"publish","type":"page","link":"https:\/\/www.mumablue.com\/blog\/cuento-de-ecologia-para-leer-a-los-ninos\/","title":{"rendered":"Cuento de ecolog\u00eda para leer a los ni\u00f1os + audiocuento"},"content":{"rendered":"<p><img decoding=\"async\" loading=\"lazy\" class=\"alignnone size-full wp-image-3495\" src=\"https:\/\/www.mumablue.com\/blog\/wp-content\/uploads\/2021\/01\/Unas-extra\u00f1as-medusas-2.jpg\" alt=\"cuento de ecolog\u00eda para leer\" width=\"500\" height=\"500\" srcset=\"https:\/\/www.mumablue.com\/blog\/wp-content\/uploads\/2021\/01\/Unas-extra\u00f1as-medusas-2.jpg 500w, https:\/\/www.mumablue.com\/blog\/wp-content\/uploads\/2021\/01\/Unas-extra\u00f1as-medusas-2-300x300.jpg 300w, https:\/\/www.mumablue.com\/blog\/wp-content\/uploads\/2021\/01\/Unas-extra\u00f1as-medusas-2-150x150.jpg 150w\" sizes=\"(max-width: 500px) 100vw, 500px\" \/><\/p>\n<p>Aqu\u00ed tienes un cuento de ecolog\u00eda para leer a los ni\u00f1os. <strong>Se trata de un relato que ayuda a superar los miedos<\/strong>, ya que el peque\u00f1o protagonista descubrir\u00e1 que el mar guarda grandes tesoros, en lugar de monstruosos y acechantes seres.<\/p>\n<p>Seguro que tu peque prefiere mil veces una narraci\u00f3n con tu voz, pero si quieres, <strong>este cuento de ecolog\u00eda para leer a los ni\u00f1os se lo contamos nosotros<\/strong>.<\/p>\n<h2>Audiocuento Unas extra\u00f1as medusas<\/h2>\n<h6><script src=\"https:\/\/www.buzzsprout.com\/937792\/4146212-unas-extranas-medusas.js?container_id=buzzsprout-player-4146212&amp;player=small\" type=\"text\/javascript\" charset=\"utf-8\"><\/script>M\u00fasica: CC 0 <span style=\"color: #3366ff;\"><a style=\"color: #3366ff;\" href=\"https:\/\/freepd.com\/Page2\/\" target=\"_blank\" rel=\"noopener noreferrer\">Requiem Titanic<\/a> <\/span>(An\u00f3nimo). CC 3.0 <span style=\"color: #3366ff;\"><a style=\"color: #3366ff;\" href=\"https:\/\/freepd.com\/Page2\/\" target=\"_blank\" rel=\"noopener noreferrer\">Ambient G Glowing<\/a><\/span>, por \u00a0Frank Nora. CC 4.0 <a href=\"https:\/\/alexandernakarada.bandcamp.com\/track\/find-them-2\">Find Them<\/a>, por Alexander Nakarada.<\/h6>\n<p><a href=\"https:\/\/www.mumablue.com\/esp\/nuestros-cuentos-personalizados\/burbujas?utm_source=blog&amp;utm_medium=banner&amp;utm_campaign=p\u00e1ginas-audiocuentos&amp;utm_content=cuento-ecologia\" target=\"_blank\" rel=\"noopener noreferrer\"><img decoding=\"async\" loading=\"lazy\" class=\"alignnone wp-image-4628 size-full\" src=\"https:\/\/www.mumablue.com\/blog\/wp-content\/uploads\/2021\/07\/cuento-del-mar-personalizado.jpg\" alt=\"cuento de ecolog\u00eda marina\" width=\"715\" height=\"162\" srcset=\"https:\/\/www.mumablue.com\/blog\/wp-content\/uploads\/2021\/07\/cuento-del-mar-personalizado.jpg 715w, https:\/\/www.mumablue.com\/blog\/wp-content\/uploads\/2021\/07\/cuento-del-mar-personalizado-300x68.jpg 300w, https:\/\/www.mumablue.com\/blog\/wp-content\/uploads\/2021\/07\/cuento-del-mar-personalizado-624x141.jpg 624w\" sizes=\"(max-width: 715px) 100vw, 715px\" \/><\/a><\/p>\n<p>Si prefieres le\u00e9rselo t\u00fa mismo, te animamos a recrear una atm\u00f3sfera de aventura ley\u00e9ndolo con esta m\u00fasica de fondo.<\/p>\n<p><iframe style=\"border: 0; width: 100%; height: 42px;\" src=\"https:\/\/bandcamp.com\/EmbeddedPlayer\/album=1560542386\/size=small\/bgcol=ffffff\/linkcol=0687f5\/track=155672372\/transparent=true\/\" seamless=\"\"><a href=\"http:\/\/alexandernakarada.bandcamp.com\/album\/complete-discography-creative-commons-by-40\">Complete Discography (Creative Commons BY 4.0) by Alexander Nakarada<\/a><\/iframe><\/p>\n<h2>Cuento de ecolog\u00eda para leer a los ni\u00f1os: \u00abUnas extra\u00f1as medusas\u00bb<\/h2>\n<p>Parec\u00eda un d\u00eda cualquiera en las profundidades del mar, pero aquella tarde hab\u00eda llegado hasta Fondo Coral un extra\u00f1o banco de medusas. No eran las medusas transparentes y uniformes de siempre. \u00c9stas no mov\u00edan sus bracitos a la par, ni ten\u00edan proporcionados cuerpos en forma de paraguas. Parec\u00eda como si estuvieran muertas.<\/p>\n<p>Los habitantes de Fondo Coral se pusieron muy nerviosos y acudieron a pedir ayuda a Trit\u00f3n, el rey del mar. En pocos d\u00edas el problema se volvi\u00f3 a\u00fan mayor: muchas tortugas marinas se hab\u00edan puesto muy enfermas. Desde la superficie del mar tambi\u00e9n llegaban noticias inquietantes: una enfermedad desconocida se extend\u00eda entre los albatros. \u00a1Incluso la gran ballena jorobada se encontraba fatal y no sal\u00eda de la cama! Todos ellos ten\u00edan algo en com\u00fan: hab\u00edan comido alguna de estas extra\u00f1as medusas.<\/p>\n<p>Trit\u00f3n convoc\u00f3 un consejo extraordinario. \u00a1Hab\u00eda que averiguar qu\u00e9 estaba pasando y de d\u00f3nde proced\u00edan aquellas medusas tan venenosas! Para ello, se cre\u00f3 una comisi\u00f3n integrada por los m\u00e1s sabios del mar. La comisi\u00f3n cit\u00f3 a un gran n\u00famero de animales marinos, entre ellos a representantes de las especies m\u00e1s afectadas. Fue un albatros errante que hab\u00eda dado la vuelta al mundo m\u00e1s de cien veces el que les dio la clave: \u00a1No se trataba de medusas, sino de pl\u00e1sticos!<\/p>\n<p>-Las aves tambi\u00e9n nos estamos envenenando. Esos pl\u00e1sticos se parecen mucho a las medusas cuando quedan flotando en el mar y las especies que se alimentan de ellas se confunden. \u00a1Es culpa de los humanos que arrojan al mar toda su basura!, explic\u00f3 el albatros.<\/p>\n<p>Un murmullo de asombro se produjo entre los presentes.<\/p>\n<p>-Es un verdadero problema -sentenci\u00f3 la anciana ballena.<\/p>\n<p>Tras mucho deliberar fue una joven tortuga la que dio con la soluci\u00f3n: todos los habitantes del mar deb\u00edan coordinarse para agitar las aguas y lograr expulsar hacia la costa todo aquel pl\u00e1stico venenoso.<\/p>\n<p>-Si provocamos una fuerte marejada, las olas limpiar\u00e1n el mar.<\/p>\n<p>Al d\u00eda siguiente, hasta el \u00faltimo animal marino se hallaba en su puesto. Fue el pez trompeta quien dio la se\u00f1al. Todos los habitantes del mar, hasta el conf\u00edn de los oc\u00e9anos, comenzaron a agitar con fuerza sus colas y aletas, desde el pececillo m\u00e1s microsc\u00f3pico hasta la gran ballena azul. El fondo del mar se convirti\u00f3 en una gran turbina. Pronto se formaron inmensas olas capaces de alcanzar el cielo. Se produjo un espectacular maremoto, un tsunami como nunca antes se hab\u00eda visto. Mares y oc\u00e9anos de todo el planeta, con rabia, escupieron hasta el \u00faltimo trocito de pl\u00e1stico en las costas.<\/p>\n<p>Cuando el mar se tranquiliz\u00f3, los humanos se encontraron una imagen espantosa. Millones y millones de toneladas de pl\u00e1stico se extend\u00edan a lo largo de la costa amonton\u00e1ndose en las playas, colgando de los acantilados, sepultando los litorales rocosos. S\u00f3lo as\u00ed, al verlo todo de golpe, se dieron cuenta del problema.<\/p>\n<p>-El mar nos ha devuelto lo que es nuestro -dijo un hombre muy anciano. Y parec\u00eda estar contento por ello.<\/p>\n<p>Los humanos tardaron a\u00f1os en recoger toda aquella basura. El \u201ctsunami de pl\u00e1stico\u201d ense\u00f1\u00f3 a los hombres a temer las consecuencias de sus actos. Entendieron que la Madre Tierra se hab\u00eda revelado contra su irresponsabilidad y ego\u00edsmo, devolvi\u00e9ndoles todo aquel veneno. Y as\u00ed ser\u00eda a partir de ahora, porque el mar no quiere nada que no sea suyo.<\/p>\n<h2><a href=\"https:\/\/www.mumablue.com\/esp\/nuestros-cuentos-personalizados\/burbujas?utm_source=blog&amp;utm_medium=banner&amp;utm_campaign=p\u00e1ginas-audiocuentos&amp;utm_content=cuento-ecologia\" target=\"_blank\" rel=\"noopener noreferrer\"><img decoding=\"async\" loading=\"lazy\" class=\"alignnone wp-image-4628 size-full\" src=\"https:\/\/www.mumablue.com\/blog\/wp-content\/uploads\/2021\/07\/cuento-del-mar-personalizado.jpg\" alt=\"cuento de ecolog\u00eda marina\" width=\"715\" height=\"162\" srcset=\"https:\/\/www.mumablue.com\/blog\/wp-content\/uploads\/2021\/07\/cuento-del-mar-personalizado.jpg 715w, https:\/\/www.mumablue.com\/blog\/wp-content\/uploads\/2021\/07\/cuento-del-mar-personalizado-300x68.jpg 300w, https:\/\/www.mumablue.com\/blog\/wp-content\/uploads\/2021\/07\/cuento-del-mar-personalizado-624x141.jpg 624w\" sizes=\"(max-width: 715px) 100vw, 715px\" \/><\/a><\/h2>\n<h2>Curiosidades sobre las medusas<\/h2>\n<p><strong>Mares y oc\u00e9anos se encuentran en serio peligro por culpa del hombre<\/strong>. Uno de los problemas m\u00e1s graves es la contaminaci\u00f3n de las aguas por pl\u00e1sticos, que llegan hasta el mar por la basura que tiramos en las playas o arrastrados por el viento desde el interior de la costa.<\/p>\n<p>Cuando llegan al mar, <strong>los pl\u00e1sticos no s\u00f3lo ensucian las aguas, sino que asfixian la vida marina<\/strong>. Muchas especies mueren al quedar atrapadas en ellos, o al ingerir trozos de pl\u00e1stico. Es un problema que no s\u00f3lo afecta a los animales que viven dentro del mar: las plantas y las aves marinas tambi\u00e9n corren un gran peligro.<\/p>\n<p>El problema es tan grande que <strong>existen ya en el mundo islas enteras recubiertas de pl\u00e1stico<\/strong>. \u00a1Y eso que no vive en ellas ninguna persona! Esto es as\u00ed porque las corrientes marinas arrastran hacia ellas todo el pl\u00e1stico que encuentran a su paso.<\/p>\n<p>La contaminaci\u00f3n de los oc\u00e9anos por pl\u00e1stico no es s\u00f3lo un problema para los ecosistemas marinos: tambi\u00e9n lo es para el hombre. Muchas especies est\u00e1n desapareciendo, cada vez hay menos pesca y, adem\u00e1s, lo microsc\u00f3picos pl\u00e1sticos que tragan los peces acaban en nuestro plato, sin que podamos verlos. <strong>\u00a1Los humanos nos estamos comiendo, sin saberlo, nuestra propia basura pl\u00e1stica!<\/strong><\/p>\n<p>El problema es tan, tan grande, que los gobiernos de todo el mundo est\u00e1n trabajando en medidas para solucionarlo. \u00a1Pero no es suficiente! <strong>Acabar con los residuos pl\u00e1sticos es tarea de todos: \u00a1t\u00fa tambi\u00e9n cumples un importante papel en esta misi\u00f3n!<\/strong> Evita comprar o pedir cosas fabricadas con pl\u00e1stico, reutiliza siempre que puedas y, por supuesto, recicla. \u00a1Ah! Y cuando vayas a la playa, por favor, usa siempre las papeleras. \u00a1Formar\u00e1s parte de ese grupo de personas que har\u00e1n de este mundo un lugar mejor para todos!<\/p>\n<h2>Cuentos de ecolog\u00eda para leer a los ni\u00f1os<\/h2>\n<p>Deseamos que tu peque haya disfrutado de este cuento de ecolog\u00eda para leer a los ni\u00f1os. Puedes encontrar muchos otros cuentos de distintas tem\u00e1ticas en la p\u00e1gina de <span style=\"color: #3366ff;\"><a style=\"color: #3366ff;\" href=\"https:\/\/www.mumablue.com\/blog\/cuentos-infantiles-para-leer-cortos-gratis\/\">cuentos infantiles para leer<\/a><\/span>. Los cuentos <a href=\"https:\/\/www.mumablue.com\/?utm_source=blog&amp;utm_medium=link&amp;utm_campaign=p\u00e1ginas-audiocuentos&amp;utm_content=cuento-ecologia\" target=\"_blank\" rel=\"noopener noreferrer\"><span style=\"color: #3366ff;\">Mumablue<\/span><\/a> est\u00e1n llenos de valores y mensajes positivos. \u00a1Le van a encantar y a ti tambi\u00e9n!<\/p>\n<div style='text-align:left' class='yasr-auto-insert-visitor'><\/div>","protected":false},"excerpt":{"rendered":"<p>Aqu\u00ed tienes un cuento de ecolog\u00eda para leer a los ni\u00f1os. Se trata de un relato que ayuda a superar los miedos, ya que el peque\u00f1o protagonista descubrir\u00e1 que el mar guarda grandes tesoros, en lugar de monstruosos y acechantes seres. Seguro que tu peque prefiere mil veces una narraci\u00f3n con tu voz, pero si [&hellip;]<\/p>\n","protected":false},"author":6,"featured_media":0,"parent":0,"menu_order":0,"comment_status":"closed","ping_status":"closed","template":"","meta":{"yasr_overall_rating":0,"yasr_post_is_review":"","yasr_auto_insert_disabled":"","yasr_review_type":""},"yasr_visitor_votes":{"number_of_votes":118,"sum_votes":518,"stars_attributes":{"read_only":false,"span_bottom":false}},"yoast_head":"<!-- This site is optimized with the Yoast SEO plugin v14.5 - https:\/\/yoast.com\/wordpress\/plugins\/seo\/ -->\n<meta name=\"description\" content=\"&quot;Unas extra\u00f1as medusas&quot; es un cuento de ecolog\u00eda para leer que conciencia a los peque\u00f1os sobre el problema del pl\u00e1stico para el medio ambiente.\" \/>\n<meta name=\"robots\" content=\"index, follow\" \/>\n<meta name=\"googlebot\" content=\"index, follow, max-snippet:-1, max-image-preview:large, max-video-preview:-1\" \/>\n<meta name=\"bingbot\" content=\"index, follow, max-snippet:-1, max-image-preview:large, max-video-preview:-1\" \/>\n<link rel=\"canonical\" href=\"https:\/\/www.mumablue.com\/blog\/cuento-de-ecologia-para-leer-a-los-ninos\/\" \/>\n<meta property=\"og:locale\" content=\"es_ES\" \/>\n<meta property=\"og:type\" content=\"article\" \/>\n<meta property=\"og:title\" content=\"Cuento de ecolog\u00eda para leer a los ni\u00f1os + audiocuento - Blog Mumablue\" \/>\n<meta property=\"og:description\" content=\"&quot;Unas extra\u00f1as medusas&quot; es un cuento de ecolog\u00eda para leer que conciencia a los peque\u00f1os sobre el problema del pl\u00e1stico para el medio ambiente.\" \/>\n<meta property=\"og:url\" content=\"https:\/\/www.mumablue.com\/blog\/cuento-de-ecologia-para-leer-a-los-ninos\/\" \/>\n<meta property=\"og:site_name\" content=\"Blog Mumablue\" \/>\n<meta property=\"article:publisher\" content=\"https:\/\/www.facebook.com\/mumablue\/\" \/>\n<meta property=\"article:modified_time\" content=\"2025-05-29T12:05:13+00:00\" \/>\n<meta property=\"og:image\" content=\"https:\/\/www.mumablue.com\/blog\/wp-content\/uploads\/2021\/01\/Unas-extra\u00f1as-medusas-2.jpg\" \/>\n<meta name=\"twitter:card\" content=\"summary_large_image\" \/>\n<script type=\"application\/ld+json\" class=\"yoast-schema-graph\">{\"@context\":\"https:\/\/schema.org\",\"@graph\":[{\"@type\":\"Organization\",\"@id\":\"https:\/\/www.mumablue.com\/blog\/#organization\",\"name\":\"Mumablue\",\"url\":\"https:\/\/www.mumablue.com\/blog\/\",\"sameAs\":[\"https:\/\/www.facebook.com\/mumablue\/\",\"https:\/\/www.instagram.com\/mumablue\/?hl=es\"],\"logo\":{\"@type\":\"ImageObject\",\"@id\":\"https:\/\/www.mumablue.com\/blog\/#logo\",\"inLanguage\":\"es\",\"url\":\"https:\/\/www.mumablue.com\/blog\/wp-content\/uploads\/2020\/05\/Blog-Mumablue.png\",\"width\":749,\"height\":269,\"caption\":\"Mumablue\"},\"image\":{\"@id\":\"https:\/\/www.mumablue.com\/blog\/#logo\"}},{\"@type\":\"WebSite\",\"@id\":\"https:\/\/www.mumablue.com\/blog\/#website\",\"url\":\"https:\/\/www.mumablue.com\/blog\/\",\"name\":\"Blog Mumablue\",\"description\":\"Un blog de cuentos y audiocuentos gratis para ni\\u00f1os.\",\"publisher\":{\"@id\":\"https:\/\/www.mumablue.com\/blog\/#organization\"},\"potentialAction\":[{\"@type\":\"SearchAction\",\"target\":\"https:\/\/www.mumablue.com\/blog\/?s={search_term_string}\",\"query-input\":\"required name=search_term_string\"}],\"inLanguage\":\"es\"},{\"@type\":\"ImageObject\",\"@id\":\"https:\/\/www.mumablue.com\/blog\/cuento-de-ecologia-para-leer-a-los-ninos\/#primaryimage\",\"inLanguage\":\"es\",\"url\":\"https:\/\/www.mumablue.com\/blog\/wp-content\/uploads\/2021\/01\/Unas-extra\\u00f1as-medusas-2.jpg\",\"width\":500,\"height\":500,\"caption\":\"cuento de ecolog\\u00eda para leer\"},{\"@type\":\"WebPage\",\"@id\":\"https:\/\/www.mumablue.com\/blog\/cuento-de-ecologia-para-leer-a-los-ninos\/#webpage\",\"url\":\"https:\/\/www.mumablue.com\/blog\/cuento-de-ecologia-para-leer-a-los-ninos\/\",\"name\":\"Cuento de ecolog\\u00eda para leer a los ni\\u00f1os + audiocuento - Blog Mumablue\",\"isPartOf\":{\"@id\":\"https:\/\/www.mumablue.com\/blog\/#website\"},\"primaryImageOfPage\":{\"@id\":\"https:\/\/www.mumablue.com\/blog\/cuento-de-ecologia-para-leer-a-los-ninos\/#primaryimage\"},\"datePublished\":\"2020-07-22T10:14:09+00:00\",\"dateModified\":\"2025-05-29T12:05:13+00:00\",\"description\":\"\\\"Unas extra\\u00f1as medusas\\\" es un cuento de ecolog\\u00eda para leer que conciencia a los peque\\u00f1os sobre el problema del pl\\u00e1stico para el medio ambiente.\",\"inLanguage\":\"es\",\"potentialAction\":[{\"@type\":\"ReadAction\",\"target\":[\"https:\/\/www.mumablue.com\/blog\/cuento-de-ecologia-para-leer-a-los-ninos\/\"]}]}]}<\/script>\n<!-- \/ Yoast SEO plugin. -->","_links":{"self":[{"href":"https:\/\/www.mumablue.com\/blog\/wp-json\/wp\/v2\/pages\/1738"}],"collection":[{"href":"https:\/\/www.mumablue.com\/blog\/wp-json\/wp\/v2\/pages"}],"about":[{"href":"https:\/\/www.mumablue.com\/blog\/wp-json\/wp\/v2\/types\/page"}],"author":[{"embeddable":true,"href":"https:\/\/www.mumablue.com\/blog\/wp-json\/wp\/v2\/users\/6"}],"replies":[{"embeddable":true,"href":"https:\/\/www.mumablue.com\/blog\/wp-json\/wp\/v2\/comments?post=1738"}],"version-history":[{"count":16,"href":"https:\/\/www.mumablue.com\/blog\/wp-json\/wp\/v2\/pages\/1738\/revisions"}],"predecessor-version":[{"id":7564,"href":"https:\/\/www.mumablue.com\/blog\/wp-json\/wp\/v2\/pages\/1738\/revisions\/7564"}],"wp:attachment":[{"href":"https:\/\/www.mumablue.com\/blog\/wp-json\/wp\/v2\/media?parent=1738"}],"curies":[{"name":"wp","href":"https:\/\/api.w.org\/{rel}","templated":true}]}}