{"id":1734,"date":"2020-07-22T10:14:04","date_gmt":"2020-07-22T10:14:04","guid":{"rendered":"https:\/\/mumablue.com\/blog\/?page_id=1734"},"modified":"2025-04-24T10:03:30","modified_gmt":"2025-04-24T10:03:30","slug":"cuento-del-espacio-para-leer-a-los-ninos","status":"publish","type":"page","link":"https:\/\/www.mumablue.com\/blog\/cuento-del-espacio-para-leer-a-los-ninos\/","title":{"rendered":"Cuento del Espacio para leer a los ni\u00f1os"},"content":{"rendered":"<p><img decoding=\"async\" loading=\"lazy\" class=\"alignnone size-full wp-image-3473\" src=\"https:\/\/www.mumablue.com\/blog\/wp-content\/uploads\/2021\/01\/Luna-de-queso-2.jpg\" alt=\"cuento del espacio para leer\" width=\"500\" height=\"500\" srcset=\"https:\/\/www.mumablue.com\/blog\/wp-content\/uploads\/2021\/01\/Luna-de-queso-2.jpg 500w, https:\/\/www.mumablue.com\/blog\/wp-content\/uploads\/2021\/01\/Luna-de-queso-2-300x300.jpg 300w, https:\/\/www.mumablue.com\/blog\/wp-content\/uploads\/2021\/01\/Luna-de-queso-2-150x150.jpg 150w\" sizes=\"(max-width: 500px) 100vw, 500px\" \/><\/p>\n<p>\u00bfBuscabas un bonito cuento del Espacio para leer a los ni\u00f1os? Te dejamos Luna de Queso, uno de los m\u00e1s exitosos del podcast Pequehistorias, al que ahora puedes acceder en formato de texto. Cuenta la historia de tres ni\u00f1os que, a bordo de una nave espacial, viajan para descubrir si realmente la luna es un gigantesco queso Gruyere.<\/p>\n<p>Antes de que contin\u00faes, te damos la opci\u00f3n de escuchar este cuento del Espacio directamente narrado por el equipo de <span style=\"color: #3366ff;\"><a style=\"color: #3366ff;\" href=\"https:\/\/www.mumablue.com\/esp\/?utm_source=blog&amp;utm_medium=link&amp;utm_campaign=p\u00e1ginas-audiocuentos&amp;utm_content=cuento-del-espacio\" target=\"_blank\" rel=\"noopener noreferrer\">Mumablue<\/a><\/span>.<\/p>\n<p><a href=\"https:\/\/www.mumablue.com\/esp\/nuestros-cuentos-personalizados\/la-magia-del-nombre-mi-nino\/?utm_source=blog&amp;utm_medium=banner&amp;utm_campaign=paginas-audiocuentos&amp;utm_content=cuento-espacio\" target=\"_blank\" rel=\"noopener\"><img decoding=\"async\" loading=\"lazy\" class=\"alignnone wp-image-7479 size-full\" src=\"https:\/\/www.mumablue.com\/blog\/wp-content\/uploads\/2025\/04\/Banner-Magia-2.jpg\" alt=\"\" width=\"300\" height=\"460\" srcset=\"https:\/\/www.mumablue.com\/blog\/wp-content\/uploads\/2025\/04\/Banner-Magia-2.jpg 300w, https:\/\/www.mumablue.com\/blog\/wp-content\/uploads\/2025\/04\/Banner-Magia-2-196x300.jpg 196w\" sizes=\"(max-width: 300px) 100vw, 300px\" \/><\/a><\/p>\n<h2>Audiocuento Luna de queso<\/h2>\n<h6><script src=\"https:\/\/www.buzzsprout.com\/937792\/4248128-luna-de-queso.js?container_id=buzzsprout-player-4248128&amp;player=small\" type=\"text\/javascript\" charset=\"utf-8\"><\/script>M\u00fasica:\u00a0CC 0 <span style=\"color: #3366ff;\"><a style=\"color: #3366ff;\" href=\"https:\/\/freepd.com\/scoring.php\" target=\"_blank\" rel=\"noopener noreferrer\">Magic in the garden<\/a><\/span>, por Rafael Krux. CC 3.0 <span style=\"color: #3366ff;\"><a style=\"color: #3366ff;\" href=\"https:\/\/freepd.com\/scoring.php\" target=\"_blank\" rel=\"noopener noreferrer\">Driving concern<\/a>,<\/span> por Kevin MacLeod. CC 4.0 <span style=\"color: #3366ff;\"><a style=\"color: #3366ff;\" href=\"https:\/\/alexandernakarada.bandcamp.com\/track\/bouchedag-3\" target=\"_blank\" rel=\"noopener noreferrer\">Bouchedag<\/a><\/span>, por Alexander Nakarada.<\/h6>\n<p>Si prefieres pod\u00e9rselo leer t\u00fa mismo a tu peque, aqu\u00ed lo tienes. Puedes crear un ambiente especial si se lo lees con esta m\u00fasica de fondo.<\/p>\n<p><iframe style=\"border: 0; width: 100%; height: 42px;\" src=\"https:\/\/bandcamp.com\/EmbeddedPlayer\/album=467484453\/size=small\/bgcol=ffffff\/linkcol=0687f5\/track=1565377688\/transparent=true\/\" seamless=\"\"><a href=\"http:\/\/alexandernakarada.bandcamp.com\/album\/collection-electronic\">Collection &#8211; Electronic by Alexander Nakarada<\/a><\/iframe><\/p>\n<h2>Cuentos del Espacio para leer a los ni\u00f1os: \u00abLuna de queso\u00bb<\/h2>\n<p>Alba, Rita y Rom\u00e1n jugaban en su caba\u00f1a en el \u00e1rbol cuando escucharon unos ruidos que proced\u00edan de un claro del bosque. El sol se hab\u00eda puesto y la oscuridad empezaba a caer sobre Villablue, pero de aquel claro emanaba un extra\u00f1o resplandor.<\/p>\n<p>Los ni\u00f1os se acercaron con sigilo, escondi\u00e9ndose tras los arbustos para poder observar sin ser descubiertos. Y lo que vieron les dej\u00f3 helados: \u00a1Unos extraterrestres correteaban alrededor de una nave espacial!<\/p>\n<p>-\u00a1V\u00e1monos, si nos descubren nos llevar\u00e1n a su planeta y experimentar\u00e1n con nosotros! Lo vi una vez en una pel\u00edcula- dijo Rom\u00e1n.<\/p>\n<p>Rita permanec\u00eda muda. Estaba muy asustada. Pero lo cierto es que aquellos extraterrestres no parec\u00edan una amenaza. Jugaban, saltaban y re\u00edan. Alba se dio cuenta de que eran ni\u00f1os, como ellos.<\/p>\n<p>-\u00a1No nos har\u00e1n nada! S\u00f3lo quieren jugar &#8211; les tranquiliz\u00f3 Alba.<\/p>\n<p>Y antes de que ninguno de ellos pudiera reaccionar, Alba ya se dirig\u00eda hacia ellos con decisi\u00f3n.<\/p>\n<p>-\u00a1Hola! Os damos la bienvenidos a Villablue. \u00bfOs hab\u00e9is perdido?<\/p>\n<p>Los extraterrestres no hablaban su idioma, pero dispon\u00edan de un sistema de traducci\u00f3n autom\u00e1tico para comunicarse con los terr\u00edcolas.<\/p>\n<p>-No, conocemos muy bien la Tierra, solemos venir una vez al a\u00f1o de excursi\u00f3n con el colegio.<\/p>\n<p>Los extraterrestres le explicaron a Alba que, a veces, cog\u00edan \u201cprestada\u201d la nave espacial de su padre y se aventuraban por el universo.<\/p>\n<p>-\u00a1Guaaaauuuu! Me encantar\u00eda conocer la luna. \u00a1He o\u00eddo que est\u00e1 hecha de queso!<\/p>\n<p>Los extraterrestres se miraron, contrariados, ya que no sab\u00edan lo que era el queso. En su planeta no exist\u00edan los mam\u00edferos y, por lo tanto, no ten\u00edan leche para hacer queso.<\/p>\n<p>-Si quer\u00e9is pod\u00e9is acompa\u00f1arnos- invit\u00f3 el peque\u00f1o extraterrestre.<\/p>\n<p>Alba estaba content\u00edsima \u00a1No pod\u00eda creerse que fuera a viajar al Espacio! Pens\u00f3 que sus padres no se preocupar\u00edan, ya que ten\u00eda permiso aquella noche para dormir en la caba\u00f1a del \u00e1rbol. Le cost\u00f3 un buen rato convencer a Rita y a Rom\u00e1n, pero, finalmente, los tres subieron a la nave. \u00bfQu\u00e9 otra oportunidad en la vida tendr\u00edan de subir a una nave espacial?<\/p>\n<p>El despegue fue espectacular. \u00a1Rapid\u00edsimo! Una vez atravesaron la atm\u00f3sfera, Alba vio c\u00f3mo la Tierra se alejaba cada vez m\u00e1s y m\u00e1s. La nave extraterrestre era incre\u00edblemente r\u00e1pida.<\/p>\n<p>No pas\u00f3 mucho tiempo hasta que comenz\u00f3 el descenso. \u00a1Hab\u00edan llegado a la luna! Los extraterrestres les dieron unos trajes espaciales antes de abrir la compuerta.<\/p>\n<p>\u00a1La luna era alucinante! M\u00e1s que caminar, hab\u00eda que moverse dando peque\u00f1os saltos, casi como flotando. \u00a1Era muy divertido! Sin embargo, Alba qued\u00f3 un poco decepcionada al descubrir que la luna no estaba hecha de queso: su dura corteza era de piedra y polvo. No hab\u00eda nada m\u00e1s que cr\u00e1teres, no eran los agujeros de queso Gruyere que parec\u00edan cuando se la ve\u00eda desde la tierra.<\/p>\n<p>A\u00fan as\u00ed, ni\u00f1os y extraterrestres lo pasaron en grande. \u00a1Jugaron y rieron tanto que les entr\u00f3 un hambre de lobo! Afortunadamente, Alba, Rita y Rom\u00e1n llevaban en sus mochilas todos los v\u00edveres con los que pensaban pasar su noche especial en la caba\u00f1a. As\u00ed que organizaron un inusual <em>picnic<\/em>. Galletas, s\u00e1ndwiches, aceitunas, patatas fritas\u2026 \u00a1y distintos tipos de queso! \u00a1A los extraterrestres les encant\u00f3!<\/p>\n<p>-Menos mal que la luna no est\u00e1 hecha de queso, si as\u00ed fuera, hace tiempoo que ya nos la habr\u00edamos comido, dijo uno de los extraterrestres.<\/p>\n<p>Todos rieron con ganas. \u00a1Terr\u00edcolas y extraterrestres hab\u00edan pasado una noche formidable! Una experiencia que no olvidar\u00edan jam\u00e1s.<\/p>\n<p>Desde aquella aventura, Alba siempre miraba al cielo en las noches de luna. Y a pesar de haber comprobado por s\u00ed misma que se trataba de un cuerpo celeste hecho de roca, nunca dej\u00f3 de imaginar que era un gran queso Gruyere.<\/p>\n<h3><img decoding=\"async\" loading=\"lazy\" class=\"alignnone wp-image-583 ls-is-cached lazyloaded\" src=\"https:\/\/www.mumablue.com\/blog\/wp-content\/uploads\/2020\/03\/favicon.ico\" alt=\"\" width=\"44\" height=\"44\" data-src=\"https:\/\/www.mumablue.com\/blog\/wp-content\/uploads\/2020\/03\/favicon.ico\" \/>\u00a0 <span style=\"color: #800080;\">\u00a1\u00danete al\u00a0<span style=\"color: #3366ff;\"><a style=\"color: #3366ff;\" href=\"https:\/\/www.mumablue.com\/esp\/inicio#mumaClub\" target=\"_blank\" rel=\"noopener\">MumaClub<\/a><\/span>\u00a0y consigue 10% descuento en cuentos personalizados!<\/span><\/h3>\n<p><a href=\"https:\/\/www.mumablue.com\/esp\/nuestros-cuentos-personalizados\/cuento-personalizado-papa?utm_source=blog&amp;utm_medium=banner&amp;utm_campaign=paginas-audiocuentos&amp;utm_content=cuento-espacio\" target=\"_blank\" rel=\"noopener\"><img decoding=\"async\" loading=\"lazy\" class=\"alignnone wp-image-7482 size-full\" src=\"https:\/\/www.mumablue.com\/blog\/wp-content\/uploads\/2025\/04\/Banner-Padre-1.jpg\" alt=\"\" width=\"300\" height=\"460\" srcset=\"https:\/\/www.mumablue.com\/blog\/wp-content\/uploads\/2025\/04\/Banner-Padre-1.jpg 300w, https:\/\/www.mumablue.com\/blog\/wp-content\/uploads\/2025\/04\/Banner-Padre-1-196x300.jpg 196w\" sizes=\"(max-width: 300px) 100vw, 300px\" \/><\/a><\/p>\n<h2>Curiosidades sobre la llegada del hombre a la Luna<\/h2>\n<p><strong>En julio de 1969, el astronauta Neil Armstrong, a bordo del Apolo 11, se convirti\u00f3 en el primer hombre en pisar la luna<\/strong>. Desde entonces, tan solo 12 astronautas en 6 misiones distintas han viajado a nuestro sat\u00e9lite. Todos ellos en los tres a\u00f1os siguientes.<\/p>\n<p>Podemos saber <strong>qu\u00e9 sensaciones se experimentan en la superficie lunar gracias al relato de algunos de los astronautas<\/strong> que la pisaron. Contaron que una de las cosas m\u00e1s curiosas es el silencio, no se escucha absolutamente nada. Y que el cielo es completamente negro porque, aunque brilla el sol, como en la luna no hay atm\u00f3sfera, tampoco hay mol\u00e9culas que dispersen la luz.<\/p>\n<p><strong>Otra extra\u00f1a sensaci\u00f3n que los astronautas relataron fue el olor.<\/strong> Algunos lo describ\u00edan como el olor a ceniza mojada. Otros dijeron que les recordaba a la p\u00f3lvora, que huele como cuando alguien tira un petardo. Adem\u00e1s, sorprende la proximidad del horizonte: parece estar muy cerca cuando en realidad no es as\u00ed. Lo que ocurre es que como sobre la luna no hay absolutamente nada (ni \u00e1rboles, ni edificios, ni postes de la luz\u2026) el ojo humano no pueden tomar una referencia, por eso da esa sensaci\u00f3n de estar muy cerca del horizonte.<\/p>\n<p>En la luna tampoco se forman nubes de polvo que queden flotando: si se levanta polvo, este desaparece al instante, como si fuera absorbido por un gran aspirador. <strong>\u00a1Pero, sin duda, lo m\u00e1s maravilloso es la sensaci\u00f3n de flotar!<\/strong> En la luna hay seis veces menos gravedad que en la Tierra, por lo que los cuerpos no son atra\u00eddos hacia el suelo con la misma velocidad. Por eso los astronautas que vemos caminando por la luna lo hacen dando graciosos saltitos que los mantienen suspendidos en el aire. \u00a1Ser\u00eda fant\u00e1stico poder viajar a la luna! \u00bfNo crees?<\/p>\n<h2>Cuento del Espacio para leer a los ni\u00f1os<\/h2>\n<p>Seguro que tu peque ha disfrutado mucho con este cuento del espacio para leer a los ni\u00f1os. \u00a1Los peque alucinan con las historias del universo! En este cuento rescatamos una idea ficticia que ya est\u00e1 muy asentada en el imaginario colectivo: la de que la luna es un gran queso flotando en el espacio. Los ni\u00f1os se divertir\u00e1n con unos alocados extraterrestres y las peripecias de los ni\u00f1os protagonistas, que viajan a la Luna a bordo de un cohete espacial muy particular. Adem\u00e1s, <strong>al final del relato podr\u00e1n conocer incre\u00edbles curiosidades sobre la llegada del hombre a la Luna.<\/strong><\/p>\n<p>Puedes encontrar otro cuento del Espacio para leer y muchos otros en nuestra p\u00e1gina de <span style=\"color: #3366ff;\"><a style=\"color: #3366ff;\" href=\"https:\/\/www.mumablue.com\/blog\/cuentos-infantiles-para-leer-cortos-gratis\/\">cuentos infantiles para leer<\/a><\/span>.\u00a0\u00a1Echa un vistazo!<\/p>\n<div style='text-align:left' class='yasr-auto-insert-visitor'><\/div>","protected":false},"excerpt":{"rendered":"<p>\u00bfBuscabas un bonito cuento del Espacio para leer a los ni\u00f1os? Te dejamos Luna de Queso, uno de los m\u00e1s exitosos del podcast Pequehistorias, al que ahora puedes acceder en formato de texto. Cuenta la historia de tres ni\u00f1os que, a bordo de una nave espacial, viajan para descubrir si realmente la luna es un [&hellip;]<\/p>\n","protected":false},"author":6,"featured_media":0,"parent":0,"menu_order":0,"comment_status":"closed","ping_status":"closed","template":"","meta":{"yasr_overall_rating":0,"yasr_post_is_review":"","yasr_auto_insert_disabled":"","yasr_review_type":""},"yasr_visitor_votes":{"number_of_votes":305,"sum_votes":1365,"stars_attributes":{"read_only":false,"span_bottom":false}},"yoast_head":"<!-- This site is optimized with the Yoast SEO plugin v14.5 - https:\/\/yoast.com\/wordpress\/plugins\/seo\/ -->\n<meta name=\"description\" content=\"&quot;Luna de queso&quot; es un cuento del espacio para leer a los ni\u00f1os que narra un viaje a la luna para descubrir si est\u00e1 hecha de queso realmente.\" \/>\n<meta name=\"robots\" content=\"index, follow\" \/>\n<meta name=\"googlebot\" content=\"index, follow, max-snippet:-1, max-image-preview:large, max-video-preview:-1\" \/>\n<meta name=\"bingbot\" content=\"index, follow, max-snippet:-1, max-image-preview:large, max-video-preview:-1\" \/>\n<link rel=\"canonical\" href=\"https:\/\/www.mumablue.com\/blog\/cuento-del-espacio-para-leer-a-los-ninos\/\" \/>\n<meta property=\"og:locale\" content=\"es_ES\" \/>\n<meta property=\"og:type\" content=\"article\" \/>\n<meta property=\"og:title\" content=\"Cuento del Espacio para leer a los ni\u00f1os - Blog Mumablue\" \/>\n<meta property=\"og:description\" content=\"&quot;Luna de queso&quot; es un cuento del espacio para leer a los ni\u00f1os que narra un viaje a la luna para descubrir si est\u00e1 hecha de queso realmente.\" \/>\n<meta property=\"og:url\" content=\"https:\/\/www.mumablue.com\/blog\/cuento-del-espacio-para-leer-a-los-ninos\/\" \/>\n<meta property=\"og:site_name\" content=\"Blog Mumablue\" \/>\n<meta property=\"article:publisher\" content=\"https:\/\/www.facebook.com\/mumablue\/\" \/>\n<meta property=\"article:modified_time\" content=\"2025-04-24T10:03:30+00:00\" \/>\n<meta property=\"og:image\" content=\"https:\/\/www.mumablue.com\/blog\/wp-content\/uploads\/2021\/01\/Luna-de-queso-2.jpg\" \/>\n<meta name=\"twitter:card\" content=\"summary_large_image\" \/>\n<script type=\"application\/ld+json\" class=\"yoast-schema-graph\">{\"@context\":\"https:\/\/schema.org\",\"@graph\":[{\"@type\":\"Organization\",\"@id\":\"https:\/\/www.mumablue.com\/blog\/#organization\",\"name\":\"Mumablue\",\"url\":\"https:\/\/www.mumablue.com\/blog\/\",\"sameAs\":[\"https:\/\/www.facebook.com\/mumablue\/\",\"https:\/\/www.instagram.com\/mumablue\/?hl=es\"],\"logo\":{\"@type\":\"ImageObject\",\"@id\":\"https:\/\/www.mumablue.com\/blog\/#logo\",\"inLanguage\":\"es\",\"url\":\"https:\/\/www.mumablue.com\/blog\/wp-content\/uploads\/2020\/05\/Blog-Mumablue.png\",\"width\":749,\"height\":269,\"caption\":\"Mumablue\"},\"image\":{\"@id\":\"https:\/\/www.mumablue.com\/blog\/#logo\"}},{\"@type\":\"WebSite\",\"@id\":\"https:\/\/www.mumablue.com\/blog\/#website\",\"url\":\"https:\/\/www.mumablue.com\/blog\/\",\"name\":\"Blog Mumablue\",\"description\":\"Un blog de cuentos y audiocuentos gratis para ni\\u00f1os.\",\"publisher\":{\"@id\":\"https:\/\/www.mumablue.com\/blog\/#organization\"},\"potentialAction\":[{\"@type\":\"SearchAction\",\"target\":\"https:\/\/www.mumablue.com\/blog\/?s={search_term_string}\",\"query-input\":\"required name=search_term_string\"}],\"inLanguage\":\"es\"},{\"@type\":\"ImageObject\",\"@id\":\"https:\/\/www.mumablue.com\/blog\/cuento-del-espacio-para-leer-a-los-ninos\/#primaryimage\",\"inLanguage\":\"es\",\"url\":\"https:\/\/www.mumablue.com\/blog\/wp-content\/uploads\/2021\/01\/Luna-de-queso-2.jpg\",\"width\":500,\"height\":500,\"caption\":\"cuento del espacio para leer\"},{\"@type\":\"WebPage\",\"@id\":\"https:\/\/www.mumablue.com\/blog\/cuento-del-espacio-para-leer-a-los-ninos\/#webpage\",\"url\":\"https:\/\/www.mumablue.com\/blog\/cuento-del-espacio-para-leer-a-los-ninos\/\",\"name\":\"Cuento del Espacio para leer a los ni\\u00f1os - Blog Mumablue\",\"isPartOf\":{\"@id\":\"https:\/\/www.mumablue.com\/blog\/#website\"},\"primaryImageOfPage\":{\"@id\":\"https:\/\/www.mumablue.com\/blog\/cuento-del-espacio-para-leer-a-los-ninos\/#primaryimage\"},\"datePublished\":\"2020-07-22T10:14:04+00:00\",\"dateModified\":\"2025-04-24T10:03:30+00:00\",\"description\":\"\\\"Luna de queso\\\" es un cuento del espacio para leer a los ni\\u00f1os que narra un viaje a la luna para descubrir si est\\u00e1 hecha de queso realmente.\",\"inLanguage\":\"es\",\"potentialAction\":[{\"@type\":\"ReadAction\",\"target\":[\"https:\/\/www.mumablue.com\/blog\/cuento-del-espacio-para-leer-a-los-ninos\/\"]}]}]}<\/script>\n<!-- \/ Yoast SEO plugin. -->","_links":{"self":[{"href":"https:\/\/www.mumablue.com\/blog\/wp-json\/wp\/v2\/pages\/1734"}],"collection":[{"href":"https:\/\/www.mumablue.com\/blog\/wp-json\/wp\/v2\/pages"}],"about":[{"href":"https:\/\/www.mumablue.com\/blog\/wp-json\/wp\/v2\/types\/page"}],"author":[{"embeddable":true,"href":"https:\/\/www.mumablue.com\/blog\/wp-json\/wp\/v2\/users\/6"}],"replies":[{"embeddable":true,"href":"https:\/\/www.mumablue.com\/blog\/wp-json\/wp\/v2\/comments?post=1734"}],"version-history":[{"count":24,"href":"https:\/\/www.mumablue.com\/blog\/wp-json\/wp\/v2\/pages\/1734\/revisions"}],"predecessor-version":[{"id":7489,"href":"https:\/\/www.mumablue.com\/blog\/wp-json\/wp\/v2\/pages\/1734\/revisions\/7489"}],"wp:attachment":[{"href":"https:\/\/www.mumablue.com\/blog\/wp-json\/wp\/v2\/media?parent=1734"}],"curies":[{"name":"wp","href":"https:\/\/api.w.org\/{rel}","templated":true}]}}