{"id":1631,"date":"2020-07-01T18:19:05","date_gmt":"2020-07-01T18:19:05","guid":{"rendered":"https:\/\/mumablue.com\/blog\/?page_id=1631"},"modified":"2025-05-23T09:24:17","modified_gmt":"2025-05-23T09:24:17","slug":"cuento-de-monstruos-para-leer-a-los-ninos","status":"publish","type":"page","link":"https:\/\/www.mumablue.com\/blog\/cuento-de-monstruos-para-leer-a-los-ninos\/","title":{"rendered":"Cuento de monstruos para leer a los ni\u00f1os + audiocuento"},"content":{"rendered":"<p><img decoding=\"async\" loading=\"lazy\" class=\"alignnone size-full wp-image-3503\" src=\"https:\/\/www.mumablue.com\/blog\/wp-content\/uploads\/2021\/01\/El-peque\u00f1o-monstruo-que-viv\u00eda-dentro-del-armario.jpg\" alt=\"Cuento de monstruos para leer\" width=\"500\" height=\"500\" srcset=\"https:\/\/www.mumablue.com\/blog\/wp-content\/uploads\/2021\/01\/El-peque\u00f1o-monstruo-que-viv\u00eda-dentro-del-armario.jpg 500w, https:\/\/www.mumablue.com\/blog\/wp-content\/uploads\/2021\/01\/El-peque\u00f1o-monstruo-que-viv\u00eda-dentro-del-armario-300x300.jpg 300w, https:\/\/www.mumablue.com\/blog\/wp-content\/uploads\/2021\/01\/El-peque\u00f1o-monstruo-que-viv\u00eda-dentro-del-armario-150x150.jpg 150w\" sizes=\"(max-width: 500px) 100vw, 500px\" \/><\/p>\n<p>Aqu\u00ed tienes un emocionante cuento de monstruos para leer a los ni\u00f1os, un relato que lograr\u00e1 que le pierda el miedo a los monstruos, gracias a que cambia el punto de vista de una forma muy divertida. Si no tienes tiempo para le\u00e9rselo, te proponemos la versi\u00f3n para escuchar. Si prefieres leerlo, m\u00e1s abajo lo encontrar\u00e1s escrito.<\/p>\n<h2>Audiocuento \u00abEl peque\u00f1o monstruo que viv\u00eda dentro del armario\u00bb<\/h2>\n<h6><script src=\"https:\/\/www.buzzsprout.com\/937792\/3577831-el-pequeno-monstruo-que-vivia-dentro-del-armario.js?container_id=buzzsprout-player-3577831&amp;player=small\" type=\"text\/javascript\" charset=\"utf-8\"><\/script>M\u00fasica: CC 0 <span style=\"color: #0000ff;\"><a style=\"color: #0000ff;\" href=\"https:\/\/freepd.com\/Page2\/\">Fairy Dance<\/a><\/span>, por Rafael Krux; CC 3.0 <span style=\"color: #0000ff;\"><a style=\"color: #0000ff;\" href=\"https:\/\/incompetech.com\/music\/royalty-free\/index.html?isrc=USUAN1100487\" target=\"_blank\" rel=\"noopener noreferrer\">Dark Hallway<\/a><\/span> y <span style=\"color: #0000ff;\"><a style=\"color: #0000ff;\" href=\"https:\/\/freepd.com\/misc.php\" target=\"_blank\" rel=\"noopener noreferrer\">Funkerrific<\/a><\/span>, por Kevin MacLeod<\/h6>\n<blockquote>\n<h3 style=\"text-align: center;\"><span style=\"color: #800080;\">\u00bfTu peque tiene miedos? \u00a1Es normal!<\/span><\/h3>\n<h3 style=\"text-align: center;\"><span style=\"color: #800080;\">Este <span style=\"color: #3366ff;\"><a style=\"color: #3366ff;\" href=\"https:\/\/www.mumablue.com\/esp\/nuestros-cuentos-personalizados\/burbujas\/?utm_source=blog&amp;utm_medium=link&amp;utm_campaign=p\u00e1ginas-audiocuentos&amp;utm_content=cuento-monstruos\" target=\"_blank\" rel=\"noopener noreferrer\">cuento personalizado para superar los miedos<\/a><\/span> le ayudar\u00e1<\/span><\/h3>\n<\/blockquote>\n<p>Si lo prefieres, este cuento de monstruos se lo puedes leer t\u00fa directamente. Creemos que te puede gustar crear algo de ambiente y le\u00e9rselo sobre una m\u00fasica. Puedes usar esta:<\/p>\n<p><iframe loading=\"lazy\" src=\"https:\/\/open.spotify.com\/embed\/track\/6bXzAJeEOlPFzgMR1LMNwA\" width=\"600\" height=\"100\" frameborder=\"0\"><span data-mce-type=\"bookmark\" style=\"display: inline-block; width: 0px; overflow: hidden; line-height: 0;\" class=\"mce_SELRES_start\">\ufeff<\/span><\/iframe><\/p>\n<h2>Cuento de monstruos para leer a los ni\u00f1os: \u00abEl peque\u00f1o monstruo que viv\u00eda dentro del armario\u00bb<\/h2>\n<p><span style=\"font-weight: 400;\">El peque\u00f1o monstruo que viv\u00eda dentro el armario no se pod\u00eda dormir. Le daba miedo. Mucho miedo. \u00a1Pensaba que viv\u00eda un ni\u00f1o fuera del armario!\u00a0<\/span><\/p>\n<p><span style=\"font-weight: 400;\">Por las noches, cuando el peque\u00f1o monstruo que viv\u00eda dentro del armario se iba a acostar, escuchaba ruidos fuera. A veces, peque\u00f1os llantos. Otras, una voz llamando a su mam\u00e1. A menudo, golpecitos o ronquidos.\u00a0<\/span><\/p>\n<p><span style=\"font-weight: 400;\">-Mam\u00e1, tengo miedo- dec\u00eda el peque\u00f1o monstruo que viv\u00eda dentro del armario cada vez que se met\u00eda en la cama por la noche.<\/span><\/p>\n<p><span style=\"font-weight: 400;\">-Qu\u00e9 tonter\u00eda, no vive ning\u00fan ni\u00f1o fuera del armario &#8211; le respond\u00eda su mam\u00e1, y abr\u00eda la puerta del armario de par en par para mostrarle una habitaci\u00f3n oscura y en silencio.<\/span><\/p>\n<p><span style=\"font-weight: 400;\">Una noche, el peque\u00f1o monstruo que viv\u00eda dentro del armario reuni\u00f3 todo el valor que pudo y abri\u00f3 la puerta despacito. S\u00f3lo una rendija. Y se asom\u00f3 a la habitaci\u00f3n. No vio nada. No escuch\u00f3 nada. Abri\u00f3 un poquito m\u00e1s y sac\u00f3 la cabeza. Todo parec\u00eda en calma. Lentamente, sali\u00f3 del armario. Caminando de puntillas, para no hacer ruido, atraves\u00f3 la habitaci\u00f3n y se acerc\u00f3 hasta la cama. Bajo las s\u00e1banas hab\u00eda un bulto. Un bulto que era\u2026. \u00a1el ni\u00f1o que viv\u00eda fuera del armario!<\/span><\/p>\n<p><span style=\"font-weight: 400;\">De pronto, el ni\u00f1o se despert\u00f3. El peque\u00f1o monstruo que viv\u00eda dentro del armario y el ni\u00f1o que viv\u00eda fuera del armario quedaron cara a cara, durante un instante en silencio, mir\u00e1ndose el uno al otro con ojos abiertos como platos.<\/span><\/p>\n<p><span style=\"font-weight: 400;\">-\u00a1Ahhhhhhhhhhh!<\/span><\/p>\n<p><span style=\"font-weight: 400;\">-\u00a1Ahhhhhhhhhhh!<\/span><\/p>\n<p><span style=\"font-weight: 400;\">El peque\u00f1o monstruo que viv\u00eda dentro del armario corri\u00f3 a esconderse dentro del armario. <\/span><span style=\"font-weight: 400;\">El ni\u00f1o que viv\u00eda dentro del armario corri\u00f3 en busca de sus pap\u00e1s.<\/span><\/p>\n<p><span style=\"font-weight: 400;\">-\u00a1Mam\u00e1, mam\u00e1! &#8211; grit\u00f3 el monstruo que viv\u00eda fuera del armario &#8211; \u00a1corre, ven! \u00a1Hay un ni\u00f1o fuera del armario!<\/span><\/p>\n<p><span style=\"font-weight: 400;\">Mam\u00e1 monstruo, alarmada, se asom\u00f3 a una habitaci\u00f3n oscura y desierta.<\/span><\/p>\n<p><span style=\"font-weight: 400;\">-\u00a1Qu\u00e9 tonter\u00eda! No vive ning\u00fan ni\u00f1o fuera del armario. \u00a1Du\u00e9rmete!\u00a0 -y cerr\u00f3 la puerta.<\/span><\/p>\n<p><span style=\"font-weight: 400;\">En ese mismo instante, el ni\u00f1o que viv\u00eda fuera del armario apareci\u00f3 con su pap\u00e1.<\/span><\/p>\n<p><span style=\"font-weight: 400;\">-\u00a1Pap\u00e1, pap\u00e1! -exclamaba- hay un monstruo dentro del armario.<\/span><\/p>\n<p><span style=\"font-weight: 400;\">-\u00a1Qu\u00e9 tonter\u00eda! No vive ning\u00fan monstruo dentro del armario. Mira -y abri\u00f3 la puerta.<\/span><\/p>\n<p><span style=\"font-weight: 400;\">Al escuchar el tirador de la puerta, el peque\u00f1o monstruo que viv\u00eda dentro del armario se escondi\u00f3 en el caj\u00f3n de los calcetines. Aterrorizado, cerr\u00f3 los ojos y los apret\u00f3 fuertemente para que el ni\u00f1o que viv\u00eda fuera del armario no pudiera verle.<\/span><\/p>\n<h2>Comunicado Oficial de este cuento de monstruos para leer<\/h2>\n<blockquote><p>Atenci\u00f3n, este es un comunicado oficial para todos los ni\u00f1os que creen que vive un monstruo dentro de su armario:<\/p>\n<p>Tenemos que recordar que se han reportado muy pocos casos en el mundo de monstruos viviendo dentro de un armario. En caso de que exista un monstruo viviendo dentro del armario, \u00e9ste tiene m\u00e1s miedo del ni\u00f1o que el ni\u00f1o del monstruo.<\/p><\/blockquote>\n<p><a href=\"https:\/\/www.mumablue.com\/esp\/nuestros-cuentos-personalizados\/cuento-de-brujas-personalizado\/?utm_source=blog&amp;utm_medium=banner&amp;utm_campaign=p\u00e1ginas-audiocuentos&amp;utm_content=cuento-monstruos\" target=\"_blank\" rel=\"noopener noreferrer\"><img decoding=\"async\" loading=\"lazy\" class=\"alignnone wp-image-6317 size-full\" src=\"https:\/\/www.mumablue.com\/blog\/wp-content\/uploads\/2022\/10\/Cuento-de-halloween-personalizado-2.jpg\" alt=\"cuento de brujas\" width=\"715\" height=\"162\" srcset=\"https:\/\/www.mumablue.com\/blog\/wp-content\/uploads\/2022\/10\/Cuento-de-halloween-personalizado-2.jpg 715w, https:\/\/www.mumablue.com\/blog\/wp-content\/uploads\/2022\/10\/Cuento-de-halloween-personalizado-2-300x68.jpg 300w, https:\/\/www.mumablue.com\/blog\/wp-content\/uploads\/2022\/10\/Cuento-de-halloween-personalizado-2-624x141.jpg 624w\" sizes=\"(max-width: 715px) 100vw, 715px\" \/><\/a><\/p>\n<h2>Cuentos de monstruos para ni\u00f1os<\/h2>\n<p>Este cuento de monstruos para leer a los ni\u00f1os es solo un ejemplo de todos los que tenemos para ofreceros: <strong>un fantasma que hereda un castillo y no sabe asustar<\/strong>, un zombie que se levanta del ata\u00fad con muy mala cara y va al centro de belleza, el lobo de los cuentos que decide cambiar de empleo, o un especial de Halloween teatralizado, para representar en familia. Puedes encontrarlos todos en nuestra p\u00e1gina de <span style=\"color: #3366ff;\"><a style=\"color: #3366ff;\" href=\"https:\/\/www.mumablue.com\/blog\/cuentos-infantiles-para-leer-cortos-gratis\/\">cuentos infantiles para leer<\/a><\/span>, en<strong> el apartado \u00abCuentos de miedo muy divertidos\u00bb<\/strong> \u00a1Echa un vistazo!<\/p>\n<p>Esperamos que a tu peque le haya gustado este cuento de monstruos para leer a los ni\u00f1os. <strong>Con \u00e9l hemos querido hacer un cambio en la perspectiva<\/strong>, de manera que los ni\u00f1os se den cuenta de que no tienen nada que temer: no vive ning\u00fan monstruo debajo de su cama o dentro de su armario. Y, aunque viviera, no tendr\u00edan por qu\u00e9 tenerle miedo.<\/p>\n<div style='text-align:left' class='yasr-auto-insert-visitor'><\/div>","protected":false},"excerpt":{"rendered":"<p>Aqu\u00ed tienes un emocionante cuento de monstruos para leer a los ni\u00f1os, un relato que lograr\u00e1 que le pierda el miedo a los monstruos, gracias a que cambia el punto de vista de una forma muy divertida. Si no tienes tiempo para le\u00e9rselo, te proponemos la versi\u00f3n para escuchar. Si prefieres leerlo, m\u00e1s abajo lo [&hellip;]<\/p>\n","protected":false},"author":6,"featured_media":0,"parent":0,"menu_order":0,"comment_status":"closed","ping_status":"closed","template":"","meta":{"yasr_overall_rating":0,"yasr_post_is_review":"","yasr_auto_insert_disabled":"","yasr_review_type":""},"yasr_visitor_votes":{"number_of_votes":21,"sum_votes":82,"stars_attributes":{"read_only":false,"span_bottom":false}},"yoast_head":"<!-- This site is optimized with the Yoast SEO plugin v14.5 - https:\/\/yoast.com\/wordpress\/plugins\/seo\/ -->\n<meta name=\"description\" content=\"Te dejamos un exitoso cuento de monstruos para leer a los ni\u00f1os y una m\u00fasica muy misteriosa para que la pongas de fondo y crees una atm\u00f3sfera aterradora ;-)\" \/>\n<meta name=\"robots\" content=\"index, follow\" \/>\n<meta name=\"googlebot\" content=\"index, follow, max-snippet:-1, max-image-preview:large, max-video-preview:-1\" \/>\n<meta name=\"bingbot\" content=\"index, follow, max-snippet:-1, max-image-preview:large, max-video-preview:-1\" \/>\n<link rel=\"canonical\" href=\"https:\/\/www.mumablue.com\/blog\/cuento-de-monstruos-para-leer-a-los-ninos\/\" \/>\n<meta property=\"og:locale\" content=\"es_ES\" \/>\n<meta property=\"og:type\" content=\"article\" \/>\n<meta property=\"og:title\" content=\"Cuento de monstruos para leer a los ni\u00f1os + audiocuento - Blog Mumablue\" \/>\n<meta property=\"og:description\" content=\"Te dejamos un exitoso cuento de monstruos para leer a los ni\u00f1os y una m\u00fasica muy misteriosa para que la pongas de fondo y crees una atm\u00f3sfera aterradora ;-)\" \/>\n<meta property=\"og:url\" content=\"https:\/\/www.mumablue.com\/blog\/cuento-de-monstruos-para-leer-a-los-ninos\/\" \/>\n<meta property=\"og:site_name\" content=\"Blog Mumablue\" \/>\n<meta property=\"article:publisher\" content=\"https:\/\/www.facebook.com\/mumablue\/\" \/>\n<meta property=\"article:modified_time\" content=\"2025-05-23T09:24:17+00:00\" \/>\n<meta property=\"og:image\" content=\"https:\/\/www.mumablue.com\/blog\/wp-content\/uploads\/2021\/01\/El-peque\u00f1o-monstruo-que-viv\u00eda-dentro-del-armario.jpg\" \/>\n<meta name=\"twitter:card\" content=\"summary_large_image\" \/>\n<script type=\"application\/ld+json\" class=\"yoast-schema-graph\">{\"@context\":\"https:\/\/schema.org\",\"@graph\":[{\"@type\":\"Organization\",\"@id\":\"https:\/\/www.mumablue.com\/blog\/#organization\",\"name\":\"Mumablue\",\"url\":\"https:\/\/www.mumablue.com\/blog\/\",\"sameAs\":[\"https:\/\/www.facebook.com\/mumablue\/\",\"https:\/\/www.instagram.com\/mumablue\/?hl=es\"],\"logo\":{\"@type\":\"ImageObject\",\"@id\":\"https:\/\/www.mumablue.com\/blog\/#logo\",\"inLanguage\":\"es\",\"url\":\"https:\/\/www.mumablue.com\/blog\/wp-content\/uploads\/2020\/05\/Blog-Mumablue.png\",\"width\":749,\"height\":269,\"caption\":\"Mumablue\"},\"image\":{\"@id\":\"https:\/\/www.mumablue.com\/blog\/#logo\"}},{\"@type\":\"WebSite\",\"@id\":\"https:\/\/www.mumablue.com\/blog\/#website\",\"url\":\"https:\/\/www.mumablue.com\/blog\/\",\"name\":\"Blog Mumablue\",\"description\":\"Un blog de cuentos y audiocuentos gratis para ni\\u00f1os.\",\"publisher\":{\"@id\":\"https:\/\/www.mumablue.com\/blog\/#organization\"},\"potentialAction\":[{\"@type\":\"SearchAction\",\"target\":\"https:\/\/www.mumablue.com\/blog\/?s={search_term_string}\",\"query-input\":\"required name=search_term_string\"}],\"inLanguage\":\"es\"},{\"@type\":\"ImageObject\",\"@id\":\"https:\/\/www.mumablue.com\/blog\/cuento-de-monstruos-para-leer-a-los-ninos\/#primaryimage\",\"inLanguage\":\"es\",\"url\":\"https:\/\/www.mumablue.com\/blog\/wp-content\/uploads\/2021\/01\/El-peque\\u00f1o-monstruo-que-viv\\u00eda-dentro-del-armario.jpg\",\"width\":500,\"height\":500,\"caption\":\"Cuento de monstruos para leer\"},{\"@type\":\"WebPage\",\"@id\":\"https:\/\/www.mumablue.com\/blog\/cuento-de-monstruos-para-leer-a-los-ninos\/#webpage\",\"url\":\"https:\/\/www.mumablue.com\/blog\/cuento-de-monstruos-para-leer-a-los-ninos\/\",\"name\":\"Cuento de monstruos para leer a los ni\\u00f1os + audiocuento - Blog Mumablue\",\"isPartOf\":{\"@id\":\"https:\/\/www.mumablue.com\/blog\/#website\"},\"primaryImageOfPage\":{\"@id\":\"https:\/\/www.mumablue.com\/blog\/cuento-de-monstruos-para-leer-a-los-ninos\/#primaryimage\"},\"datePublished\":\"2020-07-01T18:19:05+00:00\",\"dateModified\":\"2025-05-23T09:24:17+00:00\",\"description\":\"Te dejamos un exitoso cuento de monstruos para leer a los ni\\u00f1os y una m\\u00fasica muy misteriosa para que la pongas de fondo y crees una atm\\u00f3sfera aterradora ;-)\",\"inLanguage\":\"es\",\"potentialAction\":[{\"@type\":\"ReadAction\",\"target\":[\"https:\/\/www.mumablue.com\/blog\/cuento-de-monstruos-para-leer-a-los-ninos\/\"]}]}]}<\/script>\n<!-- \/ Yoast SEO plugin. -->","_links":{"self":[{"href":"https:\/\/www.mumablue.com\/blog\/wp-json\/wp\/v2\/pages\/1631"}],"collection":[{"href":"https:\/\/www.mumablue.com\/blog\/wp-json\/wp\/v2\/pages"}],"about":[{"href":"https:\/\/www.mumablue.com\/blog\/wp-json\/wp\/v2\/types\/page"}],"author":[{"embeddable":true,"href":"https:\/\/www.mumablue.com\/blog\/wp-json\/wp\/v2\/users\/6"}],"replies":[{"embeddable":true,"href":"https:\/\/www.mumablue.com\/blog\/wp-json\/wp\/v2\/comments?post=1631"}],"version-history":[{"count":17,"href":"https:\/\/www.mumablue.com\/blog\/wp-json\/wp\/v2\/pages\/1631\/revisions"}],"predecessor-version":[{"id":7550,"href":"https:\/\/www.mumablue.com\/blog\/wp-json\/wp\/v2\/pages\/1631\/revisions\/7550"}],"wp:attachment":[{"href":"https:\/\/www.mumablue.com\/blog\/wp-json\/wp\/v2\/media?parent=1631"}],"curies":[{"name":"wp","href":"https:\/\/api.w.org\/{rel}","templated":true}]}}