{"id":1626,"date":"2020-07-22T07:42:03","date_gmt":"2020-07-22T07:42:03","guid":{"rendered":"https:\/\/mumablue.com\/blog\/?page_id=1626"},"modified":"2025-05-23T09:55:30","modified_gmt":"2025-05-23T09:55:30","slug":"cuento-del-universo-para-leer-aprender","status":"publish","type":"page","link":"https:\/\/www.mumablue.com\/blog\/cuento-del-universo-para-leer-aprender\/","title":{"rendered":"Cuento del universo para leer a los ni\u00f1os"},"content":{"rendered":"<p><img decoding=\"async\" loading=\"lazy\" class=\"alignnone size-full wp-image-3469\" src=\"https:\/\/www.mumablue.com\/blog\/wp-content\/uploads\/2021\/01\/La-estrella-de-mar-que-viaj\u00f3-al-espacio.jpg\" alt=\"Cuento del universo para leer\" width=\"500\" height=\"500\" srcset=\"https:\/\/www.mumablue.com\/blog\/wp-content\/uploads\/2021\/01\/La-estrella-de-mar-que-viaj\u00f3-al-espacio.jpg 500w, https:\/\/www.mumablue.com\/blog\/wp-content\/uploads\/2021\/01\/La-estrella-de-mar-que-viaj\u00f3-al-espacio-300x300.jpg 300w, https:\/\/www.mumablue.com\/blog\/wp-content\/uploads\/2021\/01\/La-estrella-de-mar-que-viaj\u00f3-al-espacio-150x150.jpg 150w\" sizes=\"(max-width: 500px) 100vw, 500px\" \/><\/p>\n<p>Aqu\u00ed tienes un sorprendente cuento del universo para leer a los ni\u00f1os. Se trata de una bonita historia que juega con el punto de vista y habla de por qu\u00e9 siempre se anhela lo que no se tiene, para terminar dando <strong>el mensaje de que cada uno debemos valorar por encima de todo aquello que tenemos<\/strong>, sin renunciar, por supuesto, a conocer otras realidades.<\/p>\n<p>Si prefieres escucharlo directamente en audiocuento, te lo dejamos a continuaci\u00f3n. Si prefieres le\u00e9rselo t\u00fa a tu peque, directamente, busca el texto de este cuento del universo para ni\u00f1os m\u00e1s adelante en este art\u00edculo.<\/p>\n<h2>Audiocuento La estrella de mar que viaj\u00f3 al Espacio<\/h2>\n<p>Si lo prefieres, este cuento del universo para leer se lo contamos nosotros.<\/p>\n<h6><script src=\"https:\/\/www.buzzsprout.com\/937792\/3791606-la-estrella-de-mar-que-viajo-al-espacio.js?container_id=buzzsprout-player-3791606&amp;player=small\" type=\"text\/javascript\" charset=\"utf-8\"><\/script>M\u00fasica: CC 0 <span style=\"color: #0000ff;\"><a style=\"color: #0000ff;\" href=\"https:\/\/freepd.com\/Page2\/\" target=\"_blank\" rel=\"noopener noreferrer\">Fairy Dance<\/a><\/span>, por Rafael Krux; CC 4.0 <span style=\"color: #0000ff;\"><a style=\"color: #0000ff;\" href=\"https:\/\/alexandernakarada.bandcamp.com\/track\/be-chillin\" target=\"_blank\" rel=\"noopener noreferrer\">Be Chillin&#8217;<\/a><\/span>, por Alexander Nakarada. CC 3.0 <span style=\"color: #0000ff;\"><a style=\"color: #0000ff;\" href=\"https:\/\/freepd.com\/Page2\/\" target=\"_blank\" rel=\"noopener noreferrer\">Water Shine<\/a><\/span> y <span style=\"color: #0000ff;\"><a style=\"color: #0000ff;\" href=\"https:\/\/freepd.com\/Page2\/\" target=\"_blank\" rel=\"noopener noreferrer\">Glitter<\/a><\/span>, por Frank Nora. CC 4.0 <span style=\"color: #0000ff;\"><a style=\"color: #0000ff;\" href=\"https:\/\/filmmusic.io\/song\/5635-dreamy-piano-fantasy-\" target=\"_blank\" rel=\"noopener noreferrer\">Dreamy piano fantasy<\/a><\/span>, por Rafael Krux.<\/h6>\n<blockquote>\n<h3><img decoding=\"async\" loading=\"lazy\" class=\"alignnone wp-image-583 ls-is-cached lazyloaded\" src=\"https:\/\/www.mumablue.com\/blog\/wp-content\/uploads\/2020\/03\/favicon.ico\" alt=\"\" width=\"44\" height=\"44\" data-src=\"https:\/\/www.mumablue.com\/blog\/wp-content\/uploads\/2020\/03\/favicon.ico\" \/>\u00a0<span style=\"color: #800080;\"> \u00a1Descubre\u00a0<span style=\"color: #3366ff;\"><a style=\"color: #3366ff;\" href=\"https:\/\/www.mumablue.com\/blog\/cuentos-infantiles-para-leer-cortos-gratis\/\" target=\"_blank\" rel=\"noopener noreferrer\">100 cuentos m\u00e1s y audio cuentos<\/a>\u00a0<\/span>gratis!<\/span><\/h3>\n<\/blockquote>\n<h2>Cuento del universo para leer: \u00abLa Estrella de mar que viaj\u00f3 al Espacio\u00bb<\/h2>\n<p><span style=\"font-weight: 400;\">Desde que era una peque\u00f1a estrella de mar, Centella so\u00f1aba con viajar al Espacio y conocer el Universo. Esto era as\u00ed porque su abuelo siempre le contaba una historia antes de irse a la cama:\u00a0<\/span><i><span style=\"font-weight: 400;\">Al principio, no hab\u00eda vida en los oc\u00e9anos. S\u00f3lo hab\u00eda agua. Pero un d\u00eda, hace millones de a\u00f1os, se desencaden\u00f3 una fuerte tormenta sideral. Era una lluvia de estrellas. Muchas de ellas cayeron en el mar. Sus chispas se apagaron<\/span><\/i><i><span style=\"font-weight: 400;\">. Con el paso del tiempo, las estrellas que llovieron del cielo se convirtieron en estrellas de mar. En recuerdo de tus or\u00edgenes, te llamas Centella. Los puntos brillantes que ves en el cielo nocturno son tus antepasados.<\/span><\/i><\/p>\n<p><span style=\"font-weight: 400;\">Cada noche, Centella esperaba, impaciente, la puesta de sol. En cuanto el agua del mar comenzaba a te\u00f1irse de naranja, amarillo y rojo, se arrastraba hasta la playa y contemplaba el cielo hasta que se quedaba oscuro y comenzaban brillar las primeras estrellas. <\/span><span style=\"font-weight: 400;\">Centella suspiraba.<\/span><\/p>\n<p><span style=\"font-weight: 400;\">-Ojal\u00e1 alg\u00fan d\u00eda pueda viajar al Espacio y conocer mis or\u00edgenes y a mis antepasados, las estrellas de cielo.<\/span><\/p>\n<p><span style=\"font-weight: 400;\"><a href=\"https:\/\/www.mumablue.com\/esp\/nuestros-cuentos-personalizados\/planeta-gelatina\/?utm_source=blog&amp;utm_medium=banner&amp;utm_campaign=p\u00e1ginas-audiocuentos&amp;utm_content=cuento-universo\" target=\"_blank\" rel=\"noopener noreferrer\"><img decoding=\"async\" loading=\"lazy\" class=\"alignnone wp-image-4619 size-full\" src=\"https:\/\/www.mumablue.com\/blog\/wp-content\/uploads\/2021\/07\/cuento-del-universo-personalizado.jpg\" alt=\"cuento del universo para leer\" width=\"715\" height=\"162\" srcset=\"https:\/\/www.mumablue.com\/blog\/wp-content\/uploads\/2021\/07\/cuento-del-universo-personalizado.jpg 715w, https:\/\/www.mumablue.com\/blog\/wp-content\/uploads\/2021\/07\/cuento-del-universo-personalizado-300x68.jpg 300w, https:\/\/www.mumablue.com\/blog\/wp-content\/uploads\/2021\/07\/cuento-del-universo-personalizado-624x141.jpg 624w\" sizes=\"(max-width: 715px) 100vw, 715px\" \/><\/a><\/span><\/p>\n<p><span style=\"font-weight: 400;\">Una noche de gran temporal, Centella se subi\u00f3 a la cresta de una ola inmensa. La fuerza de la tempestad hizo que la ola la empujara hacia el cielo con tanta fuerza que consigui\u00f3 traspasar la atm\u00f3sfera y llegar al espacio.<\/span><\/p>\n<p><span style=\"font-weight: 400;\">Centella qued\u00f3 flotando en mitad de la nada. Le result\u00f3 muy extra\u00f1o. En el Espacio se flotaba de forma diferente a como se flotaba en el agua del mar. All\u00ed no era movida por las mareas o arrastrada por las corrientes. Flotaba estando quieta y se sent\u00eda tan ligera como si estuviera hecha de piel de nube.<\/span><\/p>\n<p><span style=\"font-weight: 400;\">Lo siguiente que llam\u00f3 su atenci\u00f3n fue el silencio, si es que se pod\u00eda describir as\u00ed. No s\u00f3lo es que no se escuchara el canto de las ballenas o el chisporroteo de la espuma de mar contra la arena de la playa. No. El silencio que conoc\u00eda Centella era el ruido sordo y mon\u00f3tono del fondo del oc\u00e9ano. Pero en el Espacio\u2026 \u00a1era como si se hubiera quedado completamente sorda!<\/span><\/p>\n<p><span style=\"font-weight: 400;\">De pronto, Centella sinti\u00f3 mucho fr\u00edo. Era un fr\u00edo distinto a cuando se quedaba atrapada en una corriente de los mares del norte o a cuando el invierno enfriaba el agua de su playa. El fr\u00edo que sinti\u00f3 Centella era un fr\u00edo perpetuo, la temperatura de la eternidad; \u00a1un fr\u00edo que le hel\u00f3 hasta el esqueleto! Centella comenz\u00f3 a mover sus cinco brazos para acercarse a una peque\u00f1a constelaci\u00f3n formada por un grupito de estrellas.<\/span><\/p>\n<p><span style=\"font-weight: 400;\">-Tengo fr\u00edo, \u00bfme dais algo de calor? -les pidi\u00f3.<\/span><\/p>\n<p><span style=\"font-weight: 400;\">Las estrellas no contestaron, pero brillaron m\u00e1s fuerte. Centella, que se hab\u00eda acercado demasiado, se quem\u00f3.\u00a0<\/span><\/p>\n<p><span style=\"font-weight: 400;\">-\u00a1Ay! &#8211; dijo. Y despu\u00e9s, dirigi\u00e9ndose a sus antepasados: \u00bfNo os aburr\u00eds aqu\u00ed arriba?<\/span><\/p>\n<p><span style=\"font-weight: 400;\">-Shhhh\u2026 -fue la \u00fanica respuesta- estamos escuchando la eternidad.<\/span><\/p>\n<p><span style=\"font-weight: 400;\">Entonces, Centella se sinti\u00f3 muy sola. Quiz\u00e1 lo que menos le gustaba del Espacio era esa sensaci\u00f3n de soledad. Adem\u00e1s, se dio cuenta de que el Universo era inmenso, infinitamente m\u00e1s grande que el oc\u00e9ano. Y tuvo miedo.<\/span><\/p>\n<p><span style=\"font-weight: 400;\">De pronto, pas\u00f3 por su lado un meteorito. \u00a1Una estrella fugaz! Centella apret\u00f3 fuertemente los ojos y pidi\u00f3 un deseo. <\/span><i><span style=\"font-weight: 400;\">\u201c\u00a1Quiero volver a casa!\u201d.<\/span><\/i><span style=\"font-weight: 400;\"> Tan pronto lo pens\u00f3, el meteorito se par\u00f3 en seco.\u00a0<\/span><\/p>\n<p><span style=\"font-weight: 400;\">-Suj\u00e9tate a mi cola- le dijo el meteoro.<\/span><\/p>\n<p><span style=\"font-weight: 400;\">La estrella de mar se agarr\u00f3 a la cola de la estrella fugaz. Quemaba mucho, pero decidi\u00f3 aguantar. A duras penas, consigui\u00f3 regresar a la Tierra. Cuando estaba justo encima de su trocito de mar, Centella se solt\u00f3 y se dej\u00f3 caer. Extendi\u00f3 sus cinco brazos para ofrecer m\u00e1s resistencia al aire. \u00a1Era fant\u00e1stico! \u00a1Centella sent\u00eda que pod\u00eda volar!<\/span><\/p>\n<p><i><span style=\"font-weight: 400;\">\u00a1\u00a1SPLASH!!<\/span><\/i><\/p>\n<p><span style=\"font-weight: 400;\">Cuando Centella cay\u00f3 en el agua se sinti\u00f3 muy bien. Volv\u00eda a estar calentita, volv\u00eda a escuchar los chasquidos y silbidos de los delfines, volv\u00eda a flotar meci\u00e9ndose en el agua, volv\u00eda a sentirse acompa\u00f1ada. \u00a1Estaba en casa!\u00a0<\/span><\/p>\n<p><span style=\"font-weight: 400;\">A pesar de su experiencia, Centella sigui\u00f3 subiendo, cada noche, a contemplar el cielo estrellado. Entend\u00eda que el Espacio no era su lugar y que su sitio estaba en el mar. \u00a1Pero estaba orgullosa de haber emprendido aquella aventura! Hab\u00eda conocido un mundo distinto donde viv\u00edan seres muy diferentes, hab\u00eda comprendido sus or\u00edgenes y hab\u00eda aprendido a valorar todas las cosas buenas que ten\u00eda ser estrella de mar y vivir en el fondo del oc\u00e9ano.<\/span><\/p>\n<h2><a href=\"https:\/\/www.mumablue.com\/esp\/nuestros-cuentos-personalizados\/planeta-gelatina\/?utm_source=blog&amp;utm_medium=banner&amp;utm_campaign=p\u00e1ginas-audiocuentos&amp;utm_content=cuento-universo\" target=\"_blank\" rel=\"noopener noreferrer\"><img decoding=\"async\" loading=\"lazy\" class=\"alignnone wp-image-4619 size-full\" src=\"https:\/\/www.mumablue.com\/blog\/wp-content\/uploads\/2021\/07\/cuento-del-universo-personalizado.jpg\" alt=\"cuento del universo para leer\" width=\"715\" height=\"162\" srcset=\"https:\/\/www.mumablue.com\/blog\/wp-content\/uploads\/2021\/07\/cuento-del-universo-personalizado.jpg 715w, https:\/\/www.mumablue.com\/blog\/wp-content\/uploads\/2021\/07\/cuento-del-universo-personalizado-300x68.jpg 300w, https:\/\/www.mumablue.com\/blog\/wp-content\/uploads\/2021\/07\/cuento-del-universo-personalizado-624x141.jpg 624w\" sizes=\"(max-width: 715px) 100vw, 715px\" \/><\/a><\/h2>\n<h2>Curiosidades de las estrellas de mar<\/h2>\n<p><span style=\"font-weight: 400;\">Las estrellas de mar, en realidad, no vienen del cielo. Surgieron en los oc\u00e9anos en la era de los dinosaurios y fueron uno de los animales marinos que consigui\u00f3 sobrevivir a la extinci\u00f3n masiva. <strong>Aunque las estrellas de mar viven en el agua, no son peces, son equinodermos<\/strong>, que significa \u201cpiel de erizo\u201d. Esto es as\u00ed porque la mayor\u00eda de especies est\u00e1n recubiertas de peque\u00f1os pinchos para protegerse de los depredadores, igual que sus primos, los erizos de mar.<\/span><\/p>\n<p><span style=\"font-weight: 400;\"><strong>Las estrellas de mar no tienen cabeza y, por lo tanto, no tienen cerebro<\/strong>. \u00a1Pero no les hace falta! Son capaces de captar de su entorno toda la informaci\u00f3n necesaria gracias a unas c\u00e9lulas especiales que recubren su piel. \u00a1Es como si su cerebro estuviera repartido por todo su cuerpo! Las estrellas de mar tampoco tienen coraz\u00f3n. Ni ojos. \u00a1Pero tienen un superpoder! <strong>Si se rompe uno de sus brazos, de \u00e9l crece una nueva estrella de mar.\u00a0<\/strong><\/span><\/p>\n<p><span style=\"font-weight: 400;\">Normalmente imaginamos o dibujamos las estrellas de mar con cinco brazos, \u00bfverdad? \u00a1Pues os gustar\u00e1 saber que <strong>existen estrellas de mar con hasta 50 brazos<\/strong>!\u00a0 La mayor\u00eda de estrellas de mar son de colores muy llamativos y chillones para asustar a los depredadores. Adem\u00e1s, absorben el carbono de los oc\u00e9anos, ayudando al ecosistema marino. \u00a1Por eso hay que protegerlas!<strong> Si te encuentras una estrella de mar \u00a1No la saques del agua!<\/strong>\u00a0 Pues puede morir asfixiada en pocos segundos si su complejo sistema respiratorio se ve interrumpido.<\/span><\/p>\n<h2>Cuento del universo para leer a los ni\u00f1os<\/h2>\n<p>\u00a1A los ni\u00f1os les fascina el Universo! Por eso los cuentos de estrellas, planetas, viajes espaciales o remotas galaxias siempre son una buena idea. Adem\u00e1s, desde su enfoque educativo, los cuentos del espacio <strong>permiten que los ni\u00f1os conozcan un mundo tan desconocido como apasionante<\/strong>, despertando su inter\u00e9s por la astronom\u00eda. En este cuento se pone de manifiesto c\u00f3mo el universo es una realidad muy diferente a la que conocemos, no por ello mala. Adem\u00e1s, ense\u00f1a a valorar lo que se tiene a la par que a respetar otros modos de vida.<\/p>\n<p>En \u00abLa estrella de mar que viaj\u00f3 al espacio\u00bb, adem\u00e1s, encontrar\u00e1n una parte final con diferentes curiosidades sobre las estrellas de mar. Y se dar\u00e1n cuenta de que <strong>el fondo del mar es a\u00fan m\u00e1s desconocido que el universo para los seres humanos<\/strong>. Esperamos que a tu peque le haya gustado este cuento del universo para leer a los ni\u00f1os. Puedes encontrar muchos otros en nuestra p\u00e1gina de <span style=\"color: #3366ff;\"><a style=\"color: #3366ff;\" href=\"https:\/\/www.mumablue.com\/blog\/cuentos-infantiles-para-leer-cortos-gratis\/\">cuentos infantiles para leer<\/a><\/span>. \u00a1Echa un vistazo!<\/p>\n<div style='text-align:left' class='yasr-auto-insert-visitor'><\/div>","protected":false},"excerpt":{"rendered":"<p>Aqu\u00ed tienes un sorprendente cuento del universo para leer a los ni\u00f1os. Se trata de una bonita historia que juega con el punto de vista y habla de por qu\u00e9 siempre se anhela lo que no se tiene, para terminar dando el mensaje de que cada uno debemos valorar por encima de todo aquello que [&hellip;]<\/p>\n","protected":false},"author":6,"featured_media":0,"parent":0,"menu_order":0,"comment_status":"closed","ping_status":"closed","template":"","meta":{"yasr_overall_rating":0,"yasr_post_is_review":"","yasr_auto_insert_disabled":"","yasr_review_type":""},"yasr_visitor_votes":{"number_of_votes":276,"sum_votes":1225,"stars_attributes":{"read_only":false,"span_bottom":false}},"yoast_head":"<!-- This site is optimized with the Yoast SEO plugin v14.5 - https:\/\/yoast.com\/wordpress\/plugins\/seo\/ -->\n<meta name=\"description\" content=\"Aqu\u00ed tienes un cuento del universo para leer a los ni\u00f1os. Adem\u00e1s, te dejamos una m\u00f1usica para que puedas ponerla de fondo mientras se lo lees.\" \/>\n<meta name=\"robots\" content=\"index, follow\" \/>\n<meta name=\"googlebot\" content=\"index, follow, max-snippet:-1, max-image-preview:large, max-video-preview:-1\" \/>\n<meta name=\"bingbot\" content=\"index, follow, max-snippet:-1, max-image-preview:large, max-video-preview:-1\" \/>\n<link rel=\"canonical\" href=\"https:\/\/www.mumablue.com\/blog\/cuento-del-universo-para-leer-aprender\/\" \/>\n<meta property=\"og:locale\" content=\"es_ES\" \/>\n<meta property=\"og:type\" content=\"article\" \/>\n<meta property=\"og:title\" content=\"Cuento del universo para leer a los ni\u00f1os - Blog Mumablue\" \/>\n<meta property=\"og:description\" content=\"Aqu\u00ed tienes un cuento del universo para leer a los ni\u00f1os. Adem\u00e1s, te dejamos una m\u00f1usica para que puedas ponerla de fondo mientras se lo lees.\" \/>\n<meta property=\"og:url\" content=\"https:\/\/www.mumablue.com\/blog\/cuento-del-universo-para-leer-aprender\/\" \/>\n<meta property=\"og:site_name\" content=\"Blog Mumablue\" \/>\n<meta property=\"article:publisher\" content=\"https:\/\/www.facebook.com\/mumablue\/\" \/>\n<meta property=\"article:modified_time\" content=\"2025-05-23T09:55:30+00:00\" \/>\n<meta property=\"og:image\" content=\"https:\/\/www.mumablue.com\/blog\/wp-content\/uploads\/2021\/01\/La-estrella-de-mar-que-viaj\u00f3-al-espacio.jpg\" \/>\n<meta name=\"twitter:card\" content=\"summary_large_image\" \/>\n<script type=\"application\/ld+json\" class=\"yoast-schema-graph\">{\"@context\":\"https:\/\/schema.org\",\"@graph\":[{\"@type\":\"Organization\",\"@id\":\"https:\/\/www.mumablue.com\/blog\/#organization\",\"name\":\"Mumablue\",\"url\":\"https:\/\/www.mumablue.com\/blog\/\",\"sameAs\":[\"https:\/\/www.facebook.com\/mumablue\/\",\"https:\/\/www.instagram.com\/mumablue\/?hl=es\"],\"logo\":{\"@type\":\"ImageObject\",\"@id\":\"https:\/\/www.mumablue.com\/blog\/#logo\",\"inLanguage\":\"es\",\"url\":\"https:\/\/www.mumablue.com\/blog\/wp-content\/uploads\/2020\/05\/Blog-Mumablue.png\",\"width\":749,\"height\":269,\"caption\":\"Mumablue\"},\"image\":{\"@id\":\"https:\/\/www.mumablue.com\/blog\/#logo\"}},{\"@type\":\"WebSite\",\"@id\":\"https:\/\/www.mumablue.com\/blog\/#website\",\"url\":\"https:\/\/www.mumablue.com\/blog\/\",\"name\":\"Blog Mumablue\",\"description\":\"Un blog de cuentos y audiocuentos gratis para ni\\u00f1os.\",\"publisher\":{\"@id\":\"https:\/\/www.mumablue.com\/blog\/#organization\"},\"potentialAction\":[{\"@type\":\"SearchAction\",\"target\":\"https:\/\/www.mumablue.com\/blog\/?s={search_term_string}\",\"query-input\":\"required name=search_term_string\"}],\"inLanguage\":\"es\"},{\"@type\":\"ImageObject\",\"@id\":\"https:\/\/www.mumablue.com\/blog\/cuento-del-universo-para-leer-aprender\/#primaryimage\",\"inLanguage\":\"es\",\"url\":\"https:\/\/www.mumablue.com\/blog\/wp-content\/uploads\/2021\/01\/La-estrella-de-mar-que-viaj\\u00f3-al-espacio.jpg\",\"width\":500,\"height\":500,\"caption\":\"Cuento del universo para leer\"},{\"@type\":\"WebPage\",\"@id\":\"https:\/\/www.mumablue.com\/blog\/cuento-del-universo-para-leer-aprender\/#webpage\",\"url\":\"https:\/\/www.mumablue.com\/blog\/cuento-del-universo-para-leer-aprender\/\",\"name\":\"Cuento del universo para leer a los ni\\u00f1os - Blog Mumablue\",\"isPartOf\":{\"@id\":\"https:\/\/www.mumablue.com\/blog\/#website\"},\"primaryImageOfPage\":{\"@id\":\"https:\/\/www.mumablue.com\/blog\/cuento-del-universo-para-leer-aprender\/#primaryimage\"},\"datePublished\":\"2020-07-22T07:42:03+00:00\",\"dateModified\":\"2025-05-23T09:55:30+00:00\",\"description\":\"Aqu\\u00ed tienes un cuento del universo para leer a los ni\\u00f1os. Adem\\u00e1s, te dejamos una m\\u00f1usica para que puedas ponerla de fondo mientras se lo lees.\",\"inLanguage\":\"es\",\"potentialAction\":[{\"@type\":\"ReadAction\",\"target\":[\"https:\/\/www.mumablue.com\/blog\/cuento-del-universo-para-leer-aprender\/\"]}]}]}<\/script>\n<!-- \/ Yoast SEO plugin. -->","_links":{"self":[{"href":"https:\/\/www.mumablue.com\/blog\/wp-json\/wp\/v2\/pages\/1626"}],"collection":[{"href":"https:\/\/www.mumablue.com\/blog\/wp-json\/wp\/v2\/pages"}],"about":[{"href":"https:\/\/www.mumablue.com\/blog\/wp-json\/wp\/v2\/types\/page"}],"author":[{"embeddable":true,"href":"https:\/\/www.mumablue.com\/blog\/wp-json\/wp\/v2\/users\/6"}],"replies":[{"embeddable":true,"href":"https:\/\/www.mumablue.com\/blog\/wp-json\/wp\/v2\/comments?post=1626"}],"version-history":[{"count":13,"href":"https:\/\/www.mumablue.com\/blog\/wp-json\/wp\/v2\/pages\/1626\/revisions"}],"predecessor-version":[{"id":7555,"href":"https:\/\/www.mumablue.com\/blog\/wp-json\/wp\/v2\/pages\/1626\/revisions\/7555"}],"wp:attachment":[{"href":"https:\/\/www.mumablue.com\/blog\/wp-json\/wp\/v2\/media?parent=1626"}],"curies":[{"name":"wp","href":"https:\/\/api.w.org\/{rel}","templated":true}]}}