{"id":1617,"date":"2020-07-22T07:37:58","date_gmt":"2020-07-22T07:37:58","guid":{"rendered":"https:\/\/mumablue.com\/blog\/?page_id=1617"},"modified":"2025-06-03T07:59:55","modified_gmt":"2025-06-03T07:59:55","slug":"cuento-con-valores-para-leer","status":"publish","type":"page","link":"https:\/\/www.mumablue.com\/blog\/cuento-con-valores-para-leer\/","title":{"rendered":"Cuento con valores para leer a los ni\u00f1os + audiocuento"},"content":{"rendered":"<p><img decoding=\"async\" loading=\"lazy\" class=\"alignnone size-full wp-image-3487\" src=\"https:\/\/www.mumablue.com\/blog\/wp-content\/uploads\/2021\/01\/La-mariposa-de-los-hielos.jpg\" alt=\"Cuento con valores para leer\" width=\"600\" height=\"500\" \/><\/p>\n<p>Aqu\u00ed tienes un precioso cuento con valores para leer a los ni\u00f1os. Se trata de <strong>una bonita historia que pone en valor a las personas diferentes<\/strong>, ense\u00f1ando a los ni\u00f1os que ser distinto no es una desventaja, sino que puede significar que existe una misi\u00f3n espec\u00edfica para los seres diferentes.<\/p>\n<p>M\u00e1s abajo podr\u00e1s encontrar el texto del cuento. Si lo prefieres, este cuento con valores para leer se lo contamos nosotros en <strong>una narraci\u00f3n con ambientaci\u00f3n musical y llena de m\u00e1gicos efectos sonoros<\/strong>.<\/p>\n<h2>Audiocuento \u00abLa Mariposa de los Hielos\u00bb<\/h2>\n<h6><script src=\"https:\/\/www.buzzsprout.com\/937792\/3322327-la-mariposa-de-los-hielos.js?container_id=buzzsprout-player-3322327&amp;player=small\" type=\"text\/javascript\" charset=\"utf-8\"><\/script>M\u00fasica: CC 0 <span style=\"color: #0000ff;\"><a style=\"color: #0000ff;\" href=\"https:\/\/freepd.com\/Page2\/\" target=\"_blank\" rel=\"noopener noreferrer\">Fairy Dance<\/a><\/span> , por Rafael Krux; CC 3.0 <a href=\"https:\/\/freepd.com\/Page2\/\" target=\"_blank\" rel=\"noopener noreferrer\"><span style=\"color: #0000ff;\">Orcherstra Demo<\/span><\/a>, por Kevin MacLeod; CC 4.0 <span style=\"color: #0000ff;\"><a style=\"color: #0000ff;\" href=\"https:\/\/filmmusic.io\/song\/5587-piano-etude-\" target=\"_blank\" rel=\"noopener noreferrer\">Piano Etude<\/a><\/span>, <span style=\"color: #0000ff;\"><a style=\"color: #0000ff;\" href=\"https:\/\/filmmusic.io\/song\/5610-walking-stars-\" target=\"_blank\" rel=\"noopener noreferrer\">Walking Stars<\/a><\/span> y <span style=\"color: #0000ff;\"><a style=\"color: #0000ff;\" href=\"https:\/\/filmmusic.io\/song\/5628-dragon-dance-\" target=\"_blank\" rel=\"noopener noreferrer\">Dragon Dance<\/a><\/span>, por Rafael Krux.<\/h6>\n<hr \/>\n<p>A continuaci\u00f3n te dejamos el texto de este cuentos con valores para leer a los ni\u00f1os. Puedes crear t\u00fa mismo un ambiente especial y muy emotivo si se lo lees con esta m\u00fasica de fondo.<\/p>\n<p><iframe loading=\"lazy\" title=\"YouTube video player\" src=\"https:\/\/www.youtube.com\/embed\/Yy-Bcw1ZlB4\" width=\"600\" height=\"60\" frameborder=\"0\" allowfullscreen=\"allowfullscreen\"><span data-mce-type=\"bookmark\" style=\"display: inline-block; width: 0px; overflow: hidden; line-height: 0;\" class=\"mce_SELRES_start\">\ufeff<\/span><\/iframe><\/p>\n<h2>La Mariposa de los Hielos<\/h2>\n<p><span style=\"font-weight: 400;\">Aquella ma\u00f1ana luc\u00eda el sol y comenzaba a o\u00edrse el canto de los arroyos. Los p\u00e1jaros, con su trinar, celebraban la llegada de la primavera y las flores se desperezaban ya sobre el manto verde que cubr\u00eda la pradera. Al mismo tiempo, se desperezaban tambi\u00e9n las mariposas mientras abandonaban el capullo y reaparec\u00edan vestidas de fiesta, con enormes alas de irisados colores. Todas, menos una.\u00a0<\/span><\/p>\n<p><span style=\"font-weight: 400;\">De uno de los capullos, el m\u00e1s alejado del \u00e1rbol, sali\u00f3 una mariposa muy extra\u00f1a: nunca se hab\u00eda visto nada igual. No ten\u00eda bellos colores, como sus hermanas, parec\u00eda, m\u00e1s bien, hecha por completo de cristal. No era fea, al contrario, era de una belleza deslumbrante. Sus alas, recubiertas de peque\u00f1os cristales de hielo, brillaban con el sol y lanzaban destellos en todas direcciones. \u00a1Era una mariposa preciosa! Pero era diferente.<\/span><\/p>\n<p><span style=\"font-weight: 400;\">-Qu\u00e9 raro es tu vestido -se burlaban sus hermanas.<\/span><\/p>\n<p><span style=\"font-weight: 400;\">-\u00bfD\u00f3nde est\u00e1n tus colores? &#8211; le preguntaban las lib\u00e9lulas.<\/span><\/p>\n<p><span style=\"font-weight: 400;\">-\u00a1Tus alas no son de terciopelo! &#8211; le advert\u00edan las ara\u00f1as.<\/span><\/p>\n<p><span style=\"font-weight: 400;\">-\u00bfAntes tambi\u00e9n eras distinta? &#8211; se extra\u00f1aban las orugas.<\/span><\/p>\n<p><span style=\"font-weight: 400;\">-Eres un bicho raro &#8211; sentenciaban los insectos palo.<\/span><\/p>\n<p><span style=\"font-weight: 400;\">La mariposa era preciosa, pero era diferente. Y, por ese motivo, nadie la tomaba en serio. Sus hermanas no quer\u00edan jugar con ella y el resto de insectos se la quedaban mirando con compasi\u00f3n. De nada le serv\u00edan sus cristalinas alas transparentes, sus destellos brillantes, su fragilidad de cristal, el silbido de su aleteo. Nadie la quer\u00eda porque no era una mariposa de colores, con alas de terciopelo y negro cuerpo azabache.<\/span><\/p>\n<p><span style=\"font-weight: 400;\">La mariposa se hab\u00eda quedado sola porque era diferente, as\u00ed que decidi\u00f3 alejarse de todos. Vol\u00f3, vol\u00f3 y vol\u00f3 hacia los confines del mundo. Sus alas reflejaban el sol con cada batir, fulgurando contra el intenso azul del cielo. Al cabo de un buen rato, se pos\u00f3 cerca de un arroyo a refrescarse. Se encontraba ensimismada, absorta en sus propios pensamientos, cuando not\u00f3 que alguien la observaba. La mariposa levant\u00f3 la mirada y vio, frente a ella una termita muy anciana.<\/span><\/p>\n<p><span style=\"font-weight: 400;\">-\u00a1No me lo puedo creer! \u00a1Eres una mariposa de los hielos! -exclam\u00f3 la termita.<\/span><\/p>\n<p><span style=\"font-weight: 400;\">La mariposa no entend\u00eda a qu\u00e9 se estaba refiriendo.<\/span><\/p>\n<p><span style=\"font-weight: 400;\">-\u00bfYo? No, no. No soy una mariposa de los hielos. S\u00f3lo soy una rara mariposa que naci\u00f3 sin colores -dijo la mariposa, entristecida.<\/span><\/p>\n<p><span style=\"font-weight: 400;\">La termita le insisti\u00f3. Le dijo que su abuelo le contaba una historia que hablaba de c\u00f3mo, cada primavera, una sola mariposa nace diferente a las dem\u00e1s. No tiene colores ni alas de terciopelo. Al contrario, es transparente y brillante como un copo de nieve y sus alas son r\u00edgidas y fr\u00e1giles como el hielo. Es diferente, s\u00ed. Pero es \u00fanica. Y tiene una misi\u00f3n: la mariposa de los hielos es la encargada de guardar el invierno, para que sepa encontrar el camino de vuelta y no se pierda, y pueda, as\u00ed, regresar cada a\u00f1o.<\/span><\/p>\n<p><span style=\"font-weight: 400;\">-No eres rara, eres especial. \u00a1Eres la guardiana del invierno! Sin ti, nada volver\u00eda a empezar -le insisti\u00f3 la anciana termita.<\/span><\/p>\n<p><span style=\"font-weight: 400;\">-\u00bfEmpezar? \u00a1Pero si es en primavera cuando empieza todo! -se extra\u00f1\u00f3 la mariposa.<\/span><\/p>\n<p><span style=\"font-weight: 400;\">-No, en realidad todo empieza en invierno -continu\u00f3 la termita- Se necesita la nieve para que, con el deshielo, el agua se reparta por el mundo y puedan brotar las plantas. El invierno no es el fin de la vida, sino el inicio de ella.<\/span><\/p>\n<p><span style=\"font-weight: 400;\">Cuando se corri\u00f3 la voz entre los insectos, \u00e9stos comenzaron a mirar a la mariposa con admiraci\u00f3n. Ahora, todos se sent\u00edan afortunados por tener entre ellos a una mariposa de los hielos. Aprendieron que ser diferente no quiere decir ser raro, sino especial. Y que los seres especiales est\u00e1n en este mundo para cumplir una importante misi\u00f3n. \u00a1S\u00f3lo hay que descubrir cu\u00e1l es! Gracias a la mariposa de los hielos, el invierno supo encontrar el camino de vuelta, colore\u00e1ndolo todo de blanco. Con la llegada de una nueva primavera, otra mariposa muy especial comenz\u00f3 a romper su capullo de hielo&#8230;<\/span><\/p>\n<h2>Otros cuentos con valores para leer<\/h2>\n<p>Esperamos que a tu peque le haya gustado este cuento con valores para leer a los ni\u00f1os. Puedes encontrar muchos otros en nuestra p\u00e1gina de <span style=\"color: #3366ff;\"><a style=\"color: #3366ff;\" href=\"https:\/\/www.mumablue.com\/blog\/cuentos-infantiles-para-leer-cortos-gratis\/\">cuentos infantiles para leer<\/a><\/span><span style=\"color: #ff0000;\">.<\/span> Adem\u00e1s, te invitamos a descubrir los numerosos t\u00edtulos de cuentos personalizados editados en papel que hacemos en Mumablue y que podr\u00e1s personalizar en exclusiva para tu peque. <span style=\"color: #3366ff;\"><a style=\"color: #3366ff;\" href=\"https:\/\/www.mumablue.com\/?utm_source=blog&amp;utm_medium=link&amp;utm_campaign=p\u00e1ginas-audiocuentos&amp;utm_content=cuento-valores-leer\">\u00a1Echa un vistazo!<\/a><\/span><\/p>\n<div style='text-align:left' class='yasr-auto-insert-visitor'><\/div>","protected":false},"excerpt":{"rendered":"<p>Aqu\u00ed tienes un precioso cuento con valores para leer a los ni\u00f1os. Se trata de una bonita historia que pone en valor a las personas diferentes, ense\u00f1ando a los ni\u00f1os que ser distinto no es una desventaja, sino que puede significar que existe una misi\u00f3n espec\u00edfica para los seres diferentes. M\u00e1s abajo podr\u00e1s encontrar el [&hellip;]<\/p>\n","protected":false},"author":6,"featured_media":0,"parent":0,"menu_order":0,"comment_status":"closed","ping_status":"closed","template":"","meta":{"yasr_overall_rating":0,"yasr_post_is_review":"","yasr_auto_insert_disabled":"","yasr_review_type":""},"yasr_visitor_votes":{"number_of_votes":334,"sum_votes":1505,"stars_attributes":{"read_only":false,"span_bottom":false}},"yoast_head":"<!-- This site is optimized with the Yoast SEO plugin v14.5 - https:\/\/yoast.com\/wordpress\/plugins\/seo\/ -->\n<meta name=\"description\" content=\"Descubre un emotivo y enternecedor cuento con valores para leer a los ni\u00f1os. Puedes leerlo sobre la m\u00fasica que encontrar\u00e1s en el post para darle m\u00e1s emoci\u00f3n\" \/>\n<meta name=\"robots\" content=\"index, follow\" \/>\n<meta name=\"googlebot\" content=\"index, follow, max-snippet:-1, max-image-preview:large, max-video-preview:-1\" \/>\n<meta name=\"bingbot\" content=\"index, follow, max-snippet:-1, max-image-preview:large, max-video-preview:-1\" \/>\n<link rel=\"canonical\" href=\"https:\/\/www.mumablue.com\/blog\/cuento-con-valores-para-leer\/\" \/>\n<meta property=\"og:locale\" content=\"es_ES\" \/>\n<meta property=\"og:type\" content=\"article\" \/>\n<meta property=\"og:title\" content=\"Cuento con valores para leer a los ni\u00f1os + audiocuento - Blog Mumablue\" \/>\n<meta property=\"og:description\" content=\"Descubre un emotivo y enternecedor cuento con valores para leer a los ni\u00f1os. Puedes leerlo sobre la m\u00fasica que encontrar\u00e1s en el post para darle m\u00e1s emoci\u00f3n\" \/>\n<meta property=\"og:url\" content=\"https:\/\/www.mumablue.com\/blog\/cuento-con-valores-para-leer\/\" \/>\n<meta property=\"og:site_name\" content=\"Blog Mumablue\" \/>\n<meta property=\"article:publisher\" content=\"https:\/\/www.facebook.com\/mumablue\/\" \/>\n<meta property=\"article:modified_time\" content=\"2025-06-03T07:59:55+00:00\" \/>\n<meta property=\"og:image\" content=\"https:\/\/www.mumablue.com\/blog\/wp-content\/uploads\/2021\/01\/La-mariposa-de-los-hielos.jpg\" \/>\n<meta name=\"twitter:card\" content=\"summary_large_image\" \/>\n<script type=\"application\/ld+json\" class=\"yoast-schema-graph\">{\"@context\":\"https:\/\/schema.org\",\"@graph\":[{\"@type\":\"Organization\",\"@id\":\"https:\/\/www.mumablue.com\/blog\/#organization\",\"name\":\"Mumablue\",\"url\":\"https:\/\/www.mumablue.com\/blog\/\",\"sameAs\":[\"https:\/\/www.facebook.com\/mumablue\/\",\"https:\/\/www.instagram.com\/mumablue\/?hl=es\"],\"logo\":{\"@type\":\"ImageObject\",\"@id\":\"https:\/\/www.mumablue.com\/blog\/#logo\",\"inLanguage\":\"es\",\"url\":\"https:\/\/www.mumablue.com\/blog\/wp-content\/uploads\/2020\/05\/Blog-Mumablue.png\",\"width\":749,\"height\":269,\"caption\":\"Mumablue\"},\"image\":{\"@id\":\"https:\/\/www.mumablue.com\/blog\/#logo\"}},{\"@type\":\"WebSite\",\"@id\":\"https:\/\/www.mumablue.com\/blog\/#website\",\"url\":\"https:\/\/www.mumablue.com\/blog\/\",\"name\":\"Blog Mumablue\",\"description\":\"Un blog de cuentos y audiocuentos gratis para ni\\u00f1os.\",\"publisher\":{\"@id\":\"https:\/\/www.mumablue.com\/blog\/#organization\"},\"potentialAction\":[{\"@type\":\"SearchAction\",\"target\":\"https:\/\/www.mumablue.com\/blog\/?s={search_term_string}\",\"query-input\":\"required name=search_term_string\"}],\"inLanguage\":\"es\"},{\"@type\":\"ImageObject\",\"@id\":\"https:\/\/www.mumablue.com\/blog\/cuento-con-valores-para-leer\/#primaryimage\",\"inLanguage\":\"es\",\"url\":\"https:\/\/www.mumablue.com\/blog\/wp-content\/uploads\/2021\/01\/La-mariposa-de-los-hielos.jpg\",\"width\":500,\"height\":500,\"caption\":\"Cuento con valores para leer\"},{\"@type\":\"WebPage\",\"@id\":\"https:\/\/www.mumablue.com\/blog\/cuento-con-valores-para-leer\/#webpage\",\"url\":\"https:\/\/www.mumablue.com\/blog\/cuento-con-valores-para-leer\/\",\"name\":\"Cuento con valores para leer a los ni\\u00f1os + audiocuento - Blog Mumablue\",\"isPartOf\":{\"@id\":\"https:\/\/www.mumablue.com\/blog\/#website\"},\"primaryImageOfPage\":{\"@id\":\"https:\/\/www.mumablue.com\/blog\/cuento-con-valores-para-leer\/#primaryimage\"},\"datePublished\":\"2020-07-22T07:37:58+00:00\",\"dateModified\":\"2025-06-03T07:59:55+00:00\",\"description\":\"Descubre un emotivo y enternecedor cuento con valores para leer a los ni\\u00f1os. Puedes leerlo sobre la m\\u00fasica que encontrar\\u00e1s en el post para darle m\\u00e1s emoci\\u00f3n\",\"inLanguage\":\"es\",\"potentialAction\":[{\"@type\":\"ReadAction\",\"target\":[\"https:\/\/www.mumablue.com\/blog\/cuento-con-valores-para-leer\/\"]}]}]}<\/script>\n<!-- \/ Yoast SEO plugin. -->","_links":{"self":[{"href":"https:\/\/www.mumablue.com\/blog\/wp-json\/wp\/v2\/pages\/1617"}],"collection":[{"href":"https:\/\/www.mumablue.com\/blog\/wp-json\/wp\/v2\/pages"}],"about":[{"href":"https:\/\/www.mumablue.com\/blog\/wp-json\/wp\/v2\/types\/page"}],"author":[{"embeddable":true,"href":"https:\/\/www.mumablue.com\/blog\/wp-json\/wp\/v2\/users\/6"}],"replies":[{"embeddable":true,"href":"https:\/\/www.mumablue.com\/blog\/wp-json\/wp\/v2\/comments?post=1617"}],"version-history":[{"count":22,"href":"https:\/\/www.mumablue.com\/blog\/wp-json\/wp\/v2\/pages\/1617\/revisions"}],"predecessor-version":[{"id":7643,"href":"https:\/\/www.mumablue.com\/blog\/wp-json\/wp\/v2\/pages\/1617\/revisions\/7643"}],"wp:attachment":[{"href":"https:\/\/www.mumablue.com\/blog\/wp-json\/wp\/v2\/media?parent=1617"}],"curies":[{"name":"wp","href":"https:\/\/api.w.org\/{rel}","templated":true}]}}