{"id":1600,"date":"2020-07-01T18:19:38","date_gmt":"2020-07-01T18:19:38","guid":{"rendered":"https:\/\/mumablue.com\/blog\/?page_id=1600"},"modified":"2025-05-23T10:01:27","modified_gmt":"2025-05-23T10:01:27","slug":"cuento-educativo-para-leer","status":"publish","type":"page","link":"https:\/\/www.mumablue.com\/blog\/cuento-educativo-para-leer\/","title":{"rendered":"Cuento educativo para leer a los ni\u00f1os + audiocuento gratis"},"content":{"rendered":"<p><img decoding=\"async\" loading=\"lazy\" class=\"alignnone size-full wp-image-3491\" src=\"https:\/\/www.mumablue.com\/blog\/wp-content\/uploads\/2021\/01\/El-Museo-del-Silencio.jpg\" alt=\"cuento educativo para leer\" width=\"500\" height=\"500\" srcset=\"https:\/\/www.mumablue.com\/blog\/wp-content\/uploads\/2021\/01\/El-Museo-del-Silencio.jpg 500w, https:\/\/www.mumablue.com\/blog\/wp-content\/uploads\/2021\/01\/El-Museo-del-Silencio-300x300.jpg 300w, https:\/\/www.mumablue.com\/blog\/wp-content\/uploads\/2021\/01\/El-Museo-del-Silencio-150x150.jpg 150w\" sizes=\"(max-width: 500px) 100vw, 500px\" \/><\/p>\n<p>Aqu\u00ed tienes un precioso cuento educativo para leer a los ni\u00f1os. Se trata de <strong>un relato que pone en valor el poder de la comunicaci\u00f3n<\/strong>, y c\u00f3mo el mero hecho de decir lo que sentimos se convierte en m\u00e1gicas palabras que cambian nuestro destino.<\/p>\n<p>En \u00abEl Museo del Silencio\u00bb el peque\u00f1o <span style=\"font-weight: 400;\">Valent\u00edn<\/span> realizar\u00e1 una excursi\u00f3n con el cole a <strong>un misterioso museo en el que se guardan palabras dentro de fr\u00e1giles urnas de cristal.<\/strong> Lo que all\u00ed aprenda le ayudar\u00e1 a conseguir su mayor deseo.<\/p>\n<p><strong>Si no tienes tiempo de leer, puedes escuchar esta historia<\/strong>, ya que hemos creado el audiocuento.<\/p>\n<h2>Audiocuento El Museo del Silencio<\/h2>\n<h6><script src=\"https:\/\/www.buzzsprout.com\/937792\/3921527-el-museo-del-silencio.js?container_id=buzzsprout-player-3921527&amp;player=small\" type=\"text\/javascript\" charset=\"utf-8\"><\/script>M\u00fasica: CC 0 <span style=\"color: #0000ff;\"><a style=\"color: #0000ff;\" href=\"https:\/\/freepd.com\/Page2\/\" target=\"_blank\" rel=\"noopener noreferrer\">Fairy Dance<\/a><\/span> , por Rafael Krux; CC 4.0 <span style=\"color: #0000ff;\"><a style=\"color: #0000ff;\" href=\"https:\/\/alexandernakarada.bandcamp.com\/track\/relaxing-ballad\" target=\"_blank\" rel=\"noopener noreferrer\">Relaxing Ballad<\/a><\/span>, por Alexander Nakarada.<\/h6>\n<p>Si prefieres leerlo t\u00fa mismo, puedes encontrar el texto de este cuento educativo para leer a continuaci\u00f3n.<strong> \u00a1Crear\u00e1s un ambiente especial si se lo lees con esta m\u00fasica de fondo!<\/strong><\/p>\n<p><iframe style=\"border: 0; width: 95%; height: 42px;\" src=\"https:\/\/bandcamp.com\/EmbeddedPlayer\/album=511335925\/size=small\/bgcol=ffffff\/linkcol=0687f5\/track=2188054527\/transparent=true\/\" seamless=\"\"><span data-mce-type=\"bookmark\" style=\"display: inline-block; width: 0px; overflow: hidden; line-height: 0;\" class=\"mce_SELRES_start\">\ufeff<\/span><a href=\"http:\/\/alexandernakarada.bandcamp.com\/album\/collection-acoustic-ballad\">Collection &#8211; Acoustic &amp; Ballad by Alexander Nakarada<\/a><\/iframe><\/p>\n<h2>El Museo del Silencio<\/h2>\n<p><span style=\"font-weight: 400;\">El peque\u00f1o Valent\u00edn estaba fascinado por Gabriela. \u00a1Era la ni\u00f1a m\u00e1s lista, simp\u00e1tica y maravillosa que hab\u00eda conocido nunca! Gabriela era nueva en el colegio. Se hab\u00eda mudado hac\u00eda poco tiempo a la ciudad. Desde el primer d\u00eda que la vio, el peque\u00f1o Valent\u00edn so\u00f1aba con ser su amigo. \u00a1Pero le daba mucha verg\u00fcenza acercarse a ella! No sab\u00eda c\u00f3mo hacerlo y pens\u00f3 que si organizaban pronto una excursi\u00f3n en el cole, podr\u00eda sentarse a su lado en el autocar y preguntarle si quer\u00eda ser su amiga.<\/span><\/p>\n<p><span style=\"font-weight: 400;\">\u00a1Y por fin hab\u00eda llegado ese momento! La profe hab\u00eda anunciado que la pr\u00f3xima semana visitar\u00edan el Museo del Silencio. <\/span><span style=\"font-weight: 400;\">Valent\u00edn no comprend\u00eda qu\u00e9 es lo que se podr\u00eda contemplar all\u00ed. El silencio no se pod\u00eda ver, no se pod\u00eda escuchar, no ol\u00eda a nada. Tampoco se pod\u00edan reunir distintos tipos de silencio ni, mucho menos, meterlos dentro de las vitrinas.<\/span><\/p>\n<p><span style=\"font-weight: 400;\">La curiosidad se apoder\u00f3 de Valent\u00edn. Tanto, que casi se olvid\u00f3 del viaje en autocar junto a Gabriela. \u00a1Qu\u00e9 intriga! <\/span><\/p>\n<p><span style=\"font-weight: 400;\">-\u00bfQu\u00e9 guardan en el Museo del Silencio, mam\u00e1?, pero su mam\u00e1 no contestaba. <\/span><\/p>\n<p><span style=\"font-weight: 400;\">-\u00bfQu\u00e9 hay en el Museo del Silencio, pap\u00e1?, y pap\u00e1 se quedaba callado. <\/span><\/p>\n<p><span style=\"font-weight: 400;\">-\u00bfQu\u00e9 veremos en el Museo del Silencio, se\u00f1o?, pero la profesora respond\u00eda con silencio.<\/span><\/p>\n<p><span style=\"font-weight: 400;\">Cuando lleg\u00f3 el d\u00eda de la visita, el peque\u00f1o Valent\u00edn estaba muy nervioso. \u00a1Tanto, que casi hab\u00eda estado a punto de perder su oportunidad de sentarse al lado de Gabriela! Pero al final lo hab\u00eda conseguido, cambi\u00e1ndole el sitio a Pablito, que siempre buscaba el lado de la ventanilla. Sin embargo, cuando tuvo a Gabriela cerca, Valent\u00edn no se atrevi\u00f3 a decir ni una palabra. Ni a mirarla, siquiera.<\/span><span style=\"font-weight: 400;\">\u00a0<\/span><\/p>\n<p><span style=\"font-weight: 400;\">Al entrar en el Museo del Silencio, lo primero que llam\u00f3 la atenci\u00f3n de Valent\u00edn fue un gran cartel en la puerta que dec\u00eda \u201cProhibido guardar silencio\u201d.\u00a0<\/span><span style=\"font-weight: 400;\">Despu\u00e9s, toda la clase pas\u00f3 a una sala enorme. En ella, se acumulaban botes y botes de cristal que guardaban palabras, escritas con distintos tipos de letra y en diferentes colores. Unos eran m\u00e1s peque\u00f1os y se expon\u00edan en largas vitrinas de estanter\u00eda. Otros, m\u00e1s grandes, estaban colocados sobre pedestales, en los rincones.\u00a0<\/span><\/p>\n<p><span style=\"font-weight: 400;\"><em>\u201cNo me gusta\u201d<\/em>, pod\u00eda leerse dentro de un frasco, en letras azules. <em>\u201cVen a verme ma\u00f1ana\u201d<\/em>, era el mensaje que, con caligraf\u00eda caprichosa, se escond\u00eda dentro de otro bote de cristal. <em>\u201cLo romp\u00ed yo\u201d<\/em>, dec\u00eda otro de los frascos. En medio de la gran sala, justo en el centro, hab\u00eda una solitaria vitrina. <em>\u201cTE QUIERO\u201d<\/em>, era el mensaje que guardaba.<\/span><\/p>\n<p><span style=\"font-weight: 400;\">Valent\u00edn no entend\u00eda nada. <\/span><span style=\"font-weight: 400;\">\u00bfQu\u00e9 clase de museo era ese? \u00bfQu\u00e9 inter\u00e9s ten\u00edan un pu\u00f1ado de palabras encerradas en cristal? <\/span><span style=\"font-weight: 400;\">Entonces, su profesora habl\u00f3:<\/span><\/p>\n<p><span style=\"font-weight: 400;\">-Bienvenidos al Museo del Silencio. Aqu\u00ed se guardan las palabras que nunca se dijeron, esas que se quedaron atravesadas en la garganta. Al convertirlas en silencio, algunas de estas palabras acabaron separando a las personas. Otras, hicieron perder una gran oportunidad. Por eso ahora se conservan en el Museo del Silencio. <\/span><span style=\"font-weight: 400;\">Se guardan en frascos de cristal, porque es fr\u00e1gil, como los miedos. Romper el temor de decir lo que se desea decir es m\u00e1s f\u00e1cil de lo que parece.<\/span><\/p>\n<p><span style=\"font-weight: 400;\">Entonces Valent\u00edn comprendi\u00f3. Lo entendi\u00f3 todo. <\/span><span style=\"font-weight: 400;\">Cuando finaliz\u00f3 la visita, camino del autocar, reuni\u00f3 todo el valor que pudo y se acerc\u00f3 a Gabriela.\u00a0<\/span><\/p>\n<p><span style=\"font-weight: 400;\">-\u00bfQuieres ser mi amiga? -pregunt\u00f3.<\/span><\/p>\n<p><span style=\"font-weight: 400;\">Y al decir lo que nunca hab\u00eda dicho, ocurri\u00f3 lo que nunca hab\u00eda ocurrido.<\/span><\/p>\n<h2>Este no es el \u00fanico cuento educativo para leer<\/h2>\n<p>Esperamos que a tu peque le haya gustado este cuento educativo para leer. Puedes encontrar muchos otros en nuestra p\u00e1gina de <span style=\"color: #3366ff;\"><a style=\"color: #3366ff;\" href=\"https:\/\/www.mumablue.com\/blog\/cuentos-infantiles-para-leer-cortos-gratis\/\">cuentos infantiles para leer<\/a><\/span>. <strong>\u00a1B\u00fascalos en el apartado de \u00abCuentos con valores\u00bb!\u00a0<\/strong>Todos los cuentos que escribimos en Mumablue tienen valores y <strong>tratan la historia desde un punto de vista educativo<\/strong>. Gran parte de ellos cuentan, al final, con una ense\u00f1anza en modo \u00abSab\u00edas que\u00bb en la que se ofrecen curiosidades sobre los principales aspectos de cada historia.<\/p>\n<p>Mumablue es una editorial de cuentos personalizados para ni\u00f1os, basados en la transmisi\u00f3n de valores, donde puedes escoger entre numerosas historias y personalizarlas en exclusiva para tu peque con su nombre y su avatar.<strong> Descubre uno de los regalos m\u00e1s sorprendentes y originales<\/strong> que har\u00e1n que tu peque se inicie en el h\u00e1bito de lectura. Echa un vistazo al <a href=\"https:\/\/www.mumablue.com\/esp\/nuestros-cuentos-personalizados\/?utm_source=blog&amp;utm_medium=link&amp;utm_campaign=p\u00e1ginas-audiocuentos&amp;utm_content=cuento-educativo-leer\">cat\u00e1logo de cuentos<\/a> y juguetea con el motor de personalizaci\u00f3n para representar a tu peque con gran fidelidad.<\/p>\n<div style='text-align:left' class='yasr-auto-insert-visitor'><\/div>","protected":false},"excerpt":{"rendered":"<p>Aqu\u00ed tienes un precioso cuento educativo para leer a los ni\u00f1os. Se trata de un relato que pone en valor el poder de la comunicaci\u00f3n, y c\u00f3mo el mero hecho de decir lo que sentimos se convierte en m\u00e1gicas palabras que cambian nuestro destino. En \u00abEl Museo del Silencio\u00bb el peque\u00f1o Valent\u00edn realizar\u00e1 una excursi\u00f3n [&hellip;]<\/p>\n","protected":false},"author":6,"featured_media":0,"parent":0,"menu_order":0,"comment_status":"closed","ping_status":"closed","template":"","meta":{"yasr_overall_rating":0,"yasr_post_is_review":"","yasr_auto_insert_disabled":"","yasr_review_type":""},"yasr_visitor_votes":{"number_of_votes":195,"sum_votes":874,"stars_attributes":{"read_only":false,"span_bottom":false}},"yoast_head":"<!-- This site is optimized with the Yoast SEO plugin v14.5 - https:\/\/yoast.com\/wordpress\/plugins\/seo\/ -->\n<meta name=\"description\" content=\"Este cuento educativo para leer a los ni\u00f1os incluye una m\u00fasica para ponerla de fondo y un mensaje que tambi\u00e9n llegar\u00e1 al coraz\u00f3n de los adultos.\" \/>\n<meta name=\"robots\" content=\"index, follow\" \/>\n<meta name=\"googlebot\" content=\"index, follow, max-snippet:-1, max-image-preview:large, max-video-preview:-1\" \/>\n<meta name=\"bingbot\" content=\"index, follow, max-snippet:-1, max-image-preview:large, max-video-preview:-1\" \/>\n<link rel=\"canonical\" href=\"https:\/\/www.mumablue.com\/blog\/cuento-educativo-para-leer\/\" \/>\n<meta property=\"og:locale\" content=\"es_ES\" \/>\n<meta property=\"og:type\" content=\"article\" \/>\n<meta property=\"og:title\" content=\"Cuento educativo para leer a los ni\u00f1os + audiocuento gratis - Blog Mumablue\" \/>\n<meta property=\"og:description\" content=\"Este cuento educativo para leer a los ni\u00f1os incluye una m\u00fasica para ponerla de fondo y un mensaje que tambi\u00e9n llegar\u00e1 al coraz\u00f3n de los adultos.\" \/>\n<meta property=\"og:url\" content=\"https:\/\/www.mumablue.com\/blog\/cuento-educativo-para-leer\/\" \/>\n<meta property=\"og:site_name\" content=\"Blog Mumablue\" \/>\n<meta property=\"article:publisher\" content=\"https:\/\/www.facebook.com\/mumablue\/\" \/>\n<meta property=\"article:modified_time\" content=\"2025-05-23T10:01:27+00:00\" \/>\n<meta property=\"og:image\" content=\"https:\/\/www.mumablue.com\/blog\/wp-content\/uploads\/2021\/01\/El-Museo-del-Silencio.jpg\" \/>\n<meta name=\"twitter:card\" content=\"summary_large_image\" \/>\n<script type=\"application\/ld+json\" class=\"yoast-schema-graph\">{\"@context\":\"https:\/\/schema.org\",\"@graph\":[{\"@type\":\"Organization\",\"@id\":\"https:\/\/www.mumablue.com\/blog\/#organization\",\"name\":\"Mumablue\",\"url\":\"https:\/\/www.mumablue.com\/blog\/\",\"sameAs\":[\"https:\/\/www.facebook.com\/mumablue\/\",\"https:\/\/www.instagram.com\/mumablue\/?hl=es\"],\"logo\":{\"@type\":\"ImageObject\",\"@id\":\"https:\/\/www.mumablue.com\/blog\/#logo\",\"inLanguage\":\"es\",\"url\":\"https:\/\/www.mumablue.com\/blog\/wp-content\/uploads\/2020\/05\/Blog-Mumablue.png\",\"width\":749,\"height\":269,\"caption\":\"Mumablue\"},\"image\":{\"@id\":\"https:\/\/www.mumablue.com\/blog\/#logo\"}},{\"@type\":\"WebSite\",\"@id\":\"https:\/\/www.mumablue.com\/blog\/#website\",\"url\":\"https:\/\/www.mumablue.com\/blog\/\",\"name\":\"Blog Mumablue\",\"description\":\"Un blog de cuentos y audiocuentos gratis para ni\\u00f1os.\",\"publisher\":{\"@id\":\"https:\/\/www.mumablue.com\/blog\/#organization\"},\"potentialAction\":[{\"@type\":\"SearchAction\",\"target\":\"https:\/\/www.mumablue.com\/blog\/?s={search_term_string}\",\"query-input\":\"required name=search_term_string\"}],\"inLanguage\":\"es\"},{\"@type\":\"ImageObject\",\"@id\":\"https:\/\/www.mumablue.com\/blog\/cuento-educativo-para-leer\/#primaryimage\",\"inLanguage\":\"es\",\"url\":\"https:\/\/www.mumablue.com\/blog\/wp-content\/uploads\/2021\/01\/El-Museo-del-Silencio.jpg\",\"width\":500,\"height\":500,\"caption\":\"cuento educativo para leer\"},{\"@type\":\"WebPage\",\"@id\":\"https:\/\/www.mumablue.com\/blog\/cuento-educativo-para-leer\/#webpage\",\"url\":\"https:\/\/www.mumablue.com\/blog\/cuento-educativo-para-leer\/\",\"name\":\"Cuento educativo para leer a los ni\\u00f1os + audiocuento gratis - Blog Mumablue\",\"isPartOf\":{\"@id\":\"https:\/\/www.mumablue.com\/blog\/#website\"},\"primaryImageOfPage\":{\"@id\":\"https:\/\/www.mumablue.com\/blog\/cuento-educativo-para-leer\/#primaryimage\"},\"datePublished\":\"2020-07-01T18:19:38+00:00\",\"dateModified\":\"2025-05-23T10:01:27+00:00\",\"description\":\"Este cuento educativo para leer a los ni\\u00f1os incluye una m\\u00fasica para ponerla de fondo y un mensaje que tambi\\u00e9n llegar\\u00e1 al coraz\\u00f3n de los adultos.\",\"inLanguage\":\"es\",\"potentialAction\":[{\"@type\":\"ReadAction\",\"target\":[\"https:\/\/www.mumablue.com\/blog\/cuento-educativo-para-leer\/\"]}]}]}<\/script>\n<!-- \/ Yoast SEO plugin. -->","_links":{"self":[{"href":"https:\/\/www.mumablue.com\/blog\/wp-json\/wp\/v2\/pages\/1600"}],"collection":[{"href":"https:\/\/www.mumablue.com\/blog\/wp-json\/wp\/v2\/pages"}],"about":[{"href":"https:\/\/www.mumablue.com\/blog\/wp-json\/wp\/v2\/types\/page"}],"author":[{"embeddable":true,"href":"https:\/\/www.mumablue.com\/blog\/wp-json\/wp\/v2\/users\/6"}],"replies":[{"embeddable":true,"href":"https:\/\/www.mumablue.com\/blog\/wp-json\/wp\/v2\/comments?post=1600"}],"version-history":[{"count":21,"href":"https:\/\/www.mumablue.com\/blog\/wp-json\/wp\/v2\/pages\/1600\/revisions"}],"predecessor-version":[{"id":7556,"href":"https:\/\/www.mumablue.com\/blog\/wp-json\/wp\/v2\/pages\/1600\/revisions\/7556"}],"wp:attachment":[{"href":"https:\/\/www.mumablue.com\/blog\/wp-json\/wp\/v2\/media?parent=1600"}],"curies":[{"name":"wp","href":"https:\/\/api.w.org\/{rel}","templated":true}]}}