{"id":1579,"date":"2020-07-01T18:20:03","date_gmt":"2020-07-01T18:20:03","guid":{"rendered":"https:\/\/mumablue.com\/blog\/?page_id=1579"},"modified":"2025-05-29T12:02:39","modified_gmt":"2025-05-29T12:02:39","slug":"cuento-de-vikingos-para-leer","status":"publish","type":"page","link":"https:\/\/www.mumablue.com\/blog\/cuento-de-vikingos-para-leer\/","title":{"rendered":"Cuento de vikingos para leer a los ni\u00f1os"},"content":{"rendered":"<p><img decoding=\"async\" loading=\"lazy\" class=\"alignnone size-full wp-image-4695\" src=\"https:\/\/www.mumablue.com\/blog\/wp-content\/uploads\/2021\/07\/Este-vikingo-se-marea-1.jpg\" alt=\"Cuento de vikingos para leer\" width=\"500\" height=\"500\" srcset=\"https:\/\/www.mumablue.com\/blog\/wp-content\/uploads\/2021\/07\/Este-vikingo-se-marea-1.jpg 500w, https:\/\/www.mumablue.com\/blog\/wp-content\/uploads\/2021\/07\/Este-vikingo-se-marea-1-300x300.jpg 300w, https:\/\/www.mumablue.com\/blog\/wp-content\/uploads\/2021\/07\/Este-vikingo-se-marea-1-150x150.jpg 150w\" sizes=\"(max-width: 500px) 100vw, 500px\" \/><\/p>\n<p>Aqu\u00ed tienes un emocionante cuento de vikingos para leer a los ni\u00f1os. Se trata de <strong>una historia que habla del valor de la superaci\u00f3n<\/strong> y de c\u00f3mo el ingenio y la tenacidad puede llevarnos a lograr nuestros sue\u00f1os. En <a href=\"https:\/\/www.mumablue.com\/esp\/?utm_source=blog&amp;utm_medium=link&amp;utm_campaign=p\u00e1ginas-audiocuentos&amp;utm_content=cuento-vikingos\" target=\"_blank\" rel=\"noopener noreferrer\"><span style=\"color: #3366ff;\">Mumablue<\/span><\/a> apostamos por la educaci\u00f3n a trav\u00e9s de los cuentos para hacer convertir a nuestros peque\u00f1os en grandes personas.<\/p>\n<p>Un poco m\u00e1s abajo encontrar\u00e1s este cuento de vikingos para leer a tu peque directamente, pero, si lo prefieres, <strong>puedes acceder gratis a la versi\u00f3n en audiocuento.<\/strong><\/p>\n<h2>Audiocuento \u00a1Este vikingo se marea!<\/h2>\n<h6><script src=\"https:\/\/www.buzzsprout.com\/937792\/4039751-este-vikingo-se-marea.js?container_id=buzzsprout-player-4039751&amp;player=small\" type=\"text\/javascript\" charset=\"utf-8\"><\/script>M\u00fasica: CC 0 <span style=\"color: #0000ff;\"><a style=\"color: #0000ff;\" href=\"https:\/\/freepd.com\/Page2\/\">Fairy Dance<\/a><\/span>, por Rafael Krux; CC 4.0 <span style=\"color: #0000ff;\"><a style=\"color: #0000ff;\" href=\"https:\/\/alexandernakarada.bandcamp.com\/track\/nor-ur\">Nordur<\/a><\/span>, por Alexander Nakarada<\/h6>\n<p><a href=\"https:\/\/www.mumablue.com\/esp\/nuestros-cuentos-personalizados\/el-reino-de-mirinian?utm_source=blog&amp;utm_medium=banner&amp;utm_campaign=p\u00e1ginas-audiocuentos&amp;utm_content=cuento-vikingos\" target=\"_blank\" rel=\"noopener noreferrer\"><img decoding=\"async\" loading=\"lazy\" class=\"alignnone wp-image-5005 size-full\" src=\"https:\/\/www.mumablue.com\/blog\/wp-content\/uploads\/2021\/09\/Cuento-de-Aventuras.jpg\" alt=\"Cuento de unicornios\" width=\"715\" height=\"162\" srcset=\"https:\/\/www.mumablue.com\/blog\/wp-content\/uploads\/2021\/09\/Cuento-de-Aventuras.jpg 715w, https:\/\/www.mumablue.com\/blog\/wp-content\/uploads\/2021\/09\/Cuento-de-Aventuras-300x68.jpg 300w, https:\/\/www.mumablue.com\/blog\/wp-content\/uploads\/2021\/09\/Cuento-de-Aventuras-624x141.jpg 624w\" sizes=\"(max-width: 715px) 100vw, 715px\" \/><\/a><\/p>\n<p>Creemos que te puede gustar crear algo de ambiente y le\u00e9rselo sobre una m\u00fasica. Aqu\u00ed la tienes:<\/p>\n<p><iframe style=\"border: 0; width: 100%; height: 42px;\" src=\"https:\/\/bandcamp.com\/EmbeddedPlayer\/album=1560542386\/size=small\/bgcol=ffffff\/linkcol=0687f5\/track=1915636025\/transparent=true\/\" seamless=\"\"><a href=\"http:\/\/alexandernakarada.bandcamp.com\/album\/complete-discography-creative-commons-by-40\">Complete Discography (Creative Commons BY 4.0) by Alexander Nakarada<\/a><\/iframe><\/p>\n<h2>Cuento de vikingos para leer: \u00a1Este vikingo se marea!<\/h2>\n<p><span style=\"font-weight: 400;\">El peque\u00f1o vikingo era valiente. No conoc\u00eda otra manera de ser: su padre, su madre, sus hermanos mayores\u2026 todos eran valerosos guerreros que no le tem\u00edan al combate.\u00a0<\/span><\/p>\n<p><span style=\"font-weight: 400;\">Al peque\u00f1o vikingo no le daba miedo la batalla. No le asustaba tener que luchar para defenderse de sus enemigos. \u00a1Bland\u00eda la espada y empu\u00f1aba el escudo con presteza!<\/span><\/p>\n<p><span style=\"font-weight: 400;\">El peque\u00f1o vikingo era aventurero. Como todo su pueblo, so\u00f1aba con descubrir nuevos mundos, con embarcarse y surcar mares embravecidos para llegar a lugares remotos llenos de sorpresas y grandes tesoros.<\/span><\/p>\n<p><span style=\"font-weight: 400;\">Pero el peque\u00f1o vikingo ten\u00eda un \u201cpeque\u00f1o\u201d problema: no pod\u00eda navegar porque se mareaba.\u00a0<\/span><span style=\"font-weight: 400;\">Cada vez que sub\u00eda a un barco vikingo y notaba c\u00f3mo el suelo se balanceaba bajo sus pies, se pon\u00eda mal\u00ed\u00ed\u00ed\u00edsimo.\u00a0<\/span><span style=\"font-weight: 400;\">En el mismo momento en el comenzaban a remar, empalidec\u00eda y notaba como si el est\u00f3mago se le hubiera vuelto del rev\u00e9s. \u00a1Una vez que se atrevi\u00f3 a navegar entre los fiordos, ech\u00f3 hasta la primera papilla!\u00a0<\/span><span style=\"font-weight: 400;\">Pero lo peor no era el malestar, sino que todos aquellos brutos vikingos se burlaban siempre de \u00e9l. \u00a1Hasta K\u00fforg, el temible guerrero&#8230; al que le daban miedo las ara\u00f1as!<\/span><\/p>\n<p><span style=\"font-weight: 400;\">El peque\u00f1o vikingo ten\u00eda miedo de no ser un aut\u00e9ntico vikingo. Pero le preocupaba mucho m\u00e1s tener que quedarse en tierra mientras los dem\u00e1s guerreros viajaban en busca de aventuras y de incre\u00edbles tierras lejanas.\u00a0<\/span><span style=\"font-weight: 400;\">As\u00ed que decidi\u00f3 que, cuando fuera mayor, construir\u00eda un barco vikingo antimareo. \u00a1As\u00ed fue como comenz\u00f3 a trabajar de aprendiz para el constructor de barcos!<\/span><\/p>\n<p><span style=\"font-weight: 400;\">Pasaban los a\u00f1os, pero al joven vikingo no se le pasaba el mareo. Ni siquiera era capaz de salir a pescar besugos.\u00a0<\/span><span style=\"font-weight: 400;\">Sin embargo, sent\u00eda que cada vez estaba m\u00e1s cerca de lograr su prop\u00f3sito: dise\u00f1ar un barco en el que fuera imposible marearse. <\/span><span style=\"font-weight: 400;\">Fij\u00e1ndose mucho en las ense\u00f1anzas de su maestro hab\u00eda aprendido cosas muy \u00fatiles sobre las t\u00e9cnicas vikingas de construcci\u00f3n de barcos y por eso, un d\u00eda, se le ocurri\u00f3 una idea: dise\u00f1ar\u00eda un tipo de cubierta que no se moviera con el balanceo del barco, sino que siempre quedara recta, alineada con el horizonte.<\/span><\/p>\n<p><span style=\"font-weight: 400;\">No fue f\u00e1cil encontrar la manera. Conseguir sujetar algo a algo a la vez que evitar que ese algo quede sujeto a algo es much\u00ed\u00ed\u00ed\u00edsimo m\u00e1s complicado que su propio trabalenguas. <\/span><span style=\"font-weight: 400;\">Pero finalmente, a trav\u00e9s de un complicad\u00edsimo sistema de ingenier\u00eda que no os voy a explicar ahora porque ni siquiera yo misma lo entend\u00ed, el joven vikingo logr\u00f3 su prop\u00f3sito: un barco vikingo antimareo.<\/span><\/p>\n<p><span style=\"font-weight: 400;\">Llegado el d\u00eda de hacerse a la mar estaba emocionad\u00edsmo. Hab\u00eda reclutado valerosos marineros para que lo acompa\u00f1aran en su primera incursi\u00f3n allende los mares. Entre ellos, K\u00fforg, el temible guerrero, quien inspeccionaba el barco en busca de alguna tela de ara\u00f1a. <\/span><span style=\"font-weight: 400;\">Por fin se hicieron a la mar. El barco vikingo se mec\u00eda al son de las aguas mientras la cubierta permanec\u00eda completamente inm\u00f3vil.<\/span><\/p>\n<p><span style=\"font-weight: 400;\">\u00a1Y entonces ocurri\u00f3 que ninguno de los experimentados marineros que en \u00e9l navegaban fue capaz de permanecer de pie! Excepto el joven vikingo, claro est\u00e1. <\/span><span style=\"font-weight: 400;\">No sab\u00edan mantener el equilibrio, acostumbrados como estaban al bamboleo de los otros barcos. Y seg\u00fan se pon\u00edan en pie, se iban al suelo. \u00a1Resultaba muy c\u00f3mico ver a todos aquellos fuertes y valerosos hombres desparramados por la cubierta sin comprender que s\u00f3lo ten\u00edan que comportarse como si caminaran sobre la propia tierra!<\/span><\/p>\n<p><span style=\"font-weight: 400;\">Pero el joven vikingo no se re\u00eda. No ten\u00eda tiempo para eso. Estaba demasiado abstra\u00eddo disfrutando del viento marino en la cara, de la m\u00fasica del surcar de las aguas, del sabor a sal en su boca, de la sensaci\u00f3n de libertad de navegar, por fin, rumbo a su sue\u00f1o vikingo.<\/span><\/p>\n<h2><a href=\"https:\/\/www.mumablue.com\/esp\/nuestros-cuentos-personalizados\/el-reino-de-mirinian?utm_source=blog&amp;utm_medium=banner&amp;utm_campaign=p\u00e1ginas-audiocuentos&amp;utm_content=cuento-vikingos\" target=\"_blank\" rel=\"noopener noreferrer\"><img decoding=\"async\" loading=\"lazy\" class=\"alignnone wp-image-5005 size-full\" src=\"https:\/\/www.mumablue.com\/blog\/wp-content\/uploads\/2021\/09\/Cuento-de-Aventuras.jpg\" alt=\"Cuento de aventuras para ni\u00f1os\" width=\"715\" height=\"162\" srcset=\"https:\/\/www.mumablue.com\/blog\/wp-content\/uploads\/2021\/09\/Cuento-de-Aventuras.jpg 715w, https:\/\/www.mumablue.com\/blog\/wp-content\/uploads\/2021\/09\/Cuento-de-Aventuras-300x68.jpg 300w, https:\/\/www.mumablue.com\/blog\/wp-content\/uploads\/2021\/09\/Cuento-de-Aventuras-624x141.jpg 624w\" sizes=\"(max-width: 715px) 100vw, 715px\" \/><\/a><\/h2>\n<h2>Curiosidades de los vikingos<\/h2>\n<p><span style=\"font-weight: 400;\">Los vikingos eran los miembros de los pueblos n\u00f3rdicos originarios de Escandinavia, la regi\u00f3n compuesta por Noruega, Suecia y Dinamarca. <strong>Eran expertos navegantes<\/strong> gracias a que fueron capaces de idear un sistema de construcci\u00f3n de barcos que les permit\u00eda tanto navegar en mares embravecidos como en aguas muy poco profundas de la costa o los r\u00edos. Pudieron expandirse r\u00e1pidamente por todo el mundo porque <strong>sus barcos eran ligeros a la par que robustos y duraderos.\u00a0<\/strong><\/span><\/p>\n<p><span style=\"font-weight: 400;\">Como navegantes, los vikingos tambi\u00e9n sacaron mucha ventaja a otros pueblos de la \u00e9poca gracias a que <strong>descubrieron \u00fatiles sistemas para orientarse en el mar, como la piedra solar<\/strong>, una especie de cristal m\u00e1gico capaz de desvelar la posici\u00f3n del sol a\u00fan en d\u00edas muy nublados o lluviosos. Tambi\u00e9n inventaron la br\u00fajula magn\u00e9tica como hoy la conocemos, un invento que mantuvieron en absoluto secreto para tener ventaja en alta mar sobre otros pueblos.<\/span><\/p>\n<p><span style=\"font-weight: 400;\">Los vikingos existieron durante 300 a\u00f1os, tiempo en el que ganaron mucha fama por toda Europa. \u00a1Y no era para menos! <strong>Eran temerarios guerreros que sembraban el terror all\u00e1 donde aparec\u00edan<\/strong>, pues su actividad principal estaba centrada en los saqueos a las principales ciudades europeas. Eran parecidos a los piratas, pero ellos no saqueaban en alta mar, sino en tierra firme.<\/span><\/p>\n<p><span style=\"font-weight: 400;\">\u00a1A los vikingos les encantaba peinarse! <strong>Para los hombres vikingos, tener un largo pelo y lucir un bonito peinado era m\u00e1s importante que para las mujeres<\/strong>. Idearon complejos sistemas de trenzado del cabello y siempre llevaban con ellos un peine. No es que fueran presumidos, sino que el cabello era un s\u00edmbolo de poder y posici\u00f3n social.\u00a0 <\/span><span style=\"font-weight: 400;\"><strong>En la sociedad vikinga las mujeres cumpl\u00edan un importante papel,<\/strong> eran muy bien consideradas, tratadas con respeto y eran escuchadas, algo que no ocurr\u00eda, ni por asomo, en otras sociedades de la \u00e9poca.<\/span><\/p>\n<h2>Cuentos de vikingos para leer&#8230; y de piratas, monstruos, estrellas&#8230;<\/h2>\n<p>Esperamos que a tu peque le haya gustado este cuento de vikingos para leer. Puedes encontrar muchos otros en nuestra p\u00e1gina de <span style=\"color: #3366ff;\"><a style=\"color: #3366ff;\" href=\"https:\/\/www.mumablue.com\/blog\/cuentos-infantiles-para-leer-cortos-gratis\/\">cuentos infantiles para lee<\/a><\/span>r. \u00a1Echa un vistazo!<\/p>\n<div style='text-align:left' class='yasr-auto-insert-visitor'><\/div>","protected":false},"excerpt":{"rendered":"<p>Aqu\u00ed tienes un emocionante cuento de vikingos para leer a los ni\u00f1os. Se trata de una historia que habla del valor de la superaci\u00f3n y de c\u00f3mo el ingenio y la tenacidad puede llevarnos a lograr nuestros sue\u00f1os. En Mumablue apostamos por la educaci\u00f3n a trav\u00e9s de los cuentos para hacer convertir a nuestros peque\u00f1os [&hellip;]<\/p>\n","protected":false},"author":6,"featured_media":0,"parent":0,"menu_order":0,"comment_status":"closed","ping_status":"closed","template":"","meta":{"yasr_overall_rating":0,"yasr_post_is_review":"","yasr_auto_insert_disabled":"","yasr_review_type":""},"yasr_visitor_votes":{"number_of_votes":136,"sum_votes":621,"stars_attributes":{"read_only":false,"span_bottom":false}},"yoast_head":"<!-- This site is optimized with the Yoast SEO plugin v14.5 - https:\/\/yoast.com\/wordpress\/plugins\/seo\/ -->\n<meta name=\"description\" content=\"Este es un cuento de vikingos para leer a los ni\u00f1os ideal, porque es corto, divertido e incluye una m\u00fasica para que puedas crear ambiente y leer sobre ella.\" \/>\n<meta name=\"robots\" content=\"index, follow\" \/>\n<meta name=\"googlebot\" content=\"index, follow, max-snippet:-1, max-image-preview:large, max-video-preview:-1\" \/>\n<meta name=\"bingbot\" content=\"index, follow, max-snippet:-1, max-image-preview:large, max-video-preview:-1\" \/>\n<link rel=\"canonical\" href=\"https:\/\/www.mumablue.com\/blog\/cuento-de-vikingos-para-leer\/\" \/>\n<meta property=\"og:locale\" content=\"es_ES\" \/>\n<meta property=\"og:type\" content=\"article\" \/>\n<meta property=\"og:title\" content=\"Cuento de vikingos para leer a los ni\u00f1os - Blog Mumablue\" \/>\n<meta property=\"og:description\" content=\"Este es un cuento de vikingos para leer a los ni\u00f1os ideal, porque es corto, divertido e incluye una m\u00fasica para que puedas crear ambiente y leer sobre ella.\" \/>\n<meta property=\"og:url\" content=\"https:\/\/www.mumablue.com\/blog\/cuento-de-vikingos-para-leer\/\" \/>\n<meta property=\"og:site_name\" content=\"Blog Mumablue\" \/>\n<meta property=\"article:publisher\" content=\"https:\/\/www.facebook.com\/mumablue\/\" \/>\n<meta property=\"article:modified_time\" content=\"2025-05-29T12:02:39+00:00\" \/>\n<meta property=\"og:image\" content=\"https:\/\/www.mumablue.com\/blog\/wp-content\/uploads\/2021\/07\/Este-vikingo-se-marea-1.jpg\" \/>\n<meta name=\"twitter:card\" content=\"summary_large_image\" \/>\n<script type=\"application\/ld+json\" class=\"yoast-schema-graph\">{\"@context\":\"https:\/\/schema.org\",\"@graph\":[{\"@type\":\"Organization\",\"@id\":\"https:\/\/www.mumablue.com\/blog\/#organization\",\"name\":\"Mumablue\",\"url\":\"https:\/\/www.mumablue.com\/blog\/\",\"sameAs\":[\"https:\/\/www.facebook.com\/mumablue\/\",\"https:\/\/www.instagram.com\/mumablue\/?hl=es\"],\"logo\":{\"@type\":\"ImageObject\",\"@id\":\"https:\/\/www.mumablue.com\/blog\/#logo\",\"inLanguage\":\"es\",\"url\":\"https:\/\/www.mumablue.com\/blog\/wp-content\/uploads\/2020\/05\/Blog-Mumablue.png\",\"width\":749,\"height\":269,\"caption\":\"Mumablue\"},\"image\":{\"@id\":\"https:\/\/www.mumablue.com\/blog\/#logo\"}},{\"@type\":\"WebSite\",\"@id\":\"https:\/\/www.mumablue.com\/blog\/#website\",\"url\":\"https:\/\/www.mumablue.com\/blog\/\",\"name\":\"Blog Mumablue\",\"description\":\"Un blog de cuentos y audiocuentos gratis para ni\\u00f1os.\",\"publisher\":{\"@id\":\"https:\/\/www.mumablue.com\/blog\/#organization\"},\"potentialAction\":[{\"@type\":\"SearchAction\",\"target\":\"https:\/\/www.mumablue.com\/blog\/?s={search_term_string}\",\"query-input\":\"required name=search_term_string\"}],\"inLanguage\":\"es\"},{\"@type\":\"ImageObject\",\"@id\":\"https:\/\/www.mumablue.com\/blog\/cuento-de-vikingos-para-leer\/#primaryimage\",\"inLanguage\":\"es\",\"url\":\"https:\/\/www.mumablue.com\/blog\/wp-content\/uploads\/2021\/07\/Este-vikingo-se-marea-1.jpg\",\"width\":500,\"height\":500,\"caption\":\"Cuento de vikingos para leer\"},{\"@type\":\"WebPage\",\"@id\":\"https:\/\/www.mumablue.com\/blog\/cuento-de-vikingos-para-leer\/#webpage\",\"url\":\"https:\/\/www.mumablue.com\/blog\/cuento-de-vikingos-para-leer\/\",\"name\":\"Cuento de vikingos para leer a los ni\\u00f1os - Blog Mumablue\",\"isPartOf\":{\"@id\":\"https:\/\/www.mumablue.com\/blog\/#website\"},\"primaryImageOfPage\":{\"@id\":\"https:\/\/www.mumablue.com\/blog\/cuento-de-vikingos-para-leer\/#primaryimage\"},\"datePublished\":\"2020-07-01T18:20:03+00:00\",\"dateModified\":\"2025-05-29T12:02:39+00:00\",\"description\":\"Este es un cuento de vikingos para leer a los ni\\u00f1os ideal, porque es corto, divertido e incluye una m\\u00fasica para que puedas crear ambiente y leer sobre ella.\",\"inLanguage\":\"es\",\"potentialAction\":[{\"@type\":\"ReadAction\",\"target\":[\"https:\/\/www.mumablue.com\/blog\/cuento-de-vikingos-para-leer\/\"]}]}]}<\/script>\n<!-- \/ Yoast SEO plugin. -->","_links":{"self":[{"href":"https:\/\/www.mumablue.com\/blog\/wp-json\/wp\/v2\/pages\/1579"}],"collection":[{"href":"https:\/\/www.mumablue.com\/blog\/wp-json\/wp\/v2\/pages"}],"about":[{"href":"https:\/\/www.mumablue.com\/blog\/wp-json\/wp\/v2\/types\/page"}],"author":[{"embeddable":true,"href":"https:\/\/www.mumablue.com\/blog\/wp-json\/wp\/v2\/users\/6"}],"replies":[{"embeddable":true,"href":"https:\/\/www.mumablue.com\/blog\/wp-json\/wp\/v2\/comments?post=1579"}],"version-history":[{"count":10,"href":"https:\/\/www.mumablue.com\/blog\/wp-json\/wp\/v2\/pages\/1579\/revisions"}],"predecessor-version":[{"id":7563,"href":"https:\/\/www.mumablue.com\/blog\/wp-json\/wp\/v2\/pages\/1579\/revisions\/7563"}],"wp:attachment":[{"href":"https:\/\/www.mumablue.com\/blog\/wp-json\/wp\/v2\/media?parent=1579"}],"curies":[{"name":"wp","href":"https:\/\/api.w.org\/{rel}","templated":true}]}}