{"id":1564,"date":"2020-07-22T07:38:40","date_gmt":"2020-07-22T07:38:40","guid":{"rendered":"https:\/\/mumablue.com\/blog\/?page_id=1564"},"modified":"2025-05-23T09:47:35","modified_gmt":"2025-05-23T09:47:35","slug":"cuento-de-unicornios-para-leer","status":"publish","type":"page","link":"https:\/\/www.mumablue.com\/blog\/cuento-de-unicornios-para-leer\/","title":{"rendered":"Cuento de unicornios para leer a los ni\u00f1os + audiocuento"},"content":{"rendered":"<p><span style=\"font-weight: 400;\"><img decoding=\"async\" loading=\"lazy\" class=\"alignnone size-full wp-image-3482\" src=\"https:\/\/www.mumablue.com\/blog\/wp-content\/uploads\/2021\/01\/Al-unicornio-se-le-ha-ca\u00eddo-su-cuerno-de-leche.jpg\" alt=\"Cuento de unicornios para leer\" width=\"500\" height=\"500\" srcset=\"https:\/\/www.mumablue.com\/blog\/wp-content\/uploads\/2021\/01\/Al-unicornio-se-le-ha-ca\u00eddo-su-cuerno-de-leche.jpg 500w, https:\/\/www.mumablue.com\/blog\/wp-content\/uploads\/2021\/01\/Al-unicornio-se-le-ha-ca\u00eddo-su-cuerno-de-leche-300x300.jpg 300w, https:\/\/www.mumablue.com\/blog\/wp-content\/uploads\/2021\/01\/Al-unicornio-se-le-ha-ca\u00eddo-su-cuerno-de-leche-150x150.jpg 150w\" sizes=\"(max-width: 500px) 100vw, 500px\" \/><\/span><\/p>\n<p><span style=\"font-weight: 400;\">Aqu\u00ed tienes un cuento de unicornios para leer a los ni\u00f1os. Se trata de <strong>una bonita historia que habla de la paciencia<\/strong> y establece un paralelismo entre los dientes de leche y los cuernos del leche. Quiz\u00e1 te resulte m\u00e1s c\u00f3modo escuchar este cuento en lugar de leerlo, as\u00ed que hemos preparado una versi\u00f3n en audio. Si prefieres le\u00e9rselo t\u00fa directamente a tu peque, busca el texto un poco m\u00e1s adelante en este art\u00edculo.<\/span><\/p>\n<h2>Audiocuento \u00a1Al unicornio se le ha ca\u00eddo su cuerno de leche!<\/h2>\n<p>\u00a1Si lo prefieres, este cuento de unicornios para leer se lo contamos nosotros!<\/p>\n<h6><script src=\"https:\/\/www.buzzsprout.com\/937792\/3687301-al-unicornio-se-le-ha-caido-su-cuerno-de-leche.js?container_id=buzzsprout-player-3687301&amp;player=small\" type=\"text\/javascript\" charset=\"utf-8\"><\/script>M\u00fasica: CC 0 <span style=\"color: #0000ff;\"><a style=\"color: #0000ff;\" href=\"https:\/\/freepd.com\/Page2\/\">Fairy Dance<\/a><\/span>, por Rafael Krux CC 3.0 <span style=\"color: #0000ff;\"><a style=\"color: #0000ff;\" href=\"https:\/\/freemusicarchive.org\/music\/Kevin_MacLeod\/Oddities\">Nothing Broken<\/a><\/span>, por Kevin MacLeod; CC 4.0<span style=\"color: #0000ff;\">\u00a0<a style=\"color: #0000ff;\" href=\"https:\/\/alexandernakarada.bandcamp.com\/track\/brothers-unite\">Brothers Unite<\/a><\/span>, por Alexander Nakarada.<\/h6>\n<blockquote>\n<h3><span style=\"color: #800080;\"><img decoding=\"async\" loading=\"lazy\" class=\"alignnone wp-image-583\" src=\"https:\/\/www.mumablue.com\/blog\/wp-content\/uploads\/2020\/03\/favicon.ico\" alt=\"\" width=\"44\" height=\"44\" \/>\u00a0 \u00a1Descubre <span style=\"color: #3366ff;\"><a style=\"color: #3366ff;\" href=\"https:\/\/www.mumablue.com\/blog\/cuentos-infantiles-para-leer-cortos-gratis\/\" target=\"_blank\" rel=\"noopener noreferrer\">100 cuentos m\u00e1s y audio cuentos<\/a><\/span> gratis!<\/span><\/h3>\n<\/blockquote>\n<p><span style=\"font-weight: 400;\">A continuaci\u00f3n encontrar\u00e1s el texto de este cuento de unicornios para leer a los ni\u00f1os. Te dejamos una m\u00fasica de fondo por si quieres ponerle algo de ambiente. <strong>Si prefieres escuchar el audiocuento, b\u00fascalo al final de este art\u00edculo.<\/strong><\/span><\/p>\n<p><iframe style=\"border: 0; width: 100%; height: 42px;\" src=\"https:\/\/bandcamp.com\/EmbeddedPlayer\/album=1190725599\/size=small\/bgcol=ffffff\/linkcol=0687f5\/track=2340953524\/transparent=true\/\" seamless=\"\"><a href=\"http:\/\/alexandernakarada.bandcamp.com\/album\/4-life\">4. Life by Alexander Nakarada<\/a><\/iframe><\/p>\n<h2>\u00a1Al unicornio se le ha ca\u00eddo su cuerno de leche!<\/h2>\n<p>Todas las ma\u00f1anas se apartaba su flequillo de crin, buscaba su reflejo en las cristalinas aguas del r\u00edo y se miraba la frente. Pero nada. No se apreciaba ni un bultito. \u00a1Ninguno de sus amigos hab\u00eda tenido que esperar tanto! Como mucho, a los nueve d\u00edas, a todos les hab\u00eda aparecido un peque\u00f1o bulto. Pero a \u00e9l, nada. Ni siquiera una puntita microsc\u00f3pica.<\/p>\n<p><span style=\"font-weight: 400;\">-Tienes que comer verduras de hoja verde y mucha gelatina de naranja &#8211; le dec\u00eda su mam\u00e1.<\/span><\/p>\n<p><span style=\"font-weight: 400;\">Eso no era problema, porque al peque\u00f1o unicornio le encantaban las verduras de hoja verde, y tambi\u00e9n la gelatina de naranja. As\u00ed que com\u00eda espinacas, coles de bruselas y mucha, mucha lechuga. Y se hartaba a gelatina.<\/span><\/p>\n<p><span style=\"font-weight: 400;\">Pero nada, del cuerno permanente no hab\u00eda ni rastro.<\/span><\/p>\n<p><span style=\"font-weight: 400;\">-Tienes que tener un poquito de paciencia -le dec\u00eda su pap\u00e1.\u00a0<\/span><\/p>\n<h2><a href=\"https:\/\/www.mumablue.com\/esp\/nuestros-cuentos-personalizados\/el-reino-de-mirinian\/?utm_source=blog&amp;utm_medium=banner&amp;utm_campaign=p\u00e1ginas-audiocuentos&amp;utm_content=cuento-unicornios-leer\" target=\"_blank\" rel=\"noopener noreferrer\"><img decoding=\"async\" loading=\"lazy\" class=\"alignnone wp-image-4615 size-full\" src=\"https:\/\/www.mumablue.com\/blog\/wp-content\/uploads\/2021\/07\/Cuento-de-unicornios-personalizado.jpg\" alt=\"Cuento de unicornios para ni\u00f1os\" width=\"715\" height=\"162\" srcset=\"https:\/\/www.mumablue.com\/blog\/wp-content\/uploads\/2021\/07\/Cuento-de-unicornios-personalizado.jpg 715w, https:\/\/www.mumablue.com\/blog\/wp-content\/uploads\/2021\/07\/Cuento-de-unicornios-personalizado-300x68.jpg 300w, https:\/\/www.mumablue.com\/blog\/wp-content\/uploads\/2021\/07\/Cuento-de-unicornios-personalizado-624x141.jpg 624w\" sizes=\"(max-width: 715px) 100vw, 715px\" \/><\/a><\/h2>\n<p><span style=\"font-weight: 400;\">Pero el peque\u00f1o unicornio no pod\u00eda esperar. D\u00eda tras d\u00eda, ve\u00eda c\u00f3mo a todos sus amigos, poco a poco, les iban creciendo sus cuernos permanentes, brillantes, cada uno de un color, y todos ellos preciosos. Porque los cuernos de leche son completamente blancos\u2026 \u00a1pero los cuernos permanentes pueden ser de muchos colores distintos! Azules, rosas, morados, amarillos\u2026 \u00a1incluso arco\u00edris! El peque\u00f1o unicornio imaginaba de qu\u00e9 color ser\u00eda el suyo y eso le hac\u00eda impacientarse todav\u00eda m\u00e1s.<\/span><\/p>\n<p><span style=\"font-weight: 400;\">-Si todav\u00eda no sale es porque no tiene espacio para salir, \u00a1deja que vaya a su ritmo o te saldr\u00e1 torcido! &#8211; de dec\u00eda su mam\u00e1.<\/span><\/p>\n<p><span style=\"font-weight: 400;\">-Si tarda tanto, seguro que es porque ser\u00e1 maravilloso -le dec\u00eda su pap\u00e1.<\/span><\/p>\n<p><span style=\"font-weight: 400;\">La idea de que su cuerno ser\u00eda maravilloso impacientaba a\u00fan m\u00e1s al peque\u00f1o unicornio. Y as\u00ed pas\u00f3 un mes entero. En ocasiones sent\u00eda mucho miedo al pensar que nunca le saldr\u00eda el cuerno permanente; otras veces se preguntaba si su cuerno ser\u00eda feo o bonito y se pon\u00eda muy nervioso. Y mientras tanto no paraba de comer verduras de hoja verde y gelatina de naranja.\u00a0<\/span><\/p>\n<p><span style=\"font-weight: 400;\">Hasta que una ma\u00f1ana, al mirarse en el remanso del r\u00edo, el peque\u00f1o unicornio not\u00f3 un bulto bajo su flequillo. \u00a1Ya asomaba su cuerno permanente! Cuando se acerc\u00f3 a averiguar de qu\u00e9 color era, qued\u00f3 muy decepcionado: su cuerno era blanco. \u00a1No era justo! \u00a1Igual que su cuerno de leche! \u00a1Todos sus amigos unicornios ten\u00edan bonitos cuernos de colores, menos \u00e9l!<\/span><\/p>\n<p><span style=\"font-weight: 400;\">El peque\u00f1o unicornio estaba muy triste. No quer\u00eda salir a jugar y, cuando iba al colegio escond\u00eda la punta de su nuevo cuerno debajo de su flequillo de crin. Pero un d\u00eda le hab\u00eda crecido tanto que era imposible esconderlo, sobresal\u00eda, imponente, entre sus crines. Cuando caminaba por el bosque, el peque\u00f1o unicornio notaba que todo el mundo le miraba, que cuchicheaban y se quedaban parados a su paso. Se fijaban en su cuerno. \u00a1Estaba muy avergonzado! \u00a1Odiaba su cuerno! \u00a1Se lo quer\u00eda cortar y no verlo nunca m\u00e1s! Hasta que su mejor amiga, una unicornio de pelo blanco y cuerno azul y brillante se le acerc\u00f3.<\/span><\/p>\n<p><span style=\"font-weight: 400;\">-Ohhhh, tienes el cuerno m\u00e1s espectacular y maravilloso que he visto nunca. \u00a1Es precioso!<\/span><\/p>\n<p><span style=\"font-weight: 400;\">El peque\u00f1o unicornio no entend\u00eda nada. Trot\u00f3 hasta el remanso del r\u00edo y lo que vio reflejado le dej\u00f3 perplejo. \u00a1De su frente sal\u00eda un precioso cuerno nacarado! Era blanco, s\u00ed, pero al reflejarse en \u00e9l, la luz del sol produc\u00eda brillos y tonos de distintos colores. \u00a1Era incre\u00edble! <\/span><span style=\"font-weight: 400;\">Jam\u00e1s hab\u00eda visto nada igual.<\/span><\/p>\n<p><span style=\"font-weight: 400;\">-\u00bfVes? -le dijo su pap\u00e1- \u00a1Las mejores cosas llegan en el momento justo! Y normalmente, suelen hacerse esperar.<\/span><\/p>\n<h2><a href=\"https:\/\/www.mumablue.com\/esp\/nuestros-cuentos-personalizados\/el-reino-de-mirinian\/?utm_source=blog&amp;utm_medium=banner&amp;utm_campaign=p\u00e1ginas-audiocuentos&amp;utm_content=cuento-unicornios-leer\" target=\"_blank\" rel=\"noopener noreferrer\"><img decoding=\"async\" loading=\"lazy\" class=\"alignnone wp-image-4615 size-full\" src=\"https:\/\/www.mumablue.com\/blog\/wp-content\/uploads\/2021\/07\/Cuento-de-unicornios-personalizado.jpg\" alt=\"Cuento de unicornios para ni\u00f1os\" width=\"715\" height=\"162\" srcset=\"https:\/\/www.mumablue.com\/blog\/wp-content\/uploads\/2021\/07\/Cuento-de-unicornios-personalizado.jpg 715w, https:\/\/www.mumablue.com\/blog\/wp-content\/uploads\/2021\/07\/Cuento-de-unicornios-personalizado-300x68.jpg 300w, https:\/\/www.mumablue.com\/blog\/wp-content\/uploads\/2021\/07\/Cuento-de-unicornios-personalizado-624x141.jpg 624w\" sizes=\"(max-width: 715px) 100vw, 715px\" \/><\/a><\/h2>\n<h3><img decoding=\"async\" loading=\"lazy\" class=\"alignnone wp-image-583 ls-is-cached lazyloaded\" src=\"https:\/\/www.mumablue.com\/blog\/wp-content\/uploads\/2020\/03\/favicon.ico\" alt=\"\" width=\"44\" height=\"44\" data-src=\"https:\/\/www.mumablue.com\/blog\/wp-content\/uploads\/2020\/03\/favicon.ico\" \/>\u00a0 <span style=\"color: #800080;\">\u00a1\u00danete al\u00a0<span style=\"color: #3366ff;\"><a style=\"color: #3366ff;\" href=\"https:\/\/www.mumablue.com\/esp\/inicio#mumaClub\" target=\"_blank\" rel=\"noopener\">MumaClub<\/a><\/span>\u00a0y consigue 10% descuento en cuentos personalizados!<\/span><\/h3>\n<h2>Otro cuento de unicornios para ni\u00f1os<\/h2>\n<p>Esperamos que a tu peque le haya gustado este cuento de unicornios para leer a los ni\u00f1os. Si quieres uno m\u00e1s, te recomendamos leer o escuchar \u00ab<span style=\"color: #3366ff;\"><a style=\"color: #3366ff;\" href=\"https:\/\/www.mumablue.com\/blog\/cuento-de-unicornios-para-ninos-audio-cuento-gratis\/\">El Reino de Miri\u00f1\u00e1n<\/a><\/span>\u00ab, una historia en la que el ni\u00f1o protagonista deber\u00e1 salvar a los unicornios de la codicia de los hombres.<\/p>\n<p>Adem\u00e1s, puedes encontrar muchos otros cuentos de seres fant\u00e1sticos en nuestra p\u00e1gina de <span style=\"color: #3366ff;\"><a style=\"color: #3366ff;\" href=\"https:\/\/www.mumablue.com\/blog\/cuentos-infantiles-para-leer-cortos-gratis\/\">cuentos infantiles para leer<\/a><\/span>. \u00a1Echa un vistazo!<\/p>\n<div style='text-align:left' class='yasr-auto-insert-visitor'><\/div>","protected":false},"excerpt":{"rendered":"<p>Aqu\u00ed tienes un cuento de unicornios para leer a los ni\u00f1os. Se trata de una bonita historia que habla de la paciencia y establece un paralelismo entre los dientes de leche y los cuernos del leche. Quiz\u00e1 te resulte m\u00e1s c\u00f3modo escuchar este cuento en lugar de leerlo, as\u00ed que hemos preparado una versi\u00f3n en [&hellip;]<\/p>\n","protected":false},"author":6,"featured_media":0,"parent":0,"menu_order":0,"comment_status":"closed","ping_status":"closed","template":"","meta":{"yasr_overall_rating":0,"yasr_post_is_review":"","yasr_auto_insert_disabled":"","yasr_review_type":""},"yasr_visitor_votes":{"number_of_votes":388,"sum_votes":1731,"stars_attributes":{"read_only":false,"span_bottom":false}},"yoast_head":"<!-- This site is optimized with the Yoast SEO plugin v14.5 - https:\/\/yoast.com\/wordpress\/plugins\/seo\/ -->\n<meta name=\"description\" content=\"Este cuento de unicornios para leer a los ni\u00f1os es corto e incluye una m\u00fasica para que la pongas de fondo y puedas crear un m\u00e1gico ambiente. \u00a1Le encantar\u00e1!\" \/>\n<meta name=\"robots\" content=\"index, follow\" \/>\n<meta name=\"googlebot\" content=\"index, follow, max-snippet:-1, max-image-preview:large, max-video-preview:-1\" \/>\n<meta name=\"bingbot\" content=\"index, follow, max-snippet:-1, max-image-preview:large, max-video-preview:-1\" \/>\n<link rel=\"canonical\" href=\"https:\/\/www.mumablue.com\/blog\/cuento-de-unicornios-para-leer\/\" \/>\n<meta property=\"og:locale\" content=\"es_ES\" \/>\n<meta property=\"og:type\" content=\"article\" \/>\n<meta property=\"og:title\" content=\"Cuento de unicornios para leer a los ni\u00f1os + audiocuento - Blog Mumablue\" \/>\n<meta property=\"og:description\" content=\"Este cuento de unicornios para leer a los ni\u00f1os es corto e incluye una m\u00fasica para que la pongas de fondo y puedas crear un m\u00e1gico ambiente. \u00a1Le encantar\u00e1!\" \/>\n<meta property=\"og:url\" content=\"https:\/\/www.mumablue.com\/blog\/cuento-de-unicornios-para-leer\/\" \/>\n<meta property=\"og:site_name\" content=\"Blog Mumablue\" \/>\n<meta property=\"article:publisher\" content=\"https:\/\/www.facebook.com\/mumablue\/\" \/>\n<meta property=\"article:modified_time\" content=\"2025-05-23T09:47:35+00:00\" \/>\n<meta property=\"og:image\" content=\"https:\/\/www.mumablue.com\/blog\/wp-content\/uploads\/2021\/01\/Al-unicornio-se-le-ha-ca\u00eddo-su-cuerno-de-leche.jpg\" \/>\n<meta name=\"twitter:card\" content=\"summary_large_image\" \/>\n<script type=\"application\/ld+json\" class=\"yoast-schema-graph\">{\"@context\":\"https:\/\/schema.org\",\"@graph\":[{\"@type\":\"Organization\",\"@id\":\"https:\/\/www.mumablue.com\/blog\/#organization\",\"name\":\"Mumablue\",\"url\":\"https:\/\/www.mumablue.com\/blog\/\",\"sameAs\":[\"https:\/\/www.facebook.com\/mumablue\/\",\"https:\/\/www.instagram.com\/mumablue\/?hl=es\"],\"logo\":{\"@type\":\"ImageObject\",\"@id\":\"https:\/\/www.mumablue.com\/blog\/#logo\",\"inLanguage\":\"es\",\"url\":\"https:\/\/www.mumablue.com\/blog\/wp-content\/uploads\/2020\/05\/Blog-Mumablue.png\",\"width\":749,\"height\":269,\"caption\":\"Mumablue\"},\"image\":{\"@id\":\"https:\/\/www.mumablue.com\/blog\/#logo\"}},{\"@type\":\"WebSite\",\"@id\":\"https:\/\/www.mumablue.com\/blog\/#website\",\"url\":\"https:\/\/www.mumablue.com\/blog\/\",\"name\":\"Blog Mumablue\",\"description\":\"Un blog de cuentos y audiocuentos gratis para ni\\u00f1os.\",\"publisher\":{\"@id\":\"https:\/\/www.mumablue.com\/blog\/#organization\"},\"potentialAction\":[{\"@type\":\"SearchAction\",\"target\":\"https:\/\/www.mumablue.com\/blog\/?s={search_term_string}\",\"query-input\":\"required name=search_term_string\"}],\"inLanguage\":\"es\"},{\"@type\":\"ImageObject\",\"@id\":\"https:\/\/www.mumablue.com\/blog\/cuento-de-unicornios-para-leer\/#primaryimage\",\"inLanguage\":\"es\",\"url\":\"https:\/\/www.mumablue.com\/blog\/wp-content\/uploads\/2021\/01\/Al-unicornio-se-le-ha-ca\\u00eddo-su-cuerno-de-leche.jpg\",\"width\":500,\"height\":500,\"caption\":\"Cuento de unicornios para leer\"},{\"@type\":\"WebPage\",\"@id\":\"https:\/\/www.mumablue.com\/blog\/cuento-de-unicornios-para-leer\/#webpage\",\"url\":\"https:\/\/www.mumablue.com\/blog\/cuento-de-unicornios-para-leer\/\",\"name\":\"Cuento de unicornios para leer a los ni\\u00f1os + audiocuento - Blog Mumablue\",\"isPartOf\":{\"@id\":\"https:\/\/www.mumablue.com\/blog\/#website\"},\"primaryImageOfPage\":{\"@id\":\"https:\/\/www.mumablue.com\/blog\/cuento-de-unicornios-para-leer\/#primaryimage\"},\"datePublished\":\"2020-07-22T07:38:40+00:00\",\"dateModified\":\"2025-05-23T09:47:35+00:00\",\"description\":\"Este cuento de unicornios para leer a los ni\\u00f1os es corto e incluye una m\\u00fasica para que la pongas de fondo y puedas crear un m\\u00e1gico ambiente. \\u00a1Le encantar\\u00e1!\",\"inLanguage\":\"es\",\"potentialAction\":[{\"@type\":\"ReadAction\",\"target\":[\"https:\/\/www.mumablue.com\/blog\/cuento-de-unicornios-para-leer\/\"]}]}]}<\/script>\n<!-- \/ Yoast SEO plugin. -->","_links":{"self":[{"href":"https:\/\/www.mumablue.com\/blog\/wp-json\/wp\/v2\/pages\/1564"}],"collection":[{"href":"https:\/\/www.mumablue.com\/blog\/wp-json\/wp\/v2\/pages"}],"about":[{"href":"https:\/\/www.mumablue.com\/blog\/wp-json\/wp\/v2\/types\/page"}],"author":[{"embeddable":true,"href":"https:\/\/www.mumablue.com\/blog\/wp-json\/wp\/v2\/users\/6"}],"replies":[{"embeddable":true,"href":"https:\/\/www.mumablue.com\/blog\/wp-json\/wp\/v2\/comments?post=1564"}],"version-history":[{"count":20,"href":"https:\/\/www.mumablue.com\/blog\/wp-json\/wp\/v2\/pages\/1564\/revisions"}],"predecessor-version":[{"id":7553,"href":"https:\/\/www.mumablue.com\/blog\/wp-json\/wp\/v2\/pages\/1564\/revisions\/7553"}],"wp:attachment":[{"href":"https:\/\/www.mumablue.com\/blog\/wp-json\/wp\/v2\/media?parent=1564"}],"curies":[{"name":"wp","href":"https:\/\/api.w.org\/{rel}","templated":true}]}}