{"id":1454,"date":"2020-07-22T07:35:54","date_gmt":"2020-07-22T07:35:54","guid":{"rendered":"https:\/\/mumablue.com\/blog\/?page_id=1454"},"modified":"2025-04-24T11:24:21","modified_gmt":"2025-04-24T11:24:21","slug":"cuento-de-piratas-para-leer","status":"publish","type":"page","link":"https:\/\/www.mumablue.com\/blog\/cuento-de-piratas-para-leer\/","title":{"rendered":"Cuento de piratas para leer a los ni\u00f1os"},"content":{"rendered":"<p><a href=\"https:\/\/www.mumablue.com\/blog\/wp-content\/uploads\/2021\/06\/El-pirata-Malapata_.jpg\"><img decoding=\"async\" loading=\"lazy\" class=\"alignnone size-full wp-image-4039\" src=\"https:\/\/www.mumablue.com\/blog\/wp-content\/uploads\/2021\/06\/El-pirata-Malapata_.jpg\" alt=\"cuento de piratas para leer\" width=\"500\" height=\"500\" srcset=\"https:\/\/www.mumablue.com\/blog\/wp-content\/uploads\/2021\/06\/El-pirata-Malapata_.jpg 500w, https:\/\/www.mumablue.com\/blog\/wp-content\/uploads\/2021\/06\/El-pirata-Malapata_-300x300.jpg 300w, https:\/\/www.mumablue.com\/blog\/wp-content\/uploads\/2021\/06\/El-pirata-Malapata_-150x150.jpg 150w\" sizes=\"(max-width: 500px) 100vw, 500px\" \/><\/a><\/p>\n<p>Aqu\u00ed tienes un cuento de piratas para leer a los ni\u00f1os, corto y muy divertido. M\u00e1s abajo encontrar\u00e1s el texto, pero antes te recomendamos escuchar la versi\u00f3n original, ya que El Pirata Malapata naci\u00f3 siendo un cap\u00edtulo del podcast para ni\u00f1os \u00abPequehistorias\u00bb, creado por la editorial de cuentos personalizados <a href=\"https:\/\/www.mumablue.com\/?utm_source=blog&amp;utm_medium=link&amp;utm_campaign=p\u00e1ginas-audiocuentos&amp;utm_content=cuento-piratas\"><span style=\"color: #3366ff;\">Mumablue<\/span><\/a>.<\/p>\n<h2>Audiocuento \u00abEl pirata Malapata\u00bb<\/h2>\n<h6><script src=\"https:\/\/www.buzzsprout.com\/937792\/3768155-el-pirata-malapata.js?container_id=buzzsprout-player-3768155&amp;player=small\" type=\"text\/javascript\" charset=\"utf-8\"><\/script>M\u00fasica:\u00a0CC 0 <span style=\"color: #0000ff;\"><a style=\"color: #0000ff;\" href=\"https:\/\/freepd.com\/Page2\/\">Fairy Dance<\/a>,<span style=\"color: #000000;\"> por Rafael Krux; <\/span><\/span>CC 4.0. <span style=\"color: #0000ff;\"><a style=\"color: #0000ff;\" href=\"https:\/\/alexandernakarada.bandcamp.com\/track\/overture-2\">Overture<\/a><\/span>, por Alexander Nakarada.<\/h6>\n<p>\u00bfQuieres regalarle a tu peque un cuento junto a Malapata en el que sea el \u00fanico protagonista? \u00a1Desc\u00fabrelo haciendo clic en la imagen!<\/p>\n<p><a href=\"https:\/\/www.mumablue.com\/esp\/nuestros-cuentos-personalizados\/cuento-personalizado-de-piratas?utm_source=blog&amp;utm_medium=banner&amp;utm_campaign=paginas-audiocuentos&amp;utm_content=cuento-piratas\" target=\"_blank\" rel=\"noopener\"><img decoding=\"async\" loading=\"lazy\" class=\"alignnone wp-image-7505 size-full\" src=\"https:\/\/www.mumablue.com\/blog\/wp-content\/uploads\/2025\/04\/Banner-Pirata.jpg\" alt=\"\" width=\"300\" height=\"460\" srcset=\"https:\/\/www.mumablue.com\/blog\/wp-content\/uploads\/2025\/04\/Banner-Pirata.jpg 300w, https:\/\/www.mumablue.com\/blog\/wp-content\/uploads\/2025\/04\/Banner-Pirata-196x300.jpg 196w\" sizes=\"(max-width: 300px) 100vw, 300px\" \/><\/a><\/p>\n<blockquote>\n<h3><span style=\"color: #800080;\"><img decoding=\"async\" loading=\"lazy\" class=\"alignnone wp-image-583\" src=\"https:\/\/www.mumablue.com\/blog\/wp-content\/uploads\/2020\/03\/favicon.ico\" alt=\"\" width=\"44\" height=\"44\" \/>\u00a0 \u00a1\u00danete al <span style=\"color: #3366ff;\"><a style=\"color: #3366ff;\" href=\"https:\/\/www.mumablue.com\/esp\/inicio#mumaClub\" target=\"_blank\" rel=\"noopener\">MumaClub<\/a><\/span> y consigue 10% descuento en cuentos personalizados!<\/span><\/h3>\n<\/blockquote>\n<p>\u00bfPrefieres leerlo personalmente? \u00bfCreamos algo de ambiente? Puedes poner esta m\u00fasica de fondo y leer el cuento sobre ella.<\/p>\n<p><iframe style=\"border: 0; width: 100%; height: 42px;\" src=\"https:\/\/bandcamp.com\/EmbeddedPlayer\/album=1560542386\/size=small\/bgcol=ffffff\/linkcol=0687f5\/track=893338958\/transparent=true\/\" seamless=\"\"><a href=\"http:\/\/alexandernakarada.bandcamp.com\/album\/complete-discography-creative-commons-by-40\">Complete Discography (Creative Commons BY 4.0) by Alexander Nakarada<\/a><\/iframe><\/p>\n<h2>Cuento de piratas para leer: El pirata Malapata<\/h2>\n<p><span style=\"font-weight: 400;\">El pirata Malapata salt\u00f3 desde la cubierta del barco hasta el bote y se moj\u00f3 los pies.<\/span><\/p>\n<p><span style=\"font-weight: 400;\">&#8211; \u00a1Rayas y centollos! Ahora volver\u00e1n a olerme los pies a pescado podrido- resopl\u00f3.<\/span><\/p>\n<p><span style=\"font-weight: 400;\">El pirata llevaba tres meses navegando junto a su tripulaci\u00f3n en busca de una isla perdida. Y durante tres meses no hab\u00eda dejado de llover. S\u00f3lo los \u00faltimos dos d\u00edas hab\u00eda salido el sol y los piratas hab\u00edan conseguido secar su ropa colg\u00e1ndola en los cables del m\u00e1stil. M\u00e1s que un barco pirata, el gale\u00f3n Boquer\u00f3n parec\u00eda un tendedero.<\/span><\/p>\n<p><span style=\"font-weight: 400;\">En circunstancias normales, el pirata Malapata se habr\u00eda puesto furioso por mojarse los pies y habr\u00eda colgado del botal\u00f3n a media tripulaci\u00f3n. Pero hoy estaba contento. \u00a1Al fin podr\u00edan enterrar el mayor bot\u00edn con el que ninguna banda de piratas se hab\u00eda hecho jam\u00e1s! Tan espectacular era el tesoro que hab\u00eda estado a punto de hundir el gale\u00f3n \u201cBoquer\u00f3n\u201d, por su gran peso!<\/span><\/p>\n<p><span style=\"font-weight: 400;\">-\u00a1Por fin ha llegado el d\u00eda! \u00a1Neptuno nos ha asistido! Contemplad, piratas, la isla perdida- exclam\u00f3 Malapata, triunfal.<\/span><\/p>\n<p><span style=\"font-weight: 400;\">-Mi capit\u00e1n -dijo, t\u00edmidamente, un joven marinero &#8211; Me temo que esta no es la isla perdida que busc\u00e1bamos.<\/span><\/p>\n<p><span style=\"font-weight: 400;\">-\u00a1C\u00f3mo lo sabes! -aull\u00f3 el temible capit\u00e1n.<\/span><\/p>\n<p><span style=\"font-weight: 400;\">-Porque ya lo dice la propia palabra: per-di-da. Esta isla ya la hemos encontrado, luego no est\u00e1 perdida -argument\u00f3 el marinero.<\/span><\/p>\n<p><span style=\"font-weight: 400;\">El pirata Malapata dud\u00f3 por un instante. Pens\u00f3 que el grumete ten\u00eda raz\u00f3n. \u00a1En el momento en el que encuentras una isla, \u00e9sta deja de estar perdida! El pirata Malapata se qued\u00f3 callado, se levant\u00f3 el parche del ojo para poder mirar mejor la isla. Despu\u00e9s comenz\u00f3 a dar vueltas en c\u00edrculos, musitando palabras por lo bajo mientras hac\u00eda ademanes con su garfio. Tras reflexionar un largo rato ante la expectante mirada de su tripulaci\u00f3n de malhechores, dijo casi para s\u00ed:<\/span><\/p>\n<p><span style=\"font-weight: 400;\">&#8211; No importa. Enterraremos aqu\u00ed el tesoro de todas formas.<\/span><\/p>\n<p><span style=\"font-weight: 400;\">Y, dirigi\u00e9ndose a la tripulaci\u00f3n a\u00f1adi\u00f3:<\/span><\/p>\n<p><span style=\"font-weight: 400;\">-\u00a1Os ordeno enterrar aqu\u00ed el tesoro y, despu\u00e9s, perder la isla!<\/span><\/p>\n<p><span style=\"font-weight: 400;\">-Pero mi capit\u00e1n\u2026 si perdemos la isla, perderemos tambi\u00e9n el tesoro -rechist\u00f3, t\u00edmidamente, el marinero.<\/span><\/p>\n<p><span style=\"font-weight: 400;\">El pirata Malapata volvi\u00f3 a quedar pensativo unos instantes. Luego, dijo:<\/span><\/p>\n<p><span style=\"font-weight: 400;\">-Entonces os ordeno enterrar el tesoro, perder la isla y volver a encontrarla.<\/span><\/p>\n<p><span style=\"font-weight: 400;\">-Pero mi capit\u00e1n, si volvemos a encontrar la isla\u2026 \u00a1ya no ser\u00eda una isla perdida! -insisti\u00f3 el marinero.<\/span><\/p>\n<p><span style=\"font-weight: 400;\">El pirata Malapata resopl\u00f3. Su cara se puso roja, morada y despu\u00e9s azul. La tripulaci\u00f3n entera se estremeci\u00f3.<\/span><\/p>\n<p><span style=\"font-weight: 400;\">-\u00a1ENTONCES\u2026.! &#8211; Aull\u00f3 Malapata. &#8211; \u00a1Os ordeno enterrar el tesoro, perder la isla y perder el tesoro!<\/span><\/p>\n<p><span style=\"font-weight: 400;\">Y as\u00ed es como, en medio del oc\u00e9ano, hay una isla perdida con un tesoro perdido\u2026 \u00a1que nunca nadie ha logrado encontrar! Si alguna vez navegas por el Atl\u00e1ntico, presta mucha atenci\u00f3n al horizonte. \u00a1Tal vez logres encontrar la isla perdida y desenterrar el tesoro pirata m\u00e1s magn\u00edfico que se haya conocido jam\u00e1s!<\/span><\/p>\n<p><a href=\"https:\/\/www.mumablue.com\/esp\/nuestros-cuentos-personalizados\/la-magia-del-nombre-mi-nino\/?utm_source=blog&amp;utm_medium=banner&amp;utm_campaign=paginas-audiocuentos&amp;utm_content=cuento-pirata\" target=\"_blank\" rel=\"noopener\"><img decoding=\"async\" loading=\"lazy\" class=\"alignnone wp-image-7479 size-full\" src=\"https:\/\/www.mumablue.com\/blog\/wp-content\/uploads\/2025\/04\/Banner-Magia-2.jpg\" alt=\"\" width=\"300\" height=\"460\" srcset=\"https:\/\/www.mumablue.com\/blog\/wp-content\/uploads\/2025\/04\/Banner-Magia-2.jpg 300w, https:\/\/www.mumablue.com\/blog\/wp-content\/uploads\/2025\/04\/Banner-Magia-2-196x300.jpg 196w\" sizes=\"(max-width: 300px) 100vw, 300px\" \/><\/a><\/p>\n<h2>Curiosidades sobre los piratas<\/h2>\n<p><span style=\"font-weight: 400;\">Los piratas eran ladrones de mar. Se dedicaban al abordaje de barcos para robar todas aquellas cosas de valor que encontraran: no s\u00f3lo tesoros, sino tambi\u00e9n piezas de artiller\u00eda, esclavos o los propios barcos, que luego vend\u00edan para conseguir dinero. <strong>La palabra \u201cpirata\u201d deriva de la palabra griega \u201cpeirao\u201d, que significa \u201cel que busca fortuna\u201d.\u00a0<\/strong><\/span><\/p>\n<p><span style=\"font-weight: 400;\">Uno de los piratas m\u00e1s famosos fue Barbanegra. \u00a1La sola menci\u00f3n de su nombre atemorizaba hasta al m\u00e1s valiente marinero! Se cuenta que <strong>Barbanegra aparec\u00eda siempre con el rostro envuelto en un humo negro<\/strong>, lo que le hac\u00eda parecer un demonio salido directamente del infierno. En realidad, era un truco, porque Barbanegra colocaba una especie de cerillas bajo su sombrero para lograr un efecto aterrador.<\/span><\/p>\n<p><span style=\"font-weight: 400;\">Es probable que, adem\u00e1s de los piratas , hayas escuchado hablar de los corsarios. Los corsarios tambi\u00e9n eran ladrones del mar, como los piratas, pero ten\u00edan permiso de los gobiernos para asaltar los barcos de los pa\u00edses enemigos. Los corsarios ced\u00edan parte de los botines conseguidos al pa\u00eds con que que hab\u00eda llegado a un acuerdo. A cambio, <strong>estos \u201cpiratas patrocinados\u201d recib\u00edan protecci\u00f3n y el permiso para utilizar los puertos del pa\u00eds.<\/strong><\/span><\/p>\n<h2>Cuento de piratas para leer.. y de vikingos, vampiros, h\u00e9roes&#8230;<\/h2>\n<p>Esperamos que a tu peque le haya gustado este cuento de piratas para leer a los ni\u00f1os. Puedes encontrar muchos otros en nuestra p\u00e1gina de <span style=\"color: #3366ff;\"><a style=\"color: #3366ff;\" href=\"https:\/\/www.mumablue.com\/blog\/cuentos-infantiles-para-leer-cortos-gratis\/\">cuentos infantiles para leer<\/a><\/span>. \u00a1Echa un vistazo!<\/p>\n<p>Cr\u00e9ditos imagen: <span style=\"color: #3366ff;\"><a style=\"color: #3366ff;\" href=\"https:\/\/www.freepik.es\/vectores\/nube\">freepik.es<\/a><\/span> Isla pirata (<span style=\"color: #3366ff;\"><a style=\"color: #3366ff;\" href=\"https:\/\/www.freepik.es\/upklyak\" target=\"_blank\" rel=\"noopener noreferrer\">upklyak<\/a><\/span>)<\/p>\n<div style='text-align:left' class='yasr-auto-insert-visitor'><\/div>","protected":false},"excerpt":{"rendered":"<p>Aqu\u00ed tienes un cuento de piratas para leer a los ni\u00f1os, corto y muy divertido. M\u00e1s abajo encontrar\u00e1s el texto, pero antes te recomendamos escuchar la versi\u00f3n original, ya que El Pirata Malapata naci\u00f3 siendo un cap\u00edtulo del podcast para ni\u00f1os \u00abPequehistorias\u00bb, creado por la editorial de cuentos personalizados Mumablue. Audiocuento \u00abEl pirata Malapata\u00bb M\u00fasica:\u00a0CC [&hellip;]<\/p>\n","protected":false},"author":6,"featured_media":0,"parent":0,"menu_order":0,"comment_status":"closed","ping_status":"closed","template":"","meta":{"yasr_overall_rating":0,"yasr_post_is_review":"","yasr_auto_insert_disabled":"","yasr_review_type":""},"yasr_visitor_votes":{"number_of_votes":236,"sum_votes":1046,"stars_attributes":{"read_only":false,"span_bottom":false}},"yoast_head":"<!-- This site is optimized with the Yoast SEO plugin v14.5 - https:\/\/yoast.com\/wordpress\/plugins\/seo\/ -->\n<meta name=\"description\" content=\"Te dejamos un divertido cuento de piratas para leer, para que se lo leas a tu peque. Adem\u00e1s, te dejamos una m\u00fasica para que puedas crear ambiente.\" \/>\n<meta name=\"robots\" content=\"index, follow\" \/>\n<meta name=\"googlebot\" content=\"index, follow, max-snippet:-1, max-image-preview:large, max-video-preview:-1\" \/>\n<meta name=\"bingbot\" content=\"index, follow, max-snippet:-1, max-image-preview:large, max-video-preview:-1\" \/>\n<link rel=\"canonical\" href=\"https:\/\/www.mumablue.com\/blog\/cuento-de-piratas-para-leer\/\" \/>\n<meta property=\"og:locale\" content=\"es_ES\" \/>\n<meta property=\"og:type\" content=\"article\" \/>\n<meta property=\"og:title\" content=\"Cuento de piratas para leer a los ni\u00f1os - Blog Mumablue\" \/>\n<meta property=\"og:description\" content=\"Te dejamos un divertido cuento de piratas para leer, para que se lo leas a tu peque. Adem\u00e1s, te dejamos una m\u00fasica para que puedas crear ambiente.\" \/>\n<meta property=\"og:url\" content=\"https:\/\/www.mumablue.com\/blog\/cuento-de-piratas-para-leer\/\" \/>\n<meta property=\"og:site_name\" content=\"Blog Mumablue\" \/>\n<meta property=\"article:publisher\" content=\"https:\/\/www.facebook.com\/mumablue\/\" \/>\n<meta property=\"article:modified_time\" content=\"2025-04-24T11:24:21+00:00\" \/>\n<meta property=\"og:image\" content=\"https:\/\/www.mumablue.com\/blog\/wp-content\/uploads\/2021\/06\/El-pirata-Malapata_.jpg\" \/>\n<meta name=\"twitter:card\" content=\"summary_large_image\" \/>\n<script type=\"application\/ld+json\" class=\"yoast-schema-graph\">{\"@context\":\"https:\/\/schema.org\",\"@graph\":[{\"@type\":\"Organization\",\"@id\":\"https:\/\/www.mumablue.com\/blog\/#organization\",\"name\":\"Mumablue\",\"url\":\"https:\/\/www.mumablue.com\/blog\/\",\"sameAs\":[\"https:\/\/www.facebook.com\/mumablue\/\",\"https:\/\/www.instagram.com\/mumablue\/?hl=es\"],\"logo\":{\"@type\":\"ImageObject\",\"@id\":\"https:\/\/www.mumablue.com\/blog\/#logo\",\"inLanguage\":\"es\",\"url\":\"https:\/\/www.mumablue.com\/blog\/wp-content\/uploads\/2020\/05\/Blog-Mumablue.png\",\"width\":749,\"height\":269,\"caption\":\"Mumablue\"},\"image\":{\"@id\":\"https:\/\/www.mumablue.com\/blog\/#logo\"}},{\"@type\":\"WebSite\",\"@id\":\"https:\/\/www.mumablue.com\/blog\/#website\",\"url\":\"https:\/\/www.mumablue.com\/blog\/\",\"name\":\"Blog Mumablue\",\"description\":\"Un blog de cuentos y audiocuentos gratis para ni\\u00f1os.\",\"publisher\":{\"@id\":\"https:\/\/www.mumablue.com\/blog\/#organization\"},\"potentialAction\":[{\"@type\":\"SearchAction\",\"target\":\"https:\/\/www.mumablue.com\/blog\/?s={search_term_string}\",\"query-input\":\"required name=search_term_string\"}],\"inLanguage\":\"es\"},{\"@type\":\"ImageObject\",\"@id\":\"https:\/\/www.mumablue.com\/blog\/cuento-de-piratas-para-leer\/#primaryimage\",\"inLanguage\":\"es\",\"url\":\"https:\/\/www.mumablue.com\/blog\/wp-content\/uploads\/2021\/06\/El-pirata-Malapata_.jpg\",\"width\":500,\"height\":500,\"caption\":\"cuento de piratas para leer\"},{\"@type\":\"WebPage\",\"@id\":\"https:\/\/www.mumablue.com\/blog\/cuento-de-piratas-para-leer\/#webpage\",\"url\":\"https:\/\/www.mumablue.com\/blog\/cuento-de-piratas-para-leer\/\",\"name\":\"Cuento de piratas para leer a los ni\\u00f1os - Blog Mumablue\",\"isPartOf\":{\"@id\":\"https:\/\/www.mumablue.com\/blog\/#website\"},\"primaryImageOfPage\":{\"@id\":\"https:\/\/www.mumablue.com\/blog\/cuento-de-piratas-para-leer\/#primaryimage\"},\"datePublished\":\"2020-07-22T07:35:54+00:00\",\"dateModified\":\"2025-04-24T11:24:21+00:00\",\"description\":\"Te dejamos un divertido cuento de piratas para leer, para que se lo leas a tu peque. Adem\\u00e1s, te dejamos una m\\u00fasica para que puedas crear ambiente.\",\"inLanguage\":\"es\",\"potentialAction\":[{\"@type\":\"ReadAction\",\"target\":[\"https:\/\/www.mumablue.com\/blog\/cuento-de-piratas-para-leer\/\"]}]}]}<\/script>\n<!-- \/ Yoast SEO plugin. -->","_links":{"self":[{"href":"https:\/\/www.mumablue.com\/blog\/wp-json\/wp\/v2\/pages\/1454"}],"collection":[{"href":"https:\/\/www.mumablue.com\/blog\/wp-json\/wp\/v2\/pages"}],"about":[{"href":"https:\/\/www.mumablue.com\/blog\/wp-json\/wp\/v2\/types\/page"}],"author":[{"embeddable":true,"href":"https:\/\/www.mumablue.com\/blog\/wp-json\/wp\/v2\/users\/6"}],"replies":[{"embeddable":true,"href":"https:\/\/www.mumablue.com\/blog\/wp-json\/wp\/v2\/comments?post=1454"}],"version-history":[{"count":58,"href":"https:\/\/www.mumablue.com\/blog\/wp-json\/wp\/v2\/pages\/1454\/revisions"}],"predecessor-version":[{"id":7508,"href":"https:\/\/www.mumablue.com\/blog\/wp-json\/wp\/v2\/pages\/1454\/revisions\/7508"}],"wp:attachment":[{"href":"https:\/\/www.mumablue.com\/blog\/wp-json\/wp\/v2\/media?parent=1454"}],"curies":[{"name":"wp","href":"https:\/\/api.w.org\/{rel}","templated":true}]}}