{"id":1196,"date":"2020-06-19T16:59:51","date_gmt":"2020-06-19T16:59:51","guid":{"rendered":"https:\/\/mumablue.com\/blog\/?page_id=1196"},"modified":"2025-04-28T09:57:32","modified_gmt":"2025-04-28T09:57:32","slug":"audiocuentos-con-valores","status":"publish","type":"page","link":"https:\/\/www.mumablue.com\/blog\/audiocuentos-con-valores\/","title":{"rendered":"AUDIOCUENTOS con valores"},"content":{"rendered":"<div class=\"boxpequehistorias\">\n<div id=\"buzzsprout-player-10610884\"><\/div>\n<p><script src=\"https:\/\/www.buzzsprout.com\/937792\/10610884-captura-de-pantalla.js?container_id=buzzsprout-player-10610884&#038;player=small\" type=\"text\/javascript\" charset=\"utf-8\"><\/script><\/p>\n<div id=\"buzzsprout-player-10499319\"><\/div>\n<p><script src=\"https:\/\/www.buzzsprout.com\/937792\/10499319-el-perrito-de-la-estacion.js?container_id=buzzsprout-player-10499319&#038;player=small\" type=\"text\/javascript\" charset=\"utf-8\"><\/script><\/p>\n<div id=\"buzzsprout-player-10373928\"><\/div>\n<p><script src=\"https:\/\/www.buzzsprout.com\/937792\/10373928-ondina.js?container_id=buzzsprout-player-10373928&#038;player=small\" type=\"text\/javascript\" charset=\"utf-8\"><\/script><\/p>\n<div id=\"buzzsprout-player-10330534\"><\/div>\n<p><script src=\"https:\/\/www.buzzsprout.com\/937792\/10330534-el-principe-catapulto.js?container_id=buzzsprout-player-10330534&#038;player=small\" type=\"text\/javascript\" charset=\"utf-8\"><\/script><\/p>\n<div id=\"buzzsprout-player-9822157\"><\/div>\n<div id=\"buzzsprout-player-9387556\"><\/div>\n<p><script src=\"https:\/\/www.buzzsprout.com\/937792\/9387556-el-canto-de-los-pajaros.js?container_id=buzzsprout-player-9387556&#038;player=small\" type=\"text\/javascript\" charset=\"utf-8\"><\/script><\/p>\n<div id=\"buzzsprout-player-9185911\"><\/div>\n<p><script src=\"https:\/\/www.buzzsprout.com\/937792\/9185911-la-domadora-de-hormigas.js?container_id=buzzsprout-player-9185911&#038;player=small\" type=\"text\/javascript\" charset=\"utf-8\"><\/script><\/p>\n<div id=\"buzzsprout-player-8618027\"><\/div>\n<p><script src=\"https:\/\/www.buzzsprout.com\/937792\/8618027-la-aventura-de-las-emociones.js?container_id=buzzsprout-player-8618027&#038;player=small\" type=\"text\/javascript\" charset=\"utf-8\"><\/script><\/p>\n<h3><span style=\"color: #800080;\"><strong>\u00a1Consigue este cuento impreso personalizado en exclusiva para tu peque! <\/strong><\/span><\/h3>\n<p>Compra ahora <span style=\"color: #3366ff;\"><a style=\"color: #3366ff;\" href=\"https:\/\/www.mumablue.com\/esp\/nuestros-cuentos-personalizados\/cuento-de-las-emociones-personalizado\/?utm_source=blog&amp;utm_medium=link&amp;utm_campaign=p\u00e1ginas-audiocuentos&amp;utm_content=audiocuentos-valores\" target=\"_blank\" rel=\"noopener\">\u00abLas emociones de (Nombre de tu peque)\u00bb<\/a><\/span>\u00a0<strong>con un 10% de descuento<\/strong> uni\u00e9ndote al <a href=\"https:\/\/www.mumablue.com\/esp\/inicio#mumaClub\" target=\"_blank\" rel=\"noopener\"><span style=\"color: #3366ff;\">MumaClub<\/span><\/a>. Personal\u00edzalo ya y benef\u00edciate de nuestro cup\u00f3n de bienvenida.<\/p>\n<div id=\"buzzsprout-player-8456428\"><\/div>\n<p><script src=\"https:\/\/www.buzzsprout.com\/937792\/8456428-el-caracol-atrapado-en-el-tiempo.js?container_id=buzzsprout-player-8456428&#038;player=small\" type=\"text\/javascript\" charset=\"utf-8\"><\/script><\/p>\n<div id=\"buzzsprout-player-5977030\"><\/div>\n<p><script src=\"https:\/\/www.buzzsprout.com\/937792\/5977030-una-mama-nueva.js?container_id=buzzsprout-player-5977030&#038;player=small\" type=\"text\/javascript\" charset=\"utf-8\"><\/script><\/p>\n<div id=\"buzzsprout-player-5429053\"><\/div>\n<p><script src=\"https:\/\/www.buzzsprout.com\/937792\/5429053-el-cangrejito-manco.js?container_id=buzzsprout-player-5429053&#038;player=small\" type=\"text\/javascript\" charset=\"utf-8\"><\/script><\/p>\n<div id=\"buzzsprout-player-4058945\"><\/div>\n<p><script src=\"https:\/\/www.buzzsprout.com\/937792\/3921527-el-museo-del-silencio.js?container_id=buzzsprout-player-3921527&#038;player=small\" type=\"text\/javascript\" charset=\"utf-8\"><\/script><\/p>\n<div id=\"buzzsprout-player-3322327\"><\/div>\n<p><script src=\"https:\/\/www.buzzsprout.com\/937792\/3322327-la-mariposa-de-los-hielos.js?container_id=buzzsprout-player-3322327&#038;player=small\" type=\"text\/javascript\" charset=\"utf-8\"><\/script><\/p>\n<div id=\"buzzsprout-player-3687301\"><\/div>\n<p><script src=\"https:\/\/www.buzzsprout.com\/937792\/3687301-al-unicornio-se-le-ha-caido-su-cuerno-de-leche.js?container_id=buzzsprout-player-3687301&#038;player=small\" type=\"text\/javascript\" charset=\"utf-8\"><\/script><\/p>\n<div id=\"buzzsprout-player-4146212\"><\/div>\n<p><script src=\"https:\/\/www.buzzsprout.com\/937792\/4146212-unas-extranas-medusas.js?container_id=buzzsprout-player-4146212&#038;player=small\" type=\"text\/javascript\" charset=\"utf-8\"><\/script><\/p>\n<div id=\"buzzsprout-player-4116803\"><\/div>\n<p><script src=\"https:\/\/www.buzzsprout.com\/937792\/4116803-la-piedra.js?container_id=buzzsprout-player-4116803&#038;player=small\" type=\"text\/javascript\" charset=\"utf-8\"><\/script><\/p>\n<div id=\"buzzsprout-player-3791606\"><\/div>\n<p><script src=\"https:\/\/www.buzzsprout.com\/937792\/3791606-la-estrella-de-mar-que-viajo-al-espacio.js?container_id=buzzsprout-player-3791606&#038;player=small\" type=\"text\/javascript\" charset=\"utf-8\"><\/script><\/p>\n<div id=\"buzzsprout-player-4223810\"><\/div>\n<p><script src=\"https:\/\/www.buzzsprout.com\/937792\/4223810-el-sueno-de-la-bella-durmiente.js?container_id=buzzsprout-player-4223810&#038;player=small\" type=\"text\/javascript\" charset=\"utf-8\"><\/script><\/p>\n<div id=\"buzzsprout-player-10646881\"><\/div>\n<p><script src=\"https:\/\/www.buzzsprout.com\/937792\/10646881-el-pajarito-azul.js?container_id=buzzsprout-player-10646881&#038;player=small\" type=\"text\/javascript\" charset=\"utf-8\"><\/script><\/p>\n<div id=\"buzzsprout-player-10646725\"><\/div>\n<p><script src=\"https:\/\/www.buzzsprout.com\/937792\/10646725-el-rescate-del-mar.js?container_id=buzzsprout-player-10646725&#038;player=small\" type=\"text\/javascript\" charset=\"utf-8\"><\/script><\/p>\n<div id=\"buzzsprout-player-10610884\"><\/div>\n<\/div>\n<p>&nbsp;<\/p>\n<h2>Audiocuentos que ense\u00f1an<\/h2>\n<p>En <a href=\"https:\/\/www.mumablue.com?utm_source=blog&amp;utm_medium=link&amp;utm_campaign=p\u00e1ginas-audiocuentos&amp;utm_content=audiocuentos-valores\"><span style=\"color: #00ccff;\">Mumablue<\/span><\/a>\u00a0apostamos por valores como el respeto, la tolerancia, la igualdad, la amistad, la familia, la generosidad&#8230; por eso tambi\u00e9n nuestros audiocuentos est\u00e1n llenos de valores, pequehistorias que huyen de las moralejas y moralinas cl\u00e1sicas para centrarse en <strong>ense\u00f1anzas m\u00e1s actuales, adecuadas a una sociedad moderna, para una educaci\u00f3n emocionalmente saludable.<\/strong> Los audiocuentos con valores de Mumablue son bonitas historias que ponen el foco sobre alg\u00fan aspecto de la vida en el que se debe profundizar desde que los ni\u00f1os son peque\u00f1os, favoreciendo una educaci\u00f3n en la tolerancia y el respeto por los dem\u00e1s, as\u00ed como en el aspecto de \u00abhacerse respetar\u00bb.<\/p>\n<p>Entre nuestros audiocuentos con valores podr\u00edamos destacar \u00abLa mariposa de los hielos\u00bb, una preciosa historia en la que una mariposa que es rechazada por haber nacido como si fuera de cristal y ser distinta a las dem\u00e1s, acaba demostrando que, en realidad, es una mariposa especial, ya que es la encargada de guardar el invierno para que sepa encontrar el camino de vuelta a\u00f1o tras a\u00f1o y la vida vuelva a comenzar cada primavera. Esta pequehistoria, adem\u00e1s de favorecer el respeto por las personas distintas, <strong>ayudar\u00e1 a aquellos ni\u00f1os que tengan alguna diferencia con los dem\u00e1s a entender que son especiales<\/strong> y que su diferencia se debe a que tienen una importante misi\u00f3n en este mundo.<\/p>\n<p><strong>La paciencia es el valor que utilizamos como <em>leit motiv<\/em> en la pequehistoria \u00abAl unicornio se le ha ca\u00eddo su cuerno de leche\u00bb<\/strong>. En ella, un peque\u00f1o unicornio est\u00e1 muy preocupado porque a toda su clase se le ha ca\u00eddo el cuerno de leche menos a \u00e9l, est\u00e1 muy inquieto por descubrir c\u00f3mo ser\u00e1 su cuerno permanente, ya que pueden ser de distintos y bellos colores. Cuando finalmente pierde su cuerno de leche y el permanente comienza a asomar, queda decepcionado: su cuerno definitivo es blanco y aburrido, igual que el de leche. \u00a1Todos se reir\u00e1n de \u00e9l! El protagonista se pone muy triste hasta que descubre que su cuerno permanente es nacarado y desprende destellos de mil colores cuando refleja los rayos del sol.<\/p>\n<p><strong>El feminismo est\u00e1 muy presente en todos los audiocuentos con valores Mumablue<\/strong>. \u00a1Somos firmes defensores de la igualdad entre ni\u00f1os y ni\u00f1as desde que nacen! As\u00ed, en nuestros cuentos suele haber tantas hero\u00ednas como h\u00e9roes, las ni\u00f1as siempre son valientes, aventureras, decididas&#8230; <strong>\u00a1Nuestras princesas son la leche!<\/strong> No responden en absoluto al canon tradicional de los cuentos cl\u00e1sicos. As\u00ed, en nuestro poema infantil \u00abEl sue\u00f1o de la Bella Durmiente\u00bb explicamos que, en realidad, la princesa durmi\u00f3 cien a\u00f1os porque no le gustaba el final del cuento y no se quer\u00eda despertar. \u00a1Prefer\u00eda so\u00f1ar que montaba un grupo de rock junto a las hadas madrinas\u00bb.<\/p>\n<p><strong>El valor de la comunicaci\u00f3n lo encontramos en \u00abEl museo del silencio\u00bb<\/strong>, un audiocuento con valores que tambi\u00e9n guarda una gran ense\u00f1anza para los adultos: \u00ab\u00bfY si nos decimos lo que nunca nos hemos dicho, a ver si ocurre lo que nunca ha ocurrido?\u00bb En esta pequehistoria, el peque\u00f1o protagonista no se atreve a preguntarle a la chica nueva si quiere ser su amiga. Todo cambiar\u00e1 despu\u00e9s de visitar El museo del silencio. En \u00e9l, encerradas en botes de cristal, se guardan todas las palabras que nunca se dijeron y que hicieron que las personas perdieran una gran oportunidad: \u00abLo siento\u00bb, \u00abVen a verme ma\u00f1ana\u00bb o \u00abTe quiero\u00bb, son <strong>palabras que, m\u00e1s de uno de nosotros, como adultos, hemos lamentado no haber pronunciado en alg\u00fan momento de nuestra vida.\u00a0<\/strong><\/p>\n<p>En \u00abLa estrella de mar que viaj\u00f3 al espacio\u00bb<strong> damos valor a lo que se tiene, a contentarnos con nuestra vida, sin que ello implique no conocer otras realidades<\/strong> que nos ayuden a darle valor. En este audiocuento con valores narramos la historia de Centella, una estrella de mar que desea viajar al espacio para conocer a sus antepasados: las estrellas del cielo. Su abuelo le cont\u00f3 que las estrellas llegaron al mar tras una intensa lluvia de estrellas. Centella logra cumplir su sue\u00f1o, pero una vez en el espacio encuentra que es un mundo hostil, para ella desconocido. A su regreso al mar se da cuenta de lo afortunada que es de tener todo lo que tiene.<\/p>\n<p>\u00abUnas extra\u00f1as medusas\u00bb es la pequehistoria en la que hemos querido<strong> hacer ver a los peques el problema que supone la contaminaci\u00f3n del mar y el uso de pl\u00e1sticos para los ecosistemas marinos<\/strong>. En este cuento, un extra\u00f1o banco de medusas llega a Fondo Coral. El problema es que los animales marinos que se alimentan de ellas est\u00e1n enfermando gravemente. Finalmente se descubre que no se trata de medusas, sino de trozos de pl\u00e1stico que est\u00e1n envenenando los mares. Ser\u00e1 una peque\u00f1a tortuga la que d\u00e9 con la soluci\u00f3n: <strong>provocar una fuerte marejada que devuelva toda esa basura a sus leg\u00edtimos due\u00f1os: los humamos.<\/strong> Esta es una de nuestras pequehistorias con valores de mayor vigencia y con m\u00e1s pretensi\u00f3n de concienciaci\u00f3n.<\/p>\n<p>Estos son s\u00f3lo algunos de los audiocuentos con valores de entre las numerosas Pequehistorias Mumablue. \u00a1Pero no son los \u00fanicos! Tambi\u00e9n podr\u00e1s encontrar audiocuentos de <strong>fantas\u00eda, aventuras, terror\u00edficos, cuentos cl\u00e1sicos, grandes obras de la literatura universal para que los peques aprendan<\/strong> mientras se divierten, poemas infantiles, adivinanzas&#8230; \u00a1Y por supuesto, <strong>lecturas dramatizadas de todos los cuentos personalizados del <span style=\"color: #00ccff;\"><a style=\"color: #00ccff;\" href=\"https:\/\/www.mumablue.com\/esp\/nuestros-cuentos-personalizados?utm_source=blog&amp;utm_medium=link&amp;utm_campaign=p\u00e1ginas-audiocuentos&amp;utm_content=audiocuentos-valores\">cat\u00e1logo Mumablue<\/a><\/span><\/strong><span style=\"color: #00ccff;\">.<\/span> \u00a1Gu\u00e1rda la p\u00e1gina en \u00abFavoritos\u00bb porque seguro que querr\u00e1n volver!<\/p>\n<h6>*Los audiocuentos de Mumablue utilizan m\u00fasicas con Licencia Creative Commons en sus variantes 1.0, 3.0 y 4.0, interpretadas por <strong>Alexander Nakarada, Kevin MacLeod, Rafael Krux, Frank Nora, Arthur Fordsworthy, Brian Boyko y Phase Shift<\/strong>, y obtenidas a trav\u00e9s de\u00a0<span style=\"color: #3366ff;\"><a style=\"color: #3366ff;\" href=\"https:\/\/freepd.com\/\" target=\"_blank\" rel=\"noopener noreferrer\">freepd.com<\/a><\/span>.<\/h6>\n<p style=\"text-align: left;\"><span style=\"color: #00ccff;\"><a style=\"color: #00ccff;\" href=\"https:\/\/www.mumablue.com\/blog\/pequehistorias\"><img decoding=\"async\" loading=\"lazy\" class=\"alignnone size-full wp-image-1213\" src=\"https:\/\/www.mumablue.com\/blog\/wp-content\/uploads\/2020\/06\/Audiocuentos-que-ense\u00f1an.jpg\" alt=\"audiocuentos con valores\" width=\"96\" height=\"96\" srcset=\"https:\/\/www.mumablue.com\/blog\/wp-content\/uploads\/2020\/06\/Audiocuentos-que-ense\u00f1an.jpg 96w, https:\/\/www.mumablue.com\/blog\/wp-content\/uploads\/2020\/06\/Audiocuentos-que-ense\u00f1an-50x50.jpg 50w, https:\/\/www.mumablue.com\/blog\/wp-content\/uploads\/2020\/06\/Audiocuentos-que-ense\u00f1an-75x75.jpg 75w, https:\/\/www.mumablue.com\/blog\/wp-content\/uploads\/2020\/06\/Audiocuentos-que-ense\u00f1an-85x85.jpg 85w, https:\/\/www.mumablue.com\/blog\/wp-content\/uploads\/2020\/06\/Audiocuentos-que-ense\u00f1an-80x80.jpg 80w\" sizes=\"(max-width: 96px) 100vw, 96px\" \/>\u00a0<\/a><\/span><a style=\"color: #00ccff;\" href=\"https:\/\/www.mumablue.com\/blog\/pequehistorias\">Volver a Todas las Pequehistorias<\/a><\/p>\n<div style='text-align:left' class='yasr-auto-insert-visitor'><\/div>","protected":false},"excerpt":{"rendered":"<p>\u00a1Consigue este cuento impreso personalizado en exclusiva para tu peque! Compra ahora \u00abLas emociones de (Nombre de tu peque)\u00bb\u00a0con un 10% de descuento uni\u00e9ndote al MumaClub. Personal\u00edzalo ya y benef\u00edciate de nuestro cup\u00f3n de bienvenida. &nbsp; Audiocuentos que ense\u00f1an En Mumablue\u00a0apostamos por valores como el respeto, la tolerancia, la igualdad, la amistad, la familia, la [&hellip;]<\/p>\n","protected":false},"author":6,"featured_media":0,"parent":0,"menu_order":0,"comment_status":"closed","ping_status":"closed","template":"","meta":{"yasr_overall_rating":0,"yasr_post_is_review":"","yasr_auto_insert_disabled":"","yasr_review_type":""},"yasr_visitor_votes":{"number_of_votes":109,"sum_votes":472,"stars_attributes":{"read_only":false,"span_bottom":false}},"yoast_head":"<!-- This site is optimized with the Yoast SEO plugin v14.5 - https:\/\/yoast.com\/wordpress\/plugins\/seo\/ -->\n<meta name=\"description\" content=\"Los audiocuentos con valores de Mumablue ense\u00f1an tolerancia y respeto por los dem\u00e1s para una educaci\u00f3n moderna y emocionalmente saludable.\" \/>\n<meta name=\"robots\" content=\"index, follow\" \/>\n<meta name=\"googlebot\" content=\"index, follow, max-snippet:-1, max-image-preview:large, max-video-preview:-1\" \/>\n<meta name=\"bingbot\" content=\"index, follow, max-snippet:-1, max-image-preview:large, max-video-preview:-1\" \/>\n<link rel=\"canonical\" href=\"https:\/\/www.mumablue.com\/blog\/audiocuentos-con-valores\/\" \/>\n<meta property=\"og:locale\" content=\"es_ES\" \/>\n<meta property=\"og:type\" content=\"article\" \/>\n<meta property=\"og:title\" content=\"AUDIOCUENTOS con valores - Blog Mumablue\" \/>\n<meta property=\"og:description\" content=\"Los audiocuentos con valores de Mumablue ense\u00f1an tolerancia y respeto por los dem\u00e1s para una educaci\u00f3n moderna y emocionalmente saludable.\" \/>\n<meta property=\"og:url\" content=\"https:\/\/www.mumablue.com\/blog\/audiocuentos-con-valores\/\" \/>\n<meta property=\"og:site_name\" content=\"Blog Mumablue\" \/>\n<meta property=\"article:publisher\" content=\"https:\/\/www.facebook.com\/mumablue\/\" \/>\n<meta property=\"article:modified_time\" content=\"2025-04-28T09:57:32+00:00\" \/>\n<meta property=\"og:image\" content=\"https:\/\/www.mumablue.com\/blog\/wp-content\/uploads\/2020\/06\/Audiocuentos-que-ense\u00f1an.jpg\" \/>\n<meta name=\"twitter:card\" content=\"summary_large_image\" \/>\n<script type=\"application\/ld+json\" class=\"yoast-schema-graph\">{\"@context\":\"https:\/\/schema.org\",\"@graph\":[{\"@type\":\"Organization\",\"@id\":\"https:\/\/www.mumablue.com\/blog\/#organization\",\"name\":\"Mumablue\",\"url\":\"https:\/\/www.mumablue.com\/blog\/\",\"sameAs\":[\"https:\/\/www.facebook.com\/mumablue\/\",\"https:\/\/www.instagram.com\/mumablue\/?hl=es\"],\"logo\":{\"@type\":\"ImageObject\",\"@id\":\"https:\/\/www.mumablue.com\/blog\/#logo\",\"inLanguage\":\"es\",\"url\":\"https:\/\/www.mumablue.com\/blog\/wp-content\/uploads\/2020\/05\/Blog-Mumablue.png\",\"width\":749,\"height\":269,\"caption\":\"Mumablue\"},\"image\":{\"@id\":\"https:\/\/www.mumablue.com\/blog\/#logo\"}},{\"@type\":\"WebSite\",\"@id\":\"https:\/\/www.mumablue.com\/blog\/#website\",\"url\":\"https:\/\/www.mumablue.com\/blog\/\",\"name\":\"Blog Mumablue\",\"description\":\"Un blog de cuentos y audiocuentos gratis para ni\\u00f1os.\",\"publisher\":{\"@id\":\"https:\/\/www.mumablue.com\/blog\/#organization\"},\"potentialAction\":[{\"@type\":\"SearchAction\",\"target\":\"https:\/\/www.mumablue.com\/blog\/?s={search_term_string}\",\"query-input\":\"required name=search_term_string\"}],\"inLanguage\":\"es\"},{\"@type\":\"ImageObject\",\"@id\":\"https:\/\/www.mumablue.com\/blog\/audiocuentos-con-valores\/#primaryimage\",\"inLanguage\":\"es\",\"url\":\"https:\/\/www.mumablue.com\/blog\/wp-content\/uploads\/2020\/06\/Audiocuentos-que-ense\\u00f1an.jpg\",\"width\":96,\"height\":96,\"caption\":\"audiocuentos con valores\"},{\"@type\":\"WebPage\",\"@id\":\"https:\/\/www.mumablue.com\/blog\/audiocuentos-con-valores\/#webpage\",\"url\":\"https:\/\/www.mumablue.com\/blog\/audiocuentos-con-valores\/\",\"name\":\"AUDIOCUENTOS con valores - Blog Mumablue\",\"isPartOf\":{\"@id\":\"https:\/\/www.mumablue.com\/blog\/#website\"},\"primaryImageOfPage\":{\"@id\":\"https:\/\/www.mumablue.com\/blog\/audiocuentos-con-valores\/#primaryimage\"},\"datePublished\":\"2020-06-19T16:59:51+00:00\",\"dateModified\":\"2025-04-28T09:57:32+00:00\",\"description\":\"Los audiocuentos con valores de Mumablue ense\\u00f1an tolerancia y respeto por los dem\\u00e1s para una educaci\\u00f3n moderna y emocionalmente saludable.\",\"inLanguage\":\"es\",\"potentialAction\":[{\"@type\":\"ReadAction\",\"target\":[\"https:\/\/www.mumablue.com\/blog\/audiocuentos-con-valores\/\"]}]}]}<\/script>\n<!-- \/ Yoast SEO plugin. -->","_links":{"self":[{"href":"https:\/\/www.mumablue.com\/blog\/wp-json\/wp\/v2\/pages\/1196"}],"collection":[{"href":"https:\/\/www.mumablue.com\/blog\/wp-json\/wp\/v2\/pages"}],"about":[{"href":"https:\/\/www.mumablue.com\/blog\/wp-json\/wp\/v2\/types\/page"}],"author":[{"embeddable":true,"href":"https:\/\/www.mumablue.com\/blog\/wp-json\/wp\/v2\/users\/6"}],"replies":[{"embeddable":true,"href":"https:\/\/www.mumablue.com\/blog\/wp-json\/wp\/v2\/comments?post=1196"}],"version-history":[{"count":31,"href":"https:\/\/www.mumablue.com\/blog\/wp-json\/wp\/v2\/pages\/1196\/revisions"}],"predecessor-version":[{"id":7525,"href":"https:\/\/www.mumablue.com\/blog\/wp-json\/wp\/v2\/pages\/1196\/revisions\/7525"}],"wp:attachment":[{"href":"https:\/\/www.mumablue.com\/blog\/wp-json\/wp\/v2\/media?parent=1196"}],"curies":[{"name":"wp","href":"https:\/\/api.w.org\/{rel}","templated":true}]}}