{"id":1194,"date":"2020-06-19T16:58:52","date_gmt":"2020-06-19T16:58:52","guid":{"rendered":"https:\/\/mumablue.com\/blog\/?page_id=1194"},"modified":"2020-11-04T08:57:32","modified_gmt":"2020-11-04T08:57:32","slug":"adivinanzas-para-escuchar","status":"publish","type":"page","link":"https:\/\/www.mumablue.com\/blog\/adivinanzas-para-escuchar\/","title":{"rendered":"Adivinanzas para escuchar"},"content":{"rendered":"<div id=\"buzzsprout-player-6216697\"><\/div>\n<p><script src=\"https:\/\/www.buzzsprout.com\/937792\/6216697-adivinanza-fantastica.js?container_id=buzzsprout-player-6216697&#038;player=small\" type=\"text\/javascript\" charset=\"utf-8\"><\/script><\/p>\n<div id=\"buzzsprout-player-3857156\"><\/div>\n<p><script src=\"https:\/\/www.buzzsprout.com\/937792\/3857156-acertijo-animal.js?container_id=buzzsprout-player-3857156&#038;player=small\" type=\"text\/javascript\" charset=\"utf-8\"><\/script><\/p>\n<div id=\"buzzsprout-player-3829139\"><\/div>\n<p><script src=\"https:\/\/www.buzzsprout.com\/937792\/3429079-adivina-adivinanza.js?container_id=buzzsprout-player-3429079&#038;player=small\" type=\"text\/javascript\" charset=\"utf-8\"><\/script><\/p>\n<h2>Audiocuentos adivinanzas<\/h2>\n<p>Las adivinanzas para escuchar de <a href=\"https:\/\/www.mumablue.com\"><span style=\"color: #00ccff;\">Mumablue<\/span><\/a> har\u00e1n las delicias de los m\u00e1s peque\u00f1os, al tratarse de <strong>divertidos poemas en los que los efectos o las voces infantiles les imprimen un atractivo especial<\/strong>. \u00a1A los ni\u00f1os le encantan las adivinanzas! Adoran poner a prueba su ingenio intentando descifrar acertijos. En nuestras adivinanzas para escuchar ofrecemos la respuesta a cada acertijo de forma inmediata, algo que los ni\u00f1os, en su impaciencia y entusiasmo, demandan durante el proceso de adivinaci\u00f3n. As\u00ed, adem\u00e1s, no se pierde la linealidad del relato, porque los audiocuentos para escuchar de Mumablue <strong>no son simples adivinanzas: forman un todo literario con sentido completo y guardan una sorpresa al final.<\/strong><\/p>\n<p>Tal el es caso de \u00abAdivina, adivinanza\u00bb, donde se reta a los ni\u00f1os a adivinar distintos alimentos gui\u00e1ndoles hacia un final soprendente, en el que se desvela que, adem\u00e1s de jugar a las adivinanzas, hemos cocinado, en verso, una deliciosa hamburguesa. <strong>La respuesta a cada uno de los acertijos que la componen es dada, con entusiasmo, por una voz infantil,<\/strong> lo que despierta en ellos mayor inter\u00e9s por la identificaci\u00f3n directa con nuestra joven narradora.<\/p>\n<p>En el caso de \u00abAcertijo animal\u00bb, jugamos con los efectos sonoros como \u00abpista\u00bb, lo que, adem\u00e1s de facilitar la adivinaci\u00f3n, <strong>dota al poema de un mayor atractivo sonoro e imaginativo<\/strong>. En esta adivinanza para escuchar los ni\u00f1os descubrir\u00e1n un le\u00f3n, un lobo, una rana, un elefante, una serpiente, un loro, un caballo, un cuco o un delf\u00edn.<\/p>\n<p>\u00a1Con las adivinanzas de Mumablue van a estar entretenidos un buen rato! Pero las adivinanzas para escuchar no son lo \u00fanicos audiocuentos Mumablue. Tambi\u00e9n podr\u00e1n disfrutar de inolvidables aventuras, viajes fant\u00e1sticos, terror\u00edficas narraciones, poemitas infantiles, dramatizaciones de cuentos cl\u00e1sicos, mitos y leyendas y, por supuesto, todos los cuentos del <strong><span style=\"color: #00ccff;\"><a style=\"color: #00ccff;\" href=\"https:\/\/www.mumablue.com\/esp\/nuestros-cuentos-personalizados?filterCategory=book\">cat\u00e1logo Mumablue<\/a><\/span><\/strong>.<strong> \u00a1Guarda nuestra p\u00e1gina en tu lista de favoritos!<\/strong> No s\u00e9 por qu\u00e9 nos da que querr\u00e1s volver en m\u00e1s de una ocasi\u00f3n.<\/p>\n<h6>*Los audiocuentos de Mumablue utilizan m\u00fasicas con Licencia Creative Commons en sus variantes 1.0, 3.0 y 4.0, interpretadas por <strong>Alexander Nakarada, Kevin MacLeod, Rafael Krux, Frank Nora, Arthur Fordsworthy, Brian Boyko y Phase Shift<\/strong>, y obtenidas a trav\u00e9s de\u00a0<span style=\"color: #3366ff;\"><a style=\"color: #3366ff;\" href=\"https:\/\/freepd.com\/\" target=\"_blank\" rel=\"noopener noreferrer\">freepd.com<\/a><\/span>.<\/h6>\n<p><span style=\"color: #00ccff;\"><a style=\"color: #00ccff;\" href=\"https:\/\/www.mumablue.com\/blog\/pequehistorias\"><img decoding=\"async\" loading=\"lazy\" class=\"alignnone size-full wp-image-1228\" src=\"https:\/\/www.mumablue.com\/blog\/wp-content\/uploads\/2020\/06\/Audiocuentos-adivinanzas.jpg\" alt=\"adivinanzas para escuchar\" width=\"96\" height=\"96\" srcset=\"https:\/\/www.mumablue.com\/blog\/wp-content\/uploads\/2020\/06\/Audiocuentos-adivinanzas.jpg 96w, https:\/\/www.mumablue.com\/blog\/wp-content\/uploads\/2020\/06\/Audiocuentos-adivinanzas-50x50.jpg 50w, https:\/\/www.mumablue.com\/blog\/wp-content\/uploads\/2020\/06\/Audiocuentos-adivinanzas-75x75.jpg 75w, https:\/\/www.mumablue.com\/blog\/wp-content\/uploads\/2020\/06\/Audiocuentos-adivinanzas-85x85.jpg 85w, https:\/\/www.mumablue.com\/blog\/wp-content\/uploads\/2020\/06\/Audiocuentos-adivinanzas-80x80.jpg 80w\" sizes=\"(max-width: 96px) 100vw, 96px\" \/>\u00a0<\/a><\/span><a style=\"color: #00ccff;\" href=\"https:\/\/www.mumablue.com\/blog\/pequehistorias\">Volver a Todas las Pequehistorias<\/a><\/p>\n<div style='text-align:left' class='yasr-auto-insert-visitor'><\/div>","protected":false},"excerpt":{"rendered":"<p>Audiocuentos adivinanzas Las adivinanzas para escuchar de Mumablue har\u00e1n las delicias de los m\u00e1s peque\u00f1os, al tratarse de divertidos poemas en los que los efectos o las voces infantiles les imprimen un atractivo especial. \u00a1A los ni\u00f1os le encantan las adivinanzas! Adoran poner a prueba su ingenio intentando descifrar acertijos. En nuestras adivinanzas para escuchar [&hellip;]<\/p>\n","protected":false},"author":6,"featured_media":0,"parent":0,"menu_order":0,"comment_status":"closed","ping_status":"closed","template":"","meta":{"yasr_overall_rating":0,"yasr_post_is_review":"","yasr_auto_insert_disabled":"","yasr_review_type":"BlogPosting"},"yasr_visitor_votes":{"number_of_votes":20,"sum_votes":83,"stars_attributes":{"read_only":false,"span_bottom":false}},"yoast_head":"<!-- This site is optimized with the Yoast SEO plugin v14.5 - https:\/\/yoast.com\/wordpress\/plugins\/seo\/ -->\n<meta name=\"description\" content=\"La adivinanzas para escuchar de Mumablue esconden muchas sorpresas: voces infantiles y efectos sonoros que las revisten de mayor atractivo.\" \/>\n<meta name=\"robots\" content=\"index, follow\" \/>\n<meta name=\"googlebot\" content=\"index, follow, max-snippet:-1, max-image-preview:large, max-video-preview:-1\" \/>\n<meta name=\"bingbot\" content=\"index, follow, max-snippet:-1, max-image-preview:large, max-video-preview:-1\" \/>\n<link rel=\"canonical\" href=\"https:\/\/www.mumablue.com\/blog\/adivinanzas-para-escuchar\/\" \/>\n<meta property=\"og:locale\" content=\"es_ES\" \/>\n<meta property=\"og:type\" content=\"article\" \/>\n<meta property=\"og:title\" content=\"Adivinanzas para escuchar - Blog Mumablue\" \/>\n<meta property=\"og:description\" content=\"La adivinanzas para escuchar de Mumablue esconden muchas sorpresas: voces infantiles y efectos sonoros que las revisten de mayor atractivo.\" \/>\n<meta property=\"og:url\" content=\"https:\/\/www.mumablue.com\/blog\/adivinanzas-para-escuchar\/\" \/>\n<meta property=\"og:site_name\" content=\"Blog Mumablue\" \/>\n<meta property=\"article:publisher\" content=\"https:\/\/www.facebook.com\/mumablue\/\" \/>\n<meta property=\"article:modified_time\" content=\"2020-11-04T08:57:32+00:00\" \/>\n<meta property=\"og:image\" content=\"https:\/\/www.mumablue.com\/blog\/wp-content\/uploads\/2020\/06\/Audiocuentos-adivinanzas.jpg\" \/>\n<meta name=\"twitter:card\" content=\"summary_large_image\" \/>\n<script type=\"application\/ld+json\" class=\"yoast-schema-graph\">{\"@context\":\"https:\/\/schema.org\",\"@graph\":[{\"@type\":\"Organization\",\"@id\":\"https:\/\/www.mumablue.com\/blog\/#organization\",\"name\":\"Mumablue\",\"url\":\"https:\/\/www.mumablue.com\/blog\/\",\"sameAs\":[\"https:\/\/www.facebook.com\/mumablue\/\",\"https:\/\/www.instagram.com\/mumablue\/?hl=es\"],\"logo\":{\"@type\":\"ImageObject\",\"@id\":\"https:\/\/www.mumablue.com\/blog\/#logo\",\"inLanguage\":\"es\",\"url\":\"https:\/\/www.mumablue.com\/blog\/wp-content\/uploads\/2020\/05\/Blog-Mumablue.png\",\"width\":749,\"height\":269,\"caption\":\"Mumablue\"},\"image\":{\"@id\":\"https:\/\/www.mumablue.com\/blog\/#logo\"}},{\"@type\":\"WebSite\",\"@id\":\"https:\/\/www.mumablue.com\/blog\/#website\",\"url\":\"https:\/\/www.mumablue.com\/blog\/\",\"name\":\"Blog Mumablue\",\"description\":\"Un blog de cuentos y audiocuentos gratis para ni\\u00f1os.\",\"publisher\":{\"@id\":\"https:\/\/www.mumablue.com\/blog\/#organization\"},\"potentialAction\":[{\"@type\":\"SearchAction\",\"target\":\"https:\/\/www.mumablue.com\/blog\/?s={search_term_string}\",\"query-input\":\"required name=search_term_string\"}],\"inLanguage\":\"es\"},{\"@type\":\"ImageObject\",\"@id\":\"https:\/\/www.mumablue.com\/blog\/adivinanzas-para-escuchar\/#primaryimage\",\"inLanguage\":\"es\",\"url\":\"https:\/\/www.mumablue.com\/blog\/wp-content\/uploads\/2020\/06\/Audiocuentos-adivinanzas.jpg\",\"width\":96,\"height\":96,\"caption\":\"adivinanzas para escuchar\"},{\"@type\":\"WebPage\",\"@id\":\"https:\/\/www.mumablue.com\/blog\/adivinanzas-para-escuchar\/#webpage\",\"url\":\"https:\/\/www.mumablue.com\/blog\/adivinanzas-para-escuchar\/\",\"name\":\"Adivinanzas para escuchar - Blog Mumablue\",\"isPartOf\":{\"@id\":\"https:\/\/www.mumablue.com\/blog\/#website\"},\"primaryImageOfPage\":{\"@id\":\"https:\/\/www.mumablue.com\/blog\/adivinanzas-para-escuchar\/#primaryimage\"},\"datePublished\":\"2020-06-19T16:58:52+00:00\",\"dateModified\":\"2020-11-04T08:57:32+00:00\",\"description\":\"La adivinanzas para escuchar de Mumablue esconden muchas sorpresas: voces infantiles y efectos sonoros que las revisten de mayor atractivo.\",\"inLanguage\":\"es\",\"potentialAction\":[{\"@type\":\"ReadAction\",\"target\":[\"https:\/\/www.mumablue.com\/blog\/adivinanzas-para-escuchar\/\"]}]}]}<\/script>\n<!-- \/ Yoast SEO plugin. -->","_links":{"self":[{"href":"https:\/\/www.mumablue.com\/blog\/wp-json\/wp\/v2\/pages\/1194"}],"collection":[{"href":"https:\/\/www.mumablue.com\/blog\/wp-json\/wp\/v2\/pages"}],"about":[{"href":"https:\/\/www.mumablue.com\/blog\/wp-json\/wp\/v2\/types\/page"}],"author":[{"embeddable":true,"href":"https:\/\/www.mumablue.com\/blog\/wp-json\/wp\/v2\/users\/6"}],"replies":[{"embeddable":true,"href":"https:\/\/www.mumablue.com\/blog\/wp-json\/wp\/v2\/comments?post=1194"}],"version-history":[{"count":10,"href":"https:\/\/www.mumablue.com\/blog\/wp-json\/wp\/v2\/pages\/1194\/revisions"}],"predecessor-version":[{"id":3035,"href":"https:\/\/www.mumablue.com\/blog\/wp-json\/wp\/v2\/pages\/1194\/revisions\/3035"}],"wp:attachment":[{"href":"https:\/\/www.mumablue.com\/blog\/wp-json\/wp\/v2\/media?parent=1194"}],"curies":[{"name":"wp","href":"https:\/\/api.w.org\/{rel}","templated":true}]}}