{"id":1192,"date":"2020-06-19T16:57:57","date_gmt":"2020-06-19T16:57:57","guid":{"rendered":"https:\/\/mumablue.com\/blog\/?page_id=1192"},"modified":"2025-05-23T08:05:43","modified_gmt":"2025-05-23T08:05:43","slug":"audiocuentos-de-miedo","status":"publish","type":"page","link":"https:\/\/www.mumablue.com\/blog\/audiocuentos-de-miedo\/","title":{"rendered":"Audiocuentos de miedo"},"content":{"rendered":"<div class=\"boxpequehistorias\">\n<div id=\"buzzsprout-player-10457183\"><\/div>\n<p><script src=\"https:\/\/www.buzzsprout.com\/937792\/10457183-escuela-de-fantasmas.js?container_id=buzzsprout-player-10457183&#038;player=small\" type=\"text\/javascript\" charset=\"utf-8\"><\/script><\/p>\n<div id=\"buzzsprout-player-6065836\"><\/div>\n<p><script src=\"https:\/\/www.buzzsprout.com\/937792\/6065836-noche-de-halloween.js?container_id=buzzsprout-player-6065836&#038;player=small\" type=\"text\/javascript\" charset=\"utf-8\"><\/script><\/p>\n<h3><span style=\"color: #800080;\"><strong><span style=\"color: #ff0000;\">\u00a12&#215;1!<\/span> Cuento de Halloween personalizado y audiocuento in\u00e9dito.<\/strong><\/span><\/h3>\n<p>\u00bfImaginas la cara que pondr\u00e1 tu peque cuando vea que es el protagonista de su propio cuento personalizado de Halloween? Personaliza <span style=\"color: #3366ff;\"><a style=\"color: #3366ff;\" href=\"https:\/\/www.mumablue.com\/esp\/nuestros-cuentos-personalizados\/cuento-de-brujas-personalizado?\/?utm_source=blog&amp;utm_medium=link&amp;utm_campaign=p\u00e1ginas-audiocuentos&amp;utm_content=audiocuentos-miedo\" target=\"_blank\" rel=\"noopener\">\u00ab(Nombre de tu peque) en la noche de Halloween\u00bb<\/a><\/span> ahora y obt\u00e9n un <strong>10% de descuento<\/strong>\u00a0uni\u00e9ndote al\u00a0<span style=\"color: #3366ff;\"><a style=\"color: #3366ff;\" href=\"https:\/\/www.mumablue.com\/esp\/inicio#mumaClub\" target=\"_blank\" rel=\"noopener\">MumaClub<\/a><\/span>.<strong> \u00a1Recibir\u00e1s de regalo un audiocuento in\u00e9dito de Halloween!<\/strong><\/p>\n<div id=\"buzzsprout-player-9426879\"><\/div>\n<p><script src=\"https:\/\/www.buzzsprout.com\/937792\/9426879-historias-de-halloween-alrededor-de-la-hoguera.js?container_id=buzzsprout-player-9426879&#038;player=small\" type=\"text\/javascript\" charset=\"utf-8\"><\/script><\/p>\n<div id=\"buzzsprout-player-9267042\"><\/div>\n<p><script src=\"https:\/\/www.buzzsprout.com\/937792\/9267042-los-ladrones-de-tiempo.js?container_id=buzzsprout-player-9267042&#038;player=small\" type=\"text\/javascript\" charset=\"utf-8\"><\/script><\/p>\n<h6><script src=\"https:\/\/www.buzzsprout.com\/937792\/8227064-el-zombie-malacara.js?container_id=buzzsprout-player-8227064&#038;player=small\" type=\"text\/javascript\" charset=\"utf-8\"><\/script><\/h6>\n<div id=\"buzzsprout-player-3507340\"><\/div>\n<p><script src=\"https:\/\/www.buzzsprout.com\/937792\/3507340-plasma-el-fantasma.js?container_id=buzzsprout-player-3507340&#038;player=small\" type=\"text\/javascript\" charset=\"utf-8\"><\/script><\/p>\n<div id=\"buzzsprout-player-3577831\"><\/div>\n<p><script src=\"https:\/\/www.buzzsprout.com\/937792\/3577831-el-pequeno-monstruo-que-vivia-dentro-del-armario.js?container_id=buzzsprout-player-3577831&#038;player=small\" type=\"text\/javascript\" charset=\"utf-8\"><\/script><\/p>\n<div id=\"buzzsprout-player-3355783\"><\/div>\n<p><script src=\"https:\/\/www.buzzsprout.com\/937792\/3355783-la-verdadera-historia-de-hansel-y-grettel.js?container_id=buzzsprout-player-3355783&#038;player=small\" type=\"text\/javascript\" charset=\"utf-8\"><\/script><\/p>\n<div id=\"buzzsprout-player-3199969\"><\/div>\n<p><script src=\"https:\/\/www.buzzsprout.com\/937792\/3199969-la-pequena-vampira.js?container_id=buzzsprout-player-3199969&#038;player=small\" type=\"text\/javascript\" charset=\"utf-8\"><\/script><\/p>\n<div id=\"buzzsprout-player-3728072\"><\/div>\n<p><script src=\"https:\/\/www.buzzsprout.com\/937792\/3728072-la-momia-no-quiero.js?container_id=buzzsprout-player-3728072&#038;player=small\" type=\"text\/javascript\" charset=\"utf-8\"><\/script><\/p>\n<div id=\"buzzsprout-player-3554677\"><\/div>\n<p><script src=\"https:\/\/www.buzzsprout.com\/937792\/3554677-una-pocion-misteriosa.js?container_id=buzzsprout-player-3554677&#038;player=small\" type=\"text\/javascript\" charset=\"utf-8\"><\/script><\/p>\n<p><a href=\"https:\/\/www.mumablue.com\/esp\/nuestros-cuentos-personalizados\/cuento-de-brujas-personalizado\/?utm_source=blog&amp;utm_medium=banner&amp;utm_campaign=p\u00e1ginas-audiocuentos&amp;utm_content=audiocuentos-miedo\" target=\"_blank\" rel=\"noopener noreferrer\"><img decoding=\"async\" loading=\"lazy\" class=\"alignnone wp-image-6317 size-full\" src=\"https:\/\/www.mumablue.com\/blog\/wp-content\/uploads\/2022\/10\/Cuento-de-halloween-personalizado-2.jpg\" alt=\"cuento de brujas\" width=\"715\" height=\"162\" srcset=\"https:\/\/www.mumablue.com\/blog\/wp-content\/uploads\/2022\/10\/Cuento-de-halloween-personalizado-2.jpg 715w, https:\/\/www.mumablue.com\/blog\/wp-content\/uploads\/2022\/10\/Cuento-de-halloween-personalizado-2-300x68.jpg 300w, https:\/\/www.mumablue.com\/blog\/wp-content\/uploads\/2022\/10\/Cuento-de-halloween-personalizado-2-624x141.jpg 624w\" sizes=\"(max-width: 715px) 100vw, 715px\" \/><\/a><\/p>\n<h2>Audiocuentos de \u00abterror\u00bb llenos de humor<\/h2>\n<p>\u00a1Los audiocuentos de miedo de <a href=\"https:\/\/www.mumablue.com\/\/?utm_source=blog&amp;utm_medium=link&amp;utm_campaign=p\u00e1ginas-audiocuentos&amp;utm_content=audiocuentos-miedo\"><span style=\"color: #00ccff;\">Mumablue<\/span><\/a> no dan nada de miedo! Se trata de historias o poemas que, aunque est\u00e1n protagonizados por escalofriantes personajes como monstruos, fantasmas, momias o vampiros, se relatan de una forma divertida. Sabemos el inter\u00e9s que en los peques despiertan los personajes aterradores, \u00a1pero no queremos asustarlos!. Al contrario, nuestros personajes son torpes, bondadosos o \u00abdemasiado humanos\u00bb, con el objetivo de que <strong>los ni\u00f1os se familiaricen con seres del g\u00e9nero de terror, desde la perspectiva de la diversi\u00f3n, perdi\u00e9ndoles el miedo<\/strong>.<\/p>\n<p>Entre los audiocuentos de miedo de Mumablue destaca, por la gran identificaci\u00f3n que en \u00e9l encuentra nuestra audiencia infantil, \u00abEl monstruo que viv\u00eda dentro del armario\u00bb. Se trata de un relato en el que un peque\u00f1o monstruo no puede dormir por las noches: vive aterrorizado porque cree que vive un ni\u00f1o fuera del armario.<strong> Los peques empatizan mucho con esta historia y aprenden a perder el miedo a causa del cambio de perspectiva<\/strong> que ofrecemos. \u00bfNo ser\u00eda absurdo que un monstruo que viviera dentro de un armario tuviera miedo de un ni\u00f1o? \u00a1Pues igual de absurdo es al rev\u00e9s!<\/p>\n<p><strong>\u00abPlasma, el fantasma\u00bb comienza con un planteamiento aterrador que se desinfla seg\u00fan avanza el relato<\/strong>: Un fantasma ha heredado de su t\u00edo un castillo encantado y est\u00e1 encargado de aterrorizar a sus moradores. \u00a1Pero es novato y siente que no sirve para ello! <strong>En la noche de su debut se topar\u00e1 con una ni\u00f1a muy repelente que le hunde la autoestima<\/strong>. Se llevar\u00e1 tal disgusto que su s\u00e1bana quedar\u00e1 flotando sobre un charquito de l\u00e1grimas en el suelo. \u00a1Pero no hay mal que por bien no venga! Una de las doncellas lo llevar\u00e1 a la lavander\u00eda y lo dejar\u00e1 guap\u00edsimo. Tras su nueva imagen, Plasma decide abandonar ese castillo ruinoso y mudarse al palacio de su amiga el \u00e1nima que, de tan guapo, no dejar\u00e1 que se marche jam\u00e1s de su lado.<\/p>\n<p>Un planteamiento misterioso es el de \u00abUnas extra\u00f1as medusas\u00bb, una pequehistoria que comienza cuando los animales marinos enferman por alimentarse de ellas sin saber que, en realidad, se trata de pl\u00e1sticos que contaminan los oc\u00e9anos. No se trata de monstruos, vampiros o zombies&#8230; <strong>el pl\u00e1stico nunca ha sido protagonista de un cuento de terror&#8230; a pesar de que se trata de una amenaza mucho m\u00e1s real.<\/strong> En este cuento, los animales del mar se coordinan para luchar contra la contaminaci\u00f3n de los mares y consiguen limpiar los oc\u00e9anos provocando un maremoto que sepulta en pl\u00e1sticos la tierra, haciendo realmente visible el problema, en toda su dimensi\u00f3n, para los hombres.<\/p>\n<p><a href=\"https:\/\/www.mumablue.com\/esp\/nuestros-cuentos-personalizados\/cuento-de-brujas-personalizado\/?utm_source=blog&amp;utm_medium=banner&amp;utm_campaign=p\u00e1ginas-audiocuentos&amp;utm_content=audiocuentos-miedo\" target=\"_blank\" rel=\"noopener noreferrer\"><img decoding=\"async\" loading=\"lazy\" class=\"alignnone wp-image-6326 size-full\" src=\"https:\/\/www.mumablue.com\/blog\/wp-content\/uploads\/2022\/10\/Cuento-de-miedo.png\" alt=\"Cuento de Halloween para leer\" width=\"715\" height=\"162\" srcset=\"https:\/\/www.mumablue.com\/blog\/wp-content\/uploads\/2022\/10\/Cuento-de-miedo.png 715w, https:\/\/www.mumablue.com\/blog\/wp-content\/uploads\/2022\/10\/Cuento-de-miedo-300x68.png 300w, https:\/\/www.mumablue.com\/blog\/wp-content\/uploads\/2022\/10\/Cuento-de-miedo-624x141.png 624w\" sizes=\"(max-width: 715px) 100vw, 715px\" \/><\/a><\/p>\n<p><strong>Muchos de nuestros audiocuentos de miedo son en forma de poema.<\/strong> No es que narren historias aterradoras, pero <strong>tienen todos los elementos que encontramos en los relatos misteriosos:<\/strong> calderos, pociones m\u00e1gicas, dragones, murci\u00e9lagos, serpientes, brujas, sarc\u00f3fagos y cementerios. As\u00ed, a golpe de rima y verso, los peques aprender\u00e1n a cocinar una poci\u00f3n misteriosa o a capturar un drag\u00f3n. Tambi\u00e9n descubrir\u00e1n el secreto de la momia \u00abno quiero\u00bb o las inquietudes de una peque\u00f1a vampira.<\/p>\n<p>Los audiocuentos de miedo de Mumablue no son los \u00fanicos con los que los peques pueden disfrutar de lo lindo: en nuestra secci\u00f3n de Pequehistorias encontrar\u00e1s adivinanzas, cuentos cl\u00e1sicos, mitos, cuentos de fantas\u00eda o aventuras y, por supuesto, <strong>lecturas de los cuentos personalizados del <span style=\"color: #00ccff;\"><a style=\"color: #00ccff;\" href=\"https:\/\/www.mumablue.com\/esp\/nuestros-cuentos-personalizados?\/?utm_source=blog&amp;utm_medium=link&amp;utm_campaign=p\u00e1ginas-audiocuentos&amp;utm_content=audiocuentos-miedo\">cat\u00e1logo Mumablue<\/a><\/span><\/strong>. \u00a1Gu\u00e1rdate nuestra p\u00e1gina en \u00abFavoritos\u00bb, porque te sacar\u00e1 de m\u00e1s de un apuro con los peques!<\/p>\n<h6>*Los audiocuentos de Mumablue utilizan m\u00fasicas con Licencia Creative Commons en sus variantes 1.0, 3.0 y 4.0, interpretadas por <strong>Alexander Nakarada, Kevin MacLeod, Rafael Krux, Frank Nora, Arthur Fordsworthy, Brian Boyko y Phase Shift<\/strong>, y obtenidas a trav\u00e9s de\u00a0<span style=\"color: #3366ff;\"><a style=\"color: #3366ff;\" href=\"https:\/\/freepd.com\/\" target=\"_blank\" rel=\"noopener noreferrer\">freepd.com<\/a><\/span>.<\/h6>\n<p style=\"text-align: left;\"><span style=\"color: #00ccff;\"><a style=\"color: #00ccff;\" href=\"https:\/\/www.mumablue.com\/blog\/pequehistorias\"><img decoding=\"async\" loading=\"lazy\" class=\"alignnone size-full wp-image-1237\" src=\"https:\/\/www.mumablue.com\/blog\/wp-content\/uploads\/2020\/06\/audiocuentos-terror.jpg\" alt=\"audiocuentos de miedo\" width=\"96\" height=\"96\" srcset=\"https:\/\/www.mumablue.com\/blog\/wp-content\/uploads\/2020\/06\/audiocuentos-terror.jpg 96w, https:\/\/www.mumablue.com\/blog\/wp-content\/uploads\/2020\/06\/audiocuentos-terror-50x50.jpg 50w, https:\/\/www.mumablue.com\/blog\/wp-content\/uploads\/2020\/06\/audiocuentos-terror-75x75.jpg 75w, https:\/\/www.mumablue.com\/blog\/wp-content\/uploads\/2020\/06\/audiocuentos-terror-85x85.jpg 85w, https:\/\/www.mumablue.com\/blog\/wp-content\/uploads\/2020\/06\/audiocuentos-terror-80x80.jpg 80w\" sizes=\"(max-width: 96px) 100vw, 96px\" \/> \u00a0\u00a0<\/a><\/span><a style=\"color: #00ccff;\" href=\"https:\/\/www.mumablue.com\/blog\/pequehistorias\">Volver a Todas las Pequehistorias<\/a><\/p>\n<\/div>\n<div style='text-align:left' class='yasr-auto-insert-visitor'><\/div>","protected":false},"excerpt":{"rendered":"<p>\u00a12&#215;1! Cuento de Halloween personalizado y audiocuento in\u00e9dito. \u00bfImaginas la cara que pondr\u00e1 tu peque cuando vea que es el protagonista de su propio cuento personalizado de Halloween? Personaliza \u00ab(Nombre de tu peque) en la noche de Halloween\u00bb ahora y obt\u00e9n un 10% de descuento\u00a0uni\u00e9ndote al\u00a0MumaClub. \u00a1Recibir\u00e1s de regalo un audiocuento in\u00e9dito de Halloween! Audiocuentos [&hellip;]<\/p>\n","protected":false},"author":6,"featured_media":0,"parent":0,"menu_order":0,"comment_status":"closed","ping_status":"closed","template":"","meta":{"yasr_overall_rating":0,"yasr_post_is_review":"","yasr_auto_insert_disabled":"","yasr_review_type":""},"yasr_visitor_votes":{"number_of_votes":32,"sum_votes":140,"stars_attributes":{"read_only":false,"span_bottom":false}},"yoast_head":"<!-- This site is optimized with the Yoast SEO plugin v14.5 - https:\/\/yoast.com\/wordpress\/plugins\/seo\/ -->\n<meta name=\"description\" content=\"\u00a1Los audiocuentos de miedo de Mumablue no dan nada de miedo! Aunque est\u00e1n protagonizados por escalofriantes personajes se relatan de una forma divertida.\" \/>\n<meta name=\"robots\" content=\"index, follow\" \/>\n<meta name=\"googlebot\" content=\"index, follow, max-snippet:-1, max-image-preview:large, max-video-preview:-1\" \/>\n<meta name=\"bingbot\" content=\"index, follow, max-snippet:-1, max-image-preview:large, max-video-preview:-1\" \/>\n<link rel=\"canonical\" href=\"https:\/\/www.mumablue.com\/blog\/audiocuentos-de-miedo\/\" \/>\n<meta property=\"og:locale\" content=\"es_ES\" \/>\n<meta property=\"og:type\" content=\"article\" \/>\n<meta property=\"og:title\" content=\"Audiocuentos de miedo - Blog Mumablue\" \/>\n<meta property=\"og:description\" content=\"\u00a1Los audiocuentos de miedo de Mumablue no dan nada de miedo! Aunque est\u00e1n protagonizados por escalofriantes personajes se relatan de una forma divertida.\" \/>\n<meta property=\"og:url\" content=\"https:\/\/www.mumablue.com\/blog\/audiocuentos-de-miedo\/\" \/>\n<meta property=\"og:site_name\" content=\"Blog Mumablue\" \/>\n<meta property=\"article:publisher\" content=\"https:\/\/www.facebook.com\/mumablue\/\" \/>\n<meta property=\"article:modified_time\" content=\"2025-05-23T08:05:43+00:00\" \/>\n<meta property=\"og:image\" content=\"https:\/\/www.mumablue.com\/blog\/wp-content\/uploads\/2022\/10\/Cuento-de-halloween-personalizado-2.jpg\" \/>\n<meta name=\"twitter:card\" content=\"summary_large_image\" \/>\n<script type=\"application\/ld+json\" class=\"yoast-schema-graph\">{\"@context\":\"https:\/\/schema.org\",\"@graph\":[{\"@type\":\"Organization\",\"@id\":\"https:\/\/www.mumablue.com\/blog\/#organization\",\"name\":\"Mumablue\",\"url\":\"https:\/\/www.mumablue.com\/blog\/\",\"sameAs\":[\"https:\/\/www.facebook.com\/mumablue\/\",\"https:\/\/www.instagram.com\/mumablue\/?hl=es\"],\"logo\":{\"@type\":\"ImageObject\",\"@id\":\"https:\/\/www.mumablue.com\/blog\/#logo\",\"inLanguage\":\"es\",\"url\":\"https:\/\/www.mumablue.com\/blog\/wp-content\/uploads\/2020\/05\/Blog-Mumablue.png\",\"width\":749,\"height\":269,\"caption\":\"Mumablue\"},\"image\":{\"@id\":\"https:\/\/www.mumablue.com\/blog\/#logo\"}},{\"@type\":\"WebSite\",\"@id\":\"https:\/\/www.mumablue.com\/blog\/#website\",\"url\":\"https:\/\/www.mumablue.com\/blog\/\",\"name\":\"Blog Mumablue\",\"description\":\"Un blog de cuentos y audiocuentos gratis para ni\\u00f1os.\",\"publisher\":{\"@id\":\"https:\/\/www.mumablue.com\/blog\/#organization\"},\"potentialAction\":[{\"@type\":\"SearchAction\",\"target\":\"https:\/\/www.mumablue.com\/blog\/?s={search_term_string}\",\"query-input\":\"required name=search_term_string\"}],\"inLanguage\":\"es\"},{\"@type\":\"ImageObject\",\"@id\":\"https:\/\/www.mumablue.com\/blog\/audiocuentos-de-miedo\/#primaryimage\",\"inLanguage\":\"es\",\"url\":\"https:\/\/www.mumablue.com\/blog\/wp-content\/uploads\/2022\/10\/Cuento-de-halloween-personalizado-2.jpg\",\"width\":715,\"height\":162,\"caption\":\"cuento de brujas\"},{\"@type\":\"WebPage\",\"@id\":\"https:\/\/www.mumablue.com\/blog\/audiocuentos-de-miedo\/#webpage\",\"url\":\"https:\/\/www.mumablue.com\/blog\/audiocuentos-de-miedo\/\",\"name\":\"Audiocuentos de miedo - Blog Mumablue\",\"isPartOf\":{\"@id\":\"https:\/\/www.mumablue.com\/blog\/#website\"},\"primaryImageOfPage\":{\"@id\":\"https:\/\/www.mumablue.com\/blog\/audiocuentos-de-miedo\/#primaryimage\"},\"datePublished\":\"2020-06-19T16:57:57+00:00\",\"dateModified\":\"2025-05-23T08:05:43+00:00\",\"description\":\"\\u00a1Los audiocuentos de miedo de Mumablue no dan nada de miedo! Aunque est\\u00e1n protagonizados por escalofriantes personajes se relatan de una forma divertida.\",\"inLanguage\":\"es\",\"potentialAction\":[{\"@type\":\"ReadAction\",\"target\":[\"https:\/\/www.mumablue.com\/blog\/audiocuentos-de-miedo\/\"]}]}]}<\/script>\n<!-- \/ Yoast SEO plugin. -->","_links":{"self":[{"href":"https:\/\/www.mumablue.com\/blog\/wp-json\/wp\/v2\/pages\/1192"}],"collection":[{"href":"https:\/\/www.mumablue.com\/blog\/wp-json\/wp\/v2\/pages"}],"about":[{"href":"https:\/\/www.mumablue.com\/blog\/wp-json\/wp\/v2\/types\/page"}],"author":[{"embeddable":true,"href":"https:\/\/www.mumablue.com\/blog\/wp-json\/wp\/v2\/users\/6"}],"replies":[{"embeddable":true,"href":"https:\/\/www.mumablue.com\/blog\/wp-json\/wp\/v2\/comments?post=1192"}],"version-history":[{"count":24,"href":"https:\/\/www.mumablue.com\/blog\/wp-json\/wp\/v2\/pages\/1192\/revisions"}],"predecessor-version":[{"id":7543,"href":"https:\/\/www.mumablue.com\/blog\/wp-json\/wp\/v2\/pages\/1192\/revisions\/7543"}],"wp:attachment":[{"href":"https:\/\/www.mumablue.com\/blog\/wp-json\/wp\/v2\/media?parent=1192"}],"curies":[{"name":"wp","href":"https:\/\/api.w.org\/{rel}","templated":true}]}}