{"id":1190,"date":"2020-06-19T17:00:54","date_gmt":"2020-06-19T17:00:54","guid":{"rendered":"https:\/\/mumablue.com\/blog\/?page_id=1190"},"modified":"2025-06-02T16:59:19","modified_gmt":"2025-06-02T16:59:19","slug":"audiocuentos-de-humor","status":"publish","type":"page","link":"https:\/\/www.mumablue.com\/blog\/audiocuentos-de-humor\/","title":{"rendered":"Audiocuentos de humor"},"content":{"rendered":"<div id=\"buzzsprout-player-3768155\"><\/div>\n<p><script src=\"https:\/\/www.buzzsprout.com\/937792\/3768155-el-pirata-malapata.js?container_id=buzzsprout-player-3768155&#038;player=small\" type=\"text\/javascript\" charset=\"utf-8\"><\/script><\/p>\n<h3><span style=\"color: #993366;\"><strong><span style=\"color: #800080;\">\u00a1Cuento in\u00e9dito de Malapata <span style=\"color: #ff0000;\">2&#215;1<\/span>!<\/span><\/strong><\/span><\/h3>\n<p>\u00a1Malapata vuelve a la carga en <span style=\"color: #3366ff;\"><a style=\"color: #3366ff;\" href=\"https:\/\/www.mumablue.com\/esp\/nuestros-cuentos-personalizados\/cuento-personalizado-de-piratas?utm_source=blog&amp;utm_medium=link&amp;utm_campaign=audiocuentos-humor&amp;utm_content=pirata\" target=\"_blank\" rel=\"noopener\">\u00ab(Nombre de tu peque) y el tesoro pirata\u00bb<\/a><\/span>! Consigue la edici\u00f3n en papel con el nombre y avatar de tu peque y&#8230; \u00a1Una versi\u00f3n en audiocuento que nunca has escuchado! <strong>Aprovecha este 2&#215;1 y consigue un 10% de descuento<\/strong> en tu compra uni\u00e9ndote al <span style=\"color: #3366ff;\"><a style=\"color: #3366ff;\" href=\"https:\/\/www.mumablue.com\/esp\/inicio#mumaClub\" target=\"_blank\" rel=\"noopener\">MumaClub<\/a><\/span>.<\/p>\n<div class=\"boxpequehistorias\">\n<div id=\"buzzsprout-player-6395023\"><\/div>\n<p><script src=\"https:\/\/www.buzzsprout.com\/937792\/6395023-caperucita-rebelde.js?container_id=buzzsprout-player-6395023&#038;player=small\" type=\"text\/javascript\" charset=\"utf-8\"><\/script><\/p>\n<div id=\"buzzsprout-player-9307771\"><\/div>\n<p><script src=\"https:\/\/www.buzzsprout.com\/937792\/9307771-caperucita-rebelde-en-el-pais-de-las-maravillas.js?container_id=buzzsprout-player-9307771&#038;player=small\" type=\"text\/javascript\" charset=\"utf-8\"><\/script><\/p>\n<div id=\"buzzsprout-player-10784038\"><\/div>\n<p><script src=\"https:\/\/www.buzzsprout.com\/937792\/10784038-caperucita-rebelde-y-cenicienta.js?container_id=buzzsprout-player-10784038&#038;player=small\" type=\"text\/javascript\" charset=\"utf-8\"><\/script><\/p>\n<div id=\"buzzsprout-player-8405467\"><\/div>\n<p><script src=\"https:\/\/www.buzzsprout.com\/937792\/8405467-don-lobo-busca-trabajo.js?container_id=buzzsprout-player-8405467&#038;player=small\" type=\"text\/javascript\" charset=\"utf-8\"><\/script><\/p>\n<div id=\"buzzsprout-player-9147294\"><\/div>\n<p><script src=\"https:\/\/www.buzzsprout.com\/937792\/9147294-juguetes-en-problemas.js?container_id=buzzsprout-player-9147294&#038;player=small\" type=\"text\/javascript\" charset=\"utf-8\"><\/script><\/p>\n<div id=\"buzzsprout-player-8227064\"><\/div>\n<p><script src=\"https:\/\/www.buzzsprout.com\/937792\/8227064-el-zombie-malacara.js?container_id=buzzsprout-player-8227064&#038;player=small\" type=\"text\/javascript\" charset=\"utf-8\"><\/script><\/p>\n<div id=\"buzzsprout-player-7239502\"><\/div>\n<p><script src=\"https:\/\/www.buzzsprout.com\/937792\/7239502-volvemos-en-marzo.js?container_id=buzzsprout-player-7239502&#038;player=small\" type=\"text\/javascript\" charset=\"utf-8\"><\/script><\/p>\n<div id=\"buzzsprout-player-7133506\"><\/div>\n<p><script src=\"https:\/\/www.buzzsprout.com\/937792\/7133506-especial-reyes-magos.js?container_id=buzzsprout-player-7133506&#038;player=small\" type=\"text\/javascript\" charset=\"utf-8\"><\/script><\/p>\n<div id=\"buzzsprout-player-7029379\"><\/div>\n<p><script src=\"https:\/\/www.buzzsprout.com\/937792\/7029379-no-vienen-los-reyes.js?container_id=buzzsprout-player-7029379&#038;player=small\" type=\"text\/javascript\" charset=\"utf-8\"><\/script><\/p>\n<p><script src=\"https:\/\/www.buzzsprout.com\/937792\/6839818-loco-villancico.js?container_id=buzzsprout-player-6839818&#038;player=small\" type=\"text\/javascript\" charset=\"utf-8\"><\/script><\/p>\n<p><script src=\"https:\/\/www.buzzsprout.com\/937792\/4223810-el-sueno-de-la-bella-durmiente.js?container_id=buzzsprout-player-4223810&#038;player=small\" type=\"text\/javascript\" charset=\"utf-8\"><\/script><\/p>\n<div id=\"buzzsprout-player-3577831\"><\/div>\n<p><script src=\"https:\/\/www.buzzsprout.com\/937792\/3577831-el-pequeno-monstruo-que-vivia-dentro-del-armario.js?container_id=buzzsprout-player-3577831&#038;player=small\" type=\"text\/javascript\" charset=\"utf-8\"><\/script><\/p>\n<div id=\"buzzsprout-player-3728072\"><\/div>\n<p><script src=\"https:\/\/www.buzzsprout.com\/937792\/3728072-la-momia-no-quiero.js?container_id=buzzsprout-player-3728072&#038;player=small\" type=\"text\/javascript\" charset=\"utf-8\"><\/script><\/p>\n<div id=\"buzzsprout-player-3507340\"><\/div>\n<p><script src=\"https:\/\/www.buzzsprout.com\/937792\/3507340-plasma-el-fantasma.js?container_id=buzzsprout-player-3507340&#038;player=small\" type=\"text\/javascript\" charset=\"utf-8\"><\/script><\/p>\n<div id=\"buzzsprout-player-3199969\"><\/div>\n<p><script src=\"https:\/\/www.buzzsprout.com\/937792\/3199969-la-pequena-vampira.js?container_id=buzzsprout-player-3199969&#038;player=small\" type=\"text\/javascript\" charset=\"utf-8\"><\/script\n\n<script src=\"https:\/\/www.buzzsprout.com\/937792\/3355783-la-verdadera-historia-de-hansel-y-grettel.js?container_id=buzzsprout-player-3355783&#038;player=small\" type=\"text\/javascript\" charset=\"utf-8\"><\/script><\/p>\n<h2>Audiocuentos divertidos<\/h2>\n<p>En <span style=\"color: #0000ff;\"><a style=\"color: #0000ff;\" href=\"https:\/\/www.mumablue.com\/?utm_source=blog&amp;utm_medium=link&amp;utm_campaign=p\u00e1ginas-audiocuentos&amp;utm_content=audiocuentos-humor\">Mumablue<\/a> <\/span>creemos que la risa es el recubrimiento de chocolate de la vida.<strong> Nuestros audiocuentos de humor tratan de arrancar una sonrisa a los peques<\/strong> a trav\u00e9s de la menci\u00f3n de elementos discordantes, finales sorprendentes, exageraciones, revisiones atrevidas de cuentos cl\u00e1sicos, situaciones absurdas o personajes divertidos. \u00a1Los pap\u00e1s tambi\u00e9n se divertir\u00e1n!<\/p>\n<p>As\u00ed, uno de nuestros audiocuentos de humor m\u00e1s exitoso es \u00abEl peque\u00f1o monstruo que viv\u00eda dentro del armario\u00bb, que ostenta r\u00e9cord de descargas no s\u00f3lo en la categor\u00eda de audiocuentos de humor, sino en relaci\u00f3n a todas las Pequehistorias.<strong> \u00a1Recibi\u00f3 m\u00e1s de 1.000 descargas en poco m\u00e1s de un mes!<\/strong> Este audiocuento narra<strong> la historia de un ni\u00f1o monstruo que cree que fuera del armario vive un ni\u00f1o aterrador,<\/strong> por lo que todas las noches al ir a dormir siente mucho miedo. Una noche, decide armarse de valor y salir del armario a comprobar si es cierto. \u00a1Cuando monstruo y ni\u00f1o se encuentran cara a cara se produce el alboroto! <strong>Con este cuento hemos logrado empatizar enormemente con los ni\u00f1os que nos escuchan<\/strong>, pues \u00bfqu\u00e9 ni\u00f1o no ha imaginado alguna vez que debajo de su cama o dentro de su armario vive un malvado monstruito que le acecha en la noche? \u00a1Pero no os preocup\u00e9is porque les d\u00e9 miedo! Al final del cuento se ofrece un comunicado oficial muy tranquilizador.<\/p>\n<p>Otro de los audiocuentos de humor Mumablue que m\u00e1s ha gustado es \u00abLa peque\u00f1a vampira\u00bb un <strong>divertido poemita infantil que cuenta la historia de una ni\u00f1a vampira muy poco com\u00fan&#8230;<\/strong> no le gusta la sangre, ni la noche, ni el cementerio. \u00a1Y tiene a su vamp\u00edrica familia muy preocupada! Este audiocuento es adecuado para los ni\u00f1os m\u00e1s peque\u00f1os, por su ritmo f\u00e1cil y su sencilla comprensi\u00f3n.<strong> \u00a1Es la segunda pequehistoria con m\u00e1s descargas!<\/strong><\/p>\n<p>\u00abPlasma, el fantasma\u00bb es un audiocuento de humor en el que un fantasma novato hereda un castillo de su t\u00edo Ernesto, el espectro. Tiene una gran responsabilidad, que es <strong>seguir asustando a sus moradores para mantenerlo encantado. Sin embargo, eso de asustar no se le da nada bien<\/strong>. En su primer encuentro con la remilgada princesita del castillo fracasa estrepitosamente. Esto dar\u00e1 lugar a una peripecia en la lavander\u00eda, donde la doncella lavar\u00e1, planchar\u00e1, almidonar\u00e1 y perfumar\u00e1 su s\u00e1bana hasta dejarlo guap\u00edsimo.<\/p>\n<p>Entre los audiocuentos de humor de Mumablue <strong>destaca tambi\u00e9n el humor absurdo de \u00abEl pirata Malapata\u00bb.<\/strong> En esta historia, una banda de piratas llevan meses navegando tratando de encontrar una isla perdida para enterrar un extraordinario bot\u00edn. Sin embargo, cuando finalmente divisan la isla perfecta, uno de los marineros siembra la duda en nuestro desafortunado pirata: Si han encontrado la isla&#8230; \u00a1ya no est\u00e1 perdida! No sirve. <strong>La cabezoner\u00eda de el pirata Malapata desembocar\u00e1 en un sorprendente y absurdo final. <\/strong><\/p>\n<p>\u00abLa verdadera historia de Hansel y Grettel\u00bb es un audiocuento de humor que <strong>ofrece una mirada totalmente distinta sobre el cuento de los hermanos Grimm.<\/strong> En este caso, <strong>los ni\u00f1os podr\u00e1n conocer la versi\u00f3n de la bruja<\/strong>, quien cuenta un relato totalmente opuesto al que conocemos: ella acogi\u00f3 en su casa a Hansel y Grettel porque estaban perdidos en el bosque, pero los ni\u00f1os eran muy traviesos, vagos y maleducados y le hicieron la vida imposible durante toda su estancia. As\u00ed que ella misma los devuelve a casa cuando no aguanta m\u00e1s. Sin embargo, la historia que se recuerda es la versi\u00f3n de los ni\u00f1os, que se inventaron que se trataba de una malvada bruja que los quer\u00eda engordar para despu\u00e9s com\u00e9rselos. <strong>\u00a1Resulta que todo era mentira! Hasta lo de la casita, que no estaba hecha de chocolate sino de ladrillo y pladur,<\/strong> como la de todo el mundo.<\/p>\n<p>Otra revisi\u00f3n os la ofrecemos a modo de poema, sobre el cuento cl\u00e1sico de La Bella Durmiente del bosque, de Perrault. En \u00abEl sue\u00f1o de la Bella Durmiente\u00bb, la princesa lleva cien a\u00f1os durmiendo porque no se quiere despertar. \u00bfY eso?<strong> \u00a1Resulta que no le gusta el final del cuento y prefiere so\u00f1ar con montar un grupo de rock, tatuajes, jugar al f\u00fatbol o hincharse a comer helado!<\/strong> Este poemita cambia radicalmente el rol que, tradicionalmente, los cuentos le han otorgado a las princesas, dando un mensaje de igualdad.<\/p>\n<p>Estos son s\u00f3lo algunos de los audiocuentos de humor que os ofrecemos en la Pequehistorias Mumablue. Pero tenemos muchas otras categor\u00edas: Aventuras, Fantas\u00eda, con valores, cuentos cl\u00e1sicos, literatura universal para adultos que es adecuada tambi\u00e9n para ni\u00f1os, adivinanzas, de miedo&#8230; \u00a1Y por supuesto, <strong>lecturas dramatizadas de todos los cuentos personalizados del <span style=\"color: #3366ff;\"><a style=\"color: #3366ff;\" href=\"https:\/\/www.mumablue.com\/esp\/nuestros-cuentos-personalizados?utm_source=blog&amp;utm_medium=link&amp;utm_campaign=p\u00e1ginas-audiocuentos&amp;utm_content=audiocuentos-humor\">cat\u00e1logo Mumablue<\/a><\/span><\/strong>. \u00a1Gu\u00e1rdate nuestra p\u00e1gina en \u00abFavoritos\u00bb porque te la van a pedir m\u00e1s de mil veces!<\/p>\n<h6>*Los audiocuentos de Mumablue utilizan m\u00fasicas con Licencia Creative Commons en sus variantes 1.0, 3.0 y 4.0, interpretadas por <strong>Alexander Nakarada, Kevin MacLeod, Rafael Krux, Frank Nora, Arthur Fordsworthy, Brian Boyko y Phase Shift<\/strong>, y obtenidas a trav\u00e9s de <span style=\"color: #3366ff;\"><a style=\"color: #3366ff;\" href=\"https:\/\/freepd.com\/\" target=\"_blank\" rel=\"noopener noreferrer\">freepd.com<\/a><\/span>.<\/h6>\n<p style=\"text-align: left;\"><span style=\"color: #00ccff;\"><a style=\"color: #00ccff;\" href=\"https:\/\/www.mumablue.com\/blog\/pequehistorias\"><img decoding=\"async\" loading=\"lazy\" class=\"alignnone wp-image-1200\" src=\"https:\/\/www.mumablue.com\/blog\/wp-content\/uploads\/2020\/06\/Audiocuentos-divertidos.jpg\" alt=\"audiocuentos de humor\" width=\"96\" height=\"96\" srcset=\"https:\/\/www.mumablue.com\/blog\/wp-content\/uploads\/2020\/06\/Audiocuentos-divertidos.jpg 96w, https:\/\/www.mumablue.com\/blog\/wp-content\/uploads\/2020\/06\/Audiocuentos-divertidos-50x50.jpg 50w, https:\/\/www.mumablue.com\/blog\/wp-content\/uploads\/2020\/06\/Audiocuentos-divertidos-75x75.jpg 75w, https:\/\/www.mumablue.com\/blog\/wp-content\/uploads\/2020\/06\/Audiocuentos-divertidos-85x85.jpg 85w, https:\/\/www.mumablue.com\/blog\/wp-content\/uploads\/2020\/06\/Audiocuentos-divertidos-80x80.jpg 80w\" sizes=\"(max-width: 96px) 100vw, 96px\" \/> <\/a><\/span><a style=\"color: #00ccff;\" href=\"https:\/\/www.mumablue.com\/blog\/pequehistorias\">Volver a Todas las Pequehistorias<\/a><\/p>\n<\/div>\n<div style='text-align:left' class='yasr-auto-insert-visitor'><\/div>","protected":false},"excerpt":{"rendered":"<p>\u00a1Cuento in\u00e9dito de Malapata 2&#215;1! \u00a1Malapata vuelve a la carga en \u00ab(Nombre de tu peque) y el tesoro pirata\u00bb! Consigue la edici\u00f3n en papel con el nombre y avatar de tu peque y&#8230; \u00a1Una versi\u00f3n en audiocuento que nunca has escuchado! Aprovecha este 2&#215;1 y consigue un 10% de descuento en tu compra uni\u00e9ndote al [&hellip;]<\/p>\n","protected":false},"author":6,"featured_media":0,"parent":0,"menu_order":0,"comment_status":"closed","ping_status":"closed","template":"","meta":{"yasr_overall_rating":0,"yasr_post_is_review":"","yasr_auto_insert_disabled":"","yasr_review_type":""},"yasr_visitor_votes":{"number_of_votes":42,"sum_votes":185,"stars_attributes":{"read_only":false,"span_bottom":false}},"yoast_head":"<!-- This site is optimized with the Yoast SEO plugin v14.5 - https:\/\/yoast.com\/wordpress\/plugins\/seo\/ -->\n<meta name=\"description\" content=\"Audiocuentos de humor que arrancan una sonrisa a los peques a trav\u00e9s de lo discordante, lo exagerado, la sorpresa o el absurdo. \u00a1Aptos tambi\u00e9n para pap\u00e1s!\" \/>\n<meta name=\"robots\" content=\"index, follow\" \/>\n<meta name=\"googlebot\" content=\"index, follow, max-snippet:-1, max-image-preview:large, max-video-preview:-1\" \/>\n<meta name=\"bingbot\" content=\"index, follow, max-snippet:-1, max-image-preview:large, max-video-preview:-1\" \/>\n<link rel=\"canonical\" href=\"https:\/\/www.mumablue.com\/blog\/audiocuentos-de-humor\/\" \/>\n<meta property=\"og:locale\" content=\"es_ES\" \/>\n<meta property=\"og:type\" content=\"article\" \/>\n<meta property=\"og:title\" content=\"Audiocuentos de humor - Blog Mumablue\" \/>\n<meta property=\"og:description\" content=\"Audiocuentos de humor que arrancan una sonrisa a los peques a trav\u00e9s de lo discordante, lo exagerado, la sorpresa o el absurdo. \u00a1Aptos tambi\u00e9n para pap\u00e1s!\" \/>\n<meta property=\"og:url\" content=\"https:\/\/www.mumablue.com\/blog\/audiocuentos-de-humor\/\" \/>\n<meta property=\"og:site_name\" content=\"Blog Mumablue\" \/>\n<meta property=\"article:publisher\" content=\"https:\/\/www.facebook.com\/mumablue\/\" \/>\n<meta property=\"article:modified_time\" content=\"2025-06-02T16:59:19+00:00\" \/>\n<meta property=\"og:image\" content=\"https:\/\/www.mumablue.com\/blog\/wp-content\/uploads\/2020\/06\/Audiocuentos-divertidos.jpg\" \/>\n<meta name=\"twitter:card\" content=\"summary_large_image\" \/>\n<script type=\"application\/ld+json\" class=\"yoast-schema-graph\">{\"@context\":\"https:\/\/schema.org\",\"@graph\":[{\"@type\":\"Organization\",\"@id\":\"https:\/\/www.mumablue.com\/blog\/#organization\",\"name\":\"Mumablue\",\"url\":\"https:\/\/www.mumablue.com\/blog\/\",\"sameAs\":[\"https:\/\/www.facebook.com\/mumablue\/\",\"https:\/\/www.instagram.com\/mumablue\/?hl=es\"],\"logo\":{\"@type\":\"ImageObject\",\"@id\":\"https:\/\/www.mumablue.com\/blog\/#logo\",\"inLanguage\":\"es\",\"url\":\"https:\/\/www.mumablue.com\/blog\/wp-content\/uploads\/2020\/05\/Blog-Mumablue.png\",\"width\":749,\"height\":269,\"caption\":\"Mumablue\"},\"image\":{\"@id\":\"https:\/\/www.mumablue.com\/blog\/#logo\"}},{\"@type\":\"WebSite\",\"@id\":\"https:\/\/www.mumablue.com\/blog\/#website\",\"url\":\"https:\/\/www.mumablue.com\/blog\/\",\"name\":\"Blog Mumablue\",\"description\":\"Un blog de cuentos y audiocuentos gratis para ni\\u00f1os.\",\"publisher\":{\"@id\":\"https:\/\/www.mumablue.com\/blog\/#organization\"},\"potentialAction\":[{\"@type\":\"SearchAction\",\"target\":\"https:\/\/www.mumablue.com\/blog\/?s={search_term_string}\",\"query-input\":\"required name=search_term_string\"}],\"inLanguage\":\"es\"},{\"@type\":\"ImageObject\",\"@id\":\"https:\/\/www.mumablue.com\/blog\/audiocuentos-de-humor\/#primaryimage\",\"inLanguage\":\"es\",\"url\":\"https:\/\/www.mumablue.com\/blog\/wp-content\/uploads\/2020\/06\/Audiocuentos-divertidos.jpg\",\"width\":96,\"height\":96,\"caption\":\"audiocuentos de humor\"},{\"@type\":\"WebPage\",\"@id\":\"https:\/\/www.mumablue.com\/blog\/audiocuentos-de-humor\/#webpage\",\"url\":\"https:\/\/www.mumablue.com\/blog\/audiocuentos-de-humor\/\",\"name\":\"Audiocuentos de humor - Blog Mumablue\",\"isPartOf\":{\"@id\":\"https:\/\/www.mumablue.com\/blog\/#website\"},\"primaryImageOfPage\":{\"@id\":\"https:\/\/www.mumablue.com\/blog\/audiocuentos-de-humor\/#primaryimage\"},\"datePublished\":\"2020-06-19T17:00:54+00:00\",\"dateModified\":\"2025-06-02T16:59:19+00:00\",\"description\":\"Audiocuentos de humor que arrancan una sonrisa a los peques a trav\\u00e9s de lo discordante, lo exagerado, la sorpresa o el absurdo. \\u00a1Aptos tambi\\u00e9n para pap\\u00e1s!\",\"inLanguage\":\"es\",\"potentialAction\":[{\"@type\":\"ReadAction\",\"target\":[\"https:\/\/www.mumablue.com\/blog\/audiocuentos-de-humor\/\"]}]}]}<\/script>\n<!-- \/ Yoast SEO plugin. -->","_links":{"self":[{"href":"https:\/\/www.mumablue.com\/blog\/wp-json\/wp\/v2\/pages\/1190"}],"collection":[{"href":"https:\/\/www.mumablue.com\/blog\/wp-json\/wp\/v2\/pages"}],"about":[{"href":"https:\/\/www.mumablue.com\/blog\/wp-json\/wp\/v2\/types\/page"}],"author":[{"embeddable":true,"href":"https:\/\/www.mumablue.com\/blog\/wp-json\/wp\/v2\/users\/6"}],"replies":[{"embeddable":true,"href":"https:\/\/www.mumablue.com\/blog\/wp-json\/wp\/v2\/comments?post=1190"}],"version-history":[{"count":38,"href":"https:\/\/www.mumablue.com\/blog\/wp-json\/wp\/v2\/pages\/1190\/revisions"}],"predecessor-version":[{"id":7627,"href":"https:\/\/www.mumablue.com\/blog\/wp-json\/wp\/v2\/pages\/1190\/revisions\/7627"}],"wp:attachment":[{"href":"https:\/\/www.mumablue.com\/blog\/wp-json\/wp\/v2\/media?parent=1190"}],"curies":[{"name":"wp","href":"https:\/\/api.w.org\/{rel}","templated":true}]}}