{"id":1183,"date":"2020-06-22T17:15:35","date_gmt":"2020-06-22T17:15:35","guid":{"rendered":"https:\/\/mumablue.com\/blog\/?page_id=1183"},"modified":"2025-04-08T08:26:33","modified_gmt":"2025-04-08T08:26:33","slug":"audiocuentos-mumablue","status":"publish","type":"page","link":"https:\/\/www.mumablue.com\/blog\/audiocuentos-mumablue\/","title":{"rendered":"Audiocuentos Mumablue"},"content":{"rendered":"<p>En Mumablue <span style=\"color: #3366ff;\"><a style=\"color: #3366ff;\" href=\"https:\/\/www.mumablue.com\/esp\/nuestros-cuentos-personalizados\/?utm_source=blog&amp;utm_medium=link&amp;utm_campaign=p\u00e1ginas-audiocuentos&amp;utm_content=audiocuentos-mumablue\" target=\"_blank\" rel=\"noopener\">creamos cuentos personalizados para tu peque<\/a><\/span>, relatos en los que puede protagonizar historias de aventuras y fantas\u00eda. Nuestros cuentos son ricos en valores, que son interiorizados m\u00e1s f\u00e1cilmente por los peque\u00f1os lectores gracias a que son ellos mismos quienes viven el relato en primera persona.<strong> Personaliza a tu peque con su nombre y crea un avatar con sus rasgos f\u00edsicos<\/strong>, y convi\u00e9rtelo en protagonista de historias incre\u00edbles. A continuaci\u00f3n puedes escuchar versiones en audiocuento de gran parte de los cuentos personalizados que tenemos en nuestro cat\u00e1logo.<\/p>\n<div id=\"buzzsprout-player-8362021\"><\/div>\n<p><script src=\"https:\/\/www.buzzsprout.com\/937792\/8362021-la-magia-de-mumablue.js?container_id=buzzsprout-player-8362021&#038;player=small\" type=\"text\/javascript\" charset=\"utf-8\"><\/script><\/p>\n<h3><span style=\"color: #ff0000;\"><strong>\u00a1Pst, pst! \u00a1Este cuento lo puedes personalizar para tu peque!<\/strong><\/span><\/h3>\n<p>Conseguir <span style=\"color: #3366ff;\"><a style=\"color: #3366ff;\" href=\"https:\/\/www.mumablue.com\/esp\/nuestros-cuentos-personalizados\/la-magia-del-nombre-mi-nino\/?utm_source=blog&amp;utm_medium=link&amp;utm_campaign=p\u00e1ginas-audiocuentos&amp;utm_content=audiocuentos-mumablue\">\u00abLa magia de (Nombre de tu peque)\u00bb<\/a><\/span>\u00a0editado en papel ya es posible. Adem\u00e1s, si te unes ahora al <a href=\"https:\/\/www.mumablue.com\/esp\/inicio#mumaClub\" target=\"_blank\" rel=\"noopener\"><span style=\"color: #3366ff;\">MumaClub<\/span><\/a>, te hacemos<strong> un 10% de descuento de bienvenida<\/strong>\u00a0en este cuento personalizado en exclusiva para tu peque.<\/p>\n<div id=\"buzzsprout-player-3477481\"><\/div>\n<p><script src=\"https:\/\/www.buzzsprout.com\/937792\/3477481-superpoderes.js?container_id=buzzsprout-player-3477481&#038;player=small\" type=\"text\/javascript\" charset=\"utf-8\"><\/script><\/p>\n<h3><span style=\"color: #ff9900;\"><strong>Este audiocuento lo puedes conseguir personalizado y en papel<\/strong><\/span><\/h3>\n<p>\u00bfTu peque es un fan\u00e1tico de los superh\u00e9roes? <a href=\"https:\/\/www.mumablue.com\/esp\/nuestros-cuentos-personalizados\/superpoderes\/?utm_source=blog&amp;utm_medium=link&amp;utm_campaign=p\u00e1ginas-audiocuentos&amp;utm_content=audiocuentos-mumablue\" target=\"_blank\" rel=\"noopener\"><span style=\"color: #3366ff;\">\u00abSuperpoderes\u00bb<\/span><\/a> es un cuento en papel en el que podr\u00e1s personalizarle con su nombre y su avatar. <strong>\u00danete al <a href=\"https:\/\/www.mumablue.com\/esp\/inicio#mumaClub\" target=\"_blank\" rel=\"noopener\"><span style=\"color: #3366ff;\">MumaClub<\/span><\/a> y obt\u00e9n un 10% de descuento exclusivo para socios. <\/strong>\u00a1Reg\u00e1laselo!<\/p>\n<p><script src=\"https:\/\/www.buzzsprout.com\/937792\/3961514-juntos.js?container_id=buzzsprout-player-3961514&#038;player=small\" type=\"text\/javascript\" charset=\"utf-8\"><\/script><\/p>\n<h3><strong><span style=\"color: #ffff00;\">\u00a1Consigue un descuento en la versi\u00f3n personalizada en papel de este cuento!<\/span><\/strong><\/h3>\n<p>\u00a1Reg\u00e1lale <span style=\"color: #3366ff;\"><a style=\"color: #3366ff;\" href=\"https:\/\/www.mumablue.com\/esp\/nuestros-cuentos-personalizados\/cuento-personalizado-familia\/?utm_source=blog&amp;utm_medium=link&amp;utm_campaign=p\u00e1ginas-audiocuentos&amp;utm_content=audiocuentos-mumablue\" target=\"_blank\" rel=\"noopener\">Juntos<\/a><\/span>\u00a0en papel personalizado para toda la familia! <strong>Cons\u00edguelo un 10% m\u00e1s barato aprovechando muestra oferta de bienvenida<\/strong> al suscribirte al <a href=\"https:\/\/www.mumablue.com\/esp\/inicio#mumaClub\" target=\"_blank\" rel=\"noopener\"><span style=\"color: #3366ff;\">MumaClub<\/span><\/a>. \u00a1Ser\u00e1 un precioso recuerdo para toda la vida<\/p>\n<p><script src=\"https:\/\/www.buzzsprout.com\/937792\/8618027-la-aventura-de-las-emociones.js?container_id=buzzsprout-player-8618027&#038;player=small\" type=\"text\/javascript\" charset=\"utf-8\"><\/script><\/p>\n<h3><span style=\"color: #0dbf25;\"><strong>Este audiocuento est\u00e1 en papel \u00a1Y puedes personalizarlo!<\/strong><\/span><\/h3>\n<p>\u00a1Consigue <a href=\"https:\/\/www.mumablue.com\/esp\/nuestros-cuentos-personalizados\/cuento-de-las-emociones-personalizado\/?utm_source=blog&amp;utm_medium=link&amp;utm_campaign=p\u00e1ginas-audiocuentos&amp;utm_content=audiocuentos-mumablue\" target=\"_blank\" rel=\"noopener\"><span style=\"color: #3366ff;\">\u00abLas emociones de (Nombre de tu peque)\u00bb<\/span><\/a>\u00a0impreso personalizado en exclusiva!<strong> \u00danete al <a href=\"https:\/\/www.mumablue.com\/esp\/inicio#mumaClub\" target=\"_blank\" rel=\"noopener\"><span style=\"color: #3366ff;\">MumaClub<\/span><\/a> para obtener un 10% de descuento y recibir ofertas exclusivas.<\/strong><\/p>\n<div id=\"buzzsprout-player-3381982\"><\/div>\n<p><script src=\"https:\/\/www.buzzsprout.com\/937792\/3381982-chucheritis.js?container_id=buzzsprout-player-3381982&#038;player=small\" type=\"text\/javascript\" charset=\"utf-8\"><\/script><\/p>\n<h3><span style=\"color: #48c2e0;\"><strong>\u00a1Convierte a tus peques en los \u00fanicos protagonistas de este cuento!\u00a0<\/strong><\/span><\/h3>\n<p>\u00a1Te ofrecemos <strong>un 10% de descuento en la edici\u00f3n en papel personalizada para dos peques<\/strong> de <span style=\"color: #3366ff;\"><a style=\"color: #3366ff;\" href=\"https:\/\/www.mumablue.com\/esp\/nuestros-cuentos-personalizados\/chucheritis-es\/?utm_source=blog&amp;utm_medium=link&amp;utm_campaign=p\u00e1ginas-audiocuentos&amp;utm_content=audiocuentos-mumablue\" target=\"_blank\" rel=\"noopener\">\u00abChucheritis\u00bb<\/a>.<\/span> Lo recibir\u00e9is impreso\u00a0 e ilustrado a todo color, personalizado para dos hermanos, primos o amigos. \u00a1\u00danete al <a href=\"https:\/\/www.mumablue.com\/esp\/inicio#mumaClub\" target=\"_blank\" rel=\"noopener\"><span style=\"color: #3366ff;\">MumaClub<\/span><\/a> y consigue un cup\u00f3n descuento imendiato!<\/p>\n<div id=\"buzzsprout-player-3311332\"><\/div>\n<p><script src=\"https:\/\/www.buzzsprout.com\/937792\/3311332-planeta-gelatina.js?container_id=buzzsprout-player-3311332&#038;player=small\" type=\"text\/javascript\" charset=\"utf-8\"><\/script><\/p>\n<h3><span style=\"color: #6805fc;\">\u00a1Este audiocuento tiene una edici\u00f3n personalizada con 10% Dto!<\/span><\/h3>\n<p>\u00bfSabes que puedes conseguir <a href=\"https:\/\/www.mumablue.com\/esp\/nuestros-cuentos-personalizados\/planeta-gelatina\/?utm_source=blog&amp;utm_medium=link&amp;utm_campaign=p\u00e1ginas-audiocuentos&amp;utm_content=audiocuentos-mumablue\" target=\"_blank\" rel=\"noopener\"><span style=\"color: #3366ff;\">\u00abPlaneta Gelatina\u00bb<\/span><\/a> en papel personalizado para tu peque? <strong>\u00danete al <a href=\"https:\/\/www.mumablue.com\/esp\/inicio#mumaClub\" target=\"_blank\" rel=\"noopener\"><span style=\"color: #3366ff;\">MumaClub<\/span><\/a> y obt\u00e9n un 10% de descuento directo<\/strong> en la compra de este bonito\u00a0cuento sobre tolerancia y generosidad ilustrado a todo color.<\/p>\n<div id=\"buzzsprout-player-3256153\"><\/div>\n<p><script src=\"https:\/\/www.buzzsprout.com\/937792\/3256153-aventuras-en-alaska.js?container_id=buzzsprout-player-3256153&#038;player=small\" type=\"text\/javascript\" charset=\"utf-8\"><\/script><\/p>\n<h3><span style=\"color: #621263;\"><strong>Este audiocuento est\u00e1 en papel \u00a1Y puedes personalizarlo!<\/strong><\/span><\/h3>\n<p>\u00a1Reg\u00e1lale <a href=\"https:\/\/www.mumablue.com\/esp\/nuestros-cuentos-personalizados\/aventuras-en-alaska\/?utm_source=blog&amp;utm_medium=link&amp;utm_campaign=p\u00e1ginas-audiocuentos&amp;utm_content=audiocuentos-mumablue\" target=\"_blank\" rel=\"noopener\"><span style=\"color: #3366ff;\">\u00abAventuras en Alaska\u00bb<\/span><\/a> editado en papel, personalizado con su nombre y su avatar, y ens\u00e9\u00f1ale a combatir el bullying! Compra ahora y <strong>te ofrecemos un 10% de descuento si te unes al <a href=\"https:\/\/www.mumablue.com\/esp\/inicio#mumaClub\" target=\"_blank\" rel=\"noopener\"><span style=\"color: #3366ff;\">MumaClub<\/span><\/a>.\u00a0<\/strong><\/p>\n<div id=\"buzzsprout-player-3200128\"><\/div>\n<p><script src=\"https:\/\/www.buzzsprout.com\/937792\/3200128-el-reino-de-mirinan.js?container_id=buzzsprout-player-3200128&#038;player=small\" type=\"text\/javascript\" charset=\"utf-8\"><\/script><\/p>\n<h3><span style=\"color: #ff0000;\"><strong>\u00a1Atenci\u00f3n! \u00a1Este cuento lo puedes personalizar para tu peque!<\/strong><\/span><\/h3>\n<p>Si a tu peque le flipan los unicornios, no podr\u00e1 resistirse a tener una versi\u00f3n de <a href=\"https:\/\/www.mumablue.com\/esp\/nuestros-cuentos-personalizados\/el-reino-de-mirinian\/?utm_source=blog&amp;utm_medium=link&amp;utm_campaign=p\u00e1ginas-audiocuentos&amp;utm_content=audiocuentos-mumablue\" target=\"_blank\" rel=\"noopener\"><span style=\"color: #3366ff;\">\u00abEl Reino de Miri\u00f1\u00e1n\u00bb<\/span><\/a>, editado en papel, y protagonizado por \u00e9l mismo. <strong>\u00a1Y puedes conseguirlo un 10% m\u00e1s barato si te unes al <a href=\"https:\/\/www.mumablue.com\/esp\/inicio#mumaClub\" target=\"_blank\" rel=\"noopener\"><span style=\"color: #3366ff;\">MumaClub<\/span><\/a>!\u00a0<\/strong><\/p>\n<h3><span style=\"color: #ff9900;\"><strong>Consigue Burbujas personalizado y con un 10% de descuento<\/strong><\/span><\/h3>\n<p>\u00bfSab\u00edas que puedes regalarle <a href=\"https:\/\/www.mumablue.com\/esp\/nuestros-cuentos-personalizados\/burbujas\/?utm_source=blog&amp;utm_medium=link&amp;utm_campaign=p\u00e1ginas-audiocuentos&amp;utm_content=audiocuentos-mumablue\" target=\"_blank\" rel=\"noopener\"><span style=\"color: #3366ff;\">\u00abBurbujas\u00bb<\/span><\/a> editado en papel personalizado para tu peque? <strong>Los socios del <a href=\"https:\/\/www.mumablue.com\/esp\/inicio#mumaClub\" target=\"_blank\" rel=\"noopener\"><span style=\"color: #3366ff;\">MumaClub<\/span><\/a> pueden aplicar un descuento del 10%<\/strong> en la compra. \u00a1\u00danete ahora!<\/p>\n<p><script src=\"https:\/\/www.buzzsprout.com\/937792\/9717131-mision-salvar-la-navidad.js?container_id=buzzsprout-player-9717131&#038;player=small\" type=\"text\/javascript\" charset=\"utf-8\"><\/script><\/p>\n<h3><span style=\"color: #ffff00;\"><strong>Este audiocuento est\u00e1 en papel \u00a1Y puedes personalizarlo!<\/strong><\/span><\/h3>\n<p><strong>\u00a1Convierte a tu peque en el protagonista de este cuento en una bonita edici\u00f3n en papel.<\/strong> Personaliza \u00ab<a href=\"https:\/\/www.mumablue.com\/esp\/nuestros-cuentos-personalizados\/cuento-personalizado-de-navidad\/?utm_source=blog&amp;utm_medium=link&amp;utm_campaign=p\u00e1ginas-audiocuentos&amp;utm_content=audiocuentos-mumablue\" target=\"_blank\" rel=\"noopener\"><span style=\"color: #3366ff;\">(Nombre de tu peque) salva la Navidad<\/span><\/a><span style=\"color: #3366ff;\">\u00ab<\/span>\u00a0y hazle un regalo maravilloso. Para ti tenemos otro gran regalo: <strong>un 10% de descuento en tu compra si te unes ahora al <a href=\"https:\/\/www.mumablue.com\/esp\/inicio#mumaClub\" target=\"_blank\" rel=\"noopener\"><span style=\"color: #3366ff;\">MumaClub<\/span><\/a>.<\/strong><\/p>\n<p><script src=\"https:\/\/www.buzzsprout.com\/937792\/6510787-mi-cuento-de-navidad.js?container_id=buzzsprout-player-6510787&#038;player=small\" type=\"text\/javascript\" charset=\"utf-8\"><\/script><\/p>\n<div id=\"buzzsprout-player-3961514\"><\/div>\n<blockquote>\n<h3><span style=\"color: #800080;\"><img decoding=\"async\" loading=\"lazy\" class=\"alignnone wp-image-583 ls-is-cached lazyloaded\" src=\"https:\/\/www.mumablue.com\/blog\/wp-content\/uploads\/2020\/03\/favicon.ico\" alt=\"\" width=\"44\" height=\"44\" data-src=\"https:\/\/www.mumablue.com\/blog\/wp-content\/uploads\/2020\/03\/favicon.ico\" \/><\/span><span style=\"color: #800080;\">\u00a0 \u00a1Descubre <a style=\"color: #800080;\" href=\"https:\/\/www.mumablue.com\/blog\/cuentos-infantiles-para-leer-cortos-gratis\/\" target=\"_blank\" rel=\"noopener noreferrer\"><span style=\"color: #3366ff;\">100 audiocuentos m\u00e1s<\/span>,<\/a>\u00a0gratis!<\/span><\/h3>\n<\/blockquote>\n<h2>Pequehistorias: cuentos para escuchar<\/h2>\n<p><strong>Los audiocuentos que hab\u00e9is escuchado son lecturas dramatizadas de todos los t\u00edtulos de nuestro cat\u00e1logo<\/strong>, para que los peques se familiaricen con nuestras historias en caso de no conocerlas o, por el contrario, para que aquellos ni\u00f1os que tienen varios de nuestros cuentos en papel puedan acceder a una versi\u00f3n dramatizada, revestida de gran atractivo sonoro, ideal para que est\u00e9n entretenidos lejos de las pantallas o para ayudarles a conciliar el sue\u00f1o. Nuestros audiocuentos no se pueden personalizar con el nombre del ni\u00f1o, como s\u00ed puede hacerse en su versi\u00f3n impresa. Por eso, en cada una de nuestras historias, la mascota de la marca, pasa a ser el protagonista.<\/p>\n<p><strong>Hacemos cuentos personalizados para ni\u00f1os, asombrosas historias impresas<\/strong> en las que los peques son los protagonistas absolutos de la historia, gracias a que se personalizan con su nombre y a que aparecen representados en todas las ilustraciones mediante un avatar que se crea a imagen y semejanza del peque\u00f1o. Todos nuestros cuentos se pueden leer completos en una previsualizaci\u00f3n, pero, ahora, gracias a las pequehistorias, tambi\u00e9n es posible escucharlos de manera totalmente gratuita.<\/p>\n<p><strong>\u00abJuntos\u00bb es nuestro cuento personalizado superventas.<\/strong> En \u00e9l, un ni\u00f1o vive extraordinarias aventuras junto a su familia. \u00a1La rutina diaria se convierte en una sucesi\u00f3n de actividades asombrosas\u00bb. Juntos jugar\u00e1n a encestar la ropa sucia como aut\u00e9nticos baloncestitas de \u00e9lite, descubrir\u00e1n alucinantes especies lavatr\u00edpedas en el interior de la lavadora, convertir\u00e1n una tarde en el parque en un episodio de indios y vaqueros, viajar\u00e1n en globo o asistir\u00e1n a un concierto acu\u00e1tico a la hora del ba\u00f1o. \u00a1Una aventura llena de sorpresas que les va a cautivar!<\/p>\n<p>Otro de nuestros cuentos m\u00e1s exitosos es <strong>\u00abBurbujas\u00bb, una historia que habla de superar los miedos<\/strong> en la que un ni\u00f1o y una peque\u00f1a tortuga se conocen. Cada uno le tiene miedo al medio en el que vive el otro, pero vencen sus miedos y descubren las maravillas que esconde la tierra y el fondo del mar. Se trata de una historia enternecedora que pone de relieve la amistad. Burbujas es, adem\u00e1s, el audiocuento m\u00e1s escuchado.<\/p>\n<p>En \u00abAventuras en Alaska\u00bb se narra la historia de amistad entre un ni\u00f1o y un osezno al que el resto de compa\u00f1eros rechaza por ser torpe. El ni\u00f1o le ayudar\u00e1 a superar sus temores y a ganar confianza en s\u00ed mismo, llegando a ser admirado por el resto de sus compa\u00f1eros. <strong>Este relato habla de la importancia de prevenir el bullying<\/strong> y de c\u00f3mo no se debe rechazar a un amigo, sino apoyarle y ayudarle a progresar con sinceridad y amor.<\/p>\n<p>\u00abEl reino de Miri\u00f1\u00e1n\u00bb relata una extraordinaria aventura en la que el protagonista viaja hasta la Isla de las Orop\u00e9ndolas en busca de los unicornios, desaparecidos de mundo de los hombres cuando estos, por su codicia, les persegu\u00edan por sus huevos de oro. Se trata de <strong>un relato fant\u00e1stico que pone de relieve valores como el compa\u00f1erismo y la valent\u00eda.<\/strong><\/p>\n<p>En \u00abChucheritis\u00bb, dos amigos conocen a una extra\u00f1a ardilla que sue\u00f1a con ser una superhero\u00edna. Lleva por capa un billete y la convencen para que se lo entregue y as\u00ed poder comprar un mont\u00f3n de nueces con las que cautivar a sus compa\u00f1eras. Pero cuando llegan a la tienda,<strong> los ni\u00f1os quedan eclipsados por la gran cantidad de chucher\u00eda<\/strong>s y gastan todo el dinero en caramelos, olvidando la promesa que le hicieron a su nueva amiga, la ardilla. Las consecuencias no se har\u00e1n esperar: pronto se ver\u00e1n aquejados de una chucheritis aguda que les har\u00e1 disminuir de tama\u00f1o. \u00bfC\u00f3mo volver\u00e1n a su estado original? Por supuesto, gracias a su amiga la ardilla.<\/p>\n<p>\u00abSuperpoderes\u00bb es un cuento que habla de <strong>las extraordinarias capacidades que todos llevamos dentro.<\/strong> Tras un incidente en el D\u00eda de los Inventos, en el colegio, con una m\u00e1quina capaz de conceder superpoderes, el peque\u00f1o protagonista demostrar\u00e1 valent\u00eda, tenacidad, fuerza, paciencia y determinaci\u00f3n, aut\u00e9nticos s\u00faperpoderes que todos los ni\u00f1os llevan en su interior y que \u00fanicamente deben dejar salir.<\/p>\n<p>Finalmente, \u00abPlaneta Gelatina\u00bb cuenta el desbarajuste que se produce en la tierra cuando unos extraterrestres roban el im\u00e1n que origina la gravedad. El ni\u00f1o protagonista viajar\u00e1 al espacio para recuperar el im\u00e1n, pero dar\u00e1 muestras de una gran generosidad cuando decide compartirlo con los extra\u00f1os habitantes del planeta Gelatina. T<strong>olerancia y generosidad son los valores que subyacen en esta historia.<\/strong><\/p>\n<p>Estos son s\u00f3lo nuestros <span style=\"color: #3366ff;\"><a style=\"color: #3366ff;\" href=\"https:\/\/www.mumablue.com\/blog\/pequehistorias\/\">audiocuentos Pequehitorias<\/a><\/span>, <strong>lecturas dramatizadas de los cuentos que componen nuestro cat\u00e1logo<\/strong> de cuentos personalizados impresos en alta calidad. Pero las pequehistorias tambi\u00e9n se componen de cuentos y relatos escritos en exclusiva para el medio sonoro: de aventuras, fantas\u00eda, miedo&#8230; incluso poemas infantiles y adivinanzas. Sin olvidar recreaciones de cuentos cl\u00e1sicos o lecturas de poemas y fragmentos de obras escritas por literatos espa\u00f1oles de gran peso en la historia de la literatura universal.<\/p>\n<h6>*Los audiocuentos de Pequehistorias utilizan m\u00fasicas con Licencia Creative Commons en sus variantes 1.0, 3.0 y 4.0, interpretadas por <strong>Alexander Nakarada, Kevin MacLeod, Rafael Krux, Frank Nora, Arthur Fordsworthy, Brian Boyko y Phase Shift<\/strong>, y obtenidas a trav\u00e9s de\u00a0<span style=\"color: #3366ff;\"><a style=\"color: #3366ff;\" href=\"https:\/\/freepd.com\/\" target=\"_blank\" rel=\"noopener noreferrer\">freepd.com<\/a><\/span>.<\/h6>\n<p style=\"text-align: left;\"><a style=\"color: #00ccff;\" href=\"https:\/\/www.mumablue.com\/blog\/pequehistorias\"><img decoding=\"async\" loading=\"lazy\" class=\"alignnone size-full wp-image-1306\" src=\"https:\/\/www.mumablue.com\/blog\/wp-content\/uploads\/2020\/06\/Cuentos-Mumablue-para-escuchar.jpg\" alt=\"audiocuentos Mumablue\" width=\"96\" height=\"96\" srcset=\"https:\/\/www.mumablue.com\/blog\/wp-content\/uploads\/2020\/06\/Cuentos-Mumablue-para-escuchar.jpg 96w, https:\/\/www.mumablue.com\/blog\/wp-content\/uploads\/2020\/06\/Cuentos-Mumablue-para-escuchar-50x50.jpg 50w, https:\/\/www.mumablue.com\/blog\/wp-content\/uploads\/2020\/06\/Cuentos-Mumablue-para-escuchar-75x75.jpg 75w, https:\/\/www.mumablue.com\/blog\/wp-content\/uploads\/2020\/06\/Cuentos-Mumablue-para-escuchar-85x85.jpg 85w, https:\/\/www.mumablue.com\/blog\/wp-content\/uploads\/2020\/06\/Cuentos-Mumablue-para-escuchar-80x80.jpg 80w\" sizes=\"(max-width: 96px) 100vw, 96px\" \/>\u00a0 Volver a Todas las Pequehistorias<\/a><\/p>\n<div style='text-align:left' class='yasr-auto-insert-visitor'><\/div>","protected":false},"excerpt":{"rendered":"<p>En Mumablue creamos cuentos personalizados para tu peque, relatos en los que puede protagonizar historias de aventuras y fantas\u00eda. Nuestros cuentos son ricos en valores, que son interiorizados m\u00e1s f\u00e1cilmente por los peque\u00f1os lectores gracias a que son ellos mismos quienes viven el relato en primera persona. Personaliza a tu peque con su nombre y [&hellip;]<\/p>\n","protected":false},"author":6,"featured_media":0,"parent":0,"menu_order":0,"comment_status":"closed","ping_status":"closed","template":"","meta":{"yasr_overall_rating":0,"yasr_post_is_review":"","yasr_auto_insert_disabled":"","yasr_review_type":""},"yasr_visitor_votes":{"number_of_votes":148,"sum_votes":663,"stars_attributes":{"read_only":false,"span_bottom":false}},"yoast_head":"<!-- This site is optimized with the Yoast SEO plugin v14.5 - https:\/\/yoast.com\/wordpress\/plugins\/seo\/ -->\n<meta name=\"description\" content=\"Los audiocuentos Mumablue son lecturas dramatizadas de todos los t\u00edtulos de nuestro cat\u00e1logo, para que los peques puedan acceder a una versi\u00f3n dramatizada,\" \/>\n<meta name=\"robots\" content=\"index, follow\" \/>\n<meta name=\"googlebot\" content=\"index, follow, max-snippet:-1, max-image-preview:large, max-video-preview:-1\" \/>\n<meta name=\"bingbot\" content=\"index, follow, max-snippet:-1, max-image-preview:large, max-video-preview:-1\" \/>\n<link rel=\"canonical\" href=\"https:\/\/www.mumablue.com\/blog\/audiocuentos-mumablue\/\" \/>\n<meta property=\"og:locale\" content=\"es_ES\" \/>\n<meta property=\"og:type\" content=\"article\" \/>\n<meta property=\"og:title\" content=\"Audiocuentos Mumablue - Blog Mumablue\" \/>\n<meta property=\"og:description\" content=\"Los audiocuentos Mumablue son lecturas dramatizadas de todos los t\u00edtulos de nuestro cat\u00e1logo, para que los peques puedan acceder a una versi\u00f3n dramatizada,\" \/>\n<meta property=\"og:url\" content=\"https:\/\/www.mumablue.com\/blog\/audiocuentos-mumablue\/\" \/>\n<meta property=\"og:site_name\" content=\"Blog Mumablue\" \/>\n<meta property=\"article:publisher\" content=\"https:\/\/www.facebook.com\/mumablue\/\" \/>\n<meta property=\"article:modified_time\" content=\"2025-04-08T08:26:33+00:00\" \/>\n<meta property=\"og:image\" content=\"https:\/\/www.mumablue.com\/blog\/wp-content\/uploads\/2020\/03\/favicon.ico\" \/>\n<meta name=\"twitter:card\" content=\"summary_large_image\" \/>\n<script type=\"application\/ld+json\" class=\"yoast-schema-graph\">{\"@context\":\"https:\/\/schema.org\",\"@graph\":[{\"@type\":\"Organization\",\"@id\":\"https:\/\/www.mumablue.com\/blog\/#organization\",\"name\":\"Mumablue\",\"url\":\"https:\/\/www.mumablue.com\/blog\/\",\"sameAs\":[\"https:\/\/www.facebook.com\/mumablue\/\",\"https:\/\/www.instagram.com\/mumablue\/?hl=es\"],\"logo\":{\"@type\":\"ImageObject\",\"@id\":\"https:\/\/www.mumablue.com\/blog\/#logo\",\"inLanguage\":\"es\",\"url\":\"https:\/\/www.mumablue.com\/blog\/wp-content\/uploads\/2020\/05\/Blog-Mumablue.png\",\"width\":749,\"height\":269,\"caption\":\"Mumablue\"},\"image\":{\"@id\":\"https:\/\/www.mumablue.com\/blog\/#logo\"}},{\"@type\":\"WebSite\",\"@id\":\"https:\/\/www.mumablue.com\/blog\/#website\",\"url\":\"https:\/\/www.mumablue.com\/blog\/\",\"name\":\"Blog Mumablue\",\"description\":\"Un blog de cuentos y audiocuentos gratis para ni\\u00f1os.\",\"publisher\":{\"@id\":\"https:\/\/www.mumablue.com\/blog\/#organization\"},\"potentialAction\":[{\"@type\":\"SearchAction\",\"target\":\"https:\/\/www.mumablue.com\/blog\/?s={search_term_string}\",\"query-input\":\"required name=search_term_string\"}],\"inLanguage\":\"es\"},{\"@type\":\"ImageObject\",\"@id\":\"https:\/\/www.mumablue.com\/blog\/audiocuentos-mumablue\/#primaryimage\",\"inLanguage\":\"es\",\"url\":\"https:\/\/www.mumablue.com\/blog\/wp-content\/uploads\/2020\/03\/favicon.ico\",\"width\":96,\"height\":96},{\"@type\":\"WebPage\",\"@id\":\"https:\/\/www.mumablue.com\/blog\/audiocuentos-mumablue\/#webpage\",\"url\":\"https:\/\/www.mumablue.com\/blog\/audiocuentos-mumablue\/\",\"name\":\"Audiocuentos Mumablue - Blog Mumablue\",\"isPartOf\":{\"@id\":\"https:\/\/www.mumablue.com\/blog\/#website\"},\"primaryImageOfPage\":{\"@id\":\"https:\/\/www.mumablue.com\/blog\/audiocuentos-mumablue\/#primaryimage\"},\"datePublished\":\"2020-06-22T17:15:35+00:00\",\"dateModified\":\"2025-04-08T08:26:33+00:00\",\"description\":\"Los audiocuentos Mumablue son lecturas dramatizadas de todos los t\\u00edtulos de nuestro cat\\u00e1logo, para que los peques puedan acceder a una versi\\u00f3n dramatizada,\",\"inLanguage\":\"es\",\"potentialAction\":[{\"@type\":\"ReadAction\",\"target\":[\"https:\/\/www.mumablue.com\/blog\/audiocuentos-mumablue\/\"]}]}]}<\/script>\n<!-- \/ Yoast SEO plugin. -->","_links":{"self":[{"href":"https:\/\/www.mumablue.com\/blog\/wp-json\/wp\/v2\/pages\/1183"}],"collection":[{"href":"https:\/\/www.mumablue.com\/blog\/wp-json\/wp\/v2\/pages"}],"about":[{"href":"https:\/\/www.mumablue.com\/blog\/wp-json\/wp\/v2\/types\/page"}],"author":[{"embeddable":true,"href":"https:\/\/www.mumablue.com\/blog\/wp-json\/wp\/v2\/users\/6"}],"replies":[{"embeddable":true,"href":"https:\/\/www.mumablue.com\/blog\/wp-json\/wp\/v2\/comments?post=1183"}],"version-history":[{"count":42,"href":"https:\/\/www.mumablue.com\/blog\/wp-json\/wp\/v2\/pages\/1183\/revisions"}],"predecessor-version":[{"id":7426,"href":"https:\/\/www.mumablue.com\/blog\/wp-json\/wp\/v2\/pages\/1183\/revisions\/7426"}],"wp:attachment":[{"href":"https:\/\/www.mumablue.com\/blog\/wp-json\/wp\/v2\/media?parent=1183"}],"curies":[{"name":"wp","href":"https:\/\/api.w.org\/{rel}","templated":true}]}}